{"id":2990,"date":"2026-03-17T13:31:35","date_gmt":"2026-03-17T12:31:35","guid":{"rendered":"https:\/\/www.beautypristroje.sk\/?post_type=product&#038;p=2990"},"modified":"2026-03-17T13:52:14","modified_gmt":"2026-03-17T12:52:14","slug":"luxury-mfu-10d-glamour-cartrige-s15","status":"publish","type":"product","link":"https:\/\/www.beautypristroje.sk\/en\/product\/luxury-mfu-10d-glamour-cartrige-s15\/","title":{"rendered":"MFU cartridge FL S1,5"},"content":{"rendered":"<p data-start=\"46\" data-end=\"302\">N\u00e1hradn\u00fd cartridge MFU FL S1,5 je ur\u010den\u00fd pre profesion\u00e1lne o\u0161etrenia pomocou pr\u00edstroja MFU. V\u010faka h\u013abke penetr\u00e1cie 1,5 mm je ide\u00e1lny na o\u0161etrenie jemnej\u0161\u00edch a citlivej\u0161\u00edch oblast\u00ed tv\u00e1re, kde pom\u00e1ha zlep\u0161ova\u0165 kvalitu poko\u017eky a podporuje prirodzen\u00fa tvorbu kolag\u00e9nu.<\/p>\n<p data-start=\"304\" data-end=\"512\">Cartridge je navrhnut\u00fd s d\u00f4razom na presnos\u0165, bezpe\u010dnos\u0165 a hygienu pri ka\u017edom o\u0161etren\u00ed. Zabezpe\u010duje stabiln\u00fd v\u00fdkon a konzistentn\u00e9 v\u00fdsledky, \u010do z neho rob\u00ed spo\u013eahliv\u00fa vo\u013ebu pre profesion\u00e1lne kozmetick\u00e9 sal\u00f3ny.<\/p>\n<h3 data-start=\"514\" data-end=\"532\">Hlavn\u00e9 v\u00fdhody:<\/h3>\n<ul data-start=\"533\" data-end=\"735\">\n<li data-section-id=\"192tnga\" data-start=\"533\" data-end=\"584\">\n<p data-start=\"535\" data-end=\"584\">h\u013abka z\u00e1sahu 1,5 mm \u2013 ide\u00e1lna pre citliv\u00e9 oblasti<\/p>\n<\/li>\n<li data-section-id=\"1nfgm3o\" data-start=\"585\" data-end=\"626\">\n<p data-start=\"587\" data-end=\"626\">podpora regener\u00e1cie a tvorby kolag\u00e9nu<\/p>\n<\/li>\n<li data-section-id=\"138q1nz\" data-start=\"627\" data-end=\"668\">\n<p data-start=\"629\" data-end=\"668\">presn\u00e1 a rovnomern\u00e1 aplik\u00e1cia energie<\/p>\n<\/li>\n<li data-section-id=\"dm1l02\" data-start=\"669\" data-end=\"703\">\n<p data-start=\"671\" data-end=\"703\">hygienick\u00e9 a bezpe\u010dn\u00e9 pou\u017eitie<\/p>\n<\/li>\n<li data-section-id=\"zpnqun\" data-start=\"704\" data-end=\"735\">\n<p data-start=\"706\" data-end=\"735\">kompatibiln\u00fd s MFU pr\u00edstrojmi<\/p>\n<\/li>\n<\/ul>\n<h3 data-start=\"737\" data-end=\"751\">Vhodn\u00e9 na:<\/h3>\n<ul data-start=\"752\" data-end=\"852\">\n<li data-section-id=\"9niqqx\" data-start=\"752\" data-end=\"768\">\n<p data-start=\"754\" data-end=\"768\">jemn\u00e9 vr\u00e1sky<\/p>\n<\/li>\n<li data-section-id=\"7yoxp2\" data-start=\"769\" data-end=\"798\">\n<p data-start=\"771\" data-end=\"798\">zlep\u0161enie text\u00fary poko\u017eky<\/p>\n<\/li>\n<li data-section-id=\"djg16g\" data-start=\"799\" data-end=\"852\">\n<p data-start=\"801\" data-end=\"852\">o\u0161etrenie citliv\u00fdch parti\u00ed tv\u00e1re (napr. okolie o\u010d\u00ed)<\/p>\n<\/li>\n<\/ul>\n<p data-start=\"854\" data-end=\"930\" data-is-last-node=\"\" data-is-only-node=\"\">Vhodn\u00e9 pre profesion\u00e1lne pou\u017eitie v kozmetick\u00fdch a estetick\u00fdch zariadeniach<a href=\"https:\/\/www.beautypristroje.sk\/en\/product\/luxury-mfu-10d-glamour\/\"> MFU<\/a><\/p>\n<h3><strong>S\u00falad s MDR<\/strong><\/h3>\n<p>Pr\u00edstroj nie je zdravotn\u00edcka pom\u00f4cka, je ur\u010den\u00fd pre kozmetick\u00e9 a estetick\u00e9 \u00fa\u010dely a sp\u013a\u0148a po\u017eiadavky E\u00da pre kozmetick\u00e9 estetick\u00e9 zariadenia \u2013 CE, bezpe\u010dnostn\u00e9 normy, technick\u00e9 limity.<\/p>","protected":false},"excerpt":{"rendered":"<p>N\u00e1hradn\u00fd cartridge MFU FL S1,5<\/p>","protected":false},"featured_media":2992,"comment_status":"closed","ping_status":"closed","template":"","meta":{"_acf_changed":false},"product_brand":[],"product_cat":[27,15],"product_tag":[],"class_list":{"0":"post-2990","1":"product","2":"type-product","3":"status-publish","4":"has-post-thumbnail","6":"product_cat-accessories","7":"product_cat-beauty-technologie","9":"first","10":"instock","11":"taxable","12":"shipping-taxable","13":"purchasable","14":"product-type-simple"},"acf":[],"yoast_head":"<!-- This site is optimized with the Yoast SEO plugin v27.5 - https:\/\/yoast.com\/product\/yoast-seo-wordpress\/ -->\n<title>MFU cartridge FL S1,5 - Beauty pr\u00edstroje<\/title>\n<meta name=\"description\" content=\"Luxury MFU 10D Glamour cartrige FL S1,5 - N\u00e1hradn\u00fd cartridge S1,5 je ur\u010den\u00fd pre profesion\u00e1lne o\u0161etrenia pomocou pr\u00edstroja MFU\" \/>\n<meta name=\"robots\" content=\"index, follow, max-snippet:-1, max-image-preview:large, max-video-preview:-1\" \/>\n<link rel=\"canonical\" href=\"https:\/\/www.beautypristroje.sk\/en\/product\/luxury-mfu-10d-glamour-cartrige-s15\/\" \/>\n<meta property=\"og:locale\" content=\"en_GB\" \/>\n<meta property=\"og:type\" content=\"article\" \/>\n<meta property=\"og:title\" content=\"MFU cartridge FL S1,5 - Beauty pr\u00edstroje\" \/>\n<meta property=\"og:description\" content=\"Luxury MFU 10D Glamour cartrige FL S1,5 - N\u00e1hradn\u00fd cartridge S1,5 je ur\u010den\u00fd pre profesion\u00e1lne o\u0161etrenia pomocou pr\u00edstroja MFU\" \/>\n<meta property=\"og:url\" content=\"https:\/\/www.beautypristroje.sk\/en\/product\/luxury-mfu-10d-glamour-cartrige-s15\/\" \/>\n<meta property=\"og:site_name\" content=\"Beauty pr\u00edstroje\" \/>\n<meta property=\"article:modified_time\" content=\"2026-03-17T12:52:14+00:00\" \/>\n<meta property=\"og:image\" content=\"https:\/\/www.beautypristroje.sk\/wp-content\/uploads\/2026\/03\/cartridge_MFU_S1_5.png\" \/>\n\t<meta property=\"og:image:width\" content=\"594\" \/>\n\t<meta property=\"og:image:height\" content=\"529\" \/>\n\t<meta property=\"og:image:type\" content=\"image\/png\" \/>\n<meta name=\"twitter:card\" content=\"summary_large_image\" \/>\n<meta name=\"twitter:label1\" content=\"Estimated reading time\" \/>\n\t<meta name=\"twitter:data1\" content=\"1 minute\" \/>\n<script type=\"application\/ld+json\" class=\"yoast-schema-graph\">{\"@context\":\"https:\\\/\\\/schema.org\",\"@graph\":[{\"@type\":\"WebPage\",\"@id\":\"https:\\\/\\\/www.beautypristroje.sk\\\/produkt\\\/luxury-mfu-10d-glamour-cartrige-s15\\\/\",\"url\":\"https:\\\/\\\/www.beautypristroje.sk\\\/produkt\\\/luxury-mfu-10d-glamour-cartrige-s15\\\/\",\"name\":\"MFU cartridge FL S1,5 - Beauty pr\u00edstroje\",\"isPartOf\":{\"@id\":\"https:\\\/\\\/www.beautypristroje.sk\\\/#website\"},\"primaryImageOfPage\":{\"@id\":\"https:\\\/\\\/www.beautypristroje.sk\\\/produkt\\\/luxury-mfu-10d-glamour-cartrige-s15\\\/#primaryimage\"},\"image\":{\"@id\":\"https:\\\/\\\/www.beautypristroje.sk\\\/produkt\\\/luxury-mfu-10d-glamour-cartrige-s15\\\/#primaryimage\"},\"thumbnailUrl\":\"https:\\\/\\\/www.beautypristroje.sk\\\/wp-content\\\/uploads\\\/2026\\\/03\\\/cartridge_MFU_S1_5.png\",\"datePublished\":\"2026-03-17T12:31:35+00:00\",\"dateModified\":\"2026-03-17T12:52:14+00:00\",\"description\":\"Luxury MFU 10D Glamour cartrige FL S1,5 - N\u00e1hradn\u00fd cartridge S1,5 je ur\u010den\u00fd pre profesion\u00e1lne o\u0161etrenia pomocou pr\u00edstroja MFU\",\"breadcrumb\":{\"@id\":\"https:\\\/\\\/www.beautypristroje.sk\\\/produkt\\\/luxury-mfu-10d-glamour-cartrige-s15\\\/#breadcrumb\"},\"inLanguage\":\"en-GB\",\"potentialAction\":[{\"@type\":\"ReadAction\",\"target\":[\"https:\\\/\\\/www.beautypristroje.sk\\\/produkt\\\/luxury-mfu-10d-glamour-cartrige-s15\\\/\"]}]},{\"@type\":\"ImageObject\",\"inLanguage\":\"en-GB\",\"@id\":\"https:\\\/\\\/www.beautypristroje.sk\\\/produkt\\\/luxury-mfu-10d-glamour-cartrige-s15\\\/#primaryimage\",\"url\":\"https:\\\/\\\/www.beautypristroje.sk\\\/wp-content\\\/uploads\\\/2026\\\/03\\\/cartridge_MFU_S1_5.png\",\"contentUrl\":\"https:\\\/\\\/www.beautypristroje.sk\\\/wp-content\\\/uploads\\\/2026\\\/03\\\/cartridge_MFU_S1_5.png\",\"width\":594,\"height\":529},{\"@type\":\"BreadcrumbList\",\"@id\":\"https:\\\/\\\/www.beautypristroje.sk\\\/produkt\\\/luxury-mfu-10d-glamour-cartrige-s15\\\/#breadcrumb\",\"itemListElement\":[{\"@type\":\"ListItem\",\"position\":1,\"name\":\"Domovsk\u00e1 str\u00e1nka\",\"item\":\"https:\\\/\\\/www.beautypristroje.sk\\\/\"},{\"@type\":\"ListItem\",\"position\":2,\"name\":\"Obchod\",\"item\":\"https:\\\/\\\/www.beautypristroje.sk\\\/obchod\\\/\"},{\"@type\":\"ListItem\",\"position\":3,\"name\":\"MFU cartridge FL S1,5\"}]},{\"@type\":\"WebSite\",\"@id\":\"https:\\\/\\\/www.beautypristroje.sk\\\/#website\",\"url\":\"https:\\\/\\\/www.beautypristroje.sk\\\/\",\"name\":\"Beauty pr\u00edstroje\",\"description\":\"Profesion\u00e1lne kozmetick\u00e9 pr\u00edstroje pre sal\u00f3ny a kliniky\",\"potentialAction\":[{\"@type\":\"SearchAction\",\"target\":{\"@type\":\"EntryPoint\",\"urlTemplate\":\"https:\\\/\\\/www.beautypristroje.sk\\\/?s={search_term_string}\"},\"query-input\":{\"@type\":\"PropertyValueSpecification\",\"valueRequired\":true,\"valueName\":\"search_term_string\"}}],\"inLanguage\":\"en-GB\"}]}<\/script>\n<!-- \/ Yoast SEO plugin. -->","yoast_head_json":{"title":"MFU cartridge FL S1,5 - Beauty pr\u00edstroje","description":"Luxury MFU 10D Glamour cartrige FL S1,5 - N\u00e1hradn\u00fd cartridge S1,5 je ur\u010den\u00fd pre profesion\u00e1lne o\u0161etrenia pomocou pr\u00edstroja MFU","robots":{"index":"index","follow":"follow","max-snippet":"max-snippet:-1","max-image-preview":"max-image-preview:large","max-video-preview":"max-video-preview:-1"},"canonical":"https:\/\/www.beautypristroje.sk\/en\/product\/luxury-mfu-10d-glamour-cartrige-s15\/","og_locale":"en_GB","og_type":"article","og_title":"MFU cartridge FL S1,5 - Beauty pr\u00edstroje","og_description":"Luxury MFU 10D Glamour cartrige FL S1,5 - N\u00e1hradn\u00fd cartridge S1,5 je ur\u010den\u00fd pre profesion\u00e1lne o\u0161etrenia pomocou pr\u00edstroja MFU","og_url":"https:\/\/www.beautypristroje.sk\/en\/product\/luxury-mfu-10d-glamour-cartrige-s15\/","og_site_name":"Beauty pr\u00edstroje","article_modified_time":"2026-03-17T12:52:14+00:00","og_image":[{"width":594,"height":529,"url":"https:\/\/www.beautypristroje.sk\/wp-content\/uploads\/2026\/03\/cartridge_MFU_S1_5.png","type":"image\/png"}],"twitter_card":"summary_large_image","twitter_misc":{"Estimated reading time":"1 minute"},"schema":{"@context":"https:\/\/schema.org","@graph":[{"@type":"WebPage","@id":"https:\/\/www.beautypristroje.sk\/produkt\/luxury-mfu-10d-glamour-cartrige-s15\/","url":"https:\/\/www.beautypristroje.sk\/produkt\/luxury-mfu-10d-glamour-cartrige-s15\/","name":"MFU cartridge FL S1,5 - Beauty pr\u00edstroje","isPartOf":{"@id":"https:\/\/www.beautypristroje.sk\/#website"},"primaryImageOfPage":{"@id":"https:\/\/www.beautypristroje.sk\/produkt\/luxury-mfu-10d-glamour-cartrige-s15\/#primaryimage"},"image":{"@id":"https:\/\/www.beautypristroje.sk\/produkt\/luxury-mfu-10d-glamour-cartrige-s15\/#primaryimage"},"thumbnailUrl":"https:\/\/www.beautypristroje.sk\/wp-content\/uploads\/2026\/03\/cartridge_MFU_S1_5.png","datePublished":"2026-03-17T12:31:35+00:00","dateModified":"2026-03-17T12:52:14+00:00","description":"Luxury MFU 10D Glamour cartrige FL S1,5 - N\u00e1hradn\u00fd cartridge S1,5 je ur\u010den\u00fd pre profesion\u00e1lne o\u0161etrenia pomocou pr\u00edstroja MFU","breadcrumb":{"@id":"https:\/\/www.beautypristroje.sk\/produkt\/luxury-mfu-10d-glamour-cartrige-s15\/#breadcrumb"},"inLanguage":"en-GB","potentialAction":[{"@type":"ReadAction","target":["https:\/\/www.beautypristroje.sk\/produkt\/luxury-mfu-10d-glamour-cartrige-s15\/"]}]},{"@type":"ImageObject","inLanguage":"en-GB","@id":"https:\/\/www.beautypristroje.sk\/produkt\/luxury-mfu-10d-glamour-cartrige-s15\/#primaryimage","url":"https:\/\/www.beautypristroje.sk\/wp-content\/uploads\/2026\/03\/cartridge_MFU_S1_5.png","contentUrl":"https:\/\/www.beautypristroje.sk\/wp-content\/uploads\/2026\/03\/cartridge_MFU_S1_5.png","width":594,"height":529},{"@type":"BreadcrumbList","@id":"https:\/\/www.beautypristroje.sk\/produkt\/luxury-mfu-10d-glamour-cartrige-s15\/#breadcrumb","itemListElement":[{"@type":"ListItem","position":1,"name":"Domovsk\u00e1 str\u00e1nka","item":"https:\/\/www.beautypristroje.sk\/"},{"@type":"ListItem","position":2,"name":"Obchod","item":"https:\/\/www.beautypristroje.sk\/obchod\/"},{"@type":"ListItem","position":3,"name":"MFU cartridge FL S1,5"}]},{"@type":"WebSite","@id":"https:\/\/www.beautypristroje.sk\/#website","url":"https:\/\/www.beautypristroje.sk\/","name":"Beauty pr\u00edstroje","description":"Profesion\u00e1lne kozmetick\u00e9 pr\u00edstroje pre sal\u00f3ny a kliniky","potentialAction":[{"@type":"SearchAction","target":{"@type":"EntryPoint","urlTemplate":"https:\/\/www.beautypristroje.sk\/?s={search_term_string}"},"query-input":{"@type":"PropertyValueSpecification","valueRequired":true,"valueName":"search_term_string"}}],"inLanguage":"en-GB"}]}},"_links":{"self":[{"href":"https:\/\/www.beautypristroje.sk\/en\/wp-json\/wp\/v2\/product\/2990","targetHints":{"allow":["GET"]}}],"collection":[{"href":"https:\/\/www.beautypristroje.sk\/en\/wp-json\/wp\/v2\/product"}],"about":[{"href":"https:\/\/www.beautypristroje.sk\/en\/wp-json\/wp\/v2\/types\/product"}],"replies":[{"embeddable":true,"href":"https:\/\/www.beautypristroje.sk\/en\/wp-json\/wp\/v2\/comments?post=2990"}],"wp:featuredmedia":[{"embeddable":true,"href":"https:\/\/www.beautypristroje.sk\/en\/wp-json\/wp\/v2\/media\/2992"}],"wp:attachment":[{"href":"https:\/\/www.beautypristroje.sk\/en\/wp-json\/wp\/v2\/media?parent=2990"}],"wp:term":[{"taxonomy":"product_brand","embeddable":true,"href":"https:\/\/www.beautypristroje.sk\/en\/wp-json\/wp\/v2\/product_brand?post=2990"},{"taxonomy":"product_cat","embeddable":true,"href":"https:\/\/www.beautypristroje.sk\/en\/wp-json\/wp\/v2\/product_cat?post=2990"},{"taxonomy":"product_tag","embeddable":true,"href":"https:\/\/www.beautypristroje.sk\/en\/wp-json\/wp\/v2\/product_tag?post=2990"}],"curies":[{"name":"wp","href":"https:\/\/api.w.org\/{rel}","templated":true}]}}