{"id":2952,"date":"2026-02-20T11:43:12","date_gmt":"2026-02-20T10:43:12","guid":{"rendered":"https:\/\/www.beautypristroje.sk\/?post_type=product&#038;p=2952"},"modified":"2026-02-20T12:09:58","modified_gmt":"2026-02-20T11:09:58","slug":"dr-meso-hydratacne-serum","status":"publish","type":"product","link":"https:\/\/www.beautypristroje.sk\/en\/product\/dr-meso-hydratacne-serum\/","title":{"rendered":"Dr. Meso hydrata\u010dn\u00e9 s\u00e9rum"},"content":{"rendered":"<p>Dr. Meso hydrata\u010dn\u00e9 s\u00e9rum je profesion\u00e1lna ple\u0165ov\u00e1 esencia navrhnut\u00e1 na okam\u017eit\u00e9 doplnenie hydrat\u00e1cie a podporu pru\u017enosti poko\u017eky. V\u010faka kombin\u00e1cii kyseliny hyalur\u00f3novej, hydrolyzovan\u00e9ho kolag\u00e9nu a ceramidov pom\u00e1ha zlep\u0161ova\u0165 komfort pleti, zanech\u00e1va ju hladk\u00fa, jemn\u00fa a vidite\u013ene svie\u017eu.<\/p>\n<h3>Hlavn\u00e9 benefity:<\/h3>\n<p>Intenz\u00edvna hydrat\u00e1cia a vyhladenie<br \/>\nPodpora elasticity a hebkosti poko\u017eky<br \/>\n\u013dahk\u00e1, r\u00fdchlo vstrebate\u013en\u00e1 text\u00fara<br \/>\nVhodn\u00e9 pre such\u00fa a dehydratovan\u00fa ple\u0165<\/p>\n<p>Ide\u00e1lne ako s\u00fa\u010das\u0165 profesion\u00e1lneho o\u0161etrenia\u00a0 pomocou pr\u00edstrojov <a href=\"https:\/\/www.beautypristroje.sk\/en\/product\/aurafusion-pro-12\/\">Aurafusion Pro12<\/a> alebo dom\u00e1cej starostlivosti po estetick\u00fdch proced\u00farach.<\/p>\n<h3>Pou\u017eitie:<\/h3>\n<p>Po d\u00f4kladnom vy\u010disten\u00ed naneste primeran\u00e9 mno\u017estvo rovnomerne na tv\u00e1r a jemne vmas\u00edrujte.<\/p>\n<div class=\"n4sEPd\">\n<div class=\"FFpbKc\">\n<div class=\"xMmqsf\">\n<div class=\"nidPne\">\n<div data-show-delay-ms=\"250\" data-append-to-body=\"true\" data-propagate-tooltip-mouseover-events=\"true\" data-anchor-corner=\"bottom-left\" data-enable-skip-handler=\"true\" data-popup-corner=\"top-left\">\n<div class=\"dig2sb\">\n<div class=\"scLCMd\">\n<h3 id=\"itamenu\">Zlo\u017eenie:<\/h3>\n<\/div>\n<\/div>\n<\/div>\n<\/div>\n<\/div>\n<\/div>\n<\/div>\n<div class=\"QcsUad GeWPTc BDJ8fb BLojaf sMVRZe hCXDsb wneUed\">\n<div class=\"usGWQd\">\n<div class=\"KkbLmb\">\n<div class=\"lRu31\" dir=\"ltr\">Voda, polysacharid z Eugleny Gracilis, PCA sodn\u00e1 so\u013e, polyglycerol-10, jojobov\u00fd vosk PEG-120 ester, glycer\u00edn, p-hydroxyacetofen\u00f3n, polyvinylalkohol, 1,2-hex\u00e1ndiol, hydrolyzovan\u00fd kolag\u00e9n, hyaluron\u00e1t sodn\u00fd. \u010eal\u0161ie stopov\u00e9 zlo\u017eky: alanto\u00edn, frukt\u00f3za, butyl\u00e9nglykol, fosfatidylchol\u00edn, glutati\u00f3n, ceramid NP, polyglycerol-10 ole\u00e1t, stearoylglutam\u00e1t sodn\u00fd, glyceryl kapryl\u00e1t.<\/div>\n<\/div>\n<\/div>\n<\/div>\n<h3>Balenie:<\/h3>\n<p>10 ml \u00d7 12 ampuliek<\/p>","protected":false},"excerpt":{"rendered":"<p>ampulky s kyselinou hyalur\u00f3novou<\/p>\n<p>Intenz\u00edvna hydrata\u010dn\u00e1 a regenera\u010dn\u00e1 starostlivos\u0165<\/p>","protected":false},"featured_media":2953,"comment_status":"closed","ping_status":"closed","template":"","meta":{"_acf_changed":false},"product_brand":[84],"product_cat":[27,15,75,26],"product_tag":[],"class_list":{"0":"post-2952","1":"product","2":"type-product","3":"status-publish","4":"has-post-thumbnail","6":"product_brand-dr-meso","7":"product_cat-accessories","8":"product_cat-beauty-technologie","9":"product_cat-kremy-a-sera","10":"product_cat-skincare-produkty","12":"first","13":"instock","14":"taxable","15":"shipping-taxable","16":"purchasable","17":"product-type-simple"},"acf":[],"yoast_head":"<!-- This site is optimized with the Yoast SEO plugin v27.5 - https:\/\/yoast.com\/product\/yoast-seo-wordpress\/ -->\n<title>Dr. Meso hydrata\u010dn\u00e9 s\u00e9rum - Beauty pr\u00edstroje<\/title>\n<meta name=\"description\" content=\"Dr. Meso hydrata\u010dn\u00e9 s\u00e9rum je profesion\u00e1lne hydrata\u010dn\u00e9 s\u00e9rum v ampulk\u00e1ch s kyselinou hyalur\u00f3novou a kolag\u00e9nom. Ide\u00e1lne pre estetick\u00e9 sal\u00f3ny aj dom\u00e1ce o\u0161etrenie pleti\" \/>\n<meta name=\"robots\" content=\"index, follow, max-snippet:-1, max-image-preview:large, max-video-preview:-1\" \/>\n<link rel=\"canonical\" href=\"https:\/\/www.beautypristroje.sk\/en\/product\/dr-meso-hydratacne-serum\/\" \/>\n<meta property=\"og:locale\" content=\"en_GB\" \/>\n<meta property=\"og:type\" content=\"article\" \/>\n<meta property=\"og:title\" content=\"Dr. Meso hydrata\u010dn\u00e9 s\u00e9rum - Beauty pr\u00edstroje\" \/>\n<meta property=\"og:description\" content=\"Dr. Meso hydrata\u010dn\u00e9 s\u00e9rum je profesion\u00e1lne hydrata\u010dn\u00e9 s\u00e9rum v ampulk\u00e1ch s kyselinou hyalur\u00f3novou a kolag\u00e9nom. Ide\u00e1lne pre estetick\u00e9 sal\u00f3ny aj dom\u00e1ce o\u0161etrenie pleti\" \/>\n<meta property=\"og:url\" content=\"https:\/\/www.beautypristroje.sk\/en\/product\/dr-meso-hydratacne-serum\/\" \/>\n<meta property=\"og:site_name\" content=\"Beauty pr\u00edstroje\" \/>\n<meta property=\"article:modified_time\" content=\"2026-02-20T11:09:58+00:00\" \/>\n<meta property=\"og:image\" content=\"https:\/\/www.beautypristroje.sk\/wp-content\/uploads\/2026\/02\/WhatsApp-Image-2026-02-20-at-11.18.27-3.jpeg\" \/>\n\t<meta property=\"og:image:width\" content=\"1600\" \/>\n\t<meta property=\"og:image:height\" content=\"1267\" \/>\n\t<meta property=\"og:image:type\" content=\"image\/jpeg\" \/>\n<meta name=\"twitter:card\" content=\"summary_large_image\" \/>\n<meta name=\"twitter:label1\" content=\"Estimated reading time\" \/>\n\t<meta name=\"twitter:data1\" content=\"1 minute\" \/>\n<script type=\"application\/ld+json\" class=\"yoast-schema-graph\">{\"@context\":\"https:\\\/\\\/schema.org\",\"@graph\":[{\"@type\":\"WebPage\",\"@id\":\"https:\\\/\\\/www.beautypristroje.sk\\\/produkt\\\/dr-meso-hydratacne-serum\\\/\",\"url\":\"https:\\\/\\\/www.beautypristroje.sk\\\/produkt\\\/dr-meso-hydratacne-serum\\\/\",\"name\":\"Dr. Meso hydrata\u010dn\u00e9 s\u00e9rum - Beauty pr\u00edstroje\",\"isPartOf\":{\"@id\":\"https:\\\/\\\/www.beautypristroje.sk\\\/#website\"},\"primaryImageOfPage\":{\"@id\":\"https:\\\/\\\/www.beautypristroje.sk\\\/produkt\\\/dr-meso-hydratacne-serum\\\/#primaryimage\"},\"image\":{\"@id\":\"https:\\\/\\\/www.beautypristroje.sk\\\/produkt\\\/dr-meso-hydratacne-serum\\\/#primaryimage\"},\"thumbnailUrl\":\"https:\\\/\\\/www.beautypristroje.sk\\\/wp-content\\\/uploads\\\/2026\\\/02\\\/WhatsApp-Image-2026-02-20-at-11.18.27-3.jpeg\",\"datePublished\":\"2026-02-20T10:43:12+00:00\",\"dateModified\":\"2026-02-20T11:09:58+00:00\",\"description\":\"Dr. Meso hydrata\u010dn\u00e9 s\u00e9rum je profesion\u00e1lne hydrata\u010dn\u00e9 s\u00e9rum v ampulk\u00e1ch s kyselinou hyalur\u00f3novou a kolag\u00e9nom. Ide\u00e1lne pre estetick\u00e9 sal\u00f3ny aj dom\u00e1ce o\u0161etrenie pleti\",\"breadcrumb\":{\"@id\":\"https:\\\/\\\/www.beautypristroje.sk\\\/produkt\\\/dr-meso-hydratacne-serum\\\/#breadcrumb\"},\"inLanguage\":\"en-GB\",\"potentialAction\":[{\"@type\":\"ReadAction\",\"target\":[\"https:\\\/\\\/www.beautypristroje.sk\\\/produkt\\\/dr-meso-hydratacne-serum\\\/\"]}]},{\"@type\":\"ImageObject\",\"inLanguage\":\"en-GB\",\"@id\":\"https:\\\/\\\/www.beautypristroje.sk\\\/produkt\\\/dr-meso-hydratacne-serum\\\/#primaryimage\",\"url\":\"https:\\\/\\\/www.beautypristroje.sk\\\/wp-content\\\/uploads\\\/2026\\\/02\\\/WhatsApp-Image-2026-02-20-at-11.18.27-3.jpeg\",\"contentUrl\":\"https:\\\/\\\/www.beautypristroje.sk\\\/wp-content\\\/uploads\\\/2026\\\/02\\\/WhatsApp-Image-2026-02-20-at-11.18.27-3.jpeg\",\"width\":1600,\"height\":1267,\"caption\":\"Dr. Meso hydrata\u010dn\u00e9 s\u00e9rum\"},{\"@type\":\"BreadcrumbList\",\"@id\":\"https:\\\/\\\/www.beautypristroje.sk\\\/produkt\\\/dr-meso-hydratacne-serum\\\/#breadcrumb\",\"itemListElement\":[{\"@type\":\"ListItem\",\"position\":1,\"name\":\"Domovsk\u00e1 str\u00e1nka\",\"item\":\"https:\\\/\\\/www.beautypristroje.sk\\\/\"},{\"@type\":\"ListItem\",\"position\":2,\"name\":\"Obchod\",\"item\":\"https:\\\/\\\/www.beautypristroje.sk\\\/obchod\\\/\"},{\"@type\":\"ListItem\",\"position\":3,\"name\":\"Dr. Meso hydrata\u010dn\u00e9 s\u00e9rum\"}]},{\"@type\":\"WebSite\",\"@id\":\"https:\\\/\\\/www.beautypristroje.sk\\\/#website\",\"url\":\"https:\\\/\\\/www.beautypristroje.sk\\\/\",\"name\":\"Beauty pr\u00edstroje\",\"description\":\"Profesion\u00e1lne kozmetick\u00e9 pr\u00edstroje pre sal\u00f3ny a kliniky\",\"potentialAction\":[{\"@type\":\"SearchAction\",\"target\":{\"@type\":\"EntryPoint\",\"urlTemplate\":\"https:\\\/\\\/www.beautypristroje.sk\\\/?s={search_term_string}\"},\"query-input\":{\"@type\":\"PropertyValueSpecification\",\"valueRequired\":true,\"valueName\":\"search_term_string\"}}],\"inLanguage\":\"en-GB\"}]}<\/script>\n<!-- \/ Yoast SEO plugin. -->","yoast_head_json":{"title":"Dr. Meso hydrata\u010dn\u00e9 s\u00e9rum - Beauty pr\u00edstroje","description":"Dr. Meso hydrata\u010dn\u00e9 s\u00e9rum je profesion\u00e1lne hydrata\u010dn\u00e9 s\u00e9rum v ampulk\u00e1ch s kyselinou hyalur\u00f3novou a kolag\u00e9nom. Ide\u00e1lne pre estetick\u00e9 sal\u00f3ny aj dom\u00e1ce o\u0161etrenie pleti","robots":{"index":"index","follow":"follow","max-snippet":"max-snippet:-1","max-image-preview":"max-image-preview:large","max-video-preview":"max-video-preview:-1"},"canonical":"https:\/\/www.beautypristroje.sk\/en\/product\/dr-meso-hydratacne-serum\/","og_locale":"en_GB","og_type":"article","og_title":"Dr. Meso hydrata\u010dn\u00e9 s\u00e9rum - Beauty pr\u00edstroje","og_description":"Dr. Meso hydrata\u010dn\u00e9 s\u00e9rum je profesion\u00e1lne hydrata\u010dn\u00e9 s\u00e9rum v ampulk\u00e1ch s kyselinou hyalur\u00f3novou a kolag\u00e9nom. Ide\u00e1lne pre estetick\u00e9 sal\u00f3ny aj dom\u00e1ce o\u0161etrenie pleti","og_url":"https:\/\/www.beautypristroje.sk\/en\/product\/dr-meso-hydratacne-serum\/","og_site_name":"Beauty pr\u00edstroje","article_modified_time":"2026-02-20T11:09:58+00:00","og_image":[{"width":1600,"height":1267,"url":"https:\/\/www.beautypristroje.sk\/wp-content\/uploads\/2026\/02\/WhatsApp-Image-2026-02-20-at-11.18.27-3.jpeg","type":"image\/jpeg"}],"twitter_card":"summary_large_image","twitter_misc":{"Estimated reading time":"1 minute"},"schema":{"@context":"https:\/\/schema.org","@graph":[{"@type":"WebPage","@id":"https:\/\/www.beautypristroje.sk\/produkt\/dr-meso-hydratacne-serum\/","url":"https:\/\/www.beautypristroje.sk\/produkt\/dr-meso-hydratacne-serum\/","name":"Dr. Meso hydrata\u010dn\u00e9 s\u00e9rum - Beauty pr\u00edstroje","isPartOf":{"@id":"https:\/\/www.beautypristroje.sk\/#website"},"primaryImageOfPage":{"@id":"https:\/\/www.beautypristroje.sk\/produkt\/dr-meso-hydratacne-serum\/#primaryimage"},"image":{"@id":"https:\/\/www.beautypristroje.sk\/produkt\/dr-meso-hydratacne-serum\/#primaryimage"},"thumbnailUrl":"https:\/\/www.beautypristroje.sk\/wp-content\/uploads\/2026\/02\/WhatsApp-Image-2026-02-20-at-11.18.27-3.jpeg","datePublished":"2026-02-20T10:43:12+00:00","dateModified":"2026-02-20T11:09:58+00:00","description":"Dr. Meso hydrata\u010dn\u00e9 s\u00e9rum je profesion\u00e1lne hydrata\u010dn\u00e9 s\u00e9rum v ampulk\u00e1ch s kyselinou hyalur\u00f3novou a kolag\u00e9nom. Ide\u00e1lne pre estetick\u00e9 sal\u00f3ny aj dom\u00e1ce o\u0161etrenie pleti","breadcrumb":{"@id":"https:\/\/www.beautypristroje.sk\/produkt\/dr-meso-hydratacne-serum\/#breadcrumb"},"inLanguage":"en-GB","potentialAction":[{"@type":"ReadAction","target":["https:\/\/www.beautypristroje.sk\/produkt\/dr-meso-hydratacne-serum\/"]}]},{"@type":"ImageObject","inLanguage":"en-GB","@id":"https:\/\/www.beautypristroje.sk\/produkt\/dr-meso-hydratacne-serum\/#primaryimage","url":"https:\/\/www.beautypristroje.sk\/wp-content\/uploads\/2026\/02\/WhatsApp-Image-2026-02-20-at-11.18.27-3.jpeg","contentUrl":"https:\/\/www.beautypristroje.sk\/wp-content\/uploads\/2026\/02\/WhatsApp-Image-2026-02-20-at-11.18.27-3.jpeg","width":1600,"height":1267,"caption":"Dr. Meso hydrata\u010dn\u00e9 s\u00e9rum"},{"@type":"BreadcrumbList","@id":"https:\/\/www.beautypristroje.sk\/produkt\/dr-meso-hydratacne-serum\/#breadcrumb","itemListElement":[{"@type":"ListItem","position":1,"name":"Domovsk\u00e1 str\u00e1nka","item":"https:\/\/www.beautypristroje.sk\/"},{"@type":"ListItem","position":2,"name":"Obchod","item":"https:\/\/www.beautypristroje.sk\/obchod\/"},{"@type":"ListItem","position":3,"name":"Dr. Meso hydrata\u010dn\u00e9 s\u00e9rum"}]},{"@type":"WebSite","@id":"https:\/\/www.beautypristroje.sk\/#website","url":"https:\/\/www.beautypristroje.sk\/","name":"Beauty pr\u00edstroje","description":"Profesion\u00e1lne kozmetick\u00e9 pr\u00edstroje pre sal\u00f3ny a kliniky","potentialAction":[{"@type":"SearchAction","target":{"@type":"EntryPoint","urlTemplate":"https:\/\/www.beautypristroje.sk\/?s={search_term_string}"},"query-input":{"@type":"PropertyValueSpecification","valueRequired":true,"valueName":"search_term_string"}}],"inLanguage":"en-GB"}]}},"_links":{"self":[{"href":"https:\/\/www.beautypristroje.sk\/en\/wp-json\/wp\/v2\/product\/2952","targetHints":{"allow":["GET"]}}],"collection":[{"href":"https:\/\/www.beautypristroje.sk\/en\/wp-json\/wp\/v2\/product"}],"about":[{"href":"https:\/\/www.beautypristroje.sk\/en\/wp-json\/wp\/v2\/types\/product"}],"replies":[{"embeddable":true,"href":"https:\/\/www.beautypristroje.sk\/en\/wp-json\/wp\/v2\/comments?post=2952"}],"wp:featuredmedia":[{"embeddable":true,"href":"https:\/\/www.beautypristroje.sk\/en\/wp-json\/wp\/v2\/media\/2953"}],"wp:attachment":[{"href":"https:\/\/www.beautypristroje.sk\/en\/wp-json\/wp\/v2\/media?parent=2952"}],"wp:term":[{"taxonomy":"product_brand","embeddable":true,"href":"https:\/\/www.beautypristroje.sk\/en\/wp-json\/wp\/v2\/product_brand?post=2952"},{"taxonomy":"product_cat","embeddable":true,"href":"https:\/\/www.beautypristroje.sk\/en\/wp-json\/wp\/v2\/product_cat?post=2952"},{"taxonomy":"product_tag","embeddable":true,"href":"https:\/\/www.beautypristroje.sk\/en\/wp-json\/wp\/v2\/product_tag?post=2952"}],"curies":[{"name":"wp","href":"https:\/\/api.w.org\/{rel}","templated":true}]}}