{"id":2949,"date":"2026-02-20T11:24:52","date_gmt":"2026-02-20T10:24:52","guid":{"rendered":"https:\/\/www.beautypristroje.sk\/?post_type=product&#038;p=2949"},"modified":"2026-02-20T11:27:48","modified_gmt":"2026-02-20T10:27:48","slug":"anatomicky-kozmeticky-matrac","status":"publish","type":"product","link":"https:\/\/www.beautypristroje.sk\/en\/product\/anatomicky-kozmeticky-matrac\/","title":{"rendered":"Anatomick\u00fd kozmetick\u00fd matrac"},"content":{"rendered":"<div>Anatomick\u00fd kozmetick\u00fd matrac premie\u0148a be\u017en\u00e9 kozmetick\u00e9 leh\u00e1tko na miesto v\u00fdnimo\u010dn\u00e9ho pohodlia. Ka\u017ed\u00e1 klientka, ktor\u00e1 si na\u0148 \u013eahne, okam\u017eite poc\u00edti rozdiel \u2013 telo sa uvo\u013en\u00ed, chrb\u00e1t si odd\u00fdchne a dlh\u00e1 proced\u00fara sa zmen\u00ed na pr\u00edjemn\u00fd relaxa\u010dn\u00fd z\u00e1\u017eitok.<\/div>\n<div><\/div>\n<div>Ergonomick\u00fd tvar matraca re\u0161pektuje prirodzen\u00e9 krivky tela a v kombin\u00e1cii s modernou termoplastickou penou zabezpe\u010duje rovnomern\u00e9 rozlo\u017eenie tlaku. Chrbtica je od\u013eah\u010den\u00e1 a svalov\u00e9 nap\u00e4tie minimalizovan\u00e9 aj po\u010das nieko\u013ekohodinov\u00fdch o\u0161etren\u00ed, ako je predl\u017eovanie rias, kozmetick\u00e9 proced\u00fary \u010di mas\u00e1\u017ee.<\/div>\n<div><\/div>\n<div>V\u010faka termoregula\u010dn\u00fdm vlastnostiam poskytuje matrac stabiln\u00fd tepeln\u00fd komfort v ka\u017edom ro\u010dnom obdob\u00ed. Klientka sa c\u00edti pohodlne, uvo\u013enene a v bezpe\u010d\u00ed, \u010do v\u00fdrazne zvy\u0161uje celkov\u00fd dojem zo slu\u017eby a podporuje jej n\u00e1vrat do sal\u00f3nu.<\/div>\n<h3>Pre\u010do si vybra\u0165 Anatomick\u00fd kozmetick\u00fd matrac<\/h3>\n<div>\u2022Anatomick\u00fd tvar navrhnut\u00fd pod\u013ea prirodzen\u00fdch vlastnost\u00ed \u013eudsk\u00e9ho tela<\/div>\n<div>\u2022V\u00fdrazn\u00e9 zv\u00fd\u0161enie komfortu klientky po\u010das dlh\u00fdch proced\u00far<\/div>\n<div>\u2022Redukcia tlaku na chrbticu, krk a bedrov\u00fa oblas\u0165<\/div>\n<div>\u2022Termoplastick\u00e1 pena reaguj\u00faca na telesn\u00e9 teplo a prisp\u00f4sobuj\u00faca sa postave<\/div>\n<div>\u2022Termoregula\u010dn\u00e9 vlastnosti pre pohodlie v lete aj v zime<\/div>\n<div>\u2022Stabiln\u00e9 uchytenie pomocou such\u00e9ho zipsu zabra\u0148uj\u00face pos\u00favaniu matraca<\/div>\n<div>\u2022Profesion\u00e1lny a luxusn\u00fd dojem pre kozmetick\u00fd sal\u00f3n<\/div>\n<h3>Univerz\u00e1lne vyu\u017eitie<\/h3>\n<div>Matrac je vhodn\u00fd pre:<\/div>\n<div>\u2022predl\u017eovanie rias<\/div>\n<div>\u2022kozmetick\u00e9 o\u0161etrenia tv\u00e1re<\/div>\n<div>\u2022mas\u00e1\u017ee<\/div>\n<div>\u2022relaxa\u010dn\u00e9 a wellness proced\u00fary<\/div>\n<div><\/div>\n<h3>Technick\u00e1 \u0161pecifik\u00e1cia<\/h3>\n<div>\u2022\u0160\u00edrka: 60 cm<\/div>\n<div>\u2022D\u013a\u017eka: 180 cm<\/div>\n<div>\u2022Materi\u00e1l: pena<\/div>\n<div>\u2022Farba: \u010dierna<\/div>","protected":false},"excerpt":{"rendered":"<div>Komfort, z ktor\u00e9ho sa klientkam nechce vsta\u0165<\/div>\n<div><\/div>","protected":false},"featured_media":2950,"comment_status":"closed","ping_status":"closed","template":"","meta":{"_acf_changed":false},"product_brand":[],"product_cat":[27,15],"product_tag":[],"class_list":{"0":"post-2949","1":"product","2":"type-product","3":"status-publish","4":"has-post-thumbnail","6":"product_cat-accessories","7":"product_cat-beauty-technologie","9":"first","10":"instock","11":"taxable","12":"shipping-taxable","13":"purchasable","14":"product-type-simple"},"acf":[],"yoast_head":"<!-- This site is optimized with the Yoast SEO plugin v27.6 - https:\/\/yoast.com\/product\/yoast-seo-wordpress\/ -->\n<title>Anatomick\u00fd kozmetick\u00fd matrac - Beauty pr\u00edstroje<\/title>\n<meta name=\"description\" content=\"Anatomick\u00fd kozmetick\u00fd matrac premie\u0148a be\u017en\u00e9 kozmetick\u00e9 leh\u00e1tko na miesto v\u00fdnimo\u010dn\u00e9ho pohodlia\" \/>\n<meta name=\"robots\" content=\"index, follow, max-snippet:-1, max-image-preview:large, max-video-preview:-1\" \/>\n<link rel=\"canonical\" href=\"https:\/\/www.beautypristroje.sk\/en\/product\/anatomicky-kozmeticky-matrac\/\" \/>\n<meta property=\"og:locale\" content=\"en_GB\" \/>\n<meta property=\"og:type\" content=\"article\" \/>\n<meta property=\"og:title\" content=\"Anatomick\u00fd kozmetick\u00fd matrac - Beauty pr\u00edstroje\" \/>\n<meta property=\"og:description\" content=\"Anatomick\u00fd kozmetick\u00fd matrac premie\u0148a be\u017en\u00e9 kozmetick\u00e9 leh\u00e1tko na miesto v\u00fdnimo\u010dn\u00e9ho pohodlia\" \/>\n<meta property=\"og:url\" content=\"https:\/\/www.beautypristroje.sk\/en\/product\/anatomicky-kozmeticky-matrac\/\" \/>\n<meta property=\"og:site_name\" content=\"Beauty pr\u00edstroje\" \/>\n<meta property=\"article:modified_time\" content=\"2026-02-20T10:27:48+00:00\" \/>\n<meta property=\"og:image\" content=\"https:\/\/www.beautypristroje.sk\/wp-content\/uploads\/2026\/02\/Anatomicky-kozmeticky-matrac.png\" \/>\n\t<meta property=\"og:image:width\" content=\"1910\" \/>\n\t<meta property=\"og:image:height\" content=\"1500\" \/>\n\t<meta property=\"og:image:type\" content=\"image\/png\" \/>\n<meta name=\"twitter:card\" content=\"summary_large_image\" \/>\n<meta name=\"twitter:label1\" content=\"Estimated reading time\" \/>\n\t<meta name=\"twitter:data1\" content=\"2 minutes\" \/>\n<script type=\"application\/ld+json\" class=\"yoast-schema-graph\">{\"@context\":\"https:\\\/\\\/schema.org\",\"@graph\":[{\"@type\":\"WebPage\",\"@id\":\"https:\\\/\\\/www.beautypristroje.sk\\\/produkt\\\/anatomicky-kozmeticky-matrac\\\/\",\"url\":\"https:\\\/\\\/www.beautypristroje.sk\\\/produkt\\\/anatomicky-kozmeticky-matrac\\\/\",\"name\":\"Anatomick\u00fd kozmetick\u00fd matrac - Beauty pr\u00edstroje\",\"isPartOf\":{\"@id\":\"https:\\\/\\\/www.beautypristroje.sk\\\/#website\"},\"primaryImageOfPage\":{\"@id\":\"https:\\\/\\\/www.beautypristroje.sk\\\/produkt\\\/anatomicky-kozmeticky-matrac\\\/#primaryimage\"},\"image\":{\"@id\":\"https:\\\/\\\/www.beautypristroje.sk\\\/produkt\\\/anatomicky-kozmeticky-matrac\\\/#primaryimage\"},\"thumbnailUrl\":\"https:\\\/\\\/www.beautypristroje.sk\\\/wp-content\\\/uploads\\\/2026\\\/02\\\/Anatomicky-kozmeticky-matrac.png\",\"datePublished\":\"2026-02-20T10:24:52+00:00\",\"dateModified\":\"2026-02-20T10:27:48+00:00\",\"description\":\"Anatomick\u00fd kozmetick\u00fd matrac premie\u0148a be\u017en\u00e9 kozmetick\u00e9 leh\u00e1tko na miesto v\u00fdnimo\u010dn\u00e9ho pohodlia\",\"breadcrumb\":{\"@id\":\"https:\\\/\\\/www.beautypristroje.sk\\\/produkt\\\/anatomicky-kozmeticky-matrac\\\/#breadcrumb\"},\"inLanguage\":\"en-GB\",\"potentialAction\":[{\"@type\":\"ReadAction\",\"target\":[\"https:\\\/\\\/www.beautypristroje.sk\\\/produkt\\\/anatomicky-kozmeticky-matrac\\\/\"]}]},{\"@type\":\"ImageObject\",\"inLanguage\":\"en-GB\",\"@id\":\"https:\\\/\\\/www.beautypristroje.sk\\\/produkt\\\/anatomicky-kozmeticky-matrac\\\/#primaryimage\",\"url\":\"https:\\\/\\\/www.beautypristroje.sk\\\/wp-content\\\/uploads\\\/2026\\\/02\\\/Anatomicky-kozmeticky-matrac.png\",\"contentUrl\":\"https:\\\/\\\/www.beautypristroje.sk\\\/wp-content\\\/uploads\\\/2026\\\/02\\\/Anatomicky-kozmeticky-matrac.png\",\"width\":1910,\"height\":1500,\"caption\":\"anatomicky kozmeticky matrac\"},{\"@type\":\"BreadcrumbList\",\"@id\":\"https:\\\/\\\/www.beautypristroje.sk\\\/produkt\\\/anatomicky-kozmeticky-matrac\\\/#breadcrumb\",\"itemListElement\":[{\"@type\":\"ListItem\",\"position\":1,\"name\":\"Domovsk\u00e1 str\u00e1nka\",\"item\":\"https:\\\/\\\/www.beautypristroje.sk\\\/\"},{\"@type\":\"ListItem\",\"position\":2,\"name\":\"Obchod\",\"item\":\"https:\\\/\\\/www.beautypristroje.sk\\\/obchod\\\/\"},{\"@type\":\"ListItem\",\"position\":3,\"name\":\"Anatomick\u00fd kozmetick\u00fd matrac\"}]},{\"@type\":\"WebSite\",\"@id\":\"https:\\\/\\\/www.beautypristroje.sk\\\/#website\",\"url\":\"https:\\\/\\\/www.beautypristroje.sk\\\/\",\"name\":\"Beauty pr\u00edstroje\",\"description\":\"Profesion\u00e1lne kozmetick\u00e9 pr\u00edstroje pre sal\u00f3ny a kliniky\",\"potentialAction\":[{\"@type\":\"SearchAction\",\"target\":{\"@type\":\"EntryPoint\",\"urlTemplate\":\"https:\\\/\\\/www.beautypristroje.sk\\\/?s={search_term_string}\"},\"query-input\":{\"@type\":\"PropertyValueSpecification\",\"valueRequired\":true,\"valueName\":\"search_term_string\"}}],\"inLanguage\":\"en-GB\"}]}<\/script>\n<!-- \/ Yoast SEO plugin. -->","yoast_head_json":{"title":"Anatomick\u00fd kozmetick\u00fd matrac - Beauty pr\u00edstroje","description":"Anatomick\u00fd kozmetick\u00fd matrac premie\u0148a be\u017en\u00e9 kozmetick\u00e9 leh\u00e1tko na miesto v\u00fdnimo\u010dn\u00e9ho pohodlia","robots":{"index":"index","follow":"follow","max-snippet":"max-snippet:-1","max-image-preview":"max-image-preview:large","max-video-preview":"max-video-preview:-1"},"canonical":"https:\/\/www.beautypristroje.sk\/en\/product\/anatomicky-kozmeticky-matrac\/","og_locale":"en_GB","og_type":"article","og_title":"Anatomick\u00fd kozmetick\u00fd matrac - Beauty pr\u00edstroje","og_description":"Anatomick\u00fd kozmetick\u00fd matrac premie\u0148a be\u017en\u00e9 kozmetick\u00e9 leh\u00e1tko na miesto v\u00fdnimo\u010dn\u00e9ho pohodlia","og_url":"https:\/\/www.beautypristroje.sk\/en\/product\/anatomicky-kozmeticky-matrac\/","og_site_name":"Beauty pr\u00edstroje","article_modified_time":"2026-02-20T10:27:48+00:00","og_image":[{"width":1910,"height":1500,"url":"https:\/\/www.beautypristroje.sk\/wp-content\/uploads\/2026\/02\/Anatomicky-kozmeticky-matrac.png","type":"image\/png"}],"twitter_card":"summary_large_image","twitter_misc":{"Estimated reading time":"2 minutes"},"schema":{"@context":"https:\/\/schema.org","@graph":[{"@type":"WebPage","@id":"https:\/\/www.beautypristroje.sk\/produkt\/anatomicky-kozmeticky-matrac\/","url":"https:\/\/www.beautypristroje.sk\/produkt\/anatomicky-kozmeticky-matrac\/","name":"Anatomick\u00fd kozmetick\u00fd matrac - Beauty pr\u00edstroje","isPartOf":{"@id":"https:\/\/www.beautypristroje.sk\/#website"},"primaryImageOfPage":{"@id":"https:\/\/www.beautypristroje.sk\/produkt\/anatomicky-kozmeticky-matrac\/#primaryimage"},"image":{"@id":"https:\/\/www.beautypristroje.sk\/produkt\/anatomicky-kozmeticky-matrac\/#primaryimage"},"thumbnailUrl":"https:\/\/www.beautypristroje.sk\/wp-content\/uploads\/2026\/02\/Anatomicky-kozmeticky-matrac.png","datePublished":"2026-02-20T10:24:52+00:00","dateModified":"2026-02-20T10:27:48+00:00","description":"Anatomick\u00fd kozmetick\u00fd matrac premie\u0148a be\u017en\u00e9 kozmetick\u00e9 leh\u00e1tko na miesto v\u00fdnimo\u010dn\u00e9ho pohodlia","breadcrumb":{"@id":"https:\/\/www.beautypristroje.sk\/produkt\/anatomicky-kozmeticky-matrac\/#breadcrumb"},"inLanguage":"en-GB","potentialAction":[{"@type":"ReadAction","target":["https:\/\/www.beautypristroje.sk\/produkt\/anatomicky-kozmeticky-matrac\/"]}]},{"@type":"ImageObject","inLanguage":"en-GB","@id":"https:\/\/www.beautypristroje.sk\/produkt\/anatomicky-kozmeticky-matrac\/#primaryimage","url":"https:\/\/www.beautypristroje.sk\/wp-content\/uploads\/2026\/02\/Anatomicky-kozmeticky-matrac.png","contentUrl":"https:\/\/www.beautypristroje.sk\/wp-content\/uploads\/2026\/02\/Anatomicky-kozmeticky-matrac.png","width":1910,"height":1500,"caption":"anatomicky kozmeticky matrac"},{"@type":"BreadcrumbList","@id":"https:\/\/www.beautypristroje.sk\/produkt\/anatomicky-kozmeticky-matrac\/#breadcrumb","itemListElement":[{"@type":"ListItem","position":1,"name":"Domovsk\u00e1 str\u00e1nka","item":"https:\/\/www.beautypristroje.sk\/"},{"@type":"ListItem","position":2,"name":"Obchod","item":"https:\/\/www.beautypristroje.sk\/obchod\/"},{"@type":"ListItem","position":3,"name":"Anatomick\u00fd kozmetick\u00fd matrac"}]},{"@type":"WebSite","@id":"https:\/\/www.beautypristroje.sk\/#website","url":"https:\/\/www.beautypristroje.sk\/","name":"Beauty pr\u00edstroje","description":"Profesion\u00e1lne kozmetick\u00e9 pr\u00edstroje pre sal\u00f3ny a kliniky","potentialAction":[{"@type":"SearchAction","target":{"@type":"EntryPoint","urlTemplate":"https:\/\/www.beautypristroje.sk\/?s={search_term_string}"},"query-input":{"@type":"PropertyValueSpecification","valueRequired":true,"valueName":"search_term_string"}}],"inLanguage":"en-GB"}]}},"_links":{"self":[{"href":"https:\/\/www.beautypristroje.sk\/en\/wp-json\/wp\/v2\/product\/2949","targetHints":{"allow":["GET"]}}],"collection":[{"href":"https:\/\/www.beautypristroje.sk\/en\/wp-json\/wp\/v2\/product"}],"about":[{"href":"https:\/\/www.beautypristroje.sk\/en\/wp-json\/wp\/v2\/types\/product"}],"replies":[{"embeddable":true,"href":"https:\/\/www.beautypristroje.sk\/en\/wp-json\/wp\/v2\/comments?post=2949"}],"wp:featuredmedia":[{"embeddable":true,"href":"https:\/\/www.beautypristroje.sk\/en\/wp-json\/wp\/v2\/media\/2950"}],"wp:attachment":[{"href":"https:\/\/www.beautypristroje.sk\/en\/wp-json\/wp\/v2\/media?parent=2949"}],"wp:term":[{"taxonomy":"product_brand","embeddable":true,"href":"https:\/\/www.beautypristroje.sk\/en\/wp-json\/wp\/v2\/product_brand?post=2949"},{"taxonomy":"product_cat","embeddable":true,"href":"https:\/\/www.beautypristroje.sk\/en\/wp-json\/wp\/v2\/product_cat?post=2949"},{"taxonomy":"product_tag","embeddable":true,"href":"https:\/\/www.beautypristroje.sk\/en\/wp-json\/wp\/v2\/product_tag?post=2949"}],"curies":[{"name":"wp","href":"https:\/\/api.w.org\/{rel}","templated":true}]}}