{"id":2912,"date":"2026-01-27T15:26:50","date_gmt":"2026-01-27T14:26:50","guid":{"rendered":"https:\/\/www.beautypristroje.sk\/?post_type=product&#038;p=2912"},"modified":"2026-01-27T15:27:29","modified_gmt":"2026-01-27T14:27:29","slug":"lpg-bodysphere-suit-xl","status":"publish","type":"product","link":"https:\/\/www.beautypristroje.sk\/en\/product\/lpg-bodysphere-suit-xl\/","title":{"rendered":"LPG \/ Bodysphere Suit &#8211; velkos\u0165 XL"},"content":{"rendered":"<p>LPG \/ Bodysphere Suit je pr\u00e9miov\u00fd elastick\u00fd oblek ur\u010den\u00fd pre LPG, Bodysphere a \u010fal\u0161ie telov\u00e9 proced\u00fary. Zabezpe\u010duje maxim\u00e1lnu hygienu, komfort a plynul\u00fd pohyb hlavice po poko\u017eke, \u010d\u00edm zvy\u0161uje \u00fa\u010dinnos\u0165 o\u0161etrenia. Pr\u00edjemn\u00fd, priedu\u0161n\u00fd a vysoko elastick\u00fd materi\u00e1l sa dokonale prisp\u00f4sob\u00ed postave a zaru\u010duje pohodlie po\u010das celej proced\u00fary.<\/p>\n<h3>Vlastnosti:<\/h3>\n<p>ur\u010den\u00fd pre LPG a Bodysphere o\u0161etrenia<\/p>\n<p>vysok\u00e1 elasticita a komfort<\/p>\n<p>hygienick\u00e9 rie\u0161enie pre profesion\u00e1lne sal\u00f3ny<\/p>\n<p>priedu\u0161n\u00fd, jemn\u00fd materi\u00e1l<\/p>\n<p>univerz\u00e1lne pou\u017eitie pre r\u00f4zne typy post\u00e1v<\/p>\n<p>farba : biela<\/p>\n<p>Ide\u00e1lna vo\u013eba pre estetick\u00e9 a kozmetick\u00e9 sal\u00f3ny, ktor\u00e9 klad\u00fa d\u00f4raz na kvalitu, komfort a profesion\u00e1lny \u0161tandard slu\u017eieb.<\/p>","protected":false},"excerpt":{"rendered":"<p>pr\u00e9miov\u00fd elastick\u00fd oblek ur\u010den\u00fd pre telov\u00e9 proced\u00fary<\/p>\n<p>&nbsp;<\/p>\n<p>ve\u013ekos\u0165 : XL<\/p>","protected":false},"featured_media":2910,"comment_status":"closed","ping_status":"closed","template":"","meta":{"_acf_changed":false},"product_brand":[],"product_cat":[27,57,15,63],"product_tag":[],"class_list":{"0":"post-2912","1":"product","2":"type-product","3":"status-publish","4":"has-post-thumbnail","6":"product_cat-accessories","7":"product_cat-bauty-oblecenie","8":"product_cat-beauty-technologie","9":"product_cat-top","11":"first","12":"instock","13":"taxable","14":"shipping-taxable","15":"purchasable","16":"product-type-simple"},"acf":[],"yoast_head":"<!-- This site is optimized with the Yoast SEO plugin v27.5 - https:\/\/yoast.com\/product\/yoast-seo-wordpress\/ -->\n<title>LPG \/ Bodysphere Suit - velkos\u0165 XL - Beauty pr\u00edstroje<\/title>\n<meta name=\"description\" content=\"LPG \/ Bodysphere Suit je elastick\u00fd oblek ur\u010den\u00fd telov\u00e9 proced\u00fary. Zabezpe\u010duje maxim\u00e1lnu hygienu, komfort a plynul\u00fd pohyb hlavice po poko\u017eke\" \/>\n<meta name=\"robots\" content=\"index, follow, max-snippet:-1, max-image-preview:large, max-video-preview:-1\" \/>\n<link rel=\"canonical\" href=\"https:\/\/www.beautypristroje.sk\/en\/product\/lpg-bodysphere-suit-xl\/\" \/>\n<meta property=\"og:locale\" content=\"en_GB\" \/>\n<meta property=\"og:type\" content=\"article\" \/>\n<meta property=\"og:title\" content=\"LPG \/ Bodysphere Suit - velkos\u0165 XL - Beauty pr\u00edstroje\" \/>\n<meta property=\"og:description\" content=\"LPG \/ Bodysphere Suit je elastick\u00fd oblek ur\u010den\u00fd telov\u00e9 proced\u00fary. Zabezpe\u010duje maxim\u00e1lnu hygienu, komfort a plynul\u00fd pohyb hlavice po poko\u017eke\" \/>\n<meta property=\"og:url\" content=\"https:\/\/www.beautypristroje.sk\/en\/product\/lpg-bodysphere-suit-xl\/\" \/>\n<meta property=\"og:site_name\" content=\"Beauty pr\u00edstroje\" \/>\n<meta property=\"article:modified_time\" content=\"2026-01-27T14:27:29+00:00\" \/>\n<meta property=\"og:image\" content=\"https:\/\/www.beautypristroje.sk\/wp-content\/uploads\/2026\/01\/WhatsApp-Image-2026-01-24-at-12.36.52-1.jpeg\" \/>\n\t<meta property=\"og:image:width\" content=\"365\" \/>\n\t<meta property=\"og:image:height\" content=\"365\" \/>\n\t<meta property=\"og:image:type\" content=\"image\/jpeg\" \/>\n<meta name=\"twitter:card\" content=\"summary_large_image\" \/>\n<meta name=\"twitter:label1\" content=\"Estimated reading time\" \/>\n\t<meta name=\"twitter:data1\" content=\"1 minute\" \/>\n<script type=\"application\/ld+json\" class=\"yoast-schema-graph\">{\"@context\":\"https:\\\/\\\/schema.org\",\"@graph\":[{\"@type\":\"WebPage\",\"@id\":\"https:\\\/\\\/www.beautypristroje.sk\\\/produkt\\\/lpg-bodysphere-suit-xl\\\/\",\"url\":\"https:\\\/\\\/www.beautypristroje.sk\\\/produkt\\\/lpg-bodysphere-suit-xl\\\/\",\"name\":\"LPG \\\/ Bodysphere Suit - velkos\u0165 XL - Beauty pr\u00edstroje\",\"isPartOf\":{\"@id\":\"https:\\\/\\\/www.beautypristroje.sk\\\/#website\"},\"primaryImageOfPage\":{\"@id\":\"https:\\\/\\\/www.beautypristroje.sk\\\/produkt\\\/lpg-bodysphere-suit-xl\\\/#primaryimage\"},\"image\":{\"@id\":\"https:\\\/\\\/www.beautypristroje.sk\\\/produkt\\\/lpg-bodysphere-suit-xl\\\/#primaryimage\"},\"thumbnailUrl\":\"https:\\\/\\\/www.beautypristroje.sk\\\/wp-content\\\/uploads\\\/2026\\\/01\\\/WhatsApp-Image-2026-01-24-at-12.36.52-1.jpeg\",\"datePublished\":\"2026-01-27T14:26:50+00:00\",\"dateModified\":\"2026-01-27T14:27:29+00:00\",\"description\":\"LPG \\\/ Bodysphere Suit je elastick\u00fd oblek ur\u010den\u00fd telov\u00e9 proced\u00fary. Zabezpe\u010duje maxim\u00e1lnu hygienu, komfort a plynul\u00fd pohyb hlavice po poko\u017eke\",\"breadcrumb\":{\"@id\":\"https:\\\/\\\/www.beautypristroje.sk\\\/produkt\\\/lpg-bodysphere-suit-xl\\\/#breadcrumb\"},\"inLanguage\":\"en-GB\",\"potentialAction\":[{\"@type\":\"ReadAction\",\"target\":[\"https:\\\/\\\/www.beautypristroje.sk\\\/produkt\\\/lpg-bodysphere-suit-xl\\\/\"]}]},{\"@type\":\"ImageObject\",\"inLanguage\":\"en-GB\",\"@id\":\"https:\\\/\\\/www.beautypristroje.sk\\\/produkt\\\/lpg-bodysphere-suit-xl\\\/#primaryimage\",\"url\":\"https:\\\/\\\/www.beautypristroje.sk\\\/wp-content\\\/uploads\\\/2026\\\/01\\\/WhatsApp-Image-2026-01-24-at-12.36.52-1.jpeg\",\"contentUrl\":\"https:\\\/\\\/www.beautypristroje.sk\\\/wp-content\\\/uploads\\\/2026\\\/01\\\/WhatsApp-Image-2026-01-24-at-12.36.52-1.jpeg\",\"width\":365,\"height\":365,\"caption\":\"telovy oblek, elasticky oblek, Bodysphere, LPG, luxuryesthetic\"},{\"@type\":\"BreadcrumbList\",\"@id\":\"https:\\\/\\\/www.beautypristroje.sk\\\/produkt\\\/lpg-bodysphere-suit-xl\\\/#breadcrumb\",\"itemListElement\":[{\"@type\":\"ListItem\",\"position\":1,\"name\":\"Domovsk\u00e1 str\u00e1nka\",\"item\":\"https:\\\/\\\/www.beautypristroje.sk\\\/\"},{\"@type\":\"ListItem\",\"position\":2,\"name\":\"Obchod\",\"item\":\"https:\\\/\\\/www.beautypristroje.sk\\\/obchod\\\/\"},{\"@type\":\"ListItem\",\"position\":3,\"name\":\"LPG \\\/ Bodysphere Suit &#8211; velkos\u0165 XL\"}]},{\"@type\":\"WebSite\",\"@id\":\"https:\\\/\\\/www.beautypristroje.sk\\\/#website\",\"url\":\"https:\\\/\\\/www.beautypristroje.sk\\\/\",\"name\":\"Beauty pr\u00edstroje\",\"description\":\"Profesion\u00e1lne kozmetick\u00e9 pr\u00edstroje pre sal\u00f3ny a kliniky\",\"potentialAction\":[{\"@type\":\"SearchAction\",\"target\":{\"@type\":\"EntryPoint\",\"urlTemplate\":\"https:\\\/\\\/www.beautypristroje.sk\\\/?s={search_term_string}\"},\"query-input\":{\"@type\":\"PropertyValueSpecification\",\"valueRequired\":true,\"valueName\":\"search_term_string\"}}],\"inLanguage\":\"en-GB\"}]}<\/script>\n<!-- \/ Yoast SEO plugin. -->","yoast_head_json":{"title":"LPG \/ Bodysphere Suit - velkos\u0165 XL - Beauty pr\u00edstroje","description":"LPG \/ Bodysphere Suit je elastick\u00fd oblek ur\u010den\u00fd telov\u00e9 proced\u00fary. Zabezpe\u010duje maxim\u00e1lnu hygienu, komfort a plynul\u00fd pohyb hlavice po poko\u017eke","robots":{"index":"index","follow":"follow","max-snippet":"max-snippet:-1","max-image-preview":"max-image-preview:large","max-video-preview":"max-video-preview:-1"},"canonical":"https:\/\/www.beautypristroje.sk\/en\/product\/lpg-bodysphere-suit-xl\/","og_locale":"en_GB","og_type":"article","og_title":"LPG \/ Bodysphere Suit - velkos\u0165 XL - Beauty pr\u00edstroje","og_description":"LPG \/ Bodysphere Suit je elastick\u00fd oblek ur\u010den\u00fd telov\u00e9 proced\u00fary. Zabezpe\u010duje maxim\u00e1lnu hygienu, komfort a plynul\u00fd pohyb hlavice po poko\u017eke","og_url":"https:\/\/www.beautypristroje.sk\/en\/product\/lpg-bodysphere-suit-xl\/","og_site_name":"Beauty pr\u00edstroje","article_modified_time":"2026-01-27T14:27:29+00:00","og_image":[{"width":365,"height":365,"url":"https:\/\/www.beautypristroje.sk\/wp-content\/uploads\/2026\/01\/WhatsApp-Image-2026-01-24-at-12.36.52-1.jpeg","type":"image\/jpeg"}],"twitter_card":"summary_large_image","twitter_misc":{"Estimated reading time":"1 minute"},"schema":{"@context":"https:\/\/schema.org","@graph":[{"@type":"WebPage","@id":"https:\/\/www.beautypristroje.sk\/produkt\/lpg-bodysphere-suit-xl\/","url":"https:\/\/www.beautypristroje.sk\/produkt\/lpg-bodysphere-suit-xl\/","name":"LPG \/ Bodysphere Suit - velkos\u0165 XL - Beauty pr\u00edstroje","isPartOf":{"@id":"https:\/\/www.beautypristroje.sk\/#website"},"primaryImageOfPage":{"@id":"https:\/\/www.beautypristroje.sk\/produkt\/lpg-bodysphere-suit-xl\/#primaryimage"},"image":{"@id":"https:\/\/www.beautypristroje.sk\/produkt\/lpg-bodysphere-suit-xl\/#primaryimage"},"thumbnailUrl":"https:\/\/www.beautypristroje.sk\/wp-content\/uploads\/2026\/01\/WhatsApp-Image-2026-01-24-at-12.36.52-1.jpeg","datePublished":"2026-01-27T14:26:50+00:00","dateModified":"2026-01-27T14:27:29+00:00","description":"LPG \/ Bodysphere Suit je elastick\u00fd oblek ur\u010den\u00fd telov\u00e9 proced\u00fary. Zabezpe\u010duje maxim\u00e1lnu hygienu, komfort a plynul\u00fd pohyb hlavice po poko\u017eke","breadcrumb":{"@id":"https:\/\/www.beautypristroje.sk\/produkt\/lpg-bodysphere-suit-xl\/#breadcrumb"},"inLanguage":"en-GB","potentialAction":[{"@type":"ReadAction","target":["https:\/\/www.beautypristroje.sk\/produkt\/lpg-bodysphere-suit-xl\/"]}]},{"@type":"ImageObject","inLanguage":"en-GB","@id":"https:\/\/www.beautypristroje.sk\/produkt\/lpg-bodysphere-suit-xl\/#primaryimage","url":"https:\/\/www.beautypristroje.sk\/wp-content\/uploads\/2026\/01\/WhatsApp-Image-2026-01-24-at-12.36.52-1.jpeg","contentUrl":"https:\/\/www.beautypristroje.sk\/wp-content\/uploads\/2026\/01\/WhatsApp-Image-2026-01-24-at-12.36.52-1.jpeg","width":365,"height":365,"caption":"telovy oblek, elasticky oblek, Bodysphere, LPG, luxuryesthetic"},{"@type":"BreadcrumbList","@id":"https:\/\/www.beautypristroje.sk\/produkt\/lpg-bodysphere-suit-xl\/#breadcrumb","itemListElement":[{"@type":"ListItem","position":1,"name":"Domovsk\u00e1 str\u00e1nka","item":"https:\/\/www.beautypristroje.sk\/"},{"@type":"ListItem","position":2,"name":"Obchod","item":"https:\/\/www.beautypristroje.sk\/obchod\/"},{"@type":"ListItem","position":3,"name":"LPG \/ Bodysphere Suit &#8211; velkos\u0165 XL"}]},{"@type":"WebSite","@id":"https:\/\/www.beautypristroje.sk\/#website","url":"https:\/\/www.beautypristroje.sk\/","name":"Beauty pr\u00edstroje","description":"Profesion\u00e1lne kozmetick\u00e9 pr\u00edstroje pre sal\u00f3ny a kliniky","potentialAction":[{"@type":"SearchAction","target":{"@type":"EntryPoint","urlTemplate":"https:\/\/www.beautypristroje.sk\/?s={search_term_string}"},"query-input":{"@type":"PropertyValueSpecification","valueRequired":true,"valueName":"search_term_string"}}],"inLanguage":"en-GB"}]}},"_links":{"self":[{"href":"https:\/\/www.beautypristroje.sk\/en\/wp-json\/wp\/v2\/product\/2912","targetHints":{"allow":["GET"]}}],"collection":[{"href":"https:\/\/www.beautypristroje.sk\/en\/wp-json\/wp\/v2\/product"}],"about":[{"href":"https:\/\/www.beautypristroje.sk\/en\/wp-json\/wp\/v2\/types\/product"}],"replies":[{"embeddable":true,"href":"https:\/\/www.beautypristroje.sk\/en\/wp-json\/wp\/v2\/comments?post=2912"}],"wp:featuredmedia":[{"embeddable":true,"href":"https:\/\/www.beautypristroje.sk\/en\/wp-json\/wp\/v2\/media\/2910"}],"wp:attachment":[{"href":"https:\/\/www.beautypristroje.sk\/en\/wp-json\/wp\/v2\/media?parent=2912"}],"wp:term":[{"taxonomy":"product_brand","embeddable":true,"href":"https:\/\/www.beautypristroje.sk\/en\/wp-json\/wp\/v2\/product_brand?post=2912"},{"taxonomy":"product_cat","embeddable":true,"href":"https:\/\/www.beautypristroje.sk\/en\/wp-json\/wp\/v2\/product_cat?post=2912"},{"taxonomy":"product_tag","embeddable":true,"href":"https:\/\/www.beautypristroje.sk\/en\/wp-json\/wp\/v2\/product_tag?post=2912"}],"curies":[{"name":"wp","href":"https:\/\/api.w.org\/{rel}","templated":true}]}}