{"id":2885,"date":"2026-01-24T15:27:36","date_gmt":"2026-01-24T14:27:36","guid":{"rendered":"https:\/\/www.beautypristroje.sk\/?post_type=product&#038;p=2885"},"modified":"2026-04-22T20:24:07","modified_gmt":"2026-04-22T18:24:07","slug":"cistiaca-tekutina-aquasolution-ps1","status":"publish","type":"product","link":"https:\/\/www.beautypristroje.sk\/en\/product\/cistiaca-tekutina-aquasolution-ps1\/","title":{"rendered":"\u010cistiaca tekutina Aquasolution Ps1"},"content":{"rendered":"<div class=\"n4sEPd\">\n<div class=\"QFw9Te BLojaf\">\u010cistiaca tekutina Aquasolution Ps1 je vhodn\u00e1 pre v\u0161etky typy pleti<\/div>\n<\/div>\n<h3>Funkcia:<\/h3>\n<p>h\u013abkovo \u010dist\u00ed p\u00f3ry a udr\u017eiava ple\u0165 \u010dist\u00fa<\/p>\n<h3>Zlo\u017eenie:<\/h3>\n<h5>\u00da\u010dinn\u00e9 l\u00e1tky:<\/h5>\n<p>Kyselina mlie\u010dna 5 %<\/p>\n<h5>Ne\u00fa\u010dinn\u00e9 l\u00e1tky:<\/h5>\n<p>Voda, butylglycer\u00edn, kyselina glykolov\u00e1, dipropyl\u00e9nglykol, kyselina polyglut\u00e1mov\u00e1, mo\u010dovina, hydroxid draseln\u00fd, extrakt z levandule \u00fazkolistej (Lavandula Angustifolia), extrakt z listov monardy dvojdomej (Monarda didyma), extrakt z listov m\u00e4ty piepornej (Mentha Piperita), extrakt z kvetov m\u00e4ty pravej (Anthemis Nobiis), extrakt z listov rozmar\u00ednu lek\u00e1rskeho (Rosmarinus officinalis), disodum adenoz\u00edntrifosf\u00e1t, alg\u00edn, extrakt z plodov pap\u00e1je (Carica Papaya), hydroxyetylcelul\u00f3za.<\/p>\n<h3>Pou\u017eitie:<\/h3>\n<p>Vhodn\u00e9 pre typy pr\u00edstrojov :\u00a0 <a href=\"https:\/\/www.beautypristroje.sk\/en\/product\/aquastar\/\">AquaStar,<\/a> <a href=\"https:\/\/www.beautypristroje.sk\/en\/product\/aqua-star-luxury\/\">Aquastar Luxury<\/a>, <a href=\"https:\/\/www.beautypristroje.sk\/en\/product\/aquastar-new\/\">AquaStar New<\/a>, <a href=\"https:\/\/www.beautypristroje.sk\/en\/product\/aurafusion-pro-12\/\">Aurafusion Pro<\/a>, <a href=\"https:\/\/www.beautypristroje.sk\/en\/product\/17v1-kozmeticky-multifunkcny-pristroj\/\">17v1 Kozmetick\u00fd multifunk\u010dn\u00fd pr\u00edstroj<\/a><\/p>\n<p>*uveden\u00e9 l\u00e1tky s\u00fa povolen\u00e9 v E\u00da, ak s\u00fa pou\u017eit\u00e9 v s\u00falade s nariaden\u00edm (ES) \u010d. 1223\/2009 o kozmetick\u00fdch v\u00fdrobkoch.<\/p>","protected":false},"excerpt":{"rendered":"<p>\u010cistiaca tekutina vhodn\u00e1 do pr\u00edstrojov na profesion\u00e1lne h\u013abkov\u00e9 \u010distenie, hydrat\u00e1ciu a omladenie pleti.<\/p>\n<p>Ps1 h\u013abkovo \u010dist\u00ed p\u00f3ry a udr\u017eiava ple\u0165 \u010dist\u00fa<\/p>","protected":false},"featured_media":2887,"comment_status":"closed","ping_status":"closed","template":"","meta":{"_acf_changed":false},"product_brand":[],"product_cat":[27,15],"product_tag":[],"class_list":{"0":"post-2885","1":"product","2":"type-product","3":"status-publish","4":"has-post-thumbnail","6":"product_cat-accessories","7":"product_cat-beauty-technologie","9":"first","10":"instock","11":"taxable","12":"shipping-taxable","13":"purchasable","14":"product-type-simple"},"acf":[],"yoast_head":"<!-- This site is optimized with the Yoast SEO plugin v27.5 - https:\/\/yoast.com\/product\/yoast-seo-wordpress\/ -->\n<title>\u010cistiaca tekutina Aquasolution Ps1 - Beauty pr\u00edstroje<\/title>\n<meta name=\"description\" content=\"Aquasolution PS1 - \u010distiaca tekutina vhodn\u00e1 do pr\u00edstrojov na profesion\u00e1lne h\u013abkov\u00e9 \u010distenie, hydrat\u00e1ciu a omladenie pleti vhodn\u00e1 pre v\u0161etky typy pleti.\" \/>\n<meta name=\"robots\" content=\"index, follow, max-snippet:-1, max-image-preview:large, max-video-preview:-1\" \/>\n<link rel=\"canonical\" href=\"https:\/\/www.beautypristroje.sk\/en\/product\/cistiaca-tekutina-aquasolution-ps1\/\" \/>\n<meta property=\"og:locale\" content=\"en_GB\" \/>\n<meta property=\"og:type\" content=\"article\" \/>\n<meta property=\"og:title\" content=\"\u010cistiaca tekutina Aquasolution Ps1 - Beauty pr\u00edstroje\" \/>\n<meta property=\"og:description\" content=\"Aquasolution PS1 - \u010distiaca tekutina vhodn\u00e1 do pr\u00edstrojov na profesion\u00e1lne h\u013abkov\u00e9 \u010distenie, hydrat\u00e1ciu a omladenie pleti vhodn\u00e1 pre v\u0161etky typy pleti.\" \/>\n<meta property=\"og:url\" content=\"https:\/\/www.beautypristroje.sk\/en\/product\/cistiaca-tekutina-aquasolution-ps1\/\" \/>\n<meta property=\"og:site_name\" content=\"Beauty pr\u00edstroje\" \/>\n<meta property=\"article:modified_time\" content=\"2026-04-22T18:24:07+00:00\" \/>\n<meta property=\"og:image\" content=\"https:\/\/www.beautypristroje.sk\/wp-content\/uploads\/2026\/01\/Aquasolution-PS1-1.png\" \/>\n\t<meta property=\"og:image:width\" content=\"420\" \/>\n\t<meta property=\"og:image:height\" content=\"424\" \/>\n\t<meta property=\"og:image:type\" content=\"image\/png\" \/>\n<meta name=\"twitter:card\" content=\"summary_large_image\" \/>\n<meta name=\"twitter:label1\" content=\"Estimated reading time\" \/>\n\t<meta name=\"twitter:data1\" content=\"1 minute\" \/>\n<script type=\"application\/ld+json\" class=\"yoast-schema-graph\">{\"@context\":\"https:\\\/\\\/schema.org\",\"@graph\":[{\"@type\":\"WebPage\",\"@id\":\"https:\\\/\\\/www.beautypristroje.sk\\\/produkt\\\/cistiaca-tekutina-aquasolution-ps1\\\/\",\"url\":\"https:\\\/\\\/www.beautypristroje.sk\\\/produkt\\\/cistiaca-tekutina-aquasolution-ps1\\\/\",\"name\":\"\u010cistiaca tekutina Aquasolution Ps1 - Beauty pr\u00edstroje\",\"isPartOf\":{\"@id\":\"https:\\\/\\\/www.beautypristroje.sk\\\/#website\"},\"primaryImageOfPage\":{\"@id\":\"https:\\\/\\\/www.beautypristroje.sk\\\/produkt\\\/cistiaca-tekutina-aquasolution-ps1\\\/#primaryimage\"},\"image\":{\"@id\":\"https:\\\/\\\/www.beautypristroje.sk\\\/produkt\\\/cistiaca-tekutina-aquasolution-ps1\\\/#primaryimage\"},\"thumbnailUrl\":\"https:\\\/\\\/www.beautypristroje.sk\\\/wp-content\\\/uploads\\\/2026\\\/01\\\/Aquasolution-PS1-1.png\",\"datePublished\":\"2026-01-24T14:27:36+00:00\",\"dateModified\":\"2026-04-22T18:24:07+00:00\",\"description\":\"Aquasolution PS1 - \u010distiaca tekutina vhodn\u00e1 do pr\u00edstrojov na profesion\u00e1lne h\u013abkov\u00e9 \u010distenie, hydrat\u00e1ciu a omladenie pleti vhodn\u00e1 pre v\u0161etky typy pleti.\",\"breadcrumb\":{\"@id\":\"https:\\\/\\\/www.beautypristroje.sk\\\/produkt\\\/cistiaca-tekutina-aquasolution-ps1\\\/#breadcrumb\"},\"inLanguage\":\"en-GB\",\"potentialAction\":[{\"@type\":\"ReadAction\",\"target\":[\"https:\\\/\\\/www.beautypristroje.sk\\\/produkt\\\/cistiaca-tekutina-aquasolution-ps1\\\/\"]}]},{\"@type\":\"ImageObject\",\"inLanguage\":\"en-GB\",\"@id\":\"https:\\\/\\\/www.beautypristroje.sk\\\/produkt\\\/cistiaca-tekutina-aquasolution-ps1\\\/#primaryimage\",\"url\":\"https:\\\/\\\/www.beautypristroje.sk\\\/wp-content\\\/uploads\\\/2026\\\/01\\\/Aquasolution-PS1-1.png\",\"contentUrl\":\"https:\\\/\\\/www.beautypristroje.sk\\\/wp-content\\\/uploads\\\/2026\\\/01\\\/Aquasolution-PS1-1.png\",\"width\":420,\"height\":424},{\"@type\":\"BreadcrumbList\",\"@id\":\"https:\\\/\\\/www.beautypristroje.sk\\\/produkt\\\/cistiaca-tekutina-aquasolution-ps1\\\/#breadcrumb\",\"itemListElement\":[{\"@type\":\"ListItem\",\"position\":1,\"name\":\"Domovsk\u00e1 str\u00e1nka\",\"item\":\"https:\\\/\\\/www.beautypristroje.sk\\\/\"},{\"@type\":\"ListItem\",\"position\":2,\"name\":\"Obchod\",\"item\":\"https:\\\/\\\/www.beautypristroje.sk\\\/obchod\\\/\"},{\"@type\":\"ListItem\",\"position\":3,\"name\":\"\u010cistiaca tekutina Aquasolution Ps1\"}]},{\"@type\":\"WebSite\",\"@id\":\"https:\\\/\\\/www.beautypristroje.sk\\\/#website\",\"url\":\"https:\\\/\\\/www.beautypristroje.sk\\\/\",\"name\":\"Beauty pr\u00edstroje\",\"description\":\"Profesion\u00e1lne kozmetick\u00e9 pr\u00edstroje pre sal\u00f3ny a kliniky\",\"potentialAction\":[{\"@type\":\"SearchAction\",\"target\":{\"@type\":\"EntryPoint\",\"urlTemplate\":\"https:\\\/\\\/www.beautypristroje.sk\\\/?s={search_term_string}\"},\"query-input\":{\"@type\":\"PropertyValueSpecification\",\"valueRequired\":true,\"valueName\":\"search_term_string\"}}],\"inLanguage\":\"en-GB\"}]}<\/script>\n<!-- \/ Yoast SEO plugin. -->","yoast_head_json":{"title":"\u010cistiaca tekutina Aquasolution Ps1 - Beauty pr\u00edstroje","description":"Aquasolution PS1 - \u010distiaca tekutina vhodn\u00e1 do pr\u00edstrojov na profesion\u00e1lne h\u013abkov\u00e9 \u010distenie, hydrat\u00e1ciu a omladenie pleti vhodn\u00e1 pre v\u0161etky typy pleti.","robots":{"index":"index","follow":"follow","max-snippet":"max-snippet:-1","max-image-preview":"max-image-preview:large","max-video-preview":"max-video-preview:-1"},"canonical":"https:\/\/www.beautypristroje.sk\/en\/product\/cistiaca-tekutina-aquasolution-ps1\/","og_locale":"en_GB","og_type":"article","og_title":"\u010cistiaca tekutina Aquasolution Ps1 - Beauty pr\u00edstroje","og_description":"Aquasolution PS1 - \u010distiaca tekutina vhodn\u00e1 do pr\u00edstrojov na profesion\u00e1lne h\u013abkov\u00e9 \u010distenie, hydrat\u00e1ciu a omladenie pleti vhodn\u00e1 pre v\u0161etky typy pleti.","og_url":"https:\/\/www.beautypristroje.sk\/en\/product\/cistiaca-tekutina-aquasolution-ps1\/","og_site_name":"Beauty pr\u00edstroje","article_modified_time":"2026-04-22T18:24:07+00:00","og_image":[{"width":420,"height":424,"url":"https:\/\/www.beautypristroje.sk\/wp-content\/uploads\/2026\/01\/Aquasolution-PS1-1.png","type":"image\/png"}],"twitter_card":"summary_large_image","twitter_misc":{"Estimated reading time":"1 minute"},"schema":{"@context":"https:\/\/schema.org","@graph":[{"@type":"WebPage","@id":"https:\/\/www.beautypristroje.sk\/produkt\/cistiaca-tekutina-aquasolution-ps1\/","url":"https:\/\/www.beautypristroje.sk\/produkt\/cistiaca-tekutina-aquasolution-ps1\/","name":"\u010cistiaca tekutina Aquasolution Ps1 - Beauty pr\u00edstroje","isPartOf":{"@id":"https:\/\/www.beautypristroje.sk\/#website"},"primaryImageOfPage":{"@id":"https:\/\/www.beautypristroje.sk\/produkt\/cistiaca-tekutina-aquasolution-ps1\/#primaryimage"},"image":{"@id":"https:\/\/www.beautypristroje.sk\/produkt\/cistiaca-tekutina-aquasolution-ps1\/#primaryimage"},"thumbnailUrl":"https:\/\/www.beautypristroje.sk\/wp-content\/uploads\/2026\/01\/Aquasolution-PS1-1.png","datePublished":"2026-01-24T14:27:36+00:00","dateModified":"2026-04-22T18:24:07+00:00","description":"Aquasolution PS1 - \u010distiaca tekutina vhodn\u00e1 do pr\u00edstrojov na profesion\u00e1lne h\u013abkov\u00e9 \u010distenie, hydrat\u00e1ciu a omladenie pleti vhodn\u00e1 pre v\u0161etky typy pleti.","breadcrumb":{"@id":"https:\/\/www.beautypristroje.sk\/produkt\/cistiaca-tekutina-aquasolution-ps1\/#breadcrumb"},"inLanguage":"en-GB","potentialAction":[{"@type":"ReadAction","target":["https:\/\/www.beautypristroje.sk\/produkt\/cistiaca-tekutina-aquasolution-ps1\/"]}]},{"@type":"ImageObject","inLanguage":"en-GB","@id":"https:\/\/www.beautypristroje.sk\/produkt\/cistiaca-tekutina-aquasolution-ps1\/#primaryimage","url":"https:\/\/www.beautypristroje.sk\/wp-content\/uploads\/2026\/01\/Aquasolution-PS1-1.png","contentUrl":"https:\/\/www.beautypristroje.sk\/wp-content\/uploads\/2026\/01\/Aquasolution-PS1-1.png","width":420,"height":424},{"@type":"BreadcrumbList","@id":"https:\/\/www.beautypristroje.sk\/produkt\/cistiaca-tekutina-aquasolution-ps1\/#breadcrumb","itemListElement":[{"@type":"ListItem","position":1,"name":"Domovsk\u00e1 str\u00e1nka","item":"https:\/\/www.beautypristroje.sk\/"},{"@type":"ListItem","position":2,"name":"Obchod","item":"https:\/\/www.beautypristroje.sk\/obchod\/"},{"@type":"ListItem","position":3,"name":"\u010cistiaca tekutina Aquasolution Ps1"}]},{"@type":"WebSite","@id":"https:\/\/www.beautypristroje.sk\/#website","url":"https:\/\/www.beautypristroje.sk\/","name":"Beauty pr\u00edstroje","description":"Profesion\u00e1lne kozmetick\u00e9 pr\u00edstroje pre sal\u00f3ny a kliniky","potentialAction":[{"@type":"SearchAction","target":{"@type":"EntryPoint","urlTemplate":"https:\/\/www.beautypristroje.sk\/?s={search_term_string}"},"query-input":{"@type":"PropertyValueSpecification","valueRequired":true,"valueName":"search_term_string"}}],"inLanguage":"en-GB"}]}},"_links":{"self":[{"href":"https:\/\/www.beautypristroje.sk\/en\/wp-json\/wp\/v2\/product\/2885","targetHints":{"allow":["GET"]}}],"collection":[{"href":"https:\/\/www.beautypristroje.sk\/en\/wp-json\/wp\/v2\/product"}],"about":[{"href":"https:\/\/www.beautypristroje.sk\/en\/wp-json\/wp\/v2\/types\/product"}],"replies":[{"embeddable":true,"href":"https:\/\/www.beautypristroje.sk\/en\/wp-json\/wp\/v2\/comments?post=2885"}],"wp:featuredmedia":[{"embeddable":true,"href":"https:\/\/www.beautypristroje.sk\/en\/wp-json\/wp\/v2\/media\/2887"}],"wp:attachment":[{"href":"https:\/\/www.beautypristroje.sk\/en\/wp-json\/wp\/v2\/media?parent=2885"}],"wp:term":[{"taxonomy":"product_brand","embeddable":true,"href":"https:\/\/www.beautypristroje.sk\/en\/wp-json\/wp\/v2\/product_brand?post=2885"},{"taxonomy":"product_cat","embeddable":true,"href":"https:\/\/www.beautypristroje.sk\/en\/wp-json\/wp\/v2\/product_cat?post=2885"},{"taxonomy":"product_tag","embeddable":true,"href":"https:\/\/www.beautypristroje.sk\/en\/wp-json\/wp\/v2\/product_tag?post=2885"}],"curies":[{"name":"wp","href":"https:\/\/api.w.org\/{rel}","templated":true}]}}