{"id":2879,"date":"2026-01-24T15:14:25","date_gmt":"2026-01-24T14:14:25","guid":{"rendered":"https:\/\/www.beautypristroje.sk\/?post_type=product&#038;p=2879"},"modified":"2026-01-24T15:20:40","modified_gmt":"2026-01-24T14:20:40","slug":"cistiaca-tekutina-hydrasolution-as1","status":"publish","type":"product","link":"https:\/\/www.beautypristroje.sk\/en\/product\/cistiaca-tekutina-hydrasolution-as1\/","title":{"rendered":"\u010cistiaca tekutina Hydrasolution AS1"},"content":{"rendered":"<p>\u010cistiaca tekutina Hydrasolution AS1 je vhodn\u00e1 pre v\u0161etky typy pleti<\/p>\n<h3>Funkcia:<\/h3>\n<p>\u010cist\u00e1 exfoli\u00e1cia, mierna a nedr\u00e1\u017ediv\u00e1, jemn\u00e1 exfoli\u00e1cia, bez pridan\u00fdch l\u00e1tok, indukuje odlupovanie keratinocytov, dlhotrvaj\u00faca hydrat\u00e1cia podporuje regener\u00e1ciu kolag\u00e9nu.<\/p>\n<h3>Zlo\u017eenie:<\/h3>\n<p>Voda, urea, karboxamidy, kyselina hyalur\u00f3nov\u00e1, kyselina mlie\u010dna, fenoxyetanol, parfum, kyselina etyl\u00e9ndiam\u00edntetraoctov\u00e1<\/p>\n<h3>Pou\u017eitie:<\/h3>\n<p>Vhodn\u00e9 pre typy pr\u00edstrojov :\u00a0 <a href=\"https:\/\/www.beautypristroje.sk\/en\/product\/aquastar\/\">AquaStar,<\/a> <a href=\"https:\/\/www.beautypristroje.sk\/en\/product\/aqua-star-luxury\/\">Aquastar Luxury<\/a>, <a href=\"https:\/\/www.beautypristroje.sk\/en\/product\/aquastar-new\/\">AquaStar New<\/a>, <a href=\"https:\/\/www.beautypristroje.sk\/en\/product\/aurafusion-pro-12\/\">Aurafusion Pro<\/a>, <a href=\"https:\/\/www.beautypristroje.sk\/en\/product\/17v1-kozmeticky-multifunkcny-pristroj\/\">17v1 Kozmetick\u00fd multifunk\u010dn\u00fd pr\u00edstroj<\/a><\/p>\n<p>*uveden\u00e9 l\u00e1tky s\u00fa povolen\u00e9 v E\u00da, ak s\u00fa pou\u017eit\u00e9 v s\u00falade s nariaden\u00edm (ES) \u010d. 1223\/2009 o kozmetick\u00fdch v\u00fdrobkoch.<\/p>","protected":false},"excerpt":{"rendered":"<p>\u010cistiaca tekutina vhodn\u00e1 do pr\u00edstrojov na profesion\u00e1lne h\u013abkov\u00e9 \u010distenie, hydrat\u00e1ciu a omladenie pleti.<\/p>\n<p>AS1 na \u010distenie a \u00fapravu poko\u017eky<\/p>","protected":false},"featured_media":2880,"comment_status":"closed","ping_status":"closed","template":"","meta":{"_acf_changed":false},"product_brand":[],"product_cat":[27,15],"product_tag":[],"class_list":{"0":"post-2879","1":"product","2":"type-product","3":"status-publish","4":"has-post-thumbnail","6":"product_cat-accessories","7":"product_cat-beauty-technologie","9":"first","10":"instock","11":"taxable","12":"shipping-taxable","13":"purchasable","14":"product-type-simple"},"acf":[],"yoast_head":"<!-- This site is optimized with the Yoast SEO plugin v27.5 - https:\/\/yoast.com\/product\/yoast-seo-wordpress\/ -->\n<title>\u010cistiaca tekutina Hydrasolution AS1 - Beauty pr\u00edstroje<\/title>\n<meta name=\"description\" content=\"Hydrasolution AS1 - \u010distiaca tekutina vhodn\u00e1 do pr\u00edstrojov na profesion\u00e1lne h\u013abkov\u00e9 \u010distenie, hydrat\u00e1ciu a omladenie pleti.\" \/>\n<meta name=\"robots\" content=\"index, follow, max-snippet:-1, max-image-preview:large, max-video-preview:-1\" \/>\n<link rel=\"canonical\" href=\"https:\/\/www.beautypristroje.sk\/en\/product\/cistiaca-tekutina-hydrasolution-as1\/\" \/>\n<meta property=\"og:locale\" content=\"en_GB\" \/>\n<meta property=\"og:type\" content=\"article\" \/>\n<meta property=\"og:title\" content=\"\u010cistiaca tekutina Hydrasolution AS1 - Beauty pr\u00edstroje\" \/>\n<meta property=\"og:description\" content=\"Hydrasolution AS1 - \u010distiaca tekutina vhodn\u00e1 do pr\u00edstrojov na profesion\u00e1lne h\u013abkov\u00e9 \u010distenie, hydrat\u00e1ciu a omladenie pleti.\" \/>\n<meta property=\"og:url\" content=\"https:\/\/www.beautypristroje.sk\/en\/product\/cistiaca-tekutina-hydrasolution-as1\/\" \/>\n<meta property=\"og:site_name\" content=\"Beauty pr\u00edstroje\" \/>\n<meta property=\"article:modified_time\" content=\"2026-01-24T14:20:40+00:00\" \/>\n<meta property=\"og:image\" content=\"https:\/\/www.beautypristroje.sk\/wp-content\/uploads\/2026\/01\/WhatsApp-Image-2026-01-24-at-03.03.13-1.jpeg\" \/>\n\t<meta property=\"og:image:width\" content=\"542\" \/>\n\t<meta property=\"og:image:height\" content=\"582\" \/>\n\t<meta property=\"og:image:type\" content=\"image\/jpeg\" \/>\n<meta name=\"twitter:card\" content=\"summary_large_image\" \/>\n<meta name=\"twitter:label1\" content=\"Estimated reading time\" \/>\n\t<meta name=\"twitter:data1\" content=\"1 minute\" \/>\n<script type=\"application\/ld+json\" class=\"yoast-schema-graph\">{\"@context\":\"https:\\\/\\\/schema.org\",\"@graph\":[{\"@type\":\"WebPage\",\"@id\":\"https:\\\/\\\/www.beautypristroje.sk\\\/produkt\\\/cistiaca-tekutina-hydrasolution-as1\\\/\",\"url\":\"https:\\\/\\\/www.beautypristroje.sk\\\/produkt\\\/cistiaca-tekutina-hydrasolution-as1\\\/\",\"name\":\"\u010cistiaca tekutina Hydrasolution AS1 - Beauty pr\u00edstroje\",\"isPartOf\":{\"@id\":\"https:\\\/\\\/www.beautypristroje.sk\\\/#website\"},\"primaryImageOfPage\":{\"@id\":\"https:\\\/\\\/www.beautypristroje.sk\\\/produkt\\\/cistiaca-tekutina-hydrasolution-as1\\\/#primaryimage\"},\"image\":{\"@id\":\"https:\\\/\\\/www.beautypristroje.sk\\\/produkt\\\/cistiaca-tekutina-hydrasolution-as1\\\/#primaryimage\"},\"thumbnailUrl\":\"https:\\\/\\\/www.beautypristroje.sk\\\/wp-content\\\/uploads\\\/2026\\\/01\\\/WhatsApp-Image-2026-01-24-at-03.03.13-1.jpeg\",\"datePublished\":\"2026-01-24T14:14:25+00:00\",\"dateModified\":\"2026-01-24T14:20:40+00:00\",\"description\":\"Hydrasolution AS1 - \u010distiaca tekutina vhodn\u00e1 do pr\u00edstrojov na profesion\u00e1lne h\u013abkov\u00e9 \u010distenie, hydrat\u00e1ciu a omladenie pleti.\",\"breadcrumb\":{\"@id\":\"https:\\\/\\\/www.beautypristroje.sk\\\/produkt\\\/cistiaca-tekutina-hydrasolution-as1\\\/#breadcrumb\"},\"inLanguage\":\"en-GB\",\"potentialAction\":[{\"@type\":\"ReadAction\",\"target\":[\"https:\\\/\\\/www.beautypristroje.sk\\\/produkt\\\/cistiaca-tekutina-hydrasolution-as1\\\/\"]}]},{\"@type\":\"ImageObject\",\"inLanguage\":\"en-GB\",\"@id\":\"https:\\\/\\\/www.beautypristroje.sk\\\/produkt\\\/cistiaca-tekutina-hydrasolution-as1\\\/#primaryimage\",\"url\":\"https:\\\/\\\/www.beautypristroje.sk\\\/wp-content\\\/uploads\\\/2026\\\/01\\\/WhatsApp-Image-2026-01-24-at-03.03.13-1.jpeg\",\"contentUrl\":\"https:\\\/\\\/www.beautypristroje.sk\\\/wp-content\\\/uploads\\\/2026\\\/01\\\/WhatsApp-Image-2026-01-24-at-03.03.13-1.jpeg\",\"width\":542,\"height\":582,\"caption\":\"\u010distiaca tekutina Hydrasolution AS1, luxuryesthetic, Aquastar\"},{\"@type\":\"BreadcrumbList\",\"@id\":\"https:\\\/\\\/www.beautypristroje.sk\\\/produkt\\\/cistiaca-tekutina-hydrasolution-as1\\\/#breadcrumb\",\"itemListElement\":[{\"@type\":\"ListItem\",\"position\":1,\"name\":\"Domovsk\u00e1 str\u00e1nka\",\"item\":\"https:\\\/\\\/www.beautypristroje.sk\\\/\"},{\"@type\":\"ListItem\",\"position\":2,\"name\":\"Obchod\",\"item\":\"https:\\\/\\\/www.beautypristroje.sk\\\/obchod\\\/\"},{\"@type\":\"ListItem\",\"position\":3,\"name\":\"\u010cistiaca tekutina Hydrasolution AS1\"}]},{\"@type\":\"WebSite\",\"@id\":\"https:\\\/\\\/www.beautypristroje.sk\\\/#website\",\"url\":\"https:\\\/\\\/www.beautypristroje.sk\\\/\",\"name\":\"Beauty pr\u00edstroje\",\"description\":\"Profesion\u00e1lne kozmetick\u00e9 pr\u00edstroje pre sal\u00f3ny a kliniky\",\"potentialAction\":[{\"@type\":\"SearchAction\",\"target\":{\"@type\":\"EntryPoint\",\"urlTemplate\":\"https:\\\/\\\/www.beautypristroje.sk\\\/?s={search_term_string}\"},\"query-input\":{\"@type\":\"PropertyValueSpecification\",\"valueRequired\":true,\"valueName\":\"search_term_string\"}}],\"inLanguage\":\"en-GB\"}]}<\/script>\n<!-- \/ Yoast SEO plugin. -->","yoast_head_json":{"title":"\u010cistiaca tekutina Hydrasolution AS1 - Beauty pr\u00edstroje","description":"Hydrasolution AS1 - \u010distiaca tekutina vhodn\u00e1 do pr\u00edstrojov na profesion\u00e1lne h\u013abkov\u00e9 \u010distenie, hydrat\u00e1ciu a omladenie pleti.","robots":{"index":"index","follow":"follow","max-snippet":"max-snippet:-1","max-image-preview":"max-image-preview:large","max-video-preview":"max-video-preview:-1"},"canonical":"https:\/\/www.beautypristroje.sk\/en\/product\/cistiaca-tekutina-hydrasolution-as1\/","og_locale":"en_GB","og_type":"article","og_title":"\u010cistiaca tekutina Hydrasolution AS1 - Beauty pr\u00edstroje","og_description":"Hydrasolution AS1 - \u010distiaca tekutina vhodn\u00e1 do pr\u00edstrojov na profesion\u00e1lne h\u013abkov\u00e9 \u010distenie, hydrat\u00e1ciu a omladenie pleti.","og_url":"https:\/\/www.beautypristroje.sk\/en\/product\/cistiaca-tekutina-hydrasolution-as1\/","og_site_name":"Beauty pr\u00edstroje","article_modified_time":"2026-01-24T14:20:40+00:00","og_image":[{"width":542,"height":582,"url":"https:\/\/www.beautypristroje.sk\/wp-content\/uploads\/2026\/01\/WhatsApp-Image-2026-01-24-at-03.03.13-1.jpeg","type":"image\/jpeg"}],"twitter_card":"summary_large_image","twitter_misc":{"Estimated reading time":"1 minute"},"schema":{"@context":"https:\/\/schema.org","@graph":[{"@type":"WebPage","@id":"https:\/\/www.beautypristroje.sk\/produkt\/cistiaca-tekutina-hydrasolution-as1\/","url":"https:\/\/www.beautypristroje.sk\/produkt\/cistiaca-tekutina-hydrasolution-as1\/","name":"\u010cistiaca tekutina Hydrasolution AS1 - Beauty pr\u00edstroje","isPartOf":{"@id":"https:\/\/www.beautypristroje.sk\/#website"},"primaryImageOfPage":{"@id":"https:\/\/www.beautypristroje.sk\/produkt\/cistiaca-tekutina-hydrasolution-as1\/#primaryimage"},"image":{"@id":"https:\/\/www.beautypristroje.sk\/produkt\/cistiaca-tekutina-hydrasolution-as1\/#primaryimage"},"thumbnailUrl":"https:\/\/www.beautypristroje.sk\/wp-content\/uploads\/2026\/01\/WhatsApp-Image-2026-01-24-at-03.03.13-1.jpeg","datePublished":"2026-01-24T14:14:25+00:00","dateModified":"2026-01-24T14:20:40+00:00","description":"Hydrasolution AS1 - \u010distiaca tekutina vhodn\u00e1 do pr\u00edstrojov na profesion\u00e1lne h\u013abkov\u00e9 \u010distenie, hydrat\u00e1ciu a omladenie pleti.","breadcrumb":{"@id":"https:\/\/www.beautypristroje.sk\/produkt\/cistiaca-tekutina-hydrasolution-as1\/#breadcrumb"},"inLanguage":"en-GB","potentialAction":[{"@type":"ReadAction","target":["https:\/\/www.beautypristroje.sk\/produkt\/cistiaca-tekutina-hydrasolution-as1\/"]}]},{"@type":"ImageObject","inLanguage":"en-GB","@id":"https:\/\/www.beautypristroje.sk\/produkt\/cistiaca-tekutina-hydrasolution-as1\/#primaryimage","url":"https:\/\/www.beautypristroje.sk\/wp-content\/uploads\/2026\/01\/WhatsApp-Image-2026-01-24-at-03.03.13-1.jpeg","contentUrl":"https:\/\/www.beautypristroje.sk\/wp-content\/uploads\/2026\/01\/WhatsApp-Image-2026-01-24-at-03.03.13-1.jpeg","width":542,"height":582,"caption":"\u010distiaca tekutina Hydrasolution AS1, luxuryesthetic, Aquastar"},{"@type":"BreadcrumbList","@id":"https:\/\/www.beautypristroje.sk\/produkt\/cistiaca-tekutina-hydrasolution-as1\/#breadcrumb","itemListElement":[{"@type":"ListItem","position":1,"name":"Domovsk\u00e1 str\u00e1nka","item":"https:\/\/www.beautypristroje.sk\/"},{"@type":"ListItem","position":2,"name":"Obchod","item":"https:\/\/www.beautypristroje.sk\/obchod\/"},{"@type":"ListItem","position":3,"name":"\u010cistiaca tekutina Hydrasolution AS1"}]},{"@type":"WebSite","@id":"https:\/\/www.beautypristroje.sk\/#website","url":"https:\/\/www.beautypristroje.sk\/","name":"Beauty pr\u00edstroje","description":"Profesion\u00e1lne kozmetick\u00e9 pr\u00edstroje pre sal\u00f3ny a kliniky","potentialAction":[{"@type":"SearchAction","target":{"@type":"EntryPoint","urlTemplate":"https:\/\/www.beautypristroje.sk\/?s={search_term_string}"},"query-input":{"@type":"PropertyValueSpecification","valueRequired":true,"valueName":"search_term_string"}}],"inLanguage":"en-GB"}]}},"_links":{"self":[{"href":"https:\/\/www.beautypristroje.sk\/en\/wp-json\/wp\/v2\/product\/2879","targetHints":{"allow":["GET"]}}],"collection":[{"href":"https:\/\/www.beautypristroje.sk\/en\/wp-json\/wp\/v2\/product"}],"about":[{"href":"https:\/\/www.beautypristroje.sk\/en\/wp-json\/wp\/v2\/types\/product"}],"replies":[{"embeddable":true,"href":"https:\/\/www.beautypristroje.sk\/en\/wp-json\/wp\/v2\/comments?post=2879"}],"wp:featuredmedia":[{"embeddable":true,"href":"https:\/\/www.beautypristroje.sk\/en\/wp-json\/wp\/v2\/media\/2880"}],"wp:attachment":[{"href":"https:\/\/www.beautypristroje.sk\/en\/wp-json\/wp\/v2\/media?parent=2879"}],"wp:term":[{"taxonomy":"product_brand","embeddable":true,"href":"https:\/\/www.beautypristroje.sk\/en\/wp-json\/wp\/v2\/product_brand?post=2879"},{"taxonomy":"product_cat","embeddable":true,"href":"https:\/\/www.beautypristroje.sk\/en\/wp-json\/wp\/v2\/product_cat?post=2879"},{"taxonomy":"product_tag","embeddable":true,"href":"https:\/\/www.beautypristroje.sk\/en\/wp-json\/wp\/v2\/product_tag?post=2879"}],"curies":[{"name":"wp","href":"https:\/\/api.w.org\/{rel}","templated":true}]}}