{"id":2865,"date":"2026-01-22T15:33:59","date_gmt":"2026-01-22T14:33:59","guid":{"rendered":"https:\/\/www.beautypristroje.sk\/?post_type=product&#038;p=2865"},"modified":"2026-01-22T15:34:52","modified_gmt":"2026-01-22T14:34:52","slug":"facial-restart-kit-glam-pod","status":"publish","type":"product","link":"https:\/\/www.beautypristroje.sk\/en\/product\/facial-restart-kit-glam-pod\/","title":{"rendered":"Facial Restart Kit GLAM POD"},"content":{"rendered":"<p>Facial Restart Kit je navrhnut\u00fd pre pr\u00e1cu s CO\u2082 kysl\u00edkov\u00fdmi pr\u00edstrojmi a poskytuje cielen\u00e9 rie\u0161enia pre r\u00f4zne typy pleti a jej potreby \u2013 od hydrat\u00e1cie a\u017e po anti-age efekt.<\/p>\n<h3>Hlavn\u00e9 benefity<\/h3>\n<ul>\n<li>h\u013abkov\u00e9 okysli\u010denie pleti (Bohr efekt)<\/li>\n<li>vidite\u013en\u00e9 rozjasnenie a zjednotenie t\u00f3nu pleti<\/li>\n<li>spevnenie a zlep\u0161enie elasticity<\/li>\n<li>hydrat\u00e1cia a upokojenie pleti<\/li>\n<li>redukcia prejavov starnutia<\/li>\n<li>zlep\u0161enie text\u00fary a kvality pleti<\/li>\n<\/ul>\n<h3>Obsah a \u00fa\u010dinky jednotliv\u00fdch kaps\u00fal<\/h3>\n<h5>ILLUMINATE \u2013 Rozjasnenie pleti<\/h5>\n<p>Pom\u00e1ha obnovi\u0165 \u017eiarivos\u0165 pleti, zjednocuje t\u00f3n a zlep\u0161uje celkov\u00fd vzh\u013ead unavenej pleti.<\/p>\n<div class=\"n4sEPd\">\n<div class=\"QFw9Te BLojaf\">\n<div id=\"ow11\" class=\"NQSJo\"><span class=\"jCAhz ChMk0b\"><span class=\"ryNqvb\">O\u0161etrenie Illuminate je obzvl\u00e1\u0161\u0165 prospe\u0161n\u00e9 pre \u013eud\u00ed s hyperpigment\u00e1ciou alebo nerovnomern\u00fdm t\u00f3nom pleti.<\/span><\/span> <span class=\"jCAhz ChMk0b\"><span class=\"ryNqvb\">Toto omladzuj\u00face o\u0161etrenie pleti obsahuje: <\/span><\/span><\/div>\n<div class=\"NQSJo\"><span class=\"jCAhz ChMk0b\"><span class=\"ryNqvb\">* Vitam\u00edn C: rozjas\u0148uje ple\u0165 a stimuluje tvorbu kolag\u00e9nu <\/span><\/span><\/div>\n<div class=\"NQSJo\"><span class=\"jCAhz ChMk0b\"><span class=\"ryNqvb\">* Kyselinu kojov\u00fa a extrakt z opuncie: zosvet\u013euje tmav\u00e9 pigmentov\u00e9 \u0161kvrny <\/span><\/span><\/div>\n<div class=\"NQSJo\"><span class=\"jCAhz ChMk0b\"><span class=\"ryNqvb\">* Extrakt z mrkvy: obnovuje a vyp\u013a\u0148a ple\u0165 <\/span><\/span><\/div>\n<div class=\"NQSJo\"><span class=\"jCAhz ChMk0b\"><span class=\"ryNqvb\">* Bambuck\u00e9 maslo: obsahuje mastn\u00e9 kyseliny s protiz\u00e1palov\u00fdmi vlastnos\u0165ami, ktor\u00e9 zjem\u0148uj\u00fa poko\u017eku<\/span><\/span><\/div>\n<\/div>\n<\/div>\n<h5>REVIVE \u2013 Anti-age starostlivos\u0165<\/h5>\n<p>Cielen\u00e1 starostlivos\u0165 proti prejavom starnutia, podporuje regener\u00e1ciu a vitalitu pleti.<\/p>\n<p>O\u0161etrenie Revive zlep\u0161\u00ed t\u00f3n a elasticitu pleti a z\u00e1rove\u0148 vyhlad\u00ed jemn\u00e9 linky, vr\u00e1sky a \u010fal\u0161ie zn\u00e1mky starnutia. Je to skvel\u00e1 vo\u013eba pre pacientov so zrelou alebo starn\u00facou ple\u0165ou. Okrem \u010fal\u0161\u00edch hydrata\u010dn\u00fdch a vy\u017eivuj\u00facich zlo\u017eiek toto o\u0161etrenie obsahuje:<\/p>\n<p>* \u010cerven\u00e9 riasy: zastavuj\u00fa enz\u00fdmy rozkladaj\u00face kolag\u00e9n v poko\u017eky<\/p>\n<p>* Kyselinu k\u00e1vov\u00fa: stimuluje tvorbu kolag\u00e9nu<br \/>\n* Retinylpalmit\u00e1t: miernu formu retinolu, ktor\u00e1 zjednocuje t\u00f3n pleti a opravuje po\u0161kodenie slnkom * Kyselinu ferulov\u00fa: posil\u0148uje ko\u017en\u00fa bari\u00e9ru a vyhladzuje jemn\u00e9 linky a vr\u00e1sky<\/p>\n<h5>DETOX \u2013 Upokojenie a regener\u00e1cia<\/h5>\n<p>Ide\u00e1lne rie\u0161enie pre citliv\u00fa, podr\u00e1\u017eden\u00fa alebo stresovan\u00fa ple\u0165. Pom\u00e1ha obnovi\u0165 prirodzen\u00fa rovnov\u00e1hu pleti.<\/p>\n<div class=\"n4sEPd\">\n<div class=\"QFw9Te BLojaf\">\n<div id=\"ow11\" class=\"NQSJo\"><span class=\"jCAhz\"><span class=\"ryNqvb\">Toto detoxika\u010dn\u00e9 o\u0161etrenie tv\u00e1re upokoj\u00ed podr\u00e1\u017eden\u00fa poko\u017eku a pom\u00f4\u017ee v\u00e1m obnovi\u0165 ochrann\u00fa ko\u017en\u00fa bari\u00e9ru. Toto o\u0161etrenie obsahuje:<\/span><\/span><\/div>\n<div class=\"NQSJo\"><span class=\"jCAhz ChMk0b\"><span class=\"ryNqvb\">* Extrakt zo zelen\u00e9ho \u010daju: protiz\u00e1palov\u00e9 a antimikrobi\u00e1lne vlastnosti <\/span><\/span><\/div>\n<div class=\"NQSJo\"><span class=\"jCAhz ChMk0b\"><span class=\"ryNqvb\">* Glukon\u00e1t me\u010fnat\u00fd: stimuluje tvorbu kolag\u00e9nu a zabra\u0148uje po\u0161kodeniu environment\u00e1lnymi faktormi <\/span><\/span><\/div>\n<div class=\"NQSJo\"><span class=\"jCAhz ChMk0b\"><span class=\"ryNqvb\">* Marula olej: zabra\u0148uje po\u0161kodeniu vo\u013en\u00fdmi radik\u00e1lmi, ako s\u00fa UV \u017eiarenie a zne\u010distenie <\/span><\/span><\/div>\n<div class=\"NQSJo\"><span class=\"jCAhz ChMk0b\"><span class=\"ryNqvb\">* Kalam\u00edn a extrakt z gorg\u00f3nie: upokojuje podr\u00e1\u017eden\u00fa, za\u010dervenan\u00fa a\/alebo citliv\u00fa poko\u017eku<\/span><\/span><\/div>\n<\/div>\n<\/div>\n<h5>RETOUCH \u2013 Obnova a exfoli\u00e1cia<\/h5>\n<p>Jemne odstra\u0148uje odumret\u00e9 bunky, vyhladzuje povrch pleti a pripravuje ju na lep\u0161ie vstreb\u00e1vanie akt\u00edvnych l\u00e1tok.<\/p>\n<p>Zlep\u0161uje kvalitu a text\u00faru pleti a v\u00fdsledkom je hladk\u00e1 a rovnomern\u00e1 ple\u0165. \u00a0Obnova a exfoli\u00e1cia pleti<\/p>\n<p>V\u00fdsledkom je obnoven\u00e1 ko\u017en\u00e1 bari\u00e9ra a hodv\u00e1bne hladk\u00e1, prirodzene \u017eiariv\u00e1 a \u017eiariv\u00e1 ple\u0165 bez lesku.<\/p>\n<h5>GLAM POD \u2013 Spevnenie pleti<\/h5>\n<p>Podporuje liftingov\u00fd efekt, zlep\u0161uje pevnos\u0165 a kont\u00fary pleti.<\/p>\n<div class=\"n4sEPd\">\n<div class=\"QFw9Te BLojaf\"><\/div>\n<div class=\"FFpbKc\">\n<div class=\"xMmqsf\">\n<div class=\"nidPne\">\n<div id=\"ow17\" data-show-delay-ms=\"250\" data-append-to-body=\"true\" data-propagate-tooltip-mouseover-events=\"true\" data-anchor-corner=\"bottom-left\" data-enable-skip-handler=\"true\" data-popup-corner=\"top-left\">\n<div class=\"dig2sb\">\n<div class=\"scLCMd\">\n<div id=\"itamenu\"><span class=\"jCAhz\"><span class=\"ryNqvb\">O\u0161etrenie Glam zabra\u0148uje pred\u010dasn\u00e9mu starnutiu pleti posilnen\u00edm ko\u017enej bari\u00e9ry a hydrat\u00e1ciou poko\u017eky.<\/span><\/span> <span class=\"jCAhz ChMk0b\"><span class=\"ryNqvb\">Medzi hlavn\u00e9 zlo\u017eky nach\u00e1dzaj\u00face sa v o\u0161etren\u00ed Glam patria: <\/span><\/span><\/div>\n<div><span class=\"jCAhz ChMk0b\"><span class=\"ryNqvb\">* \u010cerven\u00e9 riasy: zastavuj\u00fa enz\u00fdmy rozkladaj\u00face kolag\u00e9n v poko\u017eke <\/span><\/span><\/div>\n<div><span class=\"jCAhz ChMk0b\"><span class=\"ryNqvb\">* Kyselina k\u00e1vov\u00e1: stimuluje tvorbu kolag\u00e9nu <\/span><\/span><\/div>\n<div><span class=\"jCAhz ChMk0b\"><span class=\"ryNqvb\">* Retinylpalmit\u00e1t: mierna forma retinolu, ktor\u00e1 zjednocuje t\u00f3n pleti a opravuje po\u0161kodenie slnkom * Kyselina ferulov\u00e1: posil\u0148uje ko\u017en\u00fa bari\u00e9ru a vyhladzuje jemn\u00e9 linky a vr\u00e1sky<\/span><\/span><\/div>\n<\/div>\n<\/div>\n<\/div>\n<\/div>\n<\/div>\n<\/div>\n<\/div>\n<h5>BALANCE \u2013 Pre mastn\u00fa ple\u0165<\/h5>\n<p>Pom\u00e1ha regulova\u0165 tvorbu ko\u017en\u00e9ho mazu a zanech\u00e1va ple\u0165 svie\u017eu a matn\u00fa.<\/p>\n<p>Je detoxika\u010dn\u00e9 o\u0161etrenie pre mastn\u00fa ple\u0165 so sklonom k \u200b\u200bakn\u00e9. Toto o\u0161etrenie tv\u00e1re vyu\u017e\u00edva antibakteri\u00e1lne zlo\u017eky na \u010distenie pleti, obmedzenie tvorby ko\u017en\u00e9ho mazu a prevenciu bud\u00faceho akn\u00e9. Medzi tieto \u00fa\u010dinn\u00e9 zlo\u017eky patria:<\/p>\n<p>* Bambusov\u00e9 uhlie: absorbuje ne\u010distoty sp\u00f4sobuj\u00face akn\u00e9 z poko\u017eky<br \/>\n* Extrakt z Camu-Camu: dod\u00e1va vitam\u00edny a antioxidanty, ktor\u00e9 zabra\u0148uj\u00fa po\u0161kodeniu UV \u017eiaren\u00edm a redukuj\u00fa hyperpigment\u00e1ciu<br \/>\n* Kyselina mand\u013eov\u00e1: jemne odlupuje poko\u017eku uvo\u013e\u0148ovan\u00edm odumret\u00fdch ko\u017en\u00fdch buniek<br \/>\n* V\u0155bov\u00e1 k\u00f4ra: pr\u00edrodn\u00e1 forma kyseliny salicylovej, ktor\u00e1 odlupuje poko\u017eku a odstra\u0148uje odumret\u00e9 ko\u017en\u00e9 bunky, \u010d\u00edm sa zmier\u0148uje za\u010dervenanie a z\u00e1pal<\/p>\n<h5>HYDRATE \u2013 Intenz\u00edvna hydrat\u00e1cia<\/h5>\n<p>Dod\u00e1va pleti potrebn\u00fa vlhkos\u0165, zlep\u0161uje pru\u017enos\u0165 a zanech\u00e1va ple\u0165 jemn\u00fa a svie\u017eu.<\/p>\n<div class=\"n4sEPd\">\n<div class=\"QFw9Te BLojaf\"><\/div>\n<div class=\"FFpbKc\">\n<div class=\"xMmqsf\"><span class=\"jCAhz ChMk0b\"><span class=\"ryNqvb\">Toto hydrata\u010dn\u00e9 o\u0161etrenie tv\u00e1re je skvelou vo\u013ebou pre \u013eud\u00ed so suchou alebo matnou ple\u0165ou.<\/span><\/span> <span class=\"jCAhz ChMk0b\"><span class=\"ryNqvb\">Medzi k\u013e\u00fa\u010dov\u00e9 zlo\u017eky, ktor\u00e9 posil\u0148uj\u00fa, vyp\u013a\u0148aj\u00fa a hydratuj\u00fa poko\u017eku, patria: <\/span><\/span><\/div>\n<div class=\"xMmqsf\"><span class=\"jCAhz ChMk0b\"><span class=\"ryNqvb\">* Modr\u00e1 spirulina: obsahuje antioxidanty, ktor\u00e9 pom\u00e1haj\u00fa poko\u017eke udr\u017eiava\u0165 vlhkos\u0165 <\/span><\/span><\/div>\n<div class=\"xMmqsf\"><span class=\"jCAhz ChMk0b\"><span class=\"ryNqvb\">* Niac\u00ednamid: zvy\u0161uje metabolizmus poko\u017eky a synt\u00e9zu bielkov\u00edn, \u010d\u00edm sa zlep\u0161uj\u00fa roz\u0161\u00edren\u00e9 p\u00f3ry <\/span><\/span><\/div>\n<div class=\"xMmqsf\"><span class=\"jCAhz ChMk0b\"><span class=\"ryNqvb\">* Kyselina PHA-laktobionov\u00e1: jemne exfoliuje a hydratuje poko\u017eku <\/span><\/span><\/div>\n<div class=\"xMmqsf\"><span class=\"jCAhz ChMk0b\"><span class=\"ryNqvb\">* Kyselina hyalur\u00f3nov\u00e1 a vitam\u00edn B5: rehydratuj\u00fa poko\u017eku a zlep\u0161uj\u00fa zadr\u017eiavanie vlhkosti <\/span><\/span><\/div>\n<div class=\"xMmqsf\"><span class=\"jCAhz ChMk0b\"><span class=\"ryNqvb\">* Arganov\u00fd olej: omega mastn\u00e9 kyseliny, vitam\u00edn R a kyselina linolov\u00e1 zjem\u0148uj\u00fa such\u00fa poko\u017eku a zni\u017euj\u00fa z\u00e1pal<\/span><\/span><\/div>\n<\/div>\n<\/div>\n<h3>Pou\u017eitie<\/h3>\n<p>Ur\u010den\u00e9 v\u00fdhradne pre profesion\u00e1lne pou\u017eitie s CO\u2082 oxygen pr\u00edstrojmi v kozmetick\u00fdch sal\u00f3noch.<\/p>\n<h3>Pre koho je produkt vhodn\u00fd<\/h3>\n<ul>\n<li>profesion\u00e1lne kozmetick\u00e9 sal\u00f3ny<\/li>\n<li>estetick\u00e9 kliniky<\/li>\n<li>klientov so v\u0161etk\u00fdmi typmi pleti<\/li>\n<\/ul>\n<h3>Obsah Balenia<\/h3>\n<p>Oxygeneo kapsule &#8211; 6ks<\/p>\n<p>G\u00e9l &#8211; 6ks<\/p>\n<p>S\u00e9rum &#8211; 6ks<\/p>","protected":false},"excerpt":{"rendered":"<p>Facial Restart Kit pre CO\u2082 Oxygen pr\u00edstroj &#8211; kompletn\u00fd profesion\u00e1lny set akt\u00edvnych kaps\u00fal pre intenz\u00edvnu obnovu, okysli\u010denie a regener\u00e1ciu pleti.<\/p>","protected":false},"featured_media":2866,"comment_status":"closed","ping_status":"closed","template":"","meta":{"_acf_changed":false},"product_brand":[],"product_cat":[27,15],"product_tag":[],"class_list":{"0":"post-2865","1":"product","2":"type-product","3":"status-publish","4":"has-post-thumbnail","6":"product_cat-accessories","7":"product_cat-beauty-technologie","9":"first","10":"instock","11":"taxable","12":"shipping-taxable","13":"purchasable","14":"product-type-simple"},"acf":[],"yoast_head":"<!-- This site is optimized with the Yoast SEO plugin v27.5 - https:\/\/yoast.com\/product\/yoast-seo-wordpress\/ -->\n<title>Facial Restart Kit GLAM POD - Beauty pr\u00edstroje<\/title>\n<meta name=\"description\" content=\"Facial Restart Kit pre CO\u2082 Oxygen pr\u00edstroj - kompletn\u00fd profesion\u00e1lny set akt\u00edvnych kaps\u00fal pre intenz\u00edvnu obnovu, okysli\u010denie a regener\u00e1ciu pleti.\" \/>\n<meta name=\"robots\" content=\"index, follow, max-snippet:-1, max-image-preview:large, max-video-preview:-1\" \/>\n<link rel=\"canonical\" href=\"https:\/\/www.beautypristroje.sk\/en\/product\/facial-restart-kit-glam-pod\/\" \/>\n<meta property=\"og:locale\" content=\"en_GB\" \/>\n<meta property=\"og:type\" content=\"article\" \/>\n<meta property=\"og:title\" content=\"Facial Restart Kit GLAM POD - Beauty pr\u00edstroje\" \/>\n<meta property=\"og:description\" content=\"Facial Restart Kit pre CO\u2082 Oxygen pr\u00edstroj - kompletn\u00fd profesion\u00e1lny set akt\u00edvnych kaps\u00fal pre intenz\u00edvnu obnovu, okysli\u010denie a regener\u00e1ciu pleti.\" \/>\n<meta property=\"og:url\" content=\"https:\/\/www.beautypristroje.sk\/en\/product\/facial-restart-kit-glam-pod\/\" \/>\n<meta property=\"og:site_name\" content=\"Beauty pr\u00edstroje\" \/>\n<meta property=\"article:modified_time\" content=\"2026-01-22T14:34:52+00:00\" \/>\n<meta property=\"og:image\" content=\"https:\/\/www.beautypristroje.sk\/wp-content\/uploads\/2026\/01\/WhatsApp-Image-2026-01-22-at-14.09.51-4-rotated.jpeg\" \/>\n\t<meta property=\"og:image:width\" content=\"800\" \/>\n\t<meta property=\"og:image:height\" content=\"800\" \/>\n\t<meta property=\"og:image:type\" content=\"image\/jpeg\" \/>\n<meta name=\"twitter:card\" content=\"summary_large_image\" \/>\n<meta name=\"twitter:label1\" content=\"Estimated reading time\" \/>\n\t<meta name=\"twitter:data1\" content=\"4 minutes\" \/>\n<script type=\"application\/ld+json\" class=\"yoast-schema-graph\">{\"@context\":\"https:\\\/\\\/schema.org\",\"@graph\":[{\"@type\":\"WebPage\",\"@id\":\"https:\\\/\\\/www.beautypristroje.sk\\\/produkt\\\/facial-restart-kit-glam-pod\\\/\",\"url\":\"https:\\\/\\\/www.beautypristroje.sk\\\/produkt\\\/facial-restart-kit-glam-pod\\\/\",\"name\":\"Facial Restart Kit GLAM POD - Beauty pr\u00edstroje\",\"isPartOf\":{\"@id\":\"https:\\\/\\\/www.beautypristroje.sk\\\/#website\"},\"primaryImageOfPage\":{\"@id\":\"https:\\\/\\\/www.beautypristroje.sk\\\/produkt\\\/facial-restart-kit-glam-pod\\\/#primaryimage\"},\"image\":{\"@id\":\"https:\\\/\\\/www.beautypristroje.sk\\\/produkt\\\/facial-restart-kit-glam-pod\\\/#primaryimage\"},\"thumbnailUrl\":\"https:\\\/\\\/www.beautypristroje.sk\\\/wp-content\\\/uploads\\\/2026\\\/01\\\/WhatsApp-Image-2026-01-22-at-14.09.51-4-rotated.jpeg\",\"datePublished\":\"2026-01-22T14:33:59+00:00\",\"dateModified\":\"2026-01-22T14:34:52+00:00\",\"description\":\"Facial Restart Kit pre CO\u2082 Oxygen pr\u00edstroj - kompletn\u00fd profesion\u00e1lny set akt\u00edvnych kaps\u00fal pre intenz\u00edvnu obnovu, okysli\u010denie a regener\u00e1ciu pleti.\",\"breadcrumb\":{\"@id\":\"https:\\\/\\\/www.beautypristroje.sk\\\/produkt\\\/facial-restart-kit-glam-pod\\\/#breadcrumb\"},\"inLanguage\":\"en-GB\",\"potentialAction\":[{\"@type\":\"ReadAction\",\"target\":[\"https:\\\/\\\/www.beautypristroje.sk\\\/produkt\\\/facial-restart-kit-glam-pod\\\/\"]}]},{\"@type\":\"ImageObject\",\"inLanguage\":\"en-GB\",\"@id\":\"https:\\\/\\\/www.beautypristroje.sk\\\/produkt\\\/facial-restart-kit-glam-pod\\\/#primaryimage\",\"url\":\"https:\\\/\\\/www.beautypristroje.sk\\\/wp-content\\\/uploads\\\/2026\\\/01\\\/WhatsApp-Image-2026-01-22-at-14.09.51-4-rotated.jpeg\",\"contentUrl\":\"https:\\\/\\\/www.beautypristroje.sk\\\/wp-content\\\/uploads\\\/2026\\\/01\\\/WhatsApp-Image-2026-01-22-at-14.09.51-4-rotated.jpeg\",\"width\":800,\"height\":800,\"caption\":\"Facial restart Kit, Oxygeneo kapsule, luxuryesthetic\"},{\"@type\":\"BreadcrumbList\",\"@id\":\"https:\\\/\\\/www.beautypristroje.sk\\\/produkt\\\/facial-restart-kit-glam-pod\\\/#breadcrumb\",\"itemListElement\":[{\"@type\":\"ListItem\",\"position\":1,\"name\":\"Domovsk\u00e1 str\u00e1nka\",\"item\":\"https:\\\/\\\/www.beautypristroje.sk\\\/\"},{\"@type\":\"ListItem\",\"position\":2,\"name\":\"Obchod\",\"item\":\"https:\\\/\\\/www.beautypristroje.sk\\\/obchod\\\/\"},{\"@type\":\"ListItem\",\"position\":3,\"name\":\"Facial Restart Kit GLAM POD\"}]},{\"@type\":\"WebSite\",\"@id\":\"https:\\\/\\\/www.beautypristroje.sk\\\/#website\",\"url\":\"https:\\\/\\\/www.beautypristroje.sk\\\/\",\"name\":\"Beauty pr\u00edstroje\",\"description\":\"Profesion\u00e1lne kozmetick\u00e9 pr\u00edstroje pre sal\u00f3ny a kliniky\",\"potentialAction\":[{\"@type\":\"SearchAction\",\"target\":{\"@type\":\"EntryPoint\",\"urlTemplate\":\"https:\\\/\\\/www.beautypristroje.sk\\\/?s={search_term_string}\"},\"query-input\":{\"@type\":\"PropertyValueSpecification\",\"valueRequired\":true,\"valueName\":\"search_term_string\"}}],\"inLanguage\":\"en-GB\"}]}<\/script>\n<!-- \/ Yoast SEO plugin. -->","yoast_head_json":{"title":"Facial Restart Kit GLAM POD - Beauty pr\u00edstroje","description":"Facial Restart Kit pre CO\u2082 Oxygen pr\u00edstroj - kompletn\u00fd profesion\u00e1lny set akt\u00edvnych kaps\u00fal pre intenz\u00edvnu obnovu, okysli\u010denie a regener\u00e1ciu pleti.","robots":{"index":"index","follow":"follow","max-snippet":"max-snippet:-1","max-image-preview":"max-image-preview:large","max-video-preview":"max-video-preview:-1"},"canonical":"https:\/\/www.beautypristroje.sk\/en\/product\/facial-restart-kit-glam-pod\/","og_locale":"en_GB","og_type":"article","og_title":"Facial Restart Kit GLAM POD - Beauty pr\u00edstroje","og_description":"Facial Restart Kit pre CO\u2082 Oxygen pr\u00edstroj - kompletn\u00fd profesion\u00e1lny set akt\u00edvnych kaps\u00fal pre intenz\u00edvnu obnovu, okysli\u010denie a regener\u00e1ciu pleti.","og_url":"https:\/\/www.beautypristroje.sk\/en\/product\/facial-restart-kit-glam-pod\/","og_site_name":"Beauty pr\u00edstroje","article_modified_time":"2026-01-22T14:34:52+00:00","og_image":[{"width":800,"height":800,"url":"https:\/\/www.beautypristroje.sk\/wp-content\/uploads\/2026\/01\/WhatsApp-Image-2026-01-22-at-14.09.51-4-rotated.jpeg","type":"image\/jpeg"}],"twitter_card":"summary_large_image","twitter_misc":{"Estimated reading time":"4 minutes"},"schema":{"@context":"https:\/\/schema.org","@graph":[{"@type":"WebPage","@id":"https:\/\/www.beautypristroje.sk\/produkt\/facial-restart-kit-glam-pod\/","url":"https:\/\/www.beautypristroje.sk\/produkt\/facial-restart-kit-glam-pod\/","name":"Facial Restart Kit GLAM POD - Beauty pr\u00edstroje","isPartOf":{"@id":"https:\/\/www.beautypristroje.sk\/#website"},"primaryImageOfPage":{"@id":"https:\/\/www.beautypristroje.sk\/produkt\/facial-restart-kit-glam-pod\/#primaryimage"},"image":{"@id":"https:\/\/www.beautypristroje.sk\/produkt\/facial-restart-kit-glam-pod\/#primaryimage"},"thumbnailUrl":"https:\/\/www.beautypristroje.sk\/wp-content\/uploads\/2026\/01\/WhatsApp-Image-2026-01-22-at-14.09.51-4-rotated.jpeg","datePublished":"2026-01-22T14:33:59+00:00","dateModified":"2026-01-22T14:34:52+00:00","description":"Facial Restart Kit pre CO\u2082 Oxygen pr\u00edstroj - kompletn\u00fd profesion\u00e1lny set akt\u00edvnych kaps\u00fal pre intenz\u00edvnu obnovu, okysli\u010denie a regener\u00e1ciu pleti.","breadcrumb":{"@id":"https:\/\/www.beautypristroje.sk\/produkt\/facial-restart-kit-glam-pod\/#breadcrumb"},"inLanguage":"en-GB","potentialAction":[{"@type":"ReadAction","target":["https:\/\/www.beautypristroje.sk\/produkt\/facial-restart-kit-glam-pod\/"]}]},{"@type":"ImageObject","inLanguage":"en-GB","@id":"https:\/\/www.beautypristroje.sk\/produkt\/facial-restart-kit-glam-pod\/#primaryimage","url":"https:\/\/www.beautypristroje.sk\/wp-content\/uploads\/2026\/01\/WhatsApp-Image-2026-01-22-at-14.09.51-4-rotated.jpeg","contentUrl":"https:\/\/www.beautypristroje.sk\/wp-content\/uploads\/2026\/01\/WhatsApp-Image-2026-01-22-at-14.09.51-4-rotated.jpeg","width":800,"height":800,"caption":"Facial restart Kit, Oxygeneo kapsule, luxuryesthetic"},{"@type":"BreadcrumbList","@id":"https:\/\/www.beautypristroje.sk\/produkt\/facial-restart-kit-glam-pod\/#breadcrumb","itemListElement":[{"@type":"ListItem","position":1,"name":"Domovsk\u00e1 str\u00e1nka","item":"https:\/\/www.beautypristroje.sk\/"},{"@type":"ListItem","position":2,"name":"Obchod","item":"https:\/\/www.beautypristroje.sk\/obchod\/"},{"@type":"ListItem","position":3,"name":"Facial Restart Kit GLAM POD"}]},{"@type":"WebSite","@id":"https:\/\/www.beautypristroje.sk\/#website","url":"https:\/\/www.beautypristroje.sk\/","name":"Beauty pr\u00edstroje","description":"Profesion\u00e1lne kozmetick\u00e9 pr\u00edstroje pre sal\u00f3ny a kliniky","potentialAction":[{"@type":"SearchAction","target":{"@type":"EntryPoint","urlTemplate":"https:\/\/www.beautypristroje.sk\/?s={search_term_string}"},"query-input":{"@type":"PropertyValueSpecification","valueRequired":true,"valueName":"search_term_string"}}],"inLanguage":"en-GB"}]}},"_links":{"self":[{"href":"https:\/\/www.beautypristroje.sk\/en\/wp-json\/wp\/v2\/product\/2865","targetHints":{"allow":["GET"]}}],"collection":[{"href":"https:\/\/www.beautypristroje.sk\/en\/wp-json\/wp\/v2\/product"}],"about":[{"href":"https:\/\/www.beautypristroje.sk\/en\/wp-json\/wp\/v2\/types\/product"}],"replies":[{"embeddable":true,"href":"https:\/\/www.beautypristroje.sk\/en\/wp-json\/wp\/v2\/comments?post=2865"}],"wp:featuredmedia":[{"embeddable":true,"href":"https:\/\/www.beautypristroje.sk\/en\/wp-json\/wp\/v2\/media\/2866"}],"wp:attachment":[{"href":"https:\/\/www.beautypristroje.sk\/en\/wp-json\/wp\/v2\/media?parent=2865"}],"wp:term":[{"taxonomy":"product_brand","embeddable":true,"href":"https:\/\/www.beautypristroje.sk\/en\/wp-json\/wp\/v2\/product_brand?post=2865"},{"taxonomy":"product_cat","embeddable":true,"href":"https:\/\/www.beautypristroje.sk\/en\/wp-json\/wp\/v2\/product_cat?post=2865"},{"taxonomy":"product_tag","embeddable":true,"href":"https:\/\/www.beautypristroje.sk\/en\/wp-json\/wp\/v2\/product_tag?post=2865"}],"curies":[{"name":"wp","href":"https:\/\/api.w.org\/{rel}","templated":true}]}}