{"id":2621,"date":"2025-11-19T21:34:29","date_gmt":"2025-11-19T20:34:29","guid":{"rendered":"https:\/\/www.beautypristroje.sk\/?post_type=product&#038;p=2621"},"modified":"2026-04-15T11:13:33","modified_gmt":"2026-04-15T09:13:33","slug":"aqua-star-luxury","status":"publish","type":"product","link":"https:\/\/www.beautypristroje.sk\/en\/product\/aqua-star-luxury\/","title":{"rendered":"Aqua Star Luxury"},"content":{"rendered":"<p>Na\u0161e neinvaz\u00edvne o\u0161etrenie pomocou pr\u00edstroja Aquastar Luxury zlep\u0161uje zdravie poko\u017eky, rie\u0161i individu\u00e1lne probl\u00e9my a vytv\u00e1ra \u017eiariv\u00fa ple\u0165. Na rozdiel od klasick\u00e9ho \u010distenia pou\u017e\u00edva <strong>\u0161peci\u00e1lnu technol\u00f3giu<\/strong>, ktor\u00e1 zabezpe\u010duje maxim\u00e1lne v\u00fdsledky.<\/p>\n<h3><strong>Pre\u010do by mal by\u0165 Aquastar Luxury v ka\u017edom kozmetickom sal\u00f3ne?<\/strong><\/h3>\n<ul>\n<li>Komplexn\u00e9 rie\u0161enie pre ka\u017ed\u00e9ho klienta: S 10 funkciami v jednom zariaden\u00ed pokr\u00fdva v\u0161etky potreby pleti, od \u010distenia cez hydrat\u00e1ciu a\u017e po lifting.<\/li>\n<\/ul>\n<ul>\n<li>Mo\u017enos\u0165 tvorby protokolov\u00fdch o\u0161etren\u00ed: Aqua Star umo\u017e\u0148uje vytvori\u0165 a\u017e 10 r\u00f4znych protokolov, \u010do v\u00e1m umo\u017en\u00ed prisp\u00f4sobi\u0165 o\u0161etrenie presne potreb\u00e1m ka\u017ed\u00e9ho klienta.<\/li>\n<\/ul>\n<ul>\n<li>R\u00fdchle a vidite\u013en\u00e9 v\u00fdsledky: O\u0161etrenie trv\u00e1 len 30 min\u00fat a v\u00fdsledky s\u00fa okam\u017eite vidite\u013en\u00e9.<\/li>\n<\/ul>\n<ul>\n<li>\u0160pi\u010dkov\u00e1 kvalita: Aqua Star vyu\u017e\u00edva nemeck\u00e9 hlavice s vysokou presnos\u0165ou a odolnos\u0165ou, ktor\u00e9 zabezpe\u010duj\u00fa efekt\u00edvne a bezpe\u010dn\u00e9 o\u0161etrenie.<\/li>\n<\/ul>\n<ul>\n<li>Modern\u00fd dizajn a technol\u00f3gia: Intuit\u00edvne ovl\u00e1danie, 10,4\u201d displej a inovat\u00edvne funkcierobia z\u00a0 tohto pr\u00edstroja l\u00eddra na trhu.<\/li>\n<\/ul>\n<ul>\n<li>Dlhodob\u00e1 invest\u00edcia do v\u00e1\u0161ho podnikania: Vysok\u00e1 kvalita spracovania a n\u00edzke n\u00e1klady na \u00fadr\u017ebu zabezpe\u010duj\u00fa, \u017ee sa invest\u00edcia r\u00fdchlo vr\u00e1ti.<\/li>\n<\/ul>\n<h3 style=\"padding-left: 360px;\"><strong>Predstavujeme Aqua Star Luxury<\/strong><\/h3>\n<h3><strong>Rie\u0161i probl\u00e9my ako:<\/strong><\/h3>\n<ul>\n<li>Jemn\u00e9 linky a vr\u00e1sky<\/li>\n<li>Nepravideln\u00e1 \u0161trukt\u00fara poko\u017eky<\/li>\n<li>Nedostato\u010dn\u00e1 elasticita a pevnos\u0165<\/li>\n<li>Nerovnomern\u00fd t\u00f3n pleti a roz\u0161\u00edren\u00e9 p\u00f3ry<\/li>\n<li>Pigmentov\u00e9 \u0161kvrny<\/li>\n<\/ul>\n<h3><strong>Tri kroky k dokonalej pleti (len za 30 min\u00fat)<\/strong><\/h3>\n<ol>\n<li>\u010cistenie a peeling \u2013 Jemn\u00e1 exfoli\u00e1cia a obnova poko\u017eky.<\/li>\n<li>Hydrat\u00e1cia a v\u00fd\u017eiva \u2013 Intenz\u00edvne o\u0161etrenie pre maxim\u00e1lne v\u00fdsledky.<\/li>\n<li>Ochrana a posilnenie \u2013 Antioxidanty a peptidy pre zlep\u0161enie a ochranu poko\u017eky.<\/li>\n<\/ol>\n<h3><strong>Unik\u00e1tne vlastnosti pr\u00edstroja:<\/strong><\/h3>\n<ul>\n<li>Trojn\u00e1sobn\u00fd \u00fa\u010dinok: \u010cistenie, hydrat\u00e1cia a exfoli\u00e1cia v jednom kroku.<\/li>\n<li>Pokro\u010dil\u00e1 technol\u00f3gia: Spevnenie a regener\u00e1cia poko\u017eky.<\/li>\n<li>Nemeck\u00e1 kvalita hlav\u00edc: Prec\u00edzne spracovanie pre maxim\u00e1lnu bezpe\u010dnos\u0165 a efektivitu.<\/li>\n<li>Inteligentn\u00e9 ovl\u00e1danie: U\u017e\u00edvate\u013esky pr\u00edvetiv\u00e9 rozhranie a 10,4\u201d displej.<\/li>\n<\/ul>\n<h3><strong>Syst\u00e9m h\u013abkov\u00e9ho \u010distenia<\/strong><\/h3>\n<ul>\n<li>Odstra\u0148uje \u010dierne bodky, akn\u00e9 a bakt\u00e9rie.<\/li>\n<li>Zjem\u0148uje p\u00f3ry, hydratuje poko\u017eku a zlep\u0161uje jej text\u00faru.<\/li>\n<\/ul>\n<h3><strong>V\u0161estrann\u00e9 aplik\u00e1tory\u00a0<\/strong><\/h3>\n<ol>\n<li>Vodn\u00fd peeling \u2013 Otvorenie p\u00f3rov a h\u013abkov\u00e9 \u010distenie.<\/li>\n<li>Kysl\u00edkov\u00e1 tryska \u2013 Intenz\u00edvne okysli\u010denie a regener\u00e1cia poko\u017eky.<\/li>\n<li>EMS lifting \u2013 Elektro stimul\u00e1cia pre zlep\u0161enie kont\u00far tv\u00e1re.<\/li>\n<li>Studen\u00e9\/tepl\u00e9 o\u0161etrenie \u2013 Redukcia za\u010dervenania a spevnenie poko\u017eky.<\/li>\n<li>Ultrazvuk \u2013 Zlep\u0161enie absorpcie \u00fa\u010dinn\u00fdch l\u00e1tok.<\/li>\n<li>R\u00e1diofrekvencia \u2013 Spevnenie poko\u017eky a redukcia vr\u00e1sok.<\/li>\n<li>\u010cistiaca lopatka \u2013 Jemn\u00e9 odstr\u00e1nenie odumret\u00fdch buniek.<\/li>\n<li>OxyGeneo \u2013 Exfoli\u00e1cia, inf\u00fazia a okysli\u010denie poko\u017eky.<\/li>\n<li>Mikrolifting \u2013 EMS mikropr\u00fady pre zlep\u0161enie kont\u00far a t\u00f3nu pleti.<\/li>\n<\/ol>\n<h3 style=\"padding-left: 360px;\"><strong><u>V\u00fdsledky ktor\u00e9 V\u00e1m zmenia \u017eivot<\/u><\/strong><\/h3>\n<h3><strong>S\u00falad s MDR<\/strong><\/h3>\n<p>Pr\u00edstroj nie je zdravotn\u00edcka pom\u00f4cka, je ur\u010den\u00fd pre kozmetick\u00e9 a estetick\u00e9 \u00fa\u010dely a sp\u013a\u0148a po\u017eiadavky E\u00da pre kozmetick\u00e9 estetick\u00e9 zariadenia \u2013 CE, bezpe\u010dnostn\u00e9 normy, technick\u00e9 limity.<\/p>","protected":false},"excerpt":{"rendered":"<p>\ud83d\udc8e<strong>Doprajte si najlep\u0161iu poko\u017eku svojho \u017eivota<\/strong>\u00a0\ud83d\udc8e<\/p>\n<p>&nbsp;<\/p>","protected":false},"featured_media":2622,"comment_status":"open","ping_status":"closed","template":"","meta":{"_acf_changed":false},"product_brand":[],"product_cat":[15,19,21],"product_tag":[],"class_list":{"0":"post-2621","1":"product","2":"type-product","3":"status-publish","4":"has-post-thumbnail","6":"product_cat-beauty-technologie","7":"product_cat-tvar","8":"product_cat-skin-cleansing","10":"first","11":"instock","12":"taxable","13":"shipping-taxable","14":"purchasable","15":"product-type-simple"},"acf":[],"yoast_head":"<!-- This site is optimized with the Yoast SEO plugin v27.5 - https:\/\/yoast.com\/product\/yoast-seo-wordpress\/ -->\n<title>Aqua Star Luxury - Beauty pr\u00edstroje<\/title>\n<meta name=\"description\" content=\"Aqua Star Luxury poskytuje komplexn\u00e9 o\u0161etrenie pleti s \u010disten\u00edm, hydrat\u00e1ciou, liftingom a EMS technol\u00f3giami pre vidite\u013en\u00e9 a r\u00fdchle v\u00fdsledky.\" \/>\n<meta name=\"robots\" content=\"index, follow, max-snippet:-1, max-image-preview:large, max-video-preview:-1\" \/>\n<link rel=\"canonical\" href=\"https:\/\/www.beautypristroje.sk\/en\/product\/aqua-star-luxury\/\" \/>\n<meta property=\"og:locale\" content=\"en_GB\" \/>\n<meta property=\"og:type\" content=\"article\" \/>\n<meta property=\"og:title\" content=\"Aqua Star Luxury - Beauty pr\u00edstroje\" \/>\n<meta property=\"og:description\" content=\"Aqua Star Luxury poskytuje komplexn\u00e9 o\u0161etrenie pleti s \u010disten\u00edm, hydrat\u00e1ciou, liftingom a EMS technol\u00f3giami pre vidite\u013en\u00e9 a r\u00fdchle v\u00fdsledky.\" \/>\n<meta property=\"og:url\" content=\"https:\/\/www.beautypristroje.sk\/en\/product\/aqua-star-luxury\/\" \/>\n<meta property=\"og:site_name\" content=\"Beauty pr\u00edstroje\" \/>\n<meta property=\"article:modified_time\" content=\"2026-04-15T09:13:33+00:00\" \/>\n<meta property=\"og:image\" content=\"https:\/\/www.beautypristroje.sk\/wp-content\/uploads\/2025\/11\/aquastar-luxury.png\" \/>\n\t<meta property=\"og:image:width\" content=\"543\" \/>\n\t<meta property=\"og:image:height\" content=\"772\" \/>\n\t<meta property=\"og:image:type\" content=\"image\/png\" \/>\n<meta name=\"twitter:card\" content=\"summary_large_image\" \/>\n<meta name=\"twitter:label1\" content=\"Estimated reading time\" \/>\n\t<meta name=\"twitter:data1\" content=\"3 minutes\" \/>\n<script type=\"application\/ld+json\" class=\"yoast-schema-graph\">{\"@context\":\"https:\\\/\\\/schema.org\",\"@graph\":[{\"@type\":\"WebPage\",\"@id\":\"https:\\\/\\\/www.beautypristroje.sk\\\/produkt\\\/aqua-star-luxury\\\/\",\"url\":\"https:\\\/\\\/www.beautypristroje.sk\\\/produkt\\\/aqua-star-luxury\\\/\",\"name\":\"Aqua Star Luxury - Beauty pr\u00edstroje\",\"isPartOf\":{\"@id\":\"https:\\\/\\\/www.beautypristroje.sk\\\/#website\"},\"primaryImageOfPage\":{\"@id\":\"https:\\\/\\\/www.beautypristroje.sk\\\/produkt\\\/aqua-star-luxury\\\/#primaryimage\"},\"image\":{\"@id\":\"https:\\\/\\\/www.beautypristroje.sk\\\/produkt\\\/aqua-star-luxury\\\/#primaryimage\"},\"thumbnailUrl\":\"https:\\\/\\\/www.beautypristroje.sk\\\/wp-content\\\/uploads\\\/2025\\\/11\\\/aquastar-luxury.png\",\"datePublished\":\"2025-11-19T20:34:29+00:00\",\"dateModified\":\"2026-04-15T09:13:33+00:00\",\"description\":\"Aqua Star Luxury poskytuje komplexn\u00e9 o\u0161etrenie pleti s \u010disten\u00edm, hydrat\u00e1ciou, liftingom a EMS technol\u00f3giami pre vidite\u013en\u00e9 a r\u00fdchle v\u00fdsledky.\",\"breadcrumb\":{\"@id\":\"https:\\\/\\\/www.beautypristroje.sk\\\/produkt\\\/aqua-star-luxury\\\/#breadcrumb\"},\"inLanguage\":\"en-GB\",\"potentialAction\":[{\"@type\":\"ReadAction\",\"target\":[\"https:\\\/\\\/www.beautypristroje.sk\\\/produkt\\\/aqua-star-luxury\\\/\"]}]},{\"@type\":\"ImageObject\",\"inLanguage\":\"en-GB\",\"@id\":\"https:\\\/\\\/www.beautypristroje.sk\\\/produkt\\\/aqua-star-luxury\\\/#primaryimage\",\"url\":\"https:\\\/\\\/www.beautypristroje.sk\\\/wp-content\\\/uploads\\\/2025\\\/11\\\/aquastar-luxury.png\",\"contentUrl\":\"https:\\\/\\\/www.beautypristroje.sk\\\/wp-content\\\/uploads\\\/2025\\\/11\\\/aquastar-luxury.png\",\"width\":543,\"height\":772,\"caption\":\"Aquastar Luxury\"},{\"@type\":\"BreadcrumbList\",\"@id\":\"https:\\\/\\\/www.beautypristroje.sk\\\/produkt\\\/aqua-star-luxury\\\/#breadcrumb\",\"itemListElement\":[{\"@type\":\"ListItem\",\"position\":1,\"name\":\"Domovsk\u00e1 str\u00e1nka\",\"item\":\"https:\\\/\\\/www.beautypristroje.sk\\\/\"},{\"@type\":\"ListItem\",\"position\":2,\"name\":\"Obchod\",\"item\":\"https:\\\/\\\/www.beautypristroje.sk\\\/obchod\\\/\"},{\"@type\":\"ListItem\",\"position\":3,\"name\":\"Aqua Star Luxury\"}]},{\"@type\":\"WebSite\",\"@id\":\"https:\\\/\\\/www.beautypristroje.sk\\\/#website\",\"url\":\"https:\\\/\\\/www.beautypristroje.sk\\\/\",\"name\":\"Beauty pr\u00edstroje\",\"description\":\"Profesion\u00e1lne kozmetick\u00e9 pr\u00edstroje pre sal\u00f3ny a kliniky\",\"potentialAction\":[{\"@type\":\"SearchAction\",\"target\":{\"@type\":\"EntryPoint\",\"urlTemplate\":\"https:\\\/\\\/www.beautypristroje.sk\\\/?s={search_term_string}\"},\"query-input\":{\"@type\":\"PropertyValueSpecification\",\"valueRequired\":true,\"valueName\":\"search_term_string\"}}],\"inLanguage\":\"en-GB\"}]}<\/script>\n<!-- \/ Yoast SEO plugin. -->","yoast_head_json":{"title":"Aqua Star Luxury - Beauty pr\u00edstroje","description":"Aqua Star Luxury poskytuje komplexn\u00e9 o\u0161etrenie pleti s \u010disten\u00edm, hydrat\u00e1ciou, liftingom a EMS technol\u00f3giami pre vidite\u013en\u00e9 a r\u00fdchle v\u00fdsledky.","robots":{"index":"index","follow":"follow","max-snippet":"max-snippet:-1","max-image-preview":"max-image-preview:large","max-video-preview":"max-video-preview:-1"},"canonical":"https:\/\/www.beautypristroje.sk\/en\/product\/aqua-star-luxury\/","og_locale":"en_GB","og_type":"article","og_title":"Aqua Star Luxury - Beauty pr\u00edstroje","og_description":"Aqua Star Luxury poskytuje komplexn\u00e9 o\u0161etrenie pleti s \u010disten\u00edm, hydrat\u00e1ciou, liftingom a EMS technol\u00f3giami pre vidite\u013en\u00e9 a r\u00fdchle v\u00fdsledky.","og_url":"https:\/\/www.beautypristroje.sk\/en\/product\/aqua-star-luxury\/","og_site_name":"Beauty pr\u00edstroje","article_modified_time":"2026-04-15T09:13:33+00:00","og_image":[{"width":543,"height":772,"url":"https:\/\/www.beautypristroje.sk\/wp-content\/uploads\/2025\/11\/aquastar-luxury.png","type":"image\/png"}],"twitter_card":"summary_large_image","twitter_misc":{"Estimated reading time":"3 minutes"},"schema":{"@context":"https:\/\/schema.org","@graph":[{"@type":"WebPage","@id":"https:\/\/www.beautypristroje.sk\/produkt\/aqua-star-luxury\/","url":"https:\/\/www.beautypristroje.sk\/produkt\/aqua-star-luxury\/","name":"Aqua Star Luxury - Beauty pr\u00edstroje","isPartOf":{"@id":"https:\/\/www.beautypristroje.sk\/#website"},"primaryImageOfPage":{"@id":"https:\/\/www.beautypristroje.sk\/produkt\/aqua-star-luxury\/#primaryimage"},"image":{"@id":"https:\/\/www.beautypristroje.sk\/produkt\/aqua-star-luxury\/#primaryimage"},"thumbnailUrl":"https:\/\/www.beautypristroje.sk\/wp-content\/uploads\/2025\/11\/aquastar-luxury.png","datePublished":"2025-11-19T20:34:29+00:00","dateModified":"2026-04-15T09:13:33+00:00","description":"Aqua Star Luxury poskytuje komplexn\u00e9 o\u0161etrenie pleti s \u010disten\u00edm, hydrat\u00e1ciou, liftingom a EMS technol\u00f3giami pre vidite\u013en\u00e9 a r\u00fdchle v\u00fdsledky.","breadcrumb":{"@id":"https:\/\/www.beautypristroje.sk\/produkt\/aqua-star-luxury\/#breadcrumb"},"inLanguage":"en-GB","potentialAction":[{"@type":"ReadAction","target":["https:\/\/www.beautypristroje.sk\/produkt\/aqua-star-luxury\/"]}]},{"@type":"ImageObject","inLanguage":"en-GB","@id":"https:\/\/www.beautypristroje.sk\/produkt\/aqua-star-luxury\/#primaryimage","url":"https:\/\/www.beautypristroje.sk\/wp-content\/uploads\/2025\/11\/aquastar-luxury.png","contentUrl":"https:\/\/www.beautypristroje.sk\/wp-content\/uploads\/2025\/11\/aquastar-luxury.png","width":543,"height":772,"caption":"Aquastar Luxury"},{"@type":"BreadcrumbList","@id":"https:\/\/www.beautypristroje.sk\/produkt\/aqua-star-luxury\/#breadcrumb","itemListElement":[{"@type":"ListItem","position":1,"name":"Domovsk\u00e1 str\u00e1nka","item":"https:\/\/www.beautypristroje.sk\/"},{"@type":"ListItem","position":2,"name":"Obchod","item":"https:\/\/www.beautypristroje.sk\/obchod\/"},{"@type":"ListItem","position":3,"name":"Aqua Star Luxury"}]},{"@type":"WebSite","@id":"https:\/\/www.beautypristroje.sk\/#website","url":"https:\/\/www.beautypristroje.sk\/","name":"Beauty pr\u00edstroje","description":"Profesion\u00e1lne kozmetick\u00e9 pr\u00edstroje pre sal\u00f3ny a kliniky","potentialAction":[{"@type":"SearchAction","target":{"@type":"EntryPoint","urlTemplate":"https:\/\/www.beautypristroje.sk\/?s={search_term_string}"},"query-input":{"@type":"PropertyValueSpecification","valueRequired":true,"valueName":"search_term_string"}}],"inLanguage":"en-GB"}]}},"_links":{"self":[{"href":"https:\/\/www.beautypristroje.sk\/en\/wp-json\/wp\/v2\/product\/2621","targetHints":{"allow":["GET"]}}],"collection":[{"href":"https:\/\/www.beautypristroje.sk\/en\/wp-json\/wp\/v2\/product"}],"about":[{"href":"https:\/\/www.beautypristroje.sk\/en\/wp-json\/wp\/v2\/types\/product"}],"replies":[{"embeddable":true,"href":"https:\/\/www.beautypristroje.sk\/en\/wp-json\/wp\/v2\/comments?post=2621"}],"wp:featuredmedia":[{"embeddable":true,"href":"https:\/\/www.beautypristroje.sk\/en\/wp-json\/wp\/v2\/media\/2622"}],"wp:attachment":[{"href":"https:\/\/www.beautypristroje.sk\/en\/wp-json\/wp\/v2\/media?parent=2621"}],"wp:term":[{"taxonomy":"product_brand","embeddable":true,"href":"https:\/\/www.beautypristroje.sk\/en\/wp-json\/wp\/v2\/product_brand?post=2621"},{"taxonomy":"product_cat","embeddable":true,"href":"https:\/\/www.beautypristroje.sk\/en\/wp-json\/wp\/v2\/product_cat?post=2621"},{"taxonomy":"product_tag","embeddable":true,"href":"https:\/\/www.beautypristroje.sk\/en\/wp-json\/wp\/v2\/product_tag?post=2621"}],"curies":[{"name":"wp","href":"https:\/\/api.w.org\/{rel}","templated":true}]}}