{"id":2532,"date":"2025-11-13T13:41:24","date_gmt":"2025-11-13T12:41:24","guid":{"rendered":"https:\/\/www.beautypristroje.sk\/?post_type=product&#038;p=2532"},"modified":"2025-12-10T09:47:25","modified_gmt":"2025-12-10T08:47:25","slug":"medik8-advanced-pro-collagen-peptide-cream","status":"publish","type":"product","link":"https:\/\/www.beautypristroje.sk\/en\/product\/medik8-advanced-pro-collagen-peptide-cream\/","title":{"rendered":"Medik8 Advanced Pro-Collagen+ Peptide Cream"},"content":{"rendered":"<p>Pom\u00f4\u017ete zv\u00fd\u0161i\u0165 tvorbu kolag\u00e9nu o 45 % [1] a podporte optim\u00e1lnu dlhovekos\u0165 pleti s kr\u00e9mom Advanced Pro-Collagen+ Peptide Cream. Tento odborne vyvinut\u00fd produkt obsahuje pokro\u010dil\u00e9 akt\u00edvne l\u00e1tky, ktor\u00e9 stimuluj\u00fa prirodzen\u00fa produkciu kolag\u00e9nu v pleti, \u010d\u00edm podporuj\u00fa vidite\u013en\u00fa pevnos\u0165, pru\u017enos\u0165 a redukciu hlbok\u00fdch vr\u00e1sok. Prin\u00e1\u0161a r\u00fdchle, klinicky preuk\u00e1zan\u00e9 v\u00fdsledky u\u017e za 7 dn\u00ed a z\u00e1rove\u0148 pom\u00e1ha predch\u00e1dza\u0165 bud\u00facim zn\u00e1mkam starnutia pleti. [2]<\/p>\n<p>V\u010faka sile regenera\u010dnej vedy t\u00e1to vysoko \u00fa\u010dinn\u00e1 recept\u00fara sp\u00e1ja najnov\u0161iu gener\u00e1ciu Growth Factor MiniProteinTM, NAD+ Longevity Booster a Anti-A.G.E. Peptid, aby pomohla vidite\u013ene obnovi\u0165 \u0161trukt\u00faru pleti a navr\u00e1tila jej mladistv\u00fd, pevnej\u0161\u00ed a vytvarovan\u00fd vzh\u013ead. Skvele funguje samostatne aj ako starostlivos\u0165 po o\u0161etren\u00ed.<\/p>\n<h3><strong>V\u00ddHODY<\/strong><\/h3>\n<div class=\"copy\">\n<div class=\"copy\">\n<h5>Zv\u00fd\u0161en\u00e1 dlhovekos\u0165 pleti<\/h5>\n<p>Vyvinut\u00e9 na podporu tvorby kolag\u00e9nu \u2013 z\u00e1kladu pevnej a odolnej pleti \u2013 pre vidite\u013en\u00fa silu, ktor\u00e1 pretrv\u00e1va.<\/p>\n<h5>Boj proti strate pevnosti<\/h5>\n<\/div>\n<div class=\"copy\">\n<p>Klinicky preuk\u00e1zan\u00e9: vidite\u013ene zlep\u0161uje pevnos\u0165 pleti u\u017e za 7 dn\u00ed, ple\u0165 je pru\u017enej\u0161ia a mladistvej\u0161ia.[2]<\/p>\n<h5>Redukcia hlbok\u00fdch vr\u00e1sok<\/h5>\n<\/div>\n<div class=\"copy\">\n<p>Klinicky preuk\u00e1zan\u00e9: vidite\u013ene zlep\u0161uje vzh\u013ead vr\u00e1sok u\u017e po 1 pou\u017eit\u00ed a redukuje ich h\u013abku po\u010das 7 dn\u00ed.[2]<\/p>\n<h5>Spevnenie kont\u00far tv\u00e1re<\/h5>\n<\/div>\n<div class=\"copy\">\n<p>Klinicky preuk\u00e1zan\u00e9: vidite\u013ene zdv\u00edha ple\u0165 a zlep\u0161uje elasticitu u\u017e za 7 dn\u00ed, \u010d\u00edm pom\u00e1ha udr\u017eiava\u0165 jej dlhodob\u00fa kvalitu.[2]<\/p>\n<h5>Intenz\u00edvna hydrat\u00e1cia<\/h5>\n<\/div>\n<div class=\"copy\">\n<p>Zabezpe\u010duje h\u013abkov\u00fa hydrat\u00e1ciu, vidite\u013ene vyp\u013a\u0148a a zjem\u0148uje ple\u0165 a r\u00fdchlo obnovuje mladistv\u00fd objem pleti.<\/p>\n<p><b>K\u013d\u00da\u010cOV\u00c9 ZLO\u017dKY<\/b><\/p>\n<\/div>\n<\/div>\n<h5><img decoding=\"async\" class=\"list-item-icon\" src=\"https:\/\/medik8.sk\/cdn\/shop\/files\/PDP_Key_Ingredients_DNA_Repair_Enzyme_Icon_1ae5e72d-4efa-4752-914a-91fe2f181274.svg?v=1759739915&amp;width=50\" alt=\"Ingredient Icon 1\" width=\"50\" height=\"auto\" \/> Zapuzdren\u00e1 endonukle\u00e1za<\/h5>\n<div class=\"copy\">\n<p>Pom\u00e1ha chr\u00e1ni\u0165 pred vidite\u013en\u00fdmi \u00fa\u010dinkami po\u0161kodenia slnkom a podporuje regener\u00e1ciu pleti po expoz\u00edcii.<\/p>\n<h5><img decoding=\"async\" class=\"list-item-icon\" src=\"https:\/\/medik8.sk\/cdn\/shop\/files\/PDP_Key_Ingredients_Ceramides_1_84d09c5d-c654-4788-bde5-2c30d66b77ba.svg?v=1759739962&amp;width=50\" alt=\"Ingredient Icon 2\" width=\"50\" height=\"auto\" \/> Polyglut\u00e1mov\u00e1 kyselina<\/h5>\n<\/div>\n<div class=\"copy\">\n<p>Pracuje v harm\u00f3nii s kyselinou hyalur\u00f3novou, aby intenz\u00edvne vy\u017eivila, vyplnila a uzamkla v poko\u017eke vlhkos\u0165.<\/p>\n<h5><img decoding=\"async\" class=\"list-item-icon\" src=\"https:\/\/medik8.sk\/cdn\/shop\/files\/PDP_Key_Ingredients_Growth_Factor_MiniProtein_221a5b33-4c70-4f50-a676-7e37582cb92b.svg?v=1759740014&amp;width=50\" alt=\"Ingredient Icon 3\" width=\"50\" height=\"auto\" \/> Growth Factor MiniProtein<\/h5>\n<\/div>\n<div class=\"copy\">\n<p>Postupne vidite\u013ene zlep\u0161uje vzh\u013ead \u0161trukt\u00fary pleti t\u00fdm, \u017ee pom\u00e1ha zvy\u0161ova\u0165 hladiny kolag\u00e9nu, elast\u00ednu a kyseliny hyalur\u00f3novej.<\/p>\n<h5><img decoding=\"async\" class=\"list-item-icon\" src=\"https:\/\/medik8.sk\/cdn\/shop\/files\/PDP_Key_Ingredients_NAD_Longevity_Booster.svg?v=1759740146&amp;width=50\" alt=\"Ingredient Icon 4\" width=\"50\" height=\"auto\" \/> NAD+ Longevity Booster<\/h5>\n<\/div>\n<div class=\"copy\">\n<p>Podporuje dlhovekos\u0165 pleti, aby oddialil vidite\u013en\u00e9 zn\u00e1mky starnutia, chr\u00e1nil \u0161trukt\u00faru poko\u017eky a udr\u017eal jej dlhodob\u00fa kvalitu.<\/p>\n<h5><img decoding=\"async\" class=\"list-item-icon\" src=\"https:\/\/medik8.sk\/cdn\/shop\/files\/PDP_Key_Ingredients_Anti-A.G.E._Peptide_Carnosine.svg?v=1759740244&amp;width=50\" alt=\"Ingredient Icon 5\" width=\"50\" height=\"auto\" \/> Anti-A.G.E. Peptid (Karnos\u00edn)<\/h5>\n<\/div>\n<div class=\"copy\">\n<p>Pom\u00e1ha predch\u00e1dza\u0165 vzniku nov\u00fdch liniek a vr\u00e1sok t\u00fdm, \u017ee blokuje nav\u00e4zovanie \u0161kodliv\u00fdch cukrov na kolag\u00e9n v poko\u017eke v procese naz\u00fdvanom glyk\u00e1cia.<\/p>\n<\/div>\n<h3><strong>AKO POU\u017d\u00cdVA\u0164<\/strong><\/h3>\n<p>Po vy\u010disten\u00ed pleti r\u00e1no aj ve\u010der naneste Advanced Pro-Collagen+ Peptide Cream rovnomerne na tv\u00e1r, krk a dekolt. Pou\u017e\u00edvajte jemn\u00e9 pohyby smerom nahor a nechajte kr\u00e9m \u00faplne vstreba\u0165.<\/p>\n<h3><strong>OBSAH BALENIA<\/strong><\/h3>\n<p>Balenie 50 ml<\/p>\n<h3><strong>ZLO\u017dENIE<\/strong><\/h3>\n<p>Aqua (Water), Squalane, Caprylic\/Capric Triglyceride, Lavandula Angustifolia (Lavender) Flower Water, Glycerin, Dimethicone, Stearic Acid, Phytosteryl Oleate, C12-16 Alcohols, Sodium Acrylate\/Sodium Acryloyldimethyl Taurate Copolymer, Maltodextrin, Carnosine, Rosmarinus Officinalis (Rosemary) Water, Cetearyl Alcohol, Butyrospermum Parkii (Shea) Butter, Ceramide NP, Linoleic Acid, Cetearyl Olivate, Palmitic Acid, Behenyl Alcohol, Tocopheryl Acetate, Collagen Amino Acids, Micrococcus Lysate, Hydrogenated Lecithin, Oligopeptide-1, Sorbitan Olivate, Helianthus Annuus (Sunflower) Sprout Extract, Xanthan Gum, Citric Acid Monohydrate, Sodium Hyaluronate, Ethylhexylglycerin, Sodium Gluconate, Sodium Polyglutamate, Acetyl Glucosamine, Hydroxyacetophenone, Phytosterols, Sodium Lauroyl Lactylate, Lecithin, Cholesterol, Ceteareth-25, Ceramide AP, Phytosphingosine, Carbomer, Cetyl Alcohol, Behenic Acid, Ceramide NS, Ceramide EOP, Ceramide EOS, Caprooyl Phytosphingosine, Caprooyl Sphingosine, Phenoxyethanol, Ascorbyl Palmitate, Tocopherol, Glyceryl Stearate, Glyceryl Oleate, Citric Acid, Encapsulated Endonuclease, Polyglutamic Acid.<\/p>\n<p>*Aj ke\u010f sa sna\u017e\u00edme zaisti\u0165 presnos\u0165 tohto zoznamu zlo\u017eiek, niekedy m\u00f4\u017ee d\u00f4js\u0165 k vylep\u0161eniam produktu alebo k miernym rozdielom medzi r\u00f4znymi regi\u00f3nmi na z\u00e1klade miestnych z\u00e1konov. Jedin\u00fd definit\u00edvny zoznam zlo\u017eiek je preto ten, ktor\u00fd je vytla\u010den\u00fd na obale produktu.<\/p>\n","protected":false},"excerpt":{"rendered":"<p>50 ml<\/p>\n<p class=\"f-product__subheading lh-r f-w400\">Omladzuj\u00faci protivr\u00e1skov\u00fd hydrata\u010dn\u00fd kr\u00e9m s rastov\u00fdm faktorom MiniProteinTM a NAD+ Longevity Boosterom<\/p>","protected":false},"featured_media":2539,"comment_status":"closed","ping_status":"closed","template":"","meta":{"_acf_changed":false},"product_brand":[77],"product_cat":[75,26],"product_tag":[],"class_list":{"0":"post-2532","1":"product","2":"type-product","3":"status-publish","4":"has-post-thumbnail","6":"product_brand-medik8","7":"product_cat-kremy-a-sera","8":"product_cat-skincare-produkty","10":"first","11":"instock","12":"taxable","13":"shipping-taxable","14":"purchasable","15":"product-type-simple"},"acf":[],"yoast_head":"<!-- This site is optimized with the Yoast SEO plugin v27.6 - https:\/\/yoast.com\/product\/yoast-seo-wordpress\/ -->\n<title>Medik8 Advanced Pro-Collagen+ Peptide Cream - Beauty pr\u00edstroje<\/title>\n<meta name=\"description\" content=\"Medik8 Advanced Pro-Collagen+ Peptide Cream - odborne vyvinut\u00fd produkt obsahuje pokro\u010dil\u00e9 akt\u00edvne l\u00e1tky, ktor\u00e9 stimuluj\u00fa prirodzen\u00fa produkciu kolag\u00e9nu v pleti, \u010d\u00edm podporuj\u00fa vidite\u013en\u00fa pevnos\u0165, pru\u017enos\u0165 a redukciu hlbok\u00fdch vr\u00e1sok\" \/>\n<meta name=\"robots\" content=\"index, follow, max-snippet:-1, max-image-preview:large, max-video-preview:-1\" \/>\n<link rel=\"canonical\" href=\"https:\/\/www.beautypristroje.sk\/en\/product\/medik8-advanced-pro-collagen-peptide-cream\/\" \/>\n<meta property=\"og:locale\" content=\"en_GB\" \/>\n<meta property=\"og:type\" content=\"article\" \/>\n<meta property=\"og:title\" content=\"Medik8 Advanced Pro-Collagen+ Peptide Cream - Beauty pr\u00edstroje\" \/>\n<meta property=\"og:description\" content=\"Medik8 Advanced Pro-Collagen+ Peptide Cream - odborne vyvinut\u00fd produkt obsahuje pokro\u010dil\u00e9 akt\u00edvne l\u00e1tky, ktor\u00e9 stimuluj\u00fa prirodzen\u00fa produkciu kolag\u00e9nu v pleti, \u010d\u00edm podporuj\u00fa vidite\u013en\u00fa pevnos\u0165, pru\u017enos\u0165 a redukciu hlbok\u00fdch vr\u00e1sok\" \/>\n<meta property=\"og:url\" content=\"https:\/\/www.beautypristroje.sk\/en\/product\/medik8-advanced-pro-collagen-peptide-cream\/\" \/>\n<meta property=\"og:site_name\" content=\"Beauty pr\u00edstroje\" \/>\n<meta property=\"article:modified_time\" content=\"2025-12-10T08:47:25+00:00\" \/>\n<meta property=\"og:image\" content=\"https:\/\/www.beautypristroje.sk\/wp-content\/uploads\/2025\/11\/20250611-AdvancedPro-Collagen_-PDP-Asset1-Packshot-ROW_jpg.webp\" \/>\n\t<meta property=\"og:image:width\" content=\"1024\" \/>\n\t<meta property=\"og:image:height\" content=\"1024\" \/>\n\t<meta property=\"og:image:type\" content=\"image\/webp\" \/>\n<meta name=\"twitter:card\" content=\"summary_large_image\" \/>\n<meta name=\"twitter:label1\" content=\"Estimated reading time\" \/>\n\t<meta name=\"twitter:data1\" content=\"4 minutes\" \/>\n<script type=\"application\/ld+json\" class=\"yoast-schema-graph\">{\"@context\":\"https:\\\/\\\/schema.org\",\"@graph\":[{\"@type\":\"WebPage\",\"@id\":\"https:\\\/\\\/www.beautypristroje.sk\\\/produkt\\\/medik8-advanced-pro-collagen-peptide-cream\\\/\",\"url\":\"https:\\\/\\\/www.beautypristroje.sk\\\/produkt\\\/medik8-advanced-pro-collagen-peptide-cream\\\/\",\"name\":\"Medik8 Advanced Pro-Collagen+ Peptide Cream - Beauty pr\u00edstroje\",\"isPartOf\":{\"@id\":\"https:\\\/\\\/www.beautypristroje.sk\\\/#website\"},\"primaryImageOfPage\":{\"@id\":\"https:\\\/\\\/www.beautypristroje.sk\\\/produkt\\\/medik8-advanced-pro-collagen-peptide-cream\\\/#primaryimage\"},\"image\":{\"@id\":\"https:\\\/\\\/www.beautypristroje.sk\\\/produkt\\\/medik8-advanced-pro-collagen-peptide-cream\\\/#primaryimage\"},\"thumbnailUrl\":\"https:\\\/\\\/www.beautypristroje.sk\\\/wp-content\\\/uploads\\\/2025\\\/11\\\/20250611-AdvancedPro-Collagen_-PDP-Asset1-Packshot-ROW_jpg.webp\",\"datePublished\":\"2025-11-13T12:41:24+00:00\",\"dateModified\":\"2025-12-10T08:47:25+00:00\",\"description\":\"Medik8 Advanced Pro-Collagen+ Peptide Cream - odborne vyvinut\u00fd produkt obsahuje pokro\u010dil\u00e9 akt\u00edvne l\u00e1tky, ktor\u00e9 stimuluj\u00fa prirodzen\u00fa produkciu kolag\u00e9nu v pleti, \u010d\u00edm podporuj\u00fa vidite\u013en\u00fa pevnos\u0165, pru\u017enos\u0165 a redukciu hlbok\u00fdch vr\u00e1sok\",\"breadcrumb\":{\"@id\":\"https:\\\/\\\/www.beautypristroje.sk\\\/produkt\\\/medik8-advanced-pro-collagen-peptide-cream\\\/#breadcrumb\"},\"inLanguage\":\"en-GB\",\"potentialAction\":[{\"@type\":\"ReadAction\",\"target\":[\"https:\\\/\\\/www.beautypristroje.sk\\\/produkt\\\/medik8-advanced-pro-collagen-peptide-cream\\\/\"]}]},{\"@type\":\"ImageObject\",\"inLanguage\":\"en-GB\",\"@id\":\"https:\\\/\\\/www.beautypristroje.sk\\\/produkt\\\/medik8-advanced-pro-collagen-peptide-cream\\\/#primaryimage\",\"url\":\"https:\\\/\\\/www.beautypristroje.sk\\\/wp-content\\\/uploads\\\/2025\\\/11\\\/20250611-AdvancedPro-Collagen_-PDP-Asset1-Packshot-ROW_jpg.webp\",\"contentUrl\":\"https:\\\/\\\/www.beautypristroje.sk\\\/wp-content\\\/uploads\\\/2025\\\/11\\\/20250611-AdvancedPro-Collagen_-PDP-Asset1-Packshot-ROW_jpg.webp\",\"width\":1024,\"height\":1024,\"caption\":\"Medik8 Advanced Pro-Collagen+ Peptide Cream\"},{\"@type\":\"BreadcrumbList\",\"@id\":\"https:\\\/\\\/www.beautypristroje.sk\\\/produkt\\\/medik8-advanced-pro-collagen-peptide-cream\\\/#breadcrumb\",\"itemListElement\":[{\"@type\":\"ListItem\",\"position\":1,\"name\":\"Domovsk\u00e1 str\u00e1nka\",\"item\":\"https:\\\/\\\/www.beautypristroje.sk\\\/\"},{\"@type\":\"ListItem\",\"position\":2,\"name\":\"Obchod\",\"item\":\"https:\\\/\\\/www.beautypristroje.sk\\\/obchod\\\/\"},{\"@type\":\"ListItem\",\"position\":3,\"name\":\"Medik8 Advanced Pro-Collagen+ Peptide Cream\"}]},{\"@type\":\"WebSite\",\"@id\":\"https:\\\/\\\/www.beautypristroje.sk\\\/#website\",\"url\":\"https:\\\/\\\/www.beautypristroje.sk\\\/\",\"name\":\"Beauty pr\u00edstroje\",\"description\":\"Profesion\u00e1lne kozmetick\u00e9 pr\u00edstroje pre sal\u00f3ny a kliniky\",\"potentialAction\":[{\"@type\":\"SearchAction\",\"target\":{\"@type\":\"EntryPoint\",\"urlTemplate\":\"https:\\\/\\\/www.beautypristroje.sk\\\/?s={search_term_string}\"},\"query-input\":{\"@type\":\"PropertyValueSpecification\",\"valueRequired\":true,\"valueName\":\"search_term_string\"}}],\"inLanguage\":\"en-GB\"}]}<\/script>\n<!-- \/ Yoast SEO plugin. -->","yoast_head_json":{"title":"Medik8 Advanced Pro-Collagen+ Peptide Cream - Beauty pr\u00edstroje","description":"Medik8 Advanced Pro-Collagen+ Peptide Cream - odborne vyvinut\u00fd produkt obsahuje pokro\u010dil\u00e9 akt\u00edvne l\u00e1tky, ktor\u00e9 stimuluj\u00fa prirodzen\u00fa produkciu kolag\u00e9nu v pleti, \u010d\u00edm podporuj\u00fa vidite\u013en\u00fa pevnos\u0165, pru\u017enos\u0165 a redukciu hlbok\u00fdch vr\u00e1sok","robots":{"index":"index","follow":"follow","max-snippet":"max-snippet:-1","max-image-preview":"max-image-preview:large","max-video-preview":"max-video-preview:-1"},"canonical":"https:\/\/www.beautypristroje.sk\/en\/product\/medik8-advanced-pro-collagen-peptide-cream\/","og_locale":"en_GB","og_type":"article","og_title":"Medik8 Advanced Pro-Collagen+ Peptide Cream - Beauty pr\u00edstroje","og_description":"Medik8 Advanced Pro-Collagen+ Peptide Cream - odborne vyvinut\u00fd produkt obsahuje pokro\u010dil\u00e9 akt\u00edvne l\u00e1tky, ktor\u00e9 stimuluj\u00fa prirodzen\u00fa produkciu kolag\u00e9nu v pleti, \u010d\u00edm podporuj\u00fa vidite\u013en\u00fa pevnos\u0165, pru\u017enos\u0165 a redukciu hlbok\u00fdch vr\u00e1sok","og_url":"https:\/\/www.beautypristroje.sk\/en\/product\/medik8-advanced-pro-collagen-peptide-cream\/","og_site_name":"Beauty pr\u00edstroje","article_modified_time":"2025-12-10T08:47:25+00:00","og_image":[{"width":1024,"height":1024,"url":"https:\/\/www.beautypristroje.sk\/wp-content\/uploads\/2025\/11\/20250611-AdvancedPro-Collagen_-PDP-Asset1-Packshot-ROW_jpg.webp","type":"image\/webp"}],"twitter_card":"summary_large_image","twitter_misc":{"Estimated reading time":"4 minutes"},"schema":{"@context":"https:\/\/schema.org","@graph":[{"@type":"WebPage","@id":"https:\/\/www.beautypristroje.sk\/produkt\/medik8-advanced-pro-collagen-peptide-cream\/","url":"https:\/\/www.beautypristroje.sk\/produkt\/medik8-advanced-pro-collagen-peptide-cream\/","name":"Medik8 Advanced Pro-Collagen+ Peptide Cream - Beauty pr\u00edstroje","isPartOf":{"@id":"https:\/\/www.beautypristroje.sk\/#website"},"primaryImageOfPage":{"@id":"https:\/\/www.beautypristroje.sk\/produkt\/medik8-advanced-pro-collagen-peptide-cream\/#primaryimage"},"image":{"@id":"https:\/\/www.beautypristroje.sk\/produkt\/medik8-advanced-pro-collagen-peptide-cream\/#primaryimage"},"thumbnailUrl":"https:\/\/www.beautypristroje.sk\/wp-content\/uploads\/2025\/11\/20250611-AdvancedPro-Collagen_-PDP-Asset1-Packshot-ROW_jpg.webp","datePublished":"2025-11-13T12:41:24+00:00","dateModified":"2025-12-10T08:47:25+00:00","description":"Medik8 Advanced Pro-Collagen+ Peptide Cream - odborne vyvinut\u00fd produkt obsahuje pokro\u010dil\u00e9 akt\u00edvne l\u00e1tky, ktor\u00e9 stimuluj\u00fa prirodzen\u00fa produkciu kolag\u00e9nu v pleti, \u010d\u00edm podporuj\u00fa vidite\u013en\u00fa pevnos\u0165, pru\u017enos\u0165 a redukciu hlbok\u00fdch vr\u00e1sok","breadcrumb":{"@id":"https:\/\/www.beautypristroje.sk\/produkt\/medik8-advanced-pro-collagen-peptide-cream\/#breadcrumb"},"inLanguage":"en-GB","potentialAction":[{"@type":"ReadAction","target":["https:\/\/www.beautypristroje.sk\/produkt\/medik8-advanced-pro-collagen-peptide-cream\/"]}]},{"@type":"ImageObject","inLanguage":"en-GB","@id":"https:\/\/www.beautypristroje.sk\/produkt\/medik8-advanced-pro-collagen-peptide-cream\/#primaryimage","url":"https:\/\/www.beautypristroje.sk\/wp-content\/uploads\/2025\/11\/20250611-AdvancedPro-Collagen_-PDP-Asset1-Packshot-ROW_jpg.webp","contentUrl":"https:\/\/www.beautypristroje.sk\/wp-content\/uploads\/2025\/11\/20250611-AdvancedPro-Collagen_-PDP-Asset1-Packshot-ROW_jpg.webp","width":1024,"height":1024,"caption":"Medik8 Advanced Pro-Collagen+ Peptide Cream"},{"@type":"BreadcrumbList","@id":"https:\/\/www.beautypristroje.sk\/produkt\/medik8-advanced-pro-collagen-peptide-cream\/#breadcrumb","itemListElement":[{"@type":"ListItem","position":1,"name":"Domovsk\u00e1 str\u00e1nka","item":"https:\/\/www.beautypristroje.sk\/"},{"@type":"ListItem","position":2,"name":"Obchod","item":"https:\/\/www.beautypristroje.sk\/obchod\/"},{"@type":"ListItem","position":3,"name":"Medik8 Advanced Pro-Collagen+ Peptide Cream"}]},{"@type":"WebSite","@id":"https:\/\/www.beautypristroje.sk\/#website","url":"https:\/\/www.beautypristroje.sk\/","name":"Beauty pr\u00edstroje","description":"Profesion\u00e1lne kozmetick\u00e9 pr\u00edstroje pre sal\u00f3ny a kliniky","potentialAction":[{"@type":"SearchAction","target":{"@type":"EntryPoint","urlTemplate":"https:\/\/www.beautypristroje.sk\/?s={search_term_string}"},"query-input":{"@type":"PropertyValueSpecification","valueRequired":true,"valueName":"search_term_string"}}],"inLanguage":"en-GB"}]}},"_links":{"self":[{"href":"https:\/\/www.beautypristroje.sk\/en\/wp-json\/wp\/v2\/product\/2532","targetHints":{"allow":["GET"]}}],"collection":[{"href":"https:\/\/www.beautypristroje.sk\/en\/wp-json\/wp\/v2\/product"}],"about":[{"href":"https:\/\/www.beautypristroje.sk\/en\/wp-json\/wp\/v2\/types\/product"}],"replies":[{"embeddable":true,"href":"https:\/\/www.beautypristroje.sk\/en\/wp-json\/wp\/v2\/comments?post=2532"}],"wp:featuredmedia":[{"embeddable":true,"href":"https:\/\/www.beautypristroje.sk\/en\/wp-json\/wp\/v2\/media\/2539"}],"wp:attachment":[{"href":"https:\/\/www.beautypristroje.sk\/en\/wp-json\/wp\/v2\/media?parent=2532"}],"wp:term":[{"taxonomy":"product_brand","embeddable":true,"href":"https:\/\/www.beautypristroje.sk\/en\/wp-json\/wp\/v2\/product_brand?post=2532"},{"taxonomy":"product_cat","embeddable":true,"href":"https:\/\/www.beautypristroje.sk\/en\/wp-json\/wp\/v2\/product_cat?post=2532"},{"taxonomy":"product_tag","embeddable":true,"href":"https:\/\/www.beautypristroje.sk\/en\/wp-json\/wp\/v2\/product_tag?post=2532"}],"curies":[{"name":"wp","href":"https:\/\/api.w.org\/{rel}","templated":true}]}}