{"id":2525,"date":"2025-11-13T13:24:17","date_gmt":"2025-11-13T12:24:17","guid":{"rendered":"https:\/\/www.beautypristroje.sk\/?post_type=product&#038;p=2525"},"modified":"2025-12-10T09:53:35","modified_gmt":"2025-12-10T08:53:35","slug":"medik8-c-tetra-advanced","status":"publish","type":"product","link":"https:\/\/www.beautypristroje.sk\/en\/product\/medik8-c-tetra-advanced\/","title":{"rendered":"Medik8 C-Tetra\u00ae Advanced"},"content":{"rendered":"<p>Chr\u00e1\u0148te svoju ple\u0165 pred pred\u010dasn\u00fdm starnut\u00edm a dosiahnite r\u00fdchle rozjasnenie v\u010faka novej gener\u00e1cii vitam\u00ednu C s koncentr\u00e1ciou 20\u202f% a pokro\u010dilej starostlivosti o ko\u017en\u00fa bari\u00e9ru.<\/p>\n<p>Medik8 C-Tetra Advanced rozjas\u0148uje ple\u0165 a vidite\u013ene redukuje vr\u00e1sky u\u017e za 7 dn\u00ed \u2013 bez naru\u0161enia ko\u017enej bari\u00e9ry, \u010do potvrdzuj\u00fa klinick\u00e9 \u0161t\u00fadie.* Toto vysoko \u00fa\u010dinn\u00e9 antioxida\u010dn\u00e9 s\u00e9rum je ur\u010den\u00e9 na ka\u017edodenn\u00e9 pou\u017e\u00edvanie a prin\u00e1\u0161a hlad\u0161iu ple\u0165 a vidite\u013en\u00e9 rozjasnenie.<\/p>\n<p>Inteligentn\u00fd komplex akt\u00edvnych l\u00e1tok sp\u00e1ja stabilizovan\u00fd 20\u202f% vitam\u00edn C s regenera\u010dn\u00fdmi fytoexoz\u00f3mami, ktor\u00e9 posil\u0148uj\u00fa odolnos\u0165 pleti, a acetyl zinger\u00f3n \u2013 siln\u00fd antioxidant \u00fa\u010dinn\u00fd proti v\u0161etk\u00fdm hlavn\u00fdm typom vo\u013en\u00fdch radik\u00e1lov.<\/p>\n<p>V\u00fdsledok? Skuto\u010dne \u00fa\u010dinn\u00e9 omladzuj\u00face s\u00e9rum s vitam\u00ednom C, ktor\u00e9 funguje bez podr\u00e1\u017edenia pleti.<\/p>\n<p><em>* Preuk\u00e1zan\u00e9 nez\u00e1vislou klinickou \u0161t\u00fadiou vykonanou po dobu 4 t\u00fd\u017ed\u0148ov na 32 \u00fa\u010dastn\u00edkoch.<\/em>\u00a0<em>Preuk\u00e1zan\u00e9 na z\u00e1klade in vitro d\u00e1t o karbonyl\u00e1cii prote\u00ednov pri p\u00f4soben\u00ed zne\u010distenia pevn\u00fdmi \u010dasticami na rohovej vrstve a epidermis.<\/em>\u00a0<em>Preuk\u00e1zan\u00e9 prostredn\u00edctvom in vitro \u0161t\u00fadie karbonyl\u00e1cie prote\u00ednov s pou\u017eit\u00edm eur\u00f3pskych \u0161tandardn\u00fdch referen\u010dn\u00fdch environment\u00e1lnych polutantov.<\/em><\/p>\n<h3><strong>V\u00ddHODY<\/strong><\/h3>\n<div class=\"copy\">\n<div class=\"copy\">\n<h5>V\u00fdrazn\u00e9 rozjasnenie pleti<\/h5>\n<p>Klinicky preuk\u00e1zan\u00e9 vidite\u013en\u00e9 rozjasnenie a zjednotenie t\u00f3nu pleti u\u017e za 7 dn\u00ed \u2013 pre \u017eiariv\u00fd a rozjasnen\u00fd vzh\u013ead.*<\/p>\n<div class=\"metafield-rich_text_field\">\n<p>*Na z\u00e1klade klinickej \u0161t\u00fadie [1].<\/p>\n<\/div>\n<h5>Posilnen\u00e1 podpora ko\u017enej bari\u00e9ry<\/h5>\n<\/div>\n<div class=\"copy\">\n<p>Siln\u00e9 fytoexoz\u00f3my r\u00fdchlo a \u00fa\u010dinne dod\u00e1vaj\u00fa obnovuj\u00face bioakt\u00edvne l\u00e1tky do ko\u017en\u00fdch buniek \u2013 so 100\u202f% toleranciou a 0\u202f% naru\u0161en\u00edm ko\u017enej bari\u00e9ry.*<\/p>\n<div class=\"metafield-rich_text_field\">\n<p>*Na z\u00e1klade klinickej \u0161t\u00fadie [1].<\/p>\n<\/div>\n<p>Ochrana pred pred\u010dasn\u00fdm starnut\u00edm pleti<\/p>\n<\/div>\n<div class=\"copy\">\n<p>Chr\u00e1ni poko\u017eku pred \u0161kodliv\u00fdmi vo\u013en\u00fdmi radik\u00e1lmi, zne\u010disten\u00edm a ka\u017edodenn\u00fdmi vonkaj\u0161\u00edmi stresormi \u2013 a pom\u00e1ha tak predch\u00e1dza\u0165 pred\u010dasn\u00e9mu starnutiu.<\/p>\n<h5>Hladk\u00e1 a zjednoten\u00e1 ple\u0165<\/h5>\n<\/div>\n<div class=\"copy\">\n<p>Klinicky preuk\u00e1zan\u00e9 vidite\u013en\u00e9 zlep\u0161enie hladkosti a text\u00fary pleti u\u017e za 7 dn\u00ed \u2013 pre jemn\u00fd, vyhladen\u00fd vzh\u013ead.*<\/p>\n<div class=\"metafield-rich_text_field\">\n<p>*Na z\u00e1klade klinickej \u0161t\u00fadie [1].<\/p>\n<\/div>\n<h5>\u013dahk\u00e1 text\u00fara<\/h5>\n<\/div>\n<div class=\"copy\">\n<p>R\u00fdchlo sa vstreb\u00e1vaj\u00faca g\u00e9lovo-s\u00e9rov\u00e1 text\u00fara hydratuje, vyhladzuje a pripravuje ple\u0165 \u2013 okam\u017eite ju osvie\u017euje a zanech\u00e1va pripraven\u00fa na cel\u00fd de\u0148.<\/p>\n<h3><b>K\u013d\u00da\u010cOV\u00c9 ZLO\u017dKY<\/b><\/h3>\n<\/div>\n<\/div>\n<h5><img decoding=\"async\" class=\"list-item-icon\" src=\"https:\/\/medik8.sk\/cdn\/shop\/files\/PDP_Key_Ingredients_Tetrahexyldecyl_Ascorbate_Icon_6fcd4a3f-2215-4cfe-ae04-8dfbb9f111ff.svg?v=1748897083&amp;width=50\" alt=\"Ingredient Icon 1\" width=\"50\" height=\"auto\" \/>20\u202f% stabilizovan\u00fd vitam\u00edn C (Tetrahexyldecyl Ascorbate)<\/h5>\n<div class=\"copy\">\n<p>Vysoko \u00fa\u010dinn\u00e1, no z\u00e1rove\u0148 \u0161etrn\u00e1 forma vitam\u00ednu C pre v\u00fdrazn\u00e9 rozjasnenie pleti a siln\u00fa antioxida\u010dn\u00fa ochranu pred pred\u010dasn\u00fdm starnut\u00edm.<\/p>\n<h5><img decoding=\"async\" class=\"list-item-icon\" src=\"https:\/\/medik8.sk\/cdn\/shop\/files\/Copy_of_PDP_Key_Ingredients_Phyto_Exosomes.svg?v=1748897583&amp;width=50\" alt=\"Ingredient Icon 2\" width=\"50\" height=\"auto\" \/>\u00a0 Fytoexoz\u00f3my<\/h5>\n<\/div>\n<div class=\"copy\">\n<p>Prirodzene zapuzdren\u00e9 fytoexoz\u00f3my inteligentne transportuj\u00fa prote\u00edny, lipidy a sign\u00e1lne molekuly priamo ku ko\u017en\u00fdm bunk\u00e1m. V kombin\u00e1cii s na\u0161\u00edm vysoko \u00fa\u010dinn\u00fdm vitam\u00ednom C pom\u00e1haj\u00fa predch\u00e1dza\u0165 a zmier\u0148ova\u0165 pred\u010dasn\u00e9 starnutie t\u00fdm, \u017ee podporuj\u00fa zdrav\u0161\u00ed a odolnej\u0161\u00ed vzh\u013ead pleti.<\/p>\n<h5><img decoding=\"async\" class=\"list-item-icon\" src=\"https:\/\/medik8.sk\/cdn\/shop\/files\/Copy_of_PDP_Key_Ingredients_Acetyl_Zingerone.svg?v=1748897708&amp;width=50\" alt=\"Ingredient Icon 3\" width=\"50\" height=\"auto\" \/> Acetyl Zingerone<\/h5>\n<\/div>\n<div class=\"copy\">\n<p>Supersiln\u00fd antioxidant, ktor\u00fd p\u00f4sob\u00ed synergicky s vitam\u00ednom C \u2013 zvy\u0161uje jeho \u00fa\u010dinnos\u0165, neutralizuje starn\u00face vo\u013en\u00e9 radik\u00e1ly a chr\u00e1ni ple\u0165 pred vonkaj\u0161\u00edmi stresormi.<\/p>\n<h5><img decoding=\"async\" class=\"list-item-icon\" src=\"https:\/\/medik8.sk\/cdn\/shop\/files\/PDP_Key_Ingredients_Multi-Weight_Hyaluronic_Acid.svg?v=1748897856&amp;width=50\" alt=\"Ingredient Icon 4\" width=\"50\" height=\"auto\" \/> Kyselina hyalur\u00f3nov\u00e1 s r\u00f4znou molekulovou hmotnos\u0165ou<\/h5>\n<\/div>\n<div class=\"copy\">\n<p>Via\u017ee vlhkos\u0165 do poko\u017eky, okam\u017eite ju vyp\u013a\u0148a a intenz\u00edvne hydratuje \u2013 pre hebk\u00fa, pru\u017en\u00fa a vl\u00e1\u010dnu ple\u0165.<\/p>\n<h5><img decoding=\"async\" class=\"list-item-icon\" src=\"https:\/\/medik8.sk\/cdn\/shop\/files\/Copy_of_PDP_Key_Ingredients_N-Acetyl_Glucosamine_NAG.svg?v=1748897930&amp;width=50\" alt=\"Ingredient Icon 5\" width=\"50\" height=\"auto\" \/>N-Acetyl Glucosamine (NAG)<\/h5>\n<\/div>\n<div class=\"copy\">\n<p>\u0160etrn\u00e1 akt\u00edvna l\u00e1tka podporuj\u00faca ko\u017en\u00fa bari\u00e9ru, ktor\u00e1 vyhladzuje vzh\u013ead p\u00f3rov a z\u00e1rove\u0148 pom\u00e1ha postupne zvy\u0161ova\u0165 prirodzen\u00fa hladinu kyseliny hyalur\u00f3novej v poko\u017eke.<\/p>\n<\/div>\n<h3><strong>AKO POU\u017d\u00cdVA\u0164<\/strong><\/h3>\n<p>Pou\u017e\u00edvajte ka\u017ed\u00e9 r\u00e1no ako s\u00fa\u010das\u0165 starostlivosti o ple\u0165. Naneste 2\u20133 pumpi\u010dky na tv\u00e1r, krk a dekolt a jemne vmas\u00edrujte. Pokra\u010dujte hydrata\u010dn\u00fdm kr\u00e9mom a v\u017edy zakon\u010dite aplik\u00e1ciou opa\u013eovacieho kr\u00e9mu.<\/p>\n<h3><strong>OBSAH BALENIA<\/strong><\/h3>\n<p>Balenie 30 ml<\/p>\n<h3><strong>ZLO\u017dENIE<\/strong><\/h3>\n<p>Aqua (Water), Tetrahexyldecyl Ascorbate, Isododecane, Propanediol, Acetyl Glucosamine, Squalane, Tocopherol, Acetyl Zingerone, Camellia Sinensis (Green Tea) Leaf Vesicles, Hydroxyacetophenone, Sodium Hyaluronate, Cellulose, Avena Sativa (Oat) Kernel Extract, Glycerin, Hydroxyethyl Acrylate\/Sodium Acryloyldimethyl Taurate Copolymer, Citrus Grandis (Grapefruit) Peel Oil, Sucrose Stearate, Tetrasodium Glutamate Diacetate, Ethylhexylglycerin, Acrylates\/C10-30 Alkyl Acrylate Crosspolymer, Xanthan Gum, Sodium Benzoate, Cellulose Gum, 1,2-Hexanediol, Polysorbate 60, Sorbitan Isostearate, Citric Acid, Phenoxyethanol, Citral, Linalool, LimoneneAqua (Water), Tetrahexyldecyl Ascorbate, Isododecane, Propanediol, Acetyl Glucosamine, Squalane, Tocopherol, Acetyl Zingerone, Camellia Sinensis (Green Tea) Leaf Vesicles, Hydroxyacetophenone, Sodium Hyaluronate, Cellulose, Avena Sativa (Oat) Kernel Extract, Glycerin, Hydroxyethyl Acrylate\/Sodium Acryloyldimethyl Taurate Copolymer, Citrus Grandis (Grapefruit) Peel Oil, Sucrose Stearate, Tetrasodium Glutamate Diacetate, Ethylhexylglycerin, Acrylates\/C10-30 Alkyl Acrylate Crosspolymer, Xanthan Gum, Sodium Benzoate, Cellulose Gum, 1,2-Hexanediol, Polysorbate 60, Sorbitan Isostearate, Citric Acid, Phenoxyethanol, Citral, Linalool, Limonene<\/p>\n<p>*Aj ke\u010f sa sna\u017e\u00edme zaisti\u0165 presnos\u0165 tohto zoznamu zlo\u017eiek, niekedy m\u00f4\u017ee d\u00f4js\u0165 k vylep\u0161eniam produktu alebo k miernym rozdielom medzi r\u00f4znymi regi\u00f3nmi na z\u00e1klade miestnych z\u00e1konov. Jedin\u00fd definit\u00edvny zoznam zlo\u017eiek je preto ten, ktor\u00fd je vytla\u010den\u00fd na obale produktu.<\/p>\n","protected":false},"excerpt":{"rendered":"<p>Chr\u00e1\u0148te svoju ple\u0165 pred pred\u010dasn\u00fdm starnut\u00edm a dosiahnite r\u00fdchle rozjasnenie v\u010faka novej gener\u00e1cii vitam\u00ednu C s koncentr\u00e1ciou 20\u202f% a pokro\u010dilej starostlivosti o ko\u017en\u00fa bari\u00e9ru. Medik8 C-Tetra Advanced rozjas\u0148uje ple\u0165 a vidite\u013ene redukuje vr\u00e1sky u\u017e za 7 dn\u00ed \u2013 bez naru\u0161enia ko\u017enej bari\u00e9ry, \u010do potvrdzuj\u00fa klinick\u00e9 \u0161t\u00fadie.* Toto vysoko \u00fa\u010dinn\u00e9 antioxida\u010dn\u00e9 s\u00e9rum je ur\u010den\u00e9 na ka\u017edodenn\u00e9 [&hellip;]<\/p>\n","protected":false},"featured_media":2530,"comment_status":"closed","ping_status":"closed","template":"","meta":{"_acf_changed":false},"product_brand":[],"product_cat":[75,26],"product_tag":[],"class_list":{"0":"post-2525","1":"product","2":"type-product","3":"status-publish","4":"has-post-thumbnail","6":"product_cat-kremy-a-sera","7":"product_cat-skincare-produkty","9":"first","10":"instock","11":"taxable","12":"shipping-taxable","13":"purchasable","14":"product-type-simple"},"acf":[],"yoast_head":"<!-- This site is optimized with the Yoast SEO plugin v27.6 - https:\/\/yoast.com\/product\/yoast-seo-wordpress\/ -->\n<title>Medik8 C-Tetra\u00ae Advanced - Beauty pr\u00edstroje<\/title>\n<meta name=\"description\" content=\"Medik8 C-Tetra\u00ae Advanced - ozjas\u0148uje ple\u0165 a vidite\u013ene redukuje vr\u00e1sky u\u017e za 7 dn\u00ed \u2013 bez naru\u0161enia ko\u017enej bari\u00e9ry, \u010do potvrdzuj\u00fa klinick\u00e9 \u0161t\u00fadie.\" \/>\n<meta name=\"robots\" content=\"index, follow, max-snippet:-1, max-image-preview:large, max-video-preview:-1\" \/>\n<link rel=\"canonical\" href=\"https:\/\/www.beautypristroje.sk\/en\/product\/medik8-c-tetra-advanced\/\" \/>\n<meta property=\"og:locale\" content=\"en_GB\" \/>\n<meta property=\"og:type\" content=\"article\" \/>\n<meta property=\"og:title\" content=\"Medik8 C-Tetra\u00ae Advanced - Beauty pr\u00edstroje\" \/>\n<meta property=\"og:description\" content=\"Medik8 C-Tetra\u00ae Advanced - ozjas\u0148uje ple\u0165 a vidite\u013ene redukuje vr\u00e1sky u\u017e za 7 dn\u00ed \u2013 bez naru\u0161enia ko\u017enej bari\u00e9ry, \u010do potvrdzuj\u00fa klinick\u00e9 \u0161t\u00fadie.\" \/>\n<meta property=\"og:url\" content=\"https:\/\/www.beautypristroje.sk\/en\/product\/medik8-c-tetra-advanced\/\" \/>\n<meta property=\"og:site_name\" content=\"Beauty pr\u00edstroje\" \/>\n<meta property=\"article:modified_time\" content=\"2025-12-10T08:53:35+00:00\" \/>\n<meta property=\"og:image\" content=\"https:\/\/www.beautypristroje.sk\/wp-content\/uploads\/2025\/11\/1.webp\" \/>\n\t<meta property=\"og:image:width\" content=\"1024\" \/>\n\t<meta property=\"og:image:height\" content=\"1024\" \/>\n\t<meta property=\"og:image:type\" content=\"image\/webp\" \/>\n<meta name=\"twitter:card\" content=\"summary_large_image\" \/>\n<meta name=\"twitter:label1\" content=\"Estimated reading time\" \/>\n\t<meta name=\"twitter:data1\" content=\"5 minutes\" \/>\n<script type=\"application\/ld+json\" class=\"yoast-schema-graph\">{\"@context\":\"https:\\\/\\\/schema.org\",\"@graph\":[{\"@type\":\"WebPage\",\"@id\":\"https:\\\/\\\/www.beautypristroje.sk\\\/produkt\\\/medik8-c-tetra-advanced\\\/\",\"url\":\"https:\\\/\\\/www.beautypristroje.sk\\\/produkt\\\/medik8-c-tetra-advanced\\\/\",\"name\":\"Medik8 C-Tetra\u00ae Advanced - Beauty pr\u00edstroje\",\"isPartOf\":{\"@id\":\"https:\\\/\\\/www.beautypristroje.sk\\\/#website\"},\"primaryImageOfPage\":{\"@id\":\"https:\\\/\\\/www.beautypristroje.sk\\\/produkt\\\/medik8-c-tetra-advanced\\\/#primaryimage\"},\"image\":{\"@id\":\"https:\\\/\\\/www.beautypristroje.sk\\\/produkt\\\/medik8-c-tetra-advanced\\\/#primaryimage\"},\"thumbnailUrl\":\"https:\\\/\\\/www.beautypristroje.sk\\\/wp-content\\\/uploads\\\/2025\\\/11\\\/1.webp\",\"datePublished\":\"2025-11-13T12:24:17+00:00\",\"dateModified\":\"2025-12-10T08:53:35+00:00\",\"description\":\"Medik8 C-Tetra\u00ae Advanced - ozjas\u0148uje ple\u0165 a vidite\u013ene redukuje vr\u00e1sky u\u017e za 7 dn\u00ed \u2013 bez naru\u0161enia ko\u017enej bari\u00e9ry, \u010do potvrdzuj\u00fa klinick\u00e9 \u0161t\u00fadie.\",\"breadcrumb\":{\"@id\":\"https:\\\/\\\/www.beautypristroje.sk\\\/produkt\\\/medik8-c-tetra-advanced\\\/#breadcrumb\"},\"inLanguage\":\"en-GB\",\"potentialAction\":[{\"@type\":\"ReadAction\",\"target\":[\"https:\\\/\\\/www.beautypristroje.sk\\\/produkt\\\/medik8-c-tetra-advanced\\\/\"]}]},{\"@type\":\"ImageObject\",\"inLanguage\":\"en-GB\",\"@id\":\"https:\\\/\\\/www.beautypristroje.sk\\\/produkt\\\/medik8-c-tetra-advanced\\\/#primaryimage\",\"url\":\"https:\\\/\\\/www.beautypristroje.sk\\\/wp-content\\\/uploads\\\/2025\\\/11\\\/1.webp\",\"contentUrl\":\"https:\\\/\\\/www.beautypristroje.sk\\\/wp-content\\\/uploads\\\/2025\\\/11\\\/1.webp\",\"width\":1024,\"height\":1024,\"caption\":\"Medik8 C-Tetra\u00ae Advanced\"},{\"@type\":\"BreadcrumbList\",\"@id\":\"https:\\\/\\\/www.beautypristroje.sk\\\/produkt\\\/medik8-c-tetra-advanced\\\/#breadcrumb\",\"itemListElement\":[{\"@type\":\"ListItem\",\"position\":1,\"name\":\"Domovsk\u00e1 str\u00e1nka\",\"item\":\"https:\\\/\\\/www.beautypristroje.sk\\\/\"},{\"@type\":\"ListItem\",\"position\":2,\"name\":\"Obchod\",\"item\":\"https:\\\/\\\/www.beautypristroje.sk\\\/obchod\\\/\"},{\"@type\":\"ListItem\",\"position\":3,\"name\":\"Medik8 C-Tetra\u00ae Advanced\"}]},{\"@type\":\"WebSite\",\"@id\":\"https:\\\/\\\/www.beautypristroje.sk\\\/#website\",\"url\":\"https:\\\/\\\/www.beautypristroje.sk\\\/\",\"name\":\"Beauty pr\u00edstroje\",\"description\":\"Profesion\u00e1lne kozmetick\u00e9 pr\u00edstroje pre sal\u00f3ny a kliniky\",\"potentialAction\":[{\"@type\":\"SearchAction\",\"target\":{\"@type\":\"EntryPoint\",\"urlTemplate\":\"https:\\\/\\\/www.beautypristroje.sk\\\/?s={search_term_string}\"},\"query-input\":{\"@type\":\"PropertyValueSpecification\",\"valueRequired\":true,\"valueName\":\"search_term_string\"}}],\"inLanguage\":\"en-GB\"}]}<\/script>\n<!-- \/ Yoast SEO plugin. -->","yoast_head_json":{"title":"Medik8 C-Tetra\u00ae Advanced - Beauty pr\u00edstroje","description":"Medik8 C-Tetra\u00ae Advanced - ozjas\u0148uje ple\u0165 a vidite\u013ene redukuje vr\u00e1sky u\u017e za 7 dn\u00ed \u2013 bez naru\u0161enia ko\u017enej bari\u00e9ry, \u010do potvrdzuj\u00fa klinick\u00e9 \u0161t\u00fadie.","robots":{"index":"index","follow":"follow","max-snippet":"max-snippet:-1","max-image-preview":"max-image-preview:large","max-video-preview":"max-video-preview:-1"},"canonical":"https:\/\/www.beautypristroje.sk\/en\/product\/medik8-c-tetra-advanced\/","og_locale":"en_GB","og_type":"article","og_title":"Medik8 C-Tetra\u00ae Advanced - Beauty pr\u00edstroje","og_description":"Medik8 C-Tetra\u00ae Advanced - ozjas\u0148uje ple\u0165 a vidite\u013ene redukuje vr\u00e1sky u\u017e za 7 dn\u00ed \u2013 bez naru\u0161enia ko\u017enej bari\u00e9ry, \u010do potvrdzuj\u00fa klinick\u00e9 \u0161t\u00fadie.","og_url":"https:\/\/www.beautypristroje.sk\/en\/product\/medik8-c-tetra-advanced\/","og_site_name":"Beauty pr\u00edstroje","article_modified_time":"2025-12-10T08:53:35+00:00","og_image":[{"width":1024,"height":1024,"url":"https:\/\/www.beautypristroje.sk\/wp-content\/uploads\/2025\/11\/1.webp","type":"image\/webp"}],"twitter_card":"summary_large_image","twitter_misc":{"Estimated reading time":"5 minutes"},"schema":{"@context":"https:\/\/schema.org","@graph":[{"@type":"WebPage","@id":"https:\/\/www.beautypristroje.sk\/produkt\/medik8-c-tetra-advanced\/","url":"https:\/\/www.beautypristroje.sk\/produkt\/medik8-c-tetra-advanced\/","name":"Medik8 C-Tetra\u00ae Advanced - Beauty pr\u00edstroje","isPartOf":{"@id":"https:\/\/www.beautypristroje.sk\/#website"},"primaryImageOfPage":{"@id":"https:\/\/www.beautypristroje.sk\/produkt\/medik8-c-tetra-advanced\/#primaryimage"},"image":{"@id":"https:\/\/www.beautypristroje.sk\/produkt\/medik8-c-tetra-advanced\/#primaryimage"},"thumbnailUrl":"https:\/\/www.beautypristroje.sk\/wp-content\/uploads\/2025\/11\/1.webp","datePublished":"2025-11-13T12:24:17+00:00","dateModified":"2025-12-10T08:53:35+00:00","description":"Medik8 C-Tetra\u00ae Advanced - ozjas\u0148uje ple\u0165 a vidite\u013ene redukuje vr\u00e1sky u\u017e za 7 dn\u00ed \u2013 bez naru\u0161enia ko\u017enej bari\u00e9ry, \u010do potvrdzuj\u00fa klinick\u00e9 \u0161t\u00fadie.","breadcrumb":{"@id":"https:\/\/www.beautypristroje.sk\/produkt\/medik8-c-tetra-advanced\/#breadcrumb"},"inLanguage":"en-GB","potentialAction":[{"@type":"ReadAction","target":["https:\/\/www.beautypristroje.sk\/produkt\/medik8-c-tetra-advanced\/"]}]},{"@type":"ImageObject","inLanguage":"en-GB","@id":"https:\/\/www.beautypristroje.sk\/produkt\/medik8-c-tetra-advanced\/#primaryimage","url":"https:\/\/www.beautypristroje.sk\/wp-content\/uploads\/2025\/11\/1.webp","contentUrl":"https:\/\/www.beautypristroje.sk\/wp-content\/uploads\/2025\/11\/1.webp","width":1024,"height":1024,"caption":"Medik8 C-Tetra\u00ae Advanced"},{"@type":"BreadcrumbList","@id":"https:\/\/www.beautypristroje.sk\/produkt\/medik8-c-tetra-advanced\/#breadcrumb","itemListElement":[{"@type":"ListItem","position":1,"name":"Domovsk\u00e1 str\u00e1nka","item":"https:\/\/www.beautypristroje.sk\/"},{"@type":"ListItem","position":2,"name":"Obchod","item":"https:\/\/www.beautypristroje.sk\/obchod\/"},{"@type":"ListItem","position":3,"name":"Medik8 C-Tetra\u00ae Advanced"}]},{"@type":"WebSite","@id":"https:\/\/www.beautypristroje.sk\/#website","url":"https:\/\/www.beautypristroje.sk\/","name":"Beauty pr\u00edstroje","description":"Profesion\u00e1lne kozmetick\u00e9 pr\u00edstroje pre sal\u00f3ny a kliniky","potentialAction":[{"@type":"SearchAction","target":{"@type":"EntryPoint","urlTemplate":"https:\/\/www.beautypristroje.sk\/?s={search_term_string}"},"query-input":{"@type":"PropertyValueSpecification","valueRequired":true,"valueName":"search_term_string"}}],"inLanguage":"en-GB"}]}},"_links":{"self":[{"href":"https:\/\/www.beautypristroje.sk\/en\/wp-json\/wp\/v2\/product\/2525","targetHints":{"allow":["GET"]}}],"collection":[{"href":"https:\/\/www.beautypristroje.sk\/en\/wp-json\/wp\/v2\/product"}],"about":[{"href":"https:\/\/www.beautypristroje.sk\/en\/wp-json\/wp\/v2\/types\/product"}],"replies":[{"embeddable":true,"href":"https:\/\/www.beautypristroje.sk\/en\/wp-json\/wp\/v2\/comments?post=2525"}],"wp:featuredmedia":[{"embeddable":true,"href":"https:\/\/www.beautypristroje.sk\/en\/wp-json\/wp\/v2\/media\/2530"}],"wp:attachment":[{"href":"https:\/\/www.beautypristroje.sk\/en\/wp-json\/wp\/v2\/media?parent=2525"}],"wp:term":[{"taxonomy":"product_brand","embeddable":true,"href":"https:\/\/www.beautypristroje.sk\/en\/wp-json\/wp\/v2\/product_brand?post=2525"},{"taxonomy":"product_cat","embeddable":true,"href":"https:\/\/www.beautypristroje.sk\/en\/wp-json\/wp\/v2\/product_cat?post=2525"},{"taxonomy":"product_tag","embeddable":true,"href":"https:\/\/www.beautypristroje.sk\/en\/wp-json\/wp\/v2\/product_tag?post=2525"}],"curies":[{"name":"wp","href":"https:\/\/api.w.org\/{rel}","templated":true}]}}