{"id":2519,"date":"2025-11-13T13:17:54","date_gmt":"2025-11-13T12:17:54","guid":{"rendered":"https:\/\/www.beautypristroje.sk\/?post_type=product&#038;p=2519"},"modified":"2025-12-10T09:53:45","modified_gmt":"2025-12-10T08:53:45","slug":"medik8-liquid-peptides-advanced-mp","status":"publish","type":"product","link":"https:\/\/www.beautypristroje.sk\/en\/product\/medik8-liquid-peptides-advanced-mp\/","title":{"rendered":"Medik8 Liquid Peptides Advanced MP"},"content":{"rendered":"<p>Medik8 Liquid Peptides Advanced MP prin\u00e1\u0161a prelom v oblasti biotechnol\u00f3gie: Dual MiniProteins\u2122 \u00faplne men\u00ed pravidl\u00e1 hry v redukcii vr\u00e1sok. Klinicky preuk\u00e1zan\u00e9 \u2013 u\u017e za 10 min\u00fat vidite\u013ene zmier\u0148uje mimick\u00e9 linky a po\u010das 8 t\u00fd\u017ed\u0148ov redukuje hlbok\u00e9 vr\u00e1sky. Toto priekopn\u00edcke s\u00e9rum sp\u00e1ja farmaceutick\u00fa presnos\u0165 s najnov\u0161\u00edmi poznatkami v oblasti peptidovej vedy.<\/p>\n<p>V\u010faka efektu podobn\u00e9mu v\u00fdplniam cieli t\u00e1to inov\u00e1cia priamo na vznik vr\u00e1sok \u2013 teda tam, kde sa za\u010d\u00ednaj\u00fa formova\u0165. Expression Line MiniProtein\u2122 pom\u00e1ha uvo\u013eni\u0165 a vyhladi\u0165 dynamick\u00e9 mimick\u00e9 linky a vidite\u013ene zni\u017euje ich h\u013abku. Growth Factor MiniProtein\u2122 zlep\u0161uje vzh\u013ead ko\u017enej \u0161trukt\u00fary t\u00fdm, \u017ee podporuje hladiny kolag\u00e9nu, elast\u00ednu a kyseliny hyalur\u00f3novej \u2013 pre hlad\u0161iu, pevnej\u0161iu a mladistvej\u0161ie vyzeraj\u00facu ple\u0165 s ka\u017edou kvapkou.<\/p>\n<h3><strong>V\u00ddHODY<\/strong><\/h3>\n<div class=\"copy\">\n<div class=\"copy\">\n<div class=\"copy\">\n<div class=\"copy\">\n<h5>R\u00fdchla redukcia mimick\u00fdch vr\u00e1sok<\/h5>\n<p>100 % \u00fa\u010dastn\u00edkov prieskumu preuk\u00e1zalo klinick\u00e9 zlep\u0161enie vidite\u013en\u00fdch vr\u00e1sok u\u017e za 10 min\u00fat. [3]<\/p>\n<h5>Dlhodob\u00e1 redukcia hlbok\u00fdch vr\u00e1sok<\/h5>\n<\/div>\n<div class=\"copy\">\n<p>Pom\u00e1ha zvy\u0161ova\u0165 pru\u017enos\u0165 a pevnos\u0165 poko\u017eky pre vidite\u013en\u00e9 zn\u00ed\u017eenie hlbok\u00fdch vr\u00e1sok u\u017e za 8 t\u00fd\u017ed\u0148ov. [1]<\/p>\n<h5>Spevnenie a vytvarovanie kont\u00far tv\u00e1re<\/h5>\n<\/div>\n<div class=\"copy\">\n<p>Preuk\u00e1zate\u013ene zlep\u0161uje vzh\u013ead ko\u017enej \u0161trukt\u00fary pre vidite\u013ene mlad\u0161iu ple\u0165 u\u017e po prvom pou\u017eit\u00ed. [2]<\/p>\n<h5>Obnoven\u00e1 h\u013abkov\u00e1 hydrat\u00e1cia<\/h5>\n<\/div>\n<div class=\"copy\">\n<p>Pom\u00e1ha udr\u017eiava\u0165 poko\u017eku vyv\u00e1\u017een\u00fa, odoln\u00fa a chr\u00e1nen\u00fa pred vznikom nov\u00fdch vidite\u013en\u00fdch jemn\u00fdch liniek a vr\u00e1sok pri pravidelnom pou\u017e\u00edvan\u00ed. [2]<\/p>\n<p><b>K\u013d\u00da\u010cOV\u00c9 ZLO\u017dKY<\/b><\/p>\n<\/div>\n<\/div>\n<\/div>\n<\/div>\n<h5><img decoding=\"async\" class=\"list-item-icon\" src=\"https:\/\/medik8.sk\/cdn\/shop\/files\/PDP_Key_Ingredients_Prebiotic_Peptide.svg?v=1738240630&amp;width=50\" alt=\"Ingredient Icon 1\" width=\"50\" height=\"auto\" \/> Expression Line MiniProtein<\/h5>\n<div class=\"copy\">\n<p>Pom\u00e1ha uvo\u013eni\u0165 a vyhladi\u0165 dynamick\u00e9 mimick\u00e9 linky pre vidite\u013ene men\u0161iu h\u013abku vr\u00e1sok.<\/p>\n<h5><img decoding=\"async\" class=\"list-item-icon\" src=\"https:\/\/medik8.sk\/cdn\/shop\/files\/PDP_Key_Ingredients_Drone-Targeted_Copper_Peptide.svg?v=1738240630&amp;width=50\" alt=\"Ingredient Icon 2\" width=\"50\" height=\"auto\" \/> Growth Factor MiniProtein<\/h5>\n<\/div>\n<div class=\"copy\">\n<p>Postupne vidite\u013ene zlep\u0161uje vzh\u013ead \u0161trukt\u00fary pleti t\u00fdm, \u017ee pom\u00e1ha zvy\u0161ova\u0165 hladiny kolag\u00e9nu, elast\u00ednu a kyseliny hyalur\u00f3novej v poko\u017eke.<\/p>\n<h5><img decoding=\"async\" class=\"list-item-icon\" src=\"https:\/\/medik8.sk\/cdn\/shop\/files\/PDP_Key_Ingredients_Drone-Targeted_Copper_Peptide.svg?v=1738240630&amp;width=50\" alt=\"Ingredient Icon 3\" width=\"50\" height=\"auto\" \/> 30 % Multi-Peptidov\u00fd Komplex<\/h5>\n<\/div>\n<div class=\"copy\">\n<p>Dynamick\u00e1 zmes 13 peptidov proti starnutiu, vr\u00e1tane meden\u00fdch peptidov a Matrixyl 3000, navrhnut\u00e1 na vidite\u013en\u00e9 vyhladenie a obnovenie mladistv\u00e9ho vzh\u013eadu a text\u00fary poko\u017eky.<\/p>\n<\/div>\n<h3><strong>AKO POU\u017d\u00cdVA\u0164<\/strong><\/h3>\n<p>Aplikujte Liquid Peptides Advanced MP r\u00e1no a ve\u010der po \u010disten\u00ed pleti a po pou\u017eit\u00ed s\u00e9r na vodnej alebo olejovej b\u00e1ze, pred nanesen\u00edm kr\u00e9mu. Vmas\u00edrujte 1\u20132 pumpi\u010dky do poko\u017eky tv\u00e1re, krku a dekoltu. Nechajte nieko\u013eko sek\u00fand vstreba\u0165.<\/p>\n<h3><strong>OBSAH BALENIA<\/strong><\/h3>\n<p>Balenie s obsahom 30ml<\/p>\n<h3><strong>ZLO\u017dENIE<\/strong><\/h3>\n<p>Aqua (Water), Glycerin, Dimethicone, Dimethyl Isosorbide, Butylene Glycol, Undecane, Arginine, Inulin, Microcrystalline Cellulose, Ceteareth-20, Tridecane, Tocopherol, Hydroxyacetophenone, Sodium Hyaluronate, Palmitoyl Tripeptide-38, Panthenol, Caprylic\/Capric Triglyceride, Palmitoyl Tripeptide-5, Polyacrylate Crosspolymer-6, Palmitoyl Tripeptide-1, Pullulan, Tetrapeptide-21, Palmitoyl Tetrapeptide-10, Palmitoyl Tetrapeptide-7, Ammonium Polyacryloyldimethyl Taurate, Glyceryl Linoleate, Acetyl Hexapeptide-8, Pentapeptide-18, Oligopeptide-1, Arginine\/Lysine Polypeptide, Sucrose Palmitate, Cetyl Palmitate, Phenoxyethanol, Ethylhexylglycerin, Carbomer, Copper Palmitoyl Heptapeptide-14, Heptapeptide-15 Palmitate, Benzotriazolyl Dodecyl P-Cresol, Polysorbate 80, Sorbitan Stearate, Polysorbate 20, Carnosine, Sodium Metabisulfite, Dunaliella Salina Extract, Helianthus Annuus (Sunflower) Seed Oil, Hydroxypropyl Cyclodextrin, Dimethicone\/Vinyl Dimethicone Crosspolymer, Sodium Benzoate, Hydrogenated Lecithin, Caprylyl Glycol, Pantolactone, Xanthan Gum, Disodium EDTA, T-Butyl Alcohol, Potassium Sorbate, Citric Acid, Glyceryl Caprylate, Lactic Acid\/Glycolic Acid Copolymer, Polyvinyl Alcohol, Phenylpropanol.<\/p>\n<p>*Aj ke\u010f sa sna\u017e\u00edme zaisti\u0165 presnos\u0165 tohto zoznamu zlo\u017eiek, niekedy m\u00f4\u017ee d\u00f4js\u0165 k vylep\u0161eniam produktu alebo k miernym rozdielom medzi r\u00f4znymi regi\u00f3nmi na z\u00e1klade miestnych z\u00e1konov. Jedin\u00fd definit\u00edvny zoznam zlo\u017eiek je preto ten, ktor\u00fd je vytla\u010den\u00fd na obale produktu.<\/p>\n","protected":false},"excerpt":{"rendered":"<p>30 ml<\/p>\n<p class=\"f-product__subheading lh-r f-w400\">S\u00e9rum na redukciu vr\u00e1sok s 30 % multi-peptidov\u00fdm komplexom \u2013 preuk\u00e1zate\u013ene prin\u00e1\u0161a vidite\u013en\u00e9 v\u00fdsledky u\u017e za 10 min\u00fa<\/p>","protected":false},"featured_media":2524,"comment_status":"closed","ping_status":"closed","template":"","meta":{"_acf_changed":false},"product_brand":[77],"product_cat":[75,26],"product_tag":[],"class_list":{"0":"post-2519","1":"product","2":"type-product","3":"status-publish","4":"has-post-thumbnail","6":"product_brand-medik8","7":"product_cat-kremy-a-sera","8":"product_cat-skincare-produkty","10":"first","11":"instock","12":"taxable","13":"shipping-taxable","14":"purchasable","15":"product-type-simple"},"acf":[],"yoast_head":"<!-- This site is optimized with the Yoast SEO plugin v27.5 - https:\/\/yoast.com\/product\/yoast-seo-wordpress\/ -->\n<title>Medik8 Liquid Peptides Advanced MP - Beauty pr\u00edstroje<\/title>\n<meta name=\"description\" content=\"Medik8 Liquid Peptides Advanced MP - za 10 min\u00fat vidite\u013ene zmier\u0148uje mimick\u00e9 linky a po\u010das 8 t\u00fd\u017ed\u0148ov redukuje hlbok\u00e9 vr\u00e1sky.\" \/>\n<meta name=\"robots\" content=\"index, follow, max-snippet:-1, max-image-preview:large, max-video-preview:-1\" \/>\n<link rel=\"canonical\" href=\"https:\/\/www.beautypristroje.sk\/en\/product\/medik8-liquid-peptides-advanced-mp\/\" \/>\n<meta property=\"og:locale\" content=\"en_GB\" \/>\n<meta property=\"og:type\" content=\"article\" \/>\n<meta property=\"og:title\" content=\"Medik8 Liquid Peptides Advanced MP - Beauty pr\u00edstroje\" \/>\n<meta property=\"og:description\" content=\"Medik8 Liquid Peptides Advanced MP - za 10 min\u00fat vidite\u013ene zmier\u0148uje mimick\u00e9 linky a po\u010das 8 t\u00fd\u017ed\u0148ov redukuje hlbok\u00e9 vr\u00e1sky.\" \/>\n<meta property=\"og:url\" content=\"https:\/\/www.beautypristroje.sk\/en\/product\/medik8-liquid-peptides-advanced-mp\/\" \/>\n<meta property=\"og:site_name\" content=\"Beauty pr\u00edstroje\" \/>\n<meta property=\"article:modified_time\" content=\"2025-12-10T08:53:45+00:00\" \/>\n<meta property=\"og:image\" content=\"https:\/\/www.beautypristroje.sk\/wp-content\/uploads\/2025\/11\/20241013-LiquidPeptidesAdvancedMP-PDP-Packshot-ROW.webp\" \/>\n\t<meta property=\"og:image:width\" content=\"1024\" \/>\n\t<meta property=\"og:image:height\" content=\"1024\" \/>\n\t<meta property=\"og:image:type\" content=\"image\/webp\" \/>\n<meta name=\"twitter:card\" content=\"summary_large_image\" \/>\n<meta name=\"twitter:label1\" content=\"Estimated reading time\" \/>\n\t<meta name=\"twitter:data1\" content=\"4 minutes\" \/>\n<script type=\"application\/ld+json\" class=\"yoast-schema-graph\">{\"@context\":\"https:\\\/\\\/schema.org\",\"@graph\":[{\"@type\":\"WebPage\",\"@id\":\"https:\\\/\\\/www.beautypristroje.sk\\\/produkt\\\/medik8-liquid-peptides-advanced-mp\\\/\",\"url\":\"https:\\\/\\\/www.beautypristroje.sk\\\/produkt\\\/medik8-liquid-peptides-advanced-mp\\\/\",\"name\":\"Medik8 Liquid Peptides Advanced MP - Beauty pr\u00edstroje\",\"isPartOf\":{\"@id\":\"https:\\\/\\\/www.beautypristroje.sk\\\/#website\"},\"primaryImageOfPage\":{\"@id\":\"https:\\\/\\\/www.beautypristroje.sk\\\/produkt\\\/medik8-liquid-peptides-advanced-mp\\\/#primaryimage\"},\"image\":{\"@id\":\"https:\\\/\\\/www.beautypristroje.sk\\\/produkt\\\/medik8-liquid-peptides-advanced-mp\\\/#primaryimage\"},\"thumbnailUrl\":\"https:\\\/\\\/www.beautypristroje.sk\\\/wp-content\\\/uploads\\\/2025\\\/11\\\/20241013-LiquidPeptidesAdvancedMP-PDP-Packshot-ROW.webp\",\"datePublished\":\"2025-11-13T12:17:54+00:00\",\"dateModified\":\"2025-12-10T08:53:45+00:00\",\"description\":\"Medik8 Liquid Peptides Advanced MP - za 10 min\u00fat vidite\u013ene zmier\u0148uje mimick\u00e9 linky a po\u010das 8 t\u00fd\u017ed\u0148ov redukuje hlbok\u00e9 vr\u00e1sky.\",\"breadcrumb\":{\"@id\":\"https:\\\/\\\/www.beautypristroje.sk\\\/produkt\\\/medik8-liquid-peptides-advanced-mp\\\/#breadcrumb\"},\"inLanguage\":\"en-GB\",\"potentialAction\":[{\"@type\":\"ReadAction\",\"target\":[\"https:\\\/\\\/www.beautypristroje.sk\\\/produkt\\\/medik8-liquid-peptides-advanced-mp\\\/\"]}]},{\"@type\":\"ImageObject\",\"inLanguage\":\"en-GB\",\"@id\":\"https:\\\/\\\/www.beautypristroje.sk\\\/produkt\\\/medik8-liquid-peptides-advanced-mp\\\/#primaryimage\",\"url\":\"https:\\\/\\\/www.beautypristroje.sk\\\/wp-content\\\/uploads\\\/2025\\\/11\\\/20241013-LiquidPeptidesAdvancedMP-PDP-Packshot-ROW.webp\",\"contentUrl\":\"https:\\\/\\\/www.beautypristroje.sk\\\/wp-content\\\/uploads\\\/2025\\\/11\\\/20241013-LiquidPeptidesAdvancedMP-PDP-Packshot-ROW.webp\",\"width\":1024,\"height\":1024,\"caption\":\"Medik8 Liquid Peptides Advanced MP\"},{\"@type\":\"BreadcrumbList\",\"@id\":\"https:\\\/\\\/www.beautypristroje.sk\\\/produkt\\\/medik8-liquid-peptides-advanced-mp\\\/#breadcrumb\",\"itemListElement\":[{\"@type\":\"ListItem\",\"position\":1,\"name\":\"Domovsk\u00e1 str\u00e1nka\",\"item\":\"https:\\\/\\\/www.beautypristroje.sk\\\/\"},{\"@type\":\"ListItem\",\"position\":2,\"name\":\"Obchod\",\"item\":\"https:\\\/\\\/www.beautypristroje.sk\\\/obchod\\\/\"},{\"@type\":\"ListItem\",\"position\":3,\"name\":\"Medik8 Liquid Peptides Advanced MP\"}]},{\"@type\":\"WebSite\",\"@id\":\"https:\\\/\\\/www.beautypristroje.sk\\\/#website\",\"url\":\"https:\\\/\\\/www.beautypristroje.sk\\\/\",\"name\":\"Beauty pr\u00edstroje\",\"description\":\"Profesion\u00e1lne kozmetick\u00e9 pr\u00edstroje pre sal\u00f3ny a kliniky\",\"potentialAction\":[{\"@type\":\"SearchAction\",\"target\":{\"@type\":\"EntryPoint\",\"urlTemplate\":\"https:\\\/\\\/www.beautypristroje.sk\\\/?s={search_term_string}\"},\"query-input\":{\"@type\":\"PropertyValueSpecification\",\"valueRequired\":true,\"valueName\":\"search_term_string\"}}],\"inLanguage\":\"en-GB\"}]}<\/script>\n<!-- \/ Yoast SEO plugin. -->","yoast_head_json":{"title":"Medik8 Liquid Peptides Advanced MP - Beauty pr\u00edstroje","description":"Medik8 Liquid Peptides Advanced MP - za 10 min\u00fat vidite\u013ene zmier\u0148uje mimick\u00e9 linky a po\u010das 8 t\u00fd\u017ed\u0148ov redukuje hlbok\u00e9 vr\u00e1sky.","robots":{"index":"index","follow":"follow","max-snippet":"max-snippet:-1","max-image-preview":"max-image-preview:large","max-video-preview":"max-video-preview:-1"},"canonical":"https:\/\/www.beautypristroje.sk\/en\/product\/medik8-liquid-peptides-advanced-mp\/","og_locale":"en_GB","og_type":"article","og_title":"Medik8 Liquid Peptides Advanced MP - Beauty pr\u00edstroje","og_description":"Medik8 Liquid Peptides Advanced MP - za 10 min\u00fat vidite\u013ene zmier\u0148uje mimick\u00e9 linky a po\u010das 8 t\u00fd\u017ed\u0148ov redukuje hlbok\u00e9 vr\u00e1sky.","og_url":"https:\/\/www.beautypristroje.sk\/en\/product\/medik8-liquid-peptides-advanced-mp\/","og_site_name":"Beauty pr\u00edstroje","article_modified_time":"2025-12-10T08:53:45+00:00","og_image":[{"width":1024,"height":1024,"url":"https:\/\/www.beautypristroje.sk\/wp-content\/uploads\/2025\/11\/20241013-LiquidPeptidesAdvancedMP-PDP-Packshot-ROW.webp","type":"image\/webp"}],"twitter_card":"summary_large_image","twitter_misc":{"Estimated reading time":"4 minutes"},"schema":{"@context":"https:\/\/schema.org","@graph":[{"@type":"WebPage","@id":"https:\/\/www.beautypristroje.sk\/produkt\/medik8-liquid-peptides-advanced-mp\/","url":"https:\/\/www.beautypristroje.sk\/produkt\/medik8-liquid-peptides-advanced-mp\/","name":"Medik8 Liquid Peptides Advanced MP - Beauty pr\u00edstroje","isPartOf":{"@id":"https:\/\/www.beautypristroje.sk\/#website"},"primaryImageOfPage":{"@id":"https:\/\/www.beautypristroje.sk\/produkt\/medik8-liquid-peptides-advanced-mp\/#primaryimage"},"image":{"@id":"https:\/\/www.beautypristroje.sk\/produkt\/medik8-liquid-peptides-advanced-mp\/#primaryimage"},"thumbnailUrl":"https:\/\/www.beautypristroje.sk\/wp-content\/uploads\/2025\/11\/20241013-LiquidPeptidesAdvancedMP-PDP-Packshot-ROW.webp","datePublished":"2025-11-13T12:17:54+00:00","dateModified":"2025-12-10T08:53:45+00:00","description":"Medik8 Liquid Peptides Advanced MP - za 10 min\u00fat vidite\u013ene zmier\u0148uje mimick\u00e9 linky a po\u010das 8 t\u00fd\u017ed\u0148ov redukuje hlbok\u00e9 vr\u00e1sky.","breadcrumb":{"@id":"https:\/\/www.beautypristroje.sk\/produkt\/medik8-liquid-peptides-advanced-mp\/#breadcrumb"},"inLanguage":"en-GB","potentialAction":[{"@type":"ReadAction","target":["https:\/\/www.beautypristroje.sk\/produkt\/medik8-liquid-peptides-advanced-mp\/"]}]},{"@type":"ImageObject","inLanguage":"en-GB","@id":"https:\/\/www.beautypristroje.sk\/produkt\/medik8-liquid-peptides-advanced-mp\/#primaryimage","url":"https:\/\/www.beautypristroje.sk\/wp-content\/uploads\/2025\/11\/20241013-LiquidPeptidesAdvancedMP-PDP-Packshot-ROW.webp","contentUrl":"https:\/\/www.beautypristroje.sk\/wp-content\/uploads\/2025\/11\/20241013-LiquidPeptidesAdvancedMP-PDP-Packshot-ROW.webp","width":1024,"height":1024,"caption":"Medik8 Liquid Peptides Advanced MP"},{"@type":"BreadcrumbList","@id":"https:\/\/www.beautypristroje.sk\/produkt\/medik8-liquid-peptides-advanced-mp\/#breadcrumb","itemListElement":[{"@type":"ListItem","position":1,"name":"Domovsk\u00e1 str\u00e1nka","item":"https:\/\/www.beautypristroje.sk\/"},{"@type":"ListItem","position":2,"name":"Obchod","item":"https:\/\/www.beautypristroje.sk\/obchod\/"},{"@type":"ListItem","position":3,"name":"Medik8 Liquid Peptides Advanced MP"}]},{"@type":"WebSite","@id":"https:\/\/www.beautypristroje.sk\/#website","url":"https:\/\/www.beautypristroje.sk\/","name":"Beauty pr\u00edstroje","description":"Profesion\u00e1lne kozmetick\u00e9 pr\u00edstroje pre sal\u00f3ny a kliniky","potentialAction":[{"@type":"SearchAction","target":{"@type":"EntryPoint","urlTemplate":"https:\/\/www.beautypristroje.sk\/?s={search_term_string}"},"query-input":{"@type":"PropertyValueSpecification","valueRequired":true,"valueName":"search_term_string"}}],"inLanguage":"en-GB"}]}},"_links":{"self":[{"href":"https:\/\/www.beautypristroje.sk\/en\/wp-json\/wp\/v2\/product\/2519","targetHints":{"allow":["GET"]}}],"collection":[{"href":"https:\/\/www.beautypristroje.sk\/en\/wp-json\/wp\/v2\/product"}],"about":[{"href":"https:\/\/www.beautypristroje.sk\/en\/wp-json\/wp\/v2\/types\/product"}],"replies":[{"embeddable":true,"href":"https:\/\/www.beautypristroje.sk\/en\/wp-json\/wp\/v2\/comments?post=2519"}],"wp:featuredmedia":[{"embeddable":true,"href":"https:\/\/www.beautypristroje.sk\/en\/wp-json\/wp\/v2\/media\/2524"}],"wp:attachment":[{"href":"https:\/\/www.beautypristroje.sk\/en\/wp-json\/wp\/v2\/media?parent=2519"}],"wp:term":[{"taxonomy":"product_brand","embeddable":true,"href":"https:\/\/www.beautypristroje.sk\/en\/wp-json\/wp\/v2\/product_brand?post=2519"},{"taxonomy":"product_cat","embeddable":true,"href":"https:\/\/www.beautypristroje.sk\/en\/wp-json\/wp\/v2\/product_cat?post=2519"},{"taxonomy":"product_tag","embeddable":true,"href":"https:\/\/www.beautypristroje.sk\/en\/wp-json\/wp\/v2\/product_tag?post=2519"}],"curies":[{"name":"wp","href":"https:\/\/api.w.org\/{rel}","templated":true}]}}