{"id":2508,"date":"2025-11-13T09:00:14","date_gmt":"2025-11-13T08:00:14","guid":{"rendered":"https:\/\/www.beautypristroje.sk\/?post_type=product&#038;p=2508"},"modified":"2025-12-10T09:49:31","modified_gmt":"2025-12-10T08:49:31","slug":"medik8-retinal-rewind","status":"publish","type":"product","link":"https:\/\/www.beautypristroje.sk\/en\/product\/medik8-retinal-rewind\/","title":{"rendered":"Medik8 RETINAL REWIND"},"content":{"rendered":"<h3 data-start=\"91\" data-end=\"200\"><strong data-start=\"91\" data-end=\"115\">\u010co bal\u00ed\u010dek obsahuje:<\/strong><\/h3>\n<p data-start=\"91\" data-end=\"200\"><br data-start=\"115\" data-end=\"118\" \/>Crystal Retinal 3 (pln\u00e9 balenie) &amp; Crystal Retinal Ceramide Eye 3 (pln\u00e9 balenie)<\/p>\n<p data-start=\"202\" data-end=\"243\"><strong data-start=\"202\" data-end=\"241\">Va\u0161e za 78 EUR (hodnota 107 EUR)<\/strong><\/p>\n<p data-start=\"245\" data-end=\"585\">Zamerajte sa na v\u0161etky vidite\u013en\u00e9 zn\u00e1mky starnutia pleti s t\u00fdmto siln\u00fdm duom s vitam\u00ednom A.<br data-start=\"335\" data-end=\"338\" \/>Zatia\u013e \u010do\u00a0<strong data-start=\"348\" data-end=\"369\">Crystal Retinal 3<\/strong>\u00a0po\u010das sp\u00e1nku vidite\u013ene spev\u0148uje, rozjas\u0148uje a vyhladzuje ple\u0165,\u00a0<strong data-start=\"433\" data-end=\"467\">Crystal Retinal Ceramide Eye 3<\/strong>\u00a0p\u00f4sob\u00ed na vr\u00e1sky v okol\u00ed o\u010d\u00ed, jemn\u00e9 linky aj opuchy.<br data-start=\"520\" data-end=\"523\" \/>Rozba\u013ete a prebu\u010fte sa so \u017eiarivej\u0161\u00edm, odd\u00fdchnut\u00fdm poh\u013eadom.<\/p>\n<hr data-start=\"587\" data-end=\"590\" \/>\n<h3 data-start=\"592\" data-end=\"615\"><strong data-start=\"596\" data-end=\"615\">K\u013d\u00da\u010cOV\u00c9 PR\u00cdNOSY<\/strong><\/h3>\n<p data-start=\"617\" data-end=\"916\"><strong data-start=\"617\" data-end=\"638\">Crystal Retinal 3<\/strong><br data-start=\"638\" data-end=\"641\" \/>S obsahom\u00a0<strong data-start=\"651\" data-end=\"691\">0,03 % enkapsulovan\u00e9ho retinaldehydu<\/strong>\u00a0p\u00f4sob\u00ed toto no\u010dn\u00e9 s\u00e9rum\u00a0<strong data-start=\"716\" data-end=\"747\">11\u00d7 r\u00fdchlej\u0161ie ako retinol\u00b9<\/strong>. Zameriava sa na jemn\u00e9 linky, vr\u00e1sky a pigmentov\u00e9 \u0161kvrny, pri\u010dom zost\u00e1va \u00fa\u010dinn\u00e9, no z\u00e1rove\u0148 \u0161etrn\u00e9 a\u017e do poslednej kvapky. Odpor\u00fa\u010dan\u00e9 pre za\u010diato\u010dn\u00edkov s vitam\u00ednom A.<\/p>\n<p data-start=\"918\" data-end=\"1169\"><strong data-start=\"918\" data-end=\"952\">Crystal Retinal Ceramide Eye 3<\/strong><br data-start=\"952\" data-end=\"955\" \/>Vyvinut\u00fd \u0161peci\u00e1lne pre citliv\u00e9 o\u010dn\u00e9 okolie. Tento o\u010dn\u00fd kr\u00e9m s\u00a0<strong data-start=\"1017\" data-end=\"1065\">0,03 % dvojito enkapsulovan\u00e9ho retinaldehydu<\/strong>rozjas\u0148uje, vyhladzuje a preb\u00fadza poh\u013ead do nov\u00e9ho d\u0148a. Tie\u017e ide\u00e1lny pre za\u010diato\u010dn\u00edkov s vitam\u00ednom A.<\/p>\n<hr data-start=\"1171\" data-end=\"1174\" \/>\n<h3 data-start=\"1176\" data-end=\"1203\"><strong data-start=\"1180\" data-end=\"1203\">PREUK\u00c1ZAN\u00c9 V\u00ddSLEDKY<\/strong><\/h3>\n<ul data-start=\"1204\" data-end=\"1499\">\n<li data-start=\"1204\" data-end=\"1265\">\n<p data-start=\"1206\" data-end=\"1265\"><strong data-start=\"1206\" data-end=\"1216\">1 tuba<\/strong>\u00a0\u2013 klinicky preuk\u00e1zan\u00e9 zn\u00ed\u017eenie v\u00fdskytu vr\u00e1sok\u00b2<\/p>\n<\/li>\n<li data-start=\"1266\" data-end=\"1321\">\n<p data-start=\"1268\" data-end=\"1321\"><strong data-start=\"1268\" data-end=\"1276\">97 %<\/strong>\u00a0uviedlo, \u017ee ich ple\u0165 p\u00f4sob\u00ed mladistvej\u0161ie\u00b2<\/p>\n<\/li>\n<li data-start=\"1322\" data-end=\"1415\">\n<p data-start=\"1324\" data-end=\"1415\"><strong data-start=\"1324\" data-end=\"1332\">94 %<\/strong>\u00a0preuk\u00e1zalo klinick\u00e9 zlep\u0161enie vzh\u013eadu vr\u00e1sok okolo o\u010d\u00ed u\u017e po\u00a0<strong data-start=\"1394\" data-end=\"1413\">jednom pou\u017eit\u00ed\u00b3<\/strong><\/p>\n<\/li>\n<li data-start=\"1416\" data-end=\"1499\">\n<p data-start=\"1418\" data-end=\"1499\"><strong data-start=\"1418\" data-end=\"1426\">97 %<\/strong>\u00a0s\u00fahlasilo, \u017ee o\u010dn\u00e9 okolie p\u00f4sob\u00ed v\u00fdrazne \u017eiarivej\u0161ie a revitalizovane\u2074<\/p>\n<\/li>\n<\/ul>\n<p data-start=\"1501\" data-end=\"1904\">\u00b9 G. Siegenthaler et al.,\u00a0<em data-start=\"1527\" data-end=\"1559\">Retinol and retinal metabolism<\/em>, Biochemical Journal, 1990<br data-start=\"1586\" data-end=\"1589\" \/>\u00b2 Nez\u00e1visl\u00e1 klinick\u00e1 \u0161t\u00fadia s produktom Crystal Retinal 6 na 33 \u00fa\u010dastn\u00edkoch po\u010das 12 t\u00fd\u017ed\u0148ov<br data-start=\"1681\" data-end=\"1684\" \/>\u00b3 Nez\u00e1visl\u00e1 klinick\u00e1 \u0161t\u00fadia s produktom Crystal Retinal Ceramide Eye 6 na 32 \u00fa\u010dastn\u00edkoch po\u010das 12 t\u00fd\u017ed\u0148ov<br data-start=\"1789\" data-end=\"1792\" \/>\u2074 Nez\u00e1visl\u00e1 spotrebite\u013esk\u00e1 \u0161t\u00fadia s produktom Crystal Retinal Ceramide Eye 3 na 50 \u00fa\u010dastn\u00edkoch po\u010das 6 t\u00fd\u017ed\u0148ov<\/p>\n<hr data-start=\"1906\" data-end=\"1909\" \/>\n<h3 data-start=\"1911\" data-end=\"1927\"><strong data-start=\"1915\" data-end=\"1927\">POU\u017dITIE<\/strong><\/h3>\n<p data-start=\"1929\" data-end=\"2193\"><strong data-start=\"1929\" data-end=\"1951\">Crystal Retinal 3:<\/strong><br data-start=\"1951\" data-end=\"1954\" \/>Po ve\u010dernom \u010disten\u00ed naneste 2 pumpi\u010dky na tv\u00e1r a krk. Nechajte vstreba\u0165 a potom aplikujte hydrata\u010dn\u00fd kr\u00e9m.<br data-start=\"2060\" data-end=\"2063\" \/>Pou\u017e\u00edvajte postupne:\u00a0<strong data-start=\"2084\" data-end=\"2122\">2\u00d7 t\u00fd\u017edenne po\u010das prv\u00fdch 2 t\u00fd\u017ed\u0148ov<\/strong>, potom\u00a0<strong data-start=\"2130\" data-end=\"2163\">obde\u0148 po\u010das \u010fal\u0161\u00edch 2 t\u00fd\u017ed\u0148ov<\/strong>\u00a0a n\u00e1sledne\u00a0<strong data-start=\"2175\" data-end=\"2190\">ka\u017ed\u00fd ve\u010der<\/strong>.<\/p>\n<p data-start=\"2195\" data-end=\"2485\"><strong data-start=\"2195\" data-end=\"2230\">Crystal Retinal Ceramide Eye 3:<\/strong><br data-start=\"2230\" data-end=\"2233\" \/>Po aplik\u00e1cii Crystal Retinal 3 naneste mno\u017estvo vo ve\u013ekosti zrnka ry\u017ee na oblas\u0165 okolo o\u010d\u00ed (vyhnite sa vie\u010dkam).<br data-start=\"2345\" data-end=\"2348\" \/>Rovnako pou\u017e\u00edvajte postupne:\u00a0<strong data-start=\"2377\" data-end=\"2415\">2\u00d7 t\u00fd\u017edenne po\u010das prv\u00fdch 2 t\u00fd\u017ed\u0148ov<\/strong>, potom\u00a0<strong data-start=\"2423\" data-end=\"2456\">obde\u0148 po\u010das \u010fal\u0161\u00edch 2 t\u00fd\u017ed\u0148ov<\/strong>, n\u00e1sledne\u00a0<strong data-start=\"2467\" data-end=\"2482\">ka\u017ed\u00fd ve\u010der<\/strong>.<\/p>\n<hr data-start=\"2487\" data-end=\"2490\" \/>\n<h3 data-start=\"2492\" data-end=\"2520\"><strong data-start=\"2496\" data-end=\"2520\">K\u013d\u00da\u010cOV\u00c9 INGREDIENCIE<\/strong><\/h3>\n<p data-start=\"2522\" data-end=\"2546\"><strong data-start=\"2522\" data-end=\"2544\">Crystal Retinal 3:<\/strong><\/p>\n<ul data-start=\"2547\" data-end=\"2992\">\n<li data-start=\"2547\" data-end=\"2696\">\n<p data-start=\"2549\" data-end=\"2696\"><strong data-start=\"2549\" data-end=\"2565\">Retinaldehyd<\/strong>\u00a0\u2013 p\u00f4sob\u00ed a\u017e\u00a0<strong data-start=\"2578\" data-end=\"2609\">11\u00d7 r\u00fdchlej\u0161ie ako retinol\u00b9<\/strong>, vidite\u013ene zlep\u0161uje text\u00faru, zjednocuje t\u00f3n pleti a redukuje vr\u00e1sky bez podr\u00e1\u017edenia.<\/p>\n<\/li>\n<li data-start=\"2697\" data-end=\"2793\">\n<p data-start=\"2699\" data-end=\"2793\"><strong data-start=\"2699\" data-end=\"2723\">Kyselina hyalur\u00f3nov\u00e1<\/strong>\u00a0\u2013 via\u017ee a\u017e 1000\u00d7 viac vody, ne\u017e v\u00e1\u017ei sama, a dod\u00e1va pleti pru\u017enos\u0165.<\/p>\n<\/li>\n<li data-start=\"2794\" data-end=\"2902\">\n<p data-start=\"2796\" data-end=\"2902\"><strong data-start=\"2796\" data-end=\"2809\">Vitam\u00edn E<\/strong>\u00a0\u2013 siln\u00fd antioxidant chr\u00e1niaci pred vo\u013en\u00fdmi radik\u00e1lmi, z\u00e1rove\u0148 zosil\u0148uje \u00fa\u010dinok vitam\u00ednu C.<\/p>\n<\/li>\n<li data-start=\"2903\" data-end=\"2992\">\n<p data-start=\"2905\" data-end=\"2992\"><strong data-start=\"2905\" data-end=\"2917\">Glycer\u00edn<\/strong>\u00a0\u2013 prirodzen\u00fd zvlh\u010dova\u010d, ktor\u00fd uzamyk\u00e1 vlhkos\u0165 a udr\u017eiava ple\u0165 komfortn\u00fa.<\/p>\n<\/li>\n<\/ul>\n<p data-start=\"2994\" data-end=\"3029\"><strong data-start=\"2994\" data-end=\"3027\">Crystal Retinal Ceramide Eye:<\/strong><\/p>\n<ul data-start=\"3030\" data-end=\"3601\">\n<li data-start=\"3030\" data-end=\"3220\">\n<p data-start=\"3032\" data-end=\"3220\"><strong data-start=\"3032\" data-end=\"3070\">Dvojito enkapsulovan\u00fd retinaldehyd<\/strong>\u00a0\u2013 p\u00f4sob\u00ed a\u017e\u00a0<strong data-start=\"3083\" data-end=\"3113\">11\u00d7 r\u00fdchlej\u0161ie ako retinol<\/strong>, no v\u010faka pozvo\u013en\u00e9mu uvo\u013e\u0148ovaniu zabezpe\u010duje rovnov\u00e1hu medzi silou a \u0161etrnos\u0165ou pre citliv\u00e9 o\u010dn\u00e9 okolie.<\/p>\n<\/li>\n<li data-start=\"3221\" data-end=\"3324\">\n<p data-start=\"3223\" data-end=\"3324\"><strong data-start=\"3223\" data-end=\"3235\">Ceramidy<\/strong>\u00a0\u2013 napodob\u0148uj\u00fa prirodzen\u00fa lipidov\u00fa bari\u00e9ru poko\u017eky a intenz\u00edvne ju vy\u017eivuj\u00fa a obnovuj\u00fa.<\/p>\n<\/li>\n<li data-start=\"3325\" data-end=\"3442\">\n<p data-start=\"3327\" data-end=\"3442\"><strong data-start=\"3327\" data-end=\"3362\">Vypl\u0148uj\u00faca kyselina hyalur\u00f3nov\u00e1<\/strong>\u00a0\u2013 inovat\u00edvna forma, ktor\u00e1 vyhladzuje jemn\u00e9 linky a dod\u00e1va pleti pln\u0161\u00ed vzh\u013ead.<\/p>\n<\/li>\n<li data-start=\"3443\" data-end=\"3601\">\n<p data-start=\"3445\" data-end=\"3601\"><strong data-start=\"3445\" data-end=\"3481\">Harman\u010dekov\u00fd extrakt (bisabolol)<\/strong>\u00a0\u2013 pr\u00edrodn\u00fd antioxidant s upokojuj\u00facimi a protiz\u00e1palov\u00fdmi \u00fa\u010dinkami, ktor\u00fd zais\u0165uje maxim\u00e1lny komfort po\u010das pou\u017e\u00edvania.<\/p>\n<\/li>\n<\/ul>\n<hr data-start=\"3603\" data-end=\"3606\" \/>\n<h3 data-start=\"3608\" data-end=\"3633\"><strong data-start=\"3612\" data-end=\"3633\">VEDA ZA PRODUKTOM<\/strong><\/h3>\n<p data-start=\"3635\" data-end=\"4144\"><strong data-start=\"3635\" data-end=\"3655\">Crystal Retinal:<\/strong><br data-start=\"3655\" data-end=\"3658\" \/>Skuto\u010dn\u00fd prelom v starostlivosti o ple\u0165 s vitam\u00ednom A.<br data-start=\"3712\" data-end=\"3715\" \/>\u010c\u00edm stabilnej\u0161ia molekula, t\u00fdm \u00fa\u010dinnej\u0161ia \u2013 a\u00a0<strong data-start=\"3761\" data-end=\"3780\">Crystal Retinal<\/strong>\u00a0pon\u00faka stabilitu, ktor\u00fa dok\u00e1\u017ee zabezpe\u010di\u0165 len Medik8.<br data-start=\"3834\" data-end=\"3837\" \/>V\u010faka\u00a0<strong data-start=\"3843\" data-end=\"3884\">kry\u0161t\u00e1lovej enkapsula\u010dnej technol\u00f3gii<\/strong>, patentovan\u00e9mu komplexu\u00a0<strong data-start=\"3909\" data-end=\"3928\">mrkvov\u00e9ho oleja<\/strong>\u00a0a\u00a0<strong data-start=\"3931\" data-end=\"3955\">bezvzduchov\u00e9mu obalu<\/strong>zost\u00e1va retinal stabiln\u00fd, \u00fa\u010dinn\u00fd a \u0161etrn\u00fd.<br data-start=\"3998\" data-end=\"4001\" \/>Na rozdiel od be\u017en\u00fdch retinalov, ktor\u00e9 m\u00f4\u017eu sp\u00f4sobova\u0165 \u0161upinatenie, m\u00e1 Crystal Retinal vyv\u00e1\u017een\u00e9 zlo\u017eenie s vysok\u00fdm v\u00fdkonom a bez podr\u00e1\u017edenia.<\/p>\n<p data-start=\"4146\" data-end=\"4813\"><strong data-start=\"4146\" data-end=\"4179\">Crystal Retinal Ceramide Eye:<\/strong><br data-start=\"4179\" data-end=\"4182\" \/>Klinicky preuk\u00e1zan\u00e9 v\u00fdsledky \u2013 bez podr\u00e1\u017edenia.<br data-start=\"4229\" data-end=\"4232\" \/>Optimalizovan\u00fd pre jemn\u00e9 o\u010dn\u00e9 okolie s dvojito enkapsulovan\u00fdm stabilizovan\u00fdm retinaldehydom, ktor\u00fd zabezpe\u010duje extr\u00e9mne pozvo\u013en\u00e9 uvo\u013e\u0148ovanie \u00fa\u010dinnej l\u00e1tky a zabra\u0148uje podr\u00e1\u017edeniu.<br data-start=\"4411\" data-end=\"4414\" \/><strong data-start=\"4414\" data-end=\"4451\">Postupn\u00fd syst\u00e9m zvy\u0161ovania \u00fa\u010dinku<\/strong>\u00a0umo\u017e\u0148uje za\u010da\u0165 s ni\u017e\u0161ou koncentr\u00e1ciou a postupne ju zvy\u0161ova\u0165 pod\u013ea potreby.<br data-start=\"4527\" data-end=\"4530\" \/>Kyselina hyalur\u00f3nov\u00e1 a ceramidy podporuj\u00fa hydrat\u00e1ciu a pevnos\u0165, zameriavaj\u00fa sa na vr\u00e1sky a suchos\u0165 v o\u010dnom okol\u00ed.<br data-start=\"4643\" data-end=\"4646\" \/>Text\u00fara je v\u00fd\u017eivn\u00e1, no \u013eahk\u00e1 a upokojuj\u00faca \u2013 ide\u00e1lna pre citliv\u00fa oblas\u0165 o\u010d\u00ed.<br data-start=\"4722\" data-end=\"4725\" \/>Bezvzduchov\u00e9 balenie zaru\u010duje optim\u00e1lne d\u00e1vkovanie a minimalizuje plytvanie produktom.<\/p>\n<hr data-start=\"4815\" data-end=\"4818\" \/>\n<h3 data-start=\"4820\" data-end=\"4845\"><strong data-start=\"4824\" data-end=\"4845\">\u010eAL\u0160IE INFORM\u00c1CIE<\/strong><\/h3>\n<ul data-start=\"4846\" data-end=\"4996\" data-is-last-node=\"\" data-is-only-node=\"\">\n<li data-start=\"4846\" data-end=\"4875\">\n<p data-start=\"4848\" data-end=\"4875\">Klinicky overen\u00e9 zlo\u017eenie<\/p>\n<\/li>\n<li data-start=\"4876\" data-end=\"4903\">\n<p data-start=\"4878\" data-end=\"4903\">Odpor\u00fa\u010dan\u00e9 dermatol\u00f3gmi<\/p>\n<\/li>\n<li data-start=\"4904\" data-end=\"4931\">\n<p data-start=\"4906\" data-end=\"4931\">Bez syntetick\u00fdch farb\u00edv<\/p>\n<\/li>\n<li data-start=\"4932\" data-end=\"4949\">\n<p data-start=\"4934\" data-end=\"4949\">Bez parab\u00e9nov<\/p>\n<\/li>\n<li data-start=\"4950\" data-end=\"4966\">\n<p data-start=\"4952\" data-end=\"4966\">Bez alkoholu<\/p>\n<\/li>\n<li data-start=\"4967\" data-end=\"4996\" data-is-last-node=\"\">\n<p data-start=\"4969\" data-end=\"4996\" data-is-last-node=\"\">Certifikovan\u00e9 Vegan Society<\/p>\n<\/li>\n<\/ul>","protected":false},"excerpt":{"rendered":"<div class=\"product-information-scroll-item f-product-hero__details\">\n<p class=\"f-product__subheading lh-r f-w400\">Kolekcia pre omladenie pleti a o\u010dn\u00e9ho okolia<\/p>\n<\/div>\n<div class=\"js-product-form-wrapper product-information-scroll-track f-product-hero__details\">\n<div id=\"wayfx-product-bar\">\n<div class=\"wayfx-wrapper\">\n<div class=\"wayfx-product-bar__left\">\n<p class=\"wayfx-product-bar__title\">Ve\u013ekos\u0165: <span class=\"f-w400\">OBSAHUJE 2 PRODUKTY V PLNEJ VE\u013dKOSTI<\/span><\/p>\n<\/div>\n<\/div>\n<\/div>\n<\/div>","protected":false},"featured_media":2512,"comment_status":"closed","ping_status":"closed","template":"","meta":{"_acf_changed":false},"product_brand":[77],"product_cat":[75,26],"product_tag":[],"class_list":{"0":"post-2508","1":"product","2":"type-product","3":"status-publish","4":"has-post-thumbnail","6":"product_brand-medik8","7":"product_cat-kremy-a-sera","8":"product_cat-skincare-produkty","10":"first","11":"instock","12":"taxable","13":"shipping-taxable","14":"purchasable","15":"product-type-simple"},"acf":[],"yoast_head":"<!-- This site is optimized with the Yoast SEO plugin v27.5 - https:\/\/yoast.com\/product\/yoast-seo-wordpress\/ -->\n<title>Medik8 RETINAL REWIND - Beauty pr\u00edstroje<\/title>\n<meta name=\"description\" content=\"Medik8 RETINAL REWIND - Zamerajte sa na v\u0161etky vidite\u013en\u00e9 zn\u00e1mky starnutia pleti s t\u00fdmto siln\u00fdm duom s vitam\u00ednom A.\" \/>\n<meta name=\"robots\" content=\"index, follow, max-snippet:-1, max-image-preview:large, max-video-preview:-1\" \/>\n<link rel=\"canonical\" href=\"https:\/\/www.beautypristroje.sk\/en\/product\/medik8-retinal-rewind\/\" \/>\n<meta property=\"og:locale\" content=\"en_GB\" \/>\n<meta property=\"og:type\" content=\"article\" \/>\n<meta property=\"og:title\" content=\"Medik8 RETINAL REWIND - Beauty pr\u00edstroje\" \/>\n<meta property=\"og:description\" content=\"Medik8 RETINAL REWIND - Zamerajte sa na v\u0161etky vidite\u013en\u00e9 zn\u00e1mky starnutia pleti s t\u00fdmto siln\u00fdm duom s vitam\u00ednom A.\" \/>\n<meta property=\"og:url\" content=\"https:\/\/www.beautypristroje.sk\/en\/product\/medik8-retinal-rewind\/\" \/>\n<meta property=\"og:site_name\" content=\"Beauty pr\u00edstroje\" \/>\n<meta property=\"article:modified_time\" content=\"2025-12-10T08:49:31+00:00\" \/>\n<meta property=\"og:image\" content=\"https:\/\/www.beautypristroje.sk\/wp-content\/uploads\/2025\/11\/20250717_-_Festive_2025_-_PDP_Assets_-_Retinal_Rewind_-_Asset_1_-_ROW_-_For_Web.webp\" \/>\n\t<meta property=\"og:image:width\" content=\"1024\" \/>\n\t<meta property=\"og:image:height\" content=\"1024\" \/>\n\t<meta property=\"og:image:type\" content=\"image\/webp\" \/>\n<meta name=\"twitter:card\" content=\"summary_large_image\" \/>\n<meta name=\"twitter:label1\" content=\"Estimated reading time\" \/>\n\t<meta name=\"twitter:data1\" content=\"4 minutes\" \/>\n<script type=\"application\/ld+json\" class=\"yoast-schema-graph\">{\"@context\":\"https:\\\/\\\/schema.org\",\"@graph\":[{\"@type\":\"WebPage\",\"@id\":\"https:\\\/\\\/www.beautypristroje.sk\\\/produkt\\\/medik8-retinal-rewind\\\/\",\"url\":\"https:\\\/\\\/www.beautypristroje.sk\\\/produkt\\\/medik8-retinal-rewind\\\/\",\"name\":\"Medik8 RETINAL REWIND - Beauty pr\u00edstroje\",\"isPartOf\":{\"@id\":\"https:\\\/\\\/www.beautypristroje.sk\\\/#website\"},\"primaryImageOfPage\":{\"@id\":\"https:\\\/\\\/www.beautypristroje.sk\\\/produkt\\\/medik8-retinal-rewind\\\/#primaryimage\"},\"image\":{\"@id\":\"https:\\\/\\\/www.beautypristroje.sk\\\/produkt\\\/medik8-retinal-rewind\\\/#primaryimage\"},\"thumbnailUrl\":\"https:\\\/\\\/www.beautypristroje.sk\\\/wp-content\\\/uploads\\\/2025\\\/11\\\/20250717_-_Festive_2025_-_PDP_Assets_-_Retinal_Rewind_-_Asset_1_-_ROW_-_For_Web.webp\",\"datePublished\":\"2025-11-13T08:00:14+00:00\",\"dateModified\":\"2025-12-10T08:49:31+00:00\",\"description\":\"Medik8 RETINAL REWIND - Zamerajte sa na v\u0161etky vidite\u013en\u00e9 zn\u00e1mky starnutia pleti s t\u00fdmto siln\u00fdm duom s vitam\u00ednom A.\",\"breadcrumb\":{\"@id\":\"https:\\\/\\\/www.beautypristroje.sk\\\/produkt\\\/medik8-retinal-rewind\\\/#breadcrumb\"},\"inLanguage\":\"en-GB\",\"potentialAction\":[{\"@type\":\"ReadAction\",\"target\":[\"https:\\\/\\\/www.beautypristroje.sk\\\/produkt\\\/medik8-retinal-rewind\\\/\"]}]},{\"@type\":\"ImageObject\",\"inLanguage\":\"en-GB\",\"@id\":\"https:\\\/\\\/www.beautypristroje.sk\\\/produkt\\\/medik8-retinal-rewind\\\/#primaryimage\",\"url\":\"https:\\\/\\\/www.beautypristroje.sk\\\/wp-content\\\/uploads\\\/2025\\\/11\\\/20250717_-_Festive_2025_-_PDP_Assets_-_Retinal_Rewind_-_Asset_1_-_ROW_-_For_Web.webp\",\"contentUrl\":\"https:\\\/\\\/www.beautypristroje.sk\\\/wp-content\\\/uploads\\\/2025\\\/11\\\/20250717_-_Festive_2025_-_PDP_Assets_-_Retinal_Rewind_-_Asset_1_-_ROW_-_For_Web.webp\",\"width\":1024,\"height\":1024,\"caption\":\"Medik8 RETINAL REWIND\"},{\"@type\":\"BreadcrumbList\",\"@id\":\"https:\\\/\\\/www.beautypristroje.sk\\\/produkt\\\/medik8-retinal-rewind\\\/#breadcrumb\",\"itemListElement\":[{\"@type\":\"ListItem\",\"position\":1,\"name\":\"Domovsk\u00e1 str\u00e1nka\",\"item\":\"https:\\\/\\\/www.beautypristroje.sk\\\/\"},{\"@type\":\"ListItem\",\"position\":2,\"name\":\"Obchod\",\"item\":\"https:\\\/\\\/www.beautypristroje.sk\\\/obchod\\\/\"},{\"@type\":\"ListItem\",\"position\":3,\"name\":\"Medik8 RETINAL REWIND\"}]},{\"@type\":\"WebSite\",\"@id\":\"https:\\\/\\\/www.beautypristroje.sk\\\/#website\",\"url\":\"https:\\\/\\\/www.beautypristroje.sk\\\/\",\"name\":\"Beauty pr\u00edstroje\",\"description\":\"Profesion\u00e1lne kozmetick\u00e9 pr\u00edstroje pre sal\u00f3ny a kliniky\",\"potentialAction\":[{\"@type\":\"SearchAction\",\"target\":{\"@type\":\"EntryPoint\",\"urlTemplate\":\"https:\\\/\\\/www.beautypristroje.sk\\\/?s={search_term_string}\"},\"query-input\":{\"@type\":\"PropertyValueSpecification\",\"valueRequired\":true,\"valueName\":\"search_term_string\"}}],\"inLanguage\":\"en-GB\"}]}<\/script>\n<!-- \/ Yoast SEO plugin. -->","yoast_head_json":{"title":"Medik8 RETINAL REWIND - Beauty pr\u00edstroje","description":"Medik8 RETINAL REWIND - Zamerajte sa na v\u0161etky vidite\u013en\u00e9 zn\u00e1mky starnutia pleti s t\u00fdmto siln\u00fdm duom s vitam\u00ednom A.","robots":{"index":"index","follow":"follow","max-snippet":"max-snippet:-1","max-image-preview":"max-image-preview:large","max-video-preview":"max-video-preview:-1"},"canonical":"https:\/\/www.beautypristroje.sk\/en\/product\/medik8-retinal-rewind\/","og_locale":"en_GB","og_type":"article","og_title":"Medik8 RETINAL REWIND - Beauty pr\u00edstroje","og_description":"Medik8 RETINAL REWIND - Zamerajte sa na v\u0161etky vidite\u013en\u00e9 zn\u00e1mky starnutia pleti s t\u00fdmto siln\u00fdm duom s vitam\u00ednom A.","og_url":"https:\/\/www.beautypristroje.sk\/en\/product\/medik8-retinal-rewind\/","og_site_name":"Beauty pr\u00edstroje","article_modified_time":"2025-12-10T08:49:31+00:00","og_image":[{"width":1024,"height":1024,"url":"https:\/\/www.beautypristroje.sk\/wp-content\/uploads\/2025\/11\/20250717_-_Festive_2025_-_PDP_Assets_-_Retinal_Rewind_-_Asset_1_-_ROW_-_For_Web.webp","type":"image\/webp"}],"twitter_card":"summary_large_image","twitter_misc":{"Estimated reading time":"4 minutes"},"schema":{"@context":"https:\/\/schema.org","@graph":[{"@type":"WebPage","@id":"https:\/\/www.beautypristroje.sk\/produkt\/medik8-retinal-rewind\/","url":"https:\/\/www.beautypristroje.sk\/produkt\/medik8-retinal-rewind\/","name":"Medik8 RETINAL REWIND - Beauty pr\u00edstroje","isPartOf":{"@id":"https:\/\/www.beautypristroje.sk\/#website"},"primaryImageOfPage":{"@id":"https:\/\/www.beautypristroje.sk\/produkt\/medik8-retinal-rewind\/#primaryimage"},"image":{"@id":"https:\/\/www.beautypristroje.sk\/produkt\/medik8-retinal-rewind\/#primaryimage"},"thumbnailUrl":"https:\/\/www.beautypristroje.sk\/wp-content\/uploads\/2025\/11\/20250717_-_Festive_2025_-_PDP_Assets_-_Retinal_Rewind_-_Asset_1_-_ROW_-_For_Web.webp","datePublished":"2025-11-13T08:00:14+00:00","dateModified":"2025-12-10T08:49:31+00:00","description":"Medik8 RETINAL REWIND - Zamerajte sa na v\u0161etky vidite\u013en\u00e9 zn\u00e1mky starnutia pleti s t\u00fdmto siln\u00fdm duom s vitam\u00ednom A.","breadcrumb":{"@id":"https:\/\/www.beautypristroje.sk\/produkt\/medik8-retinal-rewind\/#breadcrumb"},"inLanguage":"en-GB","potentialAction":[{"@type":"ReadAction","target":["https:\/\/www.beautypristroje.sk\/produkt\/medik8-retinal-rewind\/"]}]},{"@type":"ImageObject","inLanguage":"en-GB","@id":"https:\/\/www.beautypristroje.sk\/produkt\/medik8-retinal-rewind\/#primaryimage","url":"https:\/\/www.beautypristroje.sk\/wp-content\/uploads\/2025\/11\/20250717_-_Festive_2025_-_PDP_Assets_-_Retinal_Rewind_-_Asset_1_-_ROW_-_For_Web.webp","contentUrl":"https:\/\/www.beautypristroje.sk\/wp-content\/uploads\/2025\/11\/20250717_-_Festive_2025_-_PDP_Assets_-_Retinal_Rewind_-_Asset_1_-_ROW_-_For_Web.webp","width":1024,"height":1024,"caption":"Medik8 RETINAL REWIND"},{"@type":"BreadcrumbList","@id":"https:\/\/www.beautypristroje.sk\/produkt\/medik8-retinal-rewind\/#breadcrumb","itemListElement":[{"@type":"ListItem","position":1,"name":"Domovsk\u00e1 str\u00e1nka","item":"https:\/\/www.beautypristroje.sk\/"},{"@type":"ListItem","position":2,"name":"Obchod","item":"https:\/\/www.beautypristroje.sk\/obchod\/"},{"@type":"ListItem","position":3,"name":"Medik8 RETINAL REWIND"}]},{"@type":"WebSite","@id":"https:\/\/www.beautypristroje.sk\/#website","url":"https:\/\/www.beautypristroje.sk\/","name":"Beauty pr\u00edstroje","description":"Profesion\u00e1lne kozmetick\u00e9 pr\u00edstroje pre sal\u00f3ny a kliniky","potentialAction":[{"@type":"SearchAction","target":{"@type":"EntryPoint","urlTemplate":"https:\/\/www.beautypristroje.sk\/?s={search_term_string}"},"query-input":{"@type":"PropertyValueSpecification","valueRequired":true,"valueName":"search_term_string"}}],"inLanguage":"en-GB"}]}},"_links":{"self":[{"href":"https:\/\/www.beautypristroje.sk\/en\/wp-json\/wp\/v2\/product\/2508","targetHints":{"allow":["GET"]}}],"collection":[{"href":"https:\/\/www.beautypristroje.sk\/en\/wp-json\/wp\/v2\/product"}],"about":[{"href":"https:\/\/www.beautypristroje.sk\/en\/wp-json\/wp\/v2\/types\/product"}],"replies":[{"embeddable":true,"href":"https:\/\/www.beautypristroje.sk\/en\/wp-json\/wp\/v2\/comments?post=2508"}],"wp:featuredmedia":[{"embeddable":true,"href":"https:\/\/www.beautypristroje.sk\/en\/wp-json\/wp\/v2\/media\/2512"}],"wp:attachment":[{"href":"https:\/\/www.beautypristroje.sk\/en\/wp-json\/wp\/v2\/media?parent=2508"}],"wp:term":[{"taxonomy":"product_brand","embeddable":true,"href":"https:\/\/www.beautypristroje.sk\/en\/wp-json\/wp\/v2\/product_brand?post=2508"},{"taxonomy":"product_cat","embeddable":true,"href":"https:\/\/www.beautypristroje.sk\/en\/wp-json\/wp\/v2\/product_cat?post=2508"},{"taxonomy":"product_tag","embeddable":true,"href":"https:\/\/www.beautypristroje.sk\/en\/wp-json\/wp\/v2\/product_tag?post=2508"}],"curies":[{"name":"wp","href":"https:\/\/api.w.org\/{rel}","templated":true}]}}