{"id":2503,"date":"2025-11-13T08:56:45","date_gmt":"2025-11-13T07:56:45","guid":{"rendered":"https:\/\/www.beautypristroje.sk\/?post_type=product&#038;p=2503"},"modified":"2025-12-10T09:49:46","modified_gmt":"2025-12-10T08:49:46","slug":"medik8-radiance-wrapped","status":"publish","type":"product","link":"https:\/\/www.beautypristroje.sk\/en\/product\/medik8-radiance-wrapped\/","title":{"rendered":"Medik8   RADIANCE WRAPPED"},"content":{"rendered":"<h3 data-start=\"77\" data-end=\"179\"><strong data-start=\"77\" data-end=\"101\">\u010co bal\u00ed\u010dek obsahuje:<\/strong><\/h3>\n<p data-start=\"77\" data-end=\"179\"><br data-start=\"101\" data-end=\"104\" \/>C-Tetra (pln\u00e9 balenie) &amp; Total Moisture Daily Facial Cream (pln\u00e9 balenie)<\/p>\n<p data-start=\"181\" data-end=\"222\"><strong data-start=\"181\" data-end=\"220\">Va\u0161e za 72 EUR (hodnota 101 EUR)<\/strong><\/p>\n<p data-start=\"224\" data-end=\"670\">Objavte tajomstvo vidite\u013ene\u00a0<strong data-start=\"252\" data-end=\"284\">\u017eiarivej\u0161ej a zdrav\u0161ej pleti<\/strong>\u00a0s t\u00fdmto v\u00fdkonn\u00fdm duom.\u00a0<strong data-start=\"308\" data-end=\"319\">C-Tetra<\/strong>\u00a0dod\u00e1va denn\u00fa d\u00e1vku stabilizovan\u00e9ho vitam\u00ednu C, ktor\u00fd chr\u00e1ni poko\u017eku pred vonkaj\u0161\u00edmi vplyvmi a zvy\u0161uje jej jas.\u00a0<strong data-start=\"431\" data-end=\"468\">Total Moisture Daily Facial Cream<\/strong>\u00a0uzamyk\u00e1 hydrat\u00e1ciu a\u017e na\u00a0<strong data-start=\"494\" data-end=\"508\">100 hod\u00edn\u00b9<\/strong>, posil\u0148uje ko\u017en\u00fa bari\u00e9ru pomocou viacvrstvovej hydrata\u010dnej technol\u00f3gie a poskytuje dlhodob\u00fd komfort. Perfektn\u00e1 vo\u013eba na pr\u00edpravu pleti po\u010das sviato\u010dnej sez\u00f3ny.<\/p>\n<hr data-start=\"672\" data-end=\"675\" \/>\n<h3 data-start=\"677\" data-end=\"700\"><strong data-start=\"681\" data-end=\"700\">K\u013d\u00da\u010cOV\u00c9 PR\u00cdNOSY<\/strong><\/h3>\n<p data-start=\"702\" data-end=\"904\"><strong data-start=\"702\" data-end=\"714\">C-Tetra:<\/strong><br data-start=\"714\" data-end=\"717\" \/>\u013dahk\u00e9 s\u00e9rum bohat\u00e9 na antioxidanty so stabilizovan\u00fdm vitam\u00ednom C (7 %), ktor\u00e9 vidite\u013ene roz\u017eiaruje, zjednocuje t\u00f3n pleti a redukuje jemn\u00e9 linky \u2013 \u0161etrn\u00e9 a vhodn\u00e9 na ka\u017edodenn\u00e9 pou\u017eitie.<\/p>\n<p data-start=\"906\" data-end=\"1146\"><strong data-start=\"906\" data-end=\"944\">Total Moisture Daily Facial Cream:<\/strong><br data-start=\"944\" data-end=\"947\" \/>Klinicky preuk\u00e1zan\u00e9, \u017ee\u00a0<strong data-start=\"971\" data-end=\"1012\">zlep\u0161uje stav poko\u017eky u\u017e po 1 hodine\u00b9<\/strong>. Tento v\u00fd\u017eivn\u00fd multifunk\u010dn\u00fd kr\u00e9m posil\u0148uje ochrann\u00fa bari\u00e9ru poko\u017eky, zanech\u00e1va ju vidite\u013ene vypnut\u00fa, hladk\u00fa a s prirodzen\u00fdm leskom.<\/p>\n<hr data-start=\"1148\" data-end=\"1151\" \/>\n<h3 data-start=\"1153\" data-end=\"1180\"><strong data-start=\"1157\" data-end=\"1180\">PREUK\u00c1ZAN\u00c9 V\u00ddSLEDKY<\/strong><\/h3>\n<ul data-start=\"1181\" data-end=\"1420\">\n<li data-start=\"1181\" data-end=\"1228\">\n<p data-start=\"1183\" data-end=\"1228\"><strong data-start=\"1183\" data-end=\"1196\">100 hod\u00edn<\/strong>\u00a0klinicky overenej hydrat\u00e1cie\u00b9<\/p>\n<\/li>\n<li data-start=\"1229\" data-end=\"1281\">\n<p data-start=\"1231\" data-end=\"1281\"><strong data-start=\"1231\" data-end=\"1245\">1 pou\u017eitie<\/strong>\u00a0\u2013 okam\u017eite hlad\u0161ia a pln\u0161ia ple\u0165\u00b2<\/p>\n<\/li>\n<li data-start=\"1282\" data-end=\"1329\">\n<p data-start=\"1284\" data-end=\"1329\"><strong data-start=\"1284\" data-end=\"1293\">+30 %<\/strong>\u00a0zlep\u0161enie funkcie ko\u017enej bari\u00e9ry\u00b9<\/p>\n<\/li>\n<li data-start=\"1330\" data-end=\"1367\">\n<p data-start=\"1332\" data-end=\"1367\"><strong data-start=\"1332\" data-end=\"1341\">7 dn\u00ed<\/strong>\u00a0k obnovenej \u017eiarivosti\u00b3<\/p>\n<\/li>\n<li data-start=\"1368\" data-end=\"1420\">\n<p data-start=\"1370\" data-end=\"1420\"><strong data-start=\"1370\" data-end=\"1379\">7 dn\u00ed<\/strong>\u00a0k vidite\u013ene hlad\u0161ej a jasnej\u0161ej pleti\u00b3<\/p>\n<\/li>\n<\/ul>\n<p data-start=\"1422\" data-end=\"1706\">\u00b9 Nez\u00e1visl\u00e1 klinick\u00e1 \u0161t\u00fadia na 33 dobrovo\u013en\u00edkoch po\u010das 2 t\u00fd\u017ed\u0148ov<br data-start=\"1486\" data-end=\"1489\" \/>\u00b2 Nez\u00e1visl\u00e1 klinick\u00e1 \u0161t\u00fadia na 35 dobrovo\u013en\u00edkoch po\u010das 4 t\u00fd\u017ed\u0148ov<br data-start=\"1553\" data-end=\"1556\" \/>\u00b3 Nez\u00e1visl\u00e1 spotrebite\u013esk\u00e1 \u0161t\u00fadia na 52 \u00fa\u010dastn\u00edkoch s citlivou poko\u017ekou po\u010das 4 t\u00fd\u017ed\u0148ov<br data-start=\"1643\" data-end=\"1646\" \/>\u2074 Spotrebite\u013esk\u00e1 \u0161t\u00fadia na 111 \u00fa\u010dastn\u00edkoch po\u010das 4 t\u00fd\u017ed\u0148ov<\/p>\n<hr data-start=\"1708\" data-end=\"1711\" \/>\n<h3 data-start=\"1713\" data-end=\"1729\"><strong data-start=\"1717\" data-end=\"1729\">POU\u017dITIE<\/strong><\/h3>\n<p data-start=\"1731\" data-end=\"1815\"><strong data-start=\"1731\" data-end=\"1743\">C-Tetra:<\/strong><br data-start=\"1743\" data-end=\"1746\" \/>R\u00e1no po vy\u010disten\u00ed pleti vmas\u00edrujte 6 kvapiek na tv\u00e1r, krk a dekolt.<\/p>\n<p data-start=\"1817\" data-end=\"2035\"><strong data-start=\"1817\" data-end=\"1855\">Total Moisture Daily Facial Cream:<\/strong><br data-start=\"1855\" data-end=\"1858\" \/>Po aplik\u00e1cii C-Tetra naneste kr\u00e9m rovnomerne na tv\u00e1r, krk a dekolt smerom nahor.<br data-start=\"1938\" data-end=\"1941\" \/>R\u00e1no po pou\u017eit\u00ed aplikujte SPF ochranu.<br data-start=\"1979\" data-end=\"1982\" \/>Ve\u010der nan\u00e1\u0161ajte po \u010disten\u00ed pleti rovnak\u00fdm sp\u00f4sobom.<\/p>\n<hr data-start=\"2037\" data-end=\"2040\" \/>\n<h3 data-start=\"2042\" data-end=\"2070\"><strong data-start=\"2046\" data-end=\"2070\">K\u013d\u00da\u010cOV\u00c9 INGREDIENCIE<\/strong><\/h3>\n<p data-start=\"2072\" data-end=\"2086\"><strong data-start=\"2072\" data-end=\"2084\">C-Tetra:<\/strong><\/p>\n<ul data-start=\"2087\" data-end=\"2490\">\n<li data-start=\"2087\" data-end=\"2332\">\n<p data-start=\"2089\" data-end=\"2332\"><strong data-start=\"2089\" data-end=\"2147\">7% Stabilizovan\u00fd vitam\u00edn C (Tetrahexyldecyl Ascorbate)<\/strong>\u00a0\u2013 \u0161etrn\u00e1, no vysoko \u00fa\u010dinn\u00e1 forma vitam\u00ednu C s v\u00fdnimo\u010dnou antioxida\u010dnou ochranou proti vo\u013en\u00fdm radik\u00e1lom; rozjas\u0148uje ple\u0165 a podporuje tvorbu kolag\u00e9nu pre rovnomern\u00fd a mladistv\u00fd vzh\u013ead.<\/p>\n<\/li>\n<li data-start=\"2333\" data-end=\"2490\">\n<p data-start=\"2335\" data-end=\"2490\"><strong data-start=\"2335\" data-end=\"2348\">Vitam\u00edn E<\/strong>\u00a0\u2013 siln\u00fd antioxidant, ktor\u00fd chr\u00e1ni pred zn\u00e1mkami starnutia sp\u00f4soben\u00fdmi vo\u013en\u00fdmi radik\u00e1lmi a zvy\u0161uje \u00fa\u010dinok vitam\u00ednu C pre maxim\u00e1lne v\u00fdsledky.<\/p>\n<\/li>\n<\/ul>\n<p data-start=\"2492\" data-end=\"2532\"><strong data-start=\"2492\" data-end=\"2530\">Total Moisture Daily Facial Cream:<\/strong><\/p>\n<ul data-start=\"2533\" data-end=\"3010\">\n<li data-start=\"2533\" data-end=\"2708\">\n<p data-start=\"2535\" data-end=\"2708\"><strong data-start=\"2535\" data-end=\"2557\">Prebiotick\u00fd peptid<\/strong>\u00a0\u2013 pom\u00e1ha udr\u017eiava\u0165 rovnov\u00e1hu mikrobiomu poko\u017eky, obnovuje a posil\u0148uje jej bari\u00e9ru, \u010d\u00edm chr\u00e1ni pred stratou vlhkosti a \u0161kodliv\u00fdmi vplyvmi prostredia.<\/p>\n<\/li>\n<li data-start=\"2709\" data-end=\"2855\">\n<p data-start=\"2711\" data-end=\"2855\"><strong data-start=\"2711\" data-end=\"2748\">Viac\u00farov\u0148ov\u00e1 kyselina hyalur\u00f3nov\u00e1<\/strong>\u00a0\u2013 pri\u0165ahuje a zadr\u017eiava vodu z hlb\u0161\u00edch vrstiev poko\u017eky do povrchov\u00fdch, zanech\u00e1va ple\u0165 pru\u017en\u00fa a vy\u017eiven\u00fa.<\/p>\n<\/li>\n<li data-start=\"2856\" data-end=\"3010\">\n<p data-start=\"2858\" data-end=\"3010\"><strong data-start=\"2858\" data-end=\"2911\">Ceramidy a lipidy (vr\u00e1tane skval\u00e1nu a vitam\u00ednu F)<\/strong>\u00a0\u2013 napodob\u0148uj\u00fa prirodzen\u00fa lipidov\u00fa bari\u00e9ru poko\u017eky, intenz\u00edvne ju obnovuj\u00fa, vy\u017eivuj\u00fa a posil\u0148uj\u00fa.<\/p>\n<\/li>\n<\/ul>\n<hr data-start=\"3012\" data-end=\"3015\" \/>\n<h3 data-start=\"3017\" data-end=\"3042\"><strong data-start=\"3021\" data-end=\"3042\">VEDA ZA PRODUKTOM<\/strong><\/h3>\n<p data-start=\"3044\" data-end=\"3375\"><strong data-start=\"3044\" data-end=\"3056\">C-Tetra:<\/strong><br data-start=\"3056\" data-end=\"3059\" \/>Vytvori\u0165 stabiln\u00e9 s\u00e9rum s vitam\u00ednom C je mimoriadne n\u00e1ro\u010dn\u00e9 \u2013 be\u017en\u00e9 formy vitam\u00ednu C str\u00e1caj\u00fa \u00fa\u010dinnos\u0165 pri kontakte so svetlom, teplom alebo vzduchom.<br data-start=\"3209\" data-end=\"3212\" \/>Preto Medik8 pou\u017e\u00edva\u00a0<strong data-start=\"3233\" data-end=\"3301\">mimoriadne stabiln\u00fa formu vitam\u00ednu C (Tetrahexyldecyl Ascorbate)<\/strong>, ktor\u00e1 si udr\u017eiava pln\u00fa silu a \u00fa\u010dinnos\u0165 a\u017e\u00a0<strong data-start=\"3345\" data-end=\"3372\">12 mesiacov po otvoren\u00ed<\/strong>.<\/p>\n<p data-start=\"3377\" data-end=\"4035\"><strong data-start=\"3377\" data-end=\"3415\">Total Moisture Daily Facial Cream:<\/strong><br data-start=\"3415\" data-end=\"3418\" \/>Tento kr\u00e9m stavia na hydrata\u010dn\u00fdch princ\u00edpoch Medik8 \u2013\u00a0<strong data-start=\"3472\" data-end=\"3494\">H.E.O. technol\u00f3gii<\/strong>, ktor\u00e1 kombinuje\u00a0<strong data-start=\"3512\" data-end=\"3545\">humektanty (hydrata\u010dn\u00e9 l\u00e1tky)<\/strong>,\u00a0<strong data-start=\"3547\" data-end=\"3579\">emolienty (vy\u017eivuj\u00face l\u00e1tky)<\/strong>\u00a0a\u00a0<strong data-start=\"3582\" data-end=\"3616\">okluz\u00edva (uzamykaj\u00face vlhkos\u0165)<\/strong>\u00a0v ide\u00e1lnom pomere.<br data-start=\"3635\" data-end=\"3638\" \/>V\u00fdsledkom je\u00a0<strong data-start=\"3651\" data-end=\"3682\">hlbok\u00e1, no \u013eahk\u00e1 hydrat\u00e1cia<\/strong>, vhodn\u00e1 na ka\u017edodenn\u00e9 pou\u017eitie.<br data-start=\"3714\" data-end=\"3717\" \/>V\u010faka\u00a0<strong data-start=\"3723\" data-end=\"3748\">prebiotick\u00e9mu peptidu<\/strong>\u00a0z\u00e1rove\u0148 podporuje zdrav\u00fd mikrobiom, ktor\u00fd prispieva k optim\u00e1lnemu fungovaniu ko\u017enej bari\u00e9ry \u2013 t\u00e1 lep\u0161ie zadr\u017eiava vlhkos\u0165 a chr\u00e1ni pred vonkaj\u0161\u00edmi vplyvmi.<br data-start=\"3904\" data-end=\"3907\" \/>Produkt bol testovan\u00fd na v\u0161etk\u00fdch typoch a t\u00f3noch poko\u017eky s preuk\u00e1zate\u013en\u00fdmi v\u00fdsledkami v hydrat\u00e1cii a zlep\u0161en\u00ed komfortu pleti.<\/p>\n<hr data-start=\"4037\" data-end=\"4040\" \/>\n<h3 data-start=\"4042\" data-end=\"4067\"><strong data-start=\"4046\" data-end=\"4067\">\u010eAL\u0160IE INFORM\u00c1CIE<\/strong><\/h3>\n<ul data-start=\"4068\" data-end=\"4237\" data-is-last-node=\"\" data-is-only-node=\"\">\n<li data-start=\"4068\" data-end=\"4095\">\n<p data-start=\"4070\" data-end=\"4095\">Bez syntetick\u00fdch farb\u00edv<\/p>\n<\/li>\n<li data-start=\"4096\" data-end=\"4113\">\n<p data-start=\"4098\" data-end=\"4113\">Bez parab\u00e9nov<\/p>\n<\/li>\n<li data-start=\"4114\" data-end=\"4149\">\n<p data-start=\"4116\" data-end=\"4149\">Certifikovan\u00e9\u00a0<strong data-start=\"4130\" data-end=\"4147\">Vegan Society<\/strong><\/p>\n<\/li>\n<li data-start=\"4150\" data-end=\"4170\">\n<p data-start=\"4152\" data-end=\"4170\">Klinicky overen\u00e9<\/p>\n<\/li>\n<li data-start=\"4171\" data-end=\"4199\">\n<p data-start=\"4173\" data-end=\"4199\">Dermatologicky testovan\u00e9<\/p>\n<\/li>\n<li data-start=\"4200\" data-end=\"4237\" data-is-last-node=\"\">\n<p data-start=\"4202\" data-end=\"4237\" data-is-last-node=\"\">Overen\u00e9 ako\u00a0<strong data-start=\"4214\" data-end=\"4237\" data-is-last-node=\"\">microbiome-friendly<\/strong><\/p>\n<\/li>\n<\/ul>","protected":false},"excerpt":{"rendered":"<div class=\"product-information-scroll-item f-product-hero__details\">\n<p class=\"f-product__subheading lh-r f-w400\">Duo pre roz\u017eiarenie a posilnenie ko\u017enej bari\u00e9ry<\/p>\n<div class=\"ab-reviews-widget-link\">Ve\u013ekos\u0165: <span class=\"f-w400\">OBSAHUJE 2 PRODUKTY V PLNEJ VE\u013dKOSTI<\/span><\/div>\n<\/div>","protected":false},"featured_media":2507,"comment_status":"closed","ping_status":"closed","template":"","meta":{"_acf_changed":false},"product_brand":[77],"product_cat":[75,26],"product_tag":[],"class_list":{"0":"post-2503","1":"product","2":"type-product","3":"status-publish","4":"has-post-thumbnail","6":"product_brand-medik8","7":"product_cat-kremy-a-sera","8":"product_cat-skincare-produkty","10":"first","11":"instock","12":"taxable","13":"shipping-taxable","14":"purchasable","15":"product-type-simple"},"acf":[],"yoast_head":"<!-- This site is optimized with the Yoast SEO plugin v27.5 - https:\/\/yoast.com\/product\/yoast-seo-wordpress\/ -->\n<title>Medik8  RADIANCE WRAPPED - Beauty pr\u00edstroje<\/title>\n<meta name=\"description\" content=\"Medik8 RADIANCE WRAPPED - Objavte tajomstvo vidite\u013ene \u017eiarivej\u0161ej a zdrav\u0161ej pleti s t\u00fdmto v\u00fdkonn\u00fdm duom.\" \/>\n<meta name=\"robots\" content=\"index, follow, max-snippet:-1, max-image-preview:large, max-video-preview:-1\" \/>\n<link rel=\"canonical\" href=\"https:\/\/www.beautypristroje.sk\/en\/product\/medik8-radiance-wrapped\/\" \/>\n<meta property=\"og:locale\" content=\"en_GB\" \/>\n<meta property=\"og:type\" content=\"article\" \/>\n<meta property=\"og:title\" content=\"Medik8  RADIANCE WRAPPED - Beauty pr\u00edstroje\" \/>\n<meta property=\"og:description\" content=\"Medik8 RADIANCE WRAPPED - Objavte tajomstvo vidite\u013ene \u017eiarivej\u0161ej a zdrav\u0161ej pleti s t\u00fdmto v\u00fdkonn\u00fdm duom.\" \/>\n<meta property=\"og:url\" content=\"https:\/\/www.beautypristroje.sk\/en\/product\/medik8-radiance-wrapped\/\" \/>\n<meta property=\"og:site_name\" content=\"Beauty pr\u00edstroje\" \/>\n<meta property=\"article:modified_time\" content=\"2025-12-10T08:49:46+00:00\" \/>\n<meta property=\"og:image\" content=\"https:\/\/www.beautypristroje.sk\/wp-content\/uploads\/2025\/11\/20250717_-_Festive_2025_-_PDP_Assets_-_Radiance_Wrapped_-_Asset_1_-_ROW_-_For_Web.webp\" \/>\n\t<meta property=\"og:image:width\" content=\"1024\" \/>\n\t<meta property=\"og:image:height\" content=\"1024\" \/>\n\t<meta property=\"og:image:type\" content=\"image\/webp\" \/>\n<meta name=\"twitter:card\" content=\"summary_large_image\" \/>\n<meta name=\"twitter:label1\" content=\"Estimated reading time\" \/>\n\t<meta name=\"twitter:data1\" content=\"4 minutes\" \/>\n<script type=\"application\/ld+json\" class=\"yoast-schema-graph\">{\"@context\":\"https:\\\/\\\/schema.org\",\"@graph\":[{\"@type\":\"WebPage\",\"@id\":\"https:\\\/\\\/www.beautypristroje.sk\\\/produkt\\\/medik8-radiance-wrapped\\\/\",\"url\":\"https:\\\/\\\/www.beautypristroje.sk\\\/produkt\\\/medik8-radiance-wrapped\\\/\",\"name\":\"Medik8 RADIANCE WRAPPED - Beauty pr\u00edstroje\",\"isPartOf\":{\"@id\":\"https:\\\/\\\/www.beautypristroje.sk\\\/#website\"},\"primaryImageOfPage\":{\"@id\":\"https:\\\/\\\/www.beautypristroje.sk\\\/produkt\\\/medik8-radiance-wrapped\\\/#primaryimage\"},\"image\":{\"@id\":\"https:\\\/\\\/www.beautypristroje.sk\\\/produkt\\\/medik8-radiance-wrapped\\\/#primaryimage\"},\"thumbnailUrl\":\"https:\\\/\\\/www.beautypristroje.sk\\\/wp-content\\\/uploads\\\/2025\\\/11\\\/20250717_-_Festive_2025_-_PDP_Assets_-_Radiance_Wrapped_-_Asset_1_-_ROW_-_For_Web.webp\",\"datePublished\":\"2025-11-13T07:56:45+00:00\",\"dateModified\":\"2025-12-10T08:49:46+00:00\",\"description\":\"Medik8 RADIANCE WRAPPED - Objavte tajomstvo vidite\u013ene \u017eiarivej\u0161ej a zdrav\u0161ej pleti s t\u00fdmto v\u00fdkonn\u00fdm duom.\",\"breadcrumb\":{\"@id\":\"https:\\\/\\\/www.beautypristroje.sk\\\/produkt\\\/medik8-radiance-wrapped\\\/#breadcrumb\"},\"inLanguage\":\"en-GB\",\"potentialAction\":[{\"@type\":\"ReadAction\",\"target\":[\"https:\\\/\\\/www.beautypristroje.sk\\\/produkt\\\/medik8-radiance-wrapped\\\/\"]}]},{\"@type\":\"ImageObject\",\"inLanguage\":\"en-GB\",\"@id\":\"https:\\\/\\\/www.beautypristroje.sk\\\/produkt\\\/medik8-radiance-wrapped\\\/#primaryimage\",\"url\":\"https:\\\/\\\/www.beautypristroje.sk\\\/wp-content\\\/uploads\\\/2025\\\/11\\\/20250717_-_Festive_2025_-_PDP_Assets_-_Radiance_Wrapped_-_Asset_1_-_ROW_-_For_Web.webp\",\"contentUrl\":\"https:\\\/\\\/www.beautypristroje.sk\\\/wp-content\\\/uploads\\\/2025\\\/11\\\/20250717_-_Festive_2025_-_PDP_Assets_-_Radiance_Wrapped_-_Asset_1_-_ROW_-_For_Web.webp\",\"width\":1024,\"height\":1024,\"caption\":\"Medik8 RADIANCE WRAPPED\"},{\"@type\":\"BreadcrumbList\",\"@id\":\"https:\\\/\\\/www.beautypristroje.sk\\\/produkt\\\/medik8-radiance-wrapped\\\/#breadcrumb\",\"itemListElement\":[{\"@type\":\"ListItem\",\"position\":1,\"name\":\"Domovsk\u00e1 str\u00e1nka\",\"item\":\"https:\\\/\\\/www.beautypristroje.sk\\\/\"},{\"@type\":\"ListItem\",\"position\":2,\"name\":\"Obchod\",\"item\":\"https:\\\/\\\/www.beautypristroje.sk\\\/obchod\\\/\"},{\"@type\":\"ListItem\",\"position\":3,\"name\":\"Medik8 RADIANCE WRAPPED\"}]},{\"@type\":\"WebSite\",\"@id\":\"https:\\\/\\\/www.beautypristroje.sk\\\/#website\",\"url\":\"https:\\\/\\\/www.beautypristroje.sk\\\/\",\"name\":\"Beauty pr\u00edstroje\",\"description\":\"Profesion\u00e1lne kozmetick\u00e9 pr\u00edstroje pre sal\u00f3ny a kliniky\",\"potentialAction\":[{\"@type\":\"SearchAction\",\"target\":{\"@type\":\"EntryPoint\",\"urlTemplate\":\"https:\\\/\\\/www.beautypristroje.sk\\\/?s={search_term_string}\"},\"query-input\":{\"@type\":\"PropertyValueSpecification\",\"valueRequired\":true,\"valueName\":\"search_term_string\"}}],\"inLanguage\":\"en-GB\"}]}<\/script>\n<!-- \/ Yoast SEO plugin. -->","yoast_head_json":{"title":"Medik8  RADIANCE WRAPPED - Beauty pr\u00edstroje","description":"Medik8 RADIANCE WRAPPED - Objavte tajomstvo vidite\u013ene \u017eiarivej\u0161ej a zdrav\u0161ej pleti s t\u00fdmto v\u00fdkonn\u00fdm duom.","robots":{"index":"index","follow":"follow","max-snippet":"max-snippet:-1","max-image-preview":"max-image-preview:large","max-video-preview":"max-video-preview:-1"},"canonical":"https:\/\/www.beautypristroje.sk\/en\/product\/medik8-radiance-wrapped\/","og_locale":"en_GB","og_type":"article","og_title":"Medik8  RADIANCE WRAPPED - Beauty pr\u00edstroje","og_description":"Medik8 RADIANCE WRAPPED - Objavte tajomstvo vidite\u013ene \u017eiarivej\u0161ej a zdrav\u0161ej pleti s t\u00fdmto v\u00fdkonn\u00fdm duom.","og_url":"https:\/\/www.beautypristroje.sk\/en\/product\/medik8-radiance-wrapped\/","og_site_name":"Beauty pr\u00edstroje","article_modified_time":"2025-12-10T08:49:46+00:00","og_image":[{"width":1024,"height":1024,"url":"https:\/\/www.beautypristroje.sk\/wp-content\/uploads\/2025\/11\/20250717_-_Festive_2025_-_PDP_Assets_-_Radiance_Wrapped_-_Asset_1_-_ROW_-_For_Web.webp","type":"image\/webp"}],"twitter_card":"summary_large_image","twitter_misc":{"Estimated reading time":"4 minutes"},"schema":{"@context":"https:\/\/schema.org","@graph":[{"@type":"WebPage","@id":"https:\/\/www.beautypristroje.sk\/produkt\/medik8-radiance-wrapped\/","url":"https:\/\/www.beautypristroje.sk\/produkt\/medik8-radiance-wrapped\/","name":"Medik8 RADIANCE WRAPPED - Beauty pr\u00edstroje","isPartOf":{"@id":"https:\/\/www.beautypristroje.sk\/#website"},"primaryImageOfPage":{"@id":"https:\/\/www.beautypristroje.sk\/produkt\/medik8-radiance-wrapped\/#primaryimage"},"image":{"@id":"https:\/\/www.beautypristroje.sk\/produkt\/medik8-radiance-wrapped\/#primaryimage"},"thumbnailUrl":"https:\/\/www.beautypristroje.sk\/wp-content\/uploads\/2025\/11\/20250717_-_Festive_2025_-_PDP_Assets_-_Radiance_Wrapped_-_Asset_1_-_ROW_-_For_Web.webp","datePublished":"2025-11-13T07:56:45+00:00","dateModified":"2025-12-10T08:49:46+00:00","description":"Medik8 RADIANCE WRAPPED - Objavte tajomstvo vidite\u013ene \u017eiarivej\u0161ej a zdrav\u0161ej pleti s t\u00fdmto v\u00fdkonn\u00fdm duom.","breadcrumb":{"@id":"https:\/\/www.beautypristroje.sk\/produkt\/medik8-radiance-wrapped\/#breadcrumb"},"inLanguage":"en-GB","potentialAction":[{"@type":"ReadAction","target":["https:\/\/www.beautypristroje.sk\/produkt\/medik8-radiance-wrapped\/"]}]},{"@type":"ImageObject","inLanguage":"en-GB","@id":"https:\/\/www.beautypristroje.sk\/produkt\/medik8-radiance-wrapped\/#primaryimage","url":"https:\/\/www.beautypristroje.sk\/wp-content\/uploads\/2025\/11\/20250717_-_Festive_2025_-_PDP_Assets_-_Radiance_Wrapped_-_Asset_1_-_ROW_-_For_Web.webp","contentUrl":"https:\/\/www.beautypristroje.sk\/wp-content\/uploads\/2025\/11\/20250717_-_Festive_2025_-_PDP_Assets_-_Radiance_Wrapped_-_Asset_1_-_ROW_-_For_Web.webp","width":1024,"height":1024,"caption":"Medik8 RADIANCE WRAPPED"},{"@type":"BreadcrumbList","@id":"https:\/\/www.beautypristroje.sk\/produkt\/medik8-radiance-wrapped\/#breadcrumb","itemListElement":[{"@type":"ListItem","position":1,"name":"Domovsk\u00e1 str\u00e1nka","item":"https:\/\/www.beautypristroje.sk\/"},{"@type":"ListItem","position":2,"name":"Obchod","item":"https:\/\/www.beautypristroje.sk\/obchod\/"},{"@type":"ListItem","position":3,"name":"Medik8 RADIANCE WRAPPED"}]},{"@type":"WebSite","@id":"https:\/\/www.beautypristroje.sk\/#website","url":"https:\/\/www.beautypristroje.sk\/","name":"Beauty pr\u00edstroje","description":"Profesion\u00e1lne kozmetick\u00e9 pr\u00edstroje pre sal\u00f3ny a kliniky","potentialAction":[{"@type":"SearchAction","target":{"@type":"EntryPoint","urlTemplate":"https:\/\/www.beautypristroje.sk\/?s={search_term_string}"},"query-input":{"@type":"PropertyValueSpecification","valueRequired":true,"valueName":"search_term_string"}}],"inLanguage":"en-GB"}]}},"_links":{"self":[{"href":"https:\/\/www.beautypristroje.sk\/en\/wp-json\/wp\/v2\/product\/2503","targetHints":{"allow":["GET"]}}],"collection":[{"href":"https:\/\/www.beautypristroje.sk\/en\/wp-json\/wp\/v2\/product"}],"about":[{"href":"https:\/\/www.beautypristroje.sk\/en\/wp-json\/wp\/v2\/types\/product"}],"replies":[{"embeddable":true,"href":"https:\/\/www.beautypristroje.sk\/en\/wp-json\/wp\/v2\/comments?post=2503"}],"wp:featuredmedia":[{"embeddable":true,"href":"https:\/\/www.beautypristroje.sk\/en\/wp-json\/wp\/v2\/media\/2507"}],"wp:attachment":[{"href":"https:\/\/www.beautypristroje.sk\/en\/wp-json\/wp\/v2\/media?parent=2503"}],"wp:term":[{"taxonomy":"product_brand","embeddable":true,"href":"https:\/\/www.beautypristroje.sk\/en\/wp-json\/wp\/v2\/product_brand?post=2503"},{"taxonomy":"product_cat","embeddable":true,"href":"https:\/\/www.beautypristroje.sk\/en\/wp-json\/wp\/v2\/product_cat?post=2503"},{"taxonomy":"product_tag","embeddable":true,"href":"https:\/\/www.beautypristroje.sk\/en\/wp-json\/wp\/v2\/product_tag?post=2503"}],"curies":[{"name":"wp","href":"https:\/\/api.w.org\/{rel}","templated":true}]}}