{"id":2497,"date":"2025-11-13T08:52:31","date_gmt":"2025-11-13T07:52:31","guid":{"rendered":"https:\/\/www.beautypristroje.sk\/?post_type=product&#038;p=2497"},"modified":"2025-12-10T09:49:58","modified_gmt":"2025-12-10T08:49:58","slug":"medik8-hydration-heroes","status":"publish","type":"product","link":"https:\/\/www.beautypristroje.sk\/en\/product\/medik8-hydration-heroes\/","title":{"rendered":"Medik8 HYDRATION HEROES"},"content":{"rendered":"<h3 data-start=\"102\" data-end=\"227\"><strong data-start=\"102\" data-end=\"126\">\u010co bal\u00ed\u010dek obsahuje:<\/strong><\/h3>\n<p data-start=\"102\" data-end=\"227\"><br data-start=\"126\" data-end=\"129\" \/>Total Moisture Daily Facial Cream (cestovn\u00e9 balenie) &amp; Advanced Night Restore (cestovn\u00e9 balenie)<\/p>\n<p data-start=\"229\" data-end=\"268\"><strong data-start=\"229\" data-end=\"266\">Va\u0161e za 30 EUR (hodnota 37 EUR)<\/strong><\/p>\n<p data-start=\"270\" data-end=\"668\">Uhaste sm\u00e4d svojej poko\u017eky s t\u00fdmto intenz\u00edvne hydrata\u010dn\u00fdm duom.\u00a0<strong data-start=\"334\" data-end=\"347\">Po\u010das d\u0148a<\/strong>\u00a0kr\u00e9m\u00a0<strong data-start=\"353\" data-end=\"390\">Total Moisture Daily Facial Cream<\/strong>\u00a0klinicky preuk\u00e1zate\u013ene zlep\u0161uje stav poko\u017eky u\u017e po\u00a0<strong data-start=\"442\" data-end=\"455\">1 hodine\u00b9<\/strong>, zanech\u00e1va ju vidite\u013ene jemn\u00fa, hladk\u00fa a odoln\u00fa vo\u010di denn\u00fdm stresorom.\u00a0<strong data-start=\"526\" data-end=\"536\">V noci<\/strong>\u00a0kr\u00e9m\u00a0<strong data-start=\"542\" data-end=\"568\">Advanced Night Restore<\/strong>\u00a0h\u013abkovo regeneruje a vy\u017eivuje, aby ste sa r\u00e1no zobudili s vypnutou, svie\u017eou a odd\u00fdchnutou ple\u0165ou.<\/p>\n<hr data-start=\"670\" data-end=\"673\" \/>\n<h3 data-start=\"675\" data-end=\"698\"><strong data-start=\"679\" data-end=\"698\">K\u013d\u00da\u010cOV\u00c9 PR\u00cdNOSY<\/strong><\/h3>\n<p data-start=\"700\" data-end=\"876\"><strong data-start=\"700\" data-end=\"737\">Total Moisture Daily Facial Cream<\/strong><br data-start=\"737\" data-end=\"740\" \/>H\u013abkovo vy\u017eivuj\u00faci, multifunk\u010dn\u00fd hydrata\u010dn\u00fd kr\u00e9m, ktor\u00fd posil\u0148uje ochrann\u00fa bari\u00e9ru poko\u017eky a zanech\u00e1va ju dlhotrvaj\u00faco hebk\u00fa a odoln\u00fa.<\/p>\n<p data-start=\"878\" data-end=\"1086\"><strong data-start=\"878\" data-end=\"904\">Advanced Night Restore<\/strong><br data-start=\"904\" data-end=\"907\" \/>N\u00e1\u0161 ikonick\u00fd no\u010dn\u00fd kr\u00e9m s vysok\u00fdm obsahom ceramidov p\u00f4sob\u00ed po\u010das sp\u00e1nku \u2013 dop\u013a\u0148a straten\u00fa hydrat\u00e1ciu, vidite\u013ene vyhladzuje vr\u00e1sky a posil\u0148uje prirodzen\u00fa obrann\u00fa bari\u00e9ru poko\u017eky.<\/p>\n<hr data-start=\"1088\" data-end=\"1091\" \/>\n<h3 data-start=\"1093\" data-end=\"1120\"><strong data-start=\"1097\" data-end=\"1120\">PREUK\u00c1ZAN\u00c9 V\u00ddSLEDKY<\/strong><\/h3>\n<ul data-start=\"1121\" data-end=\"1386\">\n<li data-start=\"1121\" data-end=\"1168\">\n<p data-start=\"1123\" data-end=\"1168\"><strong data-start=\"1123\" data-end=\"1136\">100 hod\u00edn<\/strong>\u00a0klinicky overenej hydrat\u00e1cie\u00b9<\/p>\n<\/li>\n<li data-start=\"1169\" data-end=\"1221\">\n<p data-start=\"1171\" data-end=\"1221\"><strong data-start=\"1171\" data-end=\"1185\">1 pou\u017eitie<\/strong>\u00a0\u2013 okam\u017eite hlad\u0161ia a pln\u0161ia ple\u0165\u00b2<\/p>\n<\/li>\n<li data-start=\"1222\" data-end=\"1269\">\n<p data-start=\"1224\" data-end=\"1269\"><strong data-start=\"1224\" data-end=\"1233\">+30 %<\/strong>\u00a0zlep\u0161enie funkcie ko\u017enej bari\u00e9ry\u00b9<\/p>\n<\/li>\n<li data-start=\"1270\" data-end=\"1332\">\n<p data-start=\"1272\" data-end=\"1332\"><strong data-start=\"1272\" data-end=\"1281\">7 dn\u00ed<\/strong>\u00a0k hlad\u0161ej pleti a vidite\u013ene redukovan\u00fdm vr\u00e1skam\u00b3<\/p>\n<\/li>\n<li data-start=\"1333\" data-end=\"1386\">\n<p data-start=\"1335\" data-end=\"1386\"><strong data-start=\"1335\" data-end=\"1344\">100 %<\/strong>\u00a0s\u00fahlasilo, \u017ee poko\u017eka p\u00f4sob\u00ed pevnej\u0161ie\u00b3<\/p>\n<\/li>\n<\/ul>\n<p data-start=\"1388\" data-end=\"1853\">\u00b9 Nez\u00e1visl\u00e1 klinick\u00e1 \u0161t\u00fadia s produktom Total Moisture Daily Facial Cream na 33 dobrovo\u013en\u00edkoch po\u010das 2 t\u00fd\u017ed\u0148ov<br data-start=\"1498\" data-end=\"1501\" \/>\u00b2 Nez\u00e1visl\u00e1 klinick\u00e1 \u0161t\u00fadia s produktom Total Moisture Daily Facial Cream na 35 dobrovo\u013en\u00edkoch po\u010das 4 t\u00fd\u017ed\u0148ov<br data-start=\"1611\" data-end=\"1614\" \/>\u00b3 Nez\u00e1visl\u00e1 klinick\u00e1 \u0161t\u00fadia s produktom Advanced Night Restore na 20 dobrovo\u013en\u00edkoch po\u010das 4 t\u00fd\u017ed\u0148ov<br data-start=\"1713\" data-end=\"1716\" \/>\u2074 E. Zettersen et al.,\u00a0<em data-start=\"1739\" data-end=\"1839\">Optimal ratios of topical stratum corneum lipids improve barrier recovery in chronically aged skin<\/em>, JAAD, 1997<\/p>\n<hr data-start=\"1855\" data-end=\"1858\" \/>\n<h3 data-start=\"1860\" data-end=\"1876\"><strong data-start=\"1864\" data-end=\"1876\">POU\u017dITIE<\/strong><\/h3>\n<p data-start=\"1878\" data-end=\"2073\"><strong data-start=\"1878\" data-end=\"1916\">Total Moisture Daily Facial Cream:<\/strong><br data-start=\"1916\" data-end=\"1919\" \/>Po vy\u010disten\u00ed pleti r\u00e1no a\/alebo ve\u010der naneste rovnomerne na tv\u00e1r, krk a dekolt jemn\u00fdmi \u0165ahmi smerom nahor.<br data-start=\"2025\" data-end=\"2028\" \/>Po rannej aplik\u00e1cii pou\u017eite opa\u013eovac\u00ed kr\u00e9m.<\/p>\n<p data-start=\"2075\" data-end=\"2208\"><strong data-start=\"2075\" data-end=\"2102\">Advanced Night Restore:<\/strong><br data-start=\"2102\" data-end=\"2105\" \/>Po ve\u010dernom \u010disten\u00ed a aplik\u00e1cii s\u00e9ra naneste kr\u00e9m na tv\u00e1r, krk a dekolt jemn\u00fdmi pohybmi smerom nahor.<\/p>\n<hr data-start=\"2210\" data-end=\"2213\" \/>\n<h3 data-start=\"2215\" data-end=\"2243\"><strong data-start=\"2219\" data-end=\"2243\">K\u013d\u00da\u010cOV\u00c9 INGREDIENCIE<\/strong><\/h3>\n<p data-start=\"2245\" data-end=\"2285\"><strong data-start=\"2245\" data-end=\"2283\">Total Moisture Daily Facial Cream:<\/strong><\/p>\n<ul data-start=\"2286\" data-end=\"2706\">\n<li data-start=\"2286\" data-end=\"2404\">\n<p data-start=\"2288\" data-end=\"2404\"><strong data-start=\"2288\" data-end=\"2310\">Prebiotick\u00fd peptid<\/strong>\u00a0\u2013 pom\u00e1ha udr\u017eiava\u0165 rovnov\u00e1hu mikrobiomu poko\u017eky, obnovuje a posil\u0148uje jej ochrann\u00fa bari\u00e9ru.<\/p>\n<\/li>\n<li data-start=\"2405\" data-end=\"2551\">\n<p data-start=\"2407\" data-end=\"2551\"><strong data-start=\"2407\" data-end=\"2444\">Viac\u00farov\u0148ov\u00e1 kyselina hyalur\u00f3nov\u00e1<\/strong>\u00a0\u2013 pri\u0165ahuje a zadr\u017eiava vodu z hlb\u0161\u00edch vrstiev poko\u017eky do povrchov\u00fdch, zanech\u00e1va ple\u0165 pru\u017en\u00fa a vy\u017eiven\u00fa.<\/p>\n<\/li>\n<li data-start=\"2552\" data-end=\"2706\">\n<p data-start=\"2554\" data-end=\"2706\"><strong data-start=\"2554\" data-end=\"2607\">Ceramidy a lipidy (vr\u00e1tane skval\u00e1nu a vitam\u00ednu F)<\/strong>\u00a0\u2013 napodob\u0148uj\u00fa prirodzen\u00fa lipidov\u00fa bari\u00e9ru poko\u017eky, intenz\u00edvne ju obnovuj\u00fa, vy\u017eivuj\u00fa a posil\u0148uj\u00fa.<\/p>\n<\/li>\n<\/ul>\n<p data-start=\"2708\" data-end=\"2737\"><strong data-start=\"2708\" data-end=\"2735\">Advanced Night Restore:<\/strong><\/p>\n<ul data-start=\"2738\" data-end=\"3557\">\n<li data-start=\"2738\" data-end=\"2897\">\n<p data-start=\"2740\" data-end=\"2897\"><strong data-start=\"2740\" data-end=\"2794\">Komplex viacer\u00fdch ceramidov s esenci\u00e1lnymi lipidmi<\/strong>\u00a0\u2013 unik\u00e1tna kombin\u00e1cia ceramidov, fytosterolov a mastn\u00fdch kysel\u00edn, ktor\u00e1 obnovuje a vy\u017eivuje poko\u017eku.<\/p>\n<\/li>\n<li data-start=\"2898\" data-end=\"3102\">\n<p data-start=\"2900\" data-end=\"3102\"><strong data-start=\"2900\" data-end=\"2953\">Antioxida\u010dn\u00fd komplex Midnight Antioxidant Complex<\/strong>\u00a0\u2013 sp\u00e1ja opravn\u00fd peptid a antioxidanty zo superpotrav\u00edn (kanadsk\u00e1 bobu\u013ea Saskatoon a extrakt z dra\u010dieho ovocia) pre ochranu pred vo\u013en\u00fdmi radik\u00e1lmi.<\/p>\n<\/li>\n<li data-start=\"3103\" data-end=\"3293\">\n<p data-start=\"3105\" data-end=\"3293\"><strong data-start=\"3105\" data-end=\"3140\">Kanadsk\u00e1 bobu\u013ea Saskatoon Berry<\/strong>\u00a0\u2013 bohat\u00e1 na antioxidanty (anthoky\u00e1ny), ktor\u00e9 pom\u00e1haj\u00fa blokova\u0165 enz\u00fdm rozkladaj\u00faci kyselinu hyalur\u00f3nov\u00fa, \u010d\u00edm zachov\u00e1vaj\u00fa prirodzen\u00fa hydrat\u00e1ciu poko\u017eky.<\/p>\n<\/li>\n<li data-start=\"3294\" data-end=\"3399\">\n<p data-start=\"3296\" data-end=\"3399\"><strong data-start=\"3296\" data-end=\"3325\">Extrakt z dra\u010dieho ovocia<\/strong>\u00a0\u2013 poskytuje v\u00fdnimo\u010dn\u00fa antioxida\u010dn\u00fa ochranu, rozjas\u0148uje a tonizuje ple\u0165.<\/p>\n<\/li>\n<li data-start=\"3400\" data-end=\"3557\">\n<p data-start=\"3402\" data-end=\"3557\"><strong data-start=\"3402\" data-end=\"3431\">N-acetyl glukosam\u00edn (NAG)<\/strong>\u00a0\u2013 prirodzene sa vyskytuj\u00faca molekula, ktor\u00e1 spolupracuje s retinolom \u010di retinalom a podporuje tvorbu kyseliny hyalur\u00f3novej.<\/p>\n<\/li>\n<\/ul>\n<hr data-start=\"3559\" data-end=\"3562\" \/>\n<h3 data-start=\"3564\" data-end=\"3589\"><strong data-start=\"3568\" data-end=\"3589\">VEDA ZA PRODUKTOM<\/strong><\/h3>\n<p data-start=\"3591\" data-end=\"4166\"><strong data-start=\"3591\" data-end=\"3629\">Total Moisture Daily Facial Cream:<\/strong><br data-start=\"3629\" data-end=\"3632\" \/>Stoj\u00ed na hydrata\u010dn\u00fdch princ\u00edpoch Medik8 \u2013\u00a0<strong data-start=\"3674\" data-end=\"3696\">H.E.O. technol\u00f3gii<\/strong>, ktor\u00e1 kombinuje\u00a0<strong data-start=\"3714\" data-end=\"3747\">humektanty (hydrata\u010dn\u00e9 l\u00e1tky)<\/strong>,\u00a0<strong data-start=\"3749\" data-end=\"3781\">emolienty (vy\u017eivuj\u00face l\u00e1tky)<\/strong>\u00a0a\u00a0<strong data-start=\"3784\" data-end=\"3818\">okluz\u00edva (uzamykaj\u00face vlhkos\u0165)<\/strong>\u00a0v optim\u00e1lnom pomere.<br data-start=\"3839\" data-end=\"3842\" \/>Zais\u0165uje intenz\u00edvnu, no \u013eahk\u00fa hydrat\u00e1ciu vhodn\u00fa na ka\u017edodenn\u00e9 pou\u017eitie.<br data-start=\"3913\" data-end=\"3916\" \/>V\u010faka\u00a0<strong data-start=\"3922\" data-end=\"3947\">prebiotick\u00e9mu peptidu<\/strong>\u00a0navy\u0161e podporuje zdrav\u00fd mikrobiom poko\u017eky, ktor\u00fd je k\u013e\u00fa\u010dom k silnej a vyv\u00e1\u017eenej ochrannej bari\u00e9re.<br data-start=\"4046\" data-end=\"4049\" \/>Produkt bol testovan\u00fd na v\u0161etk\u00fdch typoch a t\u00f3noch pleti s preuk\u00e1zan\u00fdmi v\u00fdsledkami v hydrat\u00e1cii a posilnen\u00ed bari\u00e9ry.<\/p>\n<p data-start=\"4168\" data-end=\"4660\"><strong data-start=\"4168\" data-end=\"4195\">Advanced Night Restore:<\/strong><br data-start=\"4195\" data-end=\"4198\" \/>Ceramidy s\u00fa esenci\u00e1lne lipidy, prirodzene pr\u00edtomn\u00e9 v ochrannej vrstve poko\u017eky \u2013 zabra\u0148uj\u00fa \u00faniku vlhkosti a prenikaniu \u0161kodliv\u00edn zvonka.<br data-start=\"4333\" data-end=\"4336\" \/>V ko\u017enej bari\u00e9re s\u00fa spolu s ceramidmi aj cholesterol a fytosteroly, preto musia by\u0165 v starostlivosti o ple\u0165 kombinovan\u00e9 v optim\u00e1lnom pomere.<br data-start=\"4476\" data-end=\"4479\" \/>Na\u0161e v\u00fdskumy viedli k ide\u00e1lnemu pomeru\u00a0<strong data-start=\"4518\" data-end=\"4529\">3:1:1:1<\/strong>\u00a0(ceramidy 1 a 3, fytosterol a mastn\u00e9 kyseliny), ktor\u00fd bolo\u00a0<strong data-start=\"4589\" data-end=\"4657\">vedecky potvrden\u00e9 ako najefekt\u00edvnej\u0161\u00ed pre obnovu ko\u017enej bari\u00e9ry\u2074<\/strong>.<\/p>\n<hr data-start=\"4662\" data-end=\"4665\" \/>\n<h3 data-start=\"4667\" data-end=\"4692\"><strong data-start=\"4671\" data-end=\"4692\">\u010eAL\u0160IE INFORM\u00c1CIE<\/strong><\/h3>\n<ul data-start=\"4693\" data-end=\"4865\" data-is-last-node=\"\" data-is-only-node=\"\">\n<li data-start=\"4693\" data-end=\"4713\">\n<p data-start=\"4695\" data-end=\"4713\">Klinicky overen\u00e9<\/p>\n<\/li>\n<li data-start=\"4714\" data-end=\"4742\">\n<p data-start=\"4716\" data-end=\"4742\">Dermatologicky testovan\u00e9<\/p>\n<\/li>\n<li data-start=\"4743\" data-end=\"4782\">\n<p data-start=\"4745\" data-end=\"4782\">Overen\u00e9 ako\u00a0<strong data-start=\"4757\" data-end=\"4780\">microbiome-friendly<\/strong><\/p>\n<\/li>\n<li data-start=\"4783\" data-end=\"4818\">\n<p data-start=\"4785\" data-end=\"4818\">Certifikovan\u00e9\u00a0<strong data-start=\"4799\" data-end=\"4816\">Vegan Society<\/strong><\/p>\n<\/li>\n<li data-start=\"4819\" data-end=\"4839\">\n<p data-start=\"4821\" data-end=\"4839\">Bez umel\u00fdch v\u00f4n\u00ed<\/p>\n<\/li>\n<li data-start=\"4840\" data-end=\"4865\" data-is-last-node=\"\">\n<p data-start=\"4842\" data-end=\"4865\" data-is-last-node=\"\">Bez syntetick\u00fdch farb\u00edv<\/p>\n<\/li>\n<\/ul>","protected":false},"excerpt":{"rendered":"<div class=\"product-information-scroll-item f-product-hero__details\">\n<p class=\"f-product__subheading lh-r f-w400\">Duo pre h\u013abkov\u00fa hydrat\u00e1ciu a podporu ko\u017enej bari\u00e9ry<\/p>\n<\/div>\n<div class=\"js-product-form-wrapper product-information-scroll-track f-product-hero__details\">\n<div class=\"wayfx-wrapper\">\n<div class=\"wayfx-product-bar__left\">\n<div class=\"wayfx-product-bar__title\">Ve\u013ekos\u0165: <span class=\"f-w400\">OBSAHUJE 2 PRODUKTY V CESTOVNEJ VE\u013dKOSTI<\/span><\/div>\n<\/div>\n<\/div>\n<\/div>","protected":false},"featured_media":2502,"comment_status":"closed","ping_status":"closed","template":"","meta":{"_acf_changed":false},"product_brand":[77],"product_cat":[75,26],"product_tag":[],"class_list":{"0":"post-2497","1":"product","2":"type-product","3":"status-publish","4":"has-post-thumbnail","6":"product_brand-medik8","7":"product_cat-kremy-a-sera","8":"product_cat-skincare-produkty","10":"first","11":"instock","12":"taxable","13":"shipping-taxable","14":"purchasable","15":"product-type-simple"},"acf":[],"yoast_head":"<!-- This site is optimized with the Yoast SEO plugin v27.5 - https:\/\/yoast.com\/product\/yoast-seo-wordpress\/ -->\n<title>Medik8 HYDRATION HEROES - Beauty pr\u00edstroje<\/title>\n<meta name=\"description\" content=\"Medik8 HYDRATION HEROES - Uhaste sm\u00e4d svojej poko\u017eky s t\u00fdmto intenz\u00edvne hydrata\u010dn\u00fdm duom\" \/>\n<meta name=\"robots\" content=\"index, follow, max-snippet:-1, max-image-preview:large, max-video-preview:-1\" \/>\n<link rel=\"canonical\" href=\"https:\/\/www.beautypristroje.sk\/en\/product\/medik8-hydration-heroes\/\" \/>\n<meta property=\"og:locale\" content=\"en_GB\" \/>\n<meta property=\"og:type\" content=\"article\" \/>\n<meta property=\"og:title\" content=\"Medik8 HYDRATION HEROES - Beauty pr\u00edstroje\" \/>\n<meta property=\"og:description\" content=\"Medik8 HYDRATION HEROES - Uhaste sm\u00e4d svojej poko\u017eky s t\u00fdmto intenz\u00edvne hydrata\u010dn\u00fdm duom\" \/>\n<meta property=\"og:url\" content=\"https:\/\/www.beautypristroje.sk\/en\/product\/medik8-hydration-heroes\/\" \/>\n<meta property=\"og:site_name\" content=\"Beauty pr\u00edstroje\" \/>\n<meta property=\"article:modified_time\" content=\"2025-12-10T08:49:58+00:00\" \/>\n<meta property=\"og:image\" content=\"https:\/\/www.beautypristroje.sk\/wp-content\/uploads\/2025\/11\/20250717_-_Festive_2025_-_PDP_Assets_-_Hydration_Heroes_-_Asset_1_-_ROW_-_For_Web.webp\" \/>\n\t<meta property=\"og:image:width\" content=\"1024\" \/>\n\t<meta property=\"og:image:height\" content=\"1024\" \/>\n\t<meta property=\"og:image:type\" content=\"image\/webp\" \/>\n<meta name=\"twitter:card\" content=\"summary_large_image\" \/>\n<meta name=\"twitter:label1\" content=\"Estimated reading time\" \/>\n\t<meta name=\"twitter:data1\" content=\"4 minutes\" \/>\n<script type=\"application\/ld+json\" class=\"yoast-schema-graph\">{\"@context\":\"https:\\\/\\\/schema.org\",\"@graph\":[{\"@type\":\"WebPage\",\"@id\":\"https:\\\/\\\/www.beautypristroje.sk\\\/produkt\\\/medik8-hydration-heroes\\\/\",\"url\":\"https:\\\/\\\/www.beautypristroje.sk\\\/produkt\\\/medik8-hydration-heroes\\\/\",\"name\":\"Medik8 HYDRATION HEROES - Beauty pr\u00edstroje\",\"isPartOf\":{\"@id\":\"https:\\\/\\\/www.beautypristroje.sk\\\/#website\"},\"primaryImageOfPage\":{\"@id\":\"https:\\\/\\\/www.beautypristroje.sk\\\/produkt\\\/medik8-hydration-heroes\\\/#primaryimage\"},\"image\":{\"@id\":\"https:\\\/\\\/www.beautypristroje.sk\\\/produkt\\\/medik8-hydration-heroes\\\/#primaryimage\"},\"thumbnailUrl\":\"https:\\\/\\\/www.beautypristroje.sk\\\/wp-content\\\/uploads\\\/2025\\\/11\\\/20250717_-_Festive_2025_-_PDP_Assets_-_Hydration_Heroes_-_Asset_1_-_ROW_-_For_Web.webp\",\"datePublished\":\"2025-11-13T07:52:31+00:00\",\"dateModified\":\"2025-12-10T08:49:58+00:00\",\"description\":\"Medik8 HYDRATION HEROES - Uhaste sm\u00e4d svojej poko\u017eky s t\u00fdmto intenz\u00edvne hydrata\u010dn\u00fdm duom\",\"breadcrumb\":{\"@id\":\"https:\\\/\\\/www.beautypristroje.sk\\\/produkt\\\/medik8-hydration-heroes\\\/#breadcrumb\"},\"inLanguage\":\"en-GB\",\"potentialAction\":[{\"@type\":\"ReadAction\",\"target\":[\"https:\\\/\\\/www.beautypristroje.sk\\\/produkt\\\/medik8-hydration-heroes\\\/\"]}]},{\"@type\":\"ImageObject\",\"inLanguage\":\"en-GB\",\"@id\":\"https:\\\/\\\/www.beautypristroje.sk\\\/produkt\\\/medik8-hydration-heroes\\\/#primaryimage\",\"url\":\"https:\\\/\\\/www.beautypristroje.sk\\\/wp-content\\\/uploads\\\/2025\\\/11\\\/20250717_-_Festive_2025_-_PDP_Assets_-_Hydration_Heroes_-_Asset_1_-_ROW_-_For_Web.webp\",\"contentUrl\":\"https:\\\/\\\/www.beautypristroje.sk\\\/wp-content\\\/uploads\\\/2025\\\/11\\\/20250717_-_Festive_2025_-_PDP_Assets_-_Hydration_Heroes_-_Asset_1_-_ROW_-_For_Web.webp\",\"width\":1024,\"height\":1024,\"caption\":\"Medik8 HYDRATION HEROES\"},{\"@type\":\"BreadcrumbList\",\"@id\":\"https:\\\/\\\/www.beautypristroje.sk\\\/produkt\\\/medik8-hydration-heroes\\\/#breadcrumb\",\"itemListElement\":[{\"@type\":\"ListItem\",\"position\":1,\"name\":\"Domovsk\u00e1 str\u00e1nka\",\"item\":\"https:\\\/\\\/www.beautypristroje.sk\\\/\"},{\"@type\":\"ListItem\",\"position\":2,\"name\":\"Obchod\",\"item\":\"https:\\\/\\\/www.beautypristroje.sk\\\/obchod\\\/\"},{\"@type\":\"ListItem\",\"position\":3,\"name\":\"Medik8 HYDRATION HEROES\"}]},{\"@type\":\"WebSite\",\"@id\":\"https:\\\/\\\/www.beautypristroje.sk\\\/#website\",\"url\":\"https:\\\/\\\/www.beautypristroje.sk\\\/\",\"name\":\"Beauty pr\u00edstroje\",\"description\":\"Profesion\u00e1lne kozmetick\u00e9 pr\u00edstroje pre sal\u00f3ny a kliniky\",\"potentialAction\":[{\"@type\":\"SearchAction\",\"target\":{\"@type\":\"EntryPoint\",\"urlTemplate\":\"https:\\\/\\\/www.beautypristroje.sk\\\/?s={search_term_string}\"},\"query-input\":{\"@type\":\"PropertyValueSpecification\",\"valueRequired\":true,\"valueName\":\"search_term_string\"}}],\"inLanguage\":\"en-GB\"}]}<\/script>\n<!-- \/ Yoast SEO plugin. -->","yoast_head_json":{"title":"Medik8 HYDRATION HEROES - Beauty pr\u00edstroje","description":"Medik8 HYDRATION HEROES - Uhaste sm\u00e4d svojej poko\u017eky s t\u00fdmto intenz\u00edvne hydrata\u010dn\u00fdm duom","robots":{"index":"index","follow":"follow","max-snippet":"max-snippet:-1","max-image-preview":"max-image-preview:large","max-video-preview":"max-video-preview:-1"},"canonical":"https:\/\/www.beautypristroje.sk\/en\/product\/medik8-hydration-heroes\/","og_locale":"en_GB","og_type":"article","og_title":"Medik8 HYDRATION HEROES - Beauty pr\u00edstroje","og_description":"Medik8 HYDRATION HEROES - Uhaste sm\u00e4d svojej poko\u017eky s t\u00fdmto intenz\u00edvne hydrata\u010dn\u00fdm duom","og_url":"https:\/\/www.beautypristroje.sk\/en\/product\/medik8-hydration-heroes\/","og_site_name":"Beauty pr\u00edstroje","article_modified_time":"2025-12-10T08:49:58+00:00","og_image":[{"width":1024,"height":1024,"url":"https:\/\/www.beautypristroje.sk\/wp-content\/uploads\/2025\/11\/20250717_-_Festive_2025_-_PDP_Assets_-_Hydration_Heroes_-_Asset_1_-_ROW_-_For_Web.webp","type":"image\/webp"}],"twitter_card":"summary_large_image","twitter_misc":{"Estimated reading time":"4 minutes"},"schema":{"@context":"https:\/\/schema.org","@graph":[{"@type":"WebPage","@id":"https:\/\/www.beautypristroje.sk\/produkt\/medik8-hydration-heroes\/","url":"https:\/\/www.beautypristroje.sk\/produkt\/medik8-hydration-heroes\/","name":"Medik8 HYDRATION HEROES - Beauty pr\u00edstroje","isPartOf":{"@id":"https:\/\/www.beautypristroje.sk\/#website"},"primaryImageOfPage":{"@id":"https:\/\/www.beautypristroje.sk\/produkt\/medik8-hydration-heroes\/#primaryimage"},"image":{"@id":"https:\/\/www.beautypristroje.sk\/produkt\/medik8-hydration-heroes\/#primaryimage"},"thumbnailUrl":"https:\/\/www.beautypristroje.sk\/wp-content\/uploads\/2025\/11\/20250717_-_Festive_2025_-_PDP_Assets_-_Hydration_Heroes_-_Asset_1_-_ROW_-_For_Web.webp","datePublished":"2025-11-13T07:52:31+00:00","dateModified":"2025-12-10T08:49:58+00:00","description":"Medik8 HYDRATION HEROES - Uhaste sm\u00e4d svojej poko\u017eky s t\u00fdmto intenz\u00edvne hydrata\u010dn\u00fdm duom","breadcrumb":{"@id":"https:\/\/www.beautypristroje.sk\/produkt\/medik8-hydration-heroes\/#breadcrumb"},"inLanguage":"en-GB","potentialAction":[{"@type":"ReadAction","target":["https:\/\/www.beautypristroje.sk\/produkt\/medik8-hydration-heroes\/"]}]},{"@type":"ImageObject","inLanguage":"en-GB","@id":"https:\/\/www.beautypristroje.sk\/produkt\/medik8-hydration-heroes\/#primaryimage","url":"https:\/\/www.beautypristroje.sk\/wp-content\/uploads\/2025\/11\/20250717_-_Festive_2025_-_PDP_Assets_-_Hydration_Heroes_-_Asset_1_-_ROW_-_For_Web.webp","contentUrl":"https:\/\/www.beautypristroje.sk\/wp-content\/uploads\/2025\/11\/20250717_-_Festive_2025_-_PDP_Assets_-_Hydration_Heroes_-_Asset_1_-_ROW_-_For_Web.webp","width":1024,"height":1024,"caption":"Medik8 HYDRATION HEROES"},{"@type":"BreadcrumbList","@id":"https:\/\/www.beautypristroje.sk\/produkt\/medik8-hydration-heroes\/#breadcrumb","itemListElement":[{"@type":"ListItem","position":1,"name":"Domovsk\u00e1 str\u00e1nka","item":"https:\/\/www.beautypristroje.sk\/"},{"@type":"ListItem","position":2,"name":"Obchod","item":"https:\/\/www.beautypristroje.sk\/obchod\/"},{"@type":"ListItem","position":3,"name":"Medik8 HYDRATION HEROES"}]},{"@type":"WebSite","@id":"https:\/\/www.beautypristroje.sk\/#website","url":"https:\/\/www.beautypristroje.sk\/","name":"Beauty pr\u00edstroje","description":"Profesion\u00e1lne kozmetick\u00e9 pr\u00edstroje pre sal\u00f3ny a kliniky","potentialAction":[{"@type":"SearchAction","target":{"@type":"EntryPoint","urlTemplate":"https:\/\/www.beautypristroje.sk\/?s={search_term_string}"},"query-input":{"@type":"PropertyValueSpecification","valueRequired":true,"valueName":"search_term_string"}}],"inLanguage":"en-GB"}]}},"_links":{"self":[{"href":"https:\/\/www.beautypristroje.sk\/en\/wp-json\/wp\/v2\/product\/2497","targetHints":{"allow":["GET"]}}],"collection":[{"href":"https:\/\/www.beautypristroje.sk\/en\/wp-json\/wp\/v2\/product"}],"about":[{"href":"https:\/\/www.beautypristroje.sk\/en\/wp-json\/wp\/v2\/types\/product"}],"replies":[{"embeddable":true,"href":"https:\/\/www.beautypristroje.sk\/en\/wp-json\/wp\/v2\/comments?post=2497"}],"wp:featuredmedia":[{"embeddable":true,"href":"https:\/\/www.beautypristroje.sk\/en\/wp-json\/wp\/v2\/media\/2502"}],"wp:attachment":[{"href":"https:\/\/www.beautypristroje.sk\/en\/wp-json\/wp\/v2\/media?parent=2497"}],"wp:term":[{"taxonomy":"product_brand","embeddable":true,"href":"https:\/\/www.beautypristroje.sk\/en\/wp-json\/wp\/v2\/product_brand?post=2497"},{"taxonomy":"product_cat","embeddable":true,"href":"https:\/\/www.beautypristroje.sk\/en\/wp-json\/wp\/v2\/product_cat?post=2497"},{"taxonomy":"product_tag","embeddable":true,"href":"https:\/\/www.beautypristroje.sk\/en\/wp-json\/wp\/v2\/product_tag?post=2497"}],"curies":[{"name":"wp","href":"https:\/\/api.w.org\/{rel}","templated":true}]}}