{"id":2487,"date":"2025-11-13T08:41:18","date_gmt":"2025-11-13T07:41:18","guid":{"rendered":"https:\/\/www.beautypristroje.sk\/?post_type=product&#038;p=2487"},"modified":"2025-12-10T09:52:47","modified_gmt":"2025-12-10T08:52:47","slug":"medik8-firm-favourites","status":"publish","type":"product","link":"https:\/\/www.beautypristroje.sk\/en\/product\/medik8-firm-favourites\/","title":{"rendered":"Medik8 FIRM FAVOURITES"},"content":{"rendered":"<div id=\"shopify-section-template--24111904325943__main-gallery-and-info\" class=\"shopify-section\">\n<div class=\"pdp-gallery-page-width\">\n<div class=\"product-gallery-and-information f-product-hero__wrapper\">\n<div id=\"full-details\" class=\"product-information-description f-product-hero__description\">\n<div class=\"product-gallery-container\">\n<div class=\"product-image-container\">\n<h3 class=\"product-image-carousel-wrapper\"><strong data-start=\"0\" data-end=\"24\">\u010co bal\u00ed\u010dek obsahuje:<\/strong><\/h3>\n<\/div>\n<\/div>\n<div id=\"full-details\" class=\"product-information-description f-product-hero__description\">\n<p data-start=\"0\" data-end=\"100\">Hydr8 B5 Intense (pln\u00e9 balenie) &amp; Advanced Night Restore (pln\u00e9 balenie)<\/p>\n<p data-start=\"102\" data-end=\"143\"><strong data-start=\"102\" data-end=\"141\">Va\u0161e za 100 EUR (hodnota 138 EUR)<\/strong><\/p>\n<p data-start=\"145\" data-end=\"601\">Doprajte svojej pleti maxim\u00e1lnu d\u00e1vku hydrat\u00e1cie s t\u00fdmto v\u00fd\u017eivn\u00fdm duom, ktor\u00e9 ju vidite\u013ene vypne a rozjasn\u00ed.\u00a0<strong data-start=\"254\" data-end=\"274\">Hydr8 B5 Intense<\/strong>\u00a0zaplav\u00ed ple\u0165 viac\u00farov\u0148ovou kyselinou hyalur\u00f3novou pre 24-hodinov\u00fa hydrat\u00e1ciu, vyhlad\u00ed jemn\u00e9 linky a navr\u00e1ti jej svie\u017ei, \u017eiariv\u00fd vzh\u013ead.<br data-start=\"410\" data-end=\"413\" \/>Na noc potom\u00a0<strong data-start=\"426\" data-end=\"452\">Advanced Night Restore<\/strong>\u00a0intenz\u00edvne obnovuje a posil\u0148uje ple\u0165, aby bola r\u00e1no pevnej\u0161ia, vy\u017eiven\u00e1 a pln\u00e1 jasu. V\u00e1\u0161 najpohodlnej\u0161\u00ed zimn\u00fd ritu\u00e1l pre kr\u00e1snu ple\u0165 pr\u00e1ve za\u010d\u00edna.<\/p>\n<hr data-start=\"603\" data-end=\"606\" \/>\n<h3 data-start=\"608\" data-end=\"631\"><strong data-start=\"612\" data-end=\"631\">K\u013d\u00da\u010cOV\u00c9 PR\u00cdNOSY<\/strong><\/h3>\n<p data-start=\"633\" data-end=\"808\"><strong data-start=\"633\" data-end=\"653\">Hydr8 B5 Intense<\/strong><br data-start=\"653\" data-end=\"656\" \/>N\u00e1\u0161 naj\u00fa\u010dinnej\u0161\u00ed produkt s kyselinou hyalur\u00f3novou, klinicky preuk\u00e1zan\u00e9, \u017ee po\u010das 24 hod\u00edn zvy\u0161uje \u00farove\u0148 hydrat\u00e1cie a zanech\u00e1va ple\u0165 hlad\u0161iu a pln\u0161iu.<\/p>\n<p data-start=\"810\" data-end=\"1015\"><strong data-start=\"810\" data-end=\"836\">Advanced Night Restore<\/strong><br data-start=\"836\" data-end=\"839\" \/>Na\u0161a ikonick\u00e1 no\u010dn\u00e1 omladzuj\u00faca starostlivos\u0165 s ceramidmi, ktor\u00e1 p\u00f4sob\u00ed po\u010das noci \u2013 dop\u013a\u0148a straten\u00fa hydrat\u00e1ciu, redukuje hlbok\u00e9 vr\u00e1sky a vidite\u013ene spev\u0148uje ple\u0165 u\u017e za 7 dn\u00ed.<\/p>\n<hr data-start=\"1017\" data-end=\"1020\" \/>\n<h3 data-start=\"1022\" data-end=\"1049\"><strong data-start=\"1026\" data-end=\"1049\">PREUK\u00c1ZAN\u00c9 V\u00ddSLEDKY<\/strong><\/h3>\n<ul data-start=\"1050\" data-end=\"1327\">\n<li data-start=\"1050\" data-end=\"1092\">\n<p data-start=\"1052\" data-end=\"1092\"><strong data-start=\"1052\" data-end=\"1064\">24 hod\u00edn<\/strong>\u00a0k vidite\u013ene pln\u0161ej pleti\u00b9<\/p>\n<\/li>\n<li data-start=\"1093\" data-end=\"1132\">\n<p data-start=\"1095\" data-end=\"1132\"><strong data-start=\"1095\" data-end=\"1104\">7 dn\u00ed<\/strong>\u00a0k obnoveniu objemu pleti\u00b9<\/p>\n<\/li>\n<li data-start=\"1133\" data-end=\"1212\">\n<p data-start=\"1135\" data-end=\"1212\"><strong data-start=\"1135\" data-end=\"1143\">95 %<\/strong>\u00a0s\u00fahlas\u00ed, \u017ee make-up sa rozpustil bez zvy\u0161ku a bez mastn\u00e9ho pocitu\u00b9<\/p>\n<\/li>\n<li data-start=\"1213\" data-end=\"1270\">\n<p data-start=\"1215\" data-end=\"1270\"><strong data-start=\"1215\" data-end=\"1223\">95 %<\/strong>\u00a0s\u00fahlas\u00ed, \u017ee ich ple\u0165 je po 7 d\u0148och vy\u017eiven\u00e1\u00b9<\/p>\n<\/li>\n<li data-start=\"1271\" data-end=\"1327\">\n<p data-start=\"1273\" data-end=\"1327\"><strong data-start=\"1273\" data-end=\"1281\">81 %<\/strong>\u00a0s\u00fahlas\u00ed, \u017ee po 2 t\u00fd\u017ed\u0148och je ple\u0165 vyv\u00e1\u017een\u00e1\u00b2<\/p>\n<\/li>\n<\/ul>\n<p data-start=\"1329\" data-end=\"1656\">\u00b9 Nez\u00e1visl\u00e1 klinick\u00e1 \u0161t\u00fadia s 32 \u00fa\u010dastn\u00edkmi na produkte Hydr8 B5 Intense po\u010das 4 t\u00fd\u017ed\u0148ov<br data-start=\"1417\" data-end=\"1420\" \/>\u00b2 Nez\u00e1visl\u00e1 klinick\u00e1 \u0161t\u00fadia s 20 dobrovo\u013en\u00edkmi na produkte Advanced Night Restore po\u010das 4 t\u00fd\u017ed\u0148ov<br data-start=\"1517\" data-end=\"1520\" \/>\u00b3 E. Zettersen et al,\u00a0<em data-start=\"1542\" data-end=\"1642\">Optimal ratios of topical stratum corneum lipids improve barrier recovery in chronically aged skin<\/em>, JAAD, 1997<\/p>\n<hr data-start=\"1658\" data-end=\"1661\" \/>\n<h3 data-start=\"1663\" data-end=\"1679\"><strong data-start=\"1667\" data-end=\"1679\">POU\u017dITIE<\/strong><\/h3>\n<p data-start=\"1681\" data-end=\"1797\"><strong data-start=\"1681\" data-end=\"1701\">Hydr8 B5 Intense<\/strong><br data-start=\"1701\" data-end=\"1704\" \/>R\u00e1no a ve\u010der po vy\u010disten\u00ed pleti naneste 6 kvapiek na tv\u00e1r, krk a dekolt a jemne vmas\u00edrujte.<\/p>\n<p data-start=\"1799\" data-end=\"1931\"><strong data-start=\"1799\" data-end=\"1825\">Advanced Night Restore<\/strong><br data-start=\"1825\" data-end=\"1828\" \/>Ve\u010der po aplik\u00e1cii s\u00e9ra Hydr8 B5 Intense naneste kr\u00e9m na tv\u00e1r, krk a dekolt a rozotrite smerom nahor.<\/p>\n<hr data-start=\"1933\" data-end=\"1936\" \/>\n<h3 data-start=\"1938\" data-end=\"1966\"><strong data-start=\"1942\" data-end=\"1966\">K\u013d\u00da\u010cOV\u00c9 INGREDIENCIE<\/strong><\/h3>\n<p data-start=\"1968\" data-end=\"1991\"><strong data-start=\"1968\" data-end=\"1989\">Hydr8 B5 Intense:<\/strong><\/p>\n<ul data-start=\"1992\" data-end=\"2776\">\n<li data-start=\"1992\" data-end=\"2178\">\n<p data-start=\"1994\" data-end=\"2178\"><strong data-start=\"1994\" data-end=\"2031\">Viac\u00farov\u0148ov\u00e1 kyselina hyalur\u00f3nov\u00e1<\/strong>\u00a0\u2013 via\u017ee a\u017e 1000-n\u00e1sobok svojej hmotnosti vo vode a pri\u0165ahuje vlhkos\u0165 z hlb\u0161\u00edch vrstiev poko\u017eky do horn\u00fdch, \u010d\u00edm zanech\u00e1va ple\u0165 pru\u017en\u00fa a vy\u017eiven\u00fa.<\/p>\n<\/li>\n<li data-start=\"2179\" data-end=\"2297\">\n<p data-start=\"2181\" data-end=\"2297\"><strong data-start=\"2181\" data-end=\"2207\">Vitam\u00edn B5 (panthenol)<\/strong>\u00a0\u2013 pom\u00e1ha udr\u017eiava\u0165 hydrat\u00e1ciu a podporuje regener\u00e1ciu buniek pre vidite\u013ene pln\u0161iu ple\u0165.<\/p>\n<\/li>\n<li data-start=\"2298\" data-end=\"2496\">\n<p data-start=\"2300\" data-end=\"2496\"><strong data-start=\"2300\" data-end=\"2340\">Prirodzen\u00e9 hydrata\u010dn\u00e9 faktory (NMFs)<\/strong>\u00a0\u2013 komplex prirodzen\u00fdch zlo\u017eiek poko\u017eky (aminokyseliny, kyselina mlie\u010dna, kreat\u00edn, prote\u00edny a \u010fal\u0161ie), ktor\u00e9 via\u017eu vodu a udr\u017eiavaj\u00fa optim\u00e1lnu hydrat\u00e1ciu.<\/p>\n<\/li>\n<li data-start=\"2497\" data-end=\"2656\">\n<p data-start=\"2499\" data-end=\"2656\"><strong data-start=\"2499\" data-end=\"2534\">Kanadsk\u00e1 bobu\u013ea Saskatoon Berry<\/strong>\u00a0\u2013 bohat\u00e1 na antioxidanty (anthoky\u00e1ny), ktor\u00e9 br\u00e1nia rozkladu kyseliny hyalur\u00f3novej a podporuj\u00fa prirodzen\u00fa plnos\u0165 pleti.<\/p>\n<\/li>\n<li data-start=\"2657\" data-end=\"2776\">\n<p data-start=\"2659\" data-end=\"2776\"><strong data-start=\"2659\" data-end=\"2677\">S\u00f3jov\u00fd extrakt<\/strong>\u00a0\u2013 podporuje tvorbu kyseliny hyalur\u00f3novej a kolag\u00e9nu, \u010d\u00edm zlep\u0161uje hydrat\u00e1ciu a mladistv\u00fd vzh\u013ead.<\/p>\n<\/li>\n<\/ul>\n<p data-start=\"2778\" data-end=\"2807\"><strong data-start=\"2778\" data-end=\"2805\">Advanced Night Restore:<\/strong><\/p>\n<ul data-start=\"2808\" data-end=\"3412\">\n<li data-start=\"2808\" data-end=\"2964\">\n<p data-start=\"2810\" data-end=\"2964\"><strong data-start=\"2810\" data-end=\"2841\">Komplex ceramidov a lipidov<\/strong>\u00a0\u2013 kombin\u00e1cia ceramidov, fytosterolov a mastn\u00fdch kysel\u00edn napodob\u0148uje prirodzen\u00fa ko\u017en\u00fa bari\u00e9ru a intenz\u00edvne obnovuje ple\u0165.<\/p>\n<\/li>\n<li data-start=\"2965\" data-end=\"3168\">\n<p data-start=\"2967\" data-end=\"3168\"><strong data-start=\"2967\" data-end=\"3020\">Antioxida\u010dn\u00fd komplex Midnight Antioxidant Complex<\/strong>\u00a0\u2013 zmes peptidov a superpotrav\u00edn (Saskatoon Berry a extrakt z dra\u010dieho ovocia), ktor\u00e9 neutralizuj\u00fa vo\u013en\u00e9 radik\u00e1ly a chr\u00e1nia bunky pred po\u0161koden\u00edm.<\/p>\n<\/li>\n<li data-start=\"3169\" data-end=\"3272\">\n<p data-start=\"3171\" data-end=\"3272\"><strong data-start=\"3171\" data-end=\"3188\">Dra\u010die ovocie<\/strong>\u00a0\u2013 siln\u00fd antioxidant z no\u010dn\u00e9ho kaktusu z Mexika, ktor\u00fd ple\u0165 spev\u0148uje a rozjas\u0148uje.<\/p>\n<\/li>\n<li data-start=\"3273\" data-end=\"3412\">\n<p data-start=\"3275\" data-end=\"3412\"><strong data-start=\"3275\" data-end=\"3304\">N-acetyl glukosam\u00edn (NAG)<\/strong>\u00a0\u2013 prirodzen\u00e1 l\u00e1tka telu vlastn\u00e1, ktor\u00e1 spolupracuje s retinolom a podporuje tvorbu kyseliny hyalur\u00f3novej.<\/p>\n<\/li>\n<\/ul>\n<hr data-start=\"3414\" data-end=\"3417\" \/>\n<h3 data-start=\"3419\" data-end=\"3444\"><strong data-start=\"3423\" data-end=\"3444\">VEDA ZA PRODUKTOM<\/strong><\/h3>\n<p data-start=\"3446\" data-end=\"3877\"><strong data-start=\"3446\" data-end=\"3467\">Hydr8 B5 Intense:<\/strong><br data-start=\"3467\" data-end=\"3470\" \/>Na rozdiel od be\u017en\u00fdch hyalur\u00f3nov\u00fdch s\u00e9r obsahuje viac\u00farov\u0148ov\u00fa kyselinu hyalur\u00f3nov\u00fa, panthenol a prirodzen\u00e9 hydrata\u010dn\u00e9 faktory, ktor\u00e9 zais\u0165uj\u00fa okam\u017eit\u00fa aj dlhodob\u00fa hydrat\u00e1ciu.<br data-start=\"3644\" data-end=\"3647\" \/>NMFs okam\u017eite via\u017eu vlhkos\u0165 a z\u00e1rove\u0148 pom\u00e1haj\u00fa poko\u017eke udr\u017eiava\u0165 vlastn\u00e9 z\u00e1soby kyseliny hyalur\u00f3novej. Saskatoon Berry chr\u00e1ni pred vo\u013en\u00fdmi radik\u00e1lmi a spoma\u013euje rozklad hyalur\u00f3novej kyseliny, tak\u017ee ple\u0165 zost\u00e1va pln\u00e1 a mladistv\u00e1.<\/p>\n<p data-start=\"3879\" data-end=\"4242\"><strong data-start=\"3879\" data-end=\"3906\">Advanced Night Restore:<\/strong><br data-start=\"3906\" data-end=\"3909\" \/>Ide\u00e1lny kr\u00e9m pre no\u010dn\u00fa obnovu pleti. Ceramidy \u2013 prirodzen\u00e9 tukov\u00e9 l\u00e1tky v ochrannej bari\u00e9re poko\u017eky \u2013 zabra\u0148uj\u00fa strate vlhkosti a chr\u00e1nia ple\u0165 pred vonkaj\u0161\u00edmi vplyvmi.<br data-start=\"4076\" data-end=\"4079\" \/>N\u00e1\u0161 v\u00fdskum preuk\u00e1zal, \u017ee kombin\u00e1cia ceramidov 1 a 3, fytosterolu a mastn\u00fdch kysel\u00edn v pomere\u00a0<strong data-start=\"4172\" data-end=\"4183\">3:1:1:1<\/strong>\u00a0ur\u00fdch\u013euje obnovu ko\u017enej bari\u00e9ry a zlep\u0161uje jej odolnos\u0165.<\/p>\n<hr data-start=\"4244\" data-end=\"4247\" \/>\n<h3 data-start=\"4249\" data-end=\"4274\"><strong data-start=\"4253\" data-end=\"4274\">\u010eAL\u0160IE INFORM\u00c1CIE<\/strong><\/h3>\n<ul data-start=\"4275\" data-end=\"4376\" data-is-last-node=\"\" data-is-only-node=\"\">\n<li data-start=\"4275\" data-end=\"4303\">\n<p data-start=\"4277\" data-end=\"4303\">Dermatologicky testovan\u00e9<\/p>\n<\/li>\n<li data-start=\"4304\" data-end=\"4333\">\n<p data-start=\"4306\" data-end=\"4333\">Klinicky overen\u00e9 zlo\u017eenie<\/p>\n<\/li>\n<li data-start=\"4334\" data-end=\"4361\">\n<p data-start=\"4336\" data-end=\"4361\">Bez syntetick\u00fdch farb\u00edv<\/p>\n<\/li>\n<li data-start=\"4362\" data-end=\"4376\" data-is-last-node=\"\">\n<p data-start=\"4364\" data-end=\"4376\" data-is-last-node=\"\">Bez alkoholu<\/p>\n<\/li>\n<\/ul>\n<\/div>\n<\/div>\n<\/div>\n<\/div>\n<\/div>","protected":false},"excerpt":{"rendered":"<p class=\"f-product__subheading lh-r f-w400\">Duo pre vyhladenie a hydrat\u00e1ciu<\/p>","protected":false},"featured_media":2488,"comment_status":"closed","ping_status":"closed","template":"","meta":{"_acf_changed":false},"product_brand":[77],"product_cat":[75,26],"product_tag":[],"class_list":{"0":"post-2487","1":"product","2":"type-product","3":"status-publish","4":"has-post-thumbnail","6":"product_brand-medik8","7":"product_cat-kremy-a-sera","8":"product_cat-skincare-produkty","10":"first","11":"instock","12":"taxable","13":"shipping-taxable","14":"purchasable","15":"product-type-simple"},"acf":[],"yoast_head":"<!-- This site is optimized with the Yoast SEO plugin v27.5 - https:\/\/yoast.com\/product\/yoast-seo-wordpress\/ -->\n<title>Medik8 FIRM FAVOURITES - Beauty pr\u00edstroje<\/title>\n<meta name=\"description\" content=\"Medik8 FIRM FAVOURITES - Doprajte svojej pleti maxim\u00e1lnu d\u00e1vku hydrat\u00e1cie s t\u00fdmto v\u00fd\u017eivn\u00fdm duom, ktor\u00e9 ju vidite\u013ene vypne a rozjasn\u00ed.\" \/>\n<meta name=\"robots\" content=\"index, follow, max-snippet:-1, max-image-preview:large, max-video-preview:-1\" \/>\n<link rel=\"canonical\" href=\"https:\/\/www.beautypristroje.sk\/en\/product\/medik8-firm-favourites\/\" \/>\n<meta property=\"og:locale\" content=\"en_GB\" \/>\n<meta property=\"og:type\" content=\"article\" \/>\n<meta property=\"og:title\" content=\"Medik8 FIRM FAVOURITES - Beauty pr\u00edstroje\" \/>\n<meta property=\"og:description\" content=\"Medik8 FIRM FAVOURITES - Doprajte svojej pleti maxim\u00e1lnu d\u00e1vku hydrat\u00e1cie s t\u00fdmto v\u00fd\u017eivn\u00fdm duom, ktor\u00e9 ju vidite\u013ene vypne a rozjasn\u00ed.\" \/>\n<meta property=\"og:url\" content=\"https:\/\/www.beautypristroje.sk\/en\/product\/medik8-firm-favourites\/\" \/>\n<meta property=\"og:site_name\" content=\"Beauty pr\u00edstroje\" \/>\n<meta property=\"article:modified_time\" content=\"2025-12-10T08:52:47+00:00\" \/>\n<meta property=\"og:image\" content=\"https:\/\/www.beautypristroje.sk\/wp-content\/uploads\/2025\/11\/20250717_-_Festive_2025_-_PDP_Assets_-_Firm_Favourites_-_Asset_1_-_ROW_-_For_Web.webp\" \/>\n\t<meta property=\"og:image:width\" content=\"1024\" \/>\n\t<meta property=\"og:image:height\" content=\"1024\" \/>\n\t<meta property=\"og:image:type\" content=\"image\/webp\" \/>\n<meta name=\"twitter:card\" content=\"summary_large_image\" \/>\n<meta name=\"twitter:label1\" content=\"Estimated reading time\" \/>\n\t<meta name=\"twitter:data1\" content=\"4 minutes\" \/>\n<script type=\"application\/ld+json\" class=\"yoast-schema-graph\">{\"@context\":\"https:\\\/\\\/schema.org\",\"@graph\":[{\"@type\":\"WebPage\",\"@id\":\"https:\\\/\\\/www.beautypristroje.sk\\\/produkt\\\/medik8-firm-favourites\\\/\",\"url\":\"https:\\\/\\\/www.beautypristroje.sk\\\/produkt\\\/medik8-firm-favourites\\\/\",\"name\":\"Medik8 FIRM FAVOURITES - Beauty pr\u00edstroje\",\"isPartOf\":{\"@id\":\"https:\\\/\\\/www.beautypristroje.sk\\\/#website\"},\"primaryImageOfPage\":{\"@id\":\"https:\\\/\\\/www.beautypristroje.sk\\\/produkt\\\/medik8-firm-favourites\\\/#primaryimage\"},\"image\":{\"@id\":\"https:\\\/\\\/www.beautypristroje.sk\\\/produkt\\\/medik8-firm-favourites\\\/#primaryimage\"},\"thumbnailUrl\":\"https:\\\/\\\/www.beautypristroje.sk\\\/wp-content\\\/uploads\\\/2025\\\/11\\\/20250717_-_Festive_2025_-_PDP_Assets_-_Firm_Favourites_-_Asset_1_-_ROW_-_For_Web.webp\",\"datePublished\":\"2025-11-13T07:41:18+00:00\",\"dateModified\":\"2025-12-10T08:52:47+00:00\",\"description\":\"Medik8 FIRM FAVOURITES - Doprajte svojej pleti maxim\u00e1lnu d\u00e1vku hydrat\u00e1cie s t\u00fdmto v\u00fd\u017eivn\u00fdm duom, ktor\u00e9 ju vidite\u013ene vypne a rozjasn\u00ed.\",\"breadcrumb\":{\"@id\":\"https:\\\/\\\/www.beautypristroje.sk\\\/produkt\\\/medik8-firm-favourites\\\/#breadcrumb\"},\"inLanguage\":\"en-GB\",\"potentialAction\":[{\"@type\":\"ReadAction\",\"target\":[\"https:\\\/\\\/www.beautypristroje.sk\\\/produkt\\\/medik8-firm-favourites\\\/\"]}]},{\"@type\":\"ImageObject\",\"inLanguage\":\"en-GB\",\"@id\":\"https:\\\/\\\/www.beautypristroje.sk\\\/produkt\\\/medik8-firm-favourites\\\/#primaryimage\",\"url\":\"https:\\\/\\\/www.beautypristroje.sk\\\/wp-content\\\/uploads\\\/2025\\\/11\\\/20250717_-_Festive_2025_-_PDP_Assets_-_Firm_Favourites_-_Asset_1_-_ROW_-_For_Web.webp\",\"contentUrl\":\"https:\\\/\\\/www.beautypristroje.sk\\\/wp-content\\\/uploads\\\/2025\\\/11\\\/20250717_-_Festive_2025_-_PDP_Assets_-_Firm_Favourites_-_Asset_1_-_ROW_-_For_Web.webp\",\"width\":1024,\"height\":1024,\"caption\":\"Medik8 FIRM FAVOURITES, luxuryesthetic, beautypristroje\"},{\"@type\":\"BreadcrumbList\",\"@id\":\"https:\\\/\\\/www.beautypristroje.sk\\\/produkt\\\/medik8-firm-favourites\\\/#breadcrumb\",\"itemListElement\":[{\"@type\":\"ListItem\",\"position\":1,\"name\":\"Domovsk\u00e1 str\u00e1nka\",\"item\":\"https:\\\/\\\/www.beautypristroje.sk\\\/\"},{\"@type\":\"ListItem\",\"position\":2,\"name\":\"Obchod\",\"item\":\"https:\\\/\\\/www.beautypristroje.sk\\\/obchod\\\/\"},{\"@type\":\"ListItem\",\"position\":3,\"name\":\"Medik8 FIRM FAVOURITES\"}]},{\"@type\":\"WebSite\",\"@id\":\"https:\\\/\\\/www.beautypristroje.sk\\\/#website\",\"url\":\"https:\\\/\\\/www.beautypristroje.sk\\\/\",\"name\":\"Beauty pr\u00edstroje\",\"description\":\"Profesion\u00e1lne kozmetick\u00e9 pr\u00edstroje pre sal\u00f3ny a kliniky\",\"potentialAction\":[{\"@type\":\"SearchAction\",\"target\":{\"@type\":\"EntryPoint\",\"urlTemplate\":\"https:\\\/\\\/www.beautypristroje.sk\\\/?s={search_term_string}\"},\"query-input\":{\"@type\":\"PropertyValueSpecification\",\"valueRequired\":true,\"valueName\":\"search_term_string\"}}],\"inLanguage\":\"en-GB\"}]}<\/script>\n<!-- \/ Yoast SEO plugin. -->","yoast_head_json":{"title":"Medik8 FIRM FAVOURITES - Beauty pr\u00edstroje","description":"Medik8 FIRM FAVOURITES - Doprajte svojej pleti maxim\u00e1lnu d\u00e1vku hydrat\u00e1cie s t\u00fdmto v\u00fd\u017eivn\u00fdm duom, ktor\u00e9 ju vidite\u013ene vypne a rozjasn\u00ed.","robots":{"index":"index","follow":"follow","max-snippet":"max-snippet:-1","max-image-preview":"max-image-preview:large","max-video-preview":"max-video-preview:-1"},"canonical":"https:\/\/www.beautypristroje.sk\/en\/product\/medik8-firm-favourites\/","og_locale":"en_GB","og_type":"article","og_title":"Medik8 FIRM FAVOURITES - Beauty pr\u00edstroje","og_description":"Medik8 FIRM FAVOURITES - Doprajte svojej pleti maxim\u00e1lnu d\u00e1vku hydrat\u00e1cie s t\u00fdmto v\u00fd\u017eivn\u00fdm duom, ktor\u00e9 ju vidite\u013ene vypne a rozjasn\u00ed.","og_url":"https:\/\/www.beautypristroje.sk\/en\/product\/medik8-firm-favourites\/","og_site_name":"Beauty pr\u00edstroje","article_modified_time":"2025-12-10T08:52:47+00:00","og_image":[{"width":1024,"height":1024,"url":"https:\/\/www.beautypristroje.sk\/wp-content\/uploads\/2025\/11\/20250717_-_Festive_2025_-_PDP_Assets_-_Firm_Favourites_-_Asset_1_-_ROW_-_For_Web.webp","type":"image\/webp"}],"twitter_card":"summary_large_image","twitter_misc":{"Estimated reading time":"4 minutes"},"schema":{"@context":"https:\/\/schema.org","@graph":[{"@type":"WebPage","@id":"https:\/\/www.beautypristroje.sk\/produkt\/medik8-firm-favourites\/","url":"https:\/\/www.beautypristroje.sk\/produkt\/medik8-firm-favourites\/","name":"Medik8 FIRM FAVOURITES - Beauty pr\u00edstroje","isPartOf":{"@id":"https:\/\/www.beautypristroje.sk\/#website"},"primaryImageOfPage":{"@id":"https:\/\/www.beautypristroje.sk\/produkt\/medik8-firm-favourites\/#primaryimage"},"image":{"@id":"https:\/\/www.beautypristroje.sk\/produkt\/medik8-firm-favourites\/#primaryimage"},"thumbnailUrl":"https:\/\/www.beautypristroje.sk\/wp-content\/uploads\/2025\/11\/20250717_-_Festive_2025_-_PDP_Assets_-_Firm_Favourites_-_Asset_1_-_ROW_-_For_Web.webp","datePublished":"2025-11-13T07:41:18+00:00","dateModified":"2025-12-10T08:52:47+00:00","description":"Medik8 FIRM FAVOURITES - Doprajte svojej pleti maxim\u00e1lnu d\u00e1vku hydrat\u00e1cie s t\u00fdmto v\u00fd\u017eivn\u00fdm duom, ktor\u00e9 ju vidite\u013ene vypne a rozjasn\u00ed.","breadcrumb":{"@id":"https:\/\/www.beautypristroje.sk\/produkt\/medik8-firm-favourites\/#breadcrumb"},"inLanguage":"en-GB","potentialAction":[{"@type":"ReadAction","target":["https:\/\/www.beautypristroje.sk\/produkt\/medik8-firm-favourites\/"]}]},{"@type":"ImageObject","inLanguage":"en-GB","@id":"https:\/\/www.beautypristroje.sk\/produkt\/medik8-firm-favourites\/#primaryimage","url":"https:\/\/www.beautypristroje.sk\/wp-content\/uploads\/2025\/11\/20250717_-_Festive_2025_-_PDP_Assets_-_Firm_Favourites_-_Asset_1_-_ROW_-_For_Web.webp","contentUrl":"https:\/\/www.beautypristroje.sk\/wp-content\/uploads\/2025\/11\/20250717_-_Festive_2025_-_PDP_Assets_-_Firm_Favourites_-_Asset_1_-_ROW_-_For_Web.webp","width":1024,"height":1024,"caption":"Medik8 FIRM FAVOURITES, luxuryesthetic, beautypristroje"},{"@type":"BreadcrumbList","@id":"https:\/\/www.beautypristroje.sk\/produkt\/medik8-firm-favourites\/#breadcrumb","itemListElement":[{"@type":"ListItem","position":1,"name":"Domovsk\u00e1 str\u00e1nka","item":"https:\/\/www.beautypristroje.sk\/"},{"@type":"ListItem","position":2,"name":"Obchod","item":"https:\/\/www.beautypristroje.sk\/obchod\/"},{"@type":"ListItem","position":3,"name":"Medik8 FIRM FAVOURITES"}]},{"@type":"WebSite","@id":"https:\/\/www.beautypristroje.sk\/#website","url":"https:\/\/www.beautypristroje.sk\/","name":"Beauty pr\u00edstroje","description":"Profesion\u00e1lne kozmetick\u00e9 pr\u00edstroje pre sal\u00f3ny a kliniky","potentialAction":[{"@type":"SearchAction","target":{"@type":"EntryPoint","urlTemplate":"https:\/\/www.beautypristroje.sk\/?s={search_term_string}"},"query-input":{"@type":"PropertyValueSpecification","valueRequired":true,"valueName":"search_term_string"}}],"inLanguage":"en-GB"}]}},"_links":{"self":[{"href":"https:\/\/www.beautypristroje.sk\/en\/wp-json\/wp\/v2\/product\/2487","targetHints":{"allow":["GET"]}}],"collection":[{"href":"https:\/\/www.beautypristroje.sk\/en\/wp-json\/wp\/v2\/product"}],"about":[{"href":"https:\/\/www.beautypristroje.sk\/en\/wp-json\/wp\/v2\/types\/product"}],"replies":[{"embeddable":true,"href":"https:\/\/www.beautypristroje.sk\/en\/wp-json\/wp\/v2\/comments?post=2487"}],"wp:featuredmedia":[{"embeddable":true,"href":"https:\/\/www.beautypristroje.sk\/en\/wp-json\/wp\/v2\/media\/2488"}],"wp:attachment":[{"href":"https:\/\/www.beautypristroje.sk\/en\/wp-json\/wp\/v2\/media?parent=2487"}],"wp:term":[{"taxonomy":"product_brand","embeddable":true,"href":"https:\/\/www.beautypristroje.sk\/en\/wp-json\/wp\/v2\/product_brand?post=2487"},{"taxonomy":"product_cat","embeddable":true,"href":"https:\/\/www.beautypristroje.sk\/en\/wp-json\/wp\/v2\/product_cat?post=2487"},{"taxonomy":"product_tag","embeddable":true,"href":"https:\/\/www.beautypristroje.sk\/en\/wp-json\/wp\/v2\/product_tag?post=2487"}],"curies":[{"name":"wp","href":"https:\/\/api.w.org\/{rel}","templated":true}]}}