{"id":247,"date":"2025-01-10T12:26:48","date_gmt":"2025-01-10T11:26:48","guid":{"rendered":"https:\/\/www.beautypristroje.sk\/?post_type=product&#038;p=247"},"modified":"2026-02-23T11:26:58","modified_gmt":"2026-02-23T10:26:58","slug":"luxury-mfu-10d-glamour","status":"publish","type":"product","link":"https:\/\/www.beautypristroje.sk\/en\/product\/luxury-mfu-10d-glamour\/","title":{"rendered":"Luxury MFU 10D  Glamour"},"content":{"rendered":"<p>Najlep\u0161ia kombin\u00e1cia s technol\u00f3giou MFU a SD. Pokro\u010dil\u00e9 nechirurgick\u00e9 zariadenie, ktor\u00e9 nap\u00edna a omladzuje poko\u017eku, zni\u017euje v\u00fdskyt vr\u00e1sok a podporuje mladistvej\u0161iu a pevnej\u0161iu ple\u0165.<\/p>\n<h3><u>HLAVN\u00c9 V\u00ddHODY<\/u><\/h3>\n<ol>\n<li><strong>H\u0139BKOV\u00dd ANTI AGING &#8211; <\/strong>obsahuje dva typy nadstavcov, ktor\u00e9 prenikn\u00fa a\u017e do 6 vrstiev aby zastavili\u00a0 starnutie vo v\u0161etk\u00fdch 3 vrstv\u00e1ch poko\u017eky.<\/li>\n<li><strong>VYSOK\u00dd KOMFORT- <\/strong>o\u0161etrenie pomocou technol\u00f3gie &#8222;mikrofokusovan\u00e9ho ultrazvuku&#8220; je jemn\u00e9, pohodln\u00e9, bezpe\u010dn\u00e9 a vysoko \u00fa\u010dinn\u00e9.<\/li>\n<li><strong>DLHOTRVAJ\u00daCI \u00da\u010cINOK- <\/strong>vynikaj\u00face v\u00fdsledky mo\u017eno dosiahnu\u0165 u\u017e <strong>po jednom o\u0161etren\u00ed<\/strong> a m\u00f4\u017ee pretrv\u00e1va\u0165<strong> a\u017e 3 roky<\/strong><\/li>\n<\/ol>\n<p>Maximalizujte klinick\u00e9 v\u00fdsledky, minimalizujte boles\u0165 a opuch pri o\u0161etren\u00ed.<\/p>\n<p><strong>Dvojit\u00fd liftingov\u00fd \u00fa\u010dinok<\/strong> s SD technol\u00f3giou.<\/p>\n<h3><u>DOKONALE BEZPE\u010cN\u00dd<\/u><\/h3>\n<p><strong>\u00a0<\/strong><strong>FL SN\u00cdMA\u010c KONTAKTU-<\/strong>v\u010faka sn\u00edma\u010du prestane hlavica pracova\u0165 v pr\u00edpade ak sa nedot\u00fdka poko\u017eky<\/p>\n<p><strong>FL SN\u00cdMA\u010c POHYBU-<\/strong>zabra\u0148uje prech\u00e1dzaniu po tom istom mieste<\/p>\n<p><strong>SD GYRO SN\u00cdMA\u010c- <\/strong>zabra\u0148uje po sebe id\u00facim impulzom na jednom mieste<\/p>\n<h3><strong><u>BENEFITY<\/u><\/strong><\/h3>\n<ol>\n<li>Zaru\u010duje maxim\u00e1lny \u00fa\u010dinok. Synergia MFU garantuje lep\u0161ie v\u00fdsledky.<\/li>\n<li>V\u010faka novej technol\u00f3gii MFU a viacer\u00fdm hlaviciam m\u00f4\u017eete zv\u00fd\u0161i\u0165 svoje zisky.<\/li>\n<li>V\u010faka \u0161peci\u00e1lnym telov\u00fdm hlaviciam je mo\u017en\u00e9 pr\u00edstroj pou\u017ei\u0165 aj na telo.<\/li>\n<li>O\u0161etrenie je ove\u013ea r\u00fdchlej\u0161ie v\u010faka \u017eiadnemu m\u0155tvemu bodu pri pr\u00e1ci s hlavicou.<\/li>\n<\/ol>\n<h3><strong>MFU VS HIFU<\/strong><\/h3>\n<p><strong>MFU (Mikrofokusovan\u00fd ultrazvuk) <\/strong>pon\u00faka presn\u00fd a s\u00fastredeny pr\u00edstup, ktor\u00fd obmedzuje dopad na cie\u013eov\u00fa oblas\u0165. Zatia\u013e \u010do<strong> HIFU pokr\u00fdva \u0161ir\u0161iu oblas\u0165, ale m\u00e1 potenci\u00e1l ovplyvni\u0165 susedn\u00e9 tkaniv\u00e1.<\/strong><\/p>\n<p><strong><u>10 DRUHOV NADSTAVCOV<\/u><\/strong><\/p>\n<p><strong>\u00a0<\/strong>O\u0161etrenie novou HIFU 10D COOL GLAMOR sa vykon\u00e1va na mieru v z\u00e1vislosti od typu poko\u017eky, o\u0161etrovanej oblasti a h\u013abky prepojenia dermy s podko\u017enou tukovou vrstvou.<\/p>\n<h5><strong><u>FL 6 TYPOV NADSTAVCOV<\/u><\/strong><strong>\u00a0 TV\u00c1R \/ TELO <\/strong><\/h5>\n<p><strong>\u00a0<\/strong>R\u00f4zne nadstavce s r\u00f4znou h\u013abkou, ktor\u00e9 sp\u013a\u0148aj\u00fa individu\u00e1lne potreby o\u0161etrenia v z\u00e1vislosti od typu poko\u017eky, o\u0161etrovanej oblasti a h\u013abky od dermy po podko\u017en\u00fa tukov\u00fa vrstvu.<\/p>\n<h5><strong style=\"letter-spacing: 0em;\">\u00a0<\/strong><strong><u>SD 4 TYPY NADSTAVCOV<\/u><\/strong><\/h5>\n<p>Za\u010dlenen\u00edm o\u0161etrenia pomocou SD po line\u00e1rnej proced\u00fare m\u00f4\u017eete dosiahnu\u0165 <strong>dvojit\u00fd liftingov\u00fd efekt<\/strong>. Tenk\u00e9 a \u013eahk\u00e9 nadstavce s nastavite\u013enou h\u013abkou prieniku sa zameriavaj\u00fa na \u0161pecifick\u00e9, \u0165a\u017eko dostupn\u00e9 a \u00fazke oblasti. V\u00fdsledkom je <strong>jemnej\u0161ie a presnej\u0161ie o\u0161etrenie<\/strong>, ktor\u00fdm dosiahnete lep\u0161ie v\u00fdsledky.<\/p>\n<p>\ud83d\udc8eInteligentn\u00fd a intuit\u00edvny dizajn rozhrania je ve\u013ek\u00fdm pr\u00ednosom pre lek\u00e1rov, ktor\u00ed m\u00f4\u017eu vykon\u00e1va\u0165&#8216; lie\u010dbu bez n\u00e1mahy a efekt\u00edvne.<\/p>\n<p>\ud83d\udc8ePri v\u00fdmene kaziet r\u00f4znych h\u013abok sa pou\u017e\u00edvate\u013esk\u00e9 rozhranie dok\u00e1\u017ee prisp\u00f4sobi\u0165&#8216; a poskytn\u00fa\u0165&#8216; referen\u010dn\u00e9 parametre na z\u00e1klade 70 000 klinick\u00fdch \u00fadajov.<\/p>\n<p>\ud83d\udc8ePatentovan\u00fd oddelen\u00fd dizajn pou\u017e\u00edvate\u013esk\u00e9ho rozhrania pravej a \u013eavej tv\u00e1re je \u0161ikovn\u00fdm rie\u0161en\u00edm, ktor\u00e9 pom\u00e1ha pou\u017e\u00edvate\u013eom po\u010d\u00edta\u0165&#8216; strely paralelne, \u010d\u00edm zabezpe\u010duje presnost&#8216; a efektivitu pri po\u010d\u00edtan\u00ed na oboch stran\u00e1ch.<\/p>\n<h3>S\u00falad s MDR<\/h3>\n<p>Pr\u00edstroj nie je zdravotn\u00edcka pom\u00f4cka, je ur\u010den\u00fd pre kozmetick\u00e9 a estetick\u00e9 \u00fa\u010dely a sp\u013a\u0148a po\u017eiadavky E\u00da pre kozmetick\u00e9 estetick\u00e9 zariadenia \u2013 CE, bezpe\u010dnostn\u00e9 normy, technick\u00e9 limity.<\/p>","protected":false},"excerpt":{"rendered":"<p><strong>Aby sa s Va\u0161ou tv\u00e1rou a telom dialo k\u00fazlo.<\/strong><\/p>\n<p>\ud83d\udc8e<strong><em>JEDIN\u00c1 MFU S FDA CERTIFIK\u00c1TOM!<\/em><\/strong>\ud83d\udc8e<\/p>\n<p>&nbsp;<\/p>","protected":false},"featured_media":249,"comment_status":"open","ping_status":"closed","template":"","meta":{"_acf_changed":false},"product_brand":[],"product_cat":[15,20,19],"product_tag":[],"class_list":{"0":"post-247","1":"product","2":"type-product","3":"status-publish","4":"has-post-thumbnail","6":"product_cat-beauty-technologie","7":"product_cat-body-treatments","8":"product_cat-tvar","10":"first","11":"instock","12":"taxable","13":"shipping-taxable","14":"purchasable","15":"product-type-simple"},"acf":[],"yoast_head":"<!-- This site is optimized with the Yoast SEO plugin v27.5 - https:\/\/yoast.com\/product\/yoast-seo-wordpress\/ -->\n<title>Luxury MFU 10D Glamour - Beauty pr\u00edstroje<\/title>\n<meta name=\"description\" content=\"MFU 10D Glamour poskytuje nechirurgick\u00fd lifting a omladenie poko\u017eky tv\u00e1re a tela, zni\u017euje vr\u00e1sky a zlep\u0161uje pevnos\u0165 pleti s dlhodob\u00fdmi v\u00fdsledkami.\" \/>\n<meta name=\"robots\" content=\"index, follow, max-snippet:-1, max-image-preview:large, max-video-preview:-1\" \/>\n<link rel=\"canonical\" href=\"https:\/\/www.beautypristroje.sk\/en\/product\/luxury-mfu-10d-glamour\/\" \/>\n<meta property=\"og:locale\" content=\"en_GB\" \/>\n<meta property=\"og:type\" content=\"article\" \/>\n<meta property=\"og:title\" content=\"Luxury MFU 10D Glamour - Beauty pr\u00edstroje\" \/>\n<meta property=\"og:description\" content=\"MFU 10D Glamour poskytuje nechirurgick\u00fd lifting a omladenie poko\u017eky tv\u00e1re a tela, zni\u017euje vr\u00e1sky a zlep\u0161uje pevnos\u0165 pleti s dlhodob\u00fdmi v\u00fdsledkami.\" \/>\n<meta property=\"og:url\" content=\"https:\/\/www.beautypristroje.sk\/en\/product\/luxury-mfu-10d-glamour\/\" \/>\n<meta property=\"og:site_name\" content=\"Beauty pr\u00edstroje\" \/>\n<meta property=\"article:modified_time\" content=\"2026-02-23T10:26:58+00:00\" \/>\n<meta property=\"og:image\" content=\"https:\/\/www.beautypristroje.sk\/wp-content\/uploads\/2025\/01\/10D_Hifu-1.jpeg\" \/>\n\t<meta property=\"og:image:width\" content=\"1249\" \/>\n\t<meta property=\"og:image:height\" content=\"1927\" \/>\n\t<meta property=\"og:image:type\" content=\"image\/jpeg\" \/>\n<meta name=\"twitter:card\" content=\"summary_large_image\" \/>\n<meta name=\"twitter:label1\" content=\"Estimated reading time\" \/>\n\t<meta name=\"twitter:data1\" content=\"3 minutes\" \/>\n<script type=\"application\/ld+json\" class=\"yoast-schema-graph\">{\"@context\":\"https:\\\/\\\/schema.org\",\"@graph\":[{\"@type\":\"WebPage\",\"@id\":\"https:\\\/\\\/www.beautypristroje.sk\\\/produkt\\\/luxury-mfu-10d-glamour\\\/\",\"url\":\"https:\\\/\\\/www.beautypristroje.sk\\\/produkt\\\/luxury-mfu-10d-glamour\\\/\",\"name\":\"Luxury MFU 10D Glamour - Beauty pr\u00edstroje\",\"isPartOf\":{\"@id\":\"https:\\\/\\\/www.beautypristroje.sk\\\/#website\"},\"primaryImageOfPage\":{\"@id\":\"https:\\\/\\\/www.beautypristroje.sk\\\/produkt\\\/luxury-mfu-10d-glamour\\\/#primaryimage\"},\"image\":{\"@id\":\"https:\\\/\\\/www.beautypristroje.sk\\\/produkt\\\/luxury-mfu-10d-glamour\\\/#primaryimage\"},\"thumbnailUrl\":\"https:\\\/\\\/www.beautypristroje.sk\\\/wp-content\\\/uploads\\\/2025\\\/01\\\/10D_Hifu-1.jpeg\",\"datePublished\":\"2025-01-10T11:26:48+00:00\",\"dateModified\":\"2026-02-23T10:26:58+00:00\",\"description\":\"MFU 10D Glamour poskytuje nechirurgick\u00fd lifting a omladenie poko\u017eky tv\u00e1re a tela, zni\u017euje vr\u00e1sky a zlep\u0161uje pevnos\u0165 pleti s dlhodob\u00fdmi v\u00fdsledkami.\",\"breadcrumb\":{\"@id\":\"https:\\\/\\\/www.beautypristroje.sk\\\/produkt\\\/luxury-mfu-10d-glamour\\\/#breadcrumb\"},\"inLanguage\":\"en-GB\",\"potentialAction\":[{\"@type\":\"ReadAction\",\"target\":[\"https:\\\/\\\/www.beautypristroje.sk\\\/produkt\\\/luxury-mfu-10d-glamour\\\/\"]}]},{\"@type\":\"ImageObject\",\"inLanguage\":\"en-GB\",\"@id\":\"https:\\\/\\\/www.beautypristroje.sk\\\/produkt\\\/luxury-mfu-10d-glamour\\\/#primaryimage\",\"url\":\"https:\\\/\\\/www.beautypristroje.sk\\\/wp-content\\\/uploads\\\/2025\\\/01\\\/10D_Hifu-1.jpeg\",\"contentUrl\":\"https:\\\/\\\/www.beautypristroje.sk\\\/wp-content\\\/uploads\\\/2025\\\/01\\\/10D_Hifu-1.jpeg\",\"width\":1249,\"height\":1927,\"caption\":\"Luxury MFU 10D Glamour pr\u00edstroj pre nechirurgick\u00fd lifting a omladenie tv\u00e1re a tela s mikrofokusovan\u00fdm ultrazvukom a SD technol\u00f3giou\"},{\"@type\":\"BreadcrumbList\",\"@id\":\"https:\\\/\\\/www.beautypristroje.sk\\\/produkt\\\/luxury-mfu-10d-glamour\\\/#breadcrumb\",\"itemListElement\":[{\"@type\":\"ListItem\",\"position\":1,\"name\":\"Domovsk\u00e1 str\u00e1nka\",\"item\":\"https:\\\/\\\/www.beautypristroje.sk\\\/\"},{\"@type\":\"ListItem\",\"position\":2,\"name\":\"Obchod\",\"item\":\"https:\\\/\\\/www.beautypristroje.sk\\\/obchod\\\/\"},{\"@type\":\"ListItem\",\"position\":3,\"name\":\"Luxury MFU 10D Glamour\"}]},{\"@type\":\"WebSite\",\"@id\":\"https:\\\/\\\/www.beautypristroje.sk\\\/#website\",\"url\":\"https:\\\/\\\/www.beautypristroje.sk\\\/\",\"name\":\"Beauty pr\u00edstroje\",\"description\":\"Profesion\u00e1lne kozmetick\u00e9 pr\u00edstroje pre sal\u00f3ny a kliniky\",\"potentialAction\":[{\"@type\":\"SearchAction\",\"target\":{\"@type\":\"EntryPoint\",\"urlTemplate\":\"https:\\\/\\\/www.beautypristroje.sk\\\/?s={search_term_string}\"},\"query-input\":{\"@type\":\"PropertyValueSpecification\",\"valueRequired\":true,\"valueName\":\"search_term_string\"}}],\"inLanguage\":\"en-GB\"}]}<\/script>\n<!-- \/ Yoast SEO plugin. -->","yoast_head_json":{"title":"Luxury MFU 10D Glamour - Beauty pr\u00edstroje","description":"MFU 10D Glamour poskytuje nechirurgick\u00fd lifting a omladenie poko\u017eky tv\u00e1re a tela, zni\u017euje vr\u00e1sky a zlep\u0161uje pevnos\u0165 pleti s dlhodob\u00fdmi v\u00fdsledkami.","robots":{"index":"index","follow":"follow","max-snippet":"max-snippet:-1","max-image-preview":"max-image-preview:large","max-video-preview":"max-video-preview:-1"},"canonical":"https:\/\/www.beautypristroje.sk\/en\/product\/luxury-mfu-10d-glamour\/","og_locale":"en_GB","og_type":"article","og_title":"Luxury MFU 10D Glamour - Beauty pr\u00edstroje","og_description":"MFU 10D Glamour poskytuje nechirurgick\u00fd lifting a omladenie poko\u017eky tv\u00e1re a tela, zni\u017euje vr\u00e1sky a zlep\u0161uje pevnos\u0165 pleti s dlhodob\u00fdmi v\u00fdsledkami.","og_url":"https:\/\/www.beautypristroje.sk\/en\/product\/luxury-mfu-10d-glamour\/","og_site_name":"Beauty pr\u00edstroje","article_modified_time":"2026-02-23T10:26:58+00:00","og_image":[{"width":1249,"height":1927,"url":"https:\/\/www.beautypristroje.sk\/wp-content\/uploads\/2025\/01\/10D_Hifu-1.jpeg","type":"image\/jpeg"}],"twitter_card":"summary_large_image","twitter_misc":{"Estimated reading time":"3 minutes"},"schema":{"@context":"https:\/\/schema.org","@graph":[{"@type":"WebPage","@id":"https:\/\/www.beautypristroje.sk\/produkt\/luxury-mfu-10d-glamour\/","url":"https:\/\/www.beautypristroje.sk\/produkt\/luxury-mfu-10d-glamour\/","name":"Luxury MFU 10D Glamour - Beauty pr\u00edstroje","isPartOf":{"@id":"https:\/\/www.beautypristroje.sk\/#website"},"primaryImageOfPage":{"@id":"https:\/\/www.beautypristroje.sk\/produkt\/luxury-mfu-10d-glamour\/#primaryimage"},"image":{"@id":"https:\/\/www.beautypristroje.sk\/produkt\/luxury-mfu-10d-glamour\/#primaryimage"},"thumbnailUrl":"https:\/\/www.beautypristroje.sk\/wp-content\/uploads\/2025\/01\/10D_Hifu-1.jpeg","datePublished":"2025-01-10T11:26:48+00:00","dateModified":"2026-02-23T10:26:58+00:00","description":"MFU 10D Glamour poskytuje nechirurgick\u00fd lifting a omladenie poko\u017eky tv\u00e1re a tela, zni\u017euje vr\u00e1sky a zlep\u0161uje pevnos\u0165 pleti s dlhodob\u00fdmi v\u00fdsledkami.","breadcrumb":{"@id":"https:\/\/www.beautypristroje.sk\/produkt\/luxury-mfu-10d-glamour\/#breadcrumb"},"inLanguage":"en-GB","potentialAction":[{"@type":"ReadAction","target":["https:\/\/www.beautypristroje.sk\/produkt\/luxury-mfu-10d-glamour\/"]}]},{"@type":"ImageObject","inLanguage":"en-GB","@id":"https:\/\/www.beautypristroje.sk\/produkt\/luxury-mfu-10d-glamour\/#primaryimage","url":"https:\/\/www.beautypristroje.sk\/wp-content\/uploads\/2025\/01\/10D_Hifu-1.jpeg","contentUrl":"https:\/\/www.beautypristroje.sk\/wp-content\/uploads\/2025\/01\/10D_Hifu-1.jpeg","width":1249,"height":1927,"caption":"Luxury MFU 10D Glamour pr\u00edstroj pre nechirurgick\u00fd lifting a omladenie tv\u00e1re a tela s mikrofokusovan\u00fdm ultrazvukom a SD technol\u00f3giou"},{"@type":"BreadcrumbList","@id":"https:\/\/www.beautypristroje.sk\/produkt\/luxury-mfu-10d-glamour\/#breadcrumb","itemListElement":[{"@type":"ListItem","position":1,"name":"Domovsk\u00e1 str\u00e1nka","item":"https:\/\/www.beautypristroje.sk\/"},{"@type":"ListItem","position":2,"name":"Obchod","item":"https:\/\/www.beautypristroje.sk\/obchod\/"},{"@type":"ListItem","position":3,"name":"Luxury MFU 10D Glamour"}]},{"@type":"WebSite","@id":"https:\/\/www.beautypristroje.sk\/#website","url":"https:\/\/www.beautypristroje.sk\/","name":"Beauty pr\u00edstroje","description":"Profesion\u00e1lne kozmetick\u00e9 pr\u00edstroje pre sal\u00f3ny a kliniky","potentialAction":[{"@type":"SearchAction","target":{"@type":"EntryPoint","urlTemplate":"https:\/\/www.beautypristroje.sk\/?s={search_term_string}"},"query-input":{"@type":"PropertyValueSpecification","valueRequired":true,"valueName":"search_term_string"}}],"inLanguage":"en-GB"}]}},"_links":{"self":[{"href":"https:\/\/www.beautypristroje.sk\/en\/wp-json\/wp\/v2\/product\/247","targetHints":{"allow":["GET"]}}],"collection":[{"href":"https:\/\/www.beautypristroje.sk\/en\/wp-json\/wp\/v2\/product"}],"about":[{"href":"https:\/\/www.beautypristroje.sk\/en\/wp-json\/wp\/v2\/types\/product"}],"replies":[{"embeddable":true,"href":"https:\/\/www.beautypristroje.sk\/en\/wp-json\/wp\/v2\/comments?post=247"}],"wp:featuredmedia":[{"embeddable":true,"href":"https:\/\/www.beautypristroje.sk\/en\/wp-json\/wp\/v2\/media\/249"}],"wp:attachment":[{"href":"https:\/\/www.beautypristroje.sk\/en\/wp-json\/wp\/v2\/media?parent=247"}],"wp:term":[{"taxonomy":"product_brand","embeddable":true,"href":"https:\/\/www.beautypristroje.sk\/en\/wp-json\/wp\/v2\/product_brand?post=247"},{"taxonomy":"product_cat","embeddable":true,"href":"https:\/\/www.beautypristroje.sk\/en\/wp-json\/wp\/v2\/product_cat?post=247"},{"taxonomy":"product_tag","embeddable":true,"href":"https:\/\/www.beautypristroje.sk\/en\/wp-json\/wp\/v2\/product_tag?post=247"}],"curies":[{"name":"wp","href":"https:\/\/api.w.org\/{rel}","templated":true}]}}