{"id":231,"date":"2025-01-06T15:10:18","date_gmt":"2025-01-06T14:10:18","guid":{"rendered":"https:\/\/www.beautypristroje.sk\/?post_type=product&#038;p=231"},"modified":"2026-04-15T11:26:49","modified_gmt":"2026-04-15T09:26:49","slug":"v-shape-platinum","status":"publish","type":"product","link":"https:\/\/www.beautypristroje.sk\/en\/product\/v-shape-platinum\/","title":{"rendered":"V-Shape Platinum"},"content":{"rendered":"<p>V-Shape Platinum je multifunk\u010dn\u00fd pr\u00edstroj na tvarovanie postavy, redukcia tuku, zmen\u0161enie obvodu, redukciu celulit\u00eddy, vypnutie poko\u017eky, lifting tv\u00e1re a uvo\u013enenie tela.<\/p>\n<p>Unik\u00e1tna <strong>technol\u00f3gia 5v1<\/strong> s\u00a0kompresnou mikrovibr\u00e1ciou , mechanick\u00fdmi val\u010dekmi, RF, v\u00e1kuum a\u00a0infra\u010derven\u00e9 svetlo.. Rozmanit\u00e9 nadstavce r\u00f4znych ve\u013ekost\u00ed na boj proti starnutiu tv\u00e1re a\u00a0formovanie tela.<\/p>\n<p>Vyu\u017e\u00edva inovat\u00edvnu technol\u00f3giu kompresnej mikrovibr\u00e1cie na telo a vytv\u00e1ra konkr\u00e9tne o\u0161etrenie na toniz\u00e1ciu, spevnenie a\u00a0vyhladenie nedokonalost\u00ed.<\/p>\n<p>Dokonal\u00e1 kombin\u00e1cia energie infra\u010derven\u00e9ho svetla a mikrovibr\u00e1cie pomocou val\u010dekovej mas\u00e1\u017ee.<\/p>\n<ul>\n<li>Infra\u010derven\u00e9 svetlo \u2013 ohrieva tkanivo a\u017e do h\u013abky 3mm,<\/li>\n<li>Bi-pol\u00e1rna RF ohrieva tkanivo a\u017e do h\u013abky 20 mm<\/li>\n<li>V\u00e1kuum zabezpe\u010duje presn\u00e9 rozlo\u017eenie energie<\/li>\n<li>Mechanick\u00e9 val\u010deky zlep\u0161uj\u00fa lymfatick\u00fd syst\u00e9m a\u00a0vyhladzuj\u00fa celulit\u00eddu<\/li>\n<\/ul>\n<p>O\u0161etrenie V-Shape Platinum stimuluje prietok krvi, okysli\u010duje a\u00a0obnovuje bunky.<\/p>\n<p>Vlna vznikaj\u00faca pri vibr\u00e1ci\u00e1ch m\u00e1 5 terapeutick\u00fdch \u00fa\u010dinkov blahodarne p\u00f4sobiacich<\/p>\n<p>na tkanivo a\u00a0poskytuje tak komplexn\u00e9 o\u0161etrenie.<\/p>\n<p>Obnovuje norm\u00e1lny stav tkan\u00edv a lok\u00e1ly krvn\u00fd obeh.<\/p>\n<h3><strong>5 z\u00e1kladn\u00fdch \u00fa\u010dinkov<\/strong><\/h3>\n<ul>\n<li>Odstra\u0148uje boles\u0165<\/li>\n<li>Podporuje zdrav\u00e9 cievy<\/li>\n<li>Zlep\u0161uje lymfatick\u00fd syst\u00e9m<\/li>\n<li>Odstra\u0148uje celulit\u00eddu<\/li>\n<li>Zlep\u0161uje svalov\u00fd tonus<\/li>\n<\/ul>\n<h5><strong><u>Ve\u013ek\u00fd aplik\u00e1tor<\/u><\/strong><\/h5>\n<p>Technol\u00f3gia 4v1 pracuje s kombin\u00e1ciou infra\u010derven\u00e9ho svetla, bipol\u00e1rnej RF, mechanick\u00fdch val\u010dekov a\u00a0v\u00e1kua.<\/p>\n<h5><strong><u>Stredn\u00fd aplik\u00e1tor<\/u><\/strong><\/h5>\n<p>Rukov\u00e4\u0165 s dvomi vymenite\u013en\u00fdmi aplik\u00e1tormi kombinuje RF, v\u00e1kuum, infra\u010derven\u00e9 svetlo a mechanick\u00e9 val\u010deky a podporuje tvorbu kolag\u00e9nu a zvy\u0161uje elasticitu, \u010do vedie k lok\u00e1lnemu zn\u00ed\u017eeniu ochabnutosti poko\u017eky, redukcii objemu tuku a\u00a0celkov\u00e9mu lep\u0161eniu \u0161trukt\u00fary poko\u017eky.<\/p>\n<h5><strong><u>Mal\u00fd tv\u00e1rov\u00fd aplik\u00e1tor<\/u><\/strong><\/h5>\n<p>Jedna ru\u010dn\u00e1 hlavica s 3 r\u00f4znymi aplik\u00e1tormi pre jednoduch\u0161ie mo\u017enosti o\u0161etrenia na r\u00f4znych oblastiach tv\u00e1re.<\/p>\n<p><strong>Tento \u0161pi\u010dkov\u00fd pr\u00edstroj sa v\u010faka svojim vlastnostiam stane hnac\u00edm motorom V\u00e1\u0161ho podnikania!<\/strong><\/p>\n<p><strong>\u00a0<\/strong><span style=\"letter-spacing: 0em;\">roz\u0161\u00edrte svoje podnikanie v\u010faka krat\u0161iemu \u010dasu o\u0161etrenia a krat\u0161\u00edm sedeniam<\/span><\/p>\n<ul>\n<li>o\u0161etrite viacej pacientov za de\u0148 s\u00a015 min o\u0161etren\u00edm na konkr\u00e9tnu<\/li>\n<li>vynikaj\u00face v\u00fdsledky u\u017e pri 1-3 o\u0161etreniach<\/li>\n<li>gener\u00e1tor opakovan\u00fdch pr\u00edjmov \u2013 z\u00e1kazn\u00edci sa vracaj\u00fa na udr\u017eiavacie sedenia<\/li>\n<\/ul>\n<h3><strong>\u00a0<\/strong><strong>Osved\u010den\u00e9 klinick\u00e9 v\u00fdsledky<\/strong><\/h3>\n<ul>\n<li>Priemern\u00e1 redukcia obvodu po 1 seden\u00ed je 2,6cm<\/li>\n<li>100% redukcia obvodu &#8211; 1,5cm u\u017e po 1 o\u0161etren\u00ed<\/li>\n<li>92% vypnutie poko\u017eky po 2 o\u0161etreniach<\/li>\n<li>95% lifting tv\u00e1re po 3 o\u0161etreniach<\/li>\n<\/ul>\n<h3>S\u00falad s MDR<\/h3>\n<p>Pr\u00edstroj nie je zdravotn\u00edcka pom\u00f4cka, je ur\u010den\u00fd pre kozmetick\u00e9 a estetick\u00e9 \u00fa\u010dely a sp\u013a\u0148a po\u017eiadavky E\u00da pre kozmetick\u00e9 estetick\u00e9 zariadenia \u2013 CE, bezpe\u010dnostn\u00e9 normy, technick\u00e9 limity.<\/p>","protected":false},"excerpt":{"rendered":"<p>\ud83d\udc8e<strong>Dokonal\u00e9 rie\u0161enie pre pohodln\u00e9, neinvaz\u00edvne o\u0161etrenia<\/strong>\u00a0\ud83d\udc8e<\/p>\n<p>&nbsp;<\/p>","protected":false},"featured_media":234,"comment_status":"open","ping_status":"closed","template":"","meta":{"_acf_changed":false},"product_brand":[],"product_cat":[15,20,19],"product_tag":[],"class_list":{"0":"post-231","1":"product","2":"type-product","3":"status-publish","4":"has-post-thumbnail","6":"product_cat-beauty-technologie","7":"product_cat-body-treatments","8":"product_cat-tvar","10":"first","11":"instock","12":"sale","13":"taxable","14":"shipping-taxable","15":"purchasable","16":"product-type-simple"},"acf":[],"yoast_head":"<!-- This site is optimized with the Yoast SEO plugin v27.5 - https:\/\/yoast.com\/product\/yoast-seo-wordpress\/ -->\n<title>V-Shape Platinum - Beauty pr\u00edstroje<\/title>\n<meta name=\"description\" content=\"V-Shape Platinum 5v1 kombinuje RF, v\u00e1kuum, infra\u010derven\u00e9 svetlo, mechanick\u00e9 val\u010deky a mikrovibr\u00e1cie pre efekt\u00edvne tvarovanie tela, redukciu celulit\u00eddy a lifting tv\u00e1re. Klinicky overen\u00e9 v\u00fdsledky u\u017e po 1\u20133 o\u0161etreniach.\" \/>\n<meta name=\"robots\" content=\"index, follow, max-snippet:-1, max-image-preview:large, max-video-preview:-1\" \/>\n<link rel=\"canonical\" href=\"https:\/\/www.beautypristroje.sk\/en\/product\/v-shape-platinum\/\" \/>\n<meta property=\"og:locale\" content=\"en_GB\" \/>\n<meta property=\"og:type\" content=\"article\" \/>\n<meta property=\"og:title\" content=\"V-Shape Platinum - Beauty pr\u00edstroje\" \/>\n<meta property=\"og:description\" content=\"V-Shape Platinum 5v1 kombinuje RF, v\u00e1kuum, infra\u010derven\u00e9 svetlo, mechanick\u00e9 val\u010deky a mikrovibr\u00e1cie pre efekt\u00edvne tvarovanie tela, redukciu celulit\u00eddy a lifting tv\u00e1re. Klinicky overen\u00e9 v\u00fdsledky u\u017e po 1\u20133 o\u0161etreniach.\" \/>\n<meta property=\"og:url\" content=\"https:\/\/www.beautypristroje.sk\/en\/product\/v-shape-platinum\/\" \/>\n<meta property=\"og:site_name\" content=\"Beauty pr\u00edstroje\" \/>\n<meta property=\"article:modified_time\" content=\"2026-04-15T09:26:49+00:00\" \/>\n<meta property=\"og:image\" content=\"https:\/\/www.beautypristroje.sk\/wp-content\/uploads\/2025\/01\/66fuya-20231013.219-scaled.png\" \/>\n\t<meta property=\"og:image:width\" content=\"2560\" \/>\n\t<meta property=\"og:image:height\" content=\"1440\" \/>\n\t<meta property=\"og:image:type\" content=\"image\/png\" \/>\n<meta name=\"twitter:card\" content=\"summary_large_image\" \/>\n<meta name=\"twitter:label1\" content=\"Estimated reading time\" \/>\n\t<meta name=\"twitter:data1\" content=\"3 minutes\" \/>\n<script type=\"application\/ld+json\" class=\"yoast-schema-graph\">{\"@context\":\"https:\\\/\\\/schema.org\",\"@graph\":[{\"@type\":\"WebPage\",\"@id\":\"https:\\\/\\\/www.beautypristroje.sk\\\/produkt\\\/v-shape-platinum\\\/\",\"url\":\"https:\\\/\\\/www.beautypristroje.sk\\\/produkt\\\/v-shape-platinum\\\/\",\"name\":\"V-Shape Platinum - Beauty pr\u00edstroje\",\"isPartOf\":{\"@id\":\"https:\\\/\\\/www.beautypristroje.sk\\\/#website\"},\"primaryImageOfPage\":{\"@id\":\"https:\\\/\\\/www.beautypristroje.sk\\\/produkt\\\/v-shape-platinum\\\/#primaryimage\"},\"image\":{\"@id\":\"https:\\\/\\\/www.beautypristroje.sk\\\/produkt\\\/v-shape-platinum\\\/#primaryimage\"},\"thumbnailUrl\":\"https:\\\/\\\/www.beautypristroje.sk\\\/wp-content\\\/uploads\\\/2025\\\/01\\\/66fuya-20231013.219-scaled.png\",\"datePublished\":\"2025-01-06T14:10:18+00:00\",\"dateModified\":\"2026-04-15T09:26:49+00:00\",\"description\":\"V-Shape Platinum 5v1 kombinuje RF, v\u00e1kuum, infra\u010derven\u00e9 svetlo, mechanick\u00e9 val\u010deky a mikrovibr\u00e1cie pre efekt\u00edvne tvarovanie tela, redukciu celulit\u00eddy a lifting tv\u00e1re. Klinicky overen\u00e9 v\u00fdsledky u\u017e po 1\u20133 o\u0161etreniach.\",\"breadcrumb\":{\"@id\":\"https:\\\/\\\/www.beautypristroje.sk\\\/produkt\\\/v-shape-platinum\\\/#breadcrumb\"},\"inLanguage\":\"en-GB\",\"potentialAction\":[{\"@type\":\"ReadAction\",\"target\":[\"https:\\\/\\\/www.beautypristroje.sk\\\/produkt\\\/v-shape-platinum\\\/\"]}]},{\"@type\":\"ImageObject\",\"inLanguage\":\"en-GB\",\"@id\":\"https:\\\/\\\/www.beautypristroje.sk\\\/produkt\\\/v-shape-platinum\\\/#primaryimage\",\"url\":\"https:\\\/\\\/www.beautypristroje.sk\\\/wp-content\\\/uploads\\\/2025\\\/01\\\/66fuya-20231013.219-scaled.png\",\"contentUrl\":\"https:\\\/\\\/www.beautypristroje.sk\\\/wp-content\\\/uploads\\\/2025\\\/01\\\/66fuya-20231013.219-scaled.png\",\"width\":2560,\"height\":1440,\"caption\":\"V-Shape Platinum \u2013 multifunk\u010dn\u00fd pr\u00edstroj 5v1 na tvarovanie postavy, redukciu tuku, celulit\u00eddy, lifting tv\u00e1re a uvo\u013enenie tela s infra\u010derven\u00fdm svetlom, RF, v\u00e1kuom, mechanick\u00fdmi val\u010dekmi a mikrovibr\u00e1ciou.\"},{\"@type\":\"BreadcrumbList\",\"@id\":\"https:\\\/\\\/www.beautypristroje.sk\\\/produkt\\\/v-shape-platinum\\\/#breadcrumb\",\"itemListElement\":[{\"@type\":\"ListItem\",\"position\":1,\"name\":\"Domovsk\u00e1 str\u00e1nka\",\"item\":\"https:\\\/\\\/www.beautypristroje.sk\\\/\"},{\"@type\":\"ListItem\",\"position\":2,\"name\":\"Obchod\",\"item\":\"https:\\\/\\\/www.beautypristroje.sk\\\/obchod\\\/\"},{\"@type\":\"ListItem\",\"position\":3,\"name\":\"V-Shape Platinum\"}]},{\"@type\":\"WebSite\",\"@id\":\"https:\\\/\\\/www.beautypristroje.sk\\\/#website\",\"url\":\"https:\\\/\\\/www.beautypristroje.sk\\\/\",\"name\":\"Beauty pr\u00edstroje\",\"description\":\"Profesion\u00e1lne kozmetick\u00e9 pr\u00edstroje pre sal\u00f3ny a kliniky\",\"potentialAction\":[{\"@type\":\"SearchAction\",\"target\":{\"@type\":\"EntryPoint\",\"urlTemplate\":\"https:\\\/\\\/www.beautypristroje.sk\\\/?s={search_term_string}\"},\"query-input\":{\"@type\":\"PropertyValueSpecification\",\"valueRequired\":true,\"valueName\":\"search_term_string\"}}],\"inLanguage\":\"en-GB\"}]}<\/script>\n<!-- \/ Yoast SEO plugin. -->","yoast_head_json":{"title":"V-Shape Platinum - Beauty pr\u00edstroje","description":"V-Shape Platinum 5v1 kombinuje RF, v\u00e1kuum, infra\u010derven\u00e9 svetlo, mechanick\u00e9 val\u010deky a mikrovibr\u00e1cie pre efekt\u00edvne tvarovanie tela, redukciu celulit\u00eddy a lifting tv\u00e1re. Klinicky overen\u00e9 v\u00fdsledky u\u017e po 1\u20133 o\u0161etreniach.","robots":{"index":"index","follow":"follow","max-snippet":"max-snippet:-1","max-image-preview":"max-image-preview:large","max-video-preview":"max-video-preview:-1"},"canonical":"https:\/\/www.beautypristroje.sk\/en\/product\/v-shape-platinum\/","og_locale":"en_GB","og_type":"article","og_title":"V-Shape Platinum - Beauty pr\u00edstroje","og_description":"V-Shape Platinum 5v1 kombinuje RF, v\u00e1kuum, infra\u010derven\u00e9 svetlo, mechanick\u00e9 val\u010deky a mikrovibr\u00e1cie pre efekt\u00edvne tvarovanie tela, redukciu celulit\u00eddy a lifting tv\u00e1re. Klinicky overen\u00e9 v\u00fdsledky u\u017e po 1\u20133 o\u0161etreniach.","og_url":"https:\/\/www.beautypristroje.sk\/en\/product\/v-shape-platinum\/","og_site_name":"Beauty pr\u00edstroje","article_modified_time":"2026-04-15T09:26:49+00:00","og_image":[{"width":2560,"height":1440,"url":"https:\/\/www.beautypristroje.sk\/wp-content\/uploads\/2025\/01\/66fuya-20231013.219-scaled.png","type":"image\/png"}],"twitter_card":"summary_large_image","twitter_misc":{"Estimated reading time":"3 minutes"},"schema":{"@context":"https:\/\/schema.org","@graph":[{"@type":"WebPage","@id":"https:\/\/www.beautypristroje.sk\/produkt\/v-shape-platinum\/","url":"https:\/\/www.beautypristroje.sk\/produkt\/v-shape-platinum\/","name":"V-Shape Platinum - Beauty pr\u00edstroje","isPartOf":{"@id":"https:\/\/www.beautypristroje.sk\/#website"},"primaryImageOfPage":{"@id":"https:\/\/www.beautypristroje.sk\/produkt\/v-shape-platinum\/#primaryimage"},"image":{"@id":"https:\/\/www.beautypristroje.sk\/produkt\/v-shape-platinum\/#primaryimage"},"thumbnailUrl":"https:\/\/www.beautypristroje.sk\/wp-content\/uploads\/2025\/01\/66fuya-20231013.219-scaled.png","datePublished":"2025-01-06T14:10:18+00:00","dateModified":"2026-04-15T09:26:49+00:00","description":"V-Shape Platinum 5v1 kombinuje RF, v\u00e1kuum, infra\u010derven\u00e9 svetlo, mechanick\u00e9 val\u010deky a mikrovibr\u00e1cie pre efekt\u00edvne tvarovanie tela, redukciu celulit\u00eddy a lifting tv\u00e1re. Klinicky overen\u00e9 v\u00fdsledky u\u017e po 1\u20133 o\u0161etreniach.","breadcrumb":{"@id":"https:\/\/www.beautypristroje.sk\/produkt\/v-shape-platinum\/#breadcrumb"},"inLanguage":"en-GB","potentialAction":[{"@type":"ReadAction","target":["https:\/\/www.beautypristroje.sk\/produkt\/v-shape-platinum\/"]}]},{"@type":"ImageObject","inLanguage":"en-GB","@id":"https:\/\/www.beautypristroje.sk\/produkt\/v-shape-platinum\/#primaryimage","url":"https:\/\/www.beautypristroje.sk\/wp-content\/uploads\/2025\/01\/66fuya-20231013.219-scaled.png","contentUrl":"https:\/\/www.beautypristroje.sk\/wp-content\/uploads\/2025\/01\/66fuya-20231013.219-scaled.png","width":2560,"height":1440,"caption":"V-Shape Platinum \u2013 multifunk\u010dn\u00fd pr\u00edstroj 5v1 na tvarovanie postavy, redukciu tuku, celulit\u00eddy, lifting tv\u00e1re a uvo\u013enenie tela s infra\u010derven\u00fdm svetlom, RF, v\u00e1kuom, mechanick\u00fdmi val\u010dekmi a mikrovibr\u00e1ciou."},{"@type":"BreadcrumbList","@id":"https:\/\/www.beautypristroje.sk\/produkt\/v-shape-platinum\/#breadcrumb","itemListElement":[{"@type":"ListItem","position":1,"name":"Domovsk\u00e1 str\u00e1nka","item":"https:\/\/www.beautypristroje.sk\/"},{"@type":"ListItem","position":2,"name":"Obchod","item":"https:\/\/www.beautypristroje.sk\/obchod\/"},{"@type":"ListItem","position":3,"name":"V-Shape Platinum"}]},{"@type":"WebSite","@id":"https:\/\/www.beautypristroje.sk\/#website","url":"https:\/\/www.beautypristroje.sk\/","name":"Beauty pr\u00edstroje","description":"Profesion\u00e1lne kozmetick\u00e9 pr\u00edstroje pre sal\u00f3ny a kliniky","potentialAction":[{"@type":"SearchAction","target":{"@type":"EntryPoint","urlTemplate":"https:\/\/www.beautypristroje.sk\/?s={search_term_string}"},"query-input":{"@type":"PropertyValueSpecification","valueRequired":true,"valueName":"search_term_string"}}],"inLanguage":"en-GB"}]}},"_links":{"self":[{"href":"https:\/\/www.beautypristroje.sk\/en\/wp-json\/wp\/v2\/product\/231","targetHints":{"allow":["GET"]}}],"collection":[{"href":"https:\/\/www.beautypristroje.sk\/en\/wp-json\/wp\/v2\/product"}],"about":[{"href":"https:\/\/www.beautypristroje.sk\/en\/wp-json\/wp\/v2\/types\/product"}],"replies":[{"embeddable":true,"href":"https:\/\/www.beautypristroje.sk\/en\/wp-json\/wp\/v2\/comments?post=231"}],"wp:featuredmedia":[{"embeddable":true,"href":"https:\/\/www.beautypristroje.sk\/en\/wp-json\/wp\/v2\/media\/234"}],"wp:attachment":[{"href":"https:\/\/www.beautypristroje.sk\/en\/wp-json\/wp\/v2\/media?parent=231"}],"wp:term":[{"taxonomy":"product_brand","embeddable":true,"href":"https:\/\/www.beautypristroje.sk\/en\/wp-json\/wp\/v2\/product_brand?post=231"},{"taxonomy":"product_cat","embeddable":true,"href":"https:\/\/www.beautypristroje.sk\/en\/wp-json\/wp\/v2\/product_cat?post=231"},{"taxonomy":"product_tag","embeddable":true,"href":"https:\/\/www.beautypristroje.sk\/en\/wp-json\/wp\/v2\/product_tag?post=231"}],"curies":[{"name":"wp","href":"https:\/\/api.w.org\/{rel}","templated":true}]}}