{"id":193,"date":"2024-12-23T12:37:02","date_gmt":"2024-12-23T11:37:02","guid":{"rendered":"https:\/\/www.beautypristroje.sk\/?post_type=product&#038;p=193"},"modified":"2026-04-15T11:28:06","modified_gmt":"2026-04-15T09:28:06","slug":"i-modul-esthetic","status":"publish","type":"product","link":"https:\/\/www.beautypristroje.sk\/en\/product\/i-modul-esthetic\/","title":{"rendered":"I-Modul Esthetic"},"content":{"rendered":"<p>I-model esthetic poskytuje glob\u00e1lne benefity pre Va\u0161ich klientov za 25 min\u00fat ,v\u010faka \u010domu za\u017eij\u00fa o\u0161etrenie zodpovedaj\u00face nieko\u013ek\u00fdm hodin\u00e1ch vo fitnes centre.<\/p>\n<p>I-model esthetic je zalo\u017een\u00fd na princ\u00edpe neuro-muskul\u00e1rnej stimul\u00e1cie ,ktor\u00e1 vyvol\u00e1va siln\u00e9 priame a hlbok\u00e9 svalov\u00e9 kontrakcie vo viac ako 300 svaloch s\u00fa\u010dasne ,\u010do sp\u00f4sobuje formovanie svalstva, zv\u00fd\u0161enej metabolickej aktivite a spotrebe kal\u00f3rii.<\/p>\n<p>I-model esthetic poskytuje a\u017e 40 000 re\u00e1lnych kontrakci\u00ed\u00a0 za jedno sedenie v\u010faka 22 svalov\u00fdm stimula\u010dn\u00fdm bodom, \u010d\u00edm odstra\u0148uje tuk, zv\u00e4\u010d\u0161uje svaly, spev\u0148uje poko\u017eku a formuje postavu .<\/p>\n<p>V\u010faka integr\u00e1lnej svalovej kon\u0161trukcii je mo\u017en\u00e9 s\u00fa\u010dasne precvi\u010dova\u0165 :nohy, zadok, brucho,<\/p>\n<p>chrb\u00e1t, hrudn\u00edk a ruky ,\u010d\u00edm dosiahneme modelovanie ,,cel\u00e9ho tela\u201d.<\/p>\n<h3><strong><u>Komplexn\u00e9 v\u00fdhody pre Va\u0161ich klientov<\/u><\/strong><\/h3>\n<p>S I-model esthetic dosiahnu va\u0161i klienti skvel\u00e9 v\u00fdsledky pri formovan\u00ed postavy v\u010faka 12-tim programom . Okrem toho nemusia vykon\u00e1va\u0165 \u017eiadnu aktivitu , len oddychova\u0165 a\u00a0chudn\u00fa\u0165.<\/p>\n<p>I-model esthetic m\u00e1 priazniv\u00e9 \u00fa\u010dinky na telo, pom\u00e1ha tonizova\u0165 o\u0161etrovan\u00e9 oblasti t\u00fdm,<\/p>\n<p>\u017ee redukuje lokalizovan\u00fd tuk v tkaniv\u00e1ch a sp\u00f4sobuje n\u00e1rast svalovej hmoty.<\/p>\n<p>\u00daspech i-modelu je sp\u00f4soben\u00fd jeho \u0161pecificky\u00a0 cielen\u00fdm pas\u00edvnym o\u0161etren\u00edm ,ktor\u00e9 umo\u017e\u0148uje lok\u00e1lny alebo glob\u00e1lny \u00fa\u010dinok na r\u00f4zne oblasti tela.<\/p>\n<h3><strong>Zadr\u017eiavanie vody <\/strong><\/h3>\n<p>I-model technol\u00f3gia zvy\u0161uje teplotu svalov ,\u010d\u00edm sp\u00f4sobuje lep\u0161\u00ed krvn\u00fd obeh a odvodnenie cie\u013eovej oblasti. Pre i-model boli vyvinut\u00e9 \u0161pecifick\u00e9 programy na zlep\u0161enie svalov\u00e9ho tonusu a krvn\u00e9ho obehu, aby sa dosiahli presved\u010div\u00e9 v\u00fdsledky pri zadr\u017eiavan\u00ed vody . Kontrakciu , ktor\u00fa i-model vytv\u00e1ra na svale ,umo\u017e\u0148uje jeho toniz\u00e1ciu a posilnenie . Na tukov\u00e9 tkaniv\u00e1 sa aplikuje \u0161pecifick\u00fd a nepretr\u017eit\u00fd pr\u00fad na zn\u00ed\u017eenie zadr\u017eiavania vody a zlep\u0161enie cirkul\u00e1cie .<\/p>\n<h3><strong>Panvov\u00e9 dno<\/strong><\/h3>\n<p>Lie\u010dba i-modelom m\u00e1 v\u00fdrazn\u00e9 priazniv\u00e9 \u00fa\u010dinky na svaly panvov\u00e9ho dna, posil\u0148uje a obnovuje ich tonus. Lie\u010dba v skuto\u010dnosti tonizuje anatomick\u00fa oblas\u0165, ktor\u00e1 udr\u017eiava spodn\u00fa \u010das\u0165 brucha a reguluje zviera\u010de, \u010d\u00edm im umo\u017e\u0148uje spr\u00e1vne plni\u0165 ich funkciu. Niektor\u00e9 situ\u00e1cie , ako napr\u00edklad tehotenstvo ,p\u00f4rod , menopauza alebo oper\u00e1cia ,m\u00f4\u017eu po\u0161kodi\u0165 alebo oslabi\u0165 svaly panvov\u00e9ho dna, \u010do m\u00f4\u017ee vies\u0165 okrem in\u00e9ho k sexu\u00e1lnym probl\u00e9mom a inkontinencii mo\u010du .<\/p>\n<p>I-model esthetic vyvinul v r\u00e1mci svojej aplik\u00e1cie meranie kalori\u00ed . Vyu\u017e\u00edva\u00a0 syst\u00e9m merania E-Kcal (elektrokalori\u00ed). Tento inovat\u00edvny syst\u00e9m meria spotrebu kalori\u00ed na z\u00e1klade s\u00e9rie parametrov<\/p>\n<p>( intenzita, frekvencia ,hmotnos\u0165 , v\u00fd\u0161ka, vek a pohlavie klienta) potrebn\u00fdch na v\u00fdpo\u010det elektrokal\u00f3rii.<\/p>\n<h5>Z\u00cdZKAN\u00dd V\u00ddSLEDOK SA PREMIETNE DO BODOV\u00c9HO SYST\u00c9MU , KTOR\u00dd SA AKTUALIZUJE V PRIEBEHU SEDENIA A ZAZNAMEN\u00c1VA SA NA KARTU KLIENTA,\u010cO UMO\u017d\u0147UJE\u00a0 VZ\u00c1JOMN\u00c9 POROVN\u00c1VANIE SEDEN\u00cd.<\/h5>\n<p>I-model esthetic oblek m\u00e1 jednoduch\u00e9 bezdr\u00f4tov\u00e9 pou\u017e\u00edvanie . Ide\u00e1lne zariadenie pre kozmetick\u00e9 sal\u00f3ny ,kliniky a fitnes centr\u00e1.<\/p>\n<p>V\u010faka estetick\u00e9mu softv\u00e9ru i-model prin\u00e1\u0161ame revol\u00faciu v estetickom svete . N\u00e1\u0161 softv\u00e9r bol vyvinut\u00fd tak , aby \u00fa\u010dinne o\u0161etril ka\u017ed\u00fa oblas\u0165 tela a dosiahol v\u00fdsledky po\u017eadovan\u00e9 klientom. Ide o hands-free softv\u00e9r , ktor\u00fd sa \u013eahko a intuit\u00edvne pou\u017e\u00edva .Okrem toho dokonale prekalibruje \u010das, o\u0161etrenie a intenzitu impulzov pre ka\u017ed\u00fa oblas\u0165.<\/p>\n<h3><strong>Bal\u00edk obsahuje :<\/strong><\/h3>\n<h3>I-model modul + licencia , 3 ve\u013ekosti obleku Bio-jacket,<\/h3>\n<p>3 ve\u013ekosti spodn\u00e9 oble\u010denie, tablet, dezinfekcia pre Bio-jacket3<\/p>\n<h3>S\u00falad s MDR<\/h3>\n<p>Pr\u00edstroj nie je zdravotn\u00edcka pom\u00f4cka, je ur\u010den\u00fd pre kozmetick\u00e9 a estetick\u00e9 \u00fa\u010dely a sp\u013a\u0148a po\u017eiadavky E\u00da pre kozmetick\u00e9 estetick\u00e9 zariadenia \u2013 CE, bezpe\u010dnostn\u00e9 normy, technick\u00e9 limity.<\/p>","protected":false},"excerpt":{"rendered":"<p><strong>Objavte technol\u00f3giu bud\u00facnosti.<\/strong><\/p>\n<p><strong>Revolu\u010dn\u00e9 EMS zariadenie na formovanie postavy.<\/strong><\/p>","protected":false},"featured_media":222,"comment_status":"open","ping_status":"closed","template":"","meta":{"_acf_changed":false},"product_brand":[],"product_cat":[15,20],"product_tag":[],"class_list":{"0":"post-193","1":"product","2":"type-product","3":"status-publish","4":"has-post-thumbnail","6":"product_cat-beauty-technologie","7":"product_cat-body-treatments","9":"first","10":"instock","11":"taxable","12":"shipping-taxable","13":"purchasable","14":"product-type-simple"},"acf":[],"yoast_head":"<!-- This site is optimized with the Yoast SEO plugin v27.5 - https:\/\/yoast.com\/product\/yoast-seo-wordpress\/ -->\n<title>I-Modul Esthetic - Beauty pr\u00edstroje<\/title>\n<meta name=\"description\" content=\"I-Model Esthetic je pokro\u010dil\u00fd syst\u00e9m neuro-muskul\u00e1rnej stimul\u00e1cie, ktor\u00fd po\u010das 25 min\u00fat posil\u0148uje viac ako 300 svalov, spa\u013euje tuk, tonizuje postavu a zlep\u0161uje krvn\u00fd obeh. Bezdr\u00f4tov\u00fd Bio-jacket, 12 programov a integrovan\u00e9 meranie kal\u00f3ri\u00ed zabezpe\u010duj\u00fa efekt\u00edvne a personalizovan\u00e9 o\u0161etrenie pre kozmetick\u00e9 a fitness centr\u00e1.\" \/>\n<meta name=\"robots\" content=\"index, follow, max-snippet:-1, max-image-preview:large, max-video-preview:-1\" \/>\n<link rel=\"canonical\" href=\"https:\/\/www.beautypristroje.sk\/en\/product\/i-modul-esthetic\/\" \/>\n<meta property=\"og:locale\" content=\"en_GB\" \/>\n<meta property=\"og:type\" content=\"article\" \/>\n<meta property=\"og:title\" content=\"I-Modul Esthetic - Beauty pr\u00edstroje\" \/>\n<meta property=\"og:description\" content=\"I-Model Esthetic je pokro\u010dil\u00fd syst\u00e9m neuro-muskul\u00e1rnej stimul\u00e1cie, ktor\u00fd po\u010das 25 min\u00fat posil\u0148uje viac ako 300 svalov, spa\u013euje tuk, tonizuje postavu a zlep\u0161uje krvn\u00fd obeh. Bezdr\u00f4tov\u00fd Bio-jacket, 12 programov a integrovan\u00e9 meranie kal\u00f3ri\u00ed zabezpe\u010duj\u00fa efekt\u00edvne a personalizovan\u00e9 o\u0161etrenie pre kozmetick\u00e9 a fitness centr\u00e1.\" \/>\n<meta property=\"og:url\" content=\"https:\/\/www.beautypristroje.sk\/en\/product\/i-modul-esthetic\/\" \/>\n<meta property=\"og:site_name\" content=\"Beauty pr\u00edstroje\" \/>\n<meta property=\"article:modified_time\" content=\"2026-04-15T09:28:06+00:00\" \/>\n<meta property=\"og:image\" content=\"https:\/\/www.beautypristroje.sk\/wp-content\/uploads\/2024\/12\/I_model.jpg\" \/>\n\t<meta property=\"og:image:width\" content=\"1268\" \/>\n\t<meta property=\"og:image:height\" content=\"1633\" \/>\n\t<meta property=\"og:image:type\" content=\"image\/jpeg\" \/>\n<meta name=\"twitter:card\" content=\"summary_large_image\" \/>\n<meta name=\"twitter:label1\" content=\"Estimated reading time\" \/>\n\t<meta name=\"twitter:data1\" content=\"3 minutes\" \/>\n<script type=\"application\/ld+json\" class=\"yoast-schema-graph\">{\"@context\":\"https:\\\/\\\/schema.org\",\"@graph\":[{\"@type\":\"WebPage\",\"@id\":\"https:\\\/\\\/www.beautypristroje.sk\\\/produkt\\\/i-modul-esthetic\\\/\",\"url\":\"https:\\\/\\\/www.beautypristroje.sk\\\/produkt\\\/i-modul-esthetic\\\/\",\"name\":\"I-Modul Esthetic - Beauty pr\u00edstroje\",\"isPartOf\":{\"@id\":\"https:\\\/\\\/www.beautypristroje.sk\\\/#website\"},\"primaryImageOfPage\":{\"@id\":\"https:\\\/\\\/www.beautypristroje.sk\\\/produkt\\\/i-modul-esthetic\\\/#primaryimage\"},\"image\":{\"@id\":\"https:\\\/\\\/www.beautypristroje.sk\\\/produkt\\\/i-modul-esthetic\\\/#primaryimage\"},\"thumbnailUrl\":\"https:\\\/\\\/www.beautypristroje.sk\\\/wp-content\\\/uploads\\\/2024\\\/12\\\/I_model.jpg\",\"datePublished\":\"2024-12-23T11:37:02+00:00\",\"dateModified\":\"2026-04-15T09:28:06+00:00\",\"description\":\"I-Model Esthetic je pokro\u010dil\u00fd syst\u00e9m neuro-muskul\u00e1rnej stimul\u00e1cie, ktor\u00fd po\u010das 25 min\u00fat posil\u0148uje viac ako 300 svalov, spa\u013euje tuk, tonizuje postavu a zlep\u0161uje krvn\u00fd obeh. Bezdr\u00f4tov\u00fd Bio-jacket, 12 programov a integrovan\u00e9 meranie kal\u00f3ri\u00ed zabezpe\u010duj\u00fa efekt\u00edvne a personalizovan\u00e9 o\u0161etrenie pre kozmetick\u00e9 a fitness centr\u00e1.\",\"breadcrumb\":{\"@id\":\"https:\\\/\\\/www.beautypristroje.sk\\\/produkt\\\/i-modul-esthetic\\\/#breadcrumb\"},\"inLanguage\":\"en-GB\",\"potentialAction\":[{\"@type\":\"ReadAction\",\"target\":[\"https:\\\/\\\/www.beautypristroje.sk\\\/produkt\\\/i-modul-esthetic\\\/\"]}]},{\"@type\":\"ImageObject\",\"inLanguage\":\"en-GB\",\"@id\":\"https:\\\/\\\/www.beautypristroje.sk\\\/produkt\\\/i-modul-esthetic\\\/#primaryimage\",\"url\":\"https:\\\/\\\/www.beautypristroje.sk\\\/wp-content\\\/uploads\\\/2024\\\/12\\\/I_model.jpg\",\"contentUrl\":\"https:\\\/\\\/www.beautypristroje.sk\\\/wp-content\\\/uploads\\\/2024\\\/12\\\/I_model.jpg\",\"width\":1268,\"height\":1633,\"caption\":\"I-Modul Esthetic \u2013 multifunk\u010dn\u00fd neuro-muskul\u00e1rny stimula\u010dn\u00fd syst\u00e9m pre formovanie svalov, redukciu tuku a toniz\u00e1ciu tela, s bezdr\u00f4tov\u00fdm Bio-jacket oblekom, 12 programami a meran\u00edm kal\u00f3ri\u00ed pre kozmetick\u00e9 sal\u00f3ny, kliniky a fitnes centr\u00e1.\"},{\"@type\":\"BreadcrumbList\",\"@id\":\"https:\\\/\\\/www.beautypristroje.sk\\\/produkt\\\/i-modul-esthetic\\\/#breadcrumb\",\"itemListElement\":[{\"@type\":\"ListItem\",\"position\":1,\"name\":\"Domovsk\u00e1 str\u00e1nka\",\"item\":\"https:\\\/\\\/www.beautypristroje.sk\\\/\"},{\"@type\":\"ListItem\",\"position\":2,\"name\":\"Obchod\",\"item\":\"https:\\\/\\\/www.beautypristroje.sk\\\/obchod\\\/\"},{\"@type\":\"ListItem\",\"position\":3,\"name\":\"I-Modul Esthetic\"}]},{\"@type\":\"WebSite\",\"@id\":\"https:\\\/\\\/www.beautypristroje.sk\\\/#website\",\"url\":\"https:\\\/\\\/www.beautypristroje.sk\\\/\",\"name\":\"Beauty pr\u00edstroje\",\"description\":\"Profesion\u00e1lne kozmetick\u00e9 pr\u00edstroje pre sal\u00f3ny a kliniky\",\"potentialAction\":[{\"@type\":\"SearchAction\",\"target\":{\"@type\":\"EntryPoint\",\"urlTemplate\":\"https:\\\/\\\/www.beautypristroje.sk\\\/?s={search_term_string}\"},\"query-input\":{\"@type\":\"PropertyValueSpecification\",\"valueRequired\":true,\"valueName\":\"search_term_string\"}}],\"inLanguage\":\"en-GB\"}]}<\/script>\n<!-- \/ Yoast SEO plugin. -->","yoast_head_json":{"title":"I-Modul Esthetic - Beauty pr\u00edstroje","description":"I-Model Esthetic je pokro\u010dil\u00fd syst\u00e9m neuro-muskul\u00e1rnej stimul\u00e1cie, ktor\u00fd po\u010das 25 min\u00fat posil\u0148uje viac ako 300 svalov, spa\u013euje tuk, tonizuje postavu a zlep\u0161uje krvn\u00fd obeh. Bezdr\u00f4tov\u00fd Bio-jacket, 12 programov a integrovan\u00e9 meranie kal\u00f3ri\u00ed zabezpe\u010duj\u00fa efekt\u00edvne a personalizovan\u00e9 o\u0161etrenie pre kozmetick\u00e9 a fitness centr\u00e1.","robots":{"index":"index","follow":"follow","max-snippet":"max-snippet:-1","max-image-preview":"max-image-preview:large","max-video-preview":"max-video-preview:-1"},"canonical":"https:\/\/www.beautypristroje.sk\/en\/product\/i-modul-esthetic\/","og_locale":"en_GB","og_type":"article","og_title":"I-Modul Esthetic - Beauty pr\u00edstroje","og_description":"I-Model Esthetic je pokro\u010dil\u00fd syst\u00e9m neuro-muskul\u00e1rnej stimul\u00e1cie, ktor\u00fd po\u010das 25 min\u00fat posil\u0148uje viac ako 300 svalov, spa\u013euje tuk, tonizuje postavu a zlep\u0161uje krvn\u00fd obeh. Bezdr\u00f4tov\u00fd Bio-jacket, 12 programov a integrovan\u00e9 meranie kal\u00f3ri\u00ed zabezpe\u010duj\u00fa efekt\u00edvne a personalizovan\u00e9 o\u0161etrenie pre kozmetick\u00e9 a fitness centr\u00e1.","og_url":"https:\/\/www.beautypristroje.sk\/en\/product\/i-modul-esthetic\/","og_site_name":"Beauty pr\u00edstroje","article_modified_time":"2026-04-15T09:28:06+00:00","og_image":[{"width":1268,"height":1633,"url":"https:\/\/www.beautypristroje.sk\/wp-content\/uploads\/2024\/12\/I_model.jpg","type":"image\/jpeg"}],"twitter_card":"summary_large_image","twitter_misc":{"Estimated reading time":"3 minutes"},"schema":{"@context":"https:\/\/schema.org","@graph":[{"@type":"WebPage","@id":"https:\/\/www.beautypristroje.sk\/produkt\/i-modul-esthetic\/","url":"https:\/\/www.beautypristroje.sk\/produkt\/i-modul-esthetic\/","name":"I-Modul Esthetic - Beauty pr\u00edstroje","isPartOf":{"@id":"https:\/\/www.beautypristroje.sk\/#website"},"primaryImageOfPage":{"@id":"https:\/\/www.beautypristroje.sk\/produkt\/i-modul-esthetic\/#primaryimage"},"image":{"@id":"https:\/\/www.beautypristroje.sk\/produkt\/i-modul-esthetic\/#primaryimage"},"thumbnailUrl":"https:\/\/www.beautypristroje.sk\/wp-content\/uploads\/2024\/12\/I_model.jpg","datePublished":"2024-12-23T11:37:02+00:00","dateModified":"2026-04-15T09:28:06+00:00","description":"I-Model Esthetic je pokro\u010dil\u00fd syst\u00e9m neuro-muskul\u00e1rnej stimul\u00e1cie, ktor\u00fd po\u010das 25 min\u00fat posil\u0148uje viac ako 300 svalov, spa\u013euje tuk, tonizuje postavu a zlep\u0161uje krvn\u00fd obeh. Bezdr\u00f4tov\u00fd Bio-jacket, 12 programov a integrovan\u00e9 meranie kal\u00f3ri\u00ed zabezpe\u010duj\u00fa efekt\u00edvne a personalizovan\u00e9 o\u0161etrenie pre kozmetick\u00e9 a fitness centr\u00e1.","breadcrumb":{"@id":"https:\/\/www.beautypristroje.sk\/produkt\/i-modul-esthetic\/#breadcrumb"},"inLanguage":"en-GB","potentialAction":[{"@type":"ReadAction","target":["https:\/\/www.beautypristroje.sk\/produkt\/i-modul-esthetic\/"]}]},{"@type":"ImageObject","inLanguage":"en-GB","@id":"https:\/\/www.beautypristroje.sk\/produkt\/i-modul-esthetic\/#primaryimage","url":"https:\/\/www.beautypristroje.sk\/wp-content\/uploads\/2024\/12\/I_model.jpg","contentUrl":"https:\/\/www.beautypristroje.sk\/wp-content\/uploads\/2024\/12\/I_model.jpg","width":1268,"height":1633,"caption":"I-Modul Esthetic \u2013 multifunk\u010dn\u00fd neuro-muskul\u00e1rny stimula\u010dn\u00fd syst\u00e9m pre formovanie svalov, redukciu tuku a toniz\u00e1ciu tela, s bezdr\u00f4tov\u00fdm Bio-jacket oblekom, 12 programami a meran\u00edm kal\u00f3ri\u00ed pre kozmetick\u00e9 sal\u00f3ny, kliniky a fitnes centr\u00e1."},{"@type":"BreadcrumbList","@id":"https:\/\/www.beautypristroje.sk\/produkt\/i-modul-esthetic\/#breadcrumb","itemListElement":[{"@type":"ListItem","position":1,"name":"Domovsk\u00e1 str\u00e1nka","item":"https:\/\/www.beautypristroje.sk\/"},{"@type":"ListItem","position":2,"name":"Obchod","item":"https:\/\/www.beautypristroje.sk\/obchod\/"},{"@type":"ListItem","position":3,"name":"I-Modul Esthetic"}]},{"@type":"WebSite","@id":"https:\/\/www.beautypristroje.sk\/#website","url":"https:\/\/www.beautypristroje.sk\/","name":"Beauty pr\u00edstroje","description":"Profesion\u00e1lne kozmetick\u00e9 pr\u00edstroje pre sal\u00f3ny a kliniky","potentialAction":[{"@type":"SearchAction","target":{"@type":"EntryPoint","urlTemplate":"https:\/\/www.beautypristroje.sk\/?s={search_term_string}"},"query-input":{"@type":"PropertyValueSpecification","valueRequired":true,"valueName":"search_term_string"}}],"inLanguage":"en-GB"}]}},"_links":{"self":[{"href":"https:\/\/www.beautypristroje.sk\/en\/wp-json\/wp\/v2\/product\/193","targetHints":{"allow":["GET"]}}],"collection":[{"href":"https:\/\/www.beautypristroje.sk\/en\/wp-json\/wp\/v2\/product"}],"about":[{"href":"https:\/\/www.beautypristroje.sk\/en\/wp-json\/wp\/v2\/types\/product"}],"replies":[{"embeddable":true,"href":"https:\/\/www.beautypristroje.sk\/en\/wp-json\/wp\/v2\/comments?post=193"}],"wp:featuredmedia":[{"embeddable":true,"href":"https:\/\/www.beautypristroje.sk\/en\/wp-json\/wp\/v2\/media\/222"}],"wp:attachment":[{"href":"https:\/\/www.beautypristroje.sk\/en\/wp-json\/wp\/v2\/media?parent=193"}],"wp:term":[{"taxonomy":"product_brand","embeddable":true,"href":"https:\/\/www.beautypristroje.sk\/en\/wp-json\/wp\/v2\/product_brand?post=193"},{"taxonomy":"product_cat","embeddable":true,"href":"https:\/\/www.beautypristroje.sk\/en\/wp-json\/wp\/v2\/product_cat?post=193"},{"taxonomy":"product_tag","embeddable":true,"href":"https:\/\/www.beautypristroje.sk\/en\/wp-json\/wp\/v2\/product_tag?post=193"}],"curies":[{"name":"wp","href":"https:\/\/api.w.org\/{rel}","templated":true}]}}