{"id":1272,"date":"2025-10-15T13:25:35","date_gmt":"2025-10-15T11:25:35","guid":{"rendered":"https:\/\/www.beautypristroje.sk\/?post_type=product&#038;p=1272"},"modified":"2025-11-20T14:58:01","modified_gmt":"2025-11-20T13:58:01","slug":"augment-life-ashwagandha","status":"publish","type":"product","link":"https:\/\/www.beautypristroje.sk\/en\/product\/augment-life-ashwagandha\/","title":{"rendered":"Augment life Ashwagandha 60 kaps\u00fal x 200mg"},"content":{"rendered":"<div>Ashwaganda Augment Life(Withania somnifera) je jedna z najsilnej\u0161\u00edch adaptog\u00e9nnych byl\u00edn, zn\u00e1ma svojou schopnos\u0165ou pom\u00e1ha\u0165 telu lep\u0161ie zvl\u00e1da\u0165 stres a navr\u00e1ti\u0165 vn\u00fatorn\u00fa rovnov\u00e1hu.<\/div>\n<div>Pravideln\u00e9 u\u017e\u00edvanie ashwagandy prispieva k du\u0161evnej pohode, zlep\u0161uje kvalitu sp\u00e1nku a pom\u00e1ha udr\u017ea\u0165 optim\u00e1lnu hladinu energie po\u010das d\u0148a.<\/div>\n<div><\/div>\n<h3>\u010co je adaptog\u00e9n?<\/h3>\n<div>Adaptog\u00e9ny s\u00fa pr\u00edrodn\u00e9 l\u00e1tky, ktor\u00e9 zvy\u0161uj\u00fa odolnos\u0165 organizmu vo\u010di fyzick\u00e9mu aj psychick\u00e9mu stresu.<\/div>\n<div>Ashwaganda p\u00f4sob\u00ed na hormon\u00e1lnu rovnov\u00e1hu, zni\u017euje hladinu kortizolu (stresov\u00e9ho horm\u00f3nu) a podporuje s\u00fastredenie, vitalitu a celkov\u00fd v\u00fdkon tela.<\/div>\n<div><\/div>\n<h3>Pre\u010do si zvoli\u0165 Ashwagandu od Augment Life<\/h3>\n<div>\u2022 \u010cist\u00fd pr\u00edrodn\u00fd p\u00f4vod \u2013 extrakt z kore\u0148a Withania somnifera so \u0161tandardizovan\u00fdm obsahom 5 % withanolidov.<\/div>\n<div>\u2022 Komplexn\u00fd \u00fa\u010dinok \u2013 podpora du\u0161evnej rovnov\u00e1hy, energie, sily a hormon\u00e1lnej vitality.<\/div>\n<div>\u2022 Vysok\u00e1 kvalita a \u010distota \u2013 veg\u00e1nsky, bez GMO, lepku, lakt\u00f3zy a umel\u00fdch pr\u00edsad.<\/div>\n<div>\u2022 Vyroben\u00e9 v E\u00da \u2013 sp\u013a\u0148a najvy\u0161\u0161ie \u0161tandardy kvality a bezpe\u010dnosti.<\/div>\n<div><\/div>\n<h3>Hlavn\u00e9 benefity<\/h3>\n<div>Podporuje mana\u017ement stresu<\/div>\n<div>Pom\u00e1ha regulova\u0165 hladinu cukru v krvi<\/div>\n<div>Zlep\u0161uje svalov\u00fa silu a v\u00fdkonnos\u0165<\/div>\n<div>Podporuje kognit\u00edvne funkcie a pam\u00e4\u0165<\/div>\n<div>Prispieva k zdrav\u00e9mu sexu\u00e1lnemu \u017eivotu<\/div>\n<div><\/div>\n<div>\n<h3>D\u00e1vkovanie<\/h3>\n<p>Odpor\u00fa\u010dan\u00e1 d\u00e1vka s\u00fa 1 max.2 kapsule denne<\/p>\n<\/div>\n<h3>Zlo\u017eenie<\/h3>\n<div>\n<div>\u2022 Kapsuly: 60<\/div>\n<div>\u2022 Materi\u00e1l kaps\u00fal: HPMC (rastlinn\u00e1 gluk\u00f3za)<\/div>\n<div>\u2022 Obsah: Extrakt z kore\u0148a Withania somnifera \u2013 200 mg (5 % withanolidov), Neobsahuje: alerg\u00e9ny, glut\u00e9n, mlie\u010dne v\u00fdrobky, s\u00f3ja, oxid kremi\u010dit\u00fd, ani \u017eiadne in\u00e9 plniv\u00e1.<\/div>\n<div>\u2022 Ve\u013ekos\u0165 kapsuly: 200 mg<\/div>\n<div>\u2022 Obal: jant\u00e1rov\u00e9 sklo<\/div>\n<div>\u2022 Rozmery obalu: \u00a0V\u00fd\u0161ka 68 mm, priemer 60 mm<\/div>\n<div>\u2022 Etikety: Povrchovo upraven\u00fd papier s r\u00fdchlou biologickou rozlo\u017eite\u013enos\u0165ou<\/div>\n<\/div>\n<div><\/div>\n<div>Balenie: 60 kaps\u00fal<\/div>\n<div><\/div>\n<div><\/div>\n<div>Ashwaganda Augment Life je vytvoren\u00e1 pre t\u00fdch, ktor\u00ed chc\u00fa prirodzene podpori\u0165 du\u0161evn\u00fa rovnov\u00e1hu, energiu a celkov\u00e9 zdravie tela i mysle \u2013 v \u010distej, veg\u00e1nskej a vysoko \u00fa\u010dinnej forme.<\/div>","protected":false},"excerpt":{"rendered":"<p>pr\u00edrodn\u00e1 podpora vitality, rovnov\u00e1hy a odolnosti organizmu<\/p>","protected":false},"featured_media":1273,"comment_status":"closed","ping_status":"closed","template":"","meta":{"_acf_changed":false},"product_brand":[79],"product_cat":[51],"product_tag":[],"class_list":{"0":"post-1272","1":"product","2":"type-product","3":"status-publish","4":"has-post-thumbnail","6":"product_brand-augment-life","7":"product_cat-anti-aging-longevity","9":"first","10":"instock","11":"taxable","12":"shipping-taxable","13":"purchasable","14":"product-type-simple"},"acf":[],"yoast_head":"<!-- This site is optimized with the Yoast SEO plugin v27.6 - https:\/\/yoast.com\/product\/yoast-seo-wordpress\/ -->\n<title>Augment life Ashwagandha 60 kaps\u00fal x 200mg - Beauty pr\u00edstroje<\/title>\n<meta name=\"description\" content=\"Ashwaganda Augment Life je vytvoren\u00e1 pre t\u00fdch, ktor\u00ed chc\u00fa prirodzene podpori\u0165 du\u0161evn\u00fa rovnov\u00e1hu, energiu a celkov\u00e9 zdravie tela i mysle \u2013 v \u010distej, veg\u00e1nskej a vysoko \u00fa\u010dinnej forme.\" \/>\n<meta name=\"robots\" content=\"index, follow, max-snippet:-1, max-image-preview:large, max-video-preview:-1\" \/>\n<link rel=\"canonical\" href=\"https:\/\/www.beautypristroje.sk\/en\/product\/augment-life-ashwagandha\/\" \/>\n<meta property=\"og:locale\" content=\"en_GB\" \/>\n<meta property=\"og:type\" content=\"article\" \/>\n<meta property=\"og:title\" content=\"Augment life Ashwagandha 60 kaps\u00fal x 200mg - Beauty pr\u00edstroje\" \/>\n<meta property=\"og:description\" content=\"Ashwaganda Augment Life je vytvoren\u00e1 pre t\u00fdch, ktor\u00ed chc\u00fa prirodzene podpori\u0165 du\u0161evn\u00fa rovnov\u00e1hu, energiu a celkov\u00e9 zdravie tela i mysle \u2013 v \u010distej, veg\u00e1nskej a vysoko \u00fa\u010dinnej forme.\" \/>\n<meta property=\"og:url\" content=\"https:\/\/www.beautypristroje.sk\/en\/product\/augment-life-ashwagandha\/\" \/>\n<meta property=\"og:site_name\" content=\"Beauty pr\u00edstroje\" \/>\n<meta property=\"article:modified_time\" content=\"2025-11-20T13:58:01+00:00\" \/>\n<meta property=\"og:image\" content=\"https:\/\/www.beautypristroje.sk\/wp-content\/uploads\/2025\/10\/ashwaganda60x300.png\" \/>\n\t<meta property=\"og:image:width\" content=\"490\" \/>\n\t<meta property=\"og:image:height\" content=\"500\" \/>\n\t<meta property=\"og:image:type\" content=\"image\/png\" \/>\n<meta name=\"twitter:card\" content=\"summary_large_image\" \/>\n<meta name=\"twitter:label1\" content=\"Estimated reading time\" \/>\n\t<meta name=\"twitter:data1\" content=\"2 minutes\" \/>\n<script type=\"application\/ld+json\" class=\"yoast-schema-graph\">{\"@context\":\"https:\\\/\\\/schema.org\",\"@graph\":[{\"@type\":\"WebPage\",\"@id\":\"https:\\\/\\\/www.beautypristroje.sk\\\/produkt\\\/augment-life-ashwagandha\\\/\",\"url\":\"https:\\\/\\\/www.beautypristroje.sk\\\/produkt\\\/augment-life-ashwagandha\\\/\",\"name\":\"Augment life Ashwagandha 60 kaps\u00fal x 200mg - Beauty pr\u00edstroje\",\"isPartOf\":{\"@id\":\"https:\\\/\\\/www.beautypristroje.sk\\\/#website\"},\"primaryImageOfPage\":{\"@id\":\"https:\\\/\\\/www.beautypristroje.sk\\\/produkt\\\/augment-life-ashwagandha\\\/#primaryimage\"},\"image\":{\"@id\":\"https:\\\/\\\/www.beautypristroje.sk\\\/produkt\\\/augment-life-ashwagandha\\\/#primaryimage\"},\"thumbnailUrl\":\"https:\\\/\\\/www.beautypristroje.sk\\\/wp-content\\\/uploads\\\/2025\\\/10\\\/ashwaganda60x300.png\",\"datePublished\":\"2025-10-15T11:25:35+00:00\",\"dateModified\":\"2025-11-20T13:58:01+00:00\",\"description\":\"Ashwaganda Augment Life je vytvoren\u00e1 pre t\u00fdch, ktor\u00ed chc\u00fa prirodzene podpori\u0165 du\u0161evn\u00fa rovnov\u00e1hu, energiu a celkov\u00e9 zdravie tela i mysle \u2013 v \u010distej, veg\u00e1nskej a vysoko \u00fa\u010dinnej forme.\",\"breadcrumb\":{\"@id\":\"https:\\\/\\\/www.beautypristroje.sk\\\/produkt\\\/augment-life-ashwagandha\\\/#breadcrumb\"},\"inLanguage\":\"en-GB\",\"potentialAction\":[{\"@type\":\"ReadAction\",\"target\":[\"https:\\\/\\\/www.beautypristroje.sk\\\/produkt\\\/augment-life-ashwagandha\\\/\"]}]},{\"@type\":\"ImageObject\",\"inLanguage\":\"en-GB\",\"@id\":\"https:\\\/\\\/www.beautypristroje.sk\\\/produkt\\\/augment-life-ashwagandha\\\/#primaryimage\",\"url\":\"https:\\\/\\\/www.beautypristroje.sk\\\/wp-content\\\/uploads\\\/2025\\\/10\\\/ashwaganda60x300.png\",\"contentUrl\":\"https:\\\/\\\/www.beautypristroje.sk\\\/wp-content\\\/uploads\\\/2025\\\/10\\\/ashwaganda60x300.png\",\"width\":490,\"height\":500,\"caption\":\"Augment life Ashwagandha, beauty vitam\u00e1ny, luxuryesthetic\"},{\"@type\":\"BreadcrumbList\",\"@id\":\"https:\\\/\\\/www.beautypristroje.sk\\\/produkt\\\/augment-life-ashwagandha\\\/#breadcrumb\",\"itemListElement\":[{\"@type\":\"ListItem\",\"position\":1,\"name\":\"Domovsk\u00e1 str\u00e1nka\",\"item\":\"https:\\\/\\\/www.beautypristroje.sk\\\/\"},{\"@type\":\"ListItem\",\"position\":2,\"name\":\"Obchod\",\"item\":\"https:\\\/\\\/www.beautypristroje.sk\\\/obchod\\\/\"},{\"@type\":\"ListItem\",\"position\":3,\"name\":\"Augment life Ashwagandha 60 kaps\u00fal x 200mg\"}]},{\"@type\":\"WebSite\",\"@id\":\"https:\\\/\\\/www.beautypristroje.sk\\\/#website\",\"url\":\"https:\\\/\\\/www.beautypristroje.sk\\\/\",\"name\":\"Beauty pr\u00edstroje\",\"description\":\"Profesion\u00e1lne kozmetick\u00e9 pr\u00edstroje pre sal\u00f3ny a kliniky\",\"potentialAction\":[{\"@type\":\"SearchAction\",\"target\":{\"@type\":\"EntryPoint\",\"urlTemplate\":\"https:\\\/\\\/www.beautypristroje.sk\\\/?s={search_term_string}\"},\"query-input\":{\"@type\":\"PropertyValueSpecification\",\"valueRequired\":true,\"valueName\":\"search_term_string\"}}],\"inLanguage\":\"en-GB\"}]}<\/script>\n<!-- \/ Yoast SEO plugin. -->","yoast_head_json":{"title":"Augment life Ashwagandha 60 kaps\u00fal x 200mg - Beauty pr\u00edstroje","description":"Ashwaganda Augment Life je vytvoren\u00e1 pre t\u00fdch, ktor\u00ed chc\u00fa prirodzene podpori\u0165 du\u0161evn\u00fa rovnov\u00e1hu, energiu a celkov\u00e9 zdravie tela i mysle \u2013 v \u010distej, veg\u00e1nskej a vysoko \u00fa\u010dinnej forme.","robots":{"index":"index","follow":"follow","max-snippet":"max-snippet:-1","max-image-preview":"max-image-preview:large","max-video-preview":"max-video-preview:-1"},"canonical":"https:\/\/www.beautypristroje.sk\/en\/product\/augment-life-ashwagandha\/","og_locale":"en_GB","og_type":"article","og_title":"Augment life Ashwagandha 60 kaps\u00fal x 200mg - Beauty pr\u00edstroje","og_description":"Ashwaganda Augment Life je vytvoren\u00e1 pre t\u00fdch, ktor\u00ed chc\u00fa prirodzene podpori\u0165 du\u0161evn\u00fa rovnov\u00e1hu, energiu a celkov\u00e9 zdravie tela i mysle \u2013 v \u010distej, veg\u00e1nskej a vysoko \u00fa\u010dinnej forme.","og_url":"https:\/\/www.beautypristroje.sk\/en\/product\/augment-life-ashwagandha\/","og_site_name":"Beauty pr\u00edstroje","article_modified_time":"2025-11-20T13:58:01+00:00","og_image":[{"width":490,"height":500,"url":"https:\/\/www.beautypristroje.sk\/wp-content\/uploads\/2025\/10\/ashwaganda60x300.png","type":"image\/png"}],"twitter_card":"summary_large_image","twitter_misc":{"Estimated reading time":"2 minutes"},"schema":{"@context":"https:\/\/schema.org","@graph":[{"@type":"WebPage","@id":"https:\/\/www.beautypristroje.sk\/produkt\/augment-life-ashwagandha\/","url":"https:\/\/www.beautypristroje.sk\/produkt\/augment-life-ashwagandha\/","name":"Augment life Ashwagandha 60 kaps\u00fal x 200mg - Beauty pr\u00edstroje","isPartOf":{"@id":"https:\/\/www.beautypristroje.sk\/#website"},"primaryImageOfPage":{"@id":"https:\/\/www.beautypristroje.sk\/produkt\/augment-life-ashwagandha\/#primaryimage"},"image":{"@id":"https:\/\/www.beautypristroje.sk\/produkt\/augment-life-ashwagandha\/#primaryimage"},"thumbnailUrl":"https:\/\/www.beautypristroje.sk\/wp-content\/uploads\/2025\/10\/ashwaganda60x300.png","datePublished":"2025-10-15T11:25:35+00:00","dateModified":"2025-11-20T13:58:01+00:00","description":"Ashwaganda Augment Life je vytvoren\u00e1 pre t\u00fdch, ktor\u00ed chc\u00fa prirodzene podpori\u0165 du\u0161evn\u00fa rovnov\u00e1hu, energiu a celkov\u00e9 zdravie tela i mysle \u2013 v \u010distej, veg\u00e1nskej a vysoko \u00fa\u010dinnej forme.","breadcrumb":{"@id":"https:\/\/www.beautypristroje.sk\/produkt\/augment-life-ashwagandha\/#breadcrumb"},"inLanguage":"en-GB","potentialAction":[{"@type":"ReadAction","target":["https:\/\/www.beautypristroje.sk\/produkt\/augment-life-ashwagandha\/"]}]},{"@type":"ImageObject","inLanguage":"en-GB","@id":"https:\/\/www.beautypristroje.sk\/produkt\/augment-life-ashwagandha\/#primaryimage","url":"https:\/\/www.beautypristroje.sk\/wp-content\/uploads\/2025\/10\/ashwaganda60x300.png","contentUrl":"https:\/\/www.beautypristroje.sk\/wp-content\/uploads\/2025\/10\/ashwaganda60x300.png","width":490,"height":500,"caption":"Augment life Ashwagandha, beauty vitam\u00e1ny, luxuryesthetic"},{"@type":"BreadcrumbList","@id":"https:\/\/www.beautypristroje.sk\/produkt\/augment-life-ashwagandha\/#breadcrumb","itemListElement":[{"@type":"ListItem","position":1,"name":"Domovsk\u00e1 str\u00e1nka","item":"https:\/\/www.beautypristroje.sk\/"},{"@type":"ListItem","position":2,"name":"Obchod","item":"https:\/\/www.beautypristroje.sk\/obchod\/"},{"@type":"ListItem","position":3,"name":"Augment life Ashwagandha 60 kaps\u00fal x 200mg"}]},{"@type":"WebSite","@id":"https:\/\/www.beautypristroje.sk\/#website","url":"https:\/\/www.beautypristroje.sk\/","name":"Beauty pr\u00edstroje","description":"Profesion\u00e1lne kozmetick\u00e9 pr\u00edstroje pre sal\u00f3ny a kliniky","potentialAction":[{"@type":"SearchAction","target":{"@type":"EntryPoint","urlTemplate":"https:\/\/www.beautypristroje.sk\/?s={search_term_string}"},"query-input":{"@type":"PropertyValueSpecification","valueRequired":true,"valueName":"search_term_string"}}],"inLanguage":"en-GB"}]}},"_links":{"self":[{"href":"https:\/\/www.beautypristroje.sk\/en\/wp-json\/wp\/v2\/product\/1272","targetHints":{"allow":["GET"]}}],"collection":[{"href":"https:\/\/www.beautypristroje.sk\/en\/wp-json\/wp\/v2\/product"}],"about":[{"href":"https:\/\/www.beautypristroje.sk\/en\/wp-json\/wp\/v2\/types\/product"}],"replies":[{"embeddable":true,"href":"https:\/\/www.beautypristroje.sk\/en\/wp-json\/wp\/v2\/comments?post=1272"}],"wp:featuredmedia":[{"embeddable":true,"href":"https:\/\/www.beautypristroje.sk\/en\/wp-json\/wp\/v2\/media\/1273"}],"wp:attachment":[{"href":"https:\/\/www.beautypristroje.sk\/en\/wp-json\/wp\/v2\/media?parent=1272"}],"wp:term":[{"taxonomy":"product_brand","embeddable":true,"href":"https:\/\/www.beautypristroje.sk\/en\/wp-json\/wp\/v2\/product_brand?post=1272"},{"taxonomy":"product_cat","embeddable":true,"href":"https:\/\/www.beautypristroje.sk\/en\/wp-json\/wp\/v2\/product_cat?post=1272"},{"taxonomy":"product_tag","embeddable":true,"href":"https:\/\/www.beautypristroje.sk\/en\/wp-json\/wp\/v2\/product_tag?post=1272"}],"curies":[{"name":"wp","href":"https:\/\/api.w.org\/{rel}","templated":true}]}}