{"id":1268,"date":"2025-10-14T12:19:29","date_gmt":"2025-10-14T10:19:29","guid":{"rendered":"https:\/\/www.beautypristroje.sk\/?post_type=product&#038;p=1268"},"modified":"2025-11-26T11:11:53","modified_gmt":"2025-11-26T10:11:53","slug":"augment-life-vitamin-d3-k2","status":"publish","type":"product","link":"https:\/\/www.beautypristroje.sk\/en\/product\/augment-life-vitamin-d3-k2\/","title":{"rendered":"Augment life Vitam\u00edn D3 + K2 120 kaps\u00fal"},"content":{"rendered":"<div>Kombin\u00e1cia vitam\u00ednov D3 + K2 od Augment life je ide\u00e1lna na podporu imunity, zdravia kost\u00ed, zubov, svalov a srdca Cholekalciferol (D3) je typ vitam\u00ednu D, ktor\u00fd si va\u0161a poko\u017eka prirodzene vytv\u00e1ra zo slne\u010dn\u00e9ho \u017eiarenia. Vitam\u00edn K2 je podskupinou vitam\u00ednu K, ktor\u00fd produkuj\u00fa bakt\u00e9rie a nach\u00e1dza sa vo fermentovan\u00fdch potravin\u00e1ch. D3 zvy\u0161uje vstreb\u00e1vanie v\u00e1pnika a fosf\u00e1tov z \u010driev do krvi, zatia\u013e \u010do K2 pom\u00e1ha vies\u0165 v\u00e1pnik do kost\u00ed a pre\u010d z tepien. Tento synergick\u00fd \u00fa\u010dinok pom\u00e1ha podporova\u0165 zdravie kostry aj kardiovaskul\u00e1rneho syst\u00e9mu a je ide\u00e1lnou kombin\u00e1ciou na ka\u017edodenn\u00e9 u\u017e\u00edvanie.<\/div>\n<div>Zvy\u010dajn\u00e1 denn\u00e1 d\u00e1vka na udr\u017eiavanie je 1000 \u2013 2000 IU (25 \u2013 50 mcg) D3 a 100 \u2013 200 mcg K2.<\/div>\n<div>Ke\u010f\u017ee s\u00fa rozpustn\u00e9 v tukoch, je u\u017eito\u010dn\u00e9 u\u017e\u00edva\u0165 tieto vitam\u00edny s jedlom.<\/div>\n<div>Ved\u013eaj\u0161ie \u00fa\u010dinky s\u00fa pri t\u00fdchto d\u00e1vkach ve\u013emi zriedkav\u00e9.<\/div>\n<div>N\u00e1\u0161 vitam\u00edn D3 poch\u00e1dza z li\u0161ajn\u00edka soba, pr\u00edrodn\u00e9ho a veg\u00e1nskeho zdroja.<\/div>\n<h3>Pre\u010do si zvoli\u0165 doplnky Augment Life<\/h3>\n<div>\u2022 Synergick\u00fd \u00fa\u010dinok D3 a K2<span class=\"uJ19be notranslate\" data-wiz-uids=\"kevGcc_u,kevGcc_v\" data-complete=\"true\" data-processed=\"true\"><span class=\"vKEkVd\" data-animation-atomic=\"\" data-sae=\"\">\u00a0<\/span><\/span> \u2013 T\u00e1to kombin\u00e1cia je efekt\u00edvnej\u0161ia ako u\u017e\u00edvanie samotn\u00e9ho vitam\u00ednu D3, preto\u017ee zabezpe\u010duje spr\u00e1vnu distrib\u00faciu v\u00e1pnika v tele.<\/div>\n<div>\u2022 \u010cist\u00e9 rastlinn\u00e9 zlo\u017eenie \u2013 kapsuly z HPMC (rastlinn\u00e1 gluk\u00f3za), bez \u017eelat\u00edny a umel\u00fdch pr\u00edsad.<\/div>\n<div>\u2022 Udr\u017eate\u013en\u00e9 balenie \u2013 FSC certifikovan\u00e9 papierov\u00e9 tubusy zodpovedn\u00e9 k \u017eivotn\u00e9mu prostrediu.<\/div>\n<div>\n<div>\u2022<span style=\"letter-spacing: 0em;\"> Skladovanie &#8211; Produkt je dod\u00e1van\u00fd v n\u00e1dobe z jant\u00e1rov\u00e9ho skla, \u010do pom\u00e1ha chr\u00e1ni\u0165 obsah pred svetlom<\/span><\/div>\n<\/div>\n<div>\u2022 Vyroben\u00e9 v E\u00da \u2013 pod\u013ea najvy\u0161\u0161\u00edch \u0161tandardov kvality a bezpe\u010dnosti.<\/div>\n<div><\/div>\n<h3 class=\"AdPoic\" role=\"heading\" aria-level=\"3\" data-processed=\"true\" data-complete=\"true\">\u00da\u010dinky vitam\u00ednu D3 + K2 (MK7)<\/h3>\n<div>\n<ul class=\"KsbFXc U6u95\" data-complete=\"true\" data-processed=\"true\">\n<li data-hveid=\"CAEIBxAA\" data-complete=\"true\" data-sae=\"\"><span class=\"T286Pc\" data-sfc-cp=\"\" data-complete=\"true\"><strong class=\"Yjhzub\" data-complete=\"true\">Zdrav\u00e9 kosti a zuby:<\/strong>\u00a0Vitam\u00edn D3 podporuje vstreb\u00e1vanie v\u00e1pnika, zatia\u013e \u010do vitam\u00edn K2 nasmeruje v\u00e1pnik do kost\u00ed a zubov, kde je potrebn\u00fd. Spolo\u010dne tak prispievaj\u00fa k udr\u017eaniu zdrav\u00e9ho kostn\u00e9ho tkaniva.<\/span><\/li>\n<li data-hveid=\"CAEIBxAB\" data-complete=\"true\" data-sae=\"\"><span class=\"T286Pc\" data-sfc-cp=\"\" data-complete=\"true\"><strong class=\"Yjhzub\" data-complete=\"true\">Zdravie srdca a ciev:<\/strong>\u00a0Vitam\u00edn K2 pom\u00e1ha zabr\u00e1ni\u0165 ukladaniu v\u00e1pnika v cievach, \u010d\u00edm prispieva k pru\u017enosti tepien a zni\u017euje riziko kalcifik\u00e1cie (v\u00e1penatenia) ciev. T\u00fdm podporuje kardiovaskul\u00e1rne zdravie.<\/span><\/li>\n<li data-hveid=\"CAEIBxAC\" data-complete=\"true\" data-sae=\"\"><span class=\"T286Pc\" data-sfc-cp=\"\" data-complete=\"true\"><strong class=\"Yjhzub\" data-complete=\"true\">Imunitn\u00fd syst\u00e9m:<\/strong>\u00a0Vitam\u00edn D3 je d\u00f4le\u017eit\u00fd pre spr\u00e1vne fungovanie imunitn\u00e9ho syst\u00e9mu, najm\u00e4 po\u010das jesenn\u00fdch a zimn\u00fdch mesiacov.<\/span><\/li>\n<li data-hveid=\"CAEIBxAD\" data-complete=\"true\" data-sae=\"\"><span class=\"T286Pc\" data-sfc-cp=\"\" data-complete=\"true\"><strong class=\"Yjhzub\" data-complete=\"true\">Synergick\u00fd efekt:<\/strong>\u00a0Kombin\u00e1cia vitam\u00ednov D3 a K2 zvy\u0161uje \u00fa\u010dinky oboch vitam\u00ednov.<\/span><\/li>\n<\/ul>\n<h3 class=\"AdPoic\" role=\"heading\" aria-level=\"3\" data-processed=\"true\" data-complete=\"true\">Pre koho je produkt vhodn\u00fd<\/h3>\n<ul class=\"KsbFXc U6u95\" data-complete=\"true\" data-processed=\"true\">\n<li data-hveid=\"CAEIDBAA\" data-complete=\"true\" data-sae=\"\"><span class=\"T286Pc\" data-sfc-cp=\"\" data-complete=\"true\"><strong class=\"Yjhzub\" data-complete=\"true\">Star\u0161\u00ed \u013eudia a \u017eeny po menopauze:<\/strong>\u00a0Tieto skupiny maj\u00fa zv\u00fd\u0161en\u00e9 riziko osteopor\u00f3zy a slab\u00fdch kost\u00ed.<\/span><\/li>\n<li data-hveid=\"CAEIDBAB\" data-complete=\"true\" data-sae=\"\"><span class=\"T286Pc\" data-sfc-cp=\"\" data-complete=\"true\"><strong class=\"Yjhzub\" data-complete=\"true\">\u013dudia s nedostatkom vitam\u00ednu D:<\/strong>\u00a0Ide najm\u00e4 o \u013eud\u00ed, ktor\u00ed sa m\u00e1lo vystavuj\u00fa slne\u010dn\u00e9mu \u017eiareniu.<\/span><\/li>\n<li data-hveid=\"CAEIDBAC\" data-complete=\"true\" data-sae=\"\"><span class=\"T286Pc\" data-sfc-cp=\"\" data-complete=\"true\"><strong class=\"Yjhzub\" data-complete=\"true\">\u013dudia s kardiovaskul\u00e1rnymi probl\u00e9mami:<\/strong>\u00a0Pom\u00e1ha podporova\u0165 zdravie ciev.<\/span><\/li>\n<li data-hveid=\"CAEIDBAD\" data-complete=\"true\" data-sae=\"\"><span class=\"T286Pc\" data-sfc-cp=\"\" data-complete=\"true\"><strong class=\"Yjhzub\" data-complete=\"true\">Doj\u010diace a tehotn\u00e9 \u017eeny:<\/strong>\u00a0Mali by u\u017e\u00edvanie konzultova\u0165 s lek\u00e1rom.<\/span><span class=\"uJ19be notranslate\" data-wiz-uids=\"GABCs_32,GABCs_33\" data-complete=\"true\"><span class=\"vKEkVd\" data-animation-atomic=\"\" data-sae=\"\">\u00a0<\/span><\/span><\/li>\n<\/ul>\n<\/div>\n<div><\/div>\n<h3>Zodpovedn\u00fd pr\u00edstup k plan\u00e9te<\/h3>\n<div>Ka\u017ed\u00e9 rozhodnutie, ktor\u00e9 v spolo\u010dnosti Augument Life rob\u00edme, zoh\u013ead\u0148uje zdravie na\u0161ej plan\u00e9ty.<\/div>\n<div>V ka\u017edej f\u00e1ze v\u00fdroby sa sna\u017e\u00edme minimalizova\u0165 odpad a uhl\u00edkov\u00fa stopu, vyu\u017e\u00edvame udr\u017eate\u013en\u00e9 materi\u00e1ly a 100 % biologicky rozlo\u017eite\u013en\u00e9 obaly.<\/div>\n<div>Po spotrebovan\u00ed doplnku m\u00f4\u017eete tubus znovu vyu\u017ei\u0165 \u2013 napr\u00edklad na sponky, \u0161pendl\u00edky alebo tvoriv\u00e9 projekty.<\/div>\n<div>\n<h3>D\u00e1vkovanie<\/h3>\n<p>Odpor\u00fa\u010dan\u00e1 d\u00e1vka je 1 kapsula denne<\/p>\n<\/div>\n<h3>Zlo\u017eenie a balenie<\/h3>\n<div>\u2022 Kapsuly: 120<\/div>\n<div>\u2022 Materi\u00e1l kaps\u00fal: HPMC (rastlinn\u00e1 gluk\u00f3za)<\/div>\n<div>\n<p>\u2022 Obsah: K<span style=\"letter-spacing: 0em;\">a\u017ed\u00e1 kapsula obsahuje:<\/span><span class=\"uJ19be notranslate\" style=\"letter-spacing: 0em;\" data-wiz-uids=\"ct9BA_1f,ct9BA_1g\" data-complete=\"true\" data-processed=\"true\"><span class=\"vKEkVd\" data-animation-atomic=\"\" data-sae=\"\">\u00a0<\/span><\/span><\/p>\n<div class=\"Y3BBE\" data-sfc-cp=\"\" data-hveid=\"CAcQAA\" data-complete=\"true\" data-processed=\"true\">\n<ul class=\"KsbFXc U6u95\" data-complete=\"true\">\n<li data-hveid=\"CAEIBRAC\" data-complete=\"true\" data-sae=\"\"><span class=\"T286Pc\" data-sfc-cp=\"\" data-complete=\"true\"><strong class=\"Yjhzub\" data-complete=\"true\">Vitam\u00edn D3:<\/strong>\u00a04000 IU (100 \u00b5g).<\/span><\/li>\n<li data-hveid=\"CAEIBRAD\" data-complete=\"true\" data-sae=\"\"><span class=\"T286Pc\" data-sfc-cp=\"\" data-complete=\"true\"><strong class=\"Yjhzub\" data-complete=\"true\">Vitam\u00edn K2 (MK7):<\/strong>\u00a075 \u00b5g.<\/span><\/li>\n<li data-hveid=\"CAEIBRAD\" data-complete=\"true\" data-sae=\"\">Plniaca l\u00e1tka (mikrokry\u0161talick\u00e1 celul\u00f3za)<\/li>\n<li data-hveid=\"CAEIBRAD\" data-complete=\"true\" data-sae=\"\">HPMC obal kapsuly 105 mg<\/li>\n<li data-hveid=\"CAEIBRAD\" data-complete=\"true\" data-sae=\"\">Protihrudkuj\u00faca l\u00e1tka (magnesium salts of Tukyty acids<\/li>\n<\/ul>\n<p>Neobsahuje: alerg\u00e9ny, glut\u00e9n, mlie\u010dne v\u00fdrobky, s\u00f3ja, oxid kremi\u010dit\u00fd.<\/p>\n<\/div>\n<\/div>\n<div>\u2022 Ve\u013ekos\u0165 kapsuly: 125 \u00b5g<\/div>\n<div>\u2022 Obal: jant\u00e1rov\u00e9 sklo<\/div>\n<div>\u2022 Rozmery obalu:<\/div>\n<div>\u2003\u2022 V\u00fd\u0161ka 75 mm, priemer 70 mm<\/div>\n<div>\u2022 Etikety: Povrchovo upraven\u00fd papier s r\u00fdchlou biologickou rozlo\u017eite\u013enos\u0165ou<\/div>\n<div><\/div>\n<div>\n<h3 class=\"AdPoic\" role=\"heading\" aria-level=\"3\" data-complete=\"true\" data-processed=\"true\">Upozornenie<\/h3>\n<ul class=\"KsbFXc U6u95\" data-processed=\"true\" data-complete=\"true\">\n<li data-hveid=\"CAEIDhAA\" data-complete=\"true\" data-sae=\"\"><span class=\"T286Pc\" data-sfc-cp=\"\" data-complete=\"true\">Pred za\u010dat\u00edm u\u017e\u00edvania ak\u00e9hoko\u013evek doplnku v\u00fd\u017eivy sa odpor\u00fa\u010da poradi\u0165 sa s lek\u00e1rom alebo lek\u00e1rnikom, najm\u00e4 ak u\u017e\u00edvate lieky na riedenie krvi (antikoagulanci\u00e1).<\/span><\/li>\n<li data-hveid=\"CAEIDhAB\" data-sae=\"\" data-complete=\"true\"><span class=\"T286Pc\" data-sfc-cp=\"\" data-complete=\"true\">Neprekra\u010dujte odpor\u00fa\u010dan\u00e9 denn\u00e9 d\u00e1vkovanie.<\/span><\/li>\n<\/ul>\n<\/div>","protected":false},"excerpt":{"rendered":"<div>Kombin\u00e1cia t\u00fdchto dvoch vitam\u00ednov je k\u013e\u00fa\u010dov\u00e1 pre efekt\u00edvne vyu\u017eitie v\u00e1pnika v tele<\/div>\n<div><\/div>","protected":false},"featured_media":2679,"comment_status":"closed","ping_status":"closed","template":"","meta":{"_acf_changed":false},"product_brand":[79],"product_cat":[51],"product_tag":[],"class_list":{"0":"post-1268","1":"product","2":"type-product","3":"status-publish","4":"has-post-thumbnail","6":"product_brand-augment-life","7":"product_cat-anti-aging-longevity","9":"first","10":"instock","11":"taxable","12":"shipping-taxable","13":"purchasable","14":"product-type-simple"},"acf":[],"yoast_head":"<!-- This site is optimized with the Yoast SEO plugin v27.5 - https:\/\/yoast.com\/product\/yoast-seo-wordpress\/ -->\n<title>Augment life Vitam\u00edn D3 + K2 120 kaps\u00fal - Beauty pr\u00edstroje<\/title>\n<meta name=\"description\" content=\"Kombin\u00e1cia vitam\u00ednov D3 + K2 od Augment life podporuje imunitu, zdravie kost\u00ed a zubov, srdca a je k\u013e\u00fa\u010dov\u00e1 pre efekt\u00edvne vyu\u017eitie v\u00e1pnika v tele\" \/>\n<meta name=\"robots\" content=\"index, follow, max-snippet:-1, max-image-preview:large, max-video-preview:-1\" \/>\n<link rel=\"canonical\" href=\"https:\/\/www.beautypristroje.sk\/en\/product\/augment-life-vitamin-d3-k2\/\" \/>\n<meta property=\"og:locale\" content=\"en_GB\" \/>\n<meta property=\"og:type\" content=\"article\" \/>\n<meta property=\"og:title\" content=\"Augment life Vitam\u00edn D3 + K2 120 kaps\u00fal - Beauty pr\u00edstroje\" \/>\n<meta property=\"og:description\" content=\"Kombin\u00e1cia vitam\u00ednov D3 + K2 od Augment life podporuje imunitu, zdravie kost\u00ed a zubov, srdca a je k\u013e\u00fa\u010dov\u00e1 pre efekt\u00edvne vyu\u017eitie v\u00e1pnika v tele\" \/>\n<meta property=\"og:url\" content=\"https:\/\/www.beautypristroje.sk\/en\/product\/augment-life-vitamin-d3-k2\/\" \/>\n<meta property=\"og:site_name\" content=\"Beauty pr\u00edstroje\" \/>\n<meta property=\"article:modified_time\" content=\"2025-11-26T10:11:53+00:00\" \/>\n<meta property=\"og:image\" content=\"https:\/\/www.beautypristroje.sk\/wp-content\/uploads\/2025\/10\/Vitamin-D3K2-120x0175-210x60-BLK-SK.jpg\" \/>\n\t<meta property=\"og:image:width\" content=\"1106\" \/>\n\t<meta property=\"og:image:height\" content=\"1080\" \/>\n\t<meta property=\"og:image:type\" content=\"image\/jpeg\" \/>\n<meta name=\"twitter:card\" content=\"summary_large_image\" \/>\n<meta name=\"twitter:label1\" content=\"Estimated reading time\" \/>\n\t<meta name=\"twitter:data1\" content=\"4 minutes\" \/>\n<script type=\"application\/ld+json\" class=\"yoast-schema-graph\">{\"@context\":\"https:\\\/\\\/schema.org\",\"@graph\":[{\"@type\":\"WebPage\",\"@id\":\"https:\\\/\\\/www.beautypristroje.sk\\\/produkt\\\/augment-life-vitamin-d3-k2\\\/\",\"url\":\"https:\\\/\\\/www.beautypristroje.sk\\\/produkt\\\/augment-life-vitamin-d3-k2\\\/\",\"name\":\"Augment life Vitam\u00edn D3 + K2 120 kaps\u00fal - Beauty pr\u00edstroje\",\"isPartOf\":{\"@id\":\"https:\\\/\\\/www.beautypristroje.sk\\\/#website\"},\"primaryImageOfPage\":{\"@id\":\"https:\\\/\\\/www.beautypristroje.sk\\\/produkt\\\/augment-life-vitamin-d3-k2\\\/#primaryimage\"},\"image\":{\"@id\":\"https:\\\/\\\/www.beautypristroje.sk\\\/produkt\\\/augment-life-vitamin-d3-k2\\\/#primaryimage\"},\"thumbnailUrl\":\"https:\\\/\\\/www.beautypristroje.sk\\\/wp-content\\\/uploads\\\/2025\\\/10\\\/Vitamin-D3K2-120x0175-210x60-BLK-SK.jpg\",\"datePublished\":\"2025-10-14T10:19:29+00:00\",\"dateModified\":\"2025-11-26T10:11:53+00:00\",\"description\":\"Kombin\u00e1cia vitam\u00ednov D3 + K2 od Augment life podporuje imunitu, zdravie kost\u00ed a zubov, srdca a je k\u013e\u00fa\u010dov\u00e1 pre efekt\u00edvne vyu\u017eitie v\u00e1pnika v tele\",\"breadcrumb\":{\"@id\":\"https:\\\/\\\/www.beautypristroje.sk\\\/produkt\\\/augment-life-vitamin-d3-k2\\\/#breadcrumb\"},\"inLanguage\":\"en-GB\",\"potentialAction\":[{\"@type\":\"ReadAction\",\"target\":[\"https:\\\/\\\/www.beautypristroje.sk\\\/produkt\\\/augment-life-vitamin-d3-k2\\\/\"]}]},{\"@type\":\"ImageObject\",\"inLanguage\":\"en-GB\",\"@id\":\"https:\\\/\\\/www.beautypristroje.sk\\\/produkt\\\/augment-life-vitamin-d3-k2\\\/#primaryimage\",\"url\":\"https:\\\/\\\/www.beautypristroje.sk\\\/wp-content\\\/uploads\\\/2025\\\/10\\\/Vitamin-D3K2-120x0175-210x60-BLK-SK.jpg\",\"contentUrl\":\"https:\\\/\\\/www.beautypristroje.sk\\\/wp-content\\\/uploads\\\/2025\\\/10\\\/Vitamin-D3K2-120x0175-210x60-BLK-SK.jpg\",\"width\":1106,\"height\":1080,\"caption\":\"Vitam\u00edn D3+K2, Augment life, beautyvitam\u00edny, doplnky v\u00fd\u017eivy\"},{\"@type\":\"BreadcrumbList\",\"@id\":\"https:\\\/\\\/www.beautypristroje.sk\\\/produkt\\\/augment-life-vitamin-d3-k2\\\/#breadcrumb\",\"itemListElement\":[{\"@type\":\"ListItem\",\"position\":1,\"name\":\"Domovsk\u00e1 str\u00e1nka\",\"item\":\"https:\\\/\\\/www.beautypristroje.sk\\\/\"},{\"@type\":\"ListItem\",\"position\":2,\"name\":\"Obchod\",\"item\":\"https:\\\/\\\/www.beautypristroje.sk\\\/obchod\\\/\"},{\"@type\":\"ListItem\",\"position\":3,\"name\":\"Augment life Vitam\u00edn D3 + K2 120 kaps\u00fal\"}]},{\"@type\":\"WebSite\",\"@id\":\"https:\\\/\\\/www.beautypristroje.sk\\\/#website\",\"url\":\"https:\\\/\\\/www.beautypristroje.sk\\\/\",\"name\":\"Beauty pr\u00edstroje\",\"description\":\"Profesion\u00e1lne kozmetick\u00e9 pr\u00edstroje pre sal\u00f3ny a kliniky\",\"potentialAction\":[{\"@type\":\"SearchAction\",\"target\":{\"@type\":\"EntryPoint\",\"urlTemplate\":\"https:\\\/\\\/www.beautypristroje.sk\\\/?s={search_term_string}\"},\"query-input\":{\"@type\":\"PropertyValueSpecification\",\"valueRequired\":true,\"valueName\":\"search_term_string\"}}],\"inLanguage\":\"en-GB\"}]}<\/script>\n<!-- \/ Yoast SEO plugin. -->","yoast_head_json":{"title":"Augment life Vitam\u00edn D3 + K2 120 kaps\u00fal - Beauty pr\u00edstroje","description":"Kombin\u00e1cia vitam\u00ednov D3 + K2 od Augment life podporuje imunitu, zdravie kost\u00ed a zubov, srdca a je k\u013e\u00fa\u010dov\u00e1 pre efekt\u00edvne vyu\u017eitie v\u00e1pnika v tele","robots":{"index":"index","follow":"follow","max-snippet":"max-snippet:-1","max-image-preview":"max-image-preview:large","max-video-preview":"max-video-preview:-1"},"canonical":"https:\/\/www.beautypristroje.sk\/en\/product\/augment-life-vitamin-d3-k2\/","og_locale":"en_GB","og_type":"article","og_title":"Augment life Vitam\u00edn D3 + K2 120 kaps\u00fal - Beauty pr\u00edstroje","og_description":"Kombin\u00e1cia vitam\u00ednov D3 + K2 od Augment life podporuje imunitu, zdravie kost\u00ed a zubov, srdca a je k\u013e\u00fa\u010dov\u00e1 pre efekt\u00edvne vyu\u017eitie v\u00e1pnika v tele","og_url":"https:\/\/www.beautypristroje.sk\/en\/product\/augment-life-vitamin-d3-k2\/","og_site_name":"Beauty pr\u00edstroje","article_modified_time":"2025-11-26T10:11:53+00:00","og_image":[{"width":1106,"height":1080,"url":"https:\/\/www.beautypristroje.sk\/wp-content\/uploads\/2025\/10\/Vitamin-D3K2-120x0175-210x60-BLK-SK.jpg","type":"image\/jpeg"}],"twitter_card":"summary_large_image","twitter_misc":{"Estimated reading time":"4 minutes"},"schema":{"@context":"https:\/\/schema.org","@graph":[{"@type":"WebPage","@id":"https:\/\/www.beautypristroje.sk\/produkt\/augment-life-vitamin-d3-k2\/","url":"https:\/\/www.beautypristroje.sk\/produkt\/augment-life-vitamin-d3-k2\/","name":"Augment life Vitam\u00edn D3 + K2 120 kaps\u00fal - Beauty pr\u00edstroje","isPartOf":{"@id":"https:\/\/www.beautypristroje.sk\/#website"},"primaryImageOfPage":{"@id":"https:\/\/www.beautypristroje.sk\/produkt\/augment-life-vitamin-d3-k2\/#primaryimage"},"image":{"@id":"https:\/\/www.beautypristroje.sk\/produkt\/augment-life-vitamin-d3-k2\/#primaryimage"},"thumbnailUrl":"https:\/\/www.beautypristroje.sk\/wp-content\/uploads\/2025\/10\/Vitamin-D3K2-120x0175-210x60-BLK-SK.jpg","datePublished":"2025-10-14T10:19:29+00:00","dateModified":"2025-11-26T10:11:53+00:00","description":"Kombin\u00e1cia vitam\u00ednov D3 + K2 od Augment life podporuje imunitu, zdravie kost\u00ed a zubov, srdca a je k\u013e\u00fa\u010dov\u00e1 pre efekt\u00edvne vyu\u017eitie v\u00e1pnika v tele","breadcrumb":{"@id":"https:\/\/www.beautypristroje.sk\/produkt\/augment-life-vitamin-d3-k2\/#breadcrumb"},"inLanguage":"en-GB","potentialAction":[{"@type":"ReadAction","target":["https:\/\/www.beautypristroje.sk\/produkt\/augment-life-vitamin-d3-k2\/"]}]},{"@type":"ImageObject","inLanguage":"en-GB","@id":"https:\/\/www.beautypristroje.sk\/produkt\/augment-life-vitamin-d3-k2\/#primaryimage","url":"https:\/\/www.beautypristroje.sk\/wp-content\/uploads\/2025\/10\/Vitamin-D3K2-120x0175-210x60-BLK-SK.jpg","contentUrl":"https:\/\/www.beautypristroje.sk\/wp-content\/uploads\/2025\/10\/Vitamin-D3K2-120x0175-210x60-BLK-SK.jpg","width":1106,"height":1080,"caption":"Vitam\u00edn D3+K2, Augment life, beautyvitam\u00edny, doplnky v\u00fd\u017eivy"},{"@type":"BreadcrumbList","@id":"https:\/\/www.beautypristroje.sk\/produkt\/augment-life-vitamin-d3-k2\/#breadcrumb","itemListElement":[{"@type":"ListItem","position":1,"name":"Domovsk\u00e1 str\u00e1nka","item":"https:\/\/www.beautypristroje.sk\/"},{"@type":"ListItem","position":2,"name":"Obchod","item":"https:\/\/www.beautypristroje.sk\/obchod\/"},{"@type":"ListItem","position":3,"name":"Augment life Vitam\u00edn D3 + K2 120 kaps\u00fal"}]},{"@type":"WebSite","@id":"https:\/\/www.beautypristroje.sk\/#website","url":"https:\/\/www.beautypristroje.sk\/","name":"Beauty pr\u00edstroje","description":"Profesion\u00e1lne kozmetick\u00e9 pr\u00edstroje pre sal\u00f3ny a kliniky","potentialAction":[{"@type":"SearchAction","target":{"@type":"EntryPoint","urlTemplate":"https:\/\/www.beautypristroje.sk\/?s={search_term_string}"},"query-input":{"@type":"PropertyValueSpecification","valueRequired":true,"valueName":"search_term_string"}}],"inLanguage":"en-GB"}]}},"_links":{"self":[{"href":"https:\/\/www.beautypristroje.sk\/en\/wp-json\/wp\/v2\/product\/1268","targetHints":{"allow":["GET"]}}],"collection":[{"href":"https:\/\/www.beautypristroje.sk\/en\/wp-json\/wp\/v2\/product"}],"about":[{"href":"https:\/\/www.beautypristroje.sk\/en\/wp-json\/wp\/v2\/types\/product"}],"replies":[{"embeddable":true,"href":"https:\/\/www.beautypristroje.sk\/en\/wp-json\/wp\/v2\/comments?post=1268"}],"wp:featuredmedia":[{"embeddable":true,"href":"https:\/\/www.beautypristroje.sk\/en\/wp-json\/wp\/v2\/media\/2679"}],"wp:attachment":[{"href":"https:\/\/www.beautypristroje.sk\/en\/wp-json\/wp\/v2\/media?parent=1268"}],"wp:term":[{"taxonomy":"product_brand","embeddable":true,"href":"https:\/\/www.beautypristroje.sk\/en\/wp-json\/wp\/v2\/product_brand?post=1268"},{"taxonomy":"product_cat","embeddable":true,"href":"https:\/\/www.beautypristroje.sk\/en\/wp-json\/wp\/v2\/product_cat?post=1268"},{"taxonomy":"product_tag","embeddable":true,"href":"https:\/\/www.beautypristroje.sk\/en\/wp-json\/wp\/v2\/product_tag?post=1268"}],"curies":[{"name":"wp","href":"https:\/\/api.w.org\/{rel}","templated":true}]}}