{"id":1223,"date":"2025-10-13T08:55:51","date_gmt":"2025-10-13T06:55:51","guid":{"rendered":"https:\/\/www.beautypristroje.sk\/?post_type=product&#038;p=1223"},"modified":"2025-11-25T20:46:35","modified_gmt":"2025-11-25T19:46:35","slug":"augment-life-kolagen-200g-prasok","status":"publish","type":"product","link":"https:\/\/www.beautypristroje.sk\/en\/product\/augment-life-kolagen-200g-prasok\/","title":{"rendered":"Augment life Kolag\u00e9n 200g pr\u00e1\u0161ok"},"content":{"rendered":"<div>Kolag\u00e9n je najd\u00f4le\u017eitej\u0161\u00ed prote\u00edn v \u013eudskom tele. Nach\u00e1dza sa v poko\u017eke, kostiach, \u0161\u013each\u00e1ch, chrupavk\u00e1ch a spojivov\u00fdch tkaniv\u00e1ch, kde vytv\u00e1ra \u0161trukt\u00faru a pevnos\u0165. S prib\u00fadaj\u00facim vekom sa jeho prirodzen\u00e1 tvorba zni\u017euje, \u010do vedie k strate elasticity poko\u017eky, oslabeniu k\u013abov a spomalenej regener\u00e1cii tkan\u00edv.<\/div>\n<div>Doplnok v\u00fd\u017eivy Augument Life Kolag\u00e9n poskytuje vysok\u00fd obsah \u013eahko vstrebate\u013en\u00e9ho kolag\u00e9nu a esenci\u00e1lnych aminokysel\u00edn potrebn\u00fdch pre jeho tvorbu. V klinick\u00fdch \u0161t\u00fadi\u00e1ch sa preuk\u00e1zalo, \u017ee kolag\u00e9n podporuje regener\u00e1ciu poko\u017eky, vlasov, nechtov, \u0161liach a k\u013abov, \u010d\u00edm pom\u00e1ha zmierni\u0165 prejavy starnutia a zlep\u0161uje celkov\u00fa vitalitu.<\/div>\n<div><\/div>\n<h3>Pre\u010do si zvoli\u0165 doplnky Augment Life<\/h3>\n<div>\u2022 Vysok\u00fd obsah bioakt\u00edvnych kolag\u00e9nov\u00fdch peptidov s v\u00fdbornou vstrebate\u013enos\u0165ou.<\/div>\n<div>\u2022 Podporuje zdravie ko\u017ee, vlasov, nechtov, k\u013abov a svalov.<\/div>\n<div>\u2022 Vhodn\u00e9 pre veg\u00e1nov, bezlepkov\u00e9, k\u00f3\u0161er a halal.<\/div>\n<div>\u2022 Vyroben\u00e9 pod\u013ea noriem ISO 9001 a ISO 22000 v zariadeniach s kontrolovanou vlhkos\u0165ou a te<\/div>\n<h3>V\u00fdhody<\/h3>\n<ul>\n<li>Podporuje zdrav\u00e9 vlasy, poko\u017eku a nechty<\/li>\n<li>Zni\u017euje zn\u00e1mky starnutia<\/li>\n<li>Zlep\u0161ujte \u0161portov\u00fa v\u00fdkonnos\u0165<\/li>\n<li>Podporuje regener\u00e1ciu tkan\u00edv<\/li>\n<li>Zlep\u0161uje kvalitu sp\u00e1nku<\/li>\n<\/ul>\n<div>\n<h3>Zodpovedn\u00fd pr\u00edstup k plan\u00e9te<\/h3>\n<div>Ka\u017ed\u00e9 rozhodnutie, ktor\u00e9 v spolo\u010dnosti Augument Life rob\u00edme, zoh\u013ead\u0148uje zdravie na\u0161ej plan\u00e9ty.<\/div>\n<div>V ka\u017edej f\u00e1ze v\u00fdroby sa sna\u017e\u00edme minimalizova\u0165 odpad a uhl\u00edkov\u00fa stopu, vyu\u017e\u00edvame udr\u017eate\u013en\u00e9 materi\u00e1ly a 100 % biologicky rozlo\u017eite\u013en\u00e9 obaly.<\/div>\n<div>Po spotrebovan\u00ed doplnku m\u00f4\u017eete tubus znovu vyu\u017ei\u0165 \u2013 napr\u00edklad na sponky, \u0161pendl\u00edky alebo tvoriv\u00e9 projekty.<\/div>\n<div>\n<h3>D\u00e1vkovanie<\/h3>\n<p>V\u0161eobecn\u00e9 odpor\u00fa\u010dania odpor\u00fa\u010daj\u00fa od 2,5 do 15 gramov denne, Pred\u00e1va sa ako pr\u00e1\u0161ok, z\u00e1kazn\u00edci m\u00f4\u017eu u\u017e\u00edva\u0165 jednu odmerku (5 g) dvakr\u00e1t alebo trikr\u00e1t denne<\/p>\n<\/div>\n<h3>Balenie a zlo\u017eenie<\/h3>\n<div>\u2022 Obal: FSC certifikovan\u00fd papierov\u00fd tubus z udr\u017eate\u013en\u00fdch zdrojov<\/div>\n<div>\u2022 Obsah: Neobsahuje alerg\u00e9ny, glut\u00e9n, mlie\u010dne v\u00fdrobky, s\u00f3ja, oxid kremi\u010dit\u00fd, monokry\u0161talick\u00e1 celul\u00f3za, ani \u017eiadne in\u00e9 plniv\u00e1.<\/div>\n<div>V\u00fd\u017eivov\u00e9 hodnoty\u00a0 \u00a0 \u00a0 \u00a0 \u00a0 \u00a0na 100 g\u00a0 \u00a0 \u00a0 \u00a0 \u00a0 \u00a0 \u00a0 \u00a0 \u00a0 \u00a0 \u00a0na 10 g<br \/>\nKal\u00f3rie:\u00a0 \u00a0 \u00a0 \u00a0 \u00a0 \u00a0 \u00a0 \u00a0 \u00a0 \u00a0 \u00a0 1530 kJ\/360 kcal\u00a0 \u00a0 \u00a0 \u00a0 153 kJ\/36 kcal<br \/>\nTuky:\u00a0 \u00a0 \u00a0 \u00a0 \u00a0 \u00a0 \u00a0 \u00a0 \u00a0 \u00a0 \u00a0 \u00a0 \u00a0 \u00a0 \u00a0 \u00a0 \u00a0 0 g\u00a0 \u00a0 \u00a0 \u00a0 \u00a0 \u00a0 \u00a0 \u00a0 \u00a0 \u00a0 \u00a0 \u00a0 \u00a0 \u00a0 \u00a0 0 g<br \/>\nSacharidy:\u00a0 \u00a0 \u00a0 \u00a0 \u00a0 \u00a0 \u00a0 \u00a0 \u00a0 \u00a0 \u00a0 \u00a0 \u00a0 1 g\u00a0 \u00a0 \u00a0 \u00a0 \u00a0 \u00a0 \u00a0 \u00a0 \u00a0 \u00a0 \u00a0 \u00a0 \u00a0 \u00a0 0,1 g<br \/>\ncukor:\u00a0 \u00a0 \u00a0 \u00a0 \u00a0 \u00a0 \u00a0 \u00a0 \u00a0 \u00a0 \u00a0 \u00a0 \u00a0 \u00a0 \u00a0 \u00a0 \u00a00 g\u00a0 \u00a0 \u00a0 \u00a0 \u00a0 \u00a0 \u00a0 \u00a0 \u00a0 \u00a0 \u00a0 \u00a0 \u00a0 \u00a0 \u00a0 0 g<br \/>\nBielkoviny:\u00a0 \u00a0 \u00a0 \u00a0 \u00a0 \u00a0 \u00a0 \u00a0 \u00a0 \u00a0 \u00a0 \u00a0 98 g\u00a0 \u00a0 \u00a0 \u00a0 \u00a0 \u00a0 \u00a0 \u00a0 \u00a0 \u00a0 \u00a0 \u00a0 \u00a0 \u00a09,8 g<br \/>\nKolag\u00e9n:\u00a0 \u00a0 \u00a0 \u00a0 \u00a0 \u00a0 \u00a0 \u00a0 \u00a0 \u00a0 \u00a0 \u00a0 \u00a0 \u00a098 g\u00a0 \u00a0 \u00a0 \u00a0 \u00a0 \u00a0 \u00a0 \u00a0 \u00a0 \u00a0 \u00a0 \u00a0 \u00a0 \u00a09,8 g<br \/>\nSod\u00edk:\u00a0 \u00a0 \u00a0 \u00a0 \u00a0 \u00a0 \u00a0 \u00a0 \u00a0 \u00a0 \u00a0 \u00a0 \u00a0 \u00a0 \u00a0 4,5 g\u00a0 \u00a0 \u00a0 \u00a0 \u00a0 \u00a0 \u00a0 \u00a0 \u00a0 \u00a0 \u00a0 \u00a0 \u00a0 \u00a00,4 g<\/div>\n<div>\u2022 Rozmery obalu:<\/div>\n<div>\u2003\u2022 V\u00fd\u0161ka 125 mm, priemer 90 mm<\/div>\n<div>\u2022 Etikety: Povrchovo upraven\u00fd papier s r\u00fdchlou biologickou rozlo\u017eite\u013enos\u0165ou<\/div>\n<\/div>","protected":false},"excerpt":{"rendered":"<p>pr\u00e9miov\u00fd hov\u00e4dz\u00ed kolag\u00e9n z franc\u00fazskej pastvy s kyselinou hyalur\u00f3novou<\/p>\n<p>z\u00e1kladn\u00e1 bielkovina pre pevnos\u0165, pru\u017enos\u0165 a regener\u00e1ciu<\/p>\n<p>200g pr\u00e1\u0161ok<\/p>","protected":false},"featured_media":2674,"comment_status":"closed","ping_status":"closed","template":"","meta":{"_acf_changed":false},"product_brand":[79],"product_cat":[51],"product_tag":[],"class_list":{"0":"post-1223","1":"product","2":"type-product","3":"status-publish","4":"has-post-thumbnail","6":"product_brand-augment-life","7":"product_cat-anti-aging-longevity","9":"first","10":"instock","11":"taxable","12":"shipping-taxable","13":"purchasable","14":"product-type-simple"},"acf":[],"yoast_head":"<!-- This site is optimized with the Yoast SEO plugin v27.5 - https:\/\/yoast.com\/product\/yoast-seo-wordpress\/ -->\n<title>Augment life Kolag\u00e9n 200g pr\u00e1\u0161ok - Beauty pr\u00edstroje<\/title>\n<meta name=\"description\" content=\"Doplnok v\u00fd\u017eivy Kolag\u00e9n od Augment life z\u00e1kladn\u00e1 bielkovina pre pevnos\u0165, pru\u017enos\u0165 a regener\u00e1ciu. Pom\u00e1ha zmierni\u0165 prejavy starnutia a zlep\u0161uje celkov\u00fa vitalitu.\" \/>\n<meta name=\"robots\" content=\"index, follow, max-snippet:-1, max-image-preview:large, max-video-preview:-1\" \/>\n<link rel=\"canonical\" href=\"https:\/\/www.beautypristroje.sk\/en\/product\/augment-life-kolagen-200g-prasok\/\" \/>\n<meta property=\"og:locale\" content=\"en_GB\" \/>\n<meta property=\"og:type\" content=\"article\" \/>\n<meta property=\"og:title\" content=\"Augment life Kolag\u00e9n 200g pr\u00e1\u0161ok - Beauty pr\u00edstroje\" \/>\n<meta property=\"og:description\" content=\"Doplnok v\u00fd\u017eivy Kolag\u00e9n od Augment life z\u00e1kladn\u00e1 bielkovina pre pevnos\u0165, pru\u017enos\u0165 a regener\u00e1ciu. Pom\u00e1ha zmierni\u0165 prejavy starnutia a zlep\u0161uje celkov\u00fa vitalitu.\" \/>\n<meta property=\"og:url\" content=\"https:\/\/www.beautypristroje.sk\/en\/product\/augment-life-kolagen-200g-prasok\/\" \/>\n<meta property=\"og:site_name\" content=\"Beauty pr\u00edstroje\" \/>\n<meta property=\"article:modified_time\" content=\"2025-11-25T19:46:35+00:00\" \/>\n<meta property=\"og:image\" content=\"https:\/\/www.beautypristroje.sk\/wp-content\/uploads\/2025\/10\/Collagen-200g-220x90-BLK-SK.jpg\" \/>\n\t<meta property=\"og:image:width\" content=\"1106\" \/>\n\t<meta property=\"og:image:height\" content=\"1080\" \/>\n\t<meta property=\"og:image:type\" content=\"image\/jpeg\" \/>\n<meta name=\"twitter:card\" content=\"summary_large_image\" \/>\n<meta name=\"twitter:label1\" content=\"Estimated reading time\" \/>\n\t<meta name=\"twitter:data1\" content=\"2 minutes\" \/>\n<script type=\"application\/ld+json\" class=\"yoast-schema-graph\">{\"@context\":\"https:\\\/\\\/schema.org\",\"@graph\":[{\"@type\":\"WebPage\",\"@id\":\"https:\\\/\\\/www.beautypristroje.sk\\\/produkt\\\/augment-life-kolagen-200g-prasok\\\/\",\"url\":\"https:\\\/\\\/www.beautypristroje.sk\\\/produkt\\\/augment-life-kolagen-200g-prasok\\\/\",\"name\":\"Augment life Kolag\u00e9n 200g pr\u00e1\u0161ok - Beauty pr\u00edstroje\",\"isPartOf\":{\"@id\":\"https:\\\/\\\/www.beautypristroje.sk\\\/#website\"},\"primaryImageOfPage\":{\"@id\":\"https:\\\/\\\/www.beautypristroje.sk\\\/produkt\\\/augment-life-kolagen-200g-prasok\\\/#primaryimage\"},\"image\":{\"@id\":\"https:\\\/\\\/www.beautypristroje.sk\\\/produkt\\\/augment-life-kolagen-200g-prasok\\\/#primaryimage\"},\"thumbnailUrl\":\"https:\\\/\\\/www.beautypristroje.sk\\\/wp-content\\\/uploads\\\/2025\\\/10\\\/Collagen-200g-220x90-BLK-SK.jpg\",\"datePublished\":\"2025-10-13T06:55:51+00:00\",\"dateModified\":\"2025-11-25T19:46:35+00:00\",\"description\":\"Doplnok v\u00fd\u017eivy Kolag\u00e9n od Augment life z\u00e1kladn\u00e1 bielkovina pre pevnos\u0165, pru\u017enos\u0165 a regener\u00e1ciu. Pom\u00e1ha zmierni\u0165 prejavy starnutia a zlep\u0161uje celkov\u00fa vitalitu.\",\"breadcrumb\":{\"@id\":\"https:\\\/\\\/www.beautypristroje.sk\\\/produkt\\\/augment-life-kolagen-200g-prasok\\\/#breadcrumb\"},\"inLanguage\":\"en-GB\",\"potentialAction\":[{\"@type\":\"ReadAction\",\"target\":[\"https:\\\/\\\/www.beautypristroje.sk\\\/produkt\\\/augment-life-kolagen-200g-prasok\\\/\"]}]},{\"@type\":\"ImageObject\",\"inLanguage\":\"en-GB\",\"@id\":\"https:\\\/\\\/www.beautypristroje.sk\\\/produkt\\\/augment-life-kolagen-200g-prasok\\\/#primaryimage\",\"url\":\"https:\\\/\\\/www.beautypristroje.sk\\\/wp-content\\\/uploads\\\/2025\\\/10\\\/Collagen-200g-220x90-BLK-SK.jpg\",\"contentUrl\":\"https:\\\/\\\/www.beautypristroje.sk\\\/wp-content\\\/uploads\\\/2025\\\/10\\\/Collagen-200g-220x90-BLK-SK.jpg\",\"width\":1106,\"height\":1080,\"caption\":\"Kolag\u00e9n, Augment life, beautypristroje, luxuryesthetic, doplnky v\u00fd\u017eivy\"},{\"@type\":\"BreadcrumbList\",\"@id\":\"https:\\\/\\\/www.beautypristroje.sk\\\/produkt\\\/augment-life-kolagen-200g-prasok\\\/#breadcrumb\",\"itemListElement\":[{\"@type\":\"ListItem\",\"position\":1,\"name\":\"Domovsk\u00e1 str\u00e1nka\",\"item\":\"https:\\\/\\\/www.beautypristroje.sk\\\/\"},{\"@type\":\"ListItem\",\"position\":2,\"name\":\"Obchod\",\"item\":\"https:\\\/\\\/www.beautypristroje.sk\\\/obchod\\\/\"},{\"@type\":\"ListItem\",\"position\":3,\"name\":\"Augment life Kolag\u00e9n 200g pr\u00e1\u0161ok\"}]},{\"@type\":\"WebSite\",\"@id\":\"https:\\\/\\\/www.beautypristroje.sk\\\/#website\",\"url\":\"https:\\\/\\\/www.beautypristroje.sk\\\/\",\"name\":\"Beauty pr\u00edstroje\",\"description\":\"Profesion\u00e1lne kozmetick\u00e9 pr\u00edstroje pre sal\u00f3ny a kliniky\",\"potentialAction\":[{\"@type\":\"SearchAction\",\"target\":{\"@type\":\"EntryPoint\",\"urlTemplate\":\"https:\\\/\\\/www.beautypristroje.sk\\\/?s={search_term_string}\"},\"query-input\":{\"@type\":\"PropertyValueSpecification\",\"valueRequired\":true,\"valueName\":\"search_term_string\"}}],\"inLanguage\":\"en-GB\"}]}<\/script>\n<!-- \/ Yoast SEO plugin. -->","yoast_head_json":{"title":"Augment life Kolag\u00e9n 200g pr\u00e1\u0161ok - Beauty pr\u00edstroje","description":"Doplnok v\u00fd\u017eivy Kolag\u00e9n od Augment life z\u00e1kladn\u00e1 bielkovina pre pevnos\u0165, pru\u017enos\u0165 a regener\u00e1ciu. Pom\u00e1ha zmierni\u0165 prejavy starnutia a zlep\u0161uje celkov\u00fa vitalitu.","robots":{"index":"index","follow":"follow","max-snippet":"max-snippet:-1","max-image-preview":"max-image-preview:large","max-video-preview":"max-video-preview:-1"},"canonical":"https:\/\/www.beautypristroje.sk\/en\/product\/augment-life-kolagen-200g-prasok\/","og_locale":"en_GB","og_type":"article","og_title":"Augment life Kolag\u00e9n 200g pr\u00e1\u0161ok - Beauty pr\u00edstroje","og_description":"Doplnok v\u00fd\u017eivy Kolag\u00e9n od Augment life z\u00e1kladn\u00e1 bielkovina pre pevnos\u0165, pru\u017enos\u0165 a regener\u00e1ciu. Pom\u00e1ha zmierni\u0165 prejavy starnutia a zlep\u0161uje celkov\u00fa vitalitu.","og_url":"https:\/\/www.beautypristroje.sk\/en\/product\/augment-life-kolagen-200g-prasok\/","og_site_name":"Beauty pr\u00edstroje","article_modified_time":"2025-11-25T19:46:35+00:00","og_image":[{"width":1106,"height":1080,"url":"https:\/\/www.beautypristroje.sk\/wp-content\/uploads\/2025\/10\/Collagen-200g-220x90-BLK-SK.jpg","type":"image\/jpeg"}],"twitter_card":"summary_large_image","twitter_misc":{"Estimated reading time":"2 minutes"},"schema":{"@context":"https:\/\/schema.org","@graph":[{"@type":"WebPage","@id":"https:\/\/www.beautypristroje.sk\/produkt\/augment-life-kolagen-200g-prasok\/","url":"https:\/\/www.beautypristroje.sk\/produkt\/augment-life-kolagen-200g-prasok\/","name":"Augment life Kolag\u00e9n 200g pr\u00e1\u0161ok - Beauty pr\u00edstroje","isPartOf":{"@id":"https:\/\/www.beautypristroje.sk\/#website"},"primaryImageOfPage":{"@id":"https:\/\/www.beautypristroje.sk\/produkt\/augment-life-kolagen-200g-prasok\/#primaryimage"},"image":{"@id":"https:\/\/www.beautypristroje.sk\/produkt\/augment-life-kolagen-200g-prasok\/#primaryimage"},"thumbnailUrl":"https:\/\/www.beautypristroje.sk\/wp-content\/uploads\/2025\/10\/Collagen-200g-220x90-BLK-SK.jpg","datePublished":"2025-10-13T06:55:51+00:00","dateModified":"2025-11-25T19:46:35+00:00","description":"Doplnok v\u00fd\u017eivy Kolag\u00e9n od Augment life z\u00e1kladn\u00e1 bielkovina pre pevnos\u0165, pru\u017enos\u0165 a regener\u00e1ciu. Pom\u00e1ha zmierni\u0165 prejavy starnutia a zlep\u0161uje celkov\u00fa vitalitu.","breadcrumb":{"@id":"https:\/\/www.beautypristroje.sk\/produkt\/augment-life-kolagen-200g-prasok\/#breadcrumb"},"inLanguage":"en-GB","potentialAction":[{"@type":"ReadAction","target":["https:\/\/www.beautypristroje.sk\/produkt\/augment-life-kolagen-200g-prasok\/"]}]},{"@type":"ImageObject","inLanguage":"en-GB","@id":"https:\/\/www.beautypristroje.sk\/produkt\/augment-life-kolagen-200g-prasok\/#primaryimage","url":"https:\/\/www.beautypristroje.sk\/wp-content\/uploads\/2025\/10\/Collagen-200g-220x90-BLK-SK.jpg","contentUrl":"https:\/\/www.beautypristroje.sk\/wp-content\/uploads\/2025\/10\/Collagen-200g-220x90-BLK-SK.jpg","width":1106,"height":1080,"caption":"Kolag\u00e9n, Augment life, beautypristroje, luxuryesthetic, doplnky v\u00fd\u017eivy"},{"@type":"BreadcrumbList","@id":"https:\/\/www.beautypristroje.sk\/produkt\/augment-life-kolagen-200g-prasok\/#breadcrumb","itemListElement":[{"@type":"ListItem","position":1,"name":"Domovsk\u00e1 str\u00e1nka","item":"https:\/\/www.beautypristroje.sk\/"},{"@type":"ListItem","position":2,"name":"Obchod","item":"https:\/\/www.beautypristroje.sk\/obchod\/"},{"@type":"ListItem","position":3,"name":"Augment life Kolag\u00e9n 200g pr\u00e1\u0161ok"}]},{"@type":"WebSite","@id":"https:\/\/www.beautypristroje.sk\/#website","url":"https:\/\/www.beautypristroje.sk\/","name":"Beauty pr\u00edstroje","description":"Profesion\u00e1lne kozmetick\u00e9 pr\u00edstroje pre sal\u00f3ny a kliniky","potentialAction":[{"@type":"SearchAction","target":{"@type":"EntryPoint","urlTemplate":"https:\/\/www.beautypristroje.sk\/?s={search_term_string}"},"query-input":{"@type":"PropertyValueSpecification","valueRequired":true,"valueName":"search_term_string"}}],"inLanguage":"en-GB"}]}},"_links":{"self":[{"href":"https:\/\/www.beautypristroje.sk\/en\/wp-json\/wp\/v2\/product\/1223","targetHints":{"allow":["GET"]}}],"collection":[{"href":"https:\/\/www.beautypristroje.sk\/en\/wp-json\/wp\/v2\/product"}],"about":[{"href":"https:\/\/www.beautypristroje.sk\/en\/wp-json\/wp\/v2\/types\/product"}],"replies":[{"embeddable":true,"href":"https:\/\/www.beautypristroje.sk\/en\/wp-json\/wp\/v2\/comments?post=1223"}],"wp:featuredmedia":[{"embeddable":true,"href":"https:\/\/www.beautypristroje.sk\/en\/wp-json\/wp\/v2\/media\/2674"}],"wp:attachment":[{"href":"https:\/\/www.beautypristroje.sk\/en\/wp-json\/wp\/v2\/media?parent=1223"}],"wp:term":[{"taxonomy":"product_brand","embeddable":true,"href":"https:\/\/www.beautypristroje.sk\/en\/wp-json\/wp\/v2\/product_brand?post=1223"},{"taxonomy":"product_cat","embeddable":true,"href":"https:\/\/www.beautypristroje.sk\/en\/wp-json\/wp\/v2\/product_cat?post=1223"},{"taxonomy":"product_tag","embeddable":true,"href":"https:\/\/www.beautypristroje.sk\/en\/wp-json\/wp\/v2\/product_tag?post=1223"}],"curies":[{"name":"wp","href":"https:\/\/api.w.org\/{rel}","templated":true}]}}