{"id":1222,"date":"2025-10-13T08:45:24","date_gmt":"2025-10-13T06:45:24","guid":{"rendered":"https:\/\/www.beautypristroje.sk\/?post_type=product&#038;p=1222"},"modified":"2025-11-25T20:41:55","modified_gmt":"2025-11-25T19:41:55","slug":"augment-life-resveratrol-60-kapsul-x-250mg-kopia","status":"publish","type":"product","link":"https:\/\/www.beautypristroje.sk\/en\/product\/augment-life-resveratrol-60-kapsul-x-250mg-kopia\/","title":{"rendered":"Augment life Resveratrol 60 kaps\u00fal x 250mg"},"content":{"rendered":"<div>Resveratrol od Augment life je pr\u00edrodn\u00e1 rastlinn\u00e1 zl\u00fa\u010denina s mimoriadne siln\u00fdmi antioxida\u010dn\u00fdmi a protiz\u00e1palov\u00fdmi vlastnos\u0165ami. Nach\u00e1dza sa v \u0161upk\u00e1ch hrozna, \u010du\u010doriedkach, moru\u0161i \u010di \u010dervenom v\u00edne. Naj\u00fa\u010dinnej\u0161ou formou je trans-resveratrol, ktor\u00e1 sa v tele \u013eahko vstreb\u00e1va a m\u00e1 vysok\u00fa biologick\u00fa dostupnos\u0165.<\/div>\n<div>V beauty a wellness svete je resveratrol zn\u00e1my ako \u201emolekula mladosti\u201c, preto\u017ee pom\u00e1ha chr\u00e1ni\u0165 bunky pred oxida\u010dn\u00fdm stresom, spoma\u013euje proces starnutia a podporuje zdravie srdca, ciev a metabolizmu.<\/div>\n<div><\/div>\n<h3>Pre\u010do si zvoli\u0165 doplnky Augment Life<\/h3>\n<div>\u2022 Obsahuj\u00fa 99 % \u010dist\u00fd trans-resveratrol s pridan\u00fdm piper\u00ednom pre lep\u0161iu vstrebate\u013enos\u0165.<\/div>\n<div>\u2022 Kapsuly z rastlinn\u00e9ho materi\u00e1lu HPMC, vhodn\u00e9 pre veg\u00e1nov.<\/div>\n<div>\u2022 Vyroben\u00e9 pod\u013ea pr\u00edsnych noriem kvality v E\u00da.<\/div>\n<div>\u2022 Balenie v FSC certifikovan\u00fdch papierov\u00fdch tubusoch bez plastov, s biologicky rozlo\u017eite\u013en\u00fdmi etiketami.<\/div>\n<div><\/div>\n<h3>Ako p\u00f4sob\u00ed Resveratrol<\/h3>\n<ul>\n<li>Resveratrol pom\u00e1ha neutralizova\u0165 \u00fa\u010dinky oxida\u010dn\u00e9ho stresu a podporuje regener\u00e1ciu buniek.<\/li>\n<li>Chr\u00e1ni telo pred oxida\u010dn\u00fdm stresom<\/li>\n<li>M\u00e1 protiz\u00e1palov\u00e9 \u00fa\u010dinky<\/li>\n<li>M\u00f4\u017ee zlep\u0161ova\u0165 hladinu cukru v krvi<\/li>\n<li>Podporuje zdrav\u00e9 srdce<\/li>\n<li>P\u00f4sob\u00ed proti starnutiu<\/li>\n<\/ul>\n<h3>Zodpovedn\u00fd pr\u00edstup k plan\u00e9te<\/h3>\n<div>\n<div>Ka\u017ed\u00e9 rozhodnutie, ktor\u00e9 v spolo\u010dnosti Augument Life rob\u00edme, zoh\u013ead\u0148uje zdravie na\u0161ej plan\u00e9ty.<\/div>\n<div>V ka\u017edej f\u00e1ze v\u00fdroby sa sna\u017e\u00edme minimalizova\u0165 odpad a uhl\u00edkov\u00fa stopu, vyu\u017e\u00edvame udr\u017eate\u013en\u00e9 materi\u00e1ly a 100 % biologicky rozlo\u017eite\u013en\u00e9 obaly.<\/div>\n<div>Po spotrebovan\u00ed doplnku m\u00f4\u017eete tubus znovu vyu\u017ei\u0165 \u2013 napr\u00edklad na sponky, \u0161pendl\u00edky alebo tvoriv\u00e9 projekty.<\/div>\n<div>\n<h3>D\u00e1vkovanie<\/h3>\n<p>Na z\u00e1klade \u0161t\u00fadii\u00a0 je odpor\u00fa\u010dan\u00e1 d\u00e1vka 100 &#8211; 500mg denne. Pod\u013ea odpor\u00fa\u010dan\u00ed EFSA sa m\u00e1 u\u017e\u00edva\u0165 iba 1 kapsula so 130 mg denne, z\u00e1kazn\u00edci v\u0161ak m\u00f4\u017eu u\u017e\u00edva\u0165 a\u017e 1 gram na vlastn\u00e9 riziko. A\u017e 150 mg trans-resveratrolu denne z potravinov\u00fdch doplnkov sa pova\u017euje za bezpe\u010dn\u00e9 pre be\u017en\u00fa popul\u00e1ciu.<\/p>\n<\/div>\n<\/div>\n<div>\n<h3>Zlo\u017eenie a balenie<\/h3>\n<div>\u2022 Kapsuly: 60<\/div>\n<div>\u2022 Materi\u00e1l kaps\u00fal: HPMC (rastlinn\u00e1 gluk\u00f3za)<\/div>\n<div>\u2022 Obsah: Trans-Resveratrol s \u010distotou 99 % 250 mg, Piperin 5 mg (Extrakt z \u010dierneho korenia) sa prid\u00e1va do ka\u017edej kapsuly pre lep\u0161iu biologick\u00fa dostupnos\u0165, Neobsahuje: alerg\u00e9ny, glut\u00e9n, mlie\u010dne v\u00fdrobky, s\u00f3ja, oxid kremi\u010dit\u00fd, ani \u017eiadne in\u00e9 plniv\u00e1.<\/div>\n<div>\u2022 Ve\u013ekos\u0165 kapsuly: 250 mg<\/div>\n<div>\u2022 Obal: FSC certifikovan\u00fd papierov\u00fd tubus z udr\u017eate\u013en\u00fdch zdrojov<\/div>\n<div>\u2022 Rozmery obalu:<\/div>\n<div>\u2003\u2022 V\u00fd\u0161ka 100 mm, priemer 50 mm<\/div>\n<div>\u2022 Etikety: Povrchovo upraven\u00fd papier s r\u00fdchlou biologickou rozlo\u017eite\u013enos\u0165ou<\/div>\n<\/div>","protected":false},"excerpt":{"rendered":"<p>Resveratrol\u00a0 od Augmentlife je siln\u00fd antioxidant pre srdce, bunky a dlhovekos\u0165<\/p>\n<p>60 kaps\u00fal x 250mg<\/p>","protected":false},"featured_media":2671,"comment_status":"closed","ping_status":"closed","template":"","meta":{"_acf_changed":false},"product_brand":[79],"product_cat":[51],"product_tag":[],"class_list":{"0":"post-1222","1":"product","2":"type-product","3":"status-publish","4":"has-post-thumbnail","6":"product_brand-augment-life","7":"product_cat-anti-aging-longevity","9":"first","10":"instock","11":"taxable","12":"shipping-taxable","13":"purchasable","14":"product-type-simple"},"acf":[],"yoast_head":"<!-- This site is optimized with the Yoast SEO plugin v27.5 - https:\/\/yoast.com\/product\/yoast-seo-wordpress\/ -->\n<title>Augment life Resveratrol 60 kaps\u00fal x 250mg - Beauty pr\u00edstroje<\/title>\n<meta name=\"description\" content=\"Augment life Resveratrol je pr\u00edrodn\u00e1 rastlinn\u00e1 zl\u00fa\u010denina, siln\u00fd antioxidant pre srdce, bunky a dlhovekos\u0165. Je zn\u00e1my ako molekula mladosti\" \/>\n<meta name=\"robots\" content=\"index, follow, max-snippet:-1, max-image-preview:large, max-video-preview:-1\" \/>\n<link rel=\"canonical\" href=\"https:\/\/www.beautypristroje.sk\/en\/product\/augment-life-resveratrol-60-kapsul-x-250mg-kopia\/\" \/>\n<meta property=\"og:locale\" content=\"en_GB\" \/>\n<meta property=\"og:type\" content=\"article\" \/>\n<meta property=\"og:title\" content=\"Augment life Resveratrol 60 kaps\u00fal x 250mg - Beauty pr\u00edstroje\" \/>\n<meta property=\"og:description\" content=\"Augment life Resveratrol je pr\u00edrodn\u00e1 rastlinn\u00e1 zl\u00fa\u010denina, siln\u00fd antioxidant pre srdce, bunky a dlhovekos\u0165. Je zn\u00e1my ako molekula mladosti\" \/>\n<meta property=\"og:url\" content=\"https:\/\/www.beautypristroje.sk\/en\/product\/augment-life-resveratrol-60-kapsul-x-250mg-kopia\/\" \/>\n<meta property=\"og:site_name\" content=\"Beauty pr\u00edstroje\" \/>\n<meta property=\"article:modified_time\" content=\"2025-11-25T19:41:55+00:00\" \/>\n<meta property=\"og:image\" content=\"https:\/\/www.beautypristroje.sk\/wp-content\/uploads\/2025\/10\/Resveratrol-60x250mg-150x70-BEG-SK.jpg\" \/>\n\t<meta property=\"og:image:width\" content=\"1106\" \/>\n\t<meta property=\"og:image:height\" content=\"1080\" \/>\n\t<meta property=\"og:image:type\" content=\"image\/jpeg\" \/>\n<meta name=\"twitter:card\" content=\"summary_large_image\" \/>\n<meta name=\"twitter:label1\" content=\"Estimated reading time\" \/>\n\t<meta name=\"twitter:data1\" content=\"2 minutes\" \/>\n<script type=\"application\/ld+json\" class=\"yoast-schema-graph\">{\"@context\":\"https:\\\/\\\/schema.org\",\"@graph\":[{\"@type\":\"WebPage\",\"@id\":\"https:\\\/\\\/www.beautypristroje.sk\\\/produkt\\\/augment-life-resveratrol-60-kapsul-x-250mg-kopia\\\/\",\"url\":\"https:\\\/\\\/www.beautypristroje.sk\\\/produkt\\\/augment-life-resveratrol-60-kapsul-x-250mg-kopia\\\/\",\"name\":\"Augment life Resveratrol 60 kaps\u00fal x 250mg - Beauty pr\u00edstroje\",\"isPartOf\":{\"@id\":\"https:\\\/\\\/www.beautypristroje.sk\\\/#website\"},\"primaryImageOfPage\":{\"@id\":\"https:\\\/\\\/www.beautypristroje.sk\\\/produkt\\\/augment-life-resveratrol-60-kapsul-x-250mg-kopia\\\/#primaryimage\"},\"image\":{\"@id\":\"https:\\\/\\\/www.beautypristroje.sk\\\/produkt\\\/augment-life-resveratrol-60-kapsul-x-250mg-kopia\\\/#primaryimage\"},\"thumbnailUrl\":\"https:\\\/\\\/www.beautypristroje.sk\\\/wp-content\\\/uploads\\\/2025\\\/10\\\/Resveratrol-60x250mg-150x70-BEG-SK.jpg\",\"datePublished\":\"2025-10-13T06:45:24+00:00\",\"dateModified\":\"2025-11-25T19:41:55+00:00\",\"description\":\"Augment life Resveratrol je pr\u00edrodn\u00e1 rastlinn\u00e1 zl\u00fa\u010denina, siln\u00fd antioxidant pre srdce, bunky a dlhovekos\u0165. Je zn\u00e1my ako molekula mladosti\",\"breadcrumb\":{\"@id\":\"https:\\\/\\\/www.beautypristroje.sk\\\/produkt\\\/augment-life-resveratrol-60-kapsul-x-250mg-kopia\\\/#breadcrumb\"},\"inLanguage\":\"en-GB\",\"potentialAction\":[{\"@type\":\"ReadAction\",\"target\":[\"https:\\\/\\\/www.beautypristroje.sk\\\/produkt\\\/augment-life-resveratrol-60-kapsul-x-250mg-kopia\\\/\"]}]},{\"@type\":\"ImageObject\",\"inLanguage\":\"en-GB\",\"@id\":\"https:\\\/\\\/www.beautypristroje.sk\\\/produkt\\\/augment-life-resveratrol-60-kapsul-x-250mg-kopia\\\/#primaryimage\",\"url\":\"https:\\\/\\\/www.beautypristroje.sk\\\/wp-content\\\/uploads\\\/2025\\\/10\\\/Resveratrol-60x250mg-150x70-BEG-SK.jpg\",\"contentUrl\":\"https:\\\/\\\/www.beautypristroje.sk\\\/wp-content\\\/uploads\\\/2025\\\/10\\\/Resveratrol-60x250mg-150x70-BEG-SK.jpg\",\"width\":1106,\"height\":1080,\"caption\":\"Resveratrol, Augment life, beautypristroje, luxuryesthetic, doplnky v\u00fd\u017eivy\"},{\"@type\":\"BreadcrumbList\",\"@id\":\"https:\\\/\\\/www.beautypristroje.sk\\\/produkt\\\/augment-life-resveratrol-60-kapsul-x-250mg-kopia\\\/#breadcrumb\",\"itemListElement\":[{\"@type\":\"ListItem\",\"position\":1,\"name\":\"Domovsk\u00e1 str\u00e1nka\",\"item\":\"https:\\\/\\\/www.beautypristroje.sk\\\/\"},{\"@type\":\"ListItem\",\"position\":2,\"name\":\"Obchod\",\"item\":\"https:\\\/\\\/www.beautypristroje.sk\\\/obchod\\\/\"},{\"@type\":\"ListItem\",\"position\":3,\"name\":\"Augment life Resveratrol 60 kaps\u00fal x 250mg\"}]},{\"@type\":\"WebSite\",\"@id\":\"https:\\\/\\\/www.beautypristroje.sk\\\/#website\",\"url\":\"https:\\\/\\\/www.beautypristroje.sk\\\/\",\"name\":\"Beauty pr\u00edstroje\",\"description\":\"Profesion\u00e1lne kozmetick\u00e9 pr\u00edstroje pre sal\u00f3ny a kliniky\",\"potentialAction\":[{\"@type\":\"SearchAction\",\"target\":{\"@type\":\"EntryPoint\",\"urlTemplate\":\"https:\\\/\\\/www.beautypristroje.sk\\\/?s={search_term_string}\"},\"query-input\":{\"@type\":\"PropertyValueSpecification\",\"valueRequired\":true,\"valueName\":\"search_term_string\"}}],\"inLanguage\":\"en-GB\"}]}<\/script>\n<!-- \/ Yoast SEO plugin. -->","yoast_head_json":{"title":"Augment life Resveratrol 60 kaps\u00fal x 250mg - Beauty pr\u00edstroje","description":"Augment life Resveratrol je pr\u00edrodn\u00e1 rastlinn\u00e1 zl\u00fa\u010denina, siln\u00fd antioxidant pre srdce, bunky a dlhovekos\u0165. Je zn\u00e1my ako molekula mladosti","robots":{"index":"index","follow":"follow","max-snippet":"max-snippet:-1","max-image-preview":"max-image-preview:large","max-video-preview":"max-video-preview:-1"},"canonical":"https:\/\/www.beautypristroje.sk\/en\/product\/augment-life-resveratrol-60-kapsul-x-250mg-kopia\/","og_locale":"en_GB","og_type":"article","og_title":"Augment life Resveratrol 60 kaps\u00fal x 250mg - Beauty pr\u00edstroje","og_description":"Augment life Resveratrol je pr\u00edrodn\u00e1 rastlinn\u00e1 zl\u00fa\u010denina, siln\u00fd antioxidant pre srdce, bunky a dlhovekos\u0165. Je zn\u00e1my ako molekula mladosti","og_url":"https:\/\/www.beautypristroje.sk\/en\/product\/augment-life-resveratrol-60-kapsul-x-250mg-kopia\/","og_site_name":"Beauty pr\u00edstroje","article_modified_time":"2025-11-25T19:41:55+00:00","og_image":[{"width":1106,"height":1080,"url":"https:\/\/www.beautypristroje.sk\/wp-content\/uploads\/2025\/10\/Resveratrol-60x250mg-150x70-BEG-SK.jpg","type":"image\/jpeg"}],"twitter_card":"summary_large_image","twitter_misc":{"Estimated reading time":"2 minutes"},"schema":{"@context":"https:\/\/schema.org","@graph":[{"@type":"WebPage","@id":"https:\/\/www.beautypristroje.sk\/produkt\/augment-life-resveratrol-60-kapsul-x-250mg-kopia\/","url":"https:\/\/www.beautypristroje.sk\/produkt\/augment-life-resveratrol-60-kapsul-x-250mg-kopia\/","name":"Augment life Resveratrol 60 kaps\u00fal x 250mg - Beauty pr\u00edstroje","isPartOf":{"@id":"https:\/\/www.beautypristroje.sk\/#website"},"primaryImageOfPage":{"@id":"https:\/\/www.beautypristroje.sk\/produkt\/augment-life-resveratrol-60-kapsul-x-250mg-kopia\/#primaryimage"},"image":{"@id":"https:\/\/www.beautypristroje.sk\/produkt\/augment-life-resveratrol-60-kapsul-x-250mg-kopia\/#primaryimage"},"thumbnailUrl":"https:\/\/www.beautypristroje.sk\/wp-content\/uploads\/2025\/10\/Resveratrol-60x250mg-150x70-BEG-SK.jpg","datePublished":"2025-10-13T06:45:24+00:00","dateModified":"2025-11-25T19:41:55+00:00","description":"Augment life Resveratrol je pr\u00edrodn\u00e1 rastlinn\u00e1 zl\u00fa\u010denina, siln\u00fd antioxidant pre srdce, bunky a dlhovekos\u0165. Je zn\u00e1my ako molekula mladosti","breadcrumb":{"@id":"https:\/\/www.beautypristroje.sk\/produkt\/augment-life-resveratrol-60-kapsul-x-250mg-kopia\/#breadcrumb"},"inLanguage":"en-GB","potentialAction":[{"@type":"ReadAction","target":["https:\/\/www.beautypristroje.sk\/produkt\/augment-life-resveratrol-60-kapsul-x-250mg-kopia\/"]}]},{"@type":"ImageObject","inLanguage":"en-GB","@id":"https:\/\/www.beautypristroje.sk\/produkt\/augment-life-resveratrol-60-kapsul-x-250mg-kopia\/#primaryimage","url":"https:\/\/www.beautypristroje.sk\/wp-content\/uploads\/2025\/10\/Resveratrol-60x250mg-150x70-BEG-SK.jpg","contentUrl":"https:\/\/www.beautypristroje.sk\/wp-content\/uploads\/2025\/10\/Resveratrol-60x250mg-150x70-BEG-SK.jpg","width":1106,"height":1080,"caption":"Resveratrol, Augment life, beautypristroje, luxuryesthetic, doplnky v\u00fd\u017eivy"},{"@type":"BreadcrumbList","@id":"https:\/\/www.beautypristroje.sk\/produkt\/augment-life-resveratrol-60-kapsul-x-250mg-kopia\/#breadcrumb","itemListElement":[{"@type":"ListItem","position":1,"name":"Domovsk\u00e1 str\u00e1nka","item":"https:\/\/www.beautypristroje.sk\/"},{"@type":"ListItem","position":2,"name":"Obchod","item":"https:\/\/www.beautypristroje.sk\/obchod\/"},{"@type":"ListItem","position":3,"name":"Augment life Resveratrol 60 kaps\u00fal x 250mg"}]},{"@type":"WebSite","@id":"https:\/\/www.beautypristroje.sk\/#website","url":"https:\/\/www.beautypristroje.sk\/","name":"Beauty pr\u00edstroje","description":"Profesion\u00e1lne kozmetick\u00e9 pr\u00edstroje pre sal\u00f3ny a kliniky","potentialAction":[{"@type":"SearchAction","target":{"@type":"EntryPoint","urlTemplate":"https:\/\/www.beautypristroje.sk\/?s={search_term_string}"},"query-input":{"@type":"PropertyValueSpecification","valueRequired":true,"valueName":"search_term_string"}}],"inLanguage":"en-GB"}]}},"_links":{"self":[{"href":"https:\/\/www.beautypristroje.sk\/en\/wp-json\/wp\/v2\/product\/1222","targetHints":{"allow":["GET"]}}],"collection":[{"href":"https:\/\/www.beautypristroje.sk\/en\/wp-json\/wp\/v2\/product"}],"about":[{"href":"https:\/\/www.beautypristroje.sk\/en\/wp-json\/wp\/v2\/types\/product"}],"replies":[{"embeddable":true,"href":"https:\/\/www.beautypristroje.sk\/en\/wp-json\/wp\/v2\/comments?post=1222"}],"wp:featuredmedia":[{"embeddable":true,"href":"https:\/\/www.beautypristroje.sk\/en\/wp-json\/wp\/v2\/media\/2671"}],"wp:attachment":[{"href":"https:\/\/www.beautypristroje.sk\/en\/wp-json\/wp\/v2\/media?parent=1222"}],"wp:term":[{"taxonomy":"product_brand","embeddable":true,"href":"https:\/\/www.beautypristroje.sk\/en\/wp-json\/wp\/v2\/product_brand?post=1222"},{"taxonomy":"product_cat","embeddable":true,"href":"https:\/\/www.beautypristroje.sk\/en\/wp-json\/wp\/v2\/product_cat?post=1222"},{"taxonomy":"product_tag","embeddable":true,"href":"https:\/\/www.beautypristroje.sk\/en\/wp-json\/wp\/v2\/product_tag?post=1222"}],"curies":[{"name":"wp","href":"https:\/\/api.w.org\/{rel}","templated":true}]}}