{"id":1129,"date":"2025-09-26T13:13:02","date_gmt":"2025-09-26T11:13:02","guid":{"rendered":"https:\/\/www.beautypristroje.sk\/?post_type=product&#038;p=1129"},"modified":"2026-03-25T09:30:04","modified_gmt":"2026-03-25T08:30:04","slug":"sterilny-nadstavec-na-dr-pen-a20-18-pinov","status":"publish","type":"product","link":"https:\/\/www.beautypristroje.sk\/en\/product\/sterilny-nadstavec-na-dr-pen-a20-18-pinov\/","title":{"rendered":"Steriln\u00fd nadstavec na Dr. Pen A20 &#8211; 18 pinov"},"content":{"rendered":"<p>Steriln\u00fd nadstavec 18 pinov pre Dr. Pen A20. Jednorazov\u00e9 pr\u00edslu\u0161enstvo pre presn\u00e9 a bezpe\u010dn\u00e9 kozmetick\u00e9 o\u0161etrenia.<\/p>","protected":false},"excerpt":{"rendered":"<p>Steriln\u00fd nadstavec na Dr. Pen A20<\/p>","protected":false},"featured_media":3022,"comment_status":"open","ping_status":"closed","template":"","meta":{"_acf_changed":false},"product_brand":[],"product_cat":[27,15],"product_tag":[],"class_list":{"0":"post-1129","1":"product","2":"type-product","3":"status-publish","4":"has-post-thumbnail","6":"product_cat-accessories","7":"product_cat-beauty-technologie","9":"first","10":"instock","11":"taxable","12":"shipping-taxable","13":"purchasable","14":"product-type-simple"},"acf":[],"yoast_head":"<!-- This site is optimized with the Yoast SEO plugin v27.5 - https:\/\/yoast.com\/product\/yoast-seo-wordpress\/ -->\n<title>Steriln\u00fd nadstavec na Dr. Pen A20 - 18 pinov - Beauty pr\u00edstroje<\/title>\n<meta name=\"description\" content=\"Steriln\u00fd nadstavec 18 pinov pre Dr. Pen A20. Jednorazov\u00e9 pr\u00edslu\u0161enstvo pre presn\u00e9 a bezpe\u010dn\u00e9 kozmetick\u00e9 o\u0161etrenia.\" \/>\n<meta name=\"robots\" content=\"index, follow, max-snippet:-1, max-image-preview:large, max-video-preview:-1\" \/>\n<link rel=\"canonical\" href=\"https:\/\/www.beautypristroje.sk\/en\/product\/sterilny-nadstavec-na-dr-pen-a20-18-pinov\/\" \/>\n<meta property=\"og:locale\" content=\"en_GB\" \/>\n<meta property=\"og:type\" content=\"article\" \/>\n<meta property=\"og:title\" content=\"Steriln\u00fd nadstavec na Dr. Pen A20 - 18 pinov - Beauty pr\u00edstroje\" \/>\n<meta property=\"og:description\" content=\"Steriln\u00fd nadstavec 18 pinov pre Dr. Pen A20. Jednorazov\u00e9 pr\u00edslu\u0161enstvo pre presn\u00e9 a bezpe\u010dn\u00e9 kozmetick\u00e9 o\u0161etrenia.\" \/>\n<meta property=\"og:url\" content=\"https:\/\/www.beautypristroje.sk\/en\/product\/sterilny-nadstavec-na-dr-pen-a20-18-pinov\/\" \/>\n<meta property=\"og:site_name\" content=\"Beauty pr\u00edstroje\" \/>\n<meta property=\"article:modified_time\" content=\"2026-03-25T08:30:04+00:00\" \/>\n<meta property=\"og:image\" content=\"https:\/\/www.beautypristroje.sk\/wp-content\/uploads\/2025\/09\/18pinov2.webp\" \/>\n\t<meta property=\"og:image:width\" content=\"900\" \/>\n\t<meta property=\"og:image:height\" content=\"756\" \/>\n\t<meta property=\"og:image:type\" content=\"image\/webp\" \/>\n<meta name=\"twitter:card\" content=\"summary_large_image\" \/>\n<meta name=\"twitter:label1\" content=\"Estimated reading time\" \/>\n\t<meta name=\"twitter:data1\" content=\"1 minute\" \/>\n<script type=\"application\/ld+json\" class=\"yoast-schema-graph\">{\"@context\":\"https:\\\/\\\/schema.org\",\"@graph\":[{\"@type\":\"WebPage\",\"@id\":\"https:\\\/\\\/www.beautypristroje.sk\\\/produkt\\\/sterilny-nadstavec-na-dr-pen-a20-18-pinov\\\/\",\"url\":\"https:\\\/\\\/www.beautypristroje.sk\\\/produkt\\\/sterilny-nadstavec-na-dr-pen-a20-18-pinov\\\/\",\"name\":\"Steriln\u00fd nadstavec na Dr. Pen A20 - 18 pinov - Beauty pr\u00edstroje\",\"isPartOf\":{\"@id\":\"https:\\\/\\\/www.beautypristroje.sk\\\/#website\"},\"primaryImageOfPage\":{\"@id\":\"https:\\\/\\\/www.beautypristroje.sk\\\/produkt\\\/sterilny-nadstavec-na-dr-pen-a20-18-pinov\\\/#primaryimage\"},\"image\":{\"@id\":\"https:\\\/\\\/www.beautypristroje.sk\\\/produkt\\\/sterilny-nadstavec-na-dr-pen-a20-18-pinov\\\/#primaryimage\"},\"thumbnailUrl\":\"https:\\\/\\\/www.beautypristroje.sk\\\/wp-content\\\/uploads\\\/2025\\\/09\\\/18pinov2.webp\",\"datePublished\":\"2025-09-26T11:13:02+00:00\",\"dateModified\":\"2026-03-25T08:30:04+00:00\",\"description\":\"Steriln\u00fd nadstavec 18 pinov pre Dr. Pen A20. Jednorazov\u00e9 pr\u00edslu\u0161enstvo pre presn\u00e9 a bezpe\u010dn\u00e9 kozmetick\u00e9 o\u0161etrenia.\",\"breadcrumb\":{\"@id\":\"https:\\\/\\\/www.beautypristroje.sk\\\/produkt\\\/sterilny-nadstavec-na-dr-pen-a20-18-pinov\\\/#breadcrumb\"},\"inLanguage\":\"en-GB\",\"potentialAction\":[{\"@type\":\"ReadAction\",\"target\":[\"https:\\\/\\\/www.beautypristroje.sk\\\/produkt\\\/sterilny-nadstavec-na-dr-pen-a20-18-pinov\\\/\"]}]},{\"@type\":\"ImageObject\",\"inLanguage\":\"en-GB\",\"@id\":\"https:\\\/\\\/www.beautypristroje.sk\\\/produkt\\\/sterilny-nadstavec-na-dr-pen-a20-18-pinov\\\/#primaryimage\",\"url\":\"https:\\\/\\\/www.beautypristroje.sk\\\/wp-content\\\/uploads\\\/2025\\\/09\\\/18pinov2.webp\",\"contentUrl\":\"https:\\\/\\\/www.beautypristroje.sk\\\/wp-content\\\/uploads\\\/2025\\\/09\\\/18pinov2.webp\",\"width\":900,\"height\":756,\"caption\":\"Steriln\u00fd nadstavec \u2013 jednorazov\u00e9 kozmetick\u00e9 pr\u00edslu\u0161enstvo Dr. Pen, 18 pin\"},{\"@type\":\"BreadcrumbList\",\"@id\":\"https:\\\/\\\/www.beautypristroje.sk\\\/produkt\\\/sterilny-nadstavec-na-dr-pen-a20-18-pinov\\\/#breadcrumb\",\"itemListElement\":[{\"@type\":\"ListItem\",\"position\":1,\"name\":\"Domovsk\u00e1 str\u00e1nka\",\"item\":\"https:\\\/\\\/www.beautypristroje.sk\\\/\"},{\"@type\":\"ListItem\",\"position\":2,\"name\":\"Obchod\",\"item\":\"https:\\\/\\\/www.beautypristroje.sk\\\/obchod\\\/\"},{\"@type\":\"ListItem\",\"position\":3,\"name\":\"Steriln\u00fd nadstavec na Dr. Pen A20 &#8211; 18 pinov\"}]},{\"@type\":\"WebSite\",\"@id\":\"https:\\\/\\\/www.beautypristroje.sk\\\/#website\",\"url\":\"https:\\\/\\\/www.beautypristroje.sk\\\/\",\"name\":\"Beauty pr\u00edstroje\",\"description\":\"Profesion\u00e1lne kozmetick\u00e9 pr\u00edstroje pre sal\u00f3ny a kliniky\",\"potentialAction\":[{\"@type\":\"SearchAction\",\"target\":{\"@type\":\"EntryPoint\",\"urlTemplate\":\"https:\\\/\\\/www.beautypristroje.sk\\\/?s={search_term_string}\"},\"query-input\":{\"@type\":\"PropertyValueSpecification\",\"valueRequired\":true,\"valueName\":\"search_term_string\"}}],\"inLanguage\":\"en-GB\"}]}<\/script>\n<!-- \/ Yoast SEO plugin. -->","yoast_head_json":{"title":"Steriln\u00fd nadstavec na Dr. Pen A20 - 18 pinov - Beauty pr\u00edstroje","description":"Steriln\u00fd nadstavec 18 pinov pre Dr. Pen A20. Jednorazov\u00e9 pr\u00edslu\u0161enstvo pre presn\u00e9 a bezpe\u010dn\u00e9 kozmetick\u00e9 o\u0161etrenia.","robots":{"index":"index","follow":"follow","max-snippet":"max-snippet:-1","max-image-preview":"max-image-preview:large","max-video-preview":"max-video-preview:-1"},"canonical":"https:\/\/www.beautypristroje.sk\/en\/product\/sterilny-nadstavec-na-dr-pen-a20-18-pinov\/","og_locale":"en_GB","og_type":"article","og_title":"Steriln\u00fd nadstavec na Dr. Pen A20 - 18 pinov - Beauty pr\u00edstroje","og_description":"Steriln\u00fd nadstavec 18 pinov pre Dr. Pen A20. Jednorazov\u00e9 pr\u00edslu\u0161enstvo pre presn\u00e9 a bezpe\u010dn\u00e9 kozmetick\u00e9 o\u0161etrenia.","og_url":"https:\/\/www.beautypristroje.sk\/en\/product\/sterilny-nadstavec-na-dr-pen-a20-18-pinov\/","og_site_name":"Beauty pr\u00edstroje","article_modified_time":"2026-03-25T08:30:04+00:00","og_image":[{"width":900,"height":756,"url":"https:\/\/www.beautypristroje.sk\/wp-content\/uploads\/2025\/09\/18pinov2.webp","type":"image\/webp"}],"twitter_card":"summary_large_image","twitter_misc":{"Estimated reading time":"1 minute"},"schema":{"@context":"https:\/\/schema.org","@graph":[{"@type":"WebPage","@id":"https:\/\/www.beautypristroje.sk\/produkt\/sterilny-nadstavec-na-dr-pen-a20-18-pinov\/","url":"https:\/\/www.beautypristroje.sk\/produkt\/sterilny-nadstavec-na-dr-pen-a20-18-pinov\/","name":"Steriln\u00fd nadstavec na Dr. Pen A20 - 18 pinov - Beauty pr\u00edstroje","isPartOf":{"@id":"https:\/\/www.beautypristroje.sk\/#website"},"primaryImageOfPage":{"@id":"https:\/\/www.beautypristroje.sk\/produkt\/sterilny-nadstavec-na-dr-pen-a20-18-pinov\/#primaryimage"},"image":{"@id":"https:\/\/www.beautypristroje.sk\/produkt\/sterilny-nadstavec-na-dr-pen-a20-18-pinov\/#primaryimage"},"thumbnailUrl":"https:\/\/www.beautypristroje.sk\/wp-content\/uploads\/2025\/09\/18pinov2.webp","datePublished":"2025-09-26T11:13:02+00:00","dateModified":"2026-03-25T08:30:04+00:00","description":"Steriln\u00fd nadstavec 18 pinov pre Dr. Pen A20. Jednorazov\u00e9 pr\u00edslu\u0161enstvo pre presn\u00e9 a bezpe\u010dn\u00e9 kozmetick\u00e9 o\u0161etrenia.","breadcrumb":{"@id":"https:\/\/www.beautypristroje.sk\/produkt\/sterilny-nadstavec-na-dr-pen-a20-18-pinov\/#breadcrumb"},"inLanguage":"en-GB","potentialAction":[{"@type":"ReadAction","target":["https:\/\/www.beautypristroje.sk\/produkt\/sterilny-nadstavec-na-dr-pen-a20-18-pinov\/"]}]},{"@type":"ImageObject","inLanguage":"en-GB","@id":"https:\/\/www.beautypristroje.sk\/produkt\/sterilny-nadstavec-na-dr-pen-a20-18-pinov\/#primaryimage","url":"https:\/\/www.beautypristroje.sk\/wp-content\/uploads\/2025\/09\/18pinov2.webp","contentUrl":"https:\/\/www.beautypristroje.sk\/wp-content\/uploads\/2025\/09\/18pinov2.webp","width":900,"height":756,"caption":"Steriln\u00fd nadstavec \u2013 jednorazov\u00e9 kozmetick\u00e9 pr\u00edslu\u0161enstvo Dr. Pen, 18 pin"},{"@type":"BreadcrumbList","@id":"https:\/\/www.beautypristroje.sk\/produkt\/sterilny-nadstavec-na-dr-pen-a20-18-pinov\/#breadcrumb","itemListElement":[{"@type":"ListItem","position":1,"name":"Domovsk\u00e1 str\u00e1nka","item":"https:\/\/www.beautypristroje.sk\/"},{"@type":"ListItem","position":2,"name":"Obchod","item":"https:\/\/www.beautypristroje.sk\/obchod\/"},{"@type":"ListItem","position":3,"name":"Steriln\u00fd nadstavec na Dr. Pen A20 &#8211; 18 pinov"}]},{"@type":"WebSite","@id":"https:\/\/www.beautypristroje.sk\/#website","url":"https:\/\/www.beautypristroje.sk\/","name":"Beauty pr\u00edstroje","description":"Profesion\u00e1lne kozmetick\u00e9 pr\u00edstroje pre sal\u00f3ny a kliniky","potentialAction":[{"@type":"SearchAction","target":{"@type":"EntryPoint","urlTemplate":"https:\/\/www.beautypristroje.sk\/?s={search_term_string}"},"query-input":{"@type":"PropertyValueSpecification","valueRequired":true,"valueName":"search_term_string"}}],"inLanguage":"en-GB"}]}},"_links":{"self":[{"href":"https:\/\/www.beautypristroje.sk\/en\/wp-json\/wp\/v2\/product\/1129","targetHints":{"allow":["GET"]}}],"collection":[{"href":"https:\/\/www.beautypristroje.sk\/en\/wp-json\/wp\/v2\/product"}],"about":[{"href":"https:\/\/www.beautypristroje.sk\/en\/wp-json\/wp\/v2\/types\/product"}],"replies":[{"embeddable":true,"href":"https:\/\/www.beautypristroje.sk\/en\/wp-json\/wp\/v2\/comments?post=1129"}],"wp:featuredmedia":[{"embeddable":true,"href":"https:\/\/www.beautypristroje.sk\/en\/wp-json\/wp\/v2\/media\/3022"}],"wp:attachment":[{"href":"https:\/\/www.beautypristroje.sk\/en\/wp-json\/wp\/v2\/media?parent=1129"}],"wp:term":[{"taxonomy":"product_brand","embeddable":true,"href":"https:\/\/www.beautypristroje.sk\/en\/wp-json\/wp\/v2\/product_brand?post=1129"},{"taxonomy":"product_cat","embeddable":true,"href":"https:\/\/www.beautypristroje.sk\/en\/wp-json\/wp\/v2\/product_cat?post=1129"},{"taxonomy":"product_tag","embeddable":true,"href":"https:\/\/www.beautypristroje.sk\/en\/wp-json\/wp\/v2\/product_tag?post=1129"}],"curies":[{"name":"wp","href":"https:\/\/api.w.org\/{rel}","templated":true}]}}