{"id":1126,"date":"2025-09-26T13:12:27","date_gmt":"2025-09-26T11:12:27","guid":{"rendered":"https:\/\/www.beautypristroje.sk\/?post_type=product&#038;p=1126"},"modified":"2026-03-24T21:59:54","modified_gmt":"2026-03-24T20:59:54","slug":"sterilny-nadstavec-na-dr-pen-a20-42-pinov","status":"publish","type":"product","link":"https:\/\/www.beautypristroje.sk\/en\/product\/sterilny-nadstavec-na-dr-pen-a20-42-pinov\/","title":{"rendered":"Steriln\u00fd nadstavec na Dr. Pen A20 &#8211; 42 pinov"},"content":{"rendered":"<p data-start=\"0\" data-end=\"193\">Steriln\u00fd nadstavec 42 pinov pre Dr. Pen A20, jednorazov\u00e9 pr\u00edslu\u0161enstvo pre presn\u00e9 a bezpe\u010dn\u00e9 kozmetick\u00e9 o\u0161etrenia, ide\u00e1lne pre profesion\u00e1lne pou\u017eitie.<\/p>","protected":false},"excerpt":{"rendered":"<p>Steriln\u00fd nadstavec na Dr. Pen A20<\/p>","protected":false},"featured_media":3020,"comment_status":"open","ping_status":"closed","template":"","meta":{"_acf_changed":false},"product_brand":[],"product_cat":[27,15],"product_tag":[],"class_list":{"0":"post-1126","1":"product","2":"type-product","3":"status-publish","4":"has-post-thumbnail","6":"product_cat-accessories","7":"product_cat-beauty-technologie","9":"first","10":"instock","11":"taxable","12":"shipping-taxable","13":"purchasable","14":"product-type-simple"},"acf":[],"yoast_head":"<!-- This site is optimized with the Yoast SEO plugin v27.5 - https:\/\/yoast.com\/product\/yoast-seo-wordpress\/ -->\n<title>Steriln\u00fd nadstavec na Dr. Pen A20 - 42 pinov - Beauty pr\u00edstroje<\/title>\n<meta name=\"description\" content=\"Steriln\u00fd nadstavec 42 pinov pre Dr. Pen A20, jednorazov\u00e9 pr\u00edslu\u0161enstvo pre presn\u00e9 a bezpe\u010dn\u00e9 kozmetick\u00e9 o\u0161etrenia, ide\u00e1lne pre profesion\u00e1lne pou\u017eitie.\" \/>\n<meta name=\"robots\" content=\"index, follow, max-snippet:-1, max-image-preview:large, max-video-preview:-1\" \/>\n<link rel=\"canonical\" href=\"https:\/\/www.beautypristroje.sk\/en\/product\/sterilny-nadstavec-na-dr-pen-a20-42-pinov\/\" \/>\n<meta property=\"og:locale\" content=\"en_GB\" \/>\n<meta property=\"og:type\" content=\"article\" \/>\n<meta property=\"og:title\" content=\"Steriln\u00fd nadstavec na Dr. Pen A20 - 42 pinov - Beauty pr\u00edstroje\" \/>\n<meta property=\"og:description\" content=\"Steriln\u00fd nadstavec 42 pinov pre Dr. Pen A20, jednorazov\u00e9 pr\u00edslu\u0161enstvo pre presn\u00e9 a bezpe\u010dn\u00e9 kozmetick\u00e9 o\u0161etrenia, ide\u00e1lne pre profesion\u00e1lne pou\u017eitie.\" \/>\n<meta property=\"og:url\" content=\"https:\/\/www.beautypristroje.sk\/en\/product\/sterilny-nadstavec-na-dr-pen-a20-42-pinov\/\" \/>\n<meta property=\"og:site_name\" content=\"Beauty pr\u00edstroje\" \/>\n<meta property=\"article:modified_time\" content=\"2026-03-24T20:59:54+00:00\" \/>\n<meta property=\"og:image\" content=\"https:\/\/www.beautypristroje.sk\/wp-content\/uploads\/2025\/09\/42pin.webp\" \/>\n\t<meta property=\"og:image:width\" content=\"1000\" \/>\n\t<meta property=\"og:image:height\" content=\"1000\" \/>\n\t<meta property=\"og:image:type\" content=\"image\/webp\" \/>\n<meta name=\"twitter:card\" content=\"summary_large_image\" \/>\n<meta name=\"twitter:label1\" content=\"Estimated reading time\" \/>\n\t<meta name=\"twitter:data1\" content=\"1 minute\" \/>\n<script type=\"application\/ld+json\" class=\"yoast-schema-graph\">{\"@context\":\"https:\\\/\\\/schema.org\",\"@graph\":[{\"@type\":\"WebPage\",\"@id\":\"https:\\\/\\\/www.beautypristroje.sk\\\/produkt\\\/sterilny-nadstavec-na-dr-pen-a20-42-pinov\\\/\",\"url\":\"https:\\\/\\\/www.beautypristroje.sk\\\/produkt\\\/sterilny-nadstavec-na-dr-pen-a20-42-pinov\\\/\",\"name\":\"Steriln\u00fd nadstavec na Dr. Pen A20 - 42 pinov - Beauty pr\u00edstroje\",\"isPartOf\":{\"@id\":\"https:\\\/\\\/www.beautypristroje.sk\\\/#website\"},\"primaryImageOfPage\":{\"@id\":\"https:\\\/\\\/www.beautypristroje.sk\\\/produkt\\\/sterilny-nadstavec-na-dr-pen-a20-42-pinov\\\/#primaryimage\"},\"image\":{\"@id\":\"https:\\\/\\\/www.beautypristroje.sk\\\/produkt\\\/sterilny-nadstavec-na-dr-pen-a20-42-pinov\\\/#primaryimage\"},\"thumbnailUrl\":\"https:\\\/\\\/www.beautypristroje.sk\\\/wp-content\\\/uploads\\\/2025\\\/09\\\/42pin.webp\",\"datePublished\":\"2025-09-26T11:12:27+00:00\",\"dateModified\":\"2026-03-24T20:59:54+00:00\",\"description\":\"Steriln\u00fd nadstavec 42 pinov pre Dr. Pen A20, jednorazov\u00e9 pr\u00edslu\u0161enstvo pre presn\u00e9 a bezpe\u010dn\u00e9 kozmetick\u00e9 o\u0161etrenia, ide\u00e1lne pre profesion\u00e1lne pou\u017eitie.\",\"breadcrumb\":{\"@id\":\"https:\\\/\\\/www.beautypristroje.sk\\\/produkt\\\/sterilny-nadstavec-na-dr-pen-a20-42-pinov\\\/#breadcrumb\"},\"inLanguage\":\"en-GB\",\"potentialAction\":[{\"@type\":\"ReadAction\",\"target\":[\"https:\\\/\\\/www.beautypristroje.sk\\\/produkt\\\/sterilny-nadstavec-na-dr-pen-a20-42-pinov\\\/\"]}]},{\"@type\":\"ImageObject\",\"inLanguage\":\"en-GB\",\"@id\":\"https:\\\/\\\/www.beautypristroje.sk\\\/produkt\\\/sterilny-nadstavec-na-dr-pen-a20-42-pinov\\\/#primaryimage\",\"url\":\"https:\\\/\\\/www.beautypristroje.sk\\\/wp-content\\\/uploads\\\/2025\\\/09\\\/42pin.webp\",\"contentUrl\":\"https:\\\/\\\/www.beautypristroje.sk\\\/wp-content\\\/uploads\\\/2025\\\/09\\\/42pin.webp\",\"width\":1000,\"height\":1000,\"caption\":\"Steriln\u00fd nadstavec \u2013 jednorazov\u00e9 kozmetick\u00e9 pr\u00edslu\u0161enstvo Dr. Pen, 42pin\"},{\"@type\":\"BreadcrumbList\",\"@id\":\"https:\\\/\\\/www.beautypristroje.sk\\\/produkt\\\/sterilny-nadstavec-na-dr-pen-a20-42-pinov\\\/#breadcrumb\",\"itemListElement\":[{\"@type\":\"ListItem\",\"position\":1,\"name\":\"Domovsk\u00e1 str\u00e1nka\",\"item\":\"https:\\\/\\\/www.beautypristroje.sk\\\/\"},{\"@type\":\"ListItem\",\"position\":2,\"name\":\"Obchod\",\"item\":\"https:\\\/\\\/www.beautypristroje.sk\\\/obchod\\\/\"},{\"@type\":\"ListItem\",\"position\":3,\"name\":\"Steriln\u00fd nadstavec na Dr. Pen A20 &#8211; 42 pinov\"}]},{\"@type\":\"WebSite\",\"@id\":\"https:\\\/\\\/www.beautypristroje.sk\\\/#website\",\"url\":\"https:\\\/\\\/www.beautypristroje.sk\\\/\",\"name\":\"Beauty pr\u00edstroje\",\"description\":\"Profesion\u00e1lne kozmetick\u00e9 pr\u00edstroje pre sal\u00f3ny a kliniky\",\"potentialAction\":[{\"@type\":\"SearchAction\",\"target\":{\"@type\":\"EntryPoint\",\"urlTemplate\":\"https:\\\/\\\/www.beautypristroje.sk\\\/?s={search_term_string}\"},\"query-input\":{\"@type\":\"PropertyValueSpecification\",\"valueRequired\":true,\"valueName\":\"search_term_string\"}}],\"inLanguage\":\"en-GB\"}]}<\/script>\n<!-- \/ Yoast SEO plugin. -->","yoast_head_json":{"title":"Steriln\u00fd nadstavec na Dr. Pen A20 - 42 pinov - Beauty pr\u00edstroje","description":"Steriln\u00fd nadstavec 42 pinov pre Dr. Pen A20, jednorazov\u00e9 pr\u00edslu\u0161enstvo pre presn\u00e9 a bezpe\u010dn\u00e9 kozmetick\u00e9 o\u0161etrenia, ide\u00e1lne pre profesion\u00e1lne pou\u017eitie.","robots":{"index":"index","follow":"follow","max-snippet":"max-snippet:-1","max-image-preview":"max-image-preview:large","max-video-preview":"max-video-preview:-1"},"canonical":"https:\/\/www.beautypristroje.sk\/en\/product\/sterilny-nadstavec-na-dr-pen-a20-42-pinov\/","og_locale":"en_GB","og_type":"article","og_title":"Steriln\u00fd nadstavec na Dr. Pen A20 - 42 pinov - Beauty pr\u00edstroje","og_description":"Steriln\u00fd nadstavec 42 pinov pre Dr. Pen A20, jednorazov\u00e9 pr\u00edslu\u0161enstvo pre presn\u00e9 a bezpe\u010dn\u00e9 kozmetick\u00e9 o\u0161etrenia, ide\u00e1lne pre profesion\u00e1lne pou\u017eitie.","og_url":"https:\/\/www.beautypristroje.sk\/en\/product\/sterilny-nadstavec-na-dr-pen-a20-42-pinov\/","og_site_name":"Beauty pr\u00edstroje","article_modified_time":"2026-03-24T20:59:54+00:00","og_image":[{"width":1000,"height":1000,"url":"https:\/\/www.beautypristroje.sk\/wp-content\/uploads\/2025\/09\/42pin.webp","type":"image\/webp"}],"twitter_card":"summary_large_image","twitter_misc":{"Estimated reading time":"1 minute"},"schema":{"@context":"https:\/\/schema.org","@graph":[{"@type":"WebPage","@id":"https:\/\/www.beautypristroje.sk\/produkt\/sterilny-nadstavec-na-dr-pen-a20-42-pinov\/","url":"https:\/\/www.beautypristroje.sk\/produkt\/sterilny-nadstavec-na-dr-pen-a20-42-pinov\/","name":"Steriln\u00fd nadstavec na Dr. Pen A20 - 42 pinov - Beauty pr\u00edstroje","isPartOf":{"@id":"https:\/\/www.beautypristroje.sk\/#website"},"primaryImageOfPage":{"@id":"https:\/\/www.beautypristroje.sk\/produkt\/sterilny-nadstavec-na-dr-pen-a20-42-pinov\/#primaryimage"},"image":{"@id":"https:\/\/www.beautypristroje.sk\/produkt\/sterilny-nadstavec-na-dr-pen-a20-42-pinov\/#primaryimage"},"thumbnailUrl":"https:\/\/www.beautypristroje.sk\/wp-content\/uploads\/2025\/09\/42pin.webp","datePublished":"2025-09-26T11:12:27+00:00","dateModified":"2026-03-24T20:59:54+00:00","description":"Steriln\u00fd nadstavec 42 pinov pre Dr. Pen A20, jednorazov\u00e9 pr\u00edslu\u0161enstvo pre presn\u00e9 a bezpe\u010dn\u00e9 kozmetick\u00e9 o\u0161etrenia, ide\u00e1lne pre profesion\u00e1lne pou\u017eitie.","breadcrumb":{"@id":"https:\/\/www.beautypristroje.sk\/produkt\/sterilny-nadstavec-na-dr-pen-a20-42-pinov\/#breadcrumb"},"inLanguage":"en-GB","potentialAction":[{"@type":"ReadAction","target":["https:\/\/www.beautypristroje.sk\/produkt\/sterilny-nadstavec-na-dr-pen-a20-42-pinov\/"]}]},{"@type":"ImageObject","inLanguage":"en-GB","@id":"https:\/\/www.beautypristroje.sk\/produkt\/sterilny-nadstavec-na-dr-pen-a20-42-pinov\/#primaryimage","url":"https:\/\/www.beautypristroje.sk\/wp-content\/uploads\/2025\/09\/42pin.webp","contentUrl":"https:\/\/www.beautypristroje.sk\/wp-content\/uploads\/2025\/09\/42pin.webp","width":1000,"height":1000,"caption":"Steriln\u00fd nadstavec \u2013 jednorazov\u00e9 kozmetick\u00e9 pr\u00edslu\u0161enstvo Dr. Pen, 42pin"},{"@type":"BreadcrumbList","@id":"https:\/\/www.beautypristroje.sk\/produkt\/sterilny-nadstavec-na-dr-pen-a20-42-pinov\/#breadcrumb","itemListElement":[{"@type":"ListItem","position":1,"name":"Domovsk\u00e1 str\u00e1nka","item":"https:\/\/www.beautypristroje.sk\/"},{"@type":"ListItem","position":2,"name":"Obchod","item":"https:\/\/www.beautypristroje.sk\/obchod\/"},{"@type":"ListItem","position":3,"name":"Steriln\u00fd nadstavec na Dr. Pen A20 &#8211; 42 pinov"}]},{"@type":"WebSite","@id":"https:\/\/www.beautypristroje.sk\/#website","url":"https:\/\/www.beautypristroje.sk\/","name":"Beauty pr\u00edstroje","description":"Profesion\u00e1lne kozmetick\u00e9 pr\u00edstroje pre sal\u00f3ny a kliniky","potentialAction":[{"@type":"SearchAction","target":{"@type":"EntryPoint","urlTemplate":"https:\/\/www.beautypristroje.sk\/?s={search_term_string}"},"query-input":{"@type":"PropertyValueSpecification","valueRequired":true,"valueName":"search_term_string"}}],"inLanguage":"en-GB"}]}},"_links":{"self":[{"href":"https:\/\/www.beautypristroje.sk\/en\/wp-json\/wp\/v2\/product\/1126","targetHints":{"allow":["GET"]}}],"collection":[{"href":"https:\/\/www.beautypristroje.sk\/en\/wp-json\/wp\/v2\/product"}],"about":[{"href":"https:\/\/www.beautypristroje.sk\/en\/wp-json\/wp\/v2\/types\/product"}],"replies":[{"embeddable":true,"href":"https:\/\/www.beautypristroje.sk\/en\/wp-json\/wp\/v2\/comments?post=1126"}],"wp:featuredmedia":[{"embeddable":true,"href":"https:\/\/www.beautypristroje.sk\/en\/wp-json\/wp\/v2\/media\/3020"}],"wp:attachment":[{"href":"https:\/\/www.beautypristroje.sk\/en\/wp-json\/wp\/v2\/media?parent=1126"}],"wp:term":[{"taxonomy":"product_brand","embeddable":true,"href":"https:\/\/www.beautypristroje.sk\/en\/wp-json\/wp\/v2\/product_brand?post=1126"},{"taxonomy":"product_cat","embeddable":true,"href":"https:\/\/www.beautypristroje.sk\/en\/wp-json\/wp\/v2\/product_cat?post=1126"},{"taxonomy":"product_tag","embeddable":true,"href":"https:\/\/www.beautypristroje.sk\/en\/wp-json\/wp\/v2\/product_tag?post=1126"}],"curies":[{"name":"wp","href":"https:\/\/api.w.org\/{rel}","templated":true}]}}