{"id":1095,"date":"2025-09-19T10:19:34","date_gmt":"2025-09-19T08:19:34","guid":{"rendered":"https:\/\/www.beautypristroje.sk\/?post_type=product&#038;p=1095"},"modified":"2026-04-15T11:16:06","modified_gmt":"2026-04-15T09:16:06","slug":"ai-luxury-intelligent-skin-tester","status":"publish","type":"product","link":"https:\/\/www.beautypristroje.sk\/en\/product\/ai-luxury-intelligent-skin-tester\/","title":{"rendered":"AI Luxury Intelligent Skin Tester"},"content":{"rendered":"<p>N\u00e1\u0161 <strong>AI Luxury Intelligent Skin Tester<\/strong> je navrhnut\u00fd tak, aby spojil \u0161pi\u010dkov\u00fa technol\u00f3giu a jednoduchos\u0165 pou\u017e\u00edvania. V\u010faka umelej inteligencii a a\u017e 8 spektroskopick\u00fdm zobrazovac\u00edm technol\u00f3gi\u00e1m dok\u00e1\u017ee komplexne vyhodnoti\u0165 stav pleti, identifikova\u0165 <strong>a\u017e 17 typov probl\u00e9mov<\/strong> a poskytn\u00fa\u0165 <strong>jasn\u00e9 odpor\u00fa\u010dania pre starostlivos\u0165 a to v\u0161etko aj v Slovenskom jazyku<\/strong><\/p>\n<h3><strong>Hlavn\u00e9 funkcie<\/strong><\/h3>\n<ul>\n<li>3D fotografovanie tv\u00e1re (\u013eav\u00fd profil, \u010deln\u00fd poh\u013ead, prav\u00fd profil).<\/li>\n<li>8 sveteln\u00fdch re\u017eimov: biele svetlo, polarizovan\u00e9 svetlo (pozit\u00edvne\/negat\u00edvne), UV, Woodova lampa, hned\u00e9 svetlo, \u010derven\u00e9 svetlo a zmie\u0161an\u00e9 svetlo.<\/li>\n<li>17 ukazovate\u013eov zdravia poko\u017eky: hydrat\u00e1cia, p\u00f3ry, \u010dierne bodky, sebum, vr\u00e1sky, kolag\u00e9n, pigment\u00e1cia (povrchov\u00e1, hlbok\u00e1, zmie\u0161an\u00e1), akn\u00e9, citlivos\u0165, ko\u017en\u00e1 bari\u00e9ra, porfyr\u00edny a in\u00e9.<\/li>\n<li>3 porovn\u00e1vacie re\u017eimy \u2013 pred a po o\u0161etren\u00ed, porovnanie ukazovate\u013eov, viacn\u00e1sobn\u00e9 sn\u00edmky.<\/li>\n<li>3 druhy reportov \u2013 individu\u00e1lny, komplexn\u00fd s odpor\u00fa\u010daniami pod\u013ea Baumannovho syst\u00e9mu (16 typov pleti), alebo personalizovan\u00fd editovate\u013en\u00fd report.<\/li>\n<li>Predikcia starnutia pleti \u2013 AI dok\u00e1\u017ee simulova\u0165 vzh\u013ead pleti po starostlivosti aj jej prirodzen\u00e9 starnutie.<\/li>\n<li>Cloudov\u00e9 \u00falo\u017eisko a spr\u00e1va z\u00e1kazn\u00edckych d\u00e1t \u2013 automatick\u00e9 ukladanie, preh\u013eadn\u00e1 datab\u00e1za klientov, \u0161tatistiky pod\u013ea veku, pohlavia \u010di probl\u00e9mov pleti.<\/li>\n<li>Podpora 19 jazykov vr\u00e1tane mo\u017enosti \u00fapravy reportov a exportu obr\u00e1zkov.<\/li>\n<\/ul>\n<h3><strong>Technick\u00e9 parametre<\/strong><\/h3>\n<ul>\n<li>8-sveteln\u00fd syst\u00e9m anal\u00fdzy pleti.<\/li>\n<li>22 funkci\u00ed detekcie vr\u00e1tane vlhkosti, p\u00f3rov, pigment\u00e1cie, akn\u00e9 a kolag\u00e9nu.<\/li>\n<li>Trojrozmern\u00e9 fotografovanie \u2013 vysok\u00e9 rozl\u00ed\u0161enie sn\u00edmok.<\/li>\n<li>Dotykov\u00fd displej s intuit\u00edvnym ovl\u00e1dan\u00edm.<\/li>\n<li>USB port na prenos d\u00e1t.<\/li>\n<li>Cloudov\u00e1 synchroniz\u00e1cia a spr\u00e1va z\u00e1kazn\u00edckych profilov.<\/li>\n<li>Funkcia exportu sn\u00edmok a generovania reportov priamo do mobilu klienta (QR k\u00f3d).<\/li>\n<li>Funkcia pripomienok naroden\u00edn klientov pre lep\u0161iu z\u00e1kazn\u00edcku starostlivos\u0165.<\/li>\n<li>Kompaktn\u00fd dizajn so skl\u00e1pac\u00edm ramenom a pohodlnou opierkou.<\/li>\n<\/ul>\n<h3>\u00a0<strong>Pre\u010do k\u00fapi\u0165 u n\u00e1s?<\/strong><\/h3>\n<ul>\n<li>Sme certifikovan\u00fd distrib\u00fator s kompletnou technickou podporou.<\/li>\n<li>Pr\u00edstroj je dostupn\u00fd v Slovenskom jazyku preto jeho ovl\u00e1danie zvl\u00e1dne ka\u017ed\u00fd<\/li>\n<li>Poskytujeme slovensk\u00fd manu\u00e1l a \u0161kolenie pre jednoduch\u00e9 pou\u017e\u00edvanie.<\/li>\n<li>Zabezpe\u010dujeme r\u00fdchly servis a dostupnos\u0165 n\u00e1hradn\u00fdch dielov.<\/li>\n<li>Dostanete od n\u00e1s marketingov\u00e9 materi\u00e1ly a podporu pri prezent\u00e1cii pr\u00edstroja klientom.<\/li>\n<li>Bonusom je cloudov\u00e9 \u00falo\u017eisko a spr\u00e1va klientskych kariet \u2013 ide\u00e1lne pre kozmetick\u00e9 sal\u00f3ny.<\/li>\n<\/ul>\n<h3><strong>S\u00falad s MDR<\/strong><\/h3>\n<p>Pr\u00edstroj nie je zdravotn\u00edcka pom\u00f4cka, je ur\u010den\u00fd pre kozmetick\u00e9 a estetick\u00e9 \u00fa\u010dely a sp\u013a\u0148a po\u017eiadavky E\u00da pre kozmetick\u00e9 estetick\u00e9 zariadenia \u2013 CE, bezpe\u010dnostn\u00e9 normy, technick\u00e9 limity.<\/p>","protected":false},"excerpt":{"rendered":"<p><strong>Profesion\u00e1lny pr\u00edstroj na anal\u00fdzu pleti v Slovenskom jazyku<\/strong><\/p>\n<p>Ide\u00e1lny pre kozmetick\u00e9 sal\u00f3ny, dermatologick\u00e9 kliniky, estetick\u00e9 centr\u00e1 a profesion\u00e1lov, ktor\u00ed chc\u00fa pon\u00faknu\u0165 svojim klientom vedeck\u00fa a d\u00f4veryhodn\u00fa diagnostiku pleti.<\/p>","protected":false},"featured_media":1099,"comment_status":"open","ping_status":"closed","template":"","meta":{"_acf_changed":false},"product_brand":[],"product_cat":[15,19],"product_tag":[],"class_list":{"0":"post-1095","1":"product","2":"type-product","3":"status-publish","4":"has-post-thumbnail","6":"product_cat-beauty-technologie","7":"product_cat-tvar","9":"first","10":"instock","11":"taxable","12":"shipping-taxable","13":"purchasable","14":"product-type-simple"},"acf":[],"yoast_head":"<!-- This site is optimized with the Yoast SEO plugin v27.5 - https:\/\/yoast.com\/product\/yoast-seo-wordpress\/ -->\n<title>AI Luxury Intelligent Skin Tester - Beauty pr\u00edstroje<\/title>\n<meta name=\"description\" content=\"AI Luxury Intelligent Skin Tester \u2013 pokro\u010dil\u00fd pr\u00edstroj na anal\u00fdzu pleti v Slovenskom jazyku s 8 sveteln\u00fdmi re\u017eimami, 17 ukazovate\u013emi zdravia poko\u017eky a AI odpor\u00fa\u010daniami.\" \/>\n<meta name=\"robots\" content=\"index, follow, max-snippet:-1, max-image-preview:large, max-video-preview:-1\" \/>\n<link rel=\"canonical\" href=\"https:\/\/www.beautypristroje.sk\/en\/product\/ai-luxury-intelligent-skin-tester\/\" \/>\n<meta property=\"og:locale\" content=\"en_GB\" \/>\n<meta property=\"og:type\" content=\"article\" \/>\n<meta property=\"og:title\" content=\"AI Luxury Intelligent Skin Tester - Beauty pr\u00edstroje\" \/>\n<meta property=\"og:description\" content=\"AI Luxury Intelligent Skin Tester \u2013 pokro\u010dil\u00fd pr\u00edstroj na anal\u00fdzu pleti v Slovenskom jazyku s 8 sveteln\u00fdmi re\u017eimami, 17 ukazovate\u013emi zdravia poko\u017eky a AI odpor\u00fa\u010daniami.\" \/>\n<meta property=\"og:url\" content=\"https:\/\/www.beautypristroje.sk\/en\/product\/ai-luxury-intelligent-skin-tester\/\" \/>\n<meta property=\"og:site_name\" content=\"Beauty pr\u00edstroje\" \/>\n<meta property=\"article:modified_time\" content=\"2026-04-15T09:16:06+00:00\" \/>\n<meta property=\"og:image\" content=\"https:\/\/www.beautypristroje.sk\/wp-content\/uploads\/2025\/09\/IMG-20250918-WA0028.jpg\" \/>\n\t<meta property=\"og:image:width\" content=\"1200\" \/>\n\t<meta property=\"og:image:height\" content=\"582\" \/>\n\t<meta property=\"og:image:type\" content=\"image\/jpeg\" \/>\n<meta name=\"twitter:card\" content=\"summary_large_image\" \/>\n<meta name=\"twitter:label1\" content=\"Estimated reading time\" \/>\n\t<meta name=\"twitter:data1\" content=\"2 minutes\" \/>\n<script type=\"application\/ld+json\" class=\"yoast-schema-graph\">{\"@context\":\"https:\\\/\\\/schema.org\",\"@graph\":[{\"@type\":\"WebPage\",\"@id\":\"https:\\\/\\\/www.beautypristroje.sk\\\/produkt\\\/ai-luxury-intelligent-skin-tester\\\/\",\"url\":\"https:\\\/\\\/www.beautypristroje.sk\\\/produkt\\\/ai-luxury-intelligent-skin-tester\\\/\",\"name\":\"AI Luxury Intelligent Skin Tester - Beauty pr\u00edstroje\",\"isPartOf\":{\"@id\":\"https:\\\/\\\/www.beautypristroje.sk\\\/#website\"},\"primaryImageOfPage\":{\"@id\":\"https:\\\/\\\/www.beautypristroje.sk\\\/produkt\\\/ai-luxury-intelligent-skin-tester\\\/#primaryimage\"},\"image\":{\"@id\":\"https:\\\/\\\/www.beautypristroje.sk\\\/produkt\\\/ai-luxury-intelligent-skin-tester\\\/#primaryimage\"},\"thumbnailUrl\":\"https:\\\/\\\/www.beautypristroje.sk\\\/wp-content\\\/uploads\\\/2025\\\/09\\\/IMG-20250918-WA0028.jpg\",\"datePublished\":\"2025-09-19T08:19:34+00:00\",\"dateModified\":\"2026-04-15T09:16:06+00:00\",\"description\":\"AI Luxury Intelligent Skin Tester \u2013 pokro\u010dil\u00fd pr\u00edstroj na anal\u00fdzu pleti v Slovenskom jazyku s 8 sveteln\u00fdmi re\u017eimami, 17 ukazovate\u013emi zdravia poko\u017eky a AI odpor\u00fa\u010daniami.\",\"breadcrumb\":{\"@id\":\"https:\\\/\\\/www.beautypristroje.sk\\\/produkt\\\/ai-luxury-intelligent-skin-tester\\\/#breadcrumb\"},\"inLanguage\":\"en-GB\",\"potentialAction\":[{\"@type\":\"ReadAction\",\"target\":[\"https:\\\/\\\/www.beautypristroje.sk\\\/produkt\\\/ai-luxury-intelligent-skin-tester\\\/\"]}]},{\"@type\":\"ImageObject\",\"inLanguage\":\"en-GB\",\"@id\":\"https:\\\/\\\/www.beautypristroje.sk\\\/produkt\\\/ai-luxury-intelligent-skin-tester\\\/#primaryimage\",\"url\":\"https:\\\/\\\/www.beautypristroje.sk\\\/wp-content\\\/uploads\\\/2025\\\/09\\\/IMG-20250918-WA0028.jpg\",\"contentUrl\":\"https:\\\/\\\/www.beautypristroje.sk\\\/wp-content\\\/uploads\\\/2025\\\/09\\\/IMG-20250918-WA0028.jpg\",\"width\":1200,\"height\":582,\"caption\":\"AI Luxury Intelligent Skin Tester \u2013 pr\u00edstroj na anal\u00fdzu pleti s AI a 8 sveteln\u00fdmi re\u017eimami\"},{\"@type\":\"BreadcrumbList\",\"@id\":\"https:\\\/\\\/www.beautypristroje.sk\\\/produkt\\\/ai-luxury-intelligent-skin-tester\\\/#breadcrumb\",\"itemListElement\":[{\"@type\":\"ListItem\",\"position\":1,\"name\":\"Domovsk\u00e1 str\u00e1nka\",\"item\":\"https:\\\/\\\/www.beautypristroje.sk\\\/\"},{\"@type\":\"ListItem\",\"position\":2,\"name\":\"Obchod\",\"item\":\"https:\\\/\\\/www.beautypristroje.sk\\\/obchod\\\/\"},{\"@type\":\"ListItem\",\"position\":3,\"name\":\"AI Luxury Intelligent Skin Tester\"}]},{\"@type\":\"WebSite\",\"@id\":\"https:\\\/\\\/www.beautypristroje.sk\\\/#website\",\"url\":\"https:\\\/\\\/www.beautypristroje.sk\\\/\",\"name\":\"Beauty pr\u00edstroje\",\"description\":\"Profesion\u00e1lne kozmetick\u00e9 pr\u00edstroje pre sal\u00f3ny a kliniky\",\"potentialAction\":[{\"@type\":\"SearchAction\",\"target\":{\"@type\":\"EntryPoint\",\"urlTemplate\":\"https:\\\/\\\/www.beautypristroje.sk\\\/?s={search_term_string}\"},\"query-input\":{\"@type\":\"PropertyValueSpecification\",\"valueRequired\":true,\"valueName\":\"search_term_string\"}}],\"inLanguage\":\"en-GB\"}]}<\/script>\n<!-- \/ Yoast SEO plugin. -->","yoast_head_json":{"title":"AI Luxury Intelligent Skin Tester - Beauty pr\u00edstroje","description":"AI Luxury Intelligent Skin Tester \u2013 pokro\u010dil\u00fd pr\u00edstroj na anal\u00fdzu pleti v Slovenskom jazyku s 8 sveteln\u00fdmi re\u017eimami, 17 ukazovate\u013emi zdravia poko\u017eky a AI odpor\u00fa\u010daniami.","robots":{"index":"index","follow":"follow","max-snippet":"max-snippet:-1","max-image-preview":"max-image-preview:large","max-video-preview":"max-video-preview:-1"},"canonical":"https:\/\/www.beautypristroje.sk\/en\/product\/ai-luxury-intelligent-skin-tester\/","og_locale":"en_GB","og_type":"article","og_title":"AI Luxury Intelligent Skin Tester - Beauty pr\u00edstroje","og_description":"AI Luxury Intelligent Skin Tester \u2013 pokro\u010dil\u00fd pr\u00edstroj na anal\u00fdzu pleti v Slovenskom jazyku s 8 sveteln\u00fdmi re\u017eimami, 17 ukazovate\u013emi zdravia poko\u017eky a AI odpor\u00fa\u010daniami.","og_url":"https:\/\/www.beautypristroje.sk\/en\/product\/ai-luxury-intelligent-skin-tester\/","og_site_name":"Beauty pr\u00edstroje","article_modified_time":"2026-04-15T09:16:06+00:00","og_image":[{"width":1200,"height":582,"url":"https:\/\/www.beautypristroje.sk\/wp-content\/uploads\/2025\/09\/IMG-20250918-WA0028.jpg","type":"image\/jpeg"}],"twitter_card":"summary_large_image","twitter_misc":{"Estimated reading time":"2 minutes"},"schema":{"@context":"https:\/\/schema.org","@graph":[{"@type":"WebPage","@id":"https:\/\/www.beautypristroje.sk\/produkt\/ai-luxury-intelligent-skin-tester\/","url":"https:\/\/www.beautypristroje.sk\/produkt\/ai-luxury-intelligent-skin-tester\/","name":"AI Luxury Intelligent Skin Tester - Beauty pr\u00edstroje","isPartOf":{"@id":"https:\/\/www.beautypristroje.sk\/#website"},"primaryImageOfPage":{"@id":"https:\/\/www.beautypristroje.sk\/produkt\/ai-luxury-intelligent-skin-tester\/#primaryimage"},"image":{"@id":"https:\/\/www.beautypristroje.sk\/produkt\/ai-luxury-intelligent-skin-tester\/#primaryimage"},"thumbnailUrl":"https:\/\/www.beautypristroje.sk\/wp-content\/uploads\/2025\/09\/IMG-20250918-WA0028.jpg","datePublished":"2025-09-19T08:19:34+00:00","dateModified":"2026-04-15T09:16:06+00:00","description":"AI Luxury Intelligent Skin Tester \u2013 pokro\u010dil\u00fd pr\u00edstroj na anal\u00fdzu pleti v Slovenskom jazyku s 8 sveteln\u00fdmi re\u017eimami, 17 ukazovate\u013emi zdravia poko\u017eky a AI odpor\u00fa\u010daniami.","breadcrumb":{"@id":"https:\/\/www.beautypristroje.sk\/produkt\/ai-luxury-intelligent-skin-tester\/#breadcrumb"},"inLanguage":"en-GB","potentialAction":[{"@type":"ReadAction","target":["https:\/\/www.beautypristroje.sk\/produkt\/ai-luxury-intelligent-skin-tester\/"]}]},{"@type":"ImageObject","inLanguage":"en-GB","@id":"https:\/\/www.beautypristroje.sk\/produkt\/ai-luxury-intelligent-skin-tester\/#primaryimage","url":"https:\/\/www.beautypristroje.sk\/wp-content\/uploads\/2025\/09\/IMG-20250918-WA0028.jpg","contentUrl":"https:\/\/www.beautypristroje.sk\/wp-content\/uploads\/2025\/09\/IMG-20250918-WA0028.jpg","width":1200,"height":582,"caption":"AI Luxury Intelligent Skin Tester \u2013 pr\u00edstroj na anal\u00fdzu pleti s AI a 8 sveteln\u00fdmi re\u017eimami"},{"@type":"BreadcrumbList","@id":"https:\/\/www.beautypristroje.sk\/produkt\/ai-luxury-intelligent-skin-tester\/#breadcrumb","itemListElement":[{"@type":"ListItem","position":1,"name":"Domovsk\u00e1 str\u00e1nka","item":"https:\/\/www.beautypristroje.sk\/"},{"@type":"ListItem","position":2,"name":"Obchod","item":"https:\/\/www.beautypristroje.sk\/obchod\/"},{"@type":"ListItem","position":3,"name":"AI Luxury Intelligent Skin Tester"}]},{"@type":"WebSite","@id":"https:\/\/www.beautypristroje.sk\/#website","url":"https:\/\/www.beautypristroje.sk\/","name":"Beauty pr\u00edstroje","description":"Profesion\u00e1lne kozmetick\u00e9 pr\u00edstroje pre sal\u00f3ny a kliniky","potentialAction":[{"@type":"SearchAction","target":{"@type":"EntryPoint","urlTemplate":"https:\/\/www.beautypristroje.sk\/?s={search_term_string}"},"query-input":{"@type":"PropertyValueSpecification","valueRequired":true,"valueName":"search_term_string"}}],"inLanguage":"en-GB"}]}},"_links":{"self":[{"href":"https:\/\/www.beautypristroje.sk\/en\/wp-json\/wp\/v2\/product\/1095","targetHints":{"allow":["GET"]}}],"collection":[{"href":"https:\/\/www.beautypristroje.sk\/en\/wp-json\/wp\/v2\/product"}],"about":[{"href":"https:\/\/www.beautypristroje.sk\/en\/wp-json\/wp\/v2\/types\/product"}],"replies":[{"embeddable":true,"href":"https:\/\/www.beautypristroje.sk\/en\/wp-json\/wp\/v2\/comments?post=1095"}],"wp:featuredmedia":[{"embeddable":true,"href":"https:\/\/www.beautypristroje.sk\/en\/wp-json\/wp\/v2\/media\/1099"}],"wp:attachment":[{"href":"https:\/\/www.beautypristroje.sk\/en\/wp-json\/wp\/v2\/media?parent=1095"}],"wp:term":[{"taxonomy":"product_brand","embeddable":true,"href":"https:\/\/www.beautypristroje.sk\/en\/wp-json\/wp\/v2\/product_brand?post=1095"},{"taxonomy":"product_cat","embeddable":true,"href":"https:\/\/www.beautypristroje.sk\/en\/wp-json\/wp\/v2\/product_cat?post=1095"},{"taxonomy":"product_tag","embeddable":true,"href":"https:\/\/www.beautypristroje.sk\/en\/wp-json\/wp\/v2\/product_tag?post=1095"}],"curies":[{"name":"wp","href":"https:\/\/api.w.org\/{rel}","templated":true}]}}