{"id":1080,"date":"2025-09-09T12:09:56","date_gmt":"2025-09-09T10:09:56","guid":{"rendered":"https:\/\/www.beautypristroje.sk\/?post_type=product&#038;p=1080"},"modified":"2025-11-10T14:09:26","modified_gmt":"2025-11-10T13:09:26","slug":"minus-age-spermidine-60-kapsuli","status":"publish","type":"product","link":"https:\/\/www.beautypristroje.sk\/en\/product\/minus-age-spermidine-60-kapsuli\/","title":{"rendered":"Minus Age Spermidine 60 kapsul\u00ed"},"content":{"rendered":"<p>Spermid\u00edn podporuje obnovu buniek aktiv\u00e1ciou <strong>autof\u00e1gie<\/strong>\u00a0\u2013 prirodzen\u00e9ho procesu \u010distenia tela.\u00a0Pom\u00e1ha zlep\u0161i\u0165\u00a0<strong>pam\u00e4\u0165, s\u00fastredenie a mozgov\u00fa energiu<\/strong>\u00a0aj vo vy\u0161\u0161om veku. Prispieva k\u00a0<strong>spomaleniu starnutia<\/strong>\u00a0a podpore\u00a0<strong>dlhovekosti<\/strong>\u00a0v\u010faka ochrane buniek pred po\u0161koden\u00edm.<\/p>\n<div>\n<h3>\u010co produkt obsahuje?<\/h3>\n<p>V jednom balen\u00ed n\u00e1jdete<strong>60 d\u00e1vok<\/strong>na podporu autof\u00e1gie \u2013 prirodzen\u00e9ho \u010distenia a regener\u00e1cie buniek.<\/p>\n<p>Ka\u017ed\u00e1 kapsula je starostlivo zabalen\u00e1 v blistri, aby sa zabr\u00e1nilo zni\u017eovaniu \u00fa\u010dinnosti vplyvom vonkaj\u0161\u00edch faktorov.<\/p>\n<p><strong>Denn\u00e1 d\u00e1vka obsahuje:<\/strong>6 mg spermid\u00ednu<\/p>\n<\/div>\n<h2>\u010co je Spermidine?<\/h2>\n<p>Spermidine\u00a0<strong>podporuje bunkov\u00fa obnovu a prirodzen\u00fd proces autof\u00e1gie<\/strong>\u00a0\u2013 teda \u010distenie a regener\u00e1ciu buniek. Pom\u00e1ha spoma\u013eova\u0165 starnutie, posil\u0148uje vitalitu a m\u00f4\u017ee prispieva\u0165 k dlh\u0161iemu a zdrav\u0161iemu \u017eivotu. Je ide\u00e1lny pre t\u00fdch, ktor\u00ed chc\u00fa podpori\u0165 zdrav\u00e9 starnutie zvn\u00fatra.<\/p>\n<p><strong>Podpora autof\u00e1gie a bunkovej o\u010disty:<\/strong>\u00a0Autof\u00e1gia je prirodzen\u00fd proces, pri ktorom sa bunky zbavuj\u00fa po\u0161koden\u00fdch \u010dast\u00ed a obnovuj\u00fa sa \u2013 hr\u00e1 k\u013e\u00fa\u010dov\u00fa \u00falohu v prevencii starnutia, z\u00e1palov aj vzniku chronick\u00fdch ochoren\u00ed. S vekom sa v\u0161ak autof\u00e1gia spoma\u013euje, \u010do m\u00f4\u017ee vies\u0165 k hromadeniu odpadov\u00fdch l\u00e1tok v bunk\u00e1ch. V\u00fdskumy ukazuj\u00fa, \u017ee hladina spermid\u00ednu, l\u00e1tky prirodzene aktivuj\u00facej autof\u00e1giu, za\u010d\u00edna klesa\u0165 u\u017e po 30. roku \u017eivota.<\/p>\n<p>Dop\u013a\u0148anie spermid\u00ednu m\u00f4\u017ee tento pokles spomali\u0165, podpori\u0165 zdrav\u00e9 starnutie, zlep\u0161i\u0165 bunkov\u00fa vitalitu a celkov\u00fa odolnos\u0165 organizmu. Spermid\u00edn je tak d\u00f4le\u017eit\u00fdm v\u00fd\u017eivov\u00fdm doplnkom pre ka\u017ed\u00e9ho, kto chce spomali\u0165 vn\u00fatorn\u00e9 biologick\u00e9 starnutie a udr\u017ea\u0165 si dlhodob\u00fa kond\u00edciu \u2013 fyzick\u00fa aj ment\u00e1lnu.<\/p>\n<div class=\"benefitBanner position--benefitOnas spermidine\">\n<div class=\"benefitBanner__item\">\n<div class=\"benefitBanner__picture\"><img decoding=\"async\" src=\"https:\/\/cdn.myshoptet.com\/usr\/www.minus-age.cz\/user\/documents\/upload\/mceclip0.png?1739788212\" alt=\"Bunkov\u00e1 o\u010dista\" \/> <img decoding=\"async\" class=\"\" src=\"https:\/\/pilulkacz.vshcdn.net\/zoh4eiLi\/IMG\/86400\/KahmuupXT7Z6KFWXpy1vxrZib_1WpcuHnCcKkk51q0o\/aHR0cHM6Ly9waWx1bGthLnMzLWNlbnRyYWwudnNob3N0aW5nLmNsb3VkL3BpbHVsa2EtY3ovZmlsZXMvaW1hZ2VzLzIwMjUtMDUvbWRfMDg3MDNkODg3ZGQyNDNmNWFiMTQ0OGI0OGYzZjA5Y2MucG5n.png\" alt=\"\" \/>\u00a0 \u00a0 \u00a0 \u00a0 \u00a0 \u00a0 \u00a0<img decoding=\"async\" class=\"\" src=\"https:\/\/pilulkacz.vshcdn.net\/zoh4eiLi\/IMG\/86400\/IYSL6qABpVKPu42cIDpeEqzUUS0zu2iNbFSgqsufHJk\/aHR0cHM6Ly9waWx1bGthLnMzLWNlbnRyYWwudnNob3N0aW5nLmNsb3VkL3BpbHVsa2EtY3ovZmlsZXMvaW1hZ2VzLzIwMjUtMDUvbWRfNDZhMjUwZDBlNzZlMTE2MjYyNjBmZTQzYmMxMWEwMGYucG5n.png\" alt=\"\" \/>\u00a0 \u00a0 \u00a0 \u00a0 \u00a0 \u00a0 \u00a0 \u00a0 \u00a0 \u00a0 \u00a0<img decoding=\"async\" class=\"\" src=\"https:\/\/pilulkacz.vshcdn.net\/zoh4eiLi\/IMG\/86400\/Hij2Myx5QXagLlCk7Wqmtjo6akouZYANLsL41-kw5nA\/aHR0cHM6Ly9waWx1bGthLnMzLWNlbnRyYWwudnNob3N0aW5nLmNsb3VkL3BpbHVsa2EtY3ovZmlsZXMvaW1hZ2VzLzIwMjUtMDUvbWRfMmFkODkwYjQ0YmU1YzQzYjlhNjAwMzQ1MzFjZDU2ZWMucG5n.png\" alt=\"\" \/><\/div>\n<div class=\"benefitBanner__content\"><strong class=\"benefitBanner__title\">\u00a0 \u00a0 \u00a0 \u00a0 \u00a0 \u00a0 \u00a0 \u00a0 \u00a0 \u00a0 \u00a0 \u00a0 Imunita\u00a0 \u00a0 \u00a0 \u00a0 \u00a0 \u00a0 \u00a0 \u00a0 \u00a0 \u00a0 \u00a0 \u00a0 \u00a0 \u00a0 \u00a0 \u00a0 \u00a0 \u00a0 \u00a0 \u00a0 St\u00e1rnutie\u00a0 \u00a0 \u00a0 \u00a0 \u00a0 \u00a0 \u00a0 \u00a0 \u00a0 \u00a0 \u00a0 \u00a0 \u00a0 \u00a0 \u00a0 \u00a0 \u00a0 \u00a0 \u00a0 \u00a0 \u00a0 \u00a0 Energia<\/strong><\/div>\n<\/div>\n<div class=\"benefitBanner__item\">\n<div class=\"benefitBanner__picture\"><img decoding=\"async\" src=\"https:\/\/cdn.myshoptet.com\/usr\/www.minus-age.cz\/user\/documents\/upload\/mceclip1.png?1739788224\" alt=\"Vitalita\" \/><\/div>\n<div class=\"benefitBanner__content\"><\/div>\n<\/div>\n<div class=\"benefitBanner__item\">\n<div class=\"benefitBanner__picture\"><span style=\"color: #000000; font-size: clamp(1.75rem, 1rem + 2vw, 36px); letter-spacing: 0em;\">\u00daLOHA SPERMID\u00cdNU PRI STARNUT\u00cd<\/span><\/div>\n<\/div>\n<\/div>\n<div>\n<p>Spermid\u00edn spoma\u013euje starnutie aktiv\u00e1ciou autof\u00e1gie \u2013 procesu bunkovej o\u010disty a regener\u00e1cie. Podporuje dlhovekos\u0165, zlep\u0161uje mozgov\u00e9 funkcie a zni\u017euje riziko neurodegenerat\u00edvnych ochoren\u00ed ako Alzheimerova choroba. Pom\u00e1ha udr\u017ea\u0165 vitalitu a du\u0161evn\u00fa svie\u017eos\u0165 aj vo vy\u0161\u0161om veku.<\/p>\n<div class=\"benefitBanner position--benefitOnas\">\n<div class=\"benefitBanner__item\">\n<div class=\"benefitBanner__picture\">\u00a0 \u00a0 \u00a0 \u00a0 \u00a0 \u00a0 \u00a0\u00a0<img decoding=\"async\" class=\"\" src=\"https:\/\/pilulkacz.vshcdn.net\/zoh4eiLi\/IMG\/86400\/sce1SlOABugjV1bf7p0FdJElsi84VJW0_SuHYVcZ3uU\/aHR0cHM6Ly9waWx1bGthLnMzLWNlbnRyYWwudnNob3N0aW5nLmNsb3VkL3BpbHVsa2EtY3ovZmlsZXMvaW1hZ2VzLzIwMjUtMDUvbWRfYTMyNmY2NGNmMTkwYmIyMGQ2MWRjNTBiOWJmZTI1NzUucG5n.png\" alt=\"\" \/>\u00a0 \u00a0 \u00a0 \u00a0 \u00a0\u00a0 \u00a0 \u00a0 \u00a0\u00a0<img decoding=\"async\" class=\"\" src=\"https:\/\/pilulkacz.vshcdn.net\/zoh4eiLi\/IMG\/86400\/r_D6sIl4CHys9z7lnU0eXiaCLemeHJKol8OfKYCrqDY\/aHR0cHM6Ly9waWx1bGthLnMzLWNlbnRyYWwudnNob3N0aW5nLmNsb3VkL3BpbHVsa2EtY3ovZmlsZXMvaW1hZ2VzLzIwMjUtMDUvbWRfNzBjYmY1ODgzNTFiZDIyZjQzOWFjZDYyOTIzZjliYzEucG5n.png\" alt=\"\" \/>\u00a0 \u00a0\u00a0 \u00a0 \u00a0 \u00a0 \u00a0 \u00a0 <img decoding=\"async\" class=\"\" src=\"https:\/\/pilulkacz.vshcdn.net\/zoh4eiLi\/IMG\/86400\/OtEVHNbLdIBF4QNQAtVKyxWmIP6d_btp_E4bxjh2qLs\/aHR0cHM6Ly9waWx1bGthLnMzLWNlbnRyYWwudnNob3N0aW5nLmNsb3VkL3BpbHVsa2EtY3ovZmlsZXMvaW1hZ2VzLzIwMjUtMDUvbWRfNGIzMmFlNDdmODY5Y2RmNjQ0NTYxZTgxZjgwODQzNjUucG5n.png\" alt=\"\" \/><\/div>\n<div class=\"benefitBanner__content\"><strong class=\"benefitBanner__title\">\u00a0 \u00a0 \u00a0 \u00a0 \u00a0 \u00a0 \u00a0 \u00a0 \u00a0 \u00a0 \u00a0Bez GMO\u00a0 \u00a0 \u00a0 \u00a0 \u00a0 \u00a0 \u00a0 \u00a0 \u00a0 \u00a0 \u00a0 \u00a0 \u00a0 \u00a0 \u00a0 \u00a0<strong>Vhodn\u00e9 pre veg\u00e1nov\u00a0 \u00a0 \u00a0 \u00a0 \u00a0 \u00a0Certifikovan\u00fd a testovan\u00fd doplnok<\/strong><\/strong><\/div>\n<\/div>\n<div class=\"benefitBanner__item\">\n<div class=\"benefitBanner__picture\"><\/div>\n<div class=\"benefitBanner__content\"><\/div>\n<\/div>\n<div class=\"benefitBanner__item\">\n<div class=\"benefitBanner__picture\"><\/div>\n<h3 class=\"benefitBanner__content\"><span style=\"color: #000000; font-size: clamp(1.75rem, 1rem + 2vw, 36px); letter-spacing: 0em;\">\u00da\u010dinky Spermid\u00ednu\u00a0<\/span><\/h3>\n<\/div>\n<\/div>\n<\/div>\n<p>Spermid\u00edn\u00a0<strong>aktivuje autof\u00e1giu<\/strong>, \u010do pom\u00e1ha udr\u017ea\u0165 telo zdrav\u00e9 a spomali\u0165 starnutie. \u0160t\u00fadie ukazuj\u00fa, \u017ee vy\u0161\u0161\u00ed pr\u00edjem spermid\u00ednu je spojen\u00fd s dlh\u0161ou d\u013a\u017ekou \u017eivota a ni\u017e\u0161\u00edm rizikom chronick\u00fdch ochoren\u00ed. M\u00e1 tie\u017e\u00a0<strong>neuroprotekt\u00edvne \u00fa\u010dinky<\/strong>\u00a0a podporuje pam\u00e4\u0165 a kognit\u00edvne funkcie. Spermid\u00edn prispieva k ochrane mozgu pred neurodegener\u00e1ciou a podporuje zdrav\u00fd vzh\u013ead poko\u017eky.<\/p>\n<h3>D\u00e1vkovanie<\/h3>\n<div class=\"rc-block px-0\">\n<div class=\"rc-rwp rc-ico-container\">\n<div class=\"rc-ico-container__content\">\n<p><img decoding=\"async\" class=\"no-bor-rad lazyload isLoading alignleft\" src=\"https:\/\/pilulkacz.vshcdn.net\/zoh4eiLi\/IMG\/86400\/Mv-60f60xTmj9Kqh08enLXlgTfSZOJoGJWW7Yu-VZRM\/aHR0cHM6Ly9waWx1bGthLnMzLWNlbnRyYWwudnNob3N0aW5nLmNsb3VkL3BpbHVsa2EtY3ovZmlsZXMvaW1hZ2VzLzIwMjUtMDUvbWRfNjMxYTdiMDAwOThlNjkzYTk3YTEyZTE5MzRhOTY3ZTAucG5n.png\" alt=\"D\u00e1vkovanie\" width=\"140\" height=\"140\" \/><\/p>\n<\/div>\n<\/div>\n<\/div>\n<ul>\n<li><strong>1 kapsula denne<\/strong><\/li>\n<li>Pr\u00edpravok sa m\u00f4\u017ee u\u017e\u00edva\u0165 ka\u017ed\u00fd de\u0148\n<div class=\"rc-block px-0\">\n<div class=\"rc-rwp rc-ico-container\">\n<div class=\"rc-ico-container__content\">\n<p>Zap\u00edjajte dostato\u010dn\u00fdm mno\u017estvom tekut\u00edn<\/p>\n<p>Neprekra\u010dujte odpor\u00fa\u010dan\u00fa denn\u00fa d\u00e1vku. Nenahr\u00e1dza pestr\u00fa a vyv\u00e1\u017een\u00fa stravu. Nie je ur\u010den\u00e9 pre deti. Tehotn\u00e9 a doj\u010diace \u017eeny sa m\u00f4\u017eu o u\u017e\u00edvan\u00ed poradi\u0165 s lek\u00e1rom. Dbajte na zdrav\u00fd \u017eivotn\u00fd \u0161t\u00fdl.<\/p>\n<\/div>\n<\/div>\n<\/div>\n<\/li>\n<\/ul>\n<p><strong>Obsah v\u00a01\u00a0kapsule<\/strong>: 250 mg trans-resveratrolu.<\/p>\n<div class=\"davkovani_slozeni__text\">\n<div class=\"rc-block px-0\">\n<div class=\"rc-rwp rc-ico-container\">\n<div class=\"rc-ico-container__content\">\n<h3>Upozornenie<\/h3>\n<\/div>\n<\/div>\n<\/div>\n<div class=\"rc-block rc-u-know rc-rwp\">\n<div class=\"rc-u-know__content\">\n<div class=\"rc-rwp\">\n<p>Neprekra\u010dujte odpor\u00fa\u010dan\u00fa denn\u00fa d\u00e1vku. Nesl\u00fa\u017ei ako n\u00e1hrada pestrej a vyv\u00e1\u017eenej stravy. Nie je ur\u010den\u00fd pre deti. Dodr\u017eiavajte zdrav\u00fd \u017eivotn\u00fd \u0161t\u00fdl. Pred u\u017e\u00edvan\u00edm in\u00fdch ako odpor\u00fa\u010dan\u00fdch d\u00e1vok sa pora\u010fte s\u00a0lek\u00e1rom medic\u00edny dlhovekosti (longevity medicine).<\/p>\n<\/div>\n<\/div>\n<\/div>\n<\/div>\n<div><\/div>\n<div>\n<div class=\"davkovani_slozeni__title\">\n<h3>Zlo\u017eenie<\/h3>\n<\/div>\n<div class=\"davkovani_slozeni__text\">Hmotnos\u0165 obsahu: 22,2 g (60 kaps\u00fal)<\/div>\n<div class=\"davkovani_slozeni__text\"><\/div>\n<div class=\"davkovani_slozeni__text\">Zlo\u017eenie: hydroxypropylmetylcelul\u00f3za, protihrudkuj\u00faca l\u00e1tka (hor\u010d\u00edkov\u00e9 soli mastn\u00fdch kysel\u00edn rastlinn\u00e9ho p\u00f4vodu). Obsah v 1 kapsule: 300 mg extraktu z p\u0161eni\u010dn\u00fdch kl\u00ed\u010dkov, 6 mg spermid\u00ednu. V\u00fdrobca: Hackshot s.r.o., \u010cesk\u00e1 republika.<br \/>\nSkladujte pri izbovej teplote na suchom a tmavom mieste, mimo dosahu det\u00ed.<\/div>\n<\/div>","protected":false},"excerpt":{"rendered":"<p>Premium Joint Complex je produkt zameran\u00fd na va\u0161e k\u013aby a chrupavky. Produkt obsahuje vysok\u00e9 mno\u017estvo kolag\u00e9nu, chondroit\u00ednu, MSM, glukosam\u00ednu a cel\u00fd rad \u010fal\u0161\u00edch zlo\u017eiek<\/p>","protected":false},"featured_media":1081,"comment_status":"open","ping_status":"closed","template":"","meta":{"_acf_changed":false},"product_brand":[78],"product_cat":[51],"product_tag":[],"class_list":{"0":"post-1080","1":"product","2":"type-product","3":"status-publish","4":"has-post-thumbnail","6":"product_brand-minus-age","7":"product_cat-anti-aging-longevity","9":"first","10":"instock","11":"taxable","12":"shipping-taxable","13":"purchasable","14":"product-type-simple"},"acf":[],"yoast_head":"<!-- This site is optimized with the Yoast SEO plugin v27.5 - https:\/\/yoast.com\/product\/yoast-seo-wordpress\/ -->\n<title>Minus Age Spermidine 60 kapsul\u00ed - Beauty pr\u00edstroje<\/title>\n<meta name=\"description\" content=\"Minus Age Spermidine \u2013 doplnok s 6 mg spermid\u00ednu na podporu autof\u00e1gie, bunkovej obnovy, spomalenie starnutia a zlep\u0161enie vitality organizmu.\" \/>\n<meta name=\"robots\" content=\"index, follow, max-snippet:-1, max-image-preview:large, max-video-preview:-1\" \/>\n<link rel=\"canonical\" href=\"https:\/\/www.beautypristroje.sk\/en\/product\/minus-age-spermidine-60-kapsuli\/\" \/>\n<meta property=\"og:locale\" content=\"en_GB\" \/>\n<meta property=\"og:type\" content=\"article\" \/>\n<meta property=\"og:title\" content=\"Minus Age Spermidine 60 kapsul\u00ed - Beauty pr\u00edstroje\" \/>\n<meta property=\"og:description\" content=\"Minus Age Spermidine \u2013 doplnok s 6 mg spermid\u00ednu na podporu autof\u00e1gie, bunkovej obnovy, spomalenie starnutia a zlep\u0161enie vitality organizmu.\" \/>\n<meta property=\"og:url\" content=\"https:\/\/www.beautypristroje.sk\/en\/product\/minus-age-spermidine-60-kapsuli\/\" \/>\n<meta property=\"og:site_name\" content=\"Beauty pr\u00edstroje\" \/>\n<meta property=\"article:modified_time\" content=\"2025-11-10T13:09:26+00:00\" \/>\n<meta property=\"og:image\" content=\"https:\/\/www.beautypristroje.sk\/wp-content\/uploads\/2025\/09\/spermidin.webp\" \/>\n\t<meta property=\"og:image:width\" content=\"1024\" \/>\n\t<meta property=\"og:image:height\" content=\"768\" \/>\n\t<meta property=\"og:image:type\" content=\"image\/webp\" \/>\n<meta name=\"twitter:card\" content=\"summary_large_image\" \/>\n<meta name=\"twitter:label1\" content=\"Estimated reading time\" \/>\n\t<meta name=\"twitter:data1\" content=\"5 minutes\" \/>\n<script type=\"application\/ld+json\" class=\"yoast-schema-graph\">{\"@context\":\"https:\\\/\\\/schema.org\",\"@graph\":[{\"@type\":\"WebPage\",\"@id\":\"https:\\\/\\\/www.beautypristroje.sk\\\/produkt\\\/minus-age-spermidine-60-kapsuli\\\/\",\"url\":\"https:\\\/\\\/www.beautypristroje.sk\\\/produkt\\\/minus-age-spermidine-60-kapsuli\\\/\",\"name\":\"Minus Age Spermidine 60 kapsul\u00ed - Beauty pr\u00edstroje\",\"isPartOf\":{\"@id\":\"https:\\\/\\\/www.beautypristroje.sk\\\/#website\"},\"primaryImageOfPage\":{\"@id\":\"https:\\\/\\\/www.beautypristroje.sk\\\/produkt\\\/minus-age-spermidine-60-kapsuli\\\/#primaryimage\"},\"image\":{\"@id\":\"https:\\\/\\\/www.beautypristroje.sk\\\/produkt\\\/minus-age-spermidine-60-kapsuli\\\/#primaryimage\"},\"thumbnailUrl\":\"https:\\\/\\\/www.beautypristroje.sk\\\/wp-content\\\/uploads\\\/2025\\\/09\\\/spermidin.webp\",\"datePublished\":\"2025-09-09T10:09:56+00:00\",\"dateModified\":\"2025-11-10T13:09:26+00:00\",\"description\":\"Minus Age Spermidine \u2013 doplnok s 6 mg spermid\u00ednu na podporu autof\u00e1gie, bunkovej obnovy, spomalenie starnutia a zlep\u0161enie vitality organizmu.\",\"breadcrumb\":{\"@id\":\"https:\\\/\\\/www.beautypristroje.sk\\\/produkt\\\/minus-age-spermidine-60-kapsuli\\\/#breadcrumb\"},\"inLanguage\":\"en-GB\",\"potentialAction\":[{\"@type\":\"ReadAction\",\"target\":[\"https:\\\/\\\/www.beautypristroje.sk\\\/produkt\\\/minus-age-spermidine-60-kapsuli\\\/\"]}]},{\"@type\":\"ImageObject\",\"inLanguage\":\"en-GB\",\"@id\":\"https:\\\/\\\/www.beautypristroje.sk\\\/produkt\\\/minus-age-spermidine-60-kapsuli\\\/#primaryimage\",\"url\":\"https:\\\/\\\/www.beautypristroje.sk\\\/wp-content\\\/uploads\\\/2025\\\/09\\\/spermidin.webp\",\"contentUrl\":\"https:\\\/\\\/www.beautypristroje.sk\\\/wp-content\\\/uploads\\\/2025\\\/09\\\/spermidin.webp\",\"width\":1024,\"height\":768,\"caption\":\"Minus Age Spermidine 60 kaps\u00fal \u2013 doplnok pre podporu autof\u00e1gie a bunkovej obnovy\"},{\"@type\":\"BreadcrumbList\",\"@id\":\"https:\\\/\\\/www.beautypristroje.sk\\\/produkt\\\/minus-age-spermidine-60-kapsuli\\\/#breadcrumb\",\"itemListElement\":[{\"@type\":\"ListItem\",\"position\":1,\"name\":\"Domovsk\u00e1 str\u00e1nka\",\"item\":\"https:\\\/\\\/www.beautypristroje.sk\\\/\"},{\"@type\":\"ListItem\",\"position\":2,\"name\":\"Obchod\",\"item\":\"https:\\\/\\\/www.beautypristroje.sk\\\/obchod\\\/\"},{\"@type\":\"ListItem\",\"position\":3,\"name\":\"Minus Age Spermidine 60 kapsul\u00ed\"}]},{\"@type\":\"WebSite\",\"@id\":\"https:\\\/\\\/www.beautypristroje.sk\\\/#website\",\"url\":\"https:\\\/\\\/www.beautypristroje.sk\\\/\",\"name\":\"Beauty pr\u00edstroje\",\"description\":\"Profesion\u00e1lne kozmetick\u00e9 pr\u00edstroje pre sal\u00f3ny a kliniky\",\"potentialAction\":[{\"@type\":\"SearchAction\",\"target\":{\"@type\":\"EntryPoint\",\"urlTemplate\":\"https:\\\/\\\/www.beautypristroje.sk\\\/?s={search_term_string}\"},\"query-input\":{\"@type\":\"PropertyValueSpecification\",\"valueRequired\":true,\"valueName\":\"search_term_string\"}}],\"inLanguage\":\"en-GB\"}]}<\/script>\n<!-- \/ Yoast SEO plugin. -->","yoast_head_json":{"title":"Minus Age Spermidine 60 kapsul\u00ed - Beauty pr\u00edstroje","description":"Minus Age Spermidine \u2013 doplnok s 6 mg spermid\u00ednu na podporu autof\u00e1gie, bunkovej obnovy, spomalenie starnutia a zlep\u0161enie vitality organizmu.","robots":{"index":"index","follow":"follow","max-snippet":"max-snippet:-1","max-image-preview":"max-image-preview:large","max-video-preview":"max-video-preview:-1"},"canonical":"https:\/\/www.beautypristroje.sk\/en\/product\/minus-age-spermidine-60-kapsuli\/","og_locale":"en_GB","og_type":"article","og_title":"Minus Age Spermidine 60 kapsul\u00ed - Beauty pr\u00edstroje","og_description":"Minus Age Spermidine \u2013 doplnok s 6 mg spermid\u00ednu na podporu autof\u00e1gie, bunkovej obnovy, spomalenie starnutia a zlep\u0161enie vitality organizmu.","og_url":"https:\/\/www.beautypristroje.sk\/en\/product\/minus-age-spermidine-60-kapsuli\/","og_site_name":"Beauty pr\u00edstroje","article_modified_time":"2025-11-10T13:09:26+00:00","og_image":[{"width":1024,"height":768,"url":"https:\/\/www.beautypristroje.sk\/wp-content\/uploads\/2025\/09\/spermidin.webp","type":"image\/webp"}],"twitter_card":"summary_large_image","twitter_misc":{"Estimated reading time":"5 minutes"},"schema":{"@context":"https:\/\/schema.org","@graph":[{"@type":"WebPage","@id":"https:\/\/www.beautypristroje.sk\/produkt\/minus-age-spermidine-60-kapsuli\/","url":"https:\/\/www.beautypristroje.sk\/produkt\/minus-age-spermidine-60-kapsuli\/","name":"Minus Age Spermidine 60 kapsul\u00ed - Beauty pr\u00edstroje","isPartOf":{"@id":"https:\/\/www.beautypristroje.sk\/#website"},"primaryImageOfPage":{"@id":"https:\/\/www.beautypristroje.sk\/produkt\/minus-age-spermidine-60-kapsuli\/#primaryimage"},"image":{"@id":"https:\/\/www.beautypristroje.sk\/produkt\/minus-age-spermidine-60-kapsuli\/#primaryimage"},"thumbnailUrl":"https:\/\/www.beautypristroje.sk\/wp-content\/uploads\/2025\/09\/spermidin.webp","datePublished":"2025-09-09T10:09:56+00:00","dateModified":"2025-11-10T13:09:26+00:00","description":"Minus Age Spermidine \u2013 doplnok s 6 mg spermid\u00ednu na podporu autof\u00e1gie, bunkovej obnovy, spomalenie starnutia a zlep\u0161enie vitality organizmu.","breadcrumb":{"@id":"https:\/\/www.beautypristroje.sk\/produkt\/minus-age-spermidine-60-kapsuli\/#breadcrumb"},"inLanguage":"en-GB","potentialAction":[{"@type":"ReadAction","target":["https:\/\/www.beautypristroje.sk\/produkt\/minus-age-spermidine-60-kapsuli\/"]}]},{"@type":"ImageObject","inLanguage":"en-GB","@id":"https:\/\/www.beautypristroje.sk\/produkt\/minus-age-spermidine-60-kapsuli\/#primaryimage","url":"https:\/\/www.beautypristroje.sk\/wp-content\/uploads\/2025\/09\/spermidin.webp","contentUrl":"https:\/\/www.beautypristroje.sk\/wp-content\/uploads\/2025\/09\/spermidin.webp","width":1024,"height":768,"caption":"Minus Age Spermidine 60 kaps\u00fal \u2013 doplnok pre podporu autof\u00e1gie a bunkovej obnovy"},{"@type":"BreadcrumbList","@id":"https:\/\/www.beautypristroje.sk\/produkt\/minus-age-spermidine-60-kapsuli\/#breadcrumb","itemListElement":[{"@type":"ListItem","position":1,"name":"Domovsk\u00e1 str\u00e1nka","item":"https:\/\/www.beautypristroje.sk\/"},{"@type":"ListItem","position":2,"name":"Obchod","item":"https:\/\/www.beautypristroje.sk\/obchod\/"},{"@type":"ListItem","position":3,"name":"Minus Age Spermidine 60 kapsul\u00ed"}]},{"@type":"WebSite","@id":"https:\/\/www.beautypristroje.sk\/#website","url":"https:\/\/www.beautypristroje.sk\/","name":"Beauty pr\u00edstroje","description":"Profesion\u00e1lne kozmetick\u00e9 pr\u00edstroje pre sal\u00f3ny a kliniky","potentialAction":[{"@type":"SearchAction","target":{"@type":"EntryPoint","urlTemplate":"https:\/\/www.beautypristroje.sk\/?s={search_term_string}"},"query-input":{"@type":"PropertyValueSpecification","valueRequired":true,"valueName":"search_term_string"}}],"inLanguage":"en-GB"}]}},"_links":{"self":[{"href":"https:\/\/www.beautypristroje.sk\/en\/wp-json\/wp\/v2\/product\/1080","targetHints":{"allow":["GET"]}}],"collection":[{"href":"https:\/\/www.beautypristroje.sk\/en\/wp-json\/wp\/v2\/product"}],"about":[{"href":"https:\/\/www.beautypristroje.sk\/en\/wp-json\/wp\/v2\/types\/product"}],"replies":[{"embeddable":true,"href":"https:\/\/www.beautypristroje.sk\/en\/wp-json\/wp\/v2\/comments?post=1080"}],"wp:featuredmedia":[{"embeddable":true,"href":"https:\/\/www.beautypristroje.sk\/en\/wp-json\/wp\/v2\/media\/1081"}],"wp:attachment":[{"href":"https:\/\/www.beautypristroje.sk\/en\/wp-json\/wp\/v2\/media?parent=1080"}],"wp:term":[{"taxonomy":"product_brand","embeddable":true,"href":"https:\/\/www.beautypristroje.sk\/en\/wp-json\/wp\/v2\/product_brand?post=1080"},{"taxonomy":"product_cat","embeddable":true,"href":"https:\/\/www.beautypristroje.sk\/en\/wp-json\/wp\/v2\/product_cat?post=1080"},{"taxonomy":"product_tag","embeddable":true,"href":"https:\/\/www.beautypristroje.sk\/en\/wp-json\/wp\/v2\/product_tag?post=1080"}],"curies":[{"name":"wp","href":"https:\/\/api.w.org\/{rel}","templated":true}]}}