{"id":1078,"date":"2025-09-09T12:03:05","date_gmt":"2025-09-09T10:03:05","guid":{"rendered":"https:\/\/www.beautypristroje.sk\/?post_type=product&#038;p=1078"},"modified":"2025-11-10T14:07:14","modified_gmt":"2025-11-10T13:07:14","slug":"minus-age-premium-joint-complex-30-vrecusok","status":"publish","type":"product","link":"https:\/\/www.beautypristroje.sk\/en\/product\/minus-age-premium-joint-complex-30-vrecusok\/","title":{"rendered":"Minus Age Premium Joint Complex 30 vrec\u00fa\u0161ok"},"content":{"rendered":"<div class=\"textContent\">\n<div class=\"rc-container\">\n<div class=\"rc-block px-2\">\n<h3>Komplexn\u00fd doplnok na podporu zdravia k\u013abov, kost\u00ed a svalov<\/h3>\n<div class=\"rc-text\">\n<p><strong>Premium Joint Complex<\/strong><span>\u00a0<\/span>je komplexn\u00fd doplnok stravy\u00a0zameran\u00fd na zdravie k\u013abov, chrupaviek, svalov a kost\u00ed. Obsahuje kolag\u00e9n, chondroit\u00edn, glukozam\u00edn, MSM, vitam\u00edny a \u010fal\u0161ie l\u00e1tky, ktor\u00e9 pom\u00e1haj\u00fa zachova\u0165<span>\u00a0<\/span><strong>pohyblivos\u0165<\/strong><span>\u00a0<\/span>a predch\u00e1dza\u0165 bolesti a degener\u00e1cii pohybov\u00e9ho apar\u00e1tu. Najm\u00e4<span>\u00a0<\/span><strong>kolen\u00e1 a bedr\u00e1<\/strong><span>\u00a0<\/span>s\u00fa po\u010das \u017eivota ve\u013emi nam\u00e1han\u00e9. Opotrebovanie m\u00f4\u017ee vies\u0165 k\u00a0<strong>artr\u00f3ze<\/strong>. Komplexn\u00e1 starostlivos\u0165 vr\u00e1tane v\u00fd\u017eivy m\u00f4\u017ee pom\u00f4c\u0165 oddiali\u0165 alebo zmierni\u0165 tieto \u0165a\u017ekosti.<\/p>\n<\/div>\n<\/div>\n<div class=\"rc-block px-2\">\n<div class=\"rc-rwp rc-special-col__container\">\n<div class=\"rc-rwp__card-third rc-special-col\">\n<div class=\"rc-special-col__img\"><img decoding=\"async\" class=\"\" src=\"https:\/\/pilulkacz.vshcdn.net\/zoh4eiLi\/IMG\/86400\/OjOZ-jiq5S_X6mSL6hBHxkfKAZNagwIkFbkYY-lW0r8\/aHR0cHM6Ly9waWx1bGthLnMzLWNlbnRyYWwudnNob3N0aW5nLmNsb3VkL3BpbHVsa2EtY3ovZmlsZXMvaW1hZ2VzLzIwMjUtMDUvbWRfMDRjNDY3NjY3NDRmZjliMjBjMmRmNTA0YTEwYmQxZTcucG5n.png\" alt=\"\" \/>\u00a0 \u00a0 \u00a0 \u00a0 \u00a0 \u00a0 \u00a0 \u00a0 \u00a0 <img decoding=\"async\" class=\"\" style=\"letter-spacing: 0em;\" src=\"https:\/\/pilulkacz.vshcdn.net\/zoh4eiLi\/IMG\/86400\/WtsxEzp473W9W-fbPxTO3KefLenfIkqABo4pB4meL2I\/aHR0cHM6Ly9waWx1bGthLnMzLWNlbnRyYWwudnNob3N0aW5nLmNsb3VkL3BpbHVsa2EtY3ovZmlsZXMvaW1hZ2VzLzIwMjUtMDUvbWRfZTUyMDliNjIwZmU0MGE2YjY1NDdkMmE2ZTNjMzZkM2MucG5n.png\" alt=\"\" \/>\u00a0 \u00a0 \u00a0 \u00a0 \u00a0 \u00a0 \u00a0 \u00a0 \u00a0<img decoding=\"async\" class=\"\" style=\"letter-spacing: 0em;\" src=\"https:\/\/pilulkacz.vshcdn.net\/zoh4eiLi\/IMG\/86400\/Jp3bVpk9UFqv_NbnRKSQl60JxmyUi-SH9FjQGSR9x0U\/aHR0cHM6Ly9waWx1bGthLnMzLWNlbnRyYWwudnNob3N0aW5nLmNsb3VkL3BpbHVsa2EtY3ovZmlsZXMvaW1hZ2VzLzIwMjUtMDUvbWRfYTUwMmFmZjY3ZmU0NDY4M2Q0MjU3NzVlMDAxNzYzNTcucG5n.png\" alt=\"\" \/><\/div>\n<div class=\"rc-special-col__img\"><strong style=\"letter-spacing: 0em;\">V\u00fdkon\u00a0 \u00a0 \u00a0 \u00a0 \u00a0 \u00a0 \u00a0 \u00a0 \u00a0 \u00a0 \u00a0 \u00a0 \u00a0 \u00a0 \u00a0 \u00a0 \u00a0 \u00a0 \u00a0 \u00a0 \u00a0 \u00a0 \u00a0 \u00a0 \u00a0 \u00a0 <\/strong><strong style=\"letter-spacing: 0em;\">Kosti a k\u013aby\u00a0 \u00a0 \u00a0 \u00a0 \u00a0 \u00a0 \u00a0 \u00a0 \u00a0 \u00a0 \u00a0 \u00a0 \u00a0 \u00a0 \u00a0 \u00a0 \u00a0 \u00a0 \u00a0 <\/strong><strong style=\"letter-spacing: 0em;\">St\u00e1rnutie<\/strong><\/div>\n<div><\/div>\n<\/div>\n<\/div>\n<\/div>\n<div class=\"rc-block px-2\">\n<div class=\"rc-rwp\">\n<div class=\"rc-rwp__card-half rc-text-big rc-pl-none\">\n<div>\n<h3>Tr\u00e1pia v\u00e1s bolesti pohybov\u00e9ho apar\u00e1tu?<\/h3>\n<div class=\"rc-text\">\n<ul>\n<li>Vedeli ste, \u017ee po 30.\u00a0roku \u017eivota za\u010d\u00edna telo str\u00e1ca\u0165 kolag\u00e9n? Kolag\u00e9n je nevyhnutn\u00fd pre\u00a0pevnos\u0165 k\u013abov, pru\u017enos\u0165 chrupaviek a zdrav\u00fd\u00a0pohyb<\/li>\n<li>Dodajte svojmu telu v\u00fd\u017eivu, ktor\u00fa potrebuje, aby ste pomohli\u00a0zmierni\u0165 boles\u0165, podporili regener\u00e1ciu\u00a0a zachovali si pohyblivos\u0165 aj vo vy\u0161\u0161om\u00a0veku<\/li>\n<li>Viac ako 80\u00a0% \u013eud\u00ed nad 65\u00a0rokov trp\u00ed<span>\u00a0<\/span><strong>artrit\u00eddou<\/strong>. Sp\u00f4sobuje stratu pohyblivosti, boles\u0165 a zn\u00ed\u017een\u00fa kvalitu\u00a0\u017eivota<\/li>\n<li>Premium Joint Complex sa zameriava na hlavn\u00e9 pr\u00ed\u010diny t\u00fdchto zmien a pom\u00e1ha udr\u017ea\u0165 telo funk\u010dn\u00e9 \u010do najdlh\u0161ie<\/li>\n<\/ul>\n<\/div>\n<\/div>\n<\/div>\n<div class=\"rc-rwp__card-half\"><img decoding=\"async\" class=\"rc-img-fit rc-img-stretched-mobile rc-img-margin-mobile lazyload isLoading\" src=\"https:\/\/pilulkacz.vshcdn.net\/zoh4eiLi\/IMG\/86400\/WheA0oU60oytcdlspxCXXryzEFVPVrlxjbFrCoYmJ2Q\/aHR0cHM6Ly9waWx1bGthLnMzLWNlbnRyYWwudnNob3N0aW5nLmNsb3VkL3BpbHVsa2EtY3ovZmlsZXMvaW1hZ2VzLzIwMjUtMDUvbWRfNzM2M2U5ZmZhOGRhZjk4ZjcxODZlM2Y2NjUxOTAyMDYucG5n.png\" alt=\"M\u00ednus vek\" \/><\/div>\n<\/div>\n<\/div>\n<div class=\"rc-block rc-u-know rc-rwp\">\n<div class=\"rc-u-know__ico\">\n<div class=\"rc-u-know__ico__elem info\"><\/div>\n<\/div>\n<div class=\"rc-u-know__content\">\n<h4><\/h4>\n<div class=\"rc-rwp\">\n<p>11,62\u00a0g komplexnej dennej d\u00e1vky v\u00a0ka\u017edom vrec\u00fa\u0161ku\u00a0\u2013 kolag\u00e9n, glukosam\u00edn, chondroit\u00edn, MSM a vitam\u00edny. 1\u00a0mesiac starostlivosti o\u00a0k\u013aby, svaly a\u00a0kosti.<\/p>\n<\/div>\n<\/div>\n<\/div>\n<div class=\"rc-block px-2\">\n<div class=\"rc-rwp rc-special-col__container\">\n<div class=\"rc-rwp__card-third rc-special-col\">\n<div class=\"rc-special-col__img\"><img decoding=\"async\" class=\"\" src=\"https:\/\/pilulkacz.vshcdn.net\/zoh4eiLi\/IMG\/86400\/OtEVHNbLdIBF4QNQAtVKyxWmIP6d_btp_E4bxjh2qLs\/aHR0cHM6Ly9waWx1bGthLnMzLWNlbnRyYWwudnNob3N0aW5nLmNsb3VkL3BpbHVsa2EtY3ovZmlsZXMvaW1hZ2VzLzIwMjUtMDUvbWRfNGIzMmFlNDdmODY5Y2RmNjQ0NTYxZTgxZjgwODQzNjUucG5n.png\" alt=\"\" \/>\u00a0 \u00a0 \u00a0 \u00a0 \u00a0 \u00a0 \u00a0 \u00a0 \u00a0 \u00a0 \u00a0 \u00a0 \u00a0 \u00a0 \u00a0 \u00a0 \u00a0 \u00a0 \u00a0 \u00a0 \u00a0 \u00a0 \u00a0 \u00a0 \u00a0 \u00a0 <img decoding=\"async\" class=\"\" style=\"letter-spacing: 0em;\" src=\"https:\/\/pilulkacz.vshcdn.net\/zoh4eiLi\/IMG\/86400\/r_D6sIl4CHys9z7lnU0eXiaCLemeHJKol8OfKYCrqDY\/aHR0cHM6Ly9waWx1bGthLnMzLWNlbnRyYWwudnNob3N0aW5nLmNsb3VkL3BpbHVsa2EtY3ovZmlsZXMvaW1hZ2VzLzIwMjUtMDUvbWRfNzBjYmY1ODgzNTFiZDIyZjQzOWFjZDYyOTIzZjliYzEucG5n.png\" alt=\"\" \/>\u00a0 \u00a0 \u00a0 \u00a0 \u00a0 \u00a0 \u00a0 \u00a0 \u00a0 \u00a0 \u00a0 \u00a0 \u00a0 \u00a0 \u00a0<img decoding=\"async\" class=\"\" style=\"letter-spacing: 0em;\" src=\"https:\/\/pilulkacz.vshcdn.net\/zoh4eiLi\/IMG\/86400\/sce1SlOABugjV1bf7p0FdJElsi84VJW0_SuHYVcZ3uU\/aHR0cHM6Ly9waWx1bGthLnMzLWNlbnRyYWwudnNob3N0aW5nLmNsb3VkL3BpbHVsa2EtY3ovZmlsZXMvaW1hZ2VzLzIwMjUtMDUvbWRfYTMyNmY2NGNmMTkwYmIyMGQ2MWRjNTBiOWJmZTI1NzUucG5n.png\" alt=\"\" \/><\/div>\n<div class=\"rc-special-col__content\">\n<div>\n<p><strong>Certifikovan\u00fd a testovan\u00fd doplnok\u00a0 \u00a0 \u00a0 \u00a0 \u00a0 \u00a0 \u00a0 \u00a0 \u00a0 \u00a0 \u00a0 \u00a0 \u00a0 \u00a0 <\/strong><strong style=\"letter-spacing: 0em;\">Pr\u00edrodn\u00fd produkt\u00a0 \u00a0 \u00a0 \u00a0 \u00a0 \u00a0 \u00a0 \u00a0 \u00a0 \u00a0 \u00a0 \u00a0 \u00a0 \u00a0 \u00a0 \u00a0 \u00a0 \u00a0 \u00a0 \u00a0 \u00a0 \u00a0 \u00a0 \u00a0 \u00a0 \u00a0<\/strong><strong style=\"letter-spacing: 0em;\">Bez GMO<\/strong><\/p>\n<\/div>\n<\/div>\n<\/div>\n<\/div>\n<\/div>\n<div class=\"rc-block px-0\">\n<div class=\"rc-rwp rc-ico-container\">\n<div class=\"rc-ico-container__content\">\n<h3>D\u00e1vkovanie<\/h3>\n<p><img decoding=\"async\" class=\"no-bor-rad lazyload isLoading alignleft\" src=\"https:\/\/pilulkacz.vshcdn.net\/zoh4eiLi\/IMG\/86400\/Mv-60f60xTmj9Kqh08enLXlgTfSZOJoGJWW7Yu-VZRM\/aHR0cHM6Ly9waWx1bGthLnMzLWNlbnRyYWwudnNob3N0aW5nLmNsb3VkL3BpbHVsa2EtY3ovZmlsZXMvaW1hZ2VzLzIwMjUtMDUvbWRfNjMxYTdiMDAwOThlNjkzYTk3YTEyZTE5MzRhOTY3ZTAucG5n.png\" alt=\"D\u00e1vkovanie\" \/><\/p>\n<ul>\n<li><strong>1\u00a0vrec\u00fa\u0161ko na de\u0148 (11,62\u00a0g)<\/strong><\/li>\n<li>Zmie\u0161ajte v\u00a0200\u00a0ml neperlivej vody a vypite<\/li>\n<\/ul>\n<p><strong>\u00da\u010dinn\u00e9 l\u00e1tky v\u00a01\u00a0d\u00e1vke:<\/strong><span>\u00a0<\/span>kolag\u00e9n 7000\u00a0mg, glukosam\u00edn 1200\u00a0mg, inul\u00edn 1000\u00a0mg, MSM 900\u00a0mg, vit. C 500\u00a0mg, chondroit\u00edn 300\u00a0mg, kurkuma 100\u00a0mg, \u010dierne korenie 3\u00a0mg, vit. K2 50\u00a0mcg, vit. D3 25\u00a0mcg.<\/p>\n<h3><span style=\"font-size: clamp(1.75rem, 1rem + 2vw, 36px); letter-spacing: 0em;\">Upozornenie<\/span><\/h3>\n<\/div>\n<\/div>\n<\/div>\n<div class=\"rc-block rc-u-know rc-rwp\">\n<div class=\"rc-u-know__content\">\n<div class=\"rc-rwp\">\n<p>Neprekra\u010dujte odpor\u00fa\u010dan\u00e9 d\u00e1vkovanie. Pred in\u00fdm u\u017e\u00edvan\u00edm sa pora\u010fte s\u00a0lek\u00e1rom medic\u00edny dlhovekosti\u00a0.<\/p>\n<\/div>\n<\/div>\n<\/div>\n<\/div>\n<\/div>\n<div class=\"textContent\">\n<h3 class=\"textContent__h2\">Zlo\u017eenie<\/h3>\n<div>\n<p>Hydrolyzovan\u00e9 hov\u00e4dzie kolag\u00e9nov\u00e9 peptidy typu I a III, glukozam\u00edn sulf\u00e1t, prebiotick\u00e1 vl\u00e1knina (inul\u00edn) z \u010dakanky (Cichorium intybus), metylsulfonylmet\u00e1n, vitam\u00edn C (kyselina L-askorbov\u00e1), chondroit\u00edn sulf\u00e1t, pr\u00edchu\u0165: brosky\u0148a, farbivo: extrakt z kore\u0148a kurkumy (Curcuma longa), sladidlo: glykozidy steviolu, vitam\u00edn K (menachin\u00f3n), vitam\u00edn D (kolekalciferol), extrakt z plodov \u010dierneho korenia (Piper nigrum).<\/p>\n<\/div>\n<\/div>\n<div class=\"textContent\">\n<p>Pozrite tie\u017e ostatn\u00e9 v\u00fdrobky zna\u010dky<span>\u00a0<\/span>Minus Age, ktor\u00e9 n\u00e1jdete v kateg\u00f3ri\u00e1ch<span>\u00a0<\/span>V\u00fd\u017eivov\u00e9 doplnky<span>\u00a0<\/span>a<span>\u00a0<\/span>K\u013abov\u00e1 v\u00fd\u017eiva. Ak si nie ste ist\u00ed v\u00fdberom tohto produktu, in\u0161pirujte sa v kateg\u00f3rii<span>\u00a0<\/span>Glukosamin.<\/p>\n<\/div>","protected":false},"excerpt":{"rendered":"<p><span>Premium Joint Complex je produkt zameran\u00fd na va\u0161e k\u013aby a chrupavky. Produkt obsahuje vysok\u00e9 mno\u017estvo kolag\u00e9nu, chondroit\u00ednu, MSM, glukosam\u00ednu a cel\u00fd rad \u010fal\u0161\u00edch zlo\u017eiek.<\/span><\/p>","protected":false},"featured_media":1079,"comment_status":"open","ping_status":"closed","template":"","meta":{"_acf_changed":false},"product_brand":[78],"product_cat":[51],"product_tag":[],"class_list":{"0":"post-1078","1":"product","2":"type-product","3":"status-publish","4":"has-post-thumbnail","6":"product_brand-minus-age","7":"product_cat-anti-aging-longevity","9":"first","10":"instock","11":"taxable","12":"shipping-taxable","13":"purchasable","14":"product-type-simple"},"acf":[],"yoast_head":"<!-- This site is optimized with the Yoast SEO plugin v27.5 - https:\/\/yoast.com\/product\/yoast-seo-wordpress\/ -->\n<title>Minus Age Premium Joint Complex 30 vrec\u00fa\u0161ok - Beauty pr\u00edstroje<\/title>\n<meta name=\"description\" content=\"Minus Age Premium Joint Complex \u2013 doplnok pre zdravie k\u013abov, chrupaviek, svalov a kost\u00ed s kolag\u00e9nom, glukozam\u00ednom a vitam\u00ednmi pre pohyblivos\u0165.\" \/>\n<meta name=\"robots\" content=\"index, follow, max-snippet:-1, max-image-preview:large, max-video-preview:-1\" \/>\n<link rel=\"canonical\" href=\"https:\/\/www.beautypristroje.sk\/en\/product\/minus-age-premium-joint-complex-30-vrecusok\/\" \/>\n<meta property=\"og:locale\" content=\"en_GB\" \/>\n<meta property=\"og:type\" content=\"article\" \/>\n<meta property=\"og:title\" content=\"Minus Age Premium Joint Complex 30 vrec\u00fa\u0161ok - Beauty pr\u00edstroje\" \/>\n<meta property=\"og:description\" content=\"Minus Age Premium Joint Complex \u2013 doplnok pre zdravie k\u013abov, chrupaviek, svalov a kost\u00ed s kolag\u00e9nom, glukozam\u00ednom a vitam\u00ednmi pre pohyblivos\u0165.\" \/>\n<meta property=\"og:url\" content=\"https:\/\/www.beautypristroje.sk\/en\/product\/minus-age-premium-joint-complex-30-vrecusok\/\" \/>\n<meta property=\"og:site_name\" content=\"Beauty pr\u00edstroje\" \/>\n<meta property=\"article:modified_time\" content=\"2025-11-10T13:07:14+00:00\" \/>\n<meta property=\"og:image\" content=\"https:\/\/www.beautypristroje.sk\/wp-content\/uploads\/2025\/09\/premiumjointcontent.webp\" \/>\n\t<meta property=\"og:image:width\" content=\"358\" \/>\n\t<meta property=\"og:image:height\" content=\"249\" \/>\n\t<meta property=\"og:image:type\" content=\"image\/webp\" \/>\n<meta name=\"twitter:card\" content=\"summary_large_image\" \/>\n<meta name=\"twitter:label1\" content=\"Estimated reading time\" \/>\n\t<meta name=\"twitter:data1\" content=\"4 minutes\" \/>\n<script type=\"application\/ld+json\" class=\"yoast-schema-graph\">{\"@context\":\"https:\\\/\\\/schema.org\",\"@graph\":[{\"@type\":\"WebPage\",\"@id\":\"https:\\\/\\\/www.beautypristroje.sk\\\/produkt\\\/minus-age-premium-joint-complex-30-vrecusok\\\/\",\"url\":\"https:\\\/\\\/www.beautypristroje.sk\\\/produkt\\\/minus-age-premium-joint-complex-30-vrecusok\\\/\",\"name\":\"Minus Age Premium Joint Complex 30 vrec\u00fa\u0161ok - Beauty pr\u00edstroje\",\"isPartOf\":{\"@id\":\"https:\\\/\\\/www.beautypristroje.sk\\\/#website\"},\"primaryImageOfPage\":{\"@id\":\"https:\\\/\\\/www.beautypristroje.sk\\\/produkt\\\/minus-age-premium-joint-complex-30-vrecusok\\\/#primaryimage\"},\"image\":{\"@id\":\"https:\\\/\\\/www.beautypristroje.sk\\\/produkt\\\/minus-age-premium-joint-complex-30-vrecusok\\\/#primaryimage\"},\"thumbnailUrl\":\"https:\\\/\\\/www.beautypristroje.sk\\\/wp-content\\\/uploads\\\/2025\\\/09\\\/premiumjointcontent.webp\",\"datePublished\":\"2025-09-09T10:03:05+00:00\",\"dateModified\":\"2025-11-10T13:07:14+00:00\",\"description\":\"Minus Age Premium Joint Complex \u2013 doplnok pre zdravie k\u013abov, chrupaviek, svalov a kost\u00ed s kolag\u00e9nom, glukozam\u00ednom a vitam\u00ednmi pre pohyblivos\u0165.\",\"breadcrumb\":{\"@id\":\"https:\\\/\\\/www.beautypristroje.sk\\\/produkt\\\/minus-age-premium-joint-complex-30-vrecusok\\\/#breadcrumb\"},\"inLanguage\":\"en-GB\",\"potentialAction\":[{\"@type\":\"ReadAction\",\"target\":[\"https:\\\/\\\/www.beautypristroje.sk\\\/produkt\\\/minus-age-premium-joint-complex-30-vrecusok\\\/\"]}]},{\"@type\":\"ImageObject\",\"inLanguage\":\"en-GB\",\"@id\":\"https:\\\/\\\/www.beautypristroje.sk\\\/produkt\\\/minus-age-premium-joint-complex-30-vrecusok\\\/#primaryimage\",\"url\":\"https:\\\/\\\/www.beautypristroje.sk\\\/wp-content\\\/uploads\\\/2025\\\/09\\\/premiumjointcontent.webp\",\"contentUrl\":\"https:\\\/\\\/www.beautypristroje.sk\\\/wp-content\\\/uploads\\\/2025\\\/09\\\/premiumjointcontent.webp\",\"width\":358,\"height\":249,\"caption\":\"Minus Age Premium Joint Complex \u2013 doplnok pre zdravie k\u013abov, chrupaviek, svalov a kost\u00ed\"},{\"@type\":\"BreadcrumbList\",\"@id\":\"https:\\\/\\\/www.beautypristroje.sk\\\/produkt\\\/minus-age-premium-joint-complex-30-vrecusok\\\/#breadcrumb\",\"itemListElement\":[{\"@type\":\"ListItem\",\"position\":1,\"name\":\"Domovsk\u00e1 str\u00e1nka\",\"item\":\"https:\\\/\\\/www.beautypristroje.sk\\\/\"},{\"@type\":\"ListItem\",\"position\":2,\"name\":\"Obchod\",\"item\":\"https:\\\/\\\/www.beautypristroje.sk\\\/obchod\\\/\"},{\"@type\":\"ListItem\",\"position\":3,\"name\":\"Minus Age Premium Joint Complex 30 vrec\u00fa\u0161ok\"}]},{\"@type\":\"WebSite\",\"@id\":\"https:\\\/\\\/www.beautypristroje.sk\\\/#website\",\"url\":\"https:\\\/\\\/www.beautypristroje.sk\\\/\",\"name\":\"Beauty pr\u00edstroje\",\"description\":\"Profesion\u00e1lne kozmetick\u00e9 pr\u00edstroje pre sal\u00f3ny a kliniky\",\"potentialAction\":[{\"@type\":\"SearchAction\",\"target\":{\"@type\":\"EntryPoint\",\"urlTemplate\":\"https:\\\/\\\/www.beautypristroje.sk\\\/?s={search_term_string}\"},\"query-input\":{\"@type\":\"PropertyValueSpecification\",\"valueRequired\":true,\"valueName\":\"search_term_string\"}}],\"inLanguage\":\"en-GB\"}]}<\/script>\n<!-- \/ Yoast SEO plugin. -->","yoast_head_json":{"title":"Minus Age Premium Joint Complex 30 vrec\u00fa\u0161ok - Beauty pr\u00edstroje","description":"Minus Age Premium Joint Complex \u2013 doplnok pre zdravie k\u013abov, chrupaviek, svalov a kost\u00ed s kolag\u00e9nom, glukozam\u00ednom a vitam\u00ednmi pre pohyblivos\u0165.","robots":{"index":"index","follow":"follow","max-snippet":"max-snippet:-1","max-image-preview":"max-image-preview:large","max-video-preview":"max-video-preview:-1"},"canonical":"https:\/\/www.beautypristroje.sk\/en\/product\/minus-age-premium-joint-complex-30-vrecusok\/","og_locale":"en_GB","og_type":"article","og_title":"Minus Age Premium Joint Complex 30 vrec\u00fa\u0161ok - Beauty pr\u00edstroje","og_description":"Minus Age Premium Joint Complex \u2013 doplnok pre zdravie k\u013abov, chrupaviek, svalov a kost\u00ed s kolag\u00e9nom, glukozam\u00ednom a vitam\u00ednmi pre pohyblivos\u0165.","og_url":"https:\/\/www.beautypristroje.sk\/en\/product\/minus-age-premium-joint-complex-30-vrecusok\/","og_site_name":"Beauty pr\u00edstroje","article_modified_time":"2025-11-10T13:07:14+00:00","og_image":[{"width":358,"height":249,"url":"https:\/\/www.beautypristroje.sk\/wp-content\/uploads\/2025\/09\/premiumjointcontent.webp","type":"image\/webp"}],"twitter_card":"summary_large_image","twitter_misc":{"Estimated reading time":"4 minutes"},"schema":{"@context":"https:\/\/schema.org","@graph":[{"@type":"WebPage","@id":"https:\/\/www.beautypristroje.sk\/produkt\/minus-age-premium-joint-complex-30-vrecusok\/","url":"https:\/\/www.beautypristroje.sk\/produkt\/minus-age-premium-joint-complex-30-vrecusok\/","name":"Minus Age Premium Joint Complex 30 vrec\u00fa\u0161ok - Beauty pr\u00edstroje","isPartOf":{"@id":"https:\/\/www.beautypristroje.sk\/#website"},"primaryImageOfPage":{"@id":"https:\/\/www.beautypristroje.sk\/produkt\/minus-age-premium-joint-complex-30-vrecusok\/#primaryimage"},"image":{"@id":"https:\/\/www.beautypristroje.sk\/produkt\/minus-age-premium-joint-complex-30-vrecusok\/#primaryimage"},"thumbnailUrl":"https:\/\/www.beautypristroje.sk\/wp-content\/uploads\/2025\/09\/premiumjointcontent.webp","datePublished":"2025-09-09T10:03:05+00:00","dateModified":"2025-11-10T13:07:14+00:00","description":"Minus Age Premium Joint Complex \u2013 doplnok pre zdravie k\u013abov, chrupaviek, svalov a kost\u00ed s kolag\u00e9nom, glukozam\u00ednom a vitam\u00ednmi pre pohyblivos\u0165.","breadcrumb":{"@id":"https:\/\/www.beautypristroje.sk\/produkt\/minus-age-premium-joint-complex-30-vrecusok\/#breadcrumb"},"inLanguage":"en-GB","potentialAction":[{"@type":"ReadAction","target":["https:\/\/www.beautypristroje.sk\/produkt\/minus-age-premium-joint-complex-30-vrecusok\/"]}]},{"@type":"ImageObject","inLanguage":"en-GB","@id":"https:\/\/www.beautypristroje.sk\/produkt\/minus-age-premium-joint-complex-30-vrecusok\/#primaryimage","url":"https:\/\/www.beautypristroje.sk\/wp-content\/uploads\/2025\/09\/premiumjointcontent.webp","contentUrl":"https:\/\/www.beautypristroje.sk\/wp-content\/uploads\/2025\/09\/premiumjointcontent.webp","width":358,"height":249,"caption":"Minus Age Premium Joint Complex \u2013 doplnok pre zdravie k\u013abov, chrupaviek, svalov a kost\u00ed"},{"@type":"BreadcrumbList","@id":"https:\/\/www.beautypristroje.sk\/produkt\/minus-age-premium-joint-complex-30-vrecusok\/#breadcrumb","itemListElement":[{"@type":"ListItem","position":1,"name":"Domovsk\u00e1 str\u00e1nka","item":"https:\/\/www.beautypristroje.sk\/"},{"@type":"ListItem","position":2,"name":"Obchod","item":"https:\/\/www.beautypristroje.sk\/obchod\/"},{"@type":"ListItem","position":3,"name":"Minus Age Premium Joint Complex 30 vrec\u00fa\u0161ok"}]},{"@type":"WebSite","@id":"https:\/\/www.beautypristroje.sk\/#website","url":"https:\/\/www.beautypristroje.sk\/","name":"Beauty pr\u00edstroje","description":"Profesion\u00e1lne kozmetick\u00e9 pr\u00edstroje pre sal\u00f3ny a kliniky","potentialAction":[{"@type":"SearchAction","target":{"@type":"EntryPoint","urlTemplate":"https:\/\/www.beautypristroje.sk\/?s={search_term_string}"},"query-input":{"@type":"PropertyValueSpecification","valueRequired":true,"valueName":"search_term_string"}}],"inLanguage":"en-GB"}]}},"_links":{"self":[{"href":"https:\/\/www.beautypristroje.sk\/en\/wp-json\/wp\/v2\/product\/1078","targetHints":{"allow":["GET"]}}],"collection":[{"href":"https:\/\/www.beautypristroje.sk\/en\/wp-json\/wp\/v2\/product"}],"about":[{"href":"https:\/\/www.beautypristroje.sk\/en\/wp-json\/wp\/v2\/types\/product"}],"replies":[{"embeddable":true,"href":"https:\/\/www.beautypristroje.sk\/en\/wp-json\/wp\/v2\/comments?post=1078"}],"wp:featuredmedia":[{"embeddable":true,"href":"https:\/\/www.beautypristroje.sk\/en\/wp-json\/wp\/v2\/media\/1079"}],"wp:attachment":[{"href":"https:\/\/www.beautypristroje.sk\/en\/wp-json\/wp\/v2\/media?parent=1078"}],"wp:term":[{"taxonomy":"product_brand","embeddable":true,"href":"https:\/\/www.beautypristroje.sk\/en\/wp-json\/wp\/v2\/product_brand?post=1078"},{"taxonomy":"product_cat","embeddable":true,"href":"https:\/\/www.beautypristroje.sk\/en\/wp-json\/wp\/v2\/product_cat?post=1078"},{"taxonomy":"product_tag","embeddable":true,"href":"https:\/\/www.beautypristroje.sk\/en\/wp-json\/wp\/v2\/product_tag?post=1078"}],"curies":[{"name":"wp","href":"https:\/\/api.w.org\/{rel}","templated":true}]}}