{"id":1076,"date":"2025-09-09T11:59:27","date_gmt":"2025-09-09T09:59:27","guid":{"rendered":"https:\/\/www.beautypristroje.sk\/?post_type=product&#038;p=1076"},"modified":"2025-11-10T14:08:03","modified_gmt":"2025-11-10T13:08:03","slug":"minus-age-bioelixir-90-kapsul","status":"publish","type":"product","link":"https:\/\/www.beautypristroje.sk\/en\/product\/minus-age-bioelixir-90-kapsul\/","title":{"rendered":"Minus Age Bioelixir 90 kaps\u00fal"},"content":{"rendered":"<div class=\"textContent\">\n<div class=\"rc-container\">\n<div class=\"rc-block px-2\">\n<h3>Pr\u00edrodn\u00fd elix\u00edr na podporu imunity<\/h3>\n<div class=\"rc-text\">\n<p><strong>Minus Age Bioelixir<\/strong><span>\u00a0<\/span>obsahuje pr\u00edrodn\u00fa biomasu obohaten\u00fa sel\u00e9nom s\u00a0vysok\u00fdm obsahom<span>\u00a0<\/span><strong>betagluk\u00e1nov<\/strong><span>\u00a0<\/span>a \u010fal\u0161\u00edch d\u00f4le\u017eit\u00fdch l\u00e1tok. Biomasa umo\u017e\u0148uje<span>\u00a0<\/span><strong>vysok\u00fa absorpciu<\/strong><span>\u00a0<\/span>jednotliv\u00fdch l\u00e1tok. V\u010faka ich zabudovaniu do enz\u00fdmov a membr\u00e1n v\u00a0biomase ich na\u0161e telo dok\u00e1\u017ee efekt\u00edvnej\u0161ie absorbova\u0165 a vyu\u017ei\u0165. Podporuje spr\u00e1vnu funkciu\u00a0<strong>imunitn\u00e9ho syst\u00e9mu<\/strong>. Prispieva k\u00a0norm\u00e1lnemu stavu<span>\u00a0<\/span><strong>nechtov a vlasov<\/strong>. Prispieva k\u00a0spr\u00e1vnemu fungovaniu<span>\u00a0<\/span><strong>\u0161t\u00edtnej \u017e\u013eazy<\/strong>. Chr\u00e1ni bunky pred<span>\u00a0<\/span><strong>oxida\u010dn\u00fdm stresom<\/strong>. U\u00a0mu\u017eov podporuje spr\u00e1vnu<span>\u00a0<\/span><strong>spermatogen\u00e9zu<\/strong>.<\/p>\n<\/div>\n<\/div>\n<div class=\"rc-block px-2\">\n<div class=\"rc-rwp rc-special-col__container\">\n<div class=\"rc-rwp__card-third rc-special-col\">\n<div class=\"rc-special-col__img\"><img decoding=\"async\" class=\"\" src=\"https:\/\/pilulkacz.vshcdn.net\/zoh4eiLi\/IMG\/86400\/KahmuupXT7Z6KFWXpy1vxrZib_1WpcuHnCcKkk51q0o\/aHR0cHM6Ly9waWx1bGthLnMzLWNlbnRyYWwudnNob3N0aW5nLmNsb3VkL3BpbHVsa2EtY3ovZmlsZXMvaW1hZ2VzLzIwMjUtMDUvbWRfMDg3MDNkODg3ZGQyNDNmNWFiMTQ0OGI0OGYzZjA5Y2MucG5n.png\" alt=\"\" \/><img decoding=\"async\" class=\"\" style=\"letter-spacing: 0em;\" src=\"https:\/\/pilulkacz.vshcdn.net\/zoh4eiLi\/IMG\/86400\/UjEqE75XhNs4etmsBX0I46RhP3y27LrGAvB5ZGyhy_8\/aHR0cHM6Ly9waWx1bGthLnMzLWNlbnRyYWwudnNob3N0aW5nLmNsb3VkL3BpbHVsa2EtY3ovZmlsZXMvaW1hZ2VzLzIwMjUtMDUvbWRfZThjNWQxYjQxMGRjMWRiZTYxN2NhZmE1NmU4YmZmM2MucG5n.png\" alt=\"\" \/><img decoding=\"async\" class=\"\" style=\"letter-spacing: 0em;\" src=\"https:\/\/pilulkacz.vshcdn.net\/zoh4eiLi\/IMG\/86400\/aelZsxgK_LB9wX2sR8UA0BvhVEkw_p0tbrVuuWlyz00\/aHR0cHM6Ly9waWx1bGthLnMzLWNlbnRyYWwudnNob3N0aW5nLmNsb3VkL3BpbHVsa2EtY3ovZmlsZXMvaW1hZ2VzLzIwMjUtMDUvbWRfOTdkNmRkMWFiNjExNzNkYWExZjljMzExY2YxNTFlN2EucG5n.png\" alt=\"\" \/><\/div>\n<div class=\"rc-special-col__content\">\n<div>\n<p><strong>Imunita\u00a0 \u00a0 \u00a0 \u00a0 \u00a0 \u00a0 \u00a0 \u00a0 \u00a0 \u00a0 \u00a0 \u00a0 \u00a0 \u00a0 \u00a0<\/strong><strong style=\"letter-spacing: 0em;\">St\u00e1rnutie\u00a0 \u00a0 \u00a0 \u00a0 \u00a0 \u00a0 \u00a0 \u00a0 \u00a0 \u00a0 \u00a0 \u00a0 <\/strong><strong style=\"letter-spacing: 0em;\">Menopauza<\/strong><\/p>\n<\/div>\n<\/div>\n<\/div>\n<\/div>\n<\/div>\n<div class=\"rc-block px-2\">\n<div class=\"rc-rwp\">\n<div class=\"rc-rwp__card-half rc-text-big rc-pl-none\">\n<div>\n<h3>Charakteristika<\/h3>\n<div class=\"rc-text\">\n<ul>\n<li><strong>Betagluk\u00e1ny<\/strong><span>\u00a0<\/span>tvoria 30\u00a0% biomasy. Bioelixir obsahuje oba najd\u00f4le\u017eitej\u0161ie typy (1,6\u00a0a 1,4) betagluk\u00e1nov<\/li>\n<li><strong>Sel\u00e9n<\/strong><span>\u00a0<\/span>pom\u00e1ha udr\u017eiava\u0165 na\u0161u poko\u017eku, vlasy a nechty\u00a0zdrav\u00e9<\/li>\n<li>Biomasa obsahuje kompletn\u00fa \u0161k\u00e1lu<span>\u00a0<\/span><strong>vitam\u00ednov B<\/strong><span>\u00a0<\/span>zabudovan\u00fdch do enz\u00fdmov a membr\u00e1n. Alfa-ketoglutar\u00e1t\u00a0\u2013 l\u00e1tka, ktor\u00e1 pod\u013ea mnoh\u00fdch \u0161t\u00fadi\u00ed zni\u017euje biologick\u00fd vek.<span>\u00a0<\/span><strong>Koenz\u00fdm Q10<\/strong>\u00a0\u2013 nevyhnutn\u00fd pre produkciu energie v\u00a0bunk\u00e1ch.<span>\u00a0<\/span><strong>Vitam\u00edn E<\/strong>, mal\u00e9 mno\u017estvo<span>\u00a0<\/span><strong>vitam\u00ednov C a D2<\/strong>. Bielkoviny tvoria pribli\u017ene polovicu hmotnosti jednej kapsuly<\/li>\n<li>Predov\u0161etk\u00fdm v\u00a0zimnom obdob\u00ed a pri zv\u00fd\u0161enom v\u00fdskyte ochoren\u00ed d\u00fdchac\u00edch ciest je d\u00f4le\u017eit\u00e9<span>\u00a0<\/span><strong>posilni\u0165 na\u0161u obranyschopnos\u0165<\/strong>. Bioelixir pom\u00e1ha organizmu<span>\u00a0<\/span><strong>predch\u00e1dza\u0165 infekci\u00e1m<\/strong><\/li>\n<\/ul>\n<\/div>\n<\/div>\n<\/div>\n<div class=\"rc-rwp__card-half\"><img decoding=\"async\" class=\"rc-img-fit rc-img-stretched-mobile rc-img-margin-mobile lazyload isLoading\" src=\"https:\/\/pilulkacz.vshcdn.net\/zoh4eiLi\/IMG\/86400\/k0WzHxLxlqeEzBF9f5RRsQdjXw8aLLgsF8yr82t2Mu0\/aHR0cHM6Ly9waWx1bGthLnMzLWNlbnRyYWwudnNob3N0aW5nLmNsb3VkL3BpbHVsa2EtY3ovZmlsZXMvaW1hZ2VzLzIwMjUtMDUvbWRfM2RlZjQxYWQzN2E3NzM5NTQ0MmMzZDEwYzhhNDdiYjIucG5n.png\" alt=\"M\u00ednus vek\" \/><\/div>\n<\/div>\n<\/div>\n<div class=\"rc-block rc-u-know rc-rwp\">\n<div class=\"rc-u-know__ico\">\n<div class=\"rc-u-know__ico__elem info\"><\/div>\n<\/div>\n<div class=\"rc-u-know__content\">\n<h3>Ako Bioelixir zabra\u0148uje starnutiu?<\/h3>\n<div class=\"rc-rwp\">\n<p>Vysok\u00fd obsah beta-gluk\u00e1nu pozit\u00edvne ovplyv\u0148uje imunitn\u00fd syst\u00e9m, ktor\u00fd sa po\u010das starnutia spoma\u013euje a \u0165a\u017e\u0161ie bojuje s\u00a0bakt\u00e9riami a v\u00edrusmi. Bioelixir pom\u00e1ha bojova\u0165 proti<span>\u00a0<\/span><strong>chronick\u00e9mu z\u00e1palu<\/strong>\u00a0\u2013 jedn\u00e9mu z\u00a0pr\u00edznakov starnutia.<\/p>\n<\/div>\n<\/div>\n<\/div>\n<div class=\"rc-block px-2\">\n<div class=\"rc-rwp rc-special-col__container\">\n<div class=\"rc-rwp__card-third rc-special-col\">\n<div class=\"rc-special-col__img\"><img decoding=\"async\" class=\"\" src=\"https:\/\/pilulkacz.vshcdn.net\/zoh4eiLi\/IMG\/86400\/OtEVHNbLdIBF4QNQAtVKyxWmIP6d_btp_E4bxjh2qLs\/aHR0cHM6Ly9waWx1bGthLnMzLWNlbnRyYWwudnNob3N0aW5nLmNsb3VkL3BpbHVsa2EtY3ovZmlsZXMvaW1hZ2VzLzIwMjUtMDUvbWRfNGIzMmFlNDdmODY5Y2RmNjQ0NTYxZTgxZjgwODQzNjUucG5n.png\" alt=\"\" \/>\u00a0 \u00a0 \u00a0 \u00a0 \u00a0 \u00a0 \u00a0 \u00a0 \u00a0 \u00a0 \u00a0 \u00a0 \u00a0 \u00a0 \u00a0 \u00a0 \u00a0 <img decoding=\"async\" class=\"\" style=\"letter-spacing: 0em;\" src=\"https:\/\/pilulkacz.vshcdn.net\/zoh4eiLi\/IMG\/86400\/r_D6sIl4CHys9z7lnU0eXiaCLemeHJKol8OfKYCrqDY\/aHR0cHM6Ly9waWx1bGthLnMzLWNlbnRyYWwudnNob3N0aW5nLmNsb3VkL3BpbHVsa2EtY3ovZmlsZXMvaW1hZ2VzLzIwMjUtMDUvbWRfNzBjYmY1ODgzNTFiZDIyZjQzOWFjZDYyOTIzZjliYzEucG5n.png\" alt=\"\" \/>\u00a0 \u00a0 \u00a0 \u00a0 \u00a0 \u00a0 \u00a0 \u00a0 \u00a0 \u00a0<img decoding=\"async\" class=\"\" style=\"letter-spacing: 0em;\" src=\"https:\/\/pilulkacz.vshcdn.net\/zoh4eiLi\/IMG\/86400\/sce1SlOABugjV1bf7p0FdJElsi84VJW0_SuHYVcZ3uU\/aHR0cHM6Ly9waWx1bGthLnMzLWNlbnRyYWwudnNob3N0aW5nLmNsb3VkL3BpbHVsa2EtY3ovZmlsZXMvaW1hZ2VzLzIwMjUtMDUvbWRfYTMyNmY2NGNmMTkwYmIyMGQ2MWRjNTBiOWJmZTI1NzUucG5n.png\" alt=\"\" \/><\/div>\n<div class=\"rc-special-col__content\">\n<div>\n<p><strong>Certifikovan\u00fd a testovan\u00fd doplnok\u00a0 \u00a0 \u00a0 \u00a0 \u00a0<\/strong><strong style=\"letter-spacing: 0em;\">Pr\u00edrodn\u00fd produkt\u00a0 \u00a0 \u00a0 \u00a0 \u00a0 \u00a0 \u00a0 \u00a0 \u00a0 \u00a0 \u00a0 \u00a0 \u00a0 \u00a0 \u00a0 \u00a0 \u00a0<\/strong><strong style=\"letter-spacing: 0em;\">Bez GMO<\/strong><\/p>\n<\/div>\n<\/div>\n<\/div>\n<\/div>\n<\/div>\n<div class=\"rc-block px-0\">\n<div class=\"rc-rwp rc-ico-container\">\n<div class=\"rc-ico-container__content\">\n<h3>D\u00e1vkovanie<\/h3>\n<p><img decoding=\"async\" class=\"no-bor-rad lazyload isLoading alignleft\" src=\"https:\/\/pilulkacz.vshcdn.net\/zoh4eiLi\/IMG\/86400\/Mv-60f60xTmj9Kqh08enLXlgTfSZOJoGJWW7Yu-VZRM\/aHR0cHM6Ly9waWx1bGthLnMzLWNlbnRyYWwudnNob3N0aW5nLmNsb3VkL3BpbHVsa2EtY3ovZmlsZXMvaW1hZ2VzLzIwMjUtMDUvbWRfNjMxYTdiMDAwOThlNjkzYTk3YTEyZTE5MzRhOTY3ZTAucG5n.png\" alt=\"D\u00e1vkovanie\" \/><\/p>\n<ul>\n<li><strong>1\u00a0a\u017e 2\u00a0kapsule denne<\/strong><\/li>\n<li>Pr\u00edpravok sa m\u00f4\u017ee u\u017e\u00edva\u0165 ka\u017ed\u00fd de\u0148<\/li>\n<li>Pite ve\u013ea tekut\u00edn<\/li>\n<\/ul>\n<p><strong>Obsah v\u00a01\u00a0kapsule:<\/strong><span>\u00a0<\/span>Biomasa sel\u00e9nu Yarrowia lipolytica 300\u00a0mg. Z\u00a0toho betagluk\u00e1n 90\u00a0mg. Z\u00a0toho sel\u00e9n 50\u00a0\u2013 60\u00a0\u03bcg.<\/p>\n<p>&nbsp;<\/p>\n<\/div>\n<\/div>\n<\/div>\n<div class=\"rc-block rc-u-know rc-rwp\">\n<div class=\"rc-u-know__content\">\n<h3>Upozornenie<\/h3>\n<div class=\"rc-rwp\">\n<p>Neprekra\u010dujte odpor\u00fa\u010dan\u00fa denn\u00fa d\u00e1vku. Nesl\u00fa\u017ei ako n\u00e1hrada pestrej a vyv\u00e1\u017eenej stravy. Nie je ur\u010den\u00fd pre deti, tehotn\u00e9 a doj\u010diace \u017eeny. Nepou\u017e\u00edvajte na ak\u00fdko\u013evek \u00fa\u010del. Pred u\u017e\u00edvan\u00edm in\u00fdch ako odpor\u00fa\u010dan\u00fdch d\u00e1vok sa pora\u010fte s\u00a0lek\u00e1rom medic\u00edny dlhovekosti.<\/p>\n<\/div>\n<\/div>\n<\/div>\n<\/div>\n<\/div>\n<div class=\"textContent\">\n<h3 class=\"textContent__h2\">Zlo\u017eenie<\/h3>\n<div>\n<p>Hydroxypropylmetylcelul\u00f3zov\u00e9 kapsuly.<\/p>\n<p><strong>Obsah v 1 kapsule:\u00a0<\/strong>Biomasa sel\u00e9nu Yarrowia lipolytica 300 mg. Z toho betagluk\u00e1n 90 mg. Z toho sel\u00e9n 50 &#8211; 60 \u03bcg.<\/p>\n<\/div>\n<\/div>\n<div class=\"textContent\">\n<p>Pozrite tie\u017e ostatn\u00e9 v\u00fdrobky zna\u010dky<span>\u00a0<\/span>Minus Age, ktor\u00e9 s\u00fa v kateg\u00f3ri\u00e1ch<span>\u00a0<\/span>V\u00fd\u017eivov\u00e9 doplnky,<span>\u00a0<\/span>Imunita &#8211; odolnos\u0165 a obranyschopnos\u0165<span>\u00a0<\/span>a<span>\u00a0<\/span>Vitam\u00edny, miner\u00e1ly a elektolyty. Ak si nie ste ist\u00ed v\u00fdberom tohto produktu, in\u0161pirujte sa v kateg\u00f3rii<span>\u00a0<\/span>Betagluk\u00e1ny.<\/p>\n<\/div>","protected":false},"excerpt":{"rendered":"<p><span>Minus Age Bioelixir obsahuje pr\u00edrodn\u00fa biomasu obohaten\u00fa sel\u00e9nom s vysok\u00fdm obsahom beta-gluk\u00e1nov a \u010fal\u0161\u00edch d\u00f4le\u017eit\u00fdch l\u00e1tok. Biomasa umo\u017e\u0148uje vysok\u00fa absorpciu jednotliv\u00fdch l\u00e1tok.<\/span><\/p>\n<p>&nbsp;<\/p>","protected":false},"featured_media":1077,"comment_status":"open","ping_status":"closed","template":"","meta":{"_acf_changed":false},"product_brand":[78],"product_cat":[51],"product_tag":[],"class_list":{"0":"post-1076","1":"product","2":"type-product","3":"status-publish","4":"has-post-thumbnail","6":"product_brand-minus-age","7":"product_cat-anti-aging-longevity","9":"first","10":"instock","11":"taxable","12":"shipping-taxable","13":"purchasable","14":"product-type-simple"},"acf":[],"yoast_head":"<!-- This site is optimized with the Yoast SEO plugin v27.5 - https:\/\/yoast.com\/product\/yoast-seo-wordpress\/ -->\n<title>Minus Age Bioelixir 90 kaps\u00fal - Beauty pr\u00edstroje<\/title>\n<meta name=\"description\" content=\"Minus Age Bioelixir \u2013 pr\u00edrodn\u00fd doplnok s betagluk\u00e1nmi a sel\u00e9nom na podporu imunity, zdravia vlasov, nechtov a \u0161t\u00edtnej \u017e\u013eazy.\" \/>\n<meta name=\"robots\" content=\"index, follow, max-snippet:-1, max-image-preview:large, max-video-preview:-1\" \/>\n<link rel=\"canonical\" href=\"https:\/\/www.beautypristroje.sk\/en\/product\/minus-age-bioelixir-90-kapsul\/\" \/>\n<meta property=\"og:locale\" content=\"en_GB\" \/>\n<meta property=\"og:type\" content=\"article\" \/>\n<meta property=\"og:title\" content=\"Minus Age Bioelixir 90 kaps\u00fal - Beauty pr\u00edstroje\" \/>\n<meta property=\"og:description\" content=\"Minus Age Bioelixir \u2013 pr\u00edrodn\u00fd doplnok s betagluk\u00e1nmi a sel\u00e9nom na podporu imunity, zdravia vlasov, nechtov a \u0161t\u00edtnej \u017e\u013eazy.\" \/>\n<meta property=\"og:url\" content=\"https:\/\/www.beautypristroje.sk\/en\/product\/minus-age-bioelixir-90-kapsul\/\" \/>\n<meta property=\"og:site_name\" content=\"Beauty pr\u00edstroje\" \/>\n<meta property=\"article:modified_time\" content=\"2025-11-10T13:08:03+00:00\" \/>\n<meta property=\"og:image\" content=\"https:\/\/www.beautypristroje.sk\/wp-content\/uploads\/2025\/09\/bioelixir.webp\" \/>\n\t<meta property=\"og:image:width\" content=\"302\" \/>\n\t<meta property=\"og:image:height\" content=\"301\" \/>\n\t<meta property=\"og:image:type\" content=\"image\/webp\" \/>\n<meta name=\"twitter:card\" content=\"summary_large_image\" \/>\n<meta name=\"twitter:label1\" content=\"Estimated reading time\" \/>\n\t<meta name=\"twitter:data1\" content=\"4 minutes\" \/>\n<script type=\"application\/ld+json\" class=\"yoast-schema-graph\">{\"@context\":\"https:\\\/\\\/schema.org\",\"@graph\":[{\"@type\":\"WebPage\",\"@id\":\"https:\\\/\\\/www.beautypristroje.sk\\\/produkt\\\/minus-age-bioelixir-90-kapsul\\\/\",\"url\":\"https:\\\/\\\/www.beautypristroje.sk\\\/produkt\\\/minus-age-bioelixir-90-kapsul\\\/\",\"name\":\"Minus Age Bioelixir 90 kaps\u00fal - Beauty pr\u00edstroje\",\"isPartOf\":{\"@id\":\"https:\\\/\\\/www.beautypristroje.sk\\\/#website\"},\"primaryImageOfPage\":{\"@id\":\"https:\\\/\\\/www.beautypristroje.sk\\\/produkt\\\/minus-age-bioelixir-90-kapsul\\\/#primaryimage\"},\"image\":{\"@id\":\"https:\\\/\\\/www.beautypristroje.sk\\\/produkt\\\/minus-age-bioelixir-90-kapsul\\\/#primaryimage\"},\"thumbnailUrl\":\"https:\\\/\\\/www.beautypristroje.sk\\\/wp-content\\\/uploads\\\/2025\\\/09\\\/bioelixir.webp\",\"datePublished\":\"2025-09-09T09:59:27+00:00\",\"dateModified\":\"2025-11-10T13:08:03+00:00\",\"description\":\"Minus Age Bioelixir \u2013 pr\u00edrodn\u00fd doplnok s betagluk\u00e1nmi a sel\u00e9nom na podporu imunity, zdravia vlasov, nechtov a \u0161t\u00edtnej \u017e\u013eazy.\",\"breadcrumb\":{\"@id\":\"https:\\\/\\\/www.beautypristroje.sk\\\/produkt\\\/minus-age-bioelixir-90-kapsul\\\/#breadcrumb\"},\"inLanguage\":\"en-GB\",\"potentialAction\":[{\"@type\":\"ReadAction\",\"target\":[\"https:\\\/\\\/www.beautypristroje.sk\\\/produkt\\\/minus-age-bioelixir-90-kapsul\\\/\"]}]},{\"@type\":\"ImageObject\",\"inLanguage\":\"en-GB\",\"@id\":\"https:\\\/\\\/www.beautypristroje.sk\\\/produkt\\\/minus-age-bioelixir-90-kapsul\\\/#primaryimage\",\"url\":\"https:\\\/\\\/www.beautypristroje.sk\\\/wp-content\\\/uploads\\\/2025\\\/09\\\/bioelixir.webp\",\"contentUrl\":\"https:\\\/\\\/www.beautypristroje.sk\\\/wp-content\\\/uploads\\\/2025\\\/09\\\/bioelixir.webp\",\"width\":302,\"height\":301,\"caption\":\"Minus Age Bioelixir 90 kaps\u00fal \u2013 pr\u00edrodn\u00fd doplnok na imunitu s betagluk\u00e1nmi a sel\u00e9nom\"},{\"@type\":\"BreadcrumbList\",\"@id\":\"https:\\\/\\\/www.beautypristroje.sk\\\/produkt\\\/minus-age-bioelixir-90-kapsul\\\/#breadcrumb\",\"itemListElement\":[{\"@type\":\"ListItem\",\"position\":1,\"name\":\"Domovsk\u00e1 str\u00e1nka\",\"item\":\"https:\\\/\\\/www.beautypristroje.sk\\\/\"},{\"@type\":\"ListItem\",\"position\":2,\"name\":\"Obchod\",\"item\":\"https:\\\/\\\/www.beautypristroje.sk\\\/obchod\\\/\"},{\"@type\":\"ListItem\",\"position\":3,\"name\":\"Minus Age Bioelixir 90 kaps\u00fal\"}]},{\"@type\":\"WebSite\",\"@id\":\"https:\\\/\\\/www.beautypristroje.sk\\\/#website\",\"url\":\"https:\\\/\\\/www.beautypristroje.sk\\\/\",\"name\":\"Beauty pr\u00edstroje\",\"description\":\"Profesion\u00e1lne kozmetick\u00e9 pr\u00edstroje pre sal\u00f3ny a kliniky\",\"potentialAction\":[{\"@type\":\"SearchAction\",\"target\":{\"@type\":\"EntryPoint\",\"urlTemplate\":\"https:\\\/\\\/www.beautypristroje.sk\\\/?s={search_term_string}\"},\"query-input\":{\"@type\":\"PropertyValueSpecification\",\"valueRequired\":true,\"valueName\":\"search_term_string\"}}],\"inLanguage\":\"en-GB\"}]}<\/script>\n<!-- \/ Yoast SEO plugin. -->","yoast_head_json":{"title":"Minus Age Bioelixir 90 kaps\u00fal - Beauty pr\u00edstroje","description":"Minus Age Bioelixir \u2013 pr\u00edrodn\u00fd doplnok s betagluk\u00e1nmi a sel\u00e9nom na podporu imunity, zdravia vlasov, nechtov a \u0161t\u00edtnej \u017e\u013eazy.","robots":{"index":"index","follow":"follow","max-snippet":"max-snippet:-1","max-image-preview":"max-image-preview:large","max-video-preview":"max-video-preview:-1"},"canonical":"https:\/\/www.beautypristroje.sk\/en\/product\/minus-age-bioelixir-90-kapsul\/","og_locale":"en_GB","og_type":"article","og_title":"Minus Age Bioelixir 90 kaps\u00fal - Beauty pr\u00edstroje","og_description":"Minus Age Bioelixir \u2013 pr\u00edrodn\u00fd doplnok s betagluk\u00e1nmi a sel\u00e9nom na podporu imunity, zdravia vlasov, nechtov a \u0161t\u00edtnej \u017e\u013eazy.","og_url":"https:\/\/www.beautypristroje.sk\/en\/product\/minus-age-bioelixir-90-kapsul\/","og_site_name":"Beauty pr\u00edstroje","article_modified_time":"2025-11-10T13:08:03+00:00","og_image":[{"width":302,"height":301,"url":"https:\/\/www.beautypristroje.sk\/wp-content\/uploads\/2025\/09\/bioelixir.webp","type":"image\/webp"}],"twitter_card":"summary_large_image","twitter_misc":{"Estimated reading time":"4 minutes"},"schema":{"@context":"https:\/\/schema.org","@graph":[{"@type":"WebPage","@id":"https:\/\/www.beautypristroje.sk\/produkt\/minus-age-bioelixir-90-kapsul\/","url":"https:\/\/www.beautypristroje.sk\/produkt\/minus-age-bioelixir-90-kapsul\/","name":"Minus Age Bioelixir 90 kaps\u00fal - Beauty pr\u00edstroje","isPartOf":{"@id":"https:\/\/www.beautypristroje.sk\/#website"},"primaryImageOfPage":{"@id":"https:\/\/www.beautypristroje.sk\/produkt\/minus-age-bioelixir-90-kapsul\/#primaryimage"},"image":{"@id":"https:\/\/www.beautypristroje.sk\/produkt\/minus-age-bioelixir-90-kapsul\/#primaryimage"},"thumbnailUrl":"https:\/\/www.beautypristroje.sk\/wp-content\/uploads\/2025\/09\/bioelixir.webp","datePublished":"2025-09-09T09:59:27+00:00","dateModified":"2025-11-10T13:08:03+00:00","description":"Minus Age Bioelixir \u2013 pr\u00edrodn\u00fd doplnok s betagluk\u00e1nmi a sel\u00e9nom na podporu imunity, zdravia vlasov, nechtov a \u0161t\u00edtnej \u017e\u013eazy.","breadcrumb":{"@id":"https:\/\/www.beautypristroje.sk\/produkt\/minus-age-bioelixir-90-kapsul\/#breadcrumb"},"inLanguage":"en-GB","potentialAction":[{"@type":"ReadAction","target":["https:\/\/www.beautypristroje.sk\/produkt\/minus-age-bioelixir-90-kapsul\/"]}]},{"@type":"ImageObject","inLanguage":"en-GB","@id":"https:\/\/www.beautypristroje.sk\/produkt\/minus-age-bioelixir-90-kapsul\/#primaryimage","url":"https:\/\/www.beautypristroje.sk\/wp-content\/uploads\/2025\/09\/bioelixir.webp","contentUrl":"https:\/\/www.beautypristroje.sk\/wp-content\/uploads\/2025\/09\/bioelixir.webp","width":302,"height":301,"caption":"Minus Age Bioelixir 90 kaps\u00fal \u2013 pr\u00edrodn\u00fd doplnok na imunitu s betagluk\u00e1nmi a sel\u00e9nom"},{"@type":"BreadcrumbList","@id":"https:\/\/www.beautypristroje.sk\/produkt\/minus-age-bioelixir-90-kapsul\/#breadcrumb","itemListElement":[{"@type":"ListItem","position":1,"name":"Domovsk\u00e1 str\u00e1nka","item":"https:\/\/www.beautypristroje.sk\/"},{"@type":"ListItem","position":2,"name":"Obchod","item":"https:\/\/www.beautypristroje.sk\/obchod\/"},{"@type":"ListItem","position":3,"name":"Minus Age Bioelixir 90 kaps\u00fal"}]},{"@type":"WebSite","@id":"https:\/\/www.beautypristroje.sk\/#website","url":"https:\/\/www.beautypristroje.sk\/","name":"Beauty pr\u00edstroje","description":"Profesion\u00e1lne kozmetick\u00e9 pr\u00edstroje pre sal\u00f3ny a kliniky","potentialAction":[{"@type":"SearchAction","target":{"@type":"EntryPoint","urlTemplate":"https:\/\/www.beautypristroje.sk\/?s={search_term_string}"},"query-input":{"@type":"PropertyValueSpecification","valueRequired":true,"valueName":"search_term_string"}}],"inLanguage":"en-GB"}]}},"_links":{"self":[{"href":"https:\/\/www.beautypristroje.sk\/en\/wp-json\/wp\/v2\/product\/1076","targetHints":{"allow":["GET"]}}],"collection":[{"href":"https:\/\/www.beautypristroje.sk\/en\/wp-json\/wp\/v2\/product"}],"about":[{"href":"https:\/\/www.beautypristroje.sk\/en\/wp-json\/wp\/v2\/types\/product"}],"replies":[{"embeddable":true,"href":"https:\/\/www.beautypristroje.sk\/en\/wp-json\/wp\/v2\/comments?post=1076"}],"wp:featuredmedia":[{"embeddable":true,"href":"https:\/\/www.beautypristroje.sk\/en\/wp-json\/wp\/v2\/media\/1077"}],"wp:attachment":[{"href":"https:\/\/www.beautypristroje.sk\/en\/wp-json\/wp\/v2\/media?parent=1076"}],"wp:term":[{"taxonomy":"product_brand","embeddable":true,"href":"https:\/\/www.beautypristroje.sk\/en\/wp-json\/wp\/v2\/product_brand?post=1076"},{"taxonomy":"product_cat","embeddable":true,"href":"https:\/\/www.beautypristroje.sk\/en\/wp-json\/wp\/v2\/product_cat?post=1076"},{"taxonomy":"product_tag","embeddable":true,"href":"https:\/\/www.beautypristroje.sk\/en\/wp-json\/wp\/v2\/product_tag?post=1076"}],"curies":[{"name":"wp","href":"https:\/\/api.w.org\/{rel}","templated":true}]}}