{"id":1060,"date":"2025-09-08T10:41:55","date_gmt":"2025-09-08T08:41:55","guid":{"rendered":"https:\/\/www.beautypristroje.sk\/?post_type=product&#038;p=1060"},"modified":"2025-11-10T14:06:32","modified_gmt":"2025-11-10T13:06:32","slug":"minus-age-resveratrol-30-kapsul","status":"publish","type":"product","link":"https:\/\/www.beautypristroje.sk\/en\/product\/minus-age-resveratrol-30-kapsul\/","title":{"rendered":"Minus Age Resveratrol 30 kaps\u00fal"},"content":{"rendered":"<div class=\"textContent\">\n<div class=\"rc-container\">\n<div class=\"rc-block px-2\">\n<h3>Pr\u00edrodn\u00fd antioxidant na podporu metabolizmu<\/h3>\n<div class=\"rc-text\">\n<p><strong>Resveratrol je pr\u00edrodn\u00e1 l\u00e1tka<\/strong><span>\u00a0<\/span>z\u00edskavan\u00e1 z\u00a0rastl\u00edn. Je zn\u00e1me, \u017ee sa vo zv\u00fd\u0161enej koncentr\u00e1cii nach\u00e1dza napr\u00edklad v\u00a0hrozne, najm\u00e4 v\u00a0jeho \u0161upk\u00e1ch. Pr\u00e1ve resveratrol je z\u00e1kladom f\u00e1m, \u017ee pitie \u010derven\u00e9ho v\u00edna pom\u00e1ha dlhovekosti. Resveratrol\u00a0p\u00f4sob\u00ed ako<span>\u00a0<\/span><strong>antioxidant\u00a0<\/strong>a m\u00e1 cel\u00fd rad pozit\u00edvnych \u00fa\u010dinkov na<span>\u00a0<\/span><strong>metabolizmus<\/strong><span>\u00a0<\/span>\u013eudsk\u00e9ho organizmu.\u00a0Pri\u00adrodzen\u00fdm sp\u00f4sobom ovplyv\u0148uje hladinu cukru a cholesterolu v\u00a0krvi.<\/p>\n<\/div>\n<\/div>\n<div class=\"rc-block px-2\">\n<div class=\"rc-rwp rc-special-col__container\">\n<div class=\"rc-rwp__card-third rc-special-col\">\n<div class=\"rc-special-col__img\"><img decoding=\"async\" class=\"\" src=\"https:\/\/pilulkacz.vshcdn.net\/zoh4eiLi\/IMG\/86400\/DGfeb94ngSr0e3jjT7OzqxxQ4uOkqAxBLVrbzGyOB84\/aHR0cHM6Ly9waWx1bGthLnMzLWNlbnRyYWwudnNob3N0aW5nLmNsb3VkL3BpbHVsa2EtY3ovZmlsZXMvaW1hZ2VzLzIwMjUtMDUvbWRfMDdhNGI5YWRlYjhmODA1YmNhMDA4ZWFmZDU0ZThkYmEucG5n.png\" alt=\"\" \/>\u00a0 \u00a0 \u00a0 \u00a0 \u00a0 \u00a0 \u00a0 \u00a0 \u00a0 \u00a0 <img decoding=\"async\" class=\"\" style=\"letter-spacing: 0em;\" src=\"https:\/\/pilulkacz.vshcdn.net\/zoh4eiLi\/IMG\/86400\/uXIXEkwDeCusm0BWZGqeD-bJVyrsWuF14hXvnsj64bM\/aHR0cHM6Ly9waWx1bGthLnMzLWNlbnRyYWwudnNob3N0aW5nLmNsb3VkL3BpbHVsa2EtY3ovZmlsZXMvaW1hZ2VzLzIwMjUtMDUvbWRfYmM1ODM3ZGI0MmJiYTU0MjA1MDg1NGYzMjE5ZTQ4MWUucG5n.png\" alt=\"\" \/>\u00a0 \u00a0 \u00a0 \u00a0 \u00a0 \u00a0 \u00a0 \u00a0 \u00a0 \u00a0 \u00a0 \u00a0 \u00a0 \u00a0 \u00a0<img decoding=\"async\" class=\"\" style=\"letter-spacing: 0em;\" src=\"https:\/\/pilulkacz.vshcdn.net\/zoh4eiLi\/IMG\/86400\/IYSL6qABpVKPu42cIDpeEqzUUS0zu2iNbFSgqsufHJk\/aHR0cHM6Ly9waWx1bGthLnMzLWNlbnRyYWwudnNob3N0aW5nLmNsb3VkL3BpbHVsa2EtY3ovZmlsZXMvaW1hZ2VzLzIwMjUtMDUvbWRfNDZhMjUwZDBlNzZlMTE2MjYyNjBmZTQzYmMxMWEwMGYucG5n.png\" alt=\"\" \/><\/div>\n<div class=\"rc-special-col__content\">\n<div>\n<p><strong>Cholesterol\u00a0 \u00a0 \u00a0 \u00a0 \u00a0 \u00a0 \u00a0 \u00a0 \u00a0 \u00a0 \u00a0 \u00a0 \u00a0 \u00a0 \u00a0 \u00a0 \u00a0 \u00a0 \u00a0 \u00a0 \u00a0 \u00a0<\/strong><strong style=\"letter-spacing: 0em;\">Srdce a cievy\u00a0 \u00a0 \u00a0 \u00a0 \u00a0 \u00a0 \u00a0 \u00a0 \u00a0 \u00a0 \u00a0 \u00a0 \u00a0 \u00a0 \u00a0 \u00a0 \u00a0 \u00a0 \u00a0 \u00a0 \u00a0 \u00a0 \u00a0 \u00a0 \u00a0 \u00a0 S<\/strong><strong style=\"letter-spacing: 0em;\">t\u00e1rnutie<\/strong><\/p>\n<\/div>\n<\/div>\n<\/div>\n<\/div>\n<\/div>\n<div class=\"rc-block px-2\">\n<div class=\"rc-rwp\">\n<div class=\"rc-rwp__card-half rc-text-big rc-pl-none\">\n<h3>Resveratrol a jeho \u00fa\u010dinky<\/h3>\n<div class=\"rc-text\">\n<ul>\n<li><a href=\"https:\/\/pubmed.ncbi.nlm.nih.gov\/35431994\/\">Vedeck\u00e1 pr\u00e1ca<\/a><span>\u00a0<\/span>sk\u00famaj\u00faca 25\u00a0klinick\u00fdch \u0161t\u00fadi\u00ed, v\u00a0ktor\u00fdch sa pod\u00e1val resveratrol, opisuje\u00a0pozit\u00edvne \u00fa\u010dinky\u00a0resvera\u00adtrolu\u00a0na<span>\u00a0<\/span><strong>zn\u00ed\u017eenie<\/strong><span>\u00a0<\/span>hladiny<span>\u00a0<\/span><strong>cholesterolu<\/strong><span>\u00a0<\/span>v\u00a0krvi, ako aj na<span>\u00a0<\/span><strong>zn\u00ed\u017eenie<span>\u00a0<\/span><\/strong>hladiny<span>\u00a0<\/span><strong>cukru v\u00a0krvi<\/strong>, a to nielen u \u013eud\u00ed s cukrovkou<\/li>\n<li><img decoding=\"async\" class=\"rc-img-fit rc-img-stretched-mobile rc-img-margin-mobile lazyload isLoading alignright\" src=\"https:\/\/pilulkacz.vshcdn.net\/zoh4eiLi\/IMG\/86400\/ZCS30rx-3TFOd_yD-Kz3S3VIr1SSDcDUtCE8VBzxje8\/aHR0cHM6Ly9waWx1bGthLnMzLWNlbnRyYWwudnNob3N0aW5nLmNsb3VkL3BpbHVsa2EtY3ovZmlsZXMvaW1hZ2VzLzIwMjUtMDUvbWRfMjI0M2RhYTFjMjk5MWZiYmUwOTMzNjlmODRjNjMwYmQucG5n.png\" alt=\"M\u00ednus vek\" \/>Resveratrol\u00a0je siln\u00fd<strong>\u00a0antioxi\u00addant<\/strong>, ktor\u00fd chr\u00e1ni\u00a0bunky pred starnut\u00edm\u00a0a<span>\u00a0<\/span><strong>oxida\u010dn\u00fdm stresom<\/strong><\/li>\n<li>Podporuje zdravie srdca a ciev a prispieva k norm\u00e1lnej hladine cholesterolu.<\/li>\n<li>Pom\u00e1ha posil\u0148ova\u0165<strong>\u00a0imu\u00adnitn\u00fd syst\u00e9m<\/strong>\u00a0a m\u00e1 pozit\u00edvny vplyv na<span>\u00a0<\/span><strong>dlhovekos\u0165<\/strong><\/li>\n<\/ul>\n<\/div>\n<\/div>\n<\/div>\n<\/div>\n<div class=\"rc-block rc-u-know rc-rwp\">\n<div class=\"rc-u-know__content\">\n<h4><\/h4>\n<h3>\u00daloha resveratrolu v st\u00e1rnut\u00ed<\/h3>\n<div class=\"rc-rwp\">\n<p>Resveratrol\u00a0ov\u00adplyv\u0148uje znak starnutia naz\u00fdvan\u00fd\u00a0<strong>zmenen\u00e1 medzibunkov\u00e1 komunik\u00e1cia<\/strong>. Po\u010das starnutia doch\u00e1dza k\u00a0zmen\u00e1m nielen v\u00a0imunitnom syst\u00e9me. Resveratrol\u00a0pom\u00e1ha upravi\u0165 spr\u00e1vne fungovanie\u00a0a komunik\u00e1ciu medzi jednotliv\u00fdmi bunkami, \u010d\u00edm ovplyv\u0148uje z\u00e1kladn\u00e9\u00a0pr\u00ed\u010diny starnutia. Pod\u013ea niektor\u00fdch vedeck\u00fdch pr\u00e1c\u00a0podporuje aj\u00a0<strong>autof\u00e1giu<\/strong>, teda schopnos\u0165 samoobnovy a opravy buniek.<\/p>\n<\/div>\n<\/div>\n<\/div>\n<div class=\"rc-block px-2\">\n<div class=\"rc-rwp rc-special-col__container\">\n<div class=\"rc-rwp__card-third rc-special-col\">\n<div class=\"rc-special-col__img\"><img decoding=\"async\" class=\"\" src=\"https:\/\/pilulkacz.vshcdn.net\/zoh4eiLi\/IMG\/86400\/OtEVHNbLdIBF4QNQAtVKyxWmIP6d_btp_E4bxjh2qLs\/aHR0cHM6Ly9waWx1bGthLnMzLWNlbnRyYWwudnNob3N0aW5nLmNsb3VkL3BpbHVsa2EtY3ovZmlsZXMvaW1hZ2VzLzIwMjUtMDUvbWRfNGIzMmFlNDdmODY5Y2RmNjQ0NTYxZTgxZjgwODQzNjUucG5n.png\" alt=\"\" \/>\u00a0 \u00a0 \u00a0 \u00a0 \u00a0 \u00a0 \u00a0 \u00a0 \u00a0 <img decoding=\"async\" class=\"\" style=\"letter-spacing: 0em;\" src=\"https:\/\/pilulkacz.vshcdn.net\/zoh4eiLi\/IMG\/86400\/r_D6sIl4CHys9z7lnU0eXiaCLemeHJKol8OfKYCrqDY\/aHR0cHM6Ly9waWx1bGthLnMzLWNlbnRyYWwudnNob3N0aW5nLmNsb3VkL3BpbHVsa2EtY3ovZmlsZXMvaW1hZ2VzLzIwMjUtMDUvbWRfNzBjYmY1ODgzNTFiZDIyZjQzOWFjZDYyOTIzZjliYzEucG5n.png\" alt=\"\" \/>\u00a0 \u00a0 \u00a0 \u00a0 \u00a0 \u00a0 \u00a0 \u00a0 \u00a0 \u00a0 \u00a0 <img decoding=\"async\" class=\"\" style=\"letter-spacing: 0em;\" src=\"https:\/\/pilulkacz.vshcdn.net\/zoh4eiLi\/IMG\/86400\/sce1SlOABugjV1bf7p0FdJElsi84VJW0_SuHYVcZ3uU\/aHR0cHM6Ly9waWx1bGthLnMzLWNlbnRyYWwudnNob3N0aW5nLmNsb3VkL3BpbHVsa2EtY3ovZmlsZXMvaW1hZ2VzLzIwMjUtMDUvbWRfYTMyNmY2NGNmMTkwYmIyMGQ2MWRjNTBiOWJmZTI1NzUucG5n.png\" alt=\"\" \/><\/div>\n<div class=\"rc-special-col__content\">\n<div>\n<p><strong>Certifikovan\u00fd\u00a0 \u00a0 \u00a0 \u00a0 \u00a0 \u00a0 \u00a0 \u00a0 \u00a0 \u00a0 \u00a0 \u00a0 \u00a0 \u00a0 \u00a0 Vhodn\u00e9 pre veg\u00e1nov\u00a0 \u00a0 \u00a0 \u00a0 \u00a0 \u00a0 \u00a0 \u00a0 \u00a0 \u00a0 \u00a0 \u00a0 \u00a0 \u00a0 \u00a0 \u00a0 \u00a0 Bez GMO<\/strong><\/p>\n<p><strong> a testovan\u00fd doplnok<\/strong><\/p>\n<\/div>\n<\/div>\n<\/div>\n<div class=\"rc-rwp__card-third rc-special-col\">\n<div class=\"rc-special-col__content\">\n<p>&nbsp;<\/p>\n<\/div>\n<\/div>\n<div class=\"rc-rwp__card-third rc-special-col\">\n<div class=\"rc-special-col__content\">\n<p>&nbsp;<\/p>\n<\/div>\n<\/div>\n<\/div>\n<\/div>\n<div class=\"rc-block px-0\">\n<div class=\"rc-rwp rc-ico-container\">\n<div class=\"rc-ico-container__content\">\n<p>D\u00e1vkovanie<\/p>\n<div class=\"rc-block px-0\">\n<div class=\"rc-rwp rc-ico-container\">\n<div class=\"rc-ico-container__content\">\n<p><img decoding=\"async\" class=\"no-bor-rad lazyload isLoading alignright\" style=\"letter-spacing: 0em;\" src=\"https:\/\/pilulkacz.vshcdn.net\/zoh4eiLi\/IMG\/86400\/Mv-60f60xTmj9Kqh08enLXlgTfSZOJoGJWW7Yu-VZRM\/aHR0cHM6Ly9waWx1bGthLnMzLWNlbnRyYWwudnNob3N0aW5nLmNsb3VkL3BpbHVsa2EtY3ovZmlsZXMvaW1hZ2VzLzIwMjUtMDUvbWRfNjMxYTdiMDAwOThlNjkzYTk3YTEyZTE5MzRhOTY3ZTAucG5n.png\" alt=\"D\u00e1vkovanie\" width=\"140\" height=\"140\" \/><\/p>\n<\/div>\n<\/div>\n<\/div>\n<div class=\"rc-block rc-u-know rc-rwp\">\n<div class=\"rc-u-know__content\"><\/div>\n<\/div>\n<ul>\n<li><strong>1 kapsula denne<\/strong><\/li>\n<li>Pr\u00edpravok sa m\u00f4\u017ee u\u017e\u00edva\u0165 ka\u017ed\u00fd de\u0148\n<div class=\"rc-block px-0\">\n<div class=\"rc-rwp rc-ico-container\">\n<div class=\"rc-ico-container__content\">\n<p><span style=\"letter-spacing: 0em;\">Zap\u00edjajte dostato\u010dn\u00fdm mno\u017estvom tekut\u00edn<\/span><\/p>\n<\/div>\n<\/div>\n<\/div>\n<\/li>\n<\/ul>\n<p><strong>Obsah v\u00a01\u00a0kapsule<\/strong>: 250 mg trans-resveratrolu.<\/p>\n<h3><span style=\"color: #000000; font-size: clamp(1.75rem, 1rem + 2vw, 36px); letter-spacing: 0em;\">Upozornenie<\/span><\/h3>\n<\/div>\n<\/div>\n<\/div>\n<div class=\"rc-block rc-u-know rc-rwp\">\n<div class=\"rc-u-know__content\">\n<div class=\"rc-rwp\">\n<p>Neprekra\u010dujte odpor\u00fa\u010dan\u00fa denn\u00fa d\u00e1vku. Nesl\u00fa\u017ei ako n\u00e1hrada pestrej a vyv\u00e1\u017eenej stravy. Nie je ur\u010den\u00fd pre deti. Dodr\u017eiavajte zdrav\u00fd \u017eivotn\u00fd \u0161t\u00fdl. Pred u\u017e\u00edvan\u00edm in\u00fdch ako odpor\u00fa\u010dan\u00fdch d\u00e1vok sa pora\u010fte s\u00a0lek\u00e1rom medic\u00edny dlhovekosti (longevity medicine).<\/p>\n<\/div>\n<\/div>\n<\/div>\n<\/div>\n<\/div>\n<div class=\"textContent\">\n<h3 class=\"textContent__h2\">Zlo\u017eenie<\/h3>\n<div>\n<p>Trans-resveratrol (extrakt z prasli\u010dky obrovskej), mikrokry\u0161talick\u00e1 celul\u00f3za (plnidlo), hydroxypropylmetylcelul\u00f3za v kapsuliach.<span>\u00a0<\/span><strong>Obsah v 1 kapsule:<\/strong><span>\u00a0<\/span>250 mg trans-resveratrolu.<\/p>\n<\/div>\n<\/div>\n<div class=\"textContent\">\n<p>Pozrite tie\u017e \u010fal\u0161ie v\u00fdrobky zna\u010dky<span>\u00a0<\/span>Minus Age, ktor\u00e9 s\u00fa v kateg\u00f3ri\u00e1ch<span>\u00a0<\/span>Antioxidanty,<span>\u00a0<\/span>V\u00fd\u017eivov\u00e9 doplnky<span>\u00a0<\/span>a<span>\u00a0<\/span>Vitam\u00edny, miner\u00e1ly a elektolyty. Ak si nie ste ist\u00ed v\u00fdberom tohto produktu, in\u0161pirujte sa v kateg\u00f3rii<span>\u00a0<\/span>Resveratrol.<\/p>\n<\/div>","protected":false},"excerpt":{"rendered":"<p><span>V\u00fd\u017eivov\u00fd doplnok s obsahom resveratrolu vo forme kaps\u00fal.<\/span><\/p>\n<p>&nbsp;<\/p>\n<p><strong data-start=\"523\" data-end=\"538\">Resveratrol<\/strong><span>\u00a0je siln\u00fd\u00a0<\/span><strong data-start=\"548\" data-end=\"563\">antioxidant<\/strong><span>, ktor\u00fd chr\u00e1ni\u00a0<\/span><strong data-start=\"578\" data-end=\"602\">bunky pred starnut\u00edm<\/strong><span>\u00a0a oxida\u010dn\u00fdm stresom.<\/span><br data-start=\"623\" data-end=\"626\" \/><span>\u2764\ufe0f Podporuje\u00a0<\/span><strong data-start=\"639\" data-end=\"656\">zdravie srdca<\/strong><span>, ciev a prispieva k\u00a0<\/span><strong data-start=\"677\" data-end=\"711\">norm\u00e1lnej hladine cholesterolu<\/strong><span>.<\/span><br data-start=\"712\" data-end=\"715\" \/><span>\ud83d\udee1\ufe0f Pom\u00e1ha posilni\u0165\u00a0<\/span><strong data-start=\"735\" data-end=\"754\">imunitn\u00fd syst\u00e9m<\/strong><span>\u00a0a priaznivo p\u00f4sob\u00ed na\u00a0<\/span><strong data-start=\"777\" data-end=\"791\">dlhovekos\u0165<\/strong><span>.<\/span><\/p>\n<p>V jednom balen\u00ed n\u00e1jdete 30 kaps\u00fal s obsahom 250 mg pr\u00edrodn\u00e9ho trans resveratrolu. Ka\u017ed\u00e1 kapsula je starostlivo zabalen\u00e1 v blistri, aby tak nedoch\u00e1dzalo k zni\u017eovaniu obsahu p\u00f4soben\u00edm vonkaj\u0161\u00edch vplyvov.<\/p>\n<p>250 mg Resveratrolu (trans) v ka\u017edej kapsuli<\/p>\n<p>1 mesiac premium anti-aging<\/p>","protected":false},"featured_media":1061,"comment_status":"open","ping_status":"closed","template":"","meta":{"_acf_changed":false},"product_brand":[78],"product_cat":[51],"product_tag":[],"class_list":{"0":"post-1060","1":"product","2":"type-product","3":"status-publish","4":"has-post-thumbnail","6":"product_brand-minus-age","7":"product_cat-anti-aging-longevity","9":"first","10":"instock","11":"taxable","12":"shipping-taxable","13":"purchasable","14":"product-type-simple"},"acf":[],"yoast_head":"<!-- This site is optimized with the Yoast SEO plugin v27.6 - https:\/\/yoast.com\/product\/yoast-seo-wordpress\/ -->\n<title>Minus Age Resveratrol 30 kaps\u00fal - Beauty pr\u00edstroje<\/title>\n<meta name=\"description\" content=\"Minus Age Resveratrol 30 kaps\u00fal \u2013 pr\u00edrodn\u00fd antioxidant, ktor\u00fd podporuje srdce, cievy, imunitu a zdrav\u00e9 starnutie. Pom\u00e1ha regulova\u0165 cholesterol aj cukor.\" \/>\n<meta name=\"robots\" content=\"index, follow, max-snippet:-1, max-image-preview:large, max-video-preview:-1\" \/>\n<link rel=\"canonical\" href=\"https:\/\/www.beautypristroje.sk\/en\/product\/minus-age-resveratrol-30-kapsul\/\" \/>\n<meta property=\"og:locale\" content=\"en_GB\" \/>\n<meta property=\"og:type\" content=\"article\" \/>\n<meta property=\"og:title\" content=\"Minus Age Resveratrol 30 kaps\u00fal - Beauty pr\u00edstroje\" \/>\n<meta property=\"og:description\" content=\"Minus Age Resveratrol 30 kaps\u00fal \u2013 pr\u00edrodn\u00fd antioxidant, ktor\u00fd podporuje srdce, cievy, imunitu a zdrav\u00e9 starnutie. Pom\u00e1ha regulova\u0165 cholesterol aj cukor.\" \/>\n<meta property=\"og:url\" content=\"https:\/\/www.beautypristroje.sk\/en\/product\/minus-age-resveratrol-30-kapsul\/\" \/>\n<meta property=\"og:site_name\" content=\"Beauty pr\u00edstroje\" \/>\n<meta property=\"article:modified_time\" content=\"2025-11-10T13:06:32+00:00\" \/>\n<meta property=\"og:image\" content=\"https:\/\/www.beautypristroje.sk\/wp-content\/uploads\/2025\/09\/resvelator.webp\" \/>\n\t<meta property=\"og:image:width\" content=\"302\" \/>\n\t<meta property=\"og:image:height\" content=\"300\" \/>\n\t<meta property=\"og:image:type\" content=\"image\/webp\" \/>\n<meta name=\"twitter:card\" content=\"summary_large_image\" \/>\n<meta name=\"twitter:label1\" content=\"Estimated reading time\" \/>\n\t<meta name=\"twitter:data1\" content=\"4 minutes\" \/>\n<script type=\"application\/ld+json\" class=\"yoast-schema-graph\">{\"@context\":\"https:\\\/\\\/schema.org\",\"@graph\":[{\"@type\":\"WebPage\",\"@id\":\"https:\\\/\\\/www.beautypristroje.sk\\\/produkt\\\/minus-age-resveratrol-30-kapsul\\\/\",\"url\":\"https:\\\/\\\/www.beautypristroje.sk\\\/produkt\\\/minus-age-resveratrol-30-kapsul\\\/\",\"name\":\"Minus Age Resveratrol 30 kaps\u00fal - Beauty pr\u00edstroje\",\"isPartOf\":{\"@id\":\"https:\\\/\\\/www.beautypristroje.sk\\\/#website\"},\"primaryImageOfPage\":{\"@id\":\"https:\\\/\\\/www.beautypristroje.sk\\\/produkt\\\/minus-age-resveratrol-30-kapsul\\\/#primaryimage\"},\"image\":{\"@id\":\"https:\\\/\\\/www.beautypristroje.sk\\\/produkt\\\/minus-age-resveratrol-30-kapsul\\\/#primaryimage\"},\"thumbnailUrl\":\"https:\\\/\\\/www.beautypristroje.sk\\\/wp-content\\\/uploads\\\/2025\\\/09\\\/resvelator.webp\",\"datePublished\":\"2025-09-08T08:41:55+00:00\",\"dateModified\":\"2025-11-10T13:06:32+00:00\",\"description\":\"Minus Age Resveratrol 30 kaps\u00fal \u2013 pr\u00edrodn\u00fd antioxidant, ktor\u00fd podporuje srdce, cievy, imunitu a zdrav\u00e9 starnutie. Pom\u00e1ha regulova\u0165 cholesterol aj cukor.\",\"breadcrumb\":{\"@id\":\"https:\\\/\\\/www.beautypristroje.sk\\\/produkt\\\/minus-age-resveratrol-30-kapsul\\\/#breadcrumb\"},\"inLanguage\":\"en-GB\",\"potentialAction\":[{\"@type\":\"ReadAction\",\"target\":[\"https:\\\/\\\/www.beautypristroje.sk\\\/produkt\\\/minus-age-resveratrol-30-kapsul\\\/\"]}]},{\"@type\":\"ImageObject\",\"inLanguage\":\"en-GB\",\"@id\":\"https:\\\/\\\/www.beautypristroje.sk\\\/produkt\\\/minus-age-resveratrol-30-kapsul\\\/#primaryimage\",\"url\":\"https:\\\/\\\/www.beautypristroje.sk\\\/wp-content\\\/uploads\\\/2025\\\/09\\\/resvelator.webp\",\"contentUrl\":\"https:\\\/\\\/www.beautypristroje.sk\\\/wp-content\\\/uploads\\\/2025\\\/09\\\/resvelator.webp\",\"width\":302,\"height\":300,\"caption\":\"Minus Age Resveratrol 30 kaps\u00fal \u2013 pr\u00edrodn\u00fd antioxidant na podporu srdca, imunity a zdrav\u00e9ho starnutia\"},{\"@type\":\"BreadcrumbList\",\"@id\":\"https:\\\/\\\/www.beautypristroje.sk\\\/produkt\\\/minus-age-resveratrol-30-kapsul\\\/#breadcrumb\",\"itemListElement\":[{\"@type\":\"ListItem\",\"position\":1,\"name\":\"Domovsk\u00e1 str\u00e1nka\",\"item\":\"https:\\\/\\\/www.beautypristroje.sk\\\/\"},{\"@type\":\"ListItem\",\"position\":2,\"name\":\"Obchod\",\"item\":\"https:\\\/\\\/www.beautypristroje.sk\\\/obchod\\\/\"},{\"@type\":\"ListItem\",\"position\":3,\"name\":\"Minus Age Resveratrol 30 kaps\u00fal\"}]},{\"@type\":\"WebSite\",\"@id\":\"https:\\\/\\\/www.beautypristroje.sk\\\/#website\",\"url\":\"https:\\\/\\\/www.beautypristroje.sk\\\/\",\"name\":\"Beauty pr\u00edstroje\",\"description\":\"Profesion\u00e1lne kozmetick\u00e9 pr\u00edstroje pre sal\u00f3ny a kliniky\",\"potentialAction\":[{\"@type\":\"SearchAction\",\"target\":{\"@type\":\"EntryPoint\",\"urlTemplate\":\"https:\\\/\\\/www.beautypristroje.sk\\\/?s={search_term_string}\"},\"query-input\":{\"@type\":\"PropertyValueSpecification\",\"valueRequired\":true,\"valueName\":\"search_term_string\"}}],\"inLanguage\":\"en-GB\"}]}<\/script>\n<!-- \/ Yoast SEO plugin. -->","yoast_head_json":{"title":"Minus Age Resveratrol 30 kaps\u00fal - Beauty pr\u00edstroje","description":"Minus Age Resveratrol 30 kaps\u00fal \u2013 pr\u00edrodn\u00fd antioxidant, ktor\u00fd podporuje srdce, cievy, imunitu a zdrav\u00e9 starnutie. Pom\u00e1ha regulova\u0165 cholesterol aj cukor.","robots":{"index":"index","follow":"follow","max-snippet":"max-snippet:-1","max-image-preview":"max-image-preview:large","max-video-preview":"max-video-preview:-1"},"canonical":"https:\/\/www.beautypristroje.sk\/en\/product\/minus-age-resveratrol-30-kapsul\/","og_locale":"en_GB","og_type":"article","og_title":"Minus Age Resveratrol 30 kaps\u00fal - Beauty pr\u00edstroje","og_description":"Minus Age Resveratrol 30 kaps\u00fal \u2013 pr\u00edrodn\u00fd antioxidant, ktor\u00fd podporuje srdce, cievy, imunitu a zdrav\u00e9 starnutie. Pom\u00e1ha regulova\u0165 cholesterol aj cukor.","og_url":"https:\/\/www.beautypristroje.sk\/en\/product\/minus-age-resveratrol-30-kapsul\/","og_site_name":"Beauty pr\u00edstroje","article_modified_time":"2025-11-10T13:06:32+00:00","og_image":[{"width":302,"height":300,"url":"https:\/\/www.beautypristroje.sk\/wp-content\/uploads\/2025\/09\/resvelator.webp","type":"image\/webp"}],"twitter_card":"summary_large_image","twitter_misc":{"Estimated reading time":"4 minutes"},"schema":{"@context":"https:\/\/schema.org","@graph":[{"@type":"WebPage","@id":"https:\/\/www.beautypristroje.sk\/produkt\/minus-age-resveratrol-30-kapsul\/","url":"https:\/\/www.beautypristroje.sk\/produkt\/minus-age-resveratrol-30-kapsul\/","name":"Minus Age Resveratrol 30 kaps\u00fal - Beauty pr\u00edstroje","isPartOf":{"@id":"https:\/\/www.beautypristroje.sk\/#website"},"primaryImageOfPage":{"@id":"https:\/\/www.beautypristroje.sk\/produkt\/minus-age-resveratrol-30-kapsul\/#primaryimage"},"image":{"@id":"https:\/\/www.beautypristroje.sk\/produkt\/minus-age-resveratrol-30-kapsul\/#primaryimage"},"thumbnailUrl":"https:\/\/www.beautypristroje.sk\/wp-content\/uploads\/2025\/09\/resvelator.webp","datePublished":"2025-09-08T08:41:55+00:00","dateModified":"2025-11-10T13:06:32+00:00","description":"Minus Age Resveratrol 30 kaps\u00fal \u2013 pr\u00edrodn\u00fd antioxidant, ktor\u00fd podporuje srdce, cievy, imunitu a zdrav\u00e9 starnutie. Pom\u00e1ha regulova\u0165 cholesterol aj cukor.","breadcrumb":{"@id":"https:\/\/www.beautypristroje.sk\/produkt\/minus-age-resveratrol-30-kapsul\/#breadcrumb"},"inLanguage":"en-GB","potentialAction":[{"@type":"ReadAction","target":["https:\/\/www.beautypristroje.sk\/produkt\/minus-age-resveratrol-30-kapsul\/"]}]},{"@type":"ImageObject","inLanguage":"en-GB","@id":"https:\/\/www.beautypristroje.sk\/produkt\/minus-age-resveratrol-30-kapsul\/#primaryimage","url":"https:\/\/www.beautypristroje.sk\/wp-content\/uploads\/2025\/09\/resvelator.webp","contentUrl":"https:\/\/www.beautypristroje.sk\/wp-content\/uploads\/2025\/09\/resvelator.webp","width":302,"height":300,"caption":"Minus Age Resveratrol 30 kaps\u00fal \u2013 pr\u00edrodn\u00fd antioxidant na podporu srdca, imunity a zdrav\u00e9ho starnutia"},{"@type":"BreadcrumbList","@id":"https:\/\/www.beautypristroje.sk\/produkt\/minus-age-resveratrol-30-kapsul\/#breadcrumb","itemListElement":[{"@type":"ListItem","position":1,"name":"Domovsk\u00e1 str\u00e1nka","item":"https:\/\/www.beautypristroje.sk\/"},{"@type":"ListItem","position":2,"name":"Obchod","item":"https:\/\/www.beautypristroje.sk\/obchod\/"},{"@type":"ListItem","position":3,"name":"Minus Age Resveratrol 30 kaps\u00fal"}]},{"@type":"WebSite","@id":"https:\/\/www.beautypristroje.sk\/#website","url":"https:\/\/www.beautypristroje.sk\/","name":"Beauty pr\u00edstroje","description":"Profesion\u00e1lne kozmetick\u00e9 pr\u00edstroje pre sal\u00f3ny a kliniky","potentialAction":[{"@type":"SearchAction","target":{"@type":"EntryPoint","urlTemplate":"https:\/\/www.beautypristroje.sk\/?s={search_term_string}"},"query-input":{"@type":"PropertyValueSpecification","valueRequired":true,"valueName":"search_term_string"}}],"inLanguage":"en-GB"}]}},"_links":{"self":[{"href":"https:\/\/www.beautypristroje.sk\/en\/wp-json\/wp\/v2\/product\/1060","targetHints":{"allow":["GET"]}}],"collection":[{"href":"https:\/\/www.beautypristroje.sk\/en\/wp-json\/wp\/v2\/product"}],"about":[{"href":"https:\/\/www.beautypristroje.sk\/en\/wp-json\/wp\/v2\/types\/product"}],"replies":[{"embeddable":true,"href":"https:\/\/www.beautypristroje.sk\/en\/wp-json\/wp\/v2\/comments?post=1060"}],"wp:featuredmedia":[{"embeddable":true,"href":"https:\/\/www.beautypristroje.sk\/en\/wp-json\/wp\/v2\/media\/1061"}],"wp:attachment":[{"href":"https:\/\/www.beautypristroje.sk\/en\/wp-json\/wp\/v2\/media?parent=1060"}],"wp:term":[{"taxonomy":"product_brand","embeddable":true,"href":"https:\/\/www.beautypristroje.sk\/en\/wp-json\/wp\/v2\/product_brand?post=1060"},{"taxonomy":"product_cat","embeddable":true,"href":"https:\/\/www.beautypristroje.sk\/en\/wp-json\/wp\/v2\/product_cat?post=1060"},{"taxonomy":"product_tag","embeddable":true,"href":"https:\/\/www.beautypristroje.sk\/en\/wp-json\/wp\/v2\/product_tag?post=1060"}],"curies":[{"name":"wp","href":"https:\/\/api.w.org\/{rel}","templated":true}]}}