{"id":1042,"date":"2025-07-24T10:51:14","date_gmt":"2025-07-24T08:51:14","guid":{"rendered":"https:\/\/www.beautypristroje.sk\/?post_type=product&#038;p=1042"},"modified":"2025-12-10T09:31:47","modified_gmt":"2025-12-10T08:31:47","slug":"idenel-purifying-enzyme-powder-cleanser-cistiaci-enzym-v-prasku-60-g","status":"publish","type":"product","link":"https:\/\/www.beautypristroje.sk\/en\/product\/idenel-purifying-enzyme-powder-cleanser-cistiaci-enzym-v-prasku-60-g\/","title":{"rendered":"IDENEL &#8211; Purifying Enzyme Powder Cleanser &#8211; \u010distiaci enz\u00fdm v pr\u00e1\u0161ku 60 g"},"content":{"rendered":"<p>V\u010faka tomuto produktu bude optim\u00e1lne pripraven\u00e1 na aplik\u00e1ciu Altum Peptide. Pom\u00e1ha tie\u017e tv\u00e1r zmatni\u0165 a obnovuje ko\u017en\u00fa bari\u00e9ru, tak\u017ee budete ma\u0165 pocit absol\u00fatneho komfortu. Enzymatick\u00fd pr\u00e1\u0161ok na jemn\u00fa exfoli\u00e1ciu a h\u013abkov\u00e9 \u010distenie pleti, nedr\u00e1\u017edi a nevysu\u0161uje ple\u0165.<\/p>\n<p><strong>Ingrediencie, ktor\u00e9 m\u00e1me radi<\/strong><\/p>\n<p><b>Papa\u00edn:\u00a0<\/b>Rozklad\u00e1 odumret\u00e9 bunky, aktivuje obnovu nov\u00fdch ko\u017en\u00fdch buniek, zlep\u0161uje obsah kolag\u00e9nu v poko\u017eke a upokojuje podr\u00e1\u017edenie, m\u00e1 antibakteri\u00e1lne a protiz\u00e1palov\u00e9 \u00fa\u010dinky.<\/p>\n<p><strong>Ceramidov\u00fd komplex:<\/strong>\u00a0Obnovuje ko\u017en\u00fa bari\u00e9ru, ktor\u00e1 tvor\u00ed na pleti ochrann\u00fa vrstvu. Rozjas\u0148uje t\u00f3n pleti.<\/p>\n<p><strong>8-n\u00e1sobn\u00e1 kyselina hyalur\u00f3nov\u00e1:<\/strong>\u00a0V\u010faka r\u00f4znej ve\u013ekosti \u010dast\u00edc r\u00fdchlo po \u010disten\u00ed dopln\u00ed vlhkos\u0165 v pleti, h\u013abkovo aj povrchovo ju hydratuje.<\/p>\n<p><strong>Niac\u00ednamid:<\/strong>\u00a0Reguluje tvorbu ko\u017en\u00e9ho mazu, rozjas\u0148uje mdl\u00fd t\u00f3n pleti a zmat\u0148uje ne\u017eiaduci lesk.<\/p>\n<p><strong>Pou\u017eitie<\/strong><\/p>\n<p>Zmie\u0161aj mal\u00e9 mno\u017estvo pr\u00e1\u0161ku s vodou, aby si vytvorila penu, a nanes ho na poko\u017eku. Nechaj 2-3 min\u00faty p\u00f4sobi\u0165. Navlh\u010di kon\u010dekmi prstov, jemne v\u0161etko kr\u00fa\u017eiv\u00fdmi pohybmi zmy, potom tv\u00e1r d\u00f4kladne opl\u00e1chni vla\u017enou vodou. Pou\u017e\u00edvaj v\u017edy r\u00e1no a ve\u010der.<\/p>","protected":false},"excerpt":{"rendered":"<p>\u010cistiaci enz\u00fdm v pr\u00e1\u0161ku ple\u0165 dokonale vy\u010dist\u00ed, rozjasn\u00ed mdl\u00fd t\u00f3n, zbav\u00ed ju odumret\u00fdch ko\u017en\u00fdch buniek, dod\u00e1 potrebn\u00fa hydrat\u00e1ciu a ochranu pred bakt\u00e9riami a z\u00e1palmi.<\/p>","protected":false},"featured_media":1046,"comment_status":"open","ping_status":"closed","template":"","meta":{"_acf_changed":false},"product_brand":[76],"product_cat":[26],"product_tag":[],"class_list":{"0":"post-1042","1":"product","2":"type-product","3":"status-publish","4":"has-post-thumbnail","6":"product_brand-idenel","7":"product_cat-skincare-produkty","9":"first","10":"instock","11":"taxable","12":"shipping-taxable","13":"purchasable","14":"product-type-simple"},"acf":[],"yoast_head":"<!-- This site is optimized with the Yoast SEO plugin v27.5 - https:\/\/yoast.com\/product\/yoast-seo-wordpress\/ -->\n<title>IDENEL - Purifying Enzyme Powder Cleanser - \u010distiaci enz\u00fdm v pr\u00e1\u0161ku 60 g - Beauty pr\u00edstroje<\/title>\n<meta name=\"description\" content=\"IDENEL Purifying Enzyme Powder Cleanser \u2013 jemn\u00fd enz\u00fdmov\u00fd pr\u00e1\u0161ok na \u010distenie pleti. Odstra\u0148uje odumret\u00e9 bunky, hydratuje a obnovuje ko\u017en\u00fa bari\u00e9ru.\" \/>\n<meta name=\"robots\" content=\"index, follow, max-snippet:-1, max-image-preview:large, max-video-preview:-1\" \/>\n<link rel=\"canonical\" href=\"https:\/\/www.beautypristroje.sk\/en\/product\/idenel-purifying-enzyme-powder-cleanser-cistiaci-enzym-v-prasku-60-g\/\" \/>\n<meta property=\"og:locale\" content=\"en_GB\" \/>\n<meta property=\"og:type\" content=\"article\" \/>\n<meta property=\"og:title\" content=\"IDENEL - Purifying Enzyme Powder Cleanser - \u010distiaci enz\u00fdm v pr\u00e1\u0161ku 60 g - Beauty pr\u00edstroje\" \/>\n<meta property=\"og:description\" content=\"IDENEL Purifying Enzyme Powder Cleanser \u2013 jemn\u00fd enz\u00fdmov\u00fd pr\u00e1\u0161ok na \u010distenie pleti. Odstra\u0148uje odumret\u00e9 bunky, hydratuje a obnovuje ko\u017en\u00fa bari\u00e9ru.\" \/>\n<meta property=\"og:url\" content=\"https:\/\/www.beautypristroje.sk\/en\/product\/idenel-purifying-enzyme-powder-cleanser-cistiaci-enzym-v-prasku-60-g\/\" \/>\n<meta property=\"og:site_name\" content=\"Beauty pr\u00edstroje\" \/>\n<meta property=\"article:modified_time\" content=\"2025-12-10T08:31:47+00:00\" \/>\n<meta property=\"og:image\" content=\"https:\/\/www.beautypristroje.sk\/wp-content\/uploads\/2025\/07\/idenel-purifying-enzyme-powder-cleanser-cistiaci-enzym-v-prasku-60-g.webp\" \/>\n\t<meta property=\"og:image:width\" content=\"800\" \/>\n\t<meta property=\"og:image:height\" content=\"800\" \/>\n\t<meta property=\"og:image:type\" content=\"image\/webp\" \/>\n<meta name=\"twitter:card\" content=\"summary_large_image\" \/>\n<meta name=\"twitter:label1\" content=\"Estimated reading time\" \/>\n\t<meta name=\"twitter:data1\" content=\"2 minutes\" \/>\n<script type=\"application\/ld+json\" class=\"yoast-schema-graph\">{\"@context\":\"https:\\\/\\\/schema.org\",\"@graph\":[{\"@type\":\"WebPage\",\"@id\":\"https:\\\/\\\/www.beautypristroje.sk\\\/produkt\\\/idenel-purifying-enzyme-powder-cleanser-cistiaci-enzym-v-prasku-60-g\\\/\",\"url\":\"https:\\\/\\\/www.beautypristroje.sk\\\/produkt\\\/idenel-purifying-enzyme-powder-cleanser-cistiaci-enzym-v-prasku-60-g\\\/\",\"name\":\"IDENEL - Purifying Enzyme Powder Cleanser - \u010distiaci enz\u00fdm v pr\u00e1\u0161ku 60 g - Beauty pr\u00edstroje\",\"isPartOf\":{\"@id\":\"https:\\\/\\\/www.beautypristroje.sk\\\/#website\"},\"primaryImageOfPage\":{\"@id\":\"https:\\\/\\\/www.beautypristroje.sk\\\/produkt\\\/idenel-purifying-enzyme-powder-cleanser-cistiaci-enzym-v-prasku-60-g\\\/#primaryimage\"},\"image\":{\"@id\":\"https:\\\/\\\/www.beautypristroje.sk\\\/produkt\\\/idenel-purifying-enzyme-powder-cleanser-cistiaci-enzym-v-prasku-60-g\\\/#primaryimage\"},\"thumbnailUrl\":\"https:\\\/\\\/www.beautypristroje.sk\\\/wp-content\\\/uploads\\\/2025\\\/07\\\/idenel-purifying-enzyme-powder-cleanser-cistiaci-enzym-v-prasku-60-g.webp\",\"datePublished\":\"2025-07-24T08:51:14+00:00\",\"dateModified\":\"2025-12-10T08:31:47+00:00\",\"description\":\"IDENEL Purifying Enzyme Powder Cleanser \u2013 jemn\u00fd enz\u00fdmov\u00fd pr\u00e1\u0161ok na \u010distenie pleti. Odstra\u0148uje odumret\u00e9 bunky, hydratuje a obnovuje ko\u017en\u00fa bari\u00e9ru.\",\"breadcrumb\":{\"@id\":\"https:\\\/\\\/www.beautypristroje.sk\\\/produkt\\\/idenel-purifying-enzyme-powder-cleanser-cistiaci-enzym-v-prasku-60-g\\\/#breadcrumb\"},\"inLanguage\":\"en-GB\",\"potentialAction\":[{\"@type\":\"ReadAction\",\"target\":[\"https:\\\/\\\/www.beautypristroje.sk\\\/produkt\\\/idenel-purifying-enzyme-powder-cleanser-cistiaci-enzym-v-prasku-60-g\\\/\"]}]},{\"@type\":\"ImageObject\",\"inLanguage\":\"en-GB\",\"@id\":\"https:\\\/\\\/www.beautypristroje.sk\\\/produkt\\\/idenel-purifying-enzyme-powder-cleanser-cistiaci-enzym-v-prasku-60-g\\\/#primaryimage\",\"url\":\"https:\\\/\\\/www.beautypristroje.sk\\\/wp-content\\\/uploads\\\/2025\\\/07\\\/idenel-purifying-enzyme-powder-cleanser-cistiaci-enzym-v-prasku-60-g.webp\",\"contentUrl\":\"https:\\\/\\\/www.beautypristroje.sk\\\/wp-content\\\/uploads\\\/2025\\\/07\\\/idenel-purifying-enzyme-powder-cleanser-cistiaci-enzym-v-prasku-60-g.webp\",\"width\":800,\"height\":800,\"caption\":\"IDENEL Purifying Enzyme Powder Cleanser 60 g \u2013 \u010distiaci enz\u00fdmov\u00fd pr\u00e1\u0161ok na exfoli\u00e1ciu, hydrat\u00e1ciu a zmatnenie pleti\"},{\"@type\":\"BreadcrumbList\",\"@id\":\"https:\\\/\\\/www.beautypristroje.sk\\\/produkt\\\/idenel-purifying-enzyme-powder-cleanser-cistiaci-enzym-v-prasku-60-g\\\/#breadcrumb\",\"itemListElement\":[{\"@type\":\"ListItem\",\"position\":1,\"name\":\"Domovsk\u00e1 str\u00e1nka\",\"item\":\"https:\\\/\\\/www.beautypristroje.sk\\\/\"},{\"@type\":\"ListItem\",\"position\":2,\"name\":\"Obchod\",\"item\":\"https:\\\/\\\/www.beautypristroje.sk\\\/obchod\\\/\"},{\"@type\":\"ListItem\",\"position\":3,\"name\":\"IDENEL &#8211; Purifying Enzyme Powder Cleanser &#8211; \u010distiaci enz\u00fdm v pr\u00e1\u0161ku 60 g\"}]},{\"@type\":\"WebSite\",\"@id\":\"https:\\\/\\\/www.beautypristroje.sk\\\/#website\",\"url\":\"https:\\\/\\\/www.beautypristroje.sk\\\/\",\"name\":\"Beauty pr\u00edstroje\",\"description\":\"Profesion\u00e1lne kozmetick\u00e9 pr\u00edstroje pre sal\u00f3ny a kliniky\",\"potentialAction\":[{\"@type\":\"SearchAction\",\"target\":{\"@type\":\"EntryPoint\",\"urlTemplate\":\"https:\\\/\\\/www.beautypristroje.sk\\\/?s={search_term_string}\"},\"query-input\":{\"@type\":\"PropertyValueSpecification\",\"valueRequired\":true,\"valueName\":\"search_term_string\"}}],\"inLanguage\":\"en-GB\"}]}<\/script>\n<!-- \/ Yoast SEO plugin. -->","yoast_head_json":{"title":"IDENEL - Purifying Enzyme Powder Cleanser - \u010distiaci enz\u00fdm v pr\u00e1\u0161ku 60 g - Beauty pr\u00edstroje","description":"IDENEL Purifying Enzyme Powder Cleanser \u2013 jemn\u00fd enz\u00fdmov\u00fd pr\u00e1\u0161ok na \u010distenie pleti. Odstra\u0148uje odumret\u00e9 bunky, hydratuje a obnovuje ko\u017en\u00fa bari\u00e9ru.","robots":{"index":"index","follow":"follow","max-snippet":"max-snippet:-1","max-image-preview":"max-image-preview:large","max-video-preview":"max-video-preview:-1"},"canonical":"https:\/\/www.beautypristroje.sk\/en\/product\/idenel-purifying-enzyme-powder-cleanser-cistiaci-enzym-v-prasku-60-g\/","og_locale":"en_GB","og_type":"article","og_title":"IDENEL - Purifying Enzyme Powder Cleanser - \u010distiaci enz\u00fdm v pr\u00e1\u0161ku 60 g - Beauty pr\u00edstroje","og_description":"IDENEL Purifying Enzyme Powder Cleanser \u2013 jemn\u00fd enz\u00fdmov\u00fd pr\u00e1\u0161ok na \u010distenie pleti. Odstra\u0148uje odumret\u00e9 bunky, hydratuje a obnovuje ko\u017en\u00fa bari\u00e9ru.","og_url":"https:\/\/www.beautypristroje.sk\/en\/product\/idenel-purifying-enzyme-powder-cleanser-cistiaci-enzym-v-prasku-60-g\/","og_site_name":"Beauty pr\u00edstroje","article_modified_time":"2025-12-10T08:31:47+00:00","og_image":[{"width":800,"height":800,"url":"https:\/\/www.beautypristroje.sk\/wp-content\/uploads\/2025\/07\/idenel-purifying-enzyme-powder-cleanser-cistiaci-enzym-v-prasku-60-g.webp","type":"image\/webp"}],"twitter_card":"summary_large_image","twitter_misc":{"Estimated reading time":"2 minutes"},"schema":{"@context":"https:\/\/schema.org","@graph":[{"@type":"WebPage","@id":"https:\/\/www.beautypristroje.sk\/produkt\/idenel-purifying-enzyme-powder-cleanser-cistiaci-enzym-v-prasku-60-g\/","url":"https:\/\/www.beautypristroje.sk\/produkt\/idenel-purifying-enzyme-powder-cleanser-cistiaci-enzym-v-prasku-60-g\/","name":"IDENEL - Purifying Enzyme Powder Cleanser - \u010distiaci enz\u00fdm v pr\u00e1\u0161ku 60 g - Beauty pr\u00edstroje","isPartOf":{"@id":"https:\/\/www.beautypristroje.sk\/#website"},"primaryImageOfPage":{"@id":"https:\/\/www.beautypristroje.sk\/produkt\/idenel-purifying-enzyme-powder-cleanser-cistiaci-enzym-v-prasku-60-g\/#primaryimage"},"image":{"@id":"https:\/\/www.beautypristroje.sk\/produkt\/idenel-purifying-enzyme-powder-cleanser-cistiaci-enzym-v-prasku-60-g\/#primaryimage"},"thumbnailUrl":"https:\/\/www.beautypristroje.sk\/wp-content\/uploads\/2025\/07\/idenel-purifying-enzyme-powder-cleanser-cistiaci-enzym-v-prasku-60-g.webp","datePublished":"2025-07-24T08:51:14+00:00","dateModified":"2025-12-10T08:31:47+00:00","description":"IDENEL Purifying Enzyme Powder Cleanser \u2013 jemn\u00fd enz\u00fdmov\u00fd pr\u00e1\u0161ok na \u010distenie pleti. Odstra\u0148uje odumret\u00e9 bunky, hydratuje a obnovuje ko\u017en\u00fa bari\u00e9ru.","breadcrumb":{"@id":"https:\/\/www.beautypristroje.sk\/produkt\/idenel-purifying-enzyme-powder-cleanser-cistiaci-enzym-v-prasku-60-g\/#breadcrumb"},"inLanguage":"en-GB","potentialAction":[{"@type":"ReadAction","target":["https:\/\/www.beautypristroje.sk\/produkt\/idenel-purifying-enzyme-powder-cleanser-cistiaci-enzym-v-prasku-60-g\/"]}]},{"@type":"ImageObject","inLanguage":"en-GB","@id":"https:\/\/www.beautypristroje.sk\/produkt\/idenel-purifying-enzyme-powder-cleanser-cistiaci-enzym-v-prasku-60-g\/#primaryimage","url":"https:\/\/www.beautypristroje.sk\/wp-content\/uploads\/2025\/07\/idenel-purifying-enzyme-powder-cleanser-cistiaci-enzym-v-prasku-60-g.webp","contentUrl":"https:\/\/www.beautypristroje.sk\/wp-content\/uploads\/2025\/07\/idenel-purifying-enzyme-powder-cleanser-cistiaci-enzym-v-prasku-60-g.webp","width":800,"height":800,"caption":"IDENEL Purifying Enzyme Powder Cleanser 60 g \u2013 \u010distiaci enz\u00fdmov\u00fd pr\u00e1\u0161ok na exfoli\u00e1ciu, hydrat\u00e1ciu a zmatnenie pleti"},{"@type":"BreadcrumbList","@id":"https:\/\/www.beautypristroje.sk\/produkt\/idenel-purifying-enzyme-powder-cleanser-cistiaci-enzym-v-prasku-60-g\/#breadcrumb","itemListElement":[{"@type":"ListItem","position":1,"name":"Domovsk\u00e1 str\u00e1nka","item":"https:\/\/www.beautypristroje.sk\/"},{"@type":"ListItem","position":2,"name":"Obchod","item":"https:\/\/www.beautypristroje.sk\/obchod\/"},{"@type":"ListItem","position":3,"name":"IDENEL &#8211; Purifying Enzyme Powder Cleanser &#8211; \u010distiaci enz\u00fdm v pr\u00e1\u0161ku 60 g"}]},{"@type":"WebSite","@id":"https:\/\/www.beautypristroje.sk\/#website","url":"https:\/\/www.beautypristroje.sk\/","name":"Beauty pr\u00edstroje","description":"Profesion\u00e1lne kozmetick\u00e9 pr\u00edstroje pre sal\u00f3ny a kliniky","potentialAction":[{"@type":"SearchAction","target":{"@type":"EntryPoint","urlTemplate":"https:\/\/www.beautypristroje.sk\/?s={search_term_string}"},"query-input":{"@type":"PropertyValueSpecification","valueRequired":true,"valueName":"search_term_string"}}],"inLanguage":"en-GB"}]}},"_links":{"self":[{"href":"https:\/\/www.beautypristroje.sk\/en\/wp-json\/wp\/v2\/product\/1042","targetHints":{"allow":["GET"]}}],"collection":[{"href":"https:\/\/www.beautypristroje.sk\/en\/wp-json\/wp\/v2\/product"}],"about":[{"href":"https:\/\/www.beautypristroje.sk\/en\/wp-json\/wp\/v2\/types\/product"}],"replies":[{"embeddable":true,"href":"https:\/\/www.beautypristroje.sk\/en\/wp-json\/wp\/v2\/comments?post=1042"}],"wp:featuredmedia":[{"embeddable":true,"href":"https:\/\/www.beautypristroje.sk\/en\/wp-json\/wp\/v2\/media\/1046"}],"wp:attachment":[{"href":"https:\/\/www.beautypristroje.sk\/en\/wp-json\/wp\/v2\/media?parent=1042"}],"wp:term":[{"taxonomy":"product_brand","embeddable":true,"href":"https:\/\/www.beautypristroje.sk\/en\/wp-json\/wp\/v2\/product_brand?post=1042"},{"taxonomy":"product_cat","embeddable":true,"href":"https:\/\/www.beautypristroje.sk\/en\/wp-json\/wp\/v2\/product_cat?post=1042"},{"taxonomy":"product_tag","embeddable":true,"href":"https:\/\/www.beautypristroje.sk\/en\/wp-json\/wp\/v2\/product_tag?post=1042"}],"curies":[{"name":"wp","href":"https:\/\/api.w.org\/{rel}","templated":true}]}}