{"id":1032,"date":"2025-07-24T10:48:10","date_gmt":"2025-07-24T08:48:10","guid":{"rendered":"https:\/\/www.beautypristroje.sk\/?post_type=product&#038;p=1032"},"modified":"2025-12-10T09:32:18","modified_gmt":"2025-12-10T08:32:18","slug":"idenel-altum-peptide-solution-cream-ocny-krem-20-ml","status":"publish","type":"product","link":"https:\/\/www.beautypristroje.sk\/en\/product\/idenel-altum-peptide-solution-cream-ocny-krem-20-ml\/","title":{"rendered":"IDENEL &#8211; Altum Peptide Solution Cream &#8211; o\u010dn\u00fd kr\u00e9m 20 ml"},"content":{"rendered":"<p>Altum Peptide Complex (a\u017e 80 000 mikroihiel): Poskytuje liftingov\u00e9 a spev\u0148uj\u00face \u00fa\u010dinky, zjem\u0148uje t\u00f3n a text\u00faru poko\u017eky, zameriava sa na hlbok\u00e9 vr\u00e1sky a jemn\u00e9 linky, zlep\u0161uje krvn\u00fd obeh a zvy\u0161uje produkciu prokolag\u00e9nu a elast\u00ednu.<\/p>\n<p>Dlhotrvaj\u00faca hydrat\u00e1cia: R\u00fdchlo sa vstreb\u00e1vaj\u00faca formul\u00e1cia, ktor\u00e1 v\u010faka bambuck\u00e9mu maslu a pantenolu udr\u017e\u00ed vlhkos\u0165 po dlh\u00fa dobu.<\/p>\n<p><strong>Ingrediencie, ktor\u00e9 m\u00e1me radi<\/strong><\/p>\n<p><strong>Adenoz\u00edn:<\/strong>\u00a0\u00da\u010dinn\u00fd prostriedok proti starnutiu.<\/p>\n<p><strong>Niac\u00ednamid:<\/strong>\u00a0Eliminuje tmav\u00e9 kruhy, rozjas\u0148uje o\u010dn\u00e9 okolie.<\/p>\n<p><strong>Madecassoside:<\/strong>\u00a0Poskytuje upokojuj\u00face, protidr\u00e1\u017ediv\u00e9 a ochrann\u00e9 vlastnosti poko\u017eky.<\/p>\n<p><strong>Pou\u017eitie<\/strong><\/p>\n<p>Aplikuj na oblasti okolo o\u010d\u00ed r\u00e1no aj ve\u010der.<\/p>","protected":false},"excerpt":{"rendered":"<p>Pr\u00e9miov\u00fd o\u010dn\u00fd kr\u00e9m proti starnutiu pre svie\u017ei a mladistv\u00fd vzh\u013ead. Kr\u00e9m je mo\u017en\u00e9 pou\u017ei\u0165 aj na dynamick\u00e9 vr\u00e1sky na tv\u00e1ri.<\/p>","protected":false},"featured_media":1036,"comment_status":"open","ping_status":"closed","template":"","meta":{"_acf_changed":false},"product_brand":[76],"product_cat":[75,26],"product_tag":[],"class_list":{"0":"post-1032","1":"product","2":"type-product","3":"status-publish","4":"has-post-thumbnail","6":"product_brand-idenel","7":"product_cat-kremy-a-sera","8":"product_cat-skincare-produkty","10":"first","11":"instock","12":"taxable","13":"shipping-taxable","14":"purchasable","15":"product-type-simple"},"acf":[],"yoast_head":"<!-- This site is optimized with the Yoast SEO plugin v27.5 - https:\/\/yoast.com\/product\/yoast-seo-wordpress\/ -->\n<title>IDENEL - Altum Peptide Solution Cream - o\u010dn\u00fd kr\u00e9m 20 ml - Beauty pr\u00edstroje<\/title>\n<meta name=\"description\" content=\"IDENEL Altum Peptide Solution Cream \u2013 o\u010dn\u00fd kr\u00e9m s peptidmi a bambuck\u00fdm maslom. Hydratuje, redukuje vr\u00e1sky, tmav\u00e9 kruhy a zjem\u0148uje o\u010dn\u00e9 okolie.\" \/>\n<meta name=\"robots\" content=\"index, follow, max-snippet:-1, max-image-preview:large, max-video-preview:-1\" \/>\n<link rel=\"canonical\" href=\"https:\/\/www.beautypristroje.sk\/en\/product\/idenel-altum-peptide-solution-cream-ocny-krem-20-ml\/\" \/>\n<meta property=\"og:locale\" content=\"en_GB\" \/>\n<meta property=\"og:type\" content=\"article\" \/>\n<meta property=\"og:title\" content=\"IDENEL - Altum Peptide Solution Cream - o\u010dn\u00fd kr\u00e9m 20 ml - Beauty pr\u00edstroje\" \/>\n<meta property=\"og:description\" content=\"IDENEL Altum Peptide Solution Cream \u2013 o\u010dn\u00fd kr\u00e9m s peptidmi a bambuck\u00fdm maslom. Hydratuje, redukuje vr\u00e1sky, tmav\u00e9 kruhy a zjem\u0148uje o\u010dn\u00e9 okolie.\" \/>\n<meta property=\"og:url\" content=\"https:\/\/www.beautypristroje.sk\/en\/product\/idenel-altum-peptide-solution-cream-ocny-krem-20-ml\/\" \/>\n<meta property=\"og:site_name\" content=\"Beauty pr\u00edstroje\" \/>\n<meta property=\"article:modified_time\" content=\"2025-12-10T08:32:18+00:00\" \/>\n<meta property=\"og:image\" content=\"https:\/\/www.beautypristroje.sk\/wp-content\/uploads\/2025\/07\/idenel-altum-peptide-solution-cream-ocny-krem-20-ml-1.webp\" \/>\n\t<meta property=\"og:image:width\" content=\"800\" \/>\n\t<meta property=\"og:image:height\" content=\"800\" \/>\n\t<meta property=\"og:image:type\" content=\"image\/webp\" \/>\n<meta name=\"twitter:card\" content=\"summary_large_image\" \/>\n<meta name=\"twitter:label1\" content=\"Estimated reading time\" \/>\n\t<meta name=\"twitter:data1\" content=\"1 minute\" \/>\n<script type=\"application\/ld+json\" class=\"yoast-schema-graph\">{\"@context\":\"https:\\\/\\\/schema.org\",\"@graph\":[{\"@type\":\"WebPage\",\"@id\":\"https:\\\/\\\/www.beautypristroje.sk\\\/produkt\\\/idenel-altum-peptide-solution-cream-ocny-krem-20-ml\\\/\",\"url\":\"https:\\\/\\\/www.beautypristroje.sk\\\/produkt\\\/idenel-altum-peptide-solution-cream-ocny-krem-20-ml\\\/\",\"name\":\"IDENEL - Altum Peptide Solution Cream - o\u010dn\u00fd kr\u00e9m 20 ml - Beauty pr\u00edstroje\",\"isPartOf\":{\"@id\":\"https:\\\/\\\/www.beautypristroje.sk\\\/#website\"},\"primaryImageOfPage\":{\"@id\":\"https:\\\/\\\/www.beautypristroje.sk\\\/produkt\\\/idenel-altum-peptide-solution-cream-ocny-krem-20-ml\\\/#primaryimage\"},\"image\":{\"@id\":\"https:\\\/\\\/www.beautypristroje.sk\\\/produkt\\\/idenel-altum-peptide-solution-cream-ocny-krem-20-ml\\\/#primaryimage\"},\"thumbnailUrl\":\"https:\\\/\\\/www.beautypristroje.sk\\\/wp-content\\\/uploads\\\/2025\\\/07\\\/idenel-altum-peptide-solution-cream-ocny-krem-20-ml-1.webp\",\"datePublished\":\"2025-07-24T08:48:10+00:00\",\"dateModified\":\"2025-12-10T08:32:18+00:00\",\"description\":\"IDENEL Altum Peptide Solution Cream \u2013 o\u010dn\u00fd kr\u00e9m s peptidmi a bambuck\u00fdm maslom. Hydratuje, redukuje vr\u00e1sky, tmav\u00e9 kruhy a zjem\u0148uje o\u010dn\u00e9 okolie.\",\"breadcrumb\":{\"@id\":\"https:\\\/\\\/www.beautypristroje.sk\\\/produkt\\\/idenel-altum-peptide-solution-cream-ocny-krem-20-ml\\\/#breadcrumb\"},\"inLanguage\":\"en-GB\",\"potentialAction\":[{\"@type\":\"ReadAction\",\"target\":[\"https:\\\/\\\/www.beautypristroje.sk\\\/produkt\\\/idenel-altum-peptide-solution-cream-ocny-krem-20-ml\\\/\"]}]},{\"@type\":\"ImageObject\",\"inLanguage\":\"en-GB\",\"@id\":\"https:\\\/\\\/www.beautypristroje.sk\\\/produkt\\\/idenel-altum-peptide-solution-cream-ocny-krem-20-ml\\\/#primaryimage\",\"url\":\"https:\\\/\\\/www.beautypristroje.sk\\\/wp-content\\\/uploads\\\/2025\\\/07\\\/idenel-altum-peptide-solution-cream-ocny-krem-20-ml-1.webp\",\"contentUrl\":\"https:\\\/\\\/www.beautypristroje.sk\\\/wp-content\\\/uploads\\\/2025\\\/07\\\/idenel-altum-peptide-solution-cream-ocny-krem-20-ml-1.webp\",\"width\":800,\"height\":800,\"caption\":\"IDENEL Altum Peptide Solution Cream 20 ml \u2013 o\u010dn\u00fd kr\u00e9m proti vr\u00e1skam a kruhom pod o\u010dami s peptidmi a hydrata\u010dn\u00fdmi zlo\u017ekami\"},{\"@type\":\"BreadcrumbList\",\"@id\":\"https:\\\/\\\/www.beautypristroje.sk\\\/produkt\\\/idenel-altum-peptide-solution-cream-ocny-krem-20-ml\\\/#breadcrumb\",\"itemListElement\":[{\"@type\":\"ListItem\",\"position\":1,\"name\":\"Domovsk\u00e1 str\u00e1nka\",\"item\":\"https:\\\/\\\/www.beautypristroje.sk\\\/\"},{\"@type\":\"ListItem\",\"position\":2,\"name\":\"Obchod\",\"item\":\"https:\\\/\\\/www.beautypristroje.sk\\\/obchod\\\/\"},{\"@type\":\"ListItem\",\"position\":3,\"name\":\"IDENEL &#8211; Altum Peptide Solution Cream &#8211; o\u010dn\u00fd kr\u00e9m 20 ml\"}]},{\"@type\":\"WebSite\",\"@id\":\"https:\\\/\\\/www.beautypristroje.sk\\\/#website\",\"url\":\"https:\\\/\\\/www.beautypristroje.sk\\\/\",\"name\":\"Beauty pr\u00edstroje\",\"description\":\"Profesion\u00e1lne kozmetick\u00e9 pr\u00edstroje pre sal\u00f3ny a kliniky\",\"potentialAction\":[{\"@type\":\"SearchAction\",\"target\":{\"@type\":\"EntryPoint\",\"urlTemplate\":\"https:\\\/\\\/www.beautypristroje.sk\\\/?s={search_term_string}\"},\"query-input\":{\"@type\":\"PropertyValueSpecification\",\"valueRequired\":true,\"valueName\":\"search_term_string\"}}],\"inLanguage\":\"en-GB\"}]}<\/script>\n<!-- \/ Yoast SEO plugin. -->","yoast_head_json":{"title":"IDENEL - Altum Peptide Solution Cream - o\u010dn\u00fd kr\u00e9m 20 ml - Beauty pr\u00edstroje","description":"IDENEL Altum Peptide Solution Cream \u2013 o\u010dn\u00fd kr\u00e9m s peptidmi a bambuck\u00fdm maslom. Hydratuje, redukuje vr\u00e1sky, tmav\u00e9 kruhy a zjem\u0148uje o\u010dn\u00e9 okolie.","robots":{"index":"index","follow":"follow","max-snippet":"max-snippet:-1","max-image-preview":"max-image-preview:large","max-video-preview":"max-video-preview:-1"},"canonical":"https:\/\/www.beautypristroje.sk\/en\/product\/idenel-altum-peptide-solution-cream-ocny-krem-20-ml\/","og_locale":"en_GB","og_type":"article","og_title":"IDENEL - Altum Peptide Solution Cream - o\u010dn\u00fd kr\u00e9m 20 ml - Beauty pr\u00edstroje","og_description":"IDENEL Altum Peptide Solution Cream \u2013 o\u010dn\u00fd kr\u00e9m s peptidmi a bambuck\u00fdm maslom. Hydratuje, redukuje vr\u00e1sky, tmav\u00e9 kruhy a zjem\u0148uje o\u010dn\u00e9 okolie.","og_url":"https:\/\/www.beautypristroje.sk\/en\/product\/idenel-altum-peptide-solution-cream-ocny-krem-20-ml\/","og_site_name":"Beauty pr\u00edstroje","article_modified_time":"2025-12-10T08:32:18+00:00","og_image":[{"width":800,"height":800,"url":"https:\/\/www.beautypristroje.sk\/wp-content\/uploads\/2025\/07\/idenel-altum-peptide-solution-cream-ocny-krem-20-ml-1.webp","type":"image\/webp"}],"twitter_card":"summary_large_image","twitter_misc":{"Estimated reading time":"1 minute"},"schema":{"@context":"https:\/\/schema.org","@graph":[{"@type":"WebPage","@id":"https:\/\/www.beautypristroje.sk\/produkt\/idenel-altum-peptide-solution-cream-ocny-krem-20-ml\/","url":"https:\/\/www.beautypristroje.sk\/produkt\/idenel-altum-peptide-solution-cream-ocny-krem-20-ml\/","name":"IDENEL - Altum Peptide Solution Cream - o\u010dn\u00fd kr\u00e9m 20 ml - Beauty pr\u00edstroje","isPartOf":{"@id":"https:\/\/www.beautypristroje.sk\/#website"},"primaryImageOfPage":{"@id":"https:\/\/www.beautypristroje.sk\/produkt\/idenel-altum-peptide-solution-cream-ocny-krem-20-ml\/#primaryimage"},"image":{"@id":"https:\/\/www.beautypristroje.sk\/produkt\/idenel-altum-peptide-solution-cream-ocny-krem-20-ml\/#primaryimage"},"thumbnailUrl":"https:\/\/www.beautypristroje.sk\/wp-content\/uploads\/2025\/07\/idenel-altum-peptide-solution-cream-ocny-krem-20-ml-1.webp","datePublished":"2025-07-24T08:48:10+00:00","dateModified":"2025-12-10T08:32:18+00:00","description":"IDENEL Altum Peptide Solution Cream \u2013 o\u010dn\u00fd kr\u00e9m s peptidmi a bambuck\u00fdm maslom. Hydratuje, redukuje vr\u00e1sky, tmav\u00e9 kruhy a zjem\u0148uje o\u010dn\u00e9 okolie.","breadcrumb":{"@id":"https:\/\/www.beautypristroje.sk\/produkt\/idenel-altum-peptide-solution-cream-ocny-krem-20-ml\/#breadcrumb"},"inLanguage":"en-GB","potentialAction":[{"@type":"ReadAction","target":["https:\/\/www.beautypristroje.sk\/produkt\/idenel-altum-peptide-solution-cream-ocny-krem-20-ml\/"]}]},{"@type":"ImageObject","inLanguage":"en-GB","@id":"https:\/\/www.beautypristroje.sk\/produkt\/idenel-altum-peptide-solution-cream-ocny-krem-20-ml\/#primaryimage","url":"https:\/\/www.beautypristroje.sk\/wp-content\/uploads\/2025\/07\/idenel-altum-peptide-solution-cream-ocny-krem-20-ml-1.webp","contentUrl":"https:\/\/www.beautypristroje.sk\/wp-content\/uploads\/2025\/07\/idenel-altum-peptide-solution-cream-ocny-krem-20-ml-1.webp","width":800,"height":800,"caption":"IDENEL Altum Peptide Solution Cream 20 ml \u2013 o\u010dn\u00fd kr\u00e9m proti vr\u00e1skam a kruhom pod o\u010dami s peptidmi a hydrata\u010dn\u00fdmi zlo\u017ekami"},{"@type":"BreadcrumbList","@id":"https:\/\/www.beautypristroje.sk\/produkt\/idenel-altum-peptide-solution-cream-ocny-krem-20-ml\/#breadcrumb","itemListElement":[{"@type":"ListItem","position":1,"name":"Domovsk\u00e1 str\u00e1nka","item":"https:\/\/www.beautypristroje.sk\/"},{"@type":"ListItem","position":2,"name":"Obchod","item":"https:\/\/www.beautypristroje.sk\/obchod\/"},{"@type":"ListItem","position":3,"name":"IDENEL &#8211; Altum Peptide Solution Cream &#8211; o\u010dn\u00fd kr\u00e9m 20 ml"}]},{"@type":"WebSite","@id":"https:\/\/www.beautypristroje.sk\/#website","url":"https:\/\/www.beautypristroje.sk\/","name":"Beauty pr\u00edstroje","description":"Profesion\u00e1lne kozmetick\u00e9 pr\u00edstroje pre sal\u00f3ny a kliniky","potentialAction":[{"@type":"SearchAction","target":{"@type":"EntryPoint","urlTemplate":"https:\/\/www.beautypristroje.sk\/?s={search_term_string}"},"query-input":{"@type":"PropertyValueSpecification","valueRequired":true,"valueName":"search_term_string"}}],"inLanguage":"en-GB"}]}},"_links":{"self":[{"href":"https:\/\/www.beautypristroje.sk\/en\/wp-json\/wp\/v2\/product\/1032","targetHints":{"allow":["GET"]}}],"collection":[{"href":"https:\/\/www.beautypristroje.sk\/en\/wp-json\/wp\/v2\/product"}],"about":[{"href":"https:\/\/www.beautypristroje.sk\/en\/wp-json\/wp\/v2\/types\/product"}],"replies":[{"embeddable":true,"href":"https:\/\/www.beautypristroje.sk\/en\/wp-json\/wp\/v2\/comments?post=1032"}],"wp:featuredmedia":[{"embeddable":true,"href":"https:\/\/www.beautypristroje.sk\/en\/wp-json\/wp\/v2\/media\/1036"}],"wp:attachment":[{"href":"https:\/\/www.beautypristroje.sk\/en\/wp-json\/wp\/v2\/media?parent=1032"}],"wp:term":[{"taxonomy":"product_brand","embeddable":true,"href":"https:\/\/www.beautypristroje.sk\/en\/wp-json\/wp\/v2\/product_brand?post=1032"},{"taxonomy":"product_cat","embeddable":true,"href":"https:\/\/www.beautypristroje.sk\/en\/wp-json\/wp\/v2\/product_cat?post=1032"},{"taxonomy":"product_tag","embeddable":true,"href":"https:\/\/www.beautypristroje.sk\/en\/wp-json\/wp\/v2\/product_tag?post=1032"}],"curies":[{"name":"wp","href":"https:\/\/api.w.org\/{rel}","templated":true}]}}