{"id":1028,"date":"2025-07-24T10:46:27","date_gmt":"2025-07-24T08:46:27","guid":{"rendered":"https:\/\/www.beautypristroje.sk\/?post_type=product&#038;p=1028"},"modified":"2025-12-10T09:32:32","modified_gmt":"2025-12-10T08:32:32","slug":"idenel-intensive-mist-hydratacna-hmla-110-ml","status":"publish","type":"product","link":"https:\/\/www.beautypristroje.sk\/en\/product\/idenel-intensive-mist-hydratacna-hmla-110-ml\/","title":{"rendered":"IDENEL &#8211; Intensive Mist &#8211; hydrata\u010dn\u00e1 hmla 110 ml"},"content":{"rendered":"<p>V\u00fdrazne podporuje \u00fa\u010dinky Altum Peptide \u2013 v\u010faka svojmu zlo\u017eeniu maximalizuje \u00fa\u010dinky peptidov v pleti. Pom\u00e1ha tie\u017e regener\u00e1cii pleti, hoj\u00ed jazvi\u010dky po akn\u00e9, rozjas\u0148uje ju a dod\u00e1va tv\u00e1ri pocit vitality, omladenia a osvie\u017eenia.<\/p>\n<p>Antiage rozjas\u0148uj\u00faca peptidov\u00e1 hmla s inf\u00faziou kolag\u00e9nu pre zv\u00fd\u0161enie vitality poko\u017eky.<\/p>\n<p><strong>Ingrediencie, ktor\u00e9 m\u00e1me radi<\/strong><\/p>\n<p><strong>Glutati\u00f3n:<\/strong>\u00a0Maximalizuje \u00fa\u010dinky peptidov, rozjas\u0148uje mdl\u00fa ple\u0165, z\u00e1rove\u0148 ju obnovuje a zni\u017euje jazvy po akn\u00e9.<\/p>\n<p><strong>N\u00edzkomolekul\u00e1rny kolag\u00e9n:<\/strong>\u00a0Je lep\u0161ie vstrebate\u013en\u00fd, ne\u017e be\u017en\u00e9 kolag\u00e9nne peptidy a lep\u0161ie sa tak dostane do poko\u017eky, posil\u0148uje hydrat\u00e1ciu.<\/p>\n<p><strong>Hydrolyzovan\u00fd kolag\u00e9n:<\/strong>\u00a0Kolag\u00e9n, ktor\u00fd pre\u0161iel \u0161peci\u00e1lnym procesom hydrol\u00fdzy. Po\u010das neho sa v\u00e4\u010d\u0161ie molekuly rozkladaj\u00fa men\u0161ie dobre vstrebate\u013en\u00e9 fragmenty.<\/p>\n<p><strong>Extrakt zo zelen\u00e9ho \u010daju:<\/strong>\u00a0Obsahuje antioxidanty, ktor\u00e9 chr\u00e1nia poko\u017eku pred vonkaj\u0161\u00edmi vplyvmi.<\/p>\n<p><strong>Niac\u00ednamid:<\/strong>\u00a0Reguluje tvorbu ko\u017en\u00e9ho mazu, rozjas\u0148uje mdl\u00fd t\u00f3n pleti a zmat\u0148uje ne\u017eiaduci lesk.<\/p>\n<p><strong>Jazm\u00ednov\u00e1 ple\u0165ov\u00e1 voda:<\/strong>\u00a0Hydratuje a chr\u00e1ni ple\u0165 pred vysu\u0161en\u00edm, pom\u00e1ha vyhladzova\u0165 jemn\u00e9 vr\u00e1sky, rozjas\u0148uje ple\u0165, uzatv\u00e1ra roz\u0161\u00edren\u00e9 p\u00f3ry a zmier\u0148uje prejavy akn\u00e9 vr\u00e1tane za\u010dervenania a pnutia, funguje ako jemn\u00e9 tonikum.<\/p>\n<p><strong>Pou\u017eitie<\/strong><\/p>\n<p>Aplikuj po \u010disten\u00ed alebo kedyko\u013evek po\u010das d\u0148a.<\/p>","protected":false},"excerpt":{"rendered":"<p>Intenz\u00edvna ple\u0165ov\u00e1 hmla funguje ako omladzuj\u00faci booster, ktor\u00fd spev\u0148uje a revitalizuje ple\u0165.<\/p>","protected":false},"featured_media":1031,"comment_status":"open","ping_status":"closed","template":"","meta":{"_acf_changed":false},"product_brand":[76],"product_cat":[26],"product_tag":[],"class_list":{"0":"post-1028","1":"product","2":"type-product","3":"status-publish","4":"has-post-thumbnail","6":"product_brand-idenel","7":"product_cat-skincare-produkty","9":"first","10":"instock","11":"taxable","12":"shipping-taxable","13":"purchasable","14":"product-type-simple"},"acf":[],"yoast_head":"<!-- This site is optimized with the Yoast SEO plugin v27.5 - https:\/\/yoast.com\/product\/yoast-seo-wordpress\/ -->\n<title>IDENEL - Intensive Mist - hydrata\u010dn\u00e1 hmla 110 ml - Beauty pr\u00edstroje<\/title>\n<meta name=\"description\" content=\"IDENEL Intensive Mist 110 ml \u2013 hydrata\u010dn\u00e1 a anti-age hmla s peptidmi a kolag\u00e9nom. Rozjas\u0148uje ple\u0165, hoj\u00ed jazvi\u010dky a podporuje jej regener\u00e1ciu.\" \/>\n<meta name=\"robots\" content=\"index, follow, max-snippet:-1, max-image-preview:large, max-video-preview:-1\" \/>\n<link rel=\"canonical\" href=\"https:\/\/www.beautypristroje.sk\/en\/product\/idenel-intensive-mist-hydratacna-hmla-110-ml\/\" \/>\n<meta property=\"og:locale\" content=\"en_GB\" \/>\n<meta property=\"og:type\" content=\"article\" \/>\n<meta property=\"og:title\" content=\"IDENEL - Intensive Mist - hydrata\u010dn\u00e1 hmla 110 ml - Beauty pr\u00edstroje\" \/>\n<meta property=\"og:description\" content=\"IDENEL Intensive Mist 110 ml \u2013 hydrata\u010dn\u00e1 a anti-age hmla s peptidmi a kolag\u00e9nom. Rozjas\u0148uje ple\u0165, hoj\u00ed jazvi\u010dky a podporuje jej regener\u00e1ciu.\" \/>\n<meta property=\"og:url\" content=\"https:\/\/www.beautypristroje.sk\/en\/product\/idenel-intensive-mist-hydratacna-hmla-110-ml\/\" \/>\n<meta property=\"og:site_name\" content=\"Beauty pr\u00edstroje\" \/>\n<meta property=\"article:modified_time\" content=\"2025-12-10T08:32:32+00:00\" \/>\n<meta property=\"og:image\" content=\"https:\/\/www.beautypristroje.sk\/wp-content\/uploads\/2025\/07\/idenel-intensive-mist-hydratacna-hmla-110-ml.webp\" \/>\n\t<meta property=\"og:image:width\" content=\"800\" \/>\n\t<meta property=\"og:image:height\" content=\"800\" \/>\n\t<meta property=\"og:image:type\" content=\"image\/webp\" \/>\n<meta name=\"twitter:card\" content=\"summary_large_image\" \/>\n<meta name=\"twitter:label1\" content=\"Estimated reading time\" \/>\n\t<meta name=\"twitter:data1\" content=\"2 minutes\" \/>\n<script type=\"application\/ld+json\" class=\"yoast-schema-graph\">{\"@context\":\"https:\\\/\\\/schema.org\",\"@graph\":[{\"@type\":\"WebPage\",\"@id\":\"https:\\\/\\\/www.beautypristroje.sk\\\/produkt\\\/idenel-intensive-mist-hydratacna-hmla-110-ml\\\/\",\"url\":\"https:\\\/\\\/www.beautypristroje.sk\\\/produkt\\\/idenel-intensive-mist-hydratacna-hmla-110-ml\\\/\",\"name\":\"IDENEL - Intensive Mist - hydrata\u010dn\u00e1 hmla 110 ml - Beauty pr\u00edstroje\",\"isPartOf\":{\"@id\":\"https:\\\/\\\/www.beautypristroje.sk\\\/#website\"},\"primaryImageOfPage\":{\"@id\":\"https:\\\/\\\/www.beautypristroje.sk\\\/produkt\\\/idenel-intensive-mist-hydratacna-hmla-110-ml\\\/#primaryimage\"},\"image\":{\"@id\":\"https:\\\/\\\/www.beautypristroje.sk\\\/produkt\\\/idenel-intensive-mist-hydratacna-hmla-110-ml\\\/#primaryimage\"},\"thumbnailUrl\":\"https:\\\/\\\/www.beautypristroje.sk\\\/wp-content\\\/uploads\\\/2025\\\/07\\\/idenel-intensive-mist-hydratacna-hmla-110-ml.webp\",\"datePublished\":\"2025-07-24T08:46:27+00:00\",\"dateModified\":\"2025-12-10T08:32:32+00:00\",\"description\":\"IDENEL Intensive Mist 110 ml \u2013 hydrata\u010dn\u00e1 a anti-age hmla s peptidmi a kolag\u00e9nom. Rozjas\u0148uje ple\u0165, hoj\u00ed jazvi\u010dky a podporuje jej regener\u00e1ciu.\",\"breadcrumb\":{\"@id\":\"https:\\\/\\\/www.beautypristroje.sk\\\/produkt\\\/idenel-intensive-mist-hydratacna-hmla-110-ml\\\/#breadcrumb\"},\"inLanguage\":\"en-GB\",\"potentialAction\":[{\"@type\":\"ReadAction\",\"target\":[\"https:\\\/\\\/www.beautypristroje.sk\\\/produkt\\\/idenel-intensive-mist-hydratacna-hmla-110-ml\\\/\"]}]},{\"@type\":\"ImageObject\",\"inLanguage\":\"en-GB\",\"@id\":\"https:\\\/\\\/www.beautypristroje.sk\\\/produkt\\\/idenel-intensive-mist-hydratacna-hmla-110-ml\\\/#primaryimage\",\"url\":\"https:\\\/\\\/www.beautypristroje.sk\\\/wp-content\\\/uploads\\\/2025\\\/07\\\/idenel-intensive-mist-hydratacna-hmla-110-ml.webp\",\"contentUrl\":\"https:\\\/\\\/www.beautypristroje.sk\\\/wp-content\\\/uploads\\\/2025\\\/07\\\/idenel-intensive-mist-hydratacna-hmla-110-ml.webp\",\"width\":800,\"height\":800,\"caption\":\"IDENEL Intensive Mist 110 ml \u2013 hydrata\u010dn\u00e1 peptidov\u00e1 hmla s kolag\u00e9nom na rozjasnenie, regener\u00e1ciu a podporu vitality pleti\"},{\"@type\":\"BreadcrumbList\",\"@id\":\"https:\\\/\\\/www.beautypristroje.sk\\\/produkt\\\/idenel-intensive-mist-hydratacna-hmla-110-ml\\\/#breadcrumb\",\"itemListElement\":[{\"@type\":\"ListItem\",\"position\":1,\"name\":\"Domovsk\u00e1 str\u00e1nka\",\"item\":\"https:\\\/\\\/www.beautypristroje.sk\\\/\"},{\"@type\":\"ListItem\",\"position\":2,\"name\":\"Obchod\",\"item\":\"https:\\\/\\\/www.beautypristroje.sk\\\/obchod\\\/\"},{\"@type\":\"ListItem\",\"position\":3,\"name\":\"IDENEL &#8211; Intensive Mist &#8211; hydrata\u010dn\u00e1 hmla 110 ml\"}]},{\"@type\":\"WebSite\",\"@id\":\"https:\\\/\\\/www.beautypristroje.sk\\\/#website\",\"url\":\"https:\\\/\\\/www.beautypristroje.sk\\\/\",\"name\":\"Beauty pr\u00edstroje\",\"description\":\"Profesion\u00e1lne kozmetick\u00e9 pr\u00edstroje pre sal\u00f3ny a kliniky\",\"potentialAction\":[{\"@type\":\"SearchAction\",\"target\":{\"@type\":\"EntryPoint\",\"urlTemplate\":\"https:\\\/\\\/www.beautypristroje.sk\\\/?s={search_term_string}\"},\"query-input\":{\"@type\":\"PropertyValueSpecification\",\"valueRequired\":true,\"valueName\":\"search_term_string\"}}],\"inLanguage\":\"en-GB\"}]}<\/script>\n<!-- \/ Yoast SEO plugin. -->","yoast_head_json":{"title":"IDENEL - Intensive Mist - hydrata\u010dn\u00e1 hmla 110 ml - Beauty pr\u00edstroje","description":"IDENEL Intensive Mist 110 ml \u2013 hydrata\u010dn\u00e1 a anti-age hmla s peptidmi a kolag\u00e9nom. Rozjas\u0148uje ple\u0165, hoj\u00ed jazvi\u010dky a podporuje jej regener\u00e1ciu.","robots":{"index":"index","follow":"follow","max-snippet":"max-snippet:-1","max-image-preview":"max-image-preview:large","max-video-preview":"max-video-preview:-1"},"canonical":"https:\/\/www.beautypristroje.sk\/en\/product\/idenel-intensive-mist-hydratacna-hmla-110-ml\/","og_locale":"en_GB","og_type":"article","og_title":"IDENEL - Intensive Mist - hydrata\u010dn\u00e1 hmla 110 ml - Beauty pr\u00edstroje","og_description":"IDENEL Intensive Mist 110 ml \u2013 hydrata\u010dn\u00e1 a anti-age hmla s peptidmi a kolag\u00e9nom. Rozjas\u0148uje ple\u0165, hoj\u00ed jazvi\u010dky a podporuje jej regener\u00e1ciu.","og_url":"https:\/\/www.beautypristroje.sk\/en\/product\/idenel-intensive-mist-hydratacna-hmla-110-ml\/","og_site_name":"Beauty pr\u00edstroje","article_modified_time":"2025-12-10T08:32:32+00:00","og_image":[{"width":800,"height":800,"url":"https:\/\/www.beautypristroje.sk\/wp-content\/uploads\/2025\/07\/idenel-intensive-mist-hydratacna-hmla-110-ml.webp","type":"image\/webp"}],"twitter_card":"summary_large_image","twitter_misc":{"Estimated reading time":"2 minutes"},"schema":{"@context":"https:\/\/schema.org","@graph":[{"@type":"WebPage","@id":"https:\/\/www.beautypristroje.sk\/produkt\/idenel-intensive-mist-hydratacna-hmla-110-ml\/","url":"https:\/\/www.beautypristroje.sk\/produkt\/idenel-intensive-mist-hydratacna-hmla-110-ml\/","name":"IDENEL - Intensive Mist - hydrata\u010dn\u00e1 hmla 110 ml - Beauty pr\u00edstroje","isPartOf":{"@id":"https:\/\/www.beautypristroje.sk\/#website"},"primaryImageOfPage":{"@id":"https:\/\/www.beautypristroje.sk\/produkt\/idenel-intensive-mist-hydratacna-hmla-110-ml\/#primaryimage"},"image":{"@id":"https:\/\/www.beautypristroje.sk\/produkt\/idenel-intensive-mist-hydratacna-hmla-110-ml\/#primaryimage"},"thumbnailUrl":"https:\/\/www.beautypristroje.sk\/wp-content\/uploads\/2025\/07\/idenel-intensive-mist-hydratacna-hmla-110-ml.webp","datePublished":"2025-07-24T08:46:27+00:00","dateModified":"2025-12-10T08:32:32+00:00","description":"IDENEL Intensive Mist 110 ml \u2013 hydrata\u010dn\u00e1 a anti-age hmla s peptidmi a kolag\u00e9nom. Rozjas\u0148uje ple\u0165, hoj\u00ed jazvi\u010dky a podporuje jej regener\u00e1ciu.","breadcrumb":{"@id":"https:\/\/www.beautypristroje.sk\/produkt\/idenel-intensive-mist-hydratacna-hmla-110-ml\/#breadcrumb"},"inLanguage":"en-GB","potentialAction":[{"@type":"ReadAction","target":["https:\/\/www.beautypristroje.sk\/produkt\/idenel-intensive-mist-hydratacna-hmla-110-ml\/"]}]},{"@type":"ImageObject","inLanguage":"en-GB","@id":"https:\/\/www.beautypristroje.sk\/produkt\/idenel-intensive-mist-hydratacna-hmla-110-ml\/#primaryimage","url":"https:\/\/www.beautypristroje.sk\/wp-content\/uploads\/2025\/07\/idenel-intensive-mist-hydratacna-hmla-110-ml.webp","contentUrl":"https:\/\/www.beautypristroje.sk\/wp-content\/uploads\/2025\/07\/idenel-intensive-mist-hydratacna-hmla-110-ml.webp","width":800,"height":800,"caption":"IDENEL Intensive Mist 110 ml \u2013 hydrata\u010dn\u00e1 peptidov\u00e1 hmla s kolag\u00e9nom na rozjasnenie, regener\u00e1ciu a podporu vitality pleti"},{"@type":"BreadcrumbList","@id":"https:\/\/www.beautypristroje.sk\/produkt\/idenel-intensive-mist-hydratacna-hmla-110-ml\/#breadcrumb","itemListElement":[{"@type":"ListItem","position":1,"name":"Domovsk\u00e1 str\u00e1nka","item":"https:\/\/www.beautypristroje.sk\/"},{"@type":"ListItem","position":2,"name":"Obchod","item":"https:\/\/www.beautypristroje.sk\/obchod\/"},{"@type":"ListItem","position":3,"name":"IDENEL &#8211; Intensive Mist &#8211; hydrata\u010dn\u00e1 hmla 110 ml"}]},{"@type":"WebSite","@id":"https:\/\/www.beautypristroje.sk\/#website","url":"https:\/\/www.beautypristroje.sk\/","name":"Beauty pr\u00edstroje","description":"Profesion\u00e1lne kozmetick\u00e9 pr\u00edstroje pre sal\u00f3ny a kliniky","potentialAction":[{"@type":"SearchAction","target":{"@type":"EntryPoint","urlTemplate":"https:\/\/www.beautypristroje.sk\/?s={search_term_string}"},"query-input":{"@type":"PropertyValueSpecification","valueRequired":true,"valueName":"search_term_string"}}],"inLanguage":"en-GB"}]}},"_links":{"self":[{"href":"https:\/\/www.beautypristroje.sk\/en\/wp-json\/wp\/v2\/product\/1028","targetHints":{"allow":["GET"]}}],"collection":[{"href":"https:\/\/www.beautypristroje.sk\/en\/wp-json\/wp\/v2\/product"}],"about":[{"href":"https:\/\/www.beautypristroje.sk\/en\/wp-json\/wp\/v2\/types\/product"}],"replies":[{"embeddable":true,"href":"https:\/\/www.beautypristroje.sk\/en\/wp-json\/wp\/v2\/comments?post=1028"}],"wp:featuredmedia":[{"embeddable":true,"href":"https:\/\/www.beautypristroje.sk\/en\/wp-json\/wp\/v2\/media\/1031"}],"wp:attachment":[{"href":"https:\/\/www.beautypristroje.sk\/en\/wp-json\/wp\/v2\/media?parent=1028"}],"wp:term":[{"taxonomy":"product_brand","embeddable":true,"href":"https:\/\/www.beautypristroje.sk\/en\/wp-json\/wp\/v2\/product_brand?post=1028"},{"taxonomy":"product_cat","embeddable":true,"href":"https:\/\/www.beautypristroje.sk\/en\/wp-json\/wp\/v2\/product_cat?post=1028"},{"taxonomy":"product_tag","embeddable":true,"href":"https:\/\/www.beautypristroje.sk\/en\/wp-json\/wp\/v2\/product_tag?post=1028"}],"curies":[{"name":"wp","href":"https:\/\/api.w.org\/{rel}","templated":true}]}}