{"id":1021,"date":"2025-07-24T10:44:18","date_gmt":"2025-07-24T08:44:18","guid":{"rendered":"https:\/\/www.beautypristroje.sk\/?post_type=product&#038;p=1021"},"modified":"2025-12-10T09:32:51","modified_gmt":"2025-12-10T08:32:51","slug":"idenel-brightening-skin-vyrovnavajuci-a-zjednocujuci-toner-200-ml","status":"publish","type":"product","link":"https:\/\/www.beautypristroje.sk\/en\/product\/idenel-brightening-skin-vyrovnavajuci-a-zjednocujuci-toner-200-ml\/","title":{"rendered":"IDENEL &#8211; Brightening Skin &#8211; vyrovn\u00e1vaj\u00faci a zjednocuj\u00faci toner 200 ml"},"content":{"rendered":"<p>Vyrovn\u00e1vacie tonikum ple\u0165 perfektne priprav\u00ed na aplik\u00e1ciu Altum Peptide. V\u010faka jeho \u0161peci\u00e1lnemu zlo\u017eeniu bud\u00fa ma\u0165 peptidy v\u00fdrazne vy\u0161\u0161iu \u00fa\u010dinnos\u0165. Z\u00e1rove\u0148 sa o ple\u0165 \u0161etrne star\u00e1, regeneruje ju a dod\u00e1va tv\u00e1ri mladistv\u00fd glow vzh\u013ead. Vyrovn\u00e1va pH pleti.<\/p>\n<p>Protivr\u00e1skov\u00e9 rozjas\u0148uj\u00face hydrata\u010dn\u00e9 ple\u0165ov\u00e9 tonikum na zmatnenie pleti.<\/p>\n<p><strong>Ingrediencie, ktor\u00e9 m\u00e1me radi<\/strong><\/p>\n<p><strong>Glutati\u00f3n:<\/strong>\u00a0Maximalizuje \u00fa\u010dinky peptidov, rozjas\u0148uje mdl\u00fa ple\u0165, z\u00e1rove\u0148 ju obnovuje a zmier\u0148uje jazvy po akn\u00e9.<\/p>\n<p><strong>Kyselina tranexamov\u00e1<\/strong>: Rozjas\u0148uje t\u00f3n pleti, eliminuje pigmentov\u00e9 \u0161kvrny bez toho, aby ple\u0165 podr\u00e1\u017edila.<\/p>\n<p><strong>Niac\u00ednamid:<\/strong>\u00a0Reguluje tvorbu ko\u017en\u00e9ho mazu, rozjas\u0148uje mdl\u00fd t\u00f3n pleti a zmat\u0148uje ne\u017eiaduci lesk.<\/p>\n<p><strong>Pou\u017eitie<\/strong><\/p>\n<p>Po o\u010disten\u00ed pleti daj toner do dlan\u00ed a jemne ho vklep do poko\u017eky, k\u00fdm sa jeho \u013eahk\u00e1 vodov\u00e1 text\u00fara nevstrebe. Odpor\u00fa\u010dame pou\u017e\u00edva\u0165 toner v\u017edy pred aplik\u00e1ciou Revitaliza\u010dn\u00e9ho vy\u017eivuj\u00faceho kr\u00e9mu.<\/p>","protected":false},"excerpt":{"rendered":"<p>Vyrovn\u00e1vac\u00ed toner ple\u0165 perfektne priprav\u00ed na aplik\u00e1ciu Altum Peptide.<\/p>","protected":false},"featured_media":1027,"comment_status":"open","ping_status":"closed","template":"","meta":{"_acf_changed":false},"product_brand":[76],"product_cat":[75,26],"product_tag":[],"class_list":{"0":"post-1021","1":"product","2":"type-product","3":"status-publish","4":"has-post-thumbnail","6":"product_brand-idenel","7":"product_cat-kremy-a-sera","8":"product_cat-skincare-produkty","10":"first","11":"instock","12":"taxable","13":"shipping-taxable","14":"purchasable","15":"product-type-simple"},"acf":[],"yoast_head":"<!-- This site is optimized with the Yoast SEO plugin v27.5 - https:\/\/yoast.com\/product\/yoast-seo-wordpress\/ -->\n<title>IDENEL - Brightening Skin - vyrovn\u00e1vaj\u00faci a zjednocuj\u00faci toner 200 ml - Beauty pr\u00edstroje<\/title>\n<meta name=\"description\" content=\"IDENEL Brightening Skin 200 ml \u2013 vyrovn\u00e1vaj\u00faci toner s peptidmi, glutati\u00f3nom a niac\u00ednamidom. Rozjas\u0148uje ple\u0165 a pripravuje ju na regener\u00e1ciu.\" \/>\n<meta name=\"robots\" content=\"index, follow, max-snippet:-1, max-image-preview:large, max-video-preview:-1\" \/>\n<link rel=\"canonical\" href=\"https:\/\/www.beautypristroje.sk\/en\/product\/idenel-brightening-skin-vyrovnavajuci-a-zjednocujuci-toner-200-ml\/\" \/>\n<meta property=\"og:locale\" content=\"en_GB\" \/>\n<meta property=\"og:type\" content=\"article\" \/>\n<meta property=\"og:title\" content=\"IDENEL - Brightening Skin - vyrovn\u00e1vaj\u00faci a zjednocuj\u00faci toner 200 ml - Beauty pr\u00edstroje\" \/>\n<meta property=\"og:description\" content=\"IDENEL Brightening Skin 200 ml \u2013 vyrovn\u00e1vaj\u00faci toner s peptidmi, glutati\u00f3nom a niac\u00ednamidom. Rozjas\u0148uje ple\u0165 a pripravuje ju na regener\u00e1ciu.\" \/>\n<meta property=\"og:url\" content=\"https:\/\/www.beautypristroje.sk\/en\/product\/idenel-brightening-skin-vyrovnavajuci-a-zjednocujuci-toner-200-ml\/\" \/>\n<meta property=\"og:site_name\" content=\"Beauty pr\u00edstroje\" \/>\n<meta property=\"article:modified_time\" content=\"2025-12-10T08:32:51+00:00\" \/>\n<meta property=\"og:image\" content=\"https:\/\/www.beautypristroje.sk\/wp-content\/uploads\/2025\/07\/idenel-brightening-skin-vyrovnavaci-a-zjednocujuci-toner-200-ml.webp\" \/>\n\t<meta property=\"og:image:width\" content=\"800\" \/>\n\t<meta property=\"og:image:height\" content=\"800\" \/>\n\t<meta property=\"og:image:type\" content=\"image\/webp\" \/>\n<meta name=\"twitter:card\" content=\"summary_large_image\" \/>\n<meta name=\"twitter:label1\" content=\"Estimated reading time\" \/>\n\t<meta name=\"twitter:data1\" content=\"1 minute\" \/>\n<script type=\"application\/ld+json\" class=\"yoast-schema-graph\">{\"@context\":\"https:\\\/\\\/schema.org\",\"@graph\":[{\"@type\":\"WebPage\",\"@id\":\"https:\\\/\\\/www.beautypristroje.sk\\\/produkt\\\/idenel-brightening-skin-vyrovnavajuci-a-zjednocujuci-toner-200-ml\\\/\",\"url\":\"https:\\\/\\\/www.beautypristroje.sk\\\/produkt\\\/idenel-brightening-skin-vyrovnavajuci-a-zjednocujuci-toner-200-ml\\\/\",\"name\":\"IDENEL - Brightening Skin - vyrovn\u00e1vaj\u00faci a zjednocuj\u00faci toner 200 ml - Beauty pr\u00edstroje\",\"isPartOf\":{\"@id\":\"https:\\\/\\\/www.beautypristroje.sk\\\/#website\"},\"primaryImageOfPage\":{\"@id\":\"https:\\\/\\\/www.beautypristroje.sk\\\/produkt\\\/idenel-brightening-skin-vyrovnavajuci-a-zjednocujuci-toner-200-ml\\\/#primaryimage\"},\"image\":{\"@id\":\"https:\\\/\\\/www.beautypristroje.sk\\\/produkt\\\/idenel-brightening-skin-vyrovnavajuci-a-zjednocujuci-toner-200-ml\\\/#primaryimage\"},\"thumbnailUrl\":\"https:\\\/\\\/www.beautypristroje.sk\\\/wp-content\\\/uploads\\\/2025\\\/07\\\/idenel-brightening-skin-vyrovnavaci-a-zjednocujuci-toner-200-ml.webp\",\"datePublished\":\"2025-07-24T08:44:18+00:00\",\"dateModified\":\"2025-12-10T08:32:51+00:00\",\"description\":\"IDENEL Brightening Skin 200 ml \u2013 vyrovn\u00e1vaj\u00faci toner s peptidmi, glutati\u00f3nom a niac\u00ednamidom. Rozjas\u0148uje ple\u0165 a pripravuje ju na regener\u00e1ciu.\",\"breadcrumb\":{\"@id\":\"https:\\\/\\\/www.beautypristroje.sk\\\/produkt\\\/idenel-brightening-skin-vyrovnavajuci-a-zjednocujuci-toner-200-ml\\\/#breadcrumb\"},\"inLanguage\":\"en-GB\",\"potentialAction\":[{\"@type\":\"ReadAction\",\"target\":[\"https:\\\/\\\/www.beautypristroje.sk\\\/produkt\\\/idenel-brightening-skin-vyrovnavajuci-a-zjednocujuci-toner-200-ml\\\/\"]}]},{\"@type\":\"ImageObject\",\"inLanguage\":\"en-GB\",\"@id\":\"https:\\\/\\\/www.beautypristroje.sk\\\/produkt\\\/idenel-brightening-skin-vyrovnavajuci-a-zjednocujuci-toner-200-ml\\\/#primaryimage\",\"url\":\"https:\\\/\\\/www.beautypristroje.sk\\\/wp-content\\\/uploads\\\/2025\\\/07\\\/idenel-brightening-skin-vyrovnavaci-a-zjednocujuci-toner-200-ml.webp\",\"contentUrl\":\"https:\\\/\\\/www.beautypristroje.sk\\\/wp-content\\\/uploads\\\/2025\\\/07\\\/idenel-brightening-skin-vyrovnavaci-a-zjednocujuci-toner-200-ml.webp\",\"width\":800,\"height\":800,\"caption\":\"IDENEL Brightening Skin 200 ml \u2013 vyrovn\u00e1vaj\u00faci a rozjas\u0148uj\u00faci toner s peptidmi a glutati\u00f3nom na mladistv\u00fd vzh\u013ead pleti\"},{\"@type\":\"BreadcrumbList\",\"@id\":\"https:\\\/\\\/www.beautypristroje.sk\\\/produkt\\\/idenel-brightening-skin-vyrovnavajuci-a-zjednocujuci-toner-200-ml\\\/#breadcrumb\",\"itemListElement\":[{\"@type\":\"ListItem\",\"position\":1,\"name\":\"Domovsk\u00e1 str\u00e1nka\",\"item\":\"https:\\\/\\\/www.beautypristroje.sk\\\/\"},{\"@type\":\"ListItem\",\"position\":2,\"name\":\"Obchod\",\"item\":\"https:\\\/\\\/www.beautypristroje.sk\\\/obchod\\\/\"},{\"@type\":\"ListItem\",\"position\":3,\"name\":\"IDENEL &#8211; Brightening Skin &#8211; vyrovn\u00e1vaj\u00faci a zjednocuj\u00faci toner 200 ml\"}]},{\"@type\":\"WebSite\",\"@id\":\"https:\\\/\\\/www.beautypristroje.sk\\\/#website\",\"url\":\"https:\\\/\\\/www.beautypristroje.sk\\\/\",\"name\":\"Beauty pr\u00edstroje\",\"description\":\"Profesion\u00e1lne kozmetick\u00e9 pr\u00edstroje pre sal\u00f3ny a kliniky\",\"potentialAction\":[{\"@type\":\"SearchAction\",\"target\":{\"@type\":\"EntryPoint\",\"urlTemplate\":\"https:\\\/\\\/www.beautypristroje.sk\\\/?s={search_term_string}\"},\"query-input\":{\"@type\":\"PropertyValueSpecification\",\"valueRequired\":true,\"valueName\":\"search_term_string\"}}],\"inLanguage\":\"en-GB\"}]}<\/script>\n<!-- \/ Yoast SEO plugin. -->","yoast_head_json":{"title":"IDENEL - Brightening Skin - vyrovn\u00e1vaj\u00faci a zjednocuj\u00faci toner 200 ml - Beauty pr\u00edstroje","description":"IDENEL Brightening Skin 200 ml \u2013 vyrovn\u00e1vaj\u00faci toner s peptidmi, glutati\u00f3nom a niac\u00ednamidom. Rozjas\u0148uje ple\u0165 a pripravuje ju na regener\u00e1ciu.","robots":{"index":"index","follow":"follow","max-snippet":"max-snippet:-1","max-image-preview":"max-image-preview:large","max-video-preview":"max-video-preview:-1"},"canonical":"https:\/\/www.beautypristroje.sk\/en\/product\/idenel-brightening-skin-vyrovnavajuci-a-zjednocujuci-toner-200-ml\/","og_locale":"en_GB","og_type":"article","og_title":"IDENEL - Brightening Skin - vyrovn\u00e1vaj\u00faci a zjednocuj\u00faci toner 200 ml - Beauty pr\u00edstroje","og_description":"IDENEL Brightening Skin 200 ml \u2013 vyrovn\u00e1vaj\u00faci toner s peptidmi, glutati\u00f3nom a niac\u00ednamidom. Rozjas\u0148uje ple\u0165 a pripravuje ju na regener\u00e1ciu.","og_url":"https:\/\/www.beautypristroje.sk\/en\/product\/idenel-brightening-skin-vyrovnavajuci-a-zjednocujuci-toner-200-ml\/","og_site_name":"Beauty pr\u00edstroje","article_modified_time":"2025-12-10T08:32:51+00:00","og_image":[{"width":800,"height":800,"url":"https:\/\/www.beautypristroje.sk\/wp-content\/uploads\/2025\/07\/idenel-brightening-skin-vyrovnavaci-a-zjednocujuci-toner-200-ml.webp","type":"image\/webp"}],"twitter_card":"summary_large_image","twitter_misc":{"Estimated reading time":"1 minute"},"schema":{"@context":"https:\/\/schema.org","@graph":[{"@type":"WebPage","@id":"https:\/\/www.beautypristroje.sk\/produkt\/idenel-brightening-skin-vyrovnavajuci-a-zjednocujuci-toner-200-ml\/","url":"https:\/\/www.beautypristroje.sk\/produkt\/idenel-brightening-skin-vyrovnavajuci-a-zjednocujuci-toner-200-ml\/","name":"IDENEL - Brightening Skin - vyrovn\u00e1vaj\u00faci a zjednocuj\u00faci toner 200 ml - Beauty pr\u00edstroje","isPartOf":{"@id":"https:\/\/www.beautypristroje.sk\/#website"},"primaryImageOfPage":{"@id":"https:\/\/www.beautypristroje.sk\/produkt\/idenel-brightening-skin-vyrovnavajuci-a-zjednocujuci-toner-200-ml\/#primaryimage"},"image":{"@id":"https:\/\/www.beautypristroje.sk\/produkt\/idenel-brightening-skin-vyrovnavajuci-a-zjednocujuci-toner-200-ml\/#primaryimage"},"thumbnailUrl":"https:\/\/www.beautypristroje.sk\/wp-content\/uploads\/2025\/07\/idenel-brightening-skin-vyrovnavaci-a-zjednocujuci-toner-200-ml.webp","datePublished":"2025-07-24T08:44:18+00:00","dateModified":"2025-12-10T08:32:51+00:00","description":"IDENEL Brightening Skin 200 ml \u2013 vyrovn\u00e1vaj\u00faci toner s peptidmi, glutati\u00f3nom a niac\u00ednamidom. Rozjas\u0148uje ple\u0165 a pripravuje ju na regener\u00e1ciu.","breadcrumb":{"@id":"https:\/\/www.beautypristroje.sk\/produkt\/idenel-brightening-skin-vyrovnavajuci-a-zjednocujuci-toner-200-ml\/#breadcrumb"},"inLanguage":"en-GB","potentialAction":[{"@type":"ReadAction","target":["https:\/\/www.beautypristroje.sk\/produkt\/idenel-brightening-skin-vyrovnavajuci-a-zjednocujuci-toner-200-ml\/"]}]},{"@type":"ImageObject","inLanguage":"en-GB","@id":"https:\/\/www.beautypristroje.sk\/produkt\/idenel-brightening-skin-vyrovnavajuci-a-zjednocujuci-toner-200-ml\/#primaryimage","url":"https:\/\/www.beautypristroje.sk\/wp-content\/uploads\/2025\/07\/idenel-brightening-skin-vyrovnavaci-a-zjednocujuci-toner-200-ml.webp","contentUrl":"https:\/\/www.beautypristroje.sk\/wp-content\/uploads\/2025\/07\/idenel-brightening-skin-vyrovnavaci-a-zjednocujuci-toner-200-ml.webp","width":800,"height":800,"caption":"IDENEL Brightening Skin 200 ml \u2013 vyrovn\u00e1vaj\u00faci a rozjas\u0148uj\u00faci toner s peptidmi a glutati\u00f3nom na mladistv\u00fd vzh\u013ead pleti"},{"@type":"BreadcrumbList","@id":"https:\/\/www.beautypristroje.sk\/produkt\/idenel-brightening-skin-vyrovnavajuci-a-zjednocujuci-toner-200-ml\/#breadcrumb","itemListElement":[{"@type":"ListItem","position":1,"name":"Domovsk\u00e1 str\u00e1nka","item":"https:\/\/www.beautypristroje.sk\/"},{"@type":"ListItem","position":2,"name":"Obchod","item":"https:\/\/www.beautypristroje.sk\/obchod\/"},{"@type":"ListItem","position":3,"name":"IDENEL &#8211; Brightening Skin &#8211; vyrovn\u00e1vaj\u00faci a zjednocuj\u00faci toner 200 ml"}]},{"@type":"WebSite","@id":"https:\/\/www.beautypristroje.sk\/#website","url":"https:\/\/www.beautypristroje.sk\/","name":"Beauty pr\u00edstroje","description":"Profesion\u00e1lne kozmetick\u00e9 pr\u00edstroje pre sal\u00f3ny a kliniky","potentialAction":[{"@type":"SearchAction","target":{"@type":"EntryPoint","urlTemplate":"https:\/\/www.beautypristroje.sk\/?s={search_term_string}"},"query-input":{"@type":"PropertyValueSpecification","valueRequired":true,"valueName":"search_term_string"}}],"inLanguage":"en-GB"}]}},"_links":{"self":[{"href":"https:\/\/www.beautypristroje.sk\/en\/wp-json\/wp\/v2\/product\/1021","targetHints":{"allow":["GET"]}}],"collection":[{"href":"https:\/\/www.beautypristroje.sk\/en\/wp-json\/wp\/v2\/product"}],"about":[{"href":"https:\/\/www.beautypristroje.sk\/en\/wp-json\/wp\/v2\/types\/product"}],"replies":[{"embeddable":true,"href":"https:\/\/www.beautypristroje.sk\/en\/wp-json\/wp\/v2\/comments?post=1021"}],"wp:featuredmedia":[{"embeddable":true,"href":"https:\/\/www.beautypristroje.sk\/en\/wp-json\/wp\/v2\/media\/1027"}],"wp:attachment":[{"href":"https:\/\/www.beautypristroje.sk\/en\/wp-json\/wp\/v2\/media?parent=1021"}],"wp:term":[{"taxonomy":"product_brand","embeddable":true,"href":"https:\/\/www.beautypristroje.sk\/en\/wp-json\/wp\/v2\/product_brand?post=1021"},{"taxonomy":"product_cat","embeddable":true,"href":"https:\/\/www.beautypristroje.sk\/en\/wp-json\/wp\/v2\/product_cat?post=1021"},{"taxonomy":"product_tag","embeddable":true,"href":"https:\/\/www.beautypristroje.sk\/en\/wp-json\/wp\/v2\/product_tag?post=1021"}],"curies":[{"name":"wp","href":"https:\/\/api.w.org\/{rel}","templated":true}]}}