{"id":1017,"date":"2025-07-24T10:41:56","date_gmt":"2025-07-24T08:41:56","guid":{"rendered":"https:\/\/www.beautypristroje.sk\/?post_type=product&#038;p=1017"},"modified":"2025-12-10T09:36:23","modified_gmt":"2025-12-10T08:36:23","slug":"idenel-intensive-daily-sun-serum-serum-na-ochranu-pokozky-spf50-pa-55-ml","status":"publish","type":"product","link":"https:\/\/www.beautypristroje.sk\/en\/product\/idenel-intensive-daily-sun-serum-serum-na-ochranu-pokozky-spf50-pa-55-ml\/","title":{"rendered":"IDENEL &#8211; Intensive Daily Sun Serum &#8211; s\u00e9rum na ochranu poko\u017eky SPF50+\/PA++++ 55 ml"},"content":{"rendered":"<p>Ple\u0165ov\u00e9 s\u00e9rum zlep\u0161uje vstreb\u00e1vanie akt\u00edvnych zlo\u017eiek poko\u017eky a ochranu pred slnkom prostredn\u00edctvom technol\u00f3gie zapuzdrenia. V\u010faka b\u00e1ze obsahuj\u00facej viac ako 50% vlhkosti poskytuje nielen ochranu pred slnkom, ale aj svie\u017ei a hydrata\u010dn\u00fd pocit, akon\u00e1hle je nanesen\u00fd na poko\u017eku. Siln\u00e1 a \u00fa\u010dinn\u00e1 ochrana proti \u0161kodliv\u00e9mu UV \u017eiareniu. Star\u00e1 sa o poko\u017eku, dod\u00e1va ju hydrat\u00e1ciu, upokojuje. Vhodn\u00e9 aj pre citliv\u00fa ple\u0165. Ochrann\u00fd faktor s PA++++<\/p>\n<p>Ochrana proti modr\u00e9mu svetlu: Obsahuje zlo\u017eky, ktor\u00e9 \u00fa\u010dinne chr\u00e1nia poko\u017eku z modr\u00e9ho svetla.<\/p>\n<p><strong>Ingrediencie, ktor\u00e9 m\u00e1me radi<\/strong><\/p>\n<p><strong>PDRN:<\/strong>\u00a0Polydeoxyribonucleotide &#8211; absol\u00fatna novinka v omladzovan\u00ed pleti.<\/p>\n<p><strong>Glutati\u00f3n:<\/strong>\u00a0Jeden z najsilnej\u0161\u00edch a naj\u00fa\u010dinnej\u0161\u00edch antioxidantov.<\/p>\n<p><strong>Pantenol:<\/strong>\u00a0Ten najlep\u0161\u00ed z\u00e1chranca pri sp\u00e1len\u00ed slnie\u010dkom.<\/p>\n<p><strong>Ceramid:<\/strong>\u00a0O\u0161etrenie suchej a citlivej poko\u017eky.<\/p>\n<p><strong>Niac\u00ednamid:<\/strong>\u00a0Podporuje tvorbu kolag\u00e9nu. Pom\u00e1ha zmen\u0161ova\u0165 roz\u0161\u00edren\u00e9 p\u00f3ry. Navracia pleti hydrat\u00e1ciu.<\/p>\n<p><strong>Adenoz\u00edn:<\/strong>\u00a0Zn\u00e1my svojimi schopnos\u0165ami podporova\u0165 produkciu kolag\u00e9nu a elast\u00ednu, dvoch prote\u00ednov, ktor\u00e9 s\u00fa nevyhnutn\u00e9 pre pru\u017enos\u0165 pleti.<\/p>\n<p><strong>Pou\u017eitie<\/strong><\/p>\n<p>Aplikujte rovnomerne na poko\u017eku ako posledn\u00fd krok starostlivosti + potom ka\u017ed\u00fd de\u0148.<\/p>","protected":false},"excerpt":{"rendered":"<p>Pr\u00e9miov\u00e9 ple\u0165ov\u00e9 s\u00e9rum poskytuje slne\u010dn\u00fa ochranu a h\u013abkov\u00fa hydrat\u00e1ciu a rozjasnenie.<\/p>","protected":false},"featured_media":1018,"comment_status":"open","ping_status":"closed","template":"","meta":{"_acf_changed":false},"product_brand":[76],"product_cat":[75,26],"product_tag":[],"class_list":{"0":"post-1017","1":"product","2":"type-product","3":"status-publish","4":"has-post-thumbnail","6":"product_brand-idenel","7":"product_cat-kremy-a-sera","8":"product_cat-skincare-produkty","10":"first","11":"instock","12":"taxable","13":"shipping-taxable","14":"purchasable","15":"product-type-simple"},"acf":[],"yoast_head":"<!-- This site is optimized with the Yoast SEO plugin v27.5 - https:\/\/yoast.com\/product\/yoast-seo-wordpress\/ -->\n<title>IDENEL - Intensive Daily Sun Serum - s\u00e9rum na ochranu poko\u017eky SPF50+\/PA++++ 55 ml - Beauty pr\u00edstroje<\/title>\n<meta name=\"description\" content=\"IDENEL Intensive Daily Sun Serum SPF50+\/PA++++ 55\u202fml \u2013 hydrata\u010dn\u00e9 s\u00e9rum s PDRN, glutati\u00f3nom a ceramidmi, ochrana pred UV a modr\u00fdm svetlom.\" \/>\n<meta name=\"robots\" content=\"index, follow, max-snippet:-1, max-image-preview:large, max-video-preview:-1\" \/>\n<link rel=\"canonical\" href=\"https:\/\/www.beautypristroje.sk\/en\/product\/idenel-intensive-daily-sun-serum-serum-na-ochranu-pokozky-spf50-pa-55-ml\/\" \/>\n<meta property=\"og:locale\" content=\"en_GB\" \/>\n<meta property=\"og:type\" content=\"article\" \/>\n<meta property=\"og:title\" content=\"IDENEL - Intensive Daily Sun Serum - s\u00e9rum na ochranu poko\u017eky SPF50+\/PA++++ 55 ml - Beauty pr\u00edstroje\" \/>\n<meta property=\"og:description\" content=\"IDENEL Intensive Daily Sun Serum SPF50+\/PA++++ 55\u202fml \u2013 hydrata\u010dn\u00e9 s\u00e9rum s PDRN, glutati\u00f3nom a ceramidmi, ochrana pred UV a modr\u00fdm svetlom.\" \/>\n<meta property=\"og:url\" content=\"https:\/\/www.beautypristroje.sk\/en\/product\/idenel-intensive-daily-sun-serum-serum-na-ochranu-pokozky-spf50-pa-55-ml\/\" \/>\n<meta property=\"og:site_name\" content=\"Beauty pr\u00edstroje\" \/>\n<meta property=\"article:modified_time\" content=\"2025-12-10T08:36:23+00:00\" \/>\n<meta property=\"og:image\" content=\"https:\/\/www.beautypristroje.sk\/wp-content\/uploads\/2025\/07\/idenel-intensive-daily-sun-serum-serum-na-ochranu-pokozky-spf50pa-55-ml.webp\" \/>\n\t<meta property=\"og:image:width\" content=\"800\" \/>\n\t<meta property=\"og:image:height\" content=\"800\" \/>\n\t<meta property=\"og:image:type\" content=\"image\/webp\" \/>\n<meta name=\"twitter:card\" content=\"summary_large_image\" \/>\n<meta name=\"twitter:label1\" content=\"Estimated reading time\" \/>\n\t<meta name=\"twitter:data1\" content=\"1 minute\" \/>\n<script type=\"application\/ld+json\" class=\"yoast-schema-graph\">{\"@context\":\"https:\\\/\\\/schema.org\",\"@graph\":[{\"@type\":\"WebPage\",\"@id\":\"https:\\\/\\\/www.beautypristroje.sk\\\/produkt\\\/idenel-intensive-daily-sun-serum-serum-na-ochranu-pokozky-spf50-pa-55-ml\\\/\",\"url\":\"https:\\\/\\\/www.beautypristroje.sk\\\/produkt\\\/idenel-intensive-daily-sun-serum-serum-na-ochranu-pokozky-spf50-pa-55-ml\\\/\",\"name\":\"IDENEL - Intensive Daily Sun Serum - s\u00e9rum na ochranu poko\u017eky SPF50+\\\/PA++++ 55 ml - Beauty pr\u00edstroje\",\"isPartOf\":{\"@id\":\"https:\\\/\\\/www.beautypristroje.sk\\\/#website\"},\"primaryImageOfPage\":{\"@id\":\"https:\\\/\\\/www.beautypristroje.sk\\\/produkt\\\/idenel-intensive-daily-sun-serum-serum-na-ochranu-pokozky-spf50-pa-55-ml\\\/#primaryimage\"},\"image\":{\"@id\":\"https:\\\/\\\/www.beautypristroje.sk\\\/produkt\\\/idenel-intensive-daily-sun-serum-serum-na-ochranu-pokozky-spf50-pa-55-ml\\\/#primaryimage\"},\"thumbnailUrl\":\"https:\\\/\\\/www.beautypristroje.sk\\\/wp-content\\\/uploads\\\/2025\\\/07\\\/idenel-intensive-daily-sun-serum-serum-na-ochranu-pokozky-spf50pa-55-ml.webp\",\"datePublished\":\"2025-07-24T08:41:56+00:00\",\"dateModified\":\"2025-12-10T08:36:23+00:00\",\"description\":\"IDENEL Intensive Daily Sun Serum SPF50+\\\/PA++++ 55\u202fml \u2013 hydrata\u010dn\u00e9 s\u00e9rum s PDRN, glutati\u00f3nom a ceramidmi, ochrana pred UV a modr\u00fdm svetlom.\",\"breadcrumb\":{\"@id\":\"https:\\\/\\\/www.beautypristroje.sk\\\/produkt\\\/idenel-intensive-daily-sun-serum-serum-na-ochranu-pokozky-spf50-pa-55-ml\\\/#breadcrumb\"},\"inLanguage\":\"en-GB\",\"potentialAction\":[{\"@type\":\"ReadAction\",\"target\":[\"https:\\\/\\\/www.beautypristroje.sk\\\/produkt\\\/idenel-intensive-daily-sun-serum-serum-na-ochranu-pokozky-spf50-pa-55-ml\\\/\"]}]},{\"@type\":\"ImageObject\",\"inLanguage\":\"en-GB\",\"@id\":\"https:\\\/\\\/www.beautypristroje.sk\\\/produkt\\\/idenel-intensive-daily-sun-serum-serum-na-ochranu-pokozky-spf50-pa-55-ml\\\/#primaryimage\",\"url\":\"https:\\\/\\\/www.beautypristroje.sk\\\/wp-content\\\/uploads\\\/2025\\\/07\\\/idenel-intensive-daily-sun-serum-serum-na-ochranu-pokozky-spf50pa-55-ml.webp\",\"contentUrl\":\"https:\\\/\\\/www.beautypristroje.sk\\\/wp-content\\\/uploads\\\/2025\\\/07\\\/idenel-intensive-daily-sun-serum-serum-na-ochranu-pokozky-spf50pa-55-ml.webp\",\"width\":800,\"height\":800,\"caption\":\"IDENEL Intensive Daily Sun Serum SPF50+\\\/PA++++ 55\u202fml \u2013 hydrata\u010dn\u00e9 a ochrann\u00e9 s\u00e9rum na tv\u00e1r s PDRN a antioxidantmi\"},{\"@type\":\"BreadcrumbList\",\"@id\":\"https:\\\/\\\/www.beautypristroje.sk\\\/produkt\\\/idenel-intensive-daily-sun-serum-serum-na-ochranu-pokozky-spf50-pa-55-ml\\\/#breadcrumb\",\"itemListElement\":[{\"@type\":\"ListItem\",\"position\":1,\"name\":\"Domovsk\u00e1 str\u00e1nka\",\"item\":\"https:\\\/\\\/www.beautypristroje.sk\\\/\"},{\"@type\":\"ListItem\",\"position\":2,\"name\":\"Obchod\",\"item\":\"https:\\\/\\\/www.beautypristroje.sk\\\/obchod\\\/\"},{\"@type\":\"ListItem\",\"position\":3,\"name\":\"IDENEL &#8211; Intensive Daily Sun Serum &#8211; s\u00e9rum na ochranu poko\u017eky SPF50+\\\/PA++++ 55 ml\"}]},{\"@type\":\"WebSite\",\"@id\":\"https:\\\/\\\/www.beautypristroje.sk\\\/#website\",\"url\":\"https:\\\/\\\/www.beautypristroje.sk\\\/\",\"name\":\"Beauty pr\u00edstroje\",\"description\":\"Profesion\u00e1lne kozmetick\u00e9 pr\u00edstroje pre sal\u00f3ny a kliniky\",\"potentialAction\":[{\"@type\":\"SearchAction\",\"target\":{\"@type\":\"EntryPoint\",\"urlTemplate\":\"https:\\\/\\\/www.beautypristroje.sk\\\/?s={search_term_string}\"},\"query-input\":{\"@type\":\"PropertyValueSpecification\",\"valueRequired\":true,\"valueName\":\"search_term_string\"}}],\"inLanguage\":\"en-GB\"}]}<\/script>\n<!-- \/ Yoast SEO plugin. -->","yoast_head_json":{"title":"IDENEL - Intensive Daily Sun Serum - s\u00e9rum na ochranu poko\u017eky SPF50+\/PA++++ 55 ml - Beauty pr\u00edstroje","description":"IDENEL Intensive Daily Sun Serum SPF50+\/PA++++ 55\u202fml \u2013 hydrata\u010dn\u00e9 s\u00e9rum s PDRN, glutati\u00f3nom a ceramidmi, ochrana pred UV a modr\u00fdm svetlom.","robots":{"index":"index","follow":"follow","max-snippet":"max-snippet:-1","max-image-preview":"max-image-preview:large","max-video-preview":"max-video-preview:-1"},"canonical":"https:\/\/www.beautypristroje.sk\/en\/product\/idenel-intensive-daily-sun-serum-serum-na-ochranu-pokozky-spf50-pa-55-ml\/","og_locale":"en_GB","og_type":"article","og_title":"IDENEL - Intensive Daily Sun Serum - s\u00e9rum na ochranu poko\u017eky SPF50+\/PA++++ 55 ml - Beauty pr\u00edstroje","og_description":"IDENEL Intensive Daily Sun Serum SPF50+\/PA++++ 55\u202fml \u2013 hydrata\u010dn\u00e9 s\u00e9rum s PDRN, glutati\u00f3nom a ceramidmi, ochrana pred UV a modr\u00fdm svetlom.","og_url":"https:\/\/www.beautypristroje.sk\/en\/product\/idenel-intensive-daily-sun-serum-serum-na-ochranu-pokozky-spf50-pa-55-ml\/","og_site_name":"Beauty pr\u00edstroje","article_modified_time":"2025-12-10T08:36:23+00:00","og_image":[{"width":800,"height":800,"url":"https:\/\/www.beautypristroje.sk\/wp-content\/uploads\/2025\/07\/idenel-intensive-daily-sun-serum-serum-na-ochranu-pokozky-spf50pa-55-ml.webp","type":"image\/webp"}],"twitter_card":"summary_large_image","twitter_misc":{"Estimated reading time":"1 minute"},"schema":{"@context":"https:\/\/schema.org","@graph":[{"@type":"WebPage","@id":"https:\/\/www.beautypristroje.sk\/produkt\/idenel-intensive-daily-sun-serum-serum-na-ochranu-pokozky-spf50-pa-55-ml\/","url":"https:\/\/www.beautypristroje.sk\/produkt\/idenel-intensive-daily-sun-serum-serum-na-ochranu-pokozky-spf50-pa-55-ml\/","name":"IDENEL - Intensive Daily Sun Serum - s\u00e9rum na ochranu poko\u017eky SPF50+\/PA++++ 55 ml - Beauty pr\u00edstroje","isPartOf":{"@id":"https:\/\/www.beautypristroje.sk\/#website"},"primaryImageOfPage":{"@id":"https:\/\/www.beautypristroje.sk\/produkt\/idenel-intensive-daily-sun-serum-serum-na-ochranu-pokozky-spf50-pa-55-ml\/#primaryimage"},"image":{"@id":"https:\/\/www.beautypristroje.sk\/produkt\/idenel-intensive-daily-sun-serum-serum-na-ochranu-pokozky-spf50-pa-55-ml\/#primaryimage"},"thumbnailUrl":"https:\/\/www.beautypristroje.sk\/wp-content\/uploads\/2025\/07\/idenel-intensive-daily-sun-serum-serum-na-ochranu-pokozky-spf50pa-55-ml.webp","datePublished":"2025-07-24T08:41:56+00:00","dateModified":"2025-12-10T08:36:23+00:00","description":"IDENEL Intensive Daily Sun Serum SPF50+\/PA++++ 55\u202fml \u2013 hydrata\u010dn\u00e9 s\u00e9rum s PDRN, glutati\u00f3nom a ceramidmi, ochrana pred UV a modr\u00fdm svetlom.","breadcrumb":{"@id":"https:\/\/www.beautypristroje.sk\/produkt\/idenel-intensive-daily-sun-serum-serum-na-ochranu-pokozky-spf50-pa-55-ml\/#breadcrumb"},"inLanguage":"en-GB","potentialAction":[{"@type":"ReadAction","target":["https:\/\/www.beautypristroje.sk\/produkt\/idenel-intensive-daily-sun-serum-serum-na-ochranu-pokozky-spf50-pa-55-ml\/"]}]},{"@type":"ImageObject","inLanguage":"en-GB","@id":"https:\/\/www.beautypristroje.sk\/produkt\/idenel-intensive-daily-sun-serum-serum-na-ochranu-pokozky-spf50-pa-55-ml\/#primaryimage","url":"https:\/\/www.beautypristroje.sk\/wp-content\/uploads\/2025\/07\/idenel-intensive-daily-sun-serum-serum-na-ochranu-pokozky-spf50pa-55-ml.webp","contentUrl":"https:\/\/www.beautypristroje.sk\/wp-content\/uploads\/2025\/07\/idenel-intensive-daily-sun-serum-serum-na-ochranu-pokozky-spf50pa-55-ml.webp","width":800,"height":800,"caption":"IDENEL Intensive Daily Sun Serum SPF50+\/PA++++ 55\u202fml \u2013 hydrata\u010dn\u00e9 a ochrann\u00e9 s\u00e9rum na tv\u00e1r s PDRN a antioxidantmi"},{"@type":"BreadcrumbList","@id":"https:\/\/www.beautypristroje.sk\/produkt\/idenel-intensive-daily-sun-serum-serum-na-ochranu-pokozky-spf50-pa-55-ml\/#breadcrumb","itemListElement":[{"@type":"ListItem","position":1,"name":"Domovsk\u00e1 str\u00e1nka","item":"https:\/\/www.beautypristroje.sk\/"},{"@type":"ListItem","position":2,"name":"Obchod","item":"https:\/\/www.beautypristroje.sk\/obchod\/"},{"@type":"ListItem","position":3,"name":"IDENEL &#8211; Intensive Daily Sun Serum &#8211; s\u00e9rum na ochranu poko\u017eky SPF50+\/PA++++ 55 ml"}]},{"@type":"WebSite","@id":"https:\/\/www.beautypristroje.sk\/#website","url":"https:\/\/www.beautypristroje.sk\/","name":"Beauty pr\u00edstroje","description":"Profesion\u00e1lne kozmetick\u00e9 pr\u00edstroje pre sal\u00f3ny a kliniky","potentialAction":[{"@type":"SearchAction","target":{"@type":"EntryPoint","urlTemplate":"https:\/\/www.beautypristroje.sk\/?s={search_term_string}"},"query-input":{"@type":"PropertyValueSpecification","valueRequired":true,"valueName":"search_term_string"}}],"inLanguage":"en-GB"}]}},"_links":{"self":[{"href":"https:\/\/www.beautypristroje.sk\/en\/wp-json\/wp\/v2\/product\/1017","targetHints":{"allow":["GET"]}}],"collection":[{"href":"https:\/\/www.beautypristroje.sk\/en\/wp-json\/wp\/v2\/product"}],"about":[{"href":"https:\/\/www.beautypristroje.sk\/en\/wp-json\/wp\/v2\/types\/product"}],"replies":[{"embeddable":true,"href":"https:\/\/www.beautypristroje.sk\/en\/wp-json\/wp\/v2\/comments?post=1017"}],"wp:featuredmedia":[{"embeddable":true,"href":"https:\/\/www.beautypristroje.sk\/en\/wp-json\/wp\/v2\/media\/1018"}],"wp:attachment":[{"href":"https:\/\/www.beautypristroje.sk\/en\/wp-json\/wp\/v2\/media?parent=1017"}],"wp:term":[{"taxonomy":"product_brand","embeddable":true,"href":"https:\/\/www.beautypristroje.sk\/en\/wp-json\/wp\/v2\/product_brand?post=1017"},{"taxonomy":"product_cat","embeddable":true,"href":"https:\/\/www.beautypristroje.sk\/en\/wp-json\/wp\/v2\/product_cat?post=1017"},{"taxonomy":"product_tag","embeddable":true,"href":"https:\/\/www.beautypristroje.sk\/en\/wp-json\/wp\/v2\/product_tag?post=1017"}],"curies":[{"name":"wp","href":"https:\/\/api.w.org\/{rel}","templated":true}]}}