{"id":1012,"date":"2025-07-24T10:40:02","date_gmt":"2025-07-24T08:40:02","guid":{"rendered":"https:\/\/www.beautypristroje.sk\/?post_type=product&#038;p=1012"},"modified":"2025-12-10T09:37:35","modified_gmt":"2025-12-10T08:37:35","slug":"idenel-revitalizing-boosting-serum-revitalizacne-serum-30-ml","status":"publish","type":"product","link":"https:\/\/www.beautypristroje.sk\/en\/product\/idenel-revitalizing-boosting-serum-revitalizacne-serum-30-ml\/","title":{"rendered":"IDENEL &#8211; Revitalizing Boosting Serum &#8211; revitaliza\u010dn\u00e9 s\u00e9rum 30 ml"},"content":{"rendered":"<p>Zvy\u0161uje elasticitu poko\u017eky, redukuje vr\u00e1sky, detoxikuje poko\u017eku a aktivuje regenera\u010dn\u00fd cyklus poko\u017eky.<\/p>\n<p>K\u013e\u00fa\u010dov\u00e9 zlo\u017eky: &#8218;<strong>Altum\u2122 Peptide&#8216;, &#8218;RaphiTox\u2122&#8216;<\/strong><\/p>\n<p>&nbsp;<\/p>\n<p><strong>V\u00fdhody:<\/strong><\/p>\n<p>1. Toto s\u00e9rum obohaten\u00e9 o<strong>\u00a0Altum Peptide a RaphiTox\u2122<\/strong>\u00a0p\u00f4sob\u00ed ako lok\u00e1lna mikroihla, zlep\u0161uje elasticitu poko\u017eky a krvn\u00fd obeh, \u010do zvy\u0161uje \u00fa\u010dinnos\u0165 n\u00e1sledn\u00fdch produktov starostlivosti o ple\u0165.<\/p>\n<p>2. Vyu\u017eit\u00edm pokro\u010dilej technol\u00f3gie sa zameriava na starn\u00facu poko\u017eku koncentrovan\u00fdm pr\u00edsunom anti-agingov\u00fdch zlo\u017eiek, \u010d\u00edm posil\u0148uje prirodzen\u00fd proces obnovy poko\u017eky.<\/p>\n<p>3. Podporuje produkciu pro-kolag\u00e9nu v poko\u017eke, v\u00fdsledkom \u010doho je trvalo pevn\u00e1 a \u017eiariv\u00e1 ple\u0165.<\/p>\n<p>&nbsp;<\/p>\n<p><strong>Altum\u2122 Peptide<\/strong>\u00a0pon\u00faka nieko\u013eko pozoruhodn\u00fdch v\u00fdhod pre starostlivos\u0165 o ple\u0165:<\/p>\n<p>&nbsp;<\/p>\n<p>Zlep\u0161en\u00e1 penetr\u00e1cia poko\u017ekou: Peptid Altum\u2122 m\u00e1 v\u00fdrazne vy\u0161\u0161iu mieru absorpcie poko\u017ekou v porovnan\u00ed s konven\u010dn\u00fdmi peptidmi, v\u010faka \u010domu je 60-kr\u00e1t \u00fa\u010dinnej\u0161\u00ed pri prenikan\u00ed poko\u017ekou1. V\u010faka tomu sa akt\u00edvne zlo\u017eky dostan\u00fa do hlb\u0161\u00edch vrstiev poko\u017eky.<\/p>\n<p>Produkcia kolag\u00e9nu: Stimuluje synt\u00e9zu kolag\u00e9nu, \u010do pom\u00e1ha redukova\u0165 jemn\u00e9 linky a vr\u00e1sky, zvy\u0161uje pevnos\u0165 a pru\u017enos\u0165 poko\u017eky.<\/p>\n<p>Omladenie poko\u017eky: Peptid podporuje regener\u00e1ciu a opravu poko\u017eky, zlep\u0161uje celkov\u00fa \u0161trukt\u00faru a vzh\u013ead poko\u017eky. Hydrat\u00e1cia a roz\u017eiarenie: Nabit\u00e9 pr\u00edrodn\u00fdmi hydrata\u010dn\u00fdmi l\u00e1tkami a rozjas\u0148ova\u010dmi pleti zanech\u00e1va ple\u0165 hydratovan\u00fa, pln\u00fa a \u017eiariv\u00fa. Neinvaz\u00edvna: Technol\u00f3gia Altum\u2122 Peptide napodob\u0148uje \u00fa\u010dinky mikrovpichovania bez nepohodlia ihiel, v\u010faka \u010domu je ide\u00e1lna pre t\u00fdch, ktor\u00ed uprednost\u0148uj\u00fa neinvaz\u00edvne o\u0161etrenia.<\/p>\n<p>Zlep\u0161en\u00e1 hustota poko\u017eky: Pravideln\u00e9 pou\u017e\u00edvanie preuk\u00e1zate\u013ene zvy\u0161uje hustotu poko\u017eky, \u010do prispieva k mlad\u0161ej a odolnej\u0161ej \u0161trukt\u00fare poko\u017eky.<\/p>\n<p>Tieto v\u00fdhody robia z Altum\u2122 Peptide siln\u00fa zlo\u017eku v pokro\u010dil\u00fdch v\u00fdrobkoch starostlivosti o ple\u0165, najm\u00e4 pre t\u00fdch, ktor\u00ed chc\u00fa rie\u0161i\u0165 pr\u00edznaky starnutia a zlep\u0161i\u0165 zdravie poko\u017eky.<\/p>\n<p><strong>Pou\u017eitie<\/strong><\/p>\n<p>Aplikuj r\u00e1no a ve\u010der na vy\u010disten\u00fa a tonizovan\u00fa ple\u0165. Toto s\u00e9rum zlep\u0161uje fungovanie\u00a0<a href=\"https:\/\/eshop.natureal.sk\/sk\/serum\/3153-idenel-altum-peptide-revitalizacny-spevnujuci-krem-10ml-x-2-8809285942966.html\">IDENEL &#8211; Altum Peptide Revitaliza\u010dn\u00fd spev\u0148uj\u00faci kr\u00e9m (10ml x 2)<\/a><\/p>","protected":false},"excerpt":{"rendered":"<p>Toto s\u00e9rum s mikroihli\u010dkami iniciuje proces starostlivosti o ple\u0165 t\u00fdm, \u017ee zvy\u0161uje vstreb\u00e1vanie akt\u00edvnych l\u00e1tkach, podporuje krvn\u00fd obeh a na\u0161tartuje cyklus obmeny pleti.<\/p>","protected":false},"featured_media":1013,"comment_status":"open","ping_status":"closed","template":"","meta":{"_acf_changed":false},"product_brand":[76],"product_cat":[75,26],"product_tag":[],"class_list":{"0":"post-1012","1":"product","2":"type-product","3":"status-publish","4":"has-post-thumbnail","6":"product_brand-idenel","7":"product_cat-kremy-a-sera","8":"product_cat-skincare-produkty","10":"first","11":"instock","12":"taxable","13":"shipping-taxable","14":"purchasable","15":"product-type-simple"},"acf":[],"yoast_head":"<!-- This site is optimized with the Yoast SEO plugin v27.5 - https:\/\/yoast.com\/product\/yoast-seo-wordpress\/ -->\n<title>IDENEL - Revitalizing Boosting Serum - revitaliza\u010dn\u00e9 s\u00e9rum 30 ml - Beauty pr\u00edstroje<\/title>\n<meta name=\"description\" content=\"IDENEL Revitalizing Boosting Serum 30\u202fml \u2013 s\u00e9rum s Altum\u2122 Peptide a RaphiTox\u2122, zvy\u0161uje elasticitu, redukuje vr\u00e1sky a aktivuje regener\u00e1ciu poko\u017eky.\" \/>\n<meta name=\"robots\" content=\"index, follow, max-snippet:-1, max-image-preview:large, max-video-preview:-1\" \/>\n<link rel=\"canonical\" href=\"https:\/\/www.beautypristroje.sk\/en\/product\/idenel-revitalizing-boosting-serum-revitalizacne-serum-30-ml\/\" \/>\n<meta property=\"og:locale\" content=\"en_GB\" \/>\n<meta property=\"og:type\" content=\"article\" \/>\n<meta property=\"og:title\" content=\"IDENEL - Revitalizing Boosting Serum - revitaliza\u010dn\u00e9 s\u00e9rum 30 ml - Beauty pr\u00edstroje\" \/>\n<meta property=\"og:description\" content=\"IDENEL Revitalizing Boosting Serum 30\u202fml \u2013 s\u00e9rum s Altum\u2122 Peptide a RaphiTox\u2122, zvy\u0161uje elasticitu, redukuje vr\u00e1sky a aktivuje regener\u00e1ciu poko\u017eky.\" \/>\n<meta property=\"og:url\" content=\"https:\/\/www.beautypristroje.sk\/en\/product\/idenel-revitalizing-boosting-serum-revitalizacne-serum-30-ml\/\" \/>\n<meta property=\"og:site_name\" content=\"Beauty pr\u00edstroje\" \/>\n<meta property=\"article:modified_time\" content=\"2025-12-10T08:37:35+00:00\" \/>\n<meta property=\"og:image\" content=\"https:\/\/www.beautypristroje.sk\/wp-content\/uploads\/2025\/07\/idenel-revitalizing-boosting-serum-revitalizacne-serum-30-ml-3.webp\" \/>\n\t<meta property=\"og:image:width\" content=\"800\" \/>\n\t<meta property=\"og:image:height\" content=\"800\" \/>\n\t<meta property=\"og:image:type\" content=\"image\/webp\" \/>\n<meta name=\"twitter:card\" content=\"summary_large_image\" \/>\n<meta name=\"twitter:label1\" content=\"Estimated reading time\" \/>\n\t<meta name=\"twitter:data1\" content=\"2 minutes\" \/>\n<script type=\"application\/ld+json\" class=\"yoast-schema-graph\">{\"@context\":\"https:\\\/\\\/schema.org\",\"@graph\":[{\"@type\":\"WebPage\",\"@id\":\"https:\\\/\\\/www.beautypristroje.sk\\\/produkt\\\/idenel-revitalizing-boosting-serum-revitalizacne-serum-30-ml\\\/\",\"url\":\"https:\\\/\\\/www.beautypristroje.sk\\\/produkt\\\/idenel-revitalizing-boosting-serum-revitalizacne-serum-30-ml\\\/\",\"name\":\"IDENEL - Revitalizing Boosting Serum - revitaliza\u010dn\u00e9 s\u00e9rum 30 ml - Beauty pr\u00edstroje\",\"isPartOf\":{\"@id\":\"https:\\\/\\\/www.beautypristroje.sk\\\/#website\"},\"primaryImageOfPage\":{\"@id\":\"https:\\\/\\\/www.beautypristroje.sk\\\/produkt\\\/idenel-revitalizing-boosting-serum-revitalizacne-serum-30-ml\\\/#primaryimage\"},\"image\":{\"@id\":\"https:\\\/\\\/www.beautypristroje.sk\\\/produkt\\\/idenel-revitalizing-boosting-serum-revitalizacne-serum-30-ml\\\/#primaryimage\"},\"thumbnailUrl\":\"https:\\\/\\\/www.beautypristroje.sk\\\/wp-content\\\/uploads\\\/2025\\\/07\\\/idenel-revitalizing-boosting-serum-revitalizacne-serum-30-ml-3.webp\",\"datePublished\":\"2025-07-24T08:40:02+00:00\",\"dateModified\":\"2025-12-10T08:37:35+00:00\",\"description\":\"IDENEL Revitalizing Boosting Serum 30\u202fml \u2013 s\u00e9rum s Altum\u2122 Peptide a RaphiTox\u2122, zvy\u0161uje elasticitu, redukuje vr\u00e1sky a aktivuje regener\u00e1ciu poko\u017eky.\",\"breadcrumb\":{\"@id\":\"https:\\\/\\\/www.beautypristroje.sk\\\/produkt\\\/idenel-revitalizing-boosting-serum-revitalizacne-serum-30-ml\\\/#breadcrumb\"},\"inLanguage\":\"en-GB\",\"potentialAction\":[{\"@type\":\"ReadAction\",\"target\":[\"https:\\\/\\\/www.beautypristroje.sk\\\/produkt\\\/idenel-revitalizing-boosting-serum-revitalizacne-serum-30-ml\\\/\"]}]},{\"@type\":\"ImageObject\",\"inLanguage\":\"en-GB\",\"@id\":\"https:\\\/\\\/www.beautypristroje.sk\\\/produkt\\\/idenel-revitalizing-boosting-serum-revitalizacne-serum-30-ml\\\/#primaryimage\",\"url\":\"https:\\\/\\\/www.beautypristroje.sk\\\/wp-content\\\/uploads\\\/2025\\\/07\\\/idenel-revitalizing-boosting-serum-revitalizacne-serum-30-ml-3.webp\",\"contentUrl\":\"https:\\\/\\\/www.beautypristroje.sk\\\/wp-content\\\/uploads\\\/2025\\\/07\\\/idenel-revitalizing-boosting-serum-revitalizacne-serum-30-ml-3.webp\",\"width\":800,\"height\":800,\"caption\":\"IDENEL Revitalizing Boosting Serum 30\u202fml \u2013 revitaliza\u010dn\u00e9 s\u00e9rum s Altum\u2122 Peptide a RaphiTox\u2122 na spevnenie a omladenie poko\u017eky\"},{\"@type\":\"BreadcrumbList\",\"@id\":\"https:\\\/\\\/www.beautypristroje.sk\\\/produkt\\\/idenel-revitalizing-boosting-serum-revitalizacne-serum-30-ml\\\/#breadcrumb\",\"itemListElement\":[{\"@type\":\"ListItem\",\"position\":1,\"name\":\"Domovsk\u00e1 str\u00e1nka\",\"item\":\"https:\\\/\\\/www.beautypristroje.sk\\\/\"},{\"@type\":\"ListItem\",\"position\":2,\"name\":\"Obchod\",\"item\":\"https:\\\/\\\/www.beautypristroje.sk\\\/obchod\\\/\"},{\"@type\":\"ListItem\",\"position\":3,\"name\":\"IDENEL &#8211; Revitalizing Boosting Serum &#8211; revitaliza\u010dn\u00e9 s\u00e9rum 30 ml\"}]},{\"@type\":\"WebSite\",\"@id\":\"https:\\\/\\\/www.beautypristroje.sk\\\/#website\",\"url\":\"https:\\\/\\\/www.beautypristroje.sk\\\/\",\"name\":\"Beauty pr\u00edstroje\",\"description\":\"Profesion\u00e1lne kozmetick\u00e9 pr\u00edstroje pre sal\u00f3ny a kliniky\",\"potentialAction\":[{\"@type\":\"SearchAction\",\"target\":{\"@type\":\"EntryPoint\",\"urlTemplate\":\"https:\\\/\\\/www.beautypristroje.sk\\\/?s={search_term_string}\"},\"query-input\":{\"@type\":\"PropertyValueSpecification\",\"valueRequired\":true,\"valueName\":\"search_term_string\"}}],\"inLanguage\":\"en-GB\"}]}<\/script>\n<!-- \/ Yoast SEO plugin. -->","yoast_head_json":{"title":"IDENEL - Revitalizing Boosting Serum - revitaliza\u010dn\u00e9 s\u00e9rum 30 ml - Beauty pr\u00edstroje","description":"IDENEL Revitalizing Boosting Serum 30\u202fml \u2013 s\u00e9rum s Altum\u2122 Peptide a RaphiTox\u2122, zvy\u0161uje elasticitu, redukuje vr\u00e1sky a aktivuje regener\u00e1ciu poko\u017eky.","robots":{"index":"index","follow":"follow","max-snippet":"max-snippet:-1","max-image-preview":"max-image-preview:large","max-video-preview":"max-video-preview:-1"},"canonical":"https:\/\/www.beautypristroje.sk\/en\/product\/idenel-revitalizing-boosting-serum-revitalizacne-serum-30-ml\/","og_locale":"en_GB","og_type":"article","og_title":"IDENEL - Revitalizing Boosting Serum - revitaliza\u010dn\u00e9 s\u00e9rum 30 ml - Beauty pr\u00edstroje","og_description":"IDENEL Revitalizing Boosting Serum 30\u202fml \u2013 s\u00e9rum s Altum\u2122 Peptide a RaphiTox\u2122, zvy\u0161uje elasticitu, redukuje vr\u00e1sky a aktivuje regener\u00e1ciu poko\u017eky.","og_url":"https:\/\/www.beautypristroje.sk\/en\/product\/idenel-revitalizing-boosting-serum-revitalizacne-serum-30-ml\/","og_site_name":"Beauty pr\u00edstroje","article_modified_time":"2025-12-10T08:37:35+00:00","og_image":[{"width":800,"height":800,"url":"https:\/\/www.beautypristroje.sk\/wp-content\/uploads\/2025\/07\/idenel-revitalizing-boosting-serum-revitalizacne-serum-30-ml-3.webp","type":"image\/webp"}],"twitter_card":"summary_large_image","twitter_misc":{"Estimated reading time":"2 minutes"},"schema":{"@context":"https:\/\/schema.org","@graph":[{"@type":"WebPage","@id":"https:\/\/www.beautypristroje.sk\/produkt\/idenel-revitalizing-boosting-serum-revitalizacne-serum-30-ml\/","url":"https:\/\/www.beautypristroje.sk\/produkt\/idenel-revitalizing-boosting-serum-revitalizacne-serum-30-ml\/","name":"IDENEL - Revitalizing Boosting Serum - revitaliza\u010dn\u00e9 s\u00e9rum 30 ml - Beauty pr\u00edstroje","isPartOf":{"@id":"https:\/\/www.beautypristroje.sk\/#website"},"primaryImageOfPage":{"@id":"https:\/\/www.beautypristroje.sk\/produkt\/idenel-revitalizing-boosting-serum-revitalizacne-serum-30-ml\/#primaryimage"},"image":{"@id":"https:\/\/www.beautypristroje.sk\/produkt\/idenel-revitalizing-boosting-serum-revitalizacne-serum-30-ml\/#primaryimage"},"thumbnailUrl":"https:\/\/www.beautypristroje.sk\/wp-content\/uploads\/2025\/07\/idenel-revitalizing-boosting-serum-revitalizacne-serum-30-ml-3.webp","datePublished":"2025-07-24T08:40:02+00:00","dateModified":"2025-12-10T08:37:35+00:00","description":"IDENEL Revitalizing Boosting Serum 30\u202fml \u2013 s\u00e9rum s Altum\u2122 Peptide a RaphiTox\u2122, zvy\u0161uje elasticitu, redukuje vr\u00e1sky a aktivuje regener\u00e1ciu poko\u017eky.","breadcrumb":{"@id":"https:\/\/www.beautypristroje.sk\/produkt\/idenel-revitalizing-boosting-serum-revitalizacne-serum-30-ml\/#breadcrumb"},"inLanguage":"en-GB","potentialAction":[{"@type":"ReadAction","target":["https:\/\/www.beautypristroje.sk\/produkt\/idenel-revitalizing-boosting-serum-revitalizacne-serum-30-ml\/"]}]},{"@type":"ImageObject","inLanguage":"en-GB","@id":"https:\/\/www.beautypristroje.sk\/produkt\/idenel-revitalizing-boosting-serum-revitalizacne-serum-30-ml\/#primaryimage","url":"https:\/\/www.beautypristroje.sk\/wp-content\/uploads\/2025\/07\/idenel-revitalizing-boosting-serum-revitalizacne-serum-30-ml-3.webp","contentUrl":"https:\/\/www.beautypristroje.sk\/wp-content\/uploads\/2025\/07\/idenel-revitalizing-boosting-serum-revitalizacne-serum-30-ml-3.webp","width":800,"height":800,"caption":"IDENEL Revitalizing Boosting Serum 30\u202fml \u2013 revitaliza\u010dn\u00e9 s\u00e9rum s Altum\u2122 Peptide a RaphiTox\u2122 na spevnenie a omladenie poko\u017eky"},{"@type":"BreadcrumbList","@id":"https:\/\/www.beautypristroje.sk\/produkt\/idenel-revitalizing-boosting-serum-revitalizacne-serum-30-ml\/#breadcrumb","itemListElement":[{"@type":"ListItem","position":1,"name":"Domovsk\u00e1 str\u00e1nka","item":"https:\/\/www.beautypristroje.sk\/"},{"@type":"ListItem","position":2,"name":"Obchod","item":"https:\/\/www.beautypristroje.sk\/obchod\/"},{"@type":"ListItem","position":3,"name":"IDENEL &#8211; Revitalizing Boosting Serum &#8211; revitaliza\u010dn\u00e9 s\u00e9rum 30 ml"}]},{"@type":"WebSite","@id":"https:\/\/www.beautypristroje.sk\/#website","url":"https:\/\/www.beautypristroje.sk\/","name":"Beauty pr\u00edstroje","description":"Profesion\u00e1lne kozmetick\u00e9 pr\u00edstroje pre sal\u00f3ny a kliniky","potentialAction":[{"@type":"SearchAction","target":{"@type":"EntryPoint","urlTemplate":"https:\/\/www.beautypristroje.sk\/?s={search_term_string}"},"query-input":{"@type":"PropertyValueSpecification","valueRequired":true,"valueName":"search_term_string"}}],"inLanguage":"en-GB"}]}},"_links":{"self":[{"href":"https:\/\/www.beautypristroje.sk\/en\/wp-json\/wp\/v2\/product\/1012","targetHints":{"allow":["GET"]}}],"collection":[{"href":"https:\/\/www.beautypristroje.sk\/en\/wp-json\/wp\/v2\/product"}],"about":[{"href":"https:\/\/www.beautypristroje.sk\/en\/wp-json\/wp\/v2\/types\/product"}],"replies":[{"embeddable":true,"href":"https:\/\/www.beautypristroje.sk\/en\/wp-json\/wp\/v2\/comments?post=1012"}],"wp:featuredmedia":[{"embeddable":true,"href":"https:\/\/www.beautypristroje.sk\/en\/wp-json\/wp\/v2\/media\/1013"}],"wp:attachment":[{"href":"https:\/\/www.beautypristroje.sk\/en\/wp-json\/wp\/v2\/media?parent=1012"}],"wp:term":[{"taxonomy":"product_brand","embeddable":true,"href":"https:\/\/www.beautypristroje.sk\/en\/wp-json\/wp\/v2\/product_brand?post=1012"},{"taxonomy":"product_cat","embeddable":true,"href":"https:\/\/www.beautypristroje.sk\/en\/wp-json\/wp\/v2\/product_cat?post=1012"},{"taxonomy":"product_tag","embeddable":true,"href":"https:\/\/www.beautypristroje.sk\/en\/wp-json\/wp\/v2\/product_tag?post=1012"}],"curies":[{"name":"wp","href":"https:\/\/api.w.org\/{rel}","templated":true}]}}