{"id":1008,"date":"2025-07-24T10:37:15","date_gmt":"2025-07-24T08:37:15","guid":{"rendered":"https:\/\/www.beautypristroje.sk\/?post_type=product&#038;p=1008"},"modified":"2025-12-10T09:43:22","modified_gmt":"2025-12-10T08:43:22","slug":"idenel-set-zakladnej-starostlivosti","status":"publish","type":"product","link":"https:\/\/www.beautypristroje.sk\/en\/product\/idenel-set-zakladnej-starostlivosti\/","title":{"rendered":"IDENEL &#8211; Set z\u00e1kladnej starostlivosti"},"content":{"rendered":"<p>Profesion\u00e1lna anti-age starostlivos\u0165 na doma!<\/p>\n<p><a href=\"https:\/\/eshop.natureal.sk\/sk\/uvodna-stranka\/3153-idenel-revitalizing-nourishing-cream-spevnujuci-krem-10-ml-x-2.html\">IDENEL &#8211; Revitalizing nourishing cream &#8211; spev\u0148uj\u00faci kr\u00e9m 10 ml x 2<\/a><\/p>\n<p>Altum Peptide je inovat\u00edvna technol\u00f3gia starostlivosti o ple\u0165, ktor\u00e1 sp\u00e1ja pokro\u010dil\u00fa morsk\u00fa biotechnol\u00f3giu s kozmetickou vedou. Spikuly 5. gener\u00e1cie s\u00fa spojen\u00e9 so peptidmi. Po aplik\u00e1cii tieto spikuly prenikaj\u00fa epiderm\u00e1lnou bari\u00e9rou hlboko do poko\u017eky a umo\u017e\u0148uj\u00fa tam uvo\u013e\u0148ovanie peptidov, \u010do produkciu kolag\u00e9nu a elast\u00ednu. Doch\u00e1dza k vidite\u013enej redukcii vr\u00e1sok a zlep\u0161eniu stavu pleti.<\/p>\n<h3><strong>Ingrediencie, ktor\u00e9 m\u00e1me radi<\/strong><\/h3>\n<p><strong>Altum Peptide\u2122:<\/strong>\u00a0Spikula spojen\u00e1 s peptidmi, ktor\u00e1 stimuluje produkciu kolag\u00e9nu a elast\u00ednu a zlep\u0161uje stav poko\u017eky.<\/p>\n<p><strong>RaphiTox\u2122:<\/strong>\u00a0Zvy\u0161uje efekt mikroihli\u010dkovania a revitalizuje poko\u017eku.<\/p>\n<p><strong>Niac\u00ednamid:<\/strong>\u00a0Rozjas\u0148uje a zjednocuje t\u00f3n pleti.<\/p>\n<p><strong>Adenoz\u00edn:<\/strong>\u00a0Redukuje vr\u00e1sky a vyhladzuje ple\u0165.<\/p>\n<p><strong>SingGreen-NBG:<\/strong>\u00a0Patentovan\u00e1 zlo\u017eka proti starnutiu, ktor\u00e1 cieli na vr\u00e1sky a posil\u0148uje ko\u017en\u00fa bari\u00e9ru.<\/p>\n<p><strong>Kyselina hyalur\u00f3nov\u00e1 (8 typov)<\/strong>: Poskytuje h\u013abkov\u00fa hydrat\u00e1ciu a posil\u0148uje ko\u017en\u00fa bari\u00e9ru.<\/p>\n<p><strong>Pr\u00edrodn\u00e9 extrakty (8 druhov):<\/strong>\u00a0Zvy\u0161uj\u00fa vitalitu poko\u017eky a zni\u017euj\u00fa podr\u00e1\u017edenie.<\/p>\n<h3><strong>Pou\u017eitie<\/strong><\/h3>\n<p>Ka\u017ed\u00e9 3 dni po o\u010disten\u00ed pleti rovnomerne nanes kr\u00e9m a jemne vmas\u00edruj do poko\u017eky. Pomocou kon\u010dekov prstov nanes mal\u00e9 mno\u017estvo produktu a pevne pritla\u010d, aby si zaistila hlbok\u00fa absorpciu. Zameraj sa najm\u00e4 na oblas\u0165 okolo o\u010d\u00ed a pier, kde s\u00fa zn\u00e1mky starnutia najviac vidite\u013en\u00e9. Pou\u017e\u00edvaj ka\u017ed\u00e9 tri dni, ide\u00e1lne ve\u010der. M\u00f4\u017ee\u0161 poci\u0165ova\u0165 mrav\u010denie\/mierne \u0161t\u00edpanie sp\u00f4soben\u00e9 prienikom spik\u00fal do poko\u017eky. Je to norm\u00e1lny jav, ktor\u00fd obvykle odoznie do 12 hod\u00edn.<\/p>\n<p><a href=\"https:\/\/eshop.natureal.sk\/sk\/uvodna-stranka\/3195-idenel-repair-locking-cream-regeneracny-krem-50-ml.html\">IDENEL &#8211; Repair Locking Cream &#8211; regenera\u010dn\u00fd kr\u00e9m 50 ml<\/a><\/p>\n<p>Tento kr\u00e9m r\u00fdchlo upokojuje poko\u017eku po o\u0161etren\u00ed pr\u00edpravkom\u00a0<a href=\"https:\/\/eshop.natureal.sk\/sk\/uvodna-stranka\/3153-idenel-altum-peptide-revitalizacny-spevnujuci-krem-10ml-x-2.html\">IDENEL Revitalizing Nourishing Cream Anti-wrinkle 10 ml (Altum peptide).<\/a><\/p>\n<p>Pr\u00e9miov\u00fd ple\u0165ov\u00fd kr\u00e9m cieli na upokojenie a regener\u00e1cia pleti, posilnenie ko\u017enej bari\u00e9ry, rozjasnenie a elimin\u00e1cia vr\u00e1sok. Vhodn\u00e9 aj na upokojenie pleti po estetick\u00fdch z\u00e1krokoch (laser, chemick\u00fd peeling, mezoterapia). Vhodn\u00fd pre citliv\u00fa ple\u0165.<\/p>\n<h3><strong>Ingrediencie, ktor\u00e9 m\u00e1me radi<\/strong><\/h3>\n<p><strong>Ceramidy:<\/strong>\u00a0Posil\u0148uj\u00fa ko\u017en\u00fa bari\u00e9ru a obnovu pleti.<\/p>\n<p><strong>PDRN:<\/strong>\u00a0R\u00fdchla regener\u00e1cia pleti, t\u00e1to akt\u00edvna l\u00e1tka stimuluje tvorbu kolag\u00e9nu a chr\u00e1ni ple\u0165 pred z\u00e1palmi.<\/p>\n<p><strong>Glutati\u00f3n:<\/strong>\u00a0Rozjasnenie a zjednotenie t\u00f3nu pleti.<\/p>\n<p><strong>Panthenol:<\/strong>\u00a0Upokojenie pleti.<\/p>\n<h3><strong>Pou\u017eitie<\/strong><\/h3>\n<p>Po aplik\u00e1cii pr\u00edpravku\u00a0<a href=\"https:\/\/eshop.natureal.sk\/sk\/uvodna-stranka\/3153-idenel-altum-peptide-revitalizacny-spevnujuci-krem-10ml-x-2.html\">IDENEL Revitalizing Nourishing Cream Anti-wrinkle (Altum peptide)\u00a0<\/a>alebo samostatne r\u00e1no a ve\u010der po vy\u010disten\u00ed pleti.<\/p>","protected":false},"excerpt":{"rendered":"<p>Set pr\u00e9miovej starostlivosti obsahuje IDENEL &#8211; Revitalizing nourishing cream &#8211; spev\u0148uj\u00faci kr\u00e9m 10 ml x 2 &amp; IDENEL &#8211; Repair Locking Cream &#8211; regenera\u010dn\u00fd kr\u00e9m 50 ml.<\/p>\n<p>Tento set cieli na vidite\u013en\u00e9 omladenie pleti.<\/p>","protected":false},"featured_media":1009,"comment_status":"open","ping_status":"closed","template":"","meta":{"_acf_changed":false},"product_brand":[76],"product_cat":[75,26],"product_tag":[],"class_list":{"0":"post-1008","1":"product","2":"type-product","3":"status-publish","4":"has-post-thumbnail","6":"product_brand-idenel","7":"product_cat-kremy-a-sera","8":"product_cat-skincare-produkty","10":"first","11":"instock","12":"taxable","13":"shipping-taxable","14":"purchasable","15":"product-type-simple"},"acf":[],"yoast_head":"<!-- This site is optimized with the Yoast SEO plugin v27.5 - https:\/\/yoast.com\/product\/yoast-seo-wordpress\/ -->\n<title>IDENEL - Set z\u00e1kladnej starostlivosti - Beauty pr\u00edstroje<\/title>\n<meta name=\"description\" content=\"IDENEL set starostlivosti s Altum Peptide a PDRN redukuje vr\u00e1sky, zvy\u0161uje elasticitu a regeneruje ple\u0165 po o\u0161etreniach a estetick\u00fdch proced\u00farach.\" \/>\n<meta name=\"robots\" content=\"index, follow, max-snippet:-1, max-image-preview:large, max-video-preview:-1\" \/>\n<link rel=\"canonical\" href=\"https:\/\/www.beautypristroje.sk\/en\/product\/idenel-set-zakladnej-starostlivosti\/\" \/>\n<meta property=\"og:locale\" content=\"en_GB\" \/>\n<meta property=\"og:type\" content=\"article\" \/>\n<meta property=\"og:title\" content=\"IDENEL - Set z\u00e1kladnej starostlivosti - Beauty pr\u00edstroje\" \/>\n<meta property=\"og:description\" content=\"IDENEL set starostlivosti s Altum Peptide a PDRN redukuje vr\u00e1sky, zvy\u0161uje elasticitu a regeneruje ple\u0165 po o\u0161etreniach a estetick\u00fdch proced\u00farach.\" \/>\n<meta property=\"og:url\" content=\"https:\/\/www.beautypristroje.sk\/en\/product\/idenel-set-zakladnej-starostlivosti\/\" \/>\n<meta property=\"og:site_name\" content=\"Beauty pr\u00edstroje\" \/>\n<meta property=\"article:modified_time\" content=\"2025-12-10T08:43:22+00:00\" \/>\n<meta property=\"og:image\" content=\"https:\/\/www.beautypristroje.sk\/wp-content\/uploads\/2025\/07\/idenel-set-zakladnej-starostlivosti.webp\" \/>\n\t<meta property=\"og:image:width\" content=\"800\" \/>\n\t<meta property=\"og:image:height\" content=\"800\" \/>\n\t<meta property=\"og:image:type\" content=\"image\/webp\" \/>\n<meta name=\"twitter:card\" content=\"summary_large_image\" \/>\n<meta name=\"twitter:label1\" content=\"Estimated reading time\" \/>\n\t<meta name=\"twitter:data1\" content=\"2 minutes\" \/>\n<script type=\"application\/ld+json\" class=\"yoast-schema-graph\">{\"@context\":\"https:\\\/\\\/schema.org\",\"@graph\":[{\"@type\":\"WebPage\",\"@id\":\"https:\\\/\\\/www.beautypristroje.sk\\\/produkt\\\/idenel-set-zakladnej-starostlivosti\\\/\",\"url\":\"https:\\\/\\\/www.beautypristroje.sk\\\/produkt\\\/idenel-set-zakladnej-starostlivosti\\\/\",\"name\":\"IDENEL - Set z\u00e1kladnej starostlivosti - Beauty pr\u00edstroje\",\"isPartOf\":{\"@id\":\"https:\\\/\\\/www.beautypristroje.sk\\\/#website\"},\"primaryImageOfPage\":{\"@id\":\"https:\\\/\\\/www.beautypristroje.sk\\\/produkt\\\/idenel-set-zakladnej-starostlivosti\\\/#primaryimage\"},\"image\":{\"@id\":\"https:\\\/\\\/www.beautypristroje.sk\\\/produkt\\\/idenel-set-zakladnej-starostlivosti\\\/#primaryimage\"},\"thumbnailUrl\":\"https:\\\/\\\/www.beautypristroje.sk\\\/wp-content\\\/uploads\\\/2025\\\/07\\\/idenel-set-zakladnej-starostlivosti.webp\",\"datePublished\":\"2025-07-24T08:37:15+00:00\",\"dateModified\":\"2025-12-10T08:43:22+00:00\",\"description\":\"IDENEL set starostlivosti s Altum Peptide a PDRN redukuje vr\u00e1sky, zvy\u0161uje elasticitu a regeneruje ple\u0165 po o\u0161etreniach a estetick\u00fdch proced\u00farach.\",\"breadcrumb\":{\"@id\":\"https:\\\/\\\/www.beautypristroje.sk\\\/produkt\\\/idenel-set-zakladnej-starostlivosti\\\/#breadcrumb\"},\"inLanguage\":\"en-GB\",\"potentialAction\":[{\"@type\":\"ReadAction\",\"target\":[\"https:\\\/\\\/www.beautypristroje.sk\\\/produkt\\\/idenel-set-zakladnej-starostlivosti\\\/\"]}]},{\"@type\":\"ImageObject\",\"inLanguage\":\"en-GB\",\"@id\":\"https:\\\/\\\/www.beautypristroje.sk\\\/produkt\\\/idenel-set-zakladnej-starostlivosti\\\/#primaryimage\",\"url\":\"https:\\\/\\\/www.beautypristroje.sk\\\/wp-content\\\/uploads\\\/2025\\\/07\\\/idenel-set-zakladnej-starostlivosti.webp\",\"contentUrl\":\"https:\\\/\\\/www.beautypristroje.sk\\\/wp-content\\\/uploads\\\/2025\\\/07\\\/idenel-set-zakladnej-starostlivosti.webp\",\"width\":800,\"height\":800,\"caption\":\"IDENEL Set z\u00e1kladnej starostlivosti \u2013 Revitalizing Nourishing Cream (2\u00d710\u202fml) a Repair Locking Cream (50\u202fml) pre anti-age regener\u00e1ciu, spevnenie a hydrat\u00e1ciu pleti\"},{\"@type\":\"BreadcrumbList\",\"@id\":\"https:\\\/\\\/www.beautypristroje.sk\\\/produkt\\\/idenel-set-zakladnej-starostlivosti\\\/#breadcrumb\",\"itemListElement\":[{\"@type\":\"ListItem\",\"position\":1,\"name\":\"Domovsk\u00e1 str\u00e1nka\",\"item\":\"https:\\\/\\\/www.beautypristroje.sk\\\/\"},{\"@type\":\"ListItem\",\"position\":2,\"name\":\"Obchod\",\"item\":\"https:\\\/\\\/www.beautypristroje.sk\\\/obchod\\\/\"},{\"@type\":\"ListItem\",\"position\":3,\"name\":\"IDENEL &#8211; Set z\u00e1kladnej starostlivosti\"}]},{\"@type\":\"WebSite\",\"@id\":\"https:\\\/\\\/www.beautypristroje.sk\\\/#website\",\"url\":\"https:\\\/\\\/www.beautypristroje.sk\\\/\",\"name\":\"Beauty pr\u00edstroje\",\"description\":\"Profesion\u00e1lne kozmetick\u00e9 pr\u00edstroje pre sal\u00f3ny a kliniky\",\"potentialAction\":[{\"@type\":\"SearchAction\",\"target\":{\"@type\":\"EntryPoint\",\"urlTemplate\":\"https:\\\/\\\/www.beautypristroje.sk\\\/?s={search_term_string}\"},\"query-input\":{\"@type\":\"PropertyValueSpecification\",\"valueRequired\":true,\"valueName\":\"search_term_string\"}}],\"inLanguage\":\"en-GB\"}]}<\/script>\n<!-- \/ Yoast SEO plugin. -->","yoast_head_json":{"title":"IDENEL - Set z\u00e1kladnej starostlivosti - Beauty pr\u00edstroje","description":"IDENEL set starostlivosti s Altum Peptide a PDRN redukuje vr\u00e1sky, zvy\u0161uje elasticitu a regeneruje ple\u0165 po o\u0161etreniach a estetick\u00fdch proced\u00farach.","robots":{"index":"index","follow":"follow","max-snippet":"max-snippet:-1","max-image-preview":"max-image-preview:large","max-video-preview":"max-video-preview:-1"},"canonical":"https:\/\/www.beautypristroje.sk\/en\/product\/idenel-set-zakladnej-starostlivosti\/","og_locale":"en_GB","og_type":"article","og_title":"IDENEL - Set z\u00e1kladnej starostlivosti - Beauty pr\u00edstroje","og_description":"IDENEL set starostlivosti s Altum Peptide a PDRN redukuje vr\u00e1sky, zvy\u0161uje elasticitu a regeneruje ple\u0165 po o\u0161etreniach a estetick\u00fdch proced\u00farach.","og_url":"https:\/\/www.beautypristroje.sk\/en\/product\/idenel-set-zakladnej-starostlivosti\/","og_site_name":"Beauty pr\u00edstroje","article_modified_time":"2025-12-10T08:43:22+00:00","og_image":[{"width":800,"height":800,"url":"https:\/\/www.beautypristroje.sk\/wp-content\/uploads\/2025\/07\/idenel-set-zakladnej-starostlivosti.webp","type":"image\/webp"}],"twitter_card":"summary_large_image","twitter_misc":{"Estimated reading time":"2 minutes"},"schema":{"@context":"https:\/\/schema.org","@graph":[{"@type":"WebPage","@id":"https:\/\/www.beautypristroje.sk\/produkt\/idenel-set-zakladnej-starostlivosti\/","url":"https:\/\/www.beautypristroje.sk\/produkt\/idenel-set-zakladnej-starostlivosti\/","name":"IDENEL - Set z\u00e1kladnej starostlivosti - Beauty pr\u00edstroje","isPartOf":{"@id":"https:\/\/www.beautypristroje.sk\/#website"},"primaryImageOfPage":{"@id":"https:\/\/www.beautypristroje.sk\/produkt\/idenel-set-zakladnej-starostlivosti\/#primaryimage"},"image":{"@id":"https:\/\/www.beautypristroje.sk\/produkt\/idenel-set-zakladnej-starostlivosti\/#primaryimage"},"thumbnailUrl":"https:\/\/www.beautypristroje.sk\/wp-content\/uploads\/2025\/07\/idenel-set-zakladnej-starostlivosti.webp","datePublished":"2025-07-24T08:37:15+00:00","dateModified":"2025-12-10T08:43:22+00:00","description":"IDENEL set starostlivosti s Altum Peptide a PDRN redukuje vr\u00e1sky, zvy\u0161uje elasticitu a regeneruje ple\u0165 po o\u0161etreniach a estetick\u00fdch proced\u00farach.","breadcrumb":{"@id":"https:\/\/www.beautypristroje.sk\/produkt\/idenel-set-zakladnej-starostlivosti\/#breadcrumb"},"inLanguage":"en-GB","potentialAction":[{"@type":"ReadAction","target":["https:\/\/www.beautypristroje.sk\/produkt\/idenel-set-zakladnej-starostlivosti\/"]}]},{"@type":"ImageObject","inLanguage":"en-GB","@id":"https:\/\/www.beautypristroje.sk\/produkt\/idenel-set-zakladnej-starostlivosti\/#primaryimage","url":"https:\/\/www.beautypristroje.sk\/wp-content\/uploads\/2025\/07\/idenel-set-zakladnej-starostlivosti.webp","contentUrl":"https:\/\/www.beautypristroje.sk\/wp-content\/uploads\/2025\/07\/idenel-set-zakladnej-starostlivosti.webp","width":800,"height":800,"caption":"IDENEL Set z\u00e1kladnej starostlivosti \u2013 Revitalizing Nourishing Cream (2\u00d710\u202fml) a Repair Locking Cream (50\u202fml) pre anti-age regener\u00e1ciu, spevnenie a hydrat\u00e1ciu pleti"},{"@type":"BreadcrumbList","@id":"https:\/\/www.beautypristroje.sk\/produkt\/idenel-set-zakladnej-starostlivosti\/#breadcrumb","itemListElement":[{"@type":"ListItem","position":1,"name":"Domovsk\u00e1 str\u00e1nka","item":"https:\/\/www.beautypristroje.sk\/"},{"@type":"ListItem","position":2,"name":"Obchod","item":"https:\/\/www.beautypristroje.sk\/obchod\/"},{"@type":"ListItem","position":3,"name":"IDENEL &#8211; Set z\u00e1kladnej starostlivosti"}]},{"@type":"WebSite","@id":"https:\/\/www.beautypristroje.sk\/#website","url":"https:\/\/www.beautypristroje.sk\/","name":"Beauty pr\u00edstroje","description":"Profesion\u00e1lne kozmetick\u00e9 pr\u00edstroje pre sal\u00f3ny a kliniky","potentialAction":[{"@type":"SearchAction","target":{"@type":"EntryPoint","urlTemplate":"https:\/\/www.beautypristroje.sk\/?s={search_term_string}"},"query-input":{"@type":"PropertyValueSpecification","valueRequired":true,"valueName":"search_term_string"}}],"inLanguage":"en-GB"}]}},"_links":{"self":[{"href":"https:\/\/www.beautypristroje.sk\/en\/wp-json\/wp\/v2\/product\/1008","targetHints":{"allow":["GET"]}}],"collection":[{"href":"https:\/\/www.beautypristroje.sk\/en\/wp-json\/wp\/v2\/product"}],"about":[{"href":"https:\/\/www.beautypristroje.sk\/en\/wp-json\/wp\/v2\/types\/product"}],"replies":[{"embeddable":true,"href":"https:\/\/www.beautypristroje.sk\/en\/wp-json\/wp\/v2\/comments?post=1008"}],"wp:featuredmedia":[{"embeddable":true,"href":"https:\/\/www.beautypristroje.sk\/en\/wp-json\/wp\/v2\/media\/1009"}],"wp:attachment":[{"href":"https:\/\/www.beautypristroje.sk\/en\/wp-json\/wp\/v2\/media?parent=1008"}],"wp:term":[{"taxonomy":"product_brand","embeddable":true,"href":"https:\/\/www.beautypristroje.sk\/en\/wp-json\/wp\/v2\/product_brand?post=1008"},{"taxonomy":"product_cat","embeddable":true,"href":"https:\/\/www.beautypristroje.sk\/en\/wp-json\/wp\/v2\/product_cat?post=1008"},{"taxonomy":"product_tag","embeddable":true,"href":"https:\/\/www.beautypristroje.sk\/en\/wp-json\/wp\/v2\/product_tag?post=1008"}],"curies":[{"name":"wp","href":"https:\/\/api.w.org\/{rel}","templated":true}]}}