{"id":1006,"date":"2025-07-24T10:34:00","date_gmt":"2025-07-24T08:34:00","guid":{"rendered":"https:\/\/www.beautypristroje.sk\/?post_type=product&#038;p=1006"},"modified":"2025-12-10T09:33:46","modified_gmt":"2025-12-10T08:33:46","slug":"idenel-repair-locking-cream-regeneracny-krem-50-ml","status":"publish","type":"product","link":"https:\/\/www.beautypristroje.sk\/en\/product\/idenel-repair-locking-cream-regeneracny-krem-50-ml\/","title":{"rendered":"IDENEL &#8211; Repair Locking Cream &#8211; regenera\u010dn\u00fd kr\u00e9m 50 ml"},"content":{"rendered":"<p>Pr\u00e9miov\u00fd ple\u0165ov\u00fd kr\u00e9m cieli na upokojenie a regener\u00e1ciu pleti, posilnenie ko\u017enej bari\u00e9ry, rozjasnenie a elimin\u00e1ciu vr\u00e1sok. Vhodn\u00e9 aj na upokojenie pleti po estetick\u00fdch z\u00e1krokoch (laser, chemick\u00fd peeling, mezoterapia). Vhodn\u00fd pre citliv\u00fa ple\u0165.<\/p>\n<p><strong>Ingrediencie, ktor\u00e9 m\u00e1me radi<\/strong><\/p>\n<p><strong>Ceramidy:<\/strong>\u00a0Posil\u0148uj\u00fa ko\u017en\u00fa bari\u00e9ru a obnovu pleti.<\/p>\n<p><strong>PDRN:\u00a0<\/strong>R\u00fdchla regener\u00e1cia pleti, t\u00e1to akt\u00edvna l\u00e1tka stimuluje tvorbu kolag\u00e9nu a chr\u00e1ni ple\u0165 pred z\u00e1palmi.<\/p>\n<p><strong>Glutati\u00f3n:<\/strong>\u00a0Rozjasnenie a zjednotenie t\u00f3nu pleti.<\/p>\n<p><strong>Panthenol:<\/strong>\u00a0Upokojenie pleti.<\/p>\n<p><strong>Pou\u017eitie<\/strong><\/p>\n<p>Po aplik\u00e1cii pr\u00edpravku\u00a0<a href=\"https:\/\/eshop.natureal.sk\/sk\/uvodna-stranka\/3153-idenel-revitalizing-nourishing-cream-spevnujuci-krem-10-ml-x-2.html\">IDENEL &#8211; Revitalizing nourishing cream &#8211; spev\u0148uj\u00faci kr\u00e9m 10 ml x 2<\/a>\u00a0alebo samostatne r\u00e1no a ve\u010der po vy\u010disten\u00ed pleti.<\/p>","protected":false},"excerpt":{"rendered":"<p>Tento kr\u00e9m r\u00fdchlo upokojuje poko\u017eku po o\u0161etren\u00ed pr\u00edpravkom\u00a0<a href=\"https:\/\/eshop.natureal.sk\/sk\/uvodna-stranka\/3153-idenel-revitalizing-nourishing-cream-spevnujuci-krem-10-ml-x-2.html\">IDENEL &#8211; Revitalizing nourishing cream &#8211; spev\u0148uj\u00faci kr\u00e9m 10 ml x 2<\/a><\/p>","protected":false},"featured_media":1007,"comment_status":"open","ping_status":"closed","template":"","meta":{"_acf_changed":false},"product_brand":[76],"product_cat":[75,26],"product_tag":[],"class_list":{"0":"post-1006","1":"product","2":"type-product","3":"status-publish","4":"has-post-thumbnail","6":"product_brand-idenel","7":"product_cat-kremy-a-sera","8":"product_cat-skincare-produkty","10":"first","11":"instock","12":"taxable","13":"shipping-taxable","14":"purchasable","15":"product-type-simple"},"acf":[],"yoast_head":"<!-- This site is optimized with the Yoast SEO plugin v27.5 - https:\/\/yoast.com\/product\/yoast-seo-wordpress\/ -->\n<title>IDENEL - Repair Locking Cream - regenera\u010dn\u00fd kr\u00e9m 50 ml - Beauty pr\u00edstroje<\/title>\n<meta name=\"description\" content=\"IDENEL Repair Locking Cream regeneruje, upokojuje a rozjas\u0148uje ple\u0165, posil\u0148uje ko\u017en\u00fa bari\u00e9ru a zni\u017euje vr\u00e1sky, vhodn\u00fd aj po estetick\u00fdch o\u0161etreniach.\" \/>\n<meta name=\"robots\" content=\"index, follow, max-snippet:-1, max-image-preview:large, max-video-preview:-1\" \/>\n<link rel=\"canonical\" href=\"https:\/\/www.beautypristroje.sk\/en\/product\/idenel-repair-locking-cream-regeneracny-krem-50-ml\/\" \/>\n<meta property=\"og:locale\" content=\"en_GB\" \/>\n<meta property=\"og:type\" content=\"article\" \/>\n<meta property=\"og:title\" content=\"IDENEL - Repair Locking Cream - regenera\u010dn\u00fd kr\u00e9m 50 ml - Beauty pr\u00edstroje\" \/>\n<meta property=\"og:description\" content=\"IDENEL Repair Locking Cream regeneruje, upokojuje a rozjas\u0148uje ple\u0165, posil\u0148uje ko\u017en\u00fa bari\u00e9ru a zni\u017euje vr\u00e1sky, vhodn\u00fd aj po estetick\u00fdch o\u0161etreniach.\" \/>\n<meta property=\"og:url\" content=\"https:\/\/www.beautypristroje.sk\/en\/product\/idenel-repair-locking-cream-regeneracny-krem-50-ml\/\" \/>\n<meta property=\"og:site_name\" content=\"Beauty pr\u00edstroje\" \/>\n<meta property=\"article:modified_time\" content=\"2025-12-10T08:33:46+00:00\" \/>\n<meta property=\"og:image\" content=\"https:\/\/www.beautypristroje.sk\/wp-content\/uploads\/2025\/07\/IDENEL-Repair-Locking-Cream-regeneracny-krem-50-ml.webp\" \/>\n\t<meta property=\"og:image:width\" content=\"800\" \/>\n\t<meta property=\"og:image:height\" content=\"800\" \/>\n\t<meta property=\"og:image:type\" content=\"image\/webp\" \/>\n<meta name=\"twitter:card\" content=\"summary_large_image\" \/>\n<meta name=\"twitter:label1\" content=\"Estimated reading time\" \/>\n\t<meta name=\"twitter:data1\" content=\"1 minute\" \/>\n<script type=\"application\/ld+json\" class=\"yoast-schema-graph\">{\"@context\":\"https:\\\/\\\/schema.org\",\"@graph\":[{\"@type\":\"WebPage\",\"@id\":\"https:\\\/\\\/www.beautypristroje.sk\\\/produkt\\\/idenel-repair-locking-cream-regeneracny-krem-50-ml\\\/\",\"url\":\"https:\\\/\\\/www.beautypristroje.sk\\\/produkt\\\/idenel-repair-locking-cream-regeneracny-krem-50-ml\\\/\",\"name\":\"IDENEL - Repair Locking Cream - regenera\u010dn\u00fd kr\u00e9m 50 ml - Beauty pr\u00edstroje\",\"isPartOf\":{\"@id\":\"https:\\\/\\\/www.beautypristroje.sk\\\/#website\"},\"primaryImageOfPage\":{\"@id\":\"https:\\\/\\\/www.beautypristroje.sk\\\/produkt\\\/idenel-repair-locking-cream-regeneracny-krem-50-ml\\\/#primaryimage\"},\"image\":{\"@id\":\"https:\\\/\\\/www.beautypristroje.sk\\\/produkt\\\/idenel-repair-locking-cream-regeneracny-krem-50-ml\\\/#primaryimage\"},\"thumbnailUrl\":\"https:\\\/\\\/www.beautypristroje.sk\\\/wp-content\\\/uploads\\\/2025\\\/07\\\/IDENEL-Repair-Locking-Cream-regeneracny-krem-50-ml.webp\",\"datePublished\":\"2025-07-24T08:34:00+00:00\",\"dateModified\":\"2025-12-10T08:33:46+00:00\",\"description\":\"IDENEL Repair Locking Cream regeneruje, upokojuje a rozjas\u0148uje ple\u0165, posil\u0148uje ko\u017en\u00fa bari\u00e9ru a zni\u017euje vr\u00e1sky, vhodn\u00fd aj po estetick\u00fdch o\u0161etreniach.\",\"breadcrumb\":{\"@id\":\"https:\\\/\\\/www.beautypristroje.sk\\\/produkt\\\/idenel-repair-locking-cream-regeneracny-krem-50-ml\\\/#breadcrumb\"},\"inLanguage\":\"en-GB\",\"potentialAction\":[{\"@type\":\"ReadAction\",\"target\":[\"https:\\\/\\\/www.beautypristroje.sk\\\/produkt\\\/idenel-repair-locking-cream-regeneracny-krem-50-ml\\\/\"]}]},{\"@type\":\"ImageObject\",\"inLanguage\":\"en-GB\",\"@id\":\"https:\\\/\\\/www.beautypristroje.sk\\\/produkt\\\/idenel-repair-locking-cream-regeneracny-krem-50-ml\\\/#primaryimage\",\"url\":\"https:\\\/\\\/www.beautypristroje.sk\\\/wp-content\\\/uploads\\\/2025\\\/07\\\/IDENEL-Repair-Locking-Cream-regeneracny-krem-50-ml.webp\",\"contentUrl\":\"https:\\\/\\\/www.beautypristroje.sk\\\/wp-content\\\/uploads\\\/2025\\\/07\\\/IDENEL-Repair-Locking-Cream-regeneracny-krem-50-ml.webp\",\"width\":800,\"height\":800,\"caption\":\"IDENEL Repair Locking Cream 50\u202fml \u2013 regenera\u010dn\u00fd kr\u00e9m na upokojenie, hydrat\u00e1ciu a obnovu citlivej pleti po estetick\u00fdch z\u00e1krokoch\"},{\"@type\":\"BreadcrumbList\",\"@id\":\"https:\\\/\\\/www.beautypristroje.sk\\\/produkt\\\/idenel-repair-locking-cream-regeneracny-krem-50-ml\\\/#breadcrumb\",\"itemListElement\":[{\"@type\":\"ListItem\",\"position\":1,\"name\":\"Domovsk\u00e1 str\u00e1nka\",\"item\":\"https:\\\/\\\/www.beautypristroje.sk\\\/\"},{\"@type\":\"ListItem\",\"position\":2,\"name\":\"Obchod\",\"item\":\"https:\\\/\\\/www.beautypristroje.sk\\\/obchod\\\/\"},{\"@type\":\"ListItem\",\"position\":3,\"name\":\"IDENEL &#8211; Repair Locking Cream &#8211; regenera\u010dn\u00fd kr\u00e9m 50 ml\"}]},{\"@type\":\"WebSite\",\"@id\":\"https:\\\/\\\/www.beautypristroje.sk\\\/#website\",\"url\":\"https:\\\/\\\/www.beautypristroje.sk\\\/\",\"name\":\"Beauty pr\u00edstroje\",\"description\":\"Profesion\u00e1lne kozmetick\u00e9 pr\u00edstroje pre sal\u00f3ny a kliniky\",\"potentialAction\":[{\"@type\":\"SearchAction\",\"target\":{\"@type\":\"EntryPoint\",\"urlTemplate\":\"https:\\\/\\\/www.beautypristroje.sk\\\/?s={search_term_string}\"},\"query-input\":{\"@type\":\"PropertyValueSpecification\",\"valueRequired\":true,\"valueName\":\"search_term_string\"}}],\"inLanguage\":\"en-GB\"}]}<\/script>\n<!-- \/ Yoast SEO plugin. -->","yoast_head_json":{"title":"IDENEL - Repair Locking Cream - regenera\u010dn\u00fd kr\u00e9m 50 ml - Beauty pr\u00edstroje","description":"IDENEL Repair Locking Cream regeneruje, upokojuje a rozjas\u0148uje ple\u0165, posil\u0148uje ko\u017en\u00fa bari\u00e9ru a zni\u017euje vr\u00e1sky, vhodn\u00fd aj po estetick\u00fdch o\u0161etreniach.","robots":{"index":"index","follow":"follow","max-snippet":"max-snippet:-1","max-image-preview":"max-image-preview:large","max-video-preview":"max-video-preview:-1"},"canonical":"https:\/\/www.beautypristroje.sk\/en\/product\/idenel-repair-locking-cream-regeneracny-krem-50-ml\/","og_locale":"en_GB","og_type":"article","og_title":"IDENEL - Repair Locking Cream - regenera\u010dn\u00fd kr\u00e9m 50 ml - Beauty pr\u00edstroje","og_description":"IDENEL Repair Locking Cream regeneruje, upokojuje a rozjas\u0148uje ple\u0165, posil\u0148uje ko\u017en\u00fa bari\u00e9ru a zni\u017euje vr\u00e1sky, vhodn\u00fd aj po estetick\u00fdch o\u0161etreniach.","og_url":"https:\/\/www.beautypristroje.sk\/en\/product\/idenel-repair-locking-cream-regeneracny-krem-50-ml\/","og_site_name":"Beauty pr\u00edstroje","article_modified_time":"2025-12-10T08:33:46+00:00","og_image":[{"width":800,"height":800,"url":"https:\/\/www.beautypristroje.sk\/wp-content\/uploads\/2025\/07\/IDENEL-Repair-Locking-Cream-regeneracny-krem-50-ml.webp","type":"image\/webp"}],"twitter_card":"summary_large_image","twitter_misc":{"Estimated reading time":"1 minute"},"schema":{"@context":"https:\/\/schema.org","@graph":[{"@type":"WebPage","@id":"https:\/\/www.beautypristroje.sk\/produkt\/idenel-repair-locking-cream-regeneracny-krem-50-ml\/","url":"https:\/\/www.beautypristroje.sk\/produkt\/idenel-repair-locking-cream-regeneracny-krem-50-ml\/","name":"IDENEL - Repair Locking Cream - regenera\u010dn\u00fd kr\u00e9m 50 ml - Beauty pr\u00edstroje","isPartOf":{"@id":"https:\/\/www.beautypristroje.sk\/#website"},"primaryImageOfPage":{"@id":"https:\/\/www.beautypristroje.sk\/produkt\/idenel-repair-locking-cream-regeneracny-krem-50-ml\/#primaryimage"},"image":{"@id":"https:\/\/www.beautypristroje.sk\/produkt\/idenel-repair-locking-cream-regeneracny-krem-50-ml\/#primaryimage"},"thumbnailUrl":"https:\/\/www.beautypristroje.sk\/wp-content\/uploads\/2025\/07\/IDENEL-Repair-Locking-Cream-regeneracny-krem-50-ml.webp","datePublished":"2025-07-24T08:34:00+00:00","dateModified":"2025-12-10T08:33:46+00:00","description":"IDENEL Repair Locking Cream regeneruje, upokojuje a rozjas\u0148uje ple\u0165, posil\u0148uje ko\u017en\u00fa bari\u00e9ru a zni\u017euje vr\u00e1sky, vhodn\u00fd aj po estetick\u00fdch o\u0161etreniach.","breadcrumb":{"@id":"https:\/\/www.beautypristroje.sk\/produkt\/idenel-repair-locking-cream-regeneracny-krem-50-ml\/#breadcrumb"},"inLanguage":"en-GB","potentialAction":[{"@type":"ReadAction","target":["https:\/\/www.beautypristroje.sk\/produkt\/idenel-repair-locking-cream-regeneracny-krem-50-ml\/"]}]},{"@type":"ImageObject","inLanguage":"en-GB","@id":"https:\/\/www.beautypristroje.sk\/produkt\/idenel-repair-locking-cream-regeneracny-krem-50-ml\/#primaryimage","url":"https:\/\/www.beautypristroje.sk\/wp-content\/uploads\/2025\/07\/IDENEL-Repair-Locking-Cream-regeneracny-krem-50-ml.webp","contentUrl":"https:\/\/www.beautypristroje.sk\/wp-content\/uploads\/2025\/07\/IDENEL-Repair-Locking-Cream-regeneracny-krem-50-ml.webp","width":800,"height":800,"caption":"IDENEL Repair Locking Cream 50\u202fml \u2013 regenera\u010dn\u00fd kr\u00e9m na upokojenie, hydrat\u00e1ciu a obnovu citlivej pleti po estetick\u00fdch z\u00e1krokoch"},{"@type":"BreadcrumbList","@id":"https:\/\/www.beautypristroje.sk\/produkt\/idenel-repair-locking-cream-regeneracny-krem-50-ml\/#breadcrumb","itemListElement":[{"@type":"ListItem","position":1,"name":"Domovsk\u00e1 str\u00e1nka","item":"https:\/\/www.beautypristroje.sk\/"},{"@type":"ListItem","position":2,"name":"Obchod","item":"https:\/\/www.beautypristroje.sk\/obchod\/"},{"@type":"ListItem","position":3,"name":"IDENEL &#8211; Repair Locking Cream &#8211; regenera\u010dn\u00fd kr\u00e9m 50 ml"}]},{"@type":"WebSite","@id":"https:\/\/www.beautypristroje.sk\/#website","url":"https:\/\/www.beautypristroje.sk\/","name":"Beauty pr\u00edstroje","description":"Profesion\u00e1lne kozmetick\u00e9 pr\u00edstroje pre sal\u00f3ny a kliniky","potentialAction":[{"@type":"SearchAction","target":{"@type":"EntryPoint","urlTemplate":"https:\/\/www.beautypristroje.sk\/?s={search_term_string}"},"query-input":{"@type":"PropertyValueSpecification","valueRequired":true,"valueName":"search_term_string"}}],"inLanguage":"en-GB"}]}},"_links":{"self":[{"href":"https:\/\/www.beautypristroje.sk\/en\/wp-json\/wp\/v2\/product\/1006","targetHints":{"allow":["GET"]}}],"collection":[{"href":"https:\/\/www.beautypristroje.sk\/en\/wp-json\/wp\/v2\/product"}],"about":[{"href":"https:\/\/www.beautypristroje.sk\/en\/wp-json\/wp\/v2\/types\/product"}],"replies":[{"embeddable":true,"href":"https:\/\/www.beautypristroje.sk\/en\/wp-json\/wp\/v2\/comments?post=1006"}],"wp:featuredmedia":[{"embeddable":true,"href":"https:\/\/www.beautypristroje.sk\/en\/wp-json\/wp\/v2\/media\/1007"}],"wp:attachment":[{"href":"https:\/\/www.beautypristroje.sk\/en\/wp-json\/wp\/v2\/media?parent=1006"}],"wp:term":[{"taxonomy":"product_brand","embeddable":true,"href":"https:\/\/www.beautypristroje.sk\/en\/wp-json\/wp\/v2\/product_brand?post=1006"},{"taxonomy":"product_cat","embeddable":true,"href":"https:\/\/www.beautypristroje.sk\/en\/wp-json\/wp\/v2\/product_cat?post=1006"},{"taxonomy":"product_tag","embeddable":true,"href":"https:\/\/www.beautypristroje.sk\/en\/wp-json\/wp\/v2\/product_tag?post=1006"}],"curies":[{"name":"wp","href":"https:\/\/api.w.org\/{rel}","templated":true}]}}