{"id":58,"date":"2024-12-12T01:07:52","date_gmt":"2024-12-12T00:07:52","guid":{"rendered":"https:\/\/www.beautypristroje.sk\/?page_id=58"},"modified":"2025-10-24T09:18:10","modified_gmt":"2025-10-24T07:18:10","slug":"o-nas","status":"publish","type":"page","link":"https:\/\/www.beautypristroje.sk\/en\/o-nas\/","title":{"rendered":"O n\u00e1s"},"content":{"rendered":"<div data-elementor-type=\"wp-page\" data-elementor-id=\"58\" class=\"elementor elementor-58\" wpc-filter-elementor-widget=\"1\" data-elementor-post-type=\"page\">\n\t\t\t\t\t\t<section class=\"elementor-section elementor-top-section elementor-element elementor-element-bc3e727 elementor-section-content-middle elementor-section-boxed elementor-section-height-default elementor-section-height-default\" data-id=\"bc3e727\" data-element_type=\"section\" data-e-type=\"section\" data-settings=\"{&quot;background_background&quot;:&quot;classic&quot;}\">\n\t\t\t\t\t\t\t<div class=\"elementor-background-overlay\"><\/div>\n\t\t\t\t\t\t\t<div class=\"elementor-container elementor-column-gap-default\">\n\t\t\t\t\t<div class=\"elementor-column elementor-col-100 elementor-top-column elementor-element elementor-element-fd0f519\" data-id=\"fd0f519\" data-element_type=\"column\" data-e-type=\"column\">\n\t\t\t<div class=\"elementor-widget-wrap elementor-element-populated\">\n\t\t\t\t\t\t<div class=\"elementor-element elementor-element-5871e6f elementor-widget elementor-widget-heading\" data-id=\"5871e6f\" data-element_type=\"widget\" data-e-type=\"widget\" data-widget_type=\"heading.default\">\n\t\t\t\t\t<h1 class=\"elementor-heading-title elementor-size-default\">o n\u00e1s<\/h1>\t\t\t\t<\/div>\n\t\t\t\t\t<\/div>\n\t\t<\/div>\n\t\t\t\t\t<\/div>\n\t\t<\/section>\n\t\t<div class=\"elementor-element elementor-element-3c8e4468 e-flex e-con-boxed e-con e-parent\" data-id=\"3c8e4468\" data-element_type=\"container\" data-e-type=\"container\">\n\t\t\t\t\t<div class=\"e-con-inner\">\n\t\t\t\t<div class=\"elementor-element elementor-element-1cf8e0c4 elementor-widget elementor-widget-text-editor\" data-id=\"1cf8e0c4\" data-element_type=\"widget\" data-e-type=\"widget\" data-widget_type=\"text-editor.default\">\n\t\t\t\t\t\t\t\t\t<h4 style=\"text-align: left;\"><strong>Vitajte na na\u0161ej str\u00e1nke<\/strong><\/h4><h4>\u00a0<\/h4><h4 style=\"text-align: left;\"><strong>v\u00e1\u0161 partner pre luxusn\u00e9 kozmetick\u00e9 a medic\u00ednske technol\u00f3gie, ktor\u00e9 prin\u00e1\u0161aj\u00fa kr\u00e1su a zisk<\/strong><\/h4><p>\u00a0<\/p><p>H\u013ead\u00e1te \u0161pi\u010dkov\u00e9 pr\u00edstroje, ktor\u00e9 pov\u00fd\u0161ia va\u0161e podnikanie na vy\u0161\u0161iu \u00farove\u0148? Ste na spr\u00e1vnom mieste! Sme odborn\u00edci na predaj luxusn\u00fdch a inovat\u00edvnych kozmetick\u00fdch zariaden\u00ed, ktor\u00e9 sp\u013a\u0148aj\u00fa tie najvy\u0161\u0161ie \u0161tandardy kvality, spo\u013eahlivosti a bezpe\u010dnosti.<\/p><p>Na\u0161a ponuka je navrhnut\u00e1 tak, aby vyhovela potreb\u00e1m kozmetick\u00fdch sal\u00f3nov, estetick\u00fdch klin\u00edk a wellness centier. Pon\u00fakame \u0161pi\u010dkov\u00e9 technol\u00f3gie, ako s\u00fa zariadenia na laserov\u00fa epil\u00e1ciu, omladenie pleti, telesn\u00fa model\u00e1ciu \u010di medic\u00ednske terapie \u2013 v\u0161etko s cie\u013eom prinies\u0165 va\u0161im klientom v\u00fdsledky a v\u00e1\u0161mu podnikaniu \u00faspech.<\/p><p>S nami z\u00edskate viac ne\u017e len zariadenie. Poskytujeme kompletn\u00fa podporu: odborn\u00e9 poradenstvo pri v\u00fdbere pr\u00edstroja, \u0161kolenia pre efekt\u00edvne vyu\u017eitie a profesion\u00e1lny z\u00e1ru\u010dn\u00fd aj poz\u00e1ru\u010dn\u00fd servis.<\/p><p>Preme\u0148te svoj sal\u00f3n na centrum kr\u00e1sy a zisku s na\u0161imi Luxury technol\u00f3giami.<br \/>Za\u010dnite nov\u00fa \u00e9ru svojho podnikania u\u017e dnes!<\/p><p>Prezrite si na\u0161u ponuku a objavte v\u00fdnimo\u010dn\u00e9 mo\u017enosti, ktor\u00e9 v\u00e1m pom\u00f4\u017eu r\u00e1s\u0165.<\/p><p>\u00a0<\/p><h6><strong>Prev\u00e1dzkovate\u013e internetov\u00e9ho obchodu:<\/strong><\/h6><p>Pr\u00e1vnick\u00e1 osoba alebo firma : Luxuryesthetic, s. r. o.<\/p><p>Registrovan\u00fd v\u00a0Obchodnom registri Okresn\u00e9ho s\u00fadu Bansk\u00e1 Bystrica, oddiel: Sro, vlo\u017eka \u010d. 39337\/S<br \/>S\u00eddlo: Kuzm\u00e1nyho 143\/24 966 22 Lutila, Slovensk\u00e1 republika<br \/>I\u010cO: 53210956<br \/>DI\u010c: 2121301622<br \/>I\u010c DPH: SK2121301622<\/p><p>t.\u010d. : +421 940 083 875<br \/>email: <a class=\"w-text-h\" href=\"https:\/\/www.beautypristroje.sk\/en\/kontakt\/info@beautypristroje.sk\/\"><span class=\"w-text-value\">info@beautypristroje.sk<\/span><\/a><\/p>\t\t\t\t\t\t\t\t<\/div>\n\t\t\t\t\t<\/div>\n\t\t\t\t<\/div>\n\t\t\t\t<\/div>","protected":false},"excerpt":{"rendered":"<p>o n\u00e1s Vitajte na na\u0161ej str\u00e1nke \u00a0 v\u00e1\u0161 partner pre luxusn\u00e9 kozmetick\u00e9 a medic\u00ednske technol\u00f3gie, ktor\u00e9 prin\u00e1\u0161aj\u00fa kr\u00e1su a zisk \u00a0 H\u013ead\u00e1te \u0161pi\u010dkov\u00e9 pr\u00edstroje, ktor\u00e9 pov\u00fd\u0161ia va\u0161e podnikanie na vy\u0161\u0161iu \u00farove\u0148? Ste na spr\u00e1vnom mieste! Sme odborn\u00edci na predaj luxusn\u00fdch a inovat\u00edvnych kozmetick\u00fdch zariaden\u00ed, ktor\u00e9 sp\u013a\u0148aj\u00fa tie najvy\u0161\u0161ie \u0161tandardy kvality, spo\u013eahlivosti a bezpe\u010dnosti. Na\u0161a ponuka [&hellip;]<\/p>\n","protected":false},"author":2,"featured_media":0,"parent":0,"menu_order":0,"comment_status":"closed","ping_status":"closed","template":"","meta":{"_acf_changed":false,"footnotes":""},"class_list":["post-58","page","type-page","status-publish","hentry"],"acf":[],"yoast_head":"<!-- This site is optimized with the Yoast SEO plugin v27.6 - https:\/\/yoast.com\/product\/yoast-seo-wordpress\/ -->\n<title>Beauty pr\u00edstroje - O n\u00e1s<\/title>\n<meta name=\"description\" content=\"Sme odborn\u00edci na predaj luxusn\u00fdch a inovat\u00edvnych kozmetick\u00fdch zariaden\u00ed pre sal\u00f3ny a kliniky. Kompletn\u00e1 podpora vr\u00e1tane \u0161kolen\u00ed a servisu.\" \/>\n<meta name=\"robots\" content=\"index, follow, max-snippet:-1, max-image-preview:large, max-video-preview:-1\" \/>\n<link rel=\"canonical\" href=\"https:\/\/www.beautypristroje.sk\/en\/o-nas\/\" \/>\n<meta property=\"og:locale\" content=\"en_GB\" \/>\n<meta property=\"og:type\" content=\"article\" \/>\n<meta property=\"og:title\" content=\"Beauty pr\u00edstroje - O n\u00e1s\" \/>\n<meta property=\"og:description\" content=\"Sme odborn\u00edci na predaj luxusn\u00fdch a inovat\u00edvnych kozmetick\u00fdch zariaden\u00ed pre sal\u00f3ny a kliniky. Kompletn\u00e1 podpora vr\u00e1tane \u0161kolen\u00ed a servisu.\" \/>\n<meta property=\"og:url\" content=\"https:\/\/www.beautypristroje.sk\/en\/o-nas\/\" \/>\n<meta property=\"og:site_name\" content=\"Beauty pr\u00edstroje\" \/>\n<meta property=\"article:modified_time\" content=\"2025-10-24T07:18:10+00:00\" \/>\n<meta name=\"twitter:card\" content=\"summary_large_image\" \/>\n<meta name=\"twitter:label1\" content=\"Estimated reading time\" \/>\n\t<meta name=\"twitter:data1\" content=\"2 minutes\" \/>\n<script type=\"application\/ld+json\" class=\"yoast-schema-graph\">{\"@context\":\"https:\\\/\\\/schema.org\",\"@graph\":[{\"@type\":\"WebPage\",\"@id\":\"https:\\\/\\\/www.beautypristroje.sk\\\/o-nas\\\/\",\"url\":\"https:\\\/\\\/www.beautypristroje.sk\\\/o-nas\\\/\",\"name\":\"Beauty pr\u00edstroje - O n\u00e1s\",\"isPartOf\":{\"@id\":\"https:\\\/\\\/www.beautypristroje.sk\\\/#website\"},\"datePublished\":\"2024-12-12T00:07:52+00:00\",\"dateModified\":\"2025-10-24T07:18:10+00:00\",\"description\":\"Sme odborn\u00edci na predaj luxusn\u00fdch a inovat\u00edvnych kozmetick\u00fdch zariaden\u00ed pre sal\u00f3ny a kliniky. Kompletn\u00e1 podpora vr\u00e1tane \u0161kolen\u00ed a servisu.\",\"breadcrumb\":{\"@id\":\"https:\\\/\\\/www.beautypristroje.sk\\\/o-nas\\\/#breadcrumb\"},\"inLanguage\":\"en-GB\",\"potentialAction\":[{\"@type\":\"ReadAction\",\"target\":[\"https:\\\/\\\/www.beautypristroje.sk\\\/o-nas\\\/\"]}]},{\"@type\":\"BreadcrumbList\",\"@id\":\"https:\\\/\\\/www.beautypristroje.sk\\\/o-nas\\\/#breadcrumb\",\"itemListElement\":[{\"@type\":\"ListItem\",\"position\":1,\"name\":\"Domovsk\u00e1 str\u00e1nka\",\"item\":\"https:\\\/\\\/www.beautypristroje.sk\\\/\"},{\"@type\":\"ListItem\",\"position\":2,\"name\":\"O n\u00e1s\"}]},{\"@type\":\"WebSite\",\"@id\":\"https:\\\/\\\/www.beautypristroje.sk\\\/#website\",\"url\":\"https:\\\/\\\/www.beautypristroje.sk\\\/\",\"name\":\"Beauty pr\u00edstroje\",\"description\":\"Profesion\u00e1lne kozmetick\u00e9 pr\u00edstroje pre sal\u00f3ny a kliniky\",\"potentialAction\":[{\"@type\":\"SearchAction\",\"target\":{\"@type\":\"EntryPoint\",\"urlTemplate\":\"https:\\\/\\\/www.beautypristroje.sk\\\/?s={search_term_string}\"},\"query-input\":{\"@type\":\"PropertyValueSpecification\",\"valueRequired\":true,\"valueName\":\"search_term_string\"}}],\"inLanguage\":\"en-GB\"}]}<\/script>\n<!-- \/ Yoast SEO plugin. -->","yoast_head_json":{"title":"Beauty pr\u00edstroje - O n\u00e1s","description":"Sme odborn\u00edci na predaj luxusn\u00fdch a inovat\u00edvnych kozmetick\u00fdch zariaden\u00ed pre sal\u00f3ny a kliniky. Kompletn\u00e1 podpora vr\u00e1tane \u0161kolen\u00ed a servisu.","robots":{"index":"index","follow":"follow","max-snippet":"max-snippet:-1","max-image-preview":"max-image-preview:large","max-video-preview":"max-video-preview:-1"},"canonical":"https:\/\/www.beautypristroje.sk\/en\/o-nas\/","og_locale":"en_GB","og_type":"article","og_title":"Beauty pr\u00edstroje - O n\u00e1s","og_description":"Sme odborn\u00edci na predaj luxusn\u00fdch a inovat\u00edvnych kozmetick\u00fdch zariaden\u00ed pre sal\u00f3ny a kliniky. Kompletn\u00e1 podpora vr\u00e1tane \u0161kolen\u00ed a servisu.","og_url":"https:\/\/www.beautypristroje.sk\/en\/o-nas\/","og_site_name":"Beauty pr\u00edstroje","article_modified_time":"2025-10-24T07:18:10+00:00","twitter_card":"summary_large_image","twitter_misc":{"Estimated reading time":"2 minutes"},"schema":{"@context":"https:\/\/schema.org","@graph":[{"@type":"WebPage","@id":"https:\/\/www.beautypristroje.sk\/o-nas\/","url":"https:\/\/www.beautypristroje.sk\/o-nas\/","name":"Beauty pr\u00edstroje - O n\u00e1s","isPartOf":{"@id":"https:\/\/www.beautypristroje.sk\/#website"},"datePublished":"2024-12-12T00:07:52+00:00","dateModified":"2025-10-24T07:18:10+00:00","description":"Sme odborn\u00edci na predaj luxusn\u00fdch a inovat\u00edvnych kozmetick\u00fdch zariaden\u00ed pre sal\u00f3ny a kliniky. Kompletn\u00e1 podpora vr\u00e1tane \u0161kolen\u00ed a servisu.","breadcrumb":{"@id":"https:\/\/www.beautypristroje.sk\/o-nas\/#breadcrumb"},"inLanguage":"en-GB","potentialAction":[{"@type":"ReadAction","target":["https:\/\/www.beautypristroje.sk\/o-nas\/"]}]},{"@type":"BreadcrumbList","@id":"https:\/\/www.beautypristroje.sk\/o-nas\/#breadcrumb","itemListElement":[{"@type":"ListItem","position":1,"name":"Domovsk\u00e1 str\u00e1nka","item":"https:\/\/www.beautypristroje.sk\/"},{"@type":"ListItem","position":2,"name":"O n\u00e1s"}]},{"@type":"WebSite","@id":"https:\/\/www.beautypristroje.sk\/#website","url":"https:\/\/www.beautypristroje.sk\/","name":"Beauty pr\u00edstroje","description":"Profesion\u00e1lne kozmetick\u00e9 pr\u00edstroje pre sal\u00f3ny a kliniky","potentialAction":[{"@type":"SearchAction","target":{"@type":"EntryPoint","urlTemplate":"https:\/\/www.beautypristroje.sk\/?s={search_term_string}"},"query-input":{"@type":"PropertyValueSpecification","valueRequired":true,"valueName":"search_term_string"}}],"inLanguage":"en-GB"}]}},"_links":{"self":[{"href":"https:\/\/www.beautypristroje.sk\/en\/wp-json\/wp\/v2\/pages\/58","targetHints":{"allow":["GET"]}}],"collection":[{"href":"https:\/\/www.beautypristroje.sk\/en\/wp-json\/wp\/v2\/pages"}],"about":[{"href":"https:\/\/www.beautypristroje.sk\/en\/wp-json\/wp\/v2\/types\/page"}],"author":[{"embeddable":true,"href":"https:\/\/www.beautypristroje.sk\/en\/wp-json\/wp\/v2\/users\/2"}],"replies":[{"embeddable":true,"href":"https:\/\/www.beautypristroje.sk\/en\/wp-json\/wp\/v2\/comments?post=58"}],"version-history":[{"count":0,"href":"https:\/\/www.beautypristroje.sk\/en\/wp-json\/wp\/v2\/pages\/58\/revisions"}],"wp:attachment":[{"href":"https:\/\/www.beautypristroje.sk\/en\/wp-json\/wp\/v2\/media?parent=58"}],"curies":[{"name":"wp","href":"https:\/\/api.w.org\/{rel}","templated":true}]}}