{"id":498,"date":"2025-04-02T12:50:26","date_gmt":"2025-04-02T10:50:26","guid":{"rendered":"https:\/\/www.beautypristroje.sk\/?page_id=498"},"modified":"2025-11-06T15:44:36","modified_gmt":"2025-11-06T14:44:36","slug":"salony-na-kluc","status":"publish","type":"page","link":"https:\/\/www.beautypristroje.sk\/en\/salony-na-kluc\/","title":{"rendered":"Sal\u00f3ny na k\u013e\u00fa\u010d"},"content":{"rendered":"<div data-elementor-type=\"wp-page\" data-elementor-id=\"498\" class=\"elementor elementor-498\" wpc-filter-elementor-widget=\"1\" data-elementor-post-type=\"page\">\n\t\t\t\t\t\t<section class=\"elementor-section elementor-top-section elementor-element elementor-element-ce60301 elementor-section-content-middle elementor-section-boxed elementor-section-height-default elementor-section-height-default\" data-id=\"ce60301\" data-element_type=\"section\" data-e-type=\"section\" data-settings=\"{&quot;background_background&quot;:&quot;classic&quot;}\">\n\t\t\t\t\t\t\t<div class=\"elementor-background-overlay\"><\/div>\n\t\t\t\t\t\t\t<div class=\"elementor-container elementor-column-gap-default\">\n\t\t\t\t\t<div class=\"elementor-column elementor-col-100 elementor-top-column elementor-element elementor-element-20ef234\" data-id=\"20ef234\" data-element_type=\"column\" data-e-type=\"column\">\n\t\t\t<div class=\"elementor-widget-wrap elementor-element-populated\">\n\t\t\t\t\t\t<div class=\"elementor-element elementor-element-853698d elementor-widget elementor-widget-heading\" data-id=\"853698d\" data-element_type=\"widget\" data-e-type=\"widget\" data-widget_type=\"heading.default\">\n\t\t\t\t\t<h1 class=\"elementor-heading-title elementor-size-default\">Chce\u0161 vlastn\u00fd sal\u00f3n na k\u013e\u00fa\u010d?\nMy ti ho vytvor\u00edme<\/h1>\t\t\t\t<\/div>\n\t\t\t\t<div class=\"elementor-element elementor-element-e435852 elementor-widget elementor-widget-text-editor\" data-id=\"e435852\" data-element_type=\"widget\" data-e-type=\"widget\" data-widget_type=\"text-editor.default\">\n\t\t\t\t\t\t\t\t\t<div class=\"wpb_text_column\"><p><span style=\"font-size: 16px;\">\u010ci t\u00fa\u017ei\u0161 po <\/span><strong style=\"font-size: 16px;\">\u0161tartovacom sal\u00f3ne,<\/strong><span style=\"font-size: 16px;\">\u00a0chce\u0161 rozbehn\u00fa\u0165\u00a0<\/span><strong style=\"font-size: 16px;\">\u0161t\u00fdlov\u00fd sal\u00f3n\u00a0<\/strong><span style=\"font-size: 16px;\">\u00a0alebo si ide\u0161 po\u00a0<\/span><strong style=\"font-size: 16px;\">luxuse na \u00farovni\u00a0<\/strong><span style=\"font-size: 16px;\">\u00a0\u2013\u00a0<\/span><strong style=\"font-size: 16px;\">my sa postar\u00e1me o v\u0161etko!<\/strong><\/p><div class=\"wpb_wrapper\"><div class=\"wpb_wrapper\"><p><span style=\"color: #ffffff;\">Od v\u00fdberu pr\u00edstrojov, n\u00e1vrhu priestoru, \u0161kolen\u00ed, a\u017e po marketing a prv\u00fdch klientov.<\/span><\/p><\/div><p class=\"w-separator size_medium\"><span style=\"color: #ffffff;\">Ty prinesie\u0161 v\u00edziu \u2013 my ti ju zrealizujeme<\/span><\/p><\/div><\/div>\t\t\t\t\t\t\t\t<\/div>\n\t\t\t\t\t<\/div>\n\t\t<\/div>\n\t\t\t\t\t<\/div>\n\t\t<\/section>\n\t\t<div class=\"elementor-element elementor-element-c1ff25b e-flex e-con-boxed e-con e-parent\" data-id=\"c1ff25b\" data-element_type=\"container\" data-e-type=\"container\">\n\t\t\t\t\t<div class=\"e-con-inner\">\n\t\t<div class=\"elementor-element elementor-element-07ddd7b e-con-full e-flex e-con e-child\" data-id=\"07ddd7b\" data-element_type=\"container\" data-e-type=\"container\">\n\t\t\t\t<div class=\"elementor-element elementor-element-01f7d18 elementor-widget elementor-widget-image\" data-id=\"01f7d18\" data-element_type=\"widget\" data-e-type=\"widget\" data-widget_type=\"image.default\">\n\t\t\t\t\t\t\t\t\t\t\t\t\t\t\t\t<a href=\"\/en\/salony-na-kluc\/salon-start\/\">\n\t\t\t\t\t\t\t<img fetchpriority=\"high\" decoding=\"async\" width=\"683\" height=\"1024\" src=\"https:\/\/www.beautypristroje.sk\/wp-content\/uploads\/2025\/10\/Obrazok-WhatsApp-2025-10-28-o-13.17.23_bb50aa1c-683x1024.jpg\" class=\"attachment-large size-large wp-image-2084\" alt=\"\" srcset=\"https:\/\/www.beautypristroje.sk\/wp-content\/uploads\/2025\/10\/Obrazok-WhatsApp-2025-10-28-o-13.17.23_bb50aa1c-683x1024.jpg 683w, https:\/\/www.beautypristroje.sk\/wp-content\/uploads\/2025\/10\/Obrazok-WhatsApp-2025-10-28-o-13.17.23_bb50aa1c-200x300.jpg 200w, https:\/\/www.beautypristroje.sk\/wp-content\/uploads\/2025\/10\/Obrazok-WhatsApp-2025-10-28-o-13.17.23_bb50aa1c-768x1152.jpg 768w, https:\/\/www.beautypristroje.sk\/wp-content\/uploads\/2025\/10\/Obrazok-WhatsApp-2025-10-28-o-13.17.23_bb50aa1c-1024x1536.jpg 1024w, https:\/\/www.beautypristroje.sk\/wp-content\/uploads\/2025\/10\/Obrazok-WhatsApp-2025-10-28-o-13.17.23_bb50aa1c-8x12.jpg 8w, https:\/\/www.beautypristroje.sk\/wp-content\/uploads\/2025\/10\/Obrazok-WhatsApp-2025-10-28-o-13.17.23_bb50aa1c-600x900.jpg 600w, https:\/\/www.beautypristroje.sk\/wp-content\/uploads\/2025\/10\/Obrazok-WhatsApp-2025-10-28-o-13.17.23_bb50aa1c.jpg 1067w\" sizes=\"(max-width: 683px) 100vw, 683px\" \/>\t\t\t\t\t\t\t\t<\/a>\n\t\t\t\t\t\t\t\t\t\t\t\t\t\t\t<\/div>\n\t\t\t\t<div class=\"elementor-element elementor-element-a23f1f4 elementor-widget elementor-widget-heading\" data-id=\"a23f1f4\" data-element_type=\"widget\" data-e-type=\"widget\" data-widget_type=\"heading.default\">\n\t\t\t\t\t<h2 class=\"elementor-heading-title elementor-size-default\"><a href=\"\/en\/salony-na-kluc\/salon-start\/\">Sal\u00f3n \u0160tart<\/a><\/h2>\t\t\t\t<\/div>\n\t\t\t\t<div class=\"elementor-element elementor-element-c7cfe4c elementor-widget elementor-widget-text-editor\" data-id=\"c7cfe4c\" data-element_type=\"widget\" data-e-type=\"widget\" data-widget_type=\"text-editor.default\">\n\t\t\t\t\t\t\t\t\t<p>Ide\u00e1lne rie\u0161enie pre za\u010d\u00ednaj\u00face sal\u00f3ny s profesion\u00e1lnym z\u00e1kladom a modern\u00fdm vybaven\u00edm.<\/p>\t\t\t\t\t\t\t\t<\/div>\n\t\t\t\t<\/div>\n\t\t<div class=\"elementor-element elementor-element-6cb2861 e-con-full e-flex e-con e-child\" data-id=\"6cb2861\" data-element_type=\"container\" data-e-type=\"container\">\n\t\t\t\t<div class=\"elementor-element elementor-element-de598ce elementor-widget elementor-widget-image\" data-id=\"de598ce\" data-element_type=\"widget\" data-e-type=\"widget\" data-widget_type=\"image.default\">\n\t\t\t\t\t\t\t\t\t\t\t\t\t\t\t\t<a href=\"\/en\/salony-na-kluc\/salon-styl\/\">\n\t\t\t\t\t\t\t<img decoding=\"async\" width=\"683\" height=\"1024\" src=\"https:\/\/www.beautypristroje.sk\/wp-content\/uploads\/2025\/10\/Obrazok-WhatsApp-2025-10-28-o-13.17.21_151e333a-683x1024.jpg\" class=\"attachment-large size-large wp-image-2086\" alt=\"\" srcset=\"https:\/\/www.beautypristroje.sk\/wp-content\/uploads\/2025\/10\/Obrazok-WhatsApp-2025-10-28-o-13.17.21_151e333a-683x1024.jpg 683w, https:\/\/www.beautypristroje.sk\/wp-content\/uploads\/2025\/10\/Obrazok-WhatsApp-2025-10-28-o-13.17.21_151e333a-200x300.jpg 200w, https:\/\/www.beautypristroje.sk\/wp-content\/uploads\/2025\/10\/Obrazok-WhatsApp-2025-10-28-o-13.17.21_151e333a-768x1152.jpg 768w, https:\/\/www.beautypristroje.sk\/wp-content\/uploads\/2025\/10\/Obrazok-WhatsApp-2025-10-28-o-13.17.21_151e333a-1024x1536.jpg 1024w, https:\/\/www.beautypristroje.sk\/wp-content\/uploads\/2025\/10\/Obrazok-WhatsApp-2025-10-28-o-13.17.21_151e333a-8x12.jpg 8w, https:\/\/www.beautypristroje.sk\/wp-content\/uploads\/2025\/10\/Obrazok-WhatsApp-2025-10-28-o-13.17.21_151e333a-600x900.jpg 600w, https:\/\/www.beautypristroje.sk\/wp-content\/uploads\/2025\/10\/Obrazok-WhatsApp-2025-10-28-o-13.17.21_151e333a.jpg 1067w\" sizes=\"(max-width: 683px) 100vw, 683px\" \/>\t\t\t\t\t\t\t\t<\/a>\n\t\t\t\t\t\t\t\t\t\t\t\t\t\t\t<\/div>\n\t\t\t\t<div class=\"elementor-element elementor-element-985db85 elementor-widget elementor-widget-heading\" data-id=\"985db85\" data-element_type=\"widget\" data-e-type=\"widget\" data-widget_type=\"heading.default\">\n\t\t\t\t\t<h2 class=\"elementor-heading-title elementor-size-default\"><a href=\"\/en\/salony-na-kluc\/salon-styl\/\">Sal\u00f3n \u0160t\u00fdl<\/a><\/h2>\t\t\t\t<\/div>\n\t\t\t\t<div class=\"elementor-element elementor-element-54bb562 elementor-widget elementor-widget-text-editor\" data-id=\"54bb562\" data-element_type=\"widget\" data-e-type=\"widget\" data-widget_type=\"text-editor.default\">\n\t\t\t\t\t\t\t\t\t<p>Pre sal\u00f3ny, ktor\u00e9 chc\u00fa sp\u00e1ja\u0165 funk\u010dnos\u0165, dizajn a prvotriednu estetiku.<\/p>\t\t\t\t\t\t\t\t<\/div>\n\t\t\t\t<\/div>\n\t\t<div class=\"elementor-element elementor-element-42504d1 e-con-full e-flex e-con e-child\" data-id=\"42504d1\" data-element_type=\"container\" data-e-type=\"container\">\n\t\t\t\t<div class=\"elementor-element elementor-element-12f58a0 elementor-widget elementor-widget-image\" data-id=\"12f58a0\" data-element_type=\"widget\" data-e-type=\"widget\" data-widget_type=\"image.default\">\n\t\t\t\t\t\t\t\t\t\t\t\t\t\t\t\t<a href=\"\/en\/salony-na-kluc\/salon-luxus\/\">\n\t\t\t\t\t\t\t<img decoding=\"async\" width=\"683\" height=\"1024\" src=\"https:\/\/www.beautypristroje.sk\/wp-content\/uploads\/2025\/10\/Obrazok-WhatsApp-2025-10-28-o-13.17.22_2ad7fe8b-683x1024.jpg\" class=\"attachment-large size-large wp-image-2085\" alt=\"\" srcset=\"https:\/\/www.beautypristroje.sk\/wp-content\/uploads\/2025\/10\/Obrazok-WhatsApp-2025-10-28-o-13.17.22_2ad7fe8b-683x1024.jpg 683w, https:\/\/www.beautypristroje.sk\/wp-content\/uploads\/2025\/10\/Obrazok-WhatsApp-2025-10-28-o-13.17.22_2ad7fe8b-200x300.jpg 200w, https:\/\/www.beautypristroje.sk\/wp-content\/uploads\/2025\/10\/Obrazok-WhatsApp-2025-10-28-o-13.17.22_2ad7fe8b-768x1152.jpg 768w, https:\/\/www.beautypristroje.sk\/wp-content\/uploads\/2025\/10\/Obrazok-WhatsApp-2025-10-28-o-13.17.22_2ad7fe8b-1024x1536.jpg 1024w, https:\/\/www.beautypristroje.sk\/wp-content\/uploads\/2025\/10\/Obrazok-WhatsApp-2025-10-28-o-13.17.22_2ad7fe8b-8x12.jpg 8w, https:\/\/www.beautypristroje.sk\/wp-content\/uploads\/2025\/10\/Obrazok-WhatsApp-2025-10-28-o-13.17.22_2ad7fe8b-600x900.jpg 600w, https:\/\/www.beautypristroje.sk\/wp-content\/uploads\/2025\/10\/Obrazok-WhatsApp-2025-10-28-o-13.17.22_2ad7fe8b.jpg 1067w\" sizes=\"(max-width: 683px) 100vw, 683px\" \/>\t\t\t\t\t\t\t\t<\/a>\n\t\t\t\t\t\t\t\t\t\t\t\t\t\t\t<\/div>\n\t\t\t\t<div class=\"elementor-element elementor-element-9df7919 elementor-widget elementor-widget-heading\" data-id=\"9df7919\" data-element_type=\"widget\" data-e-type=\"widget\" data-widget_type=\"heading.default\">\n\t\t\t\t\t<h2 class=\"elementor-heading-title elementor-size-default\"><a href=\"\/en\/salony-na-kluc\/salon-luxus\/\">Sal\u00f3n Luxus<\/a><\/h2>\t\t\t\t<\/div>\n\t\t\t\t<div class=\"elementor-element elementor-element-53cd87b elementor-widget elementor-widget-text-editor\" data-id=\"53cd87b\" data-element_type=\"widget\" data-e-type=\"widget\" data-widget_type=\"text-editor.default\">\n\t\t\t\t\t\t\t\t\t<p>Exkluz\u00edvne zariadenie pre pr\u00e9miov\u00e9 priestory s d\u00f4razom na detail a komfort klienta.<\/p>\t\t\t\t\t\t\t\t<\/div>\n\t\t\t\t<\/div>\n\t\t<div class=\"elementor-element elementor-element-59c302b e-con-full e-flex e-con e-child\" data-id=\"59c302b\" data-element_type=\"container\" data-e-type=\"container\">\n\t\t\t\t<div class=\"elementor-element elementor-element-f4de40b elementor-widget elementor-widget-image\" data-id=\"f4de40b\" data-element_type=\"widget\" data-e-type=\"widget\" data-widget_type=\"image.default\">\n\t\t\t\t\t\t\t\t\t\t\t\t\t\t\t\t<a href=\"\/en\/salony-na-kluc\/salon-ultra-luxus\/\">\n\t\t\t\t\t\t\t<img loading=\"lazy\" decoding=\"async\" width=\"683\" height=\"1024\" src=\"https:\/\/www.beautypristroje.sk\/wp-content\/uploads\/2025\/10\/Obrazok-WhatsApp-2025-10-28-o-13.17.21_f35eee7c-683x1024.jpg\" class=\"attachment-large size-large wp-image-2087\" alt=\"\" srcset=\"https:\/\/www.beautypristroje.sk\/wp-content\/uploads\/2025\/10\/Obrazok-WhatsApp-2025-10-28-o-13.17.21_f35eee7c-683x1024.jpg 683w, https:\/\/www.beautypristroje.sk\/wp-content\/uploads\/2025\/10\/Obrazok-WhatsApp-2025-10-28-o-13.17.21_f35eee7c-200x300.jpg 200w, https:\/\/www.beautypristroje.sk\/wp-content\/uploads\/2025\/10\/Obrazok-WhatsApp-2025-10-28-o-13.17.21_f35eee7c-768x1152.jpg 768w, https:\/\/www.beautypristroje.sk\/wp-content\/uploads\/2025\/10\/Obrazok-WhatsApp-2025-10-28-o-13.17.21_f35eee7c-1024x1536.jpg 1024w, https:\/\/www.beautypristroje.sk\/wp-content\/uploads\/2025\/10\/Obrazok-WhatsApp-2025-10-28-o-13.17.21_f35eee7c-8x12.jpg 8w, https:\/\/www.beautypristroje.sk\/wp-content\/uploads\/2025\/10\/Obrazok-WhatsApp-2025-10-28-o-13.17.21_f35eee7c-600x900.jpg 600w, https:\/\/www.beautypristroje.sk\/wp-content\/uploads\/2025\/10\/Obrazok-WhatsApp-2025-10-28-o-13.17.21_f35eee7c.jpg 1067w\" sizes=\"(max-width: 683px) 100vw, 683px\" \/>\t\t\t\t\t\t\t\t<\/a>\n\t\t\t\t\t\t\t\t\t\t\t\t\t\t\t<\/div>\n\t\t\t\t<div class=\"elementor-element elementor-element-dcba0ee elementor-widget elementor-widget-heading\" data-id=\"dcba0ee\" data-element_type=\"widget\" data-e-type=\"widget\" data-widget_type=\"heading.default\">\n\t\t\t\t\t<h2 class=\"elementor-heading-title elementor-size-default\"><a href=\"\/en\/salony-na-kluc\/salon-ultra-luxus\/\">Sal\u00f3n Ultra Luxus<\/a><\/h2>\t\t\t\t<\/div>\n\t\t\t\t<div class=\"elementor-element elementor-element-d6bbaff elementor-widget elementor-widget-text-editor\" data-id=\"d6bbaff\" data-element_type=\"widget\" data-e-type=\"widget\" data-widget_type=\"text-editor.default\">\n\t\t\t\t\t\t\t\t\t<p>Najvy\u0161\u0161\u00ed \u0161tandard kr\u00e1sy, technol\u00f3gi\u00ed a interi\u00e9rov\u00e9ho dizajnu pre n\u00e1ro\u010dn\u00fdch\u00a0profesion\u00e1lov.<\/p>\t\t\t\t\t\t\t\t<\/div>\n\t\t\t\t<\/div>\n\t\t\t\t\t<\/div>\n\t\t\t\t<\/div>\n\t\t\t\t<\/div>","protected":false},"excerpt":{"rendered":"<p>Chce\u0161 vlastn\u00fd sal\u00f3n na k\u013e\u00fa\u010d? My ti ho vytvor\u00edme \u010ci t\u00fa\u017ei\u0161 po \u0161tartovacom sal\u00f3ne,\u00a0chce\u0161 rozbehn\u00fa\u0165\u00a0\u0161t\u00fdlov\u00fd sal\u00f3n\u00a0\u00a0alebo si ide\u0161 po\u00a0luxuse na \u00farovni\u00a0\u00a0\u2013\u00a0my sa postar\u00e1me o v\u0161etko! Od v\u00fdberu pr\u00edstrojov, n\u00e1vrhu priestoru, \u0161kolen\u00ed, a\u017e po marketing a prv\u00fdch klientov. Ty prinesie\u0161 v\u00edziu \u2013 my ti ju zrealizujeme Sal\u00f3n \u0160tart Ide\u00e1lne rie\u0161enie pre za\u010d\u00ednaj\u00face sal\u00f3ny s profesion\u00e1lnym z\u00e1kladom [&hellip;]<\/p>\n","protected":false},"author":2,"featured_media":0,"parent":0,"menu_order":0,"comment_status":"closed","ping_status":"closed","template":"","meta":{"_acf_changed":false,"footnotes":""},"class_list":["post-498","page","type-page","status-publish","hentry"],"acf":[],"yoast_head":"<!-- This site is optimized with the Yoast SEO plugin v27.5 - https:\/\/yoast.com\/product\/yoast-seo-wordpress\/ -->\n<title>Beauty pr\u00edstroje - Sal\u00f3ny na k\u013e\u00fa\u010d<\/title>\n<meta name=\"description\" content=\"Kompletn\u00e9 rie\u0161enia pre sal\u00f3n na k\u013e\u00fa\u010d \u2013 vybavenie, pr\u00edstroje, \u0161kolenia a podpora. Realiz\u00e1cie na mieru pre kozmetick\u00e9 sal\u00f3ny a kliniky.\" \/>\n<meta name=\"robots\" content=\"index, follow, max-snippet:-1, max-image-preview:large, max-video-preview:-1\" \/>\n<link rel=\"canonical\" href=\"https:\/\/www.beautypristroje.sk\/en\/salony-na-kluc\/\" \/>\n<meta property=\"og:locale\" content=\"en_GB\" \/>\n<meta property=\"og:type\" content=\"article\" \/>\n<meta property=\"og:title\" content=\"Beauty pr\u00edstroje - Sal\u00f3ny na k\u013e\u00fa\u010d\" \/>\n<meta property=\"og:description\" content=\"Kompletn\u00e9 rie\u0161enia pre sal\u00f3n na k\u013e\u00fa\u010d \u2013 vybavenie, pr\u00edstroje, \u0161kolenia a podpora. Realiz\u00e1cie na mieru pre kozmetick\u00e9 sal\u00f3ny a kliniky.\" \/>\n<meta property=\"og:url\" content=\"https:\/\/www.beautypristroje.sk\/en\/salony-na-kluc\/\" \/>\n<meta property=\"og:site_name\" content=\"Beauty pr\u00edstroje\" \/>\n<meta property=\"article:modified_time\" content=\"2025-11-06T14:44:36+00:00\" \/>\n<meta property=\"og:image\" content=\"https:\/\/www.beautypristroje.sk\/wp-content\/uploads\/2025\/10\/Obrazok-WhatsApp-2025-10-28-o-13.17.23_bb50aa1c.jpg\" \/>\n\t<meta property=\"og:image:width\" content=\"1067\" \/>\n\t<meta property=\"og:image:height\" content=\"1600\" \/>\n\t<meta property=\"og:image:type\" content=\"image\/jpeg\" \/>\n<meta name=\"twitter:card\" content=\"summary_large_image\" \/>\n<meta name=\"twitter:label1\" content=\"Estimated reading time\" \/>\n\t<meta name=\"twitter:data1\" content=\"2 minutes\" \/>\n<script type=\"application\/ld+json\" class=\"yoast-schema-graph\">{\"@context\":\"https:\\\/\\\/schema.org\",\"@graph\":[{\"@type\":\"WebPage\",\"@id\":\"https:\\\/\\\/www.beautypristroje.sk\\\/salony-na-kluc\\\/\",\"url\":\"https:\\\/\\\/www.beautypristroje.sk\\\/salony-na-kluc\\\/\",\"name\":\"Beauty pr\u00edstroje - Sal\u00f3ny na k\u013e\u00fa\u010d\",\"isPartOf\":{\"@id\":\"https:\\\/\\\/www.beautypristroje.sk\\\/#website\"},\"primaryImageOfPage\":{\"@id\":\"https:\\\/\\\/www.beautypristroje.sk\\\/salony-na-kluc\\\/#primaryimage\"},\"image\":{\"@id\":\"https:\\\/\\\/www.beautypristroje.sk\\\/salony-na-kluc\\\/#primaryimage\"},\"thumbnailUrl\":\"https:\\\/\\\/www.beautypristroje.sk\\\/wp-content\\\/uploads\\\/2025\\\/10\\\/Obrazok-WhatsApp-2025-10-28-o-13.17.23_bb50aa1c-683x1024.jpg\",\"datePublished\":\"2025-04-02T10:50:26+00:00\",\"dateModified\":\"2025-11-06T14:44:36+00:00\",\"description\":\"Kompletn\u00e9 rie\u0161enia pre sal\u00f3n na k\u013e\u00fa\u010d \u2013 vybavenie, pr\u00edstroje, \u0161kolenia a podpora. Realiz\u00e1cie na mieru pre kozmetick\u00e9 sal\u00f3ny a kliniky.\",\"breadcrumb\":{\"@id\":\"https:\\\/\\\/www.beautypristroje.sk\\\/salony-na-kluc\\\/#breadcrumb\"},\"inLanguage\":\"en-GB\",\"potentialAction\":[{\"@type\":\"ReadAction\",\"target\":[\"https:\\\/\\\/www.beautypristroje.sk\\\/salony-na-kluc\\\/\"]}]},{\"@type\":\"ImageObject\",\"inLanguage\":\"en-GB\",\"@id\":\"https:\\\/\\\/www.beautypristroje.sk\\\/salony-na-kluc\\\/#primaryimage\",\"url\":\"https:\\\/\\\/www.beautypristroje.sk\\\/wp-content\\\/uploads\\\/2025\\\/10\\\/Obrazok-WhatsApp-2025-10-28-o-13.17.23_bb50aa1c-683x1024.jpg\",\"contentUrl\":\"https:\\\/\\\/www.beautypristroje.sk\\\/wp-content\\\/uploads\\\/2025\\\/10\\\/Obrazok-WhatsApp-2025-10-28-o-13.17.23_bb50aa1c-683x1024.jpg\"},{\"@type\":\"BreadcrumbList\",\"@id\":\"https:\\\/\\\/www.beautypristroje.sk\\\/salony-na-kluc\\\/#breadcrumb\",\"itemListElement\":[{\"@type\":\"ListItem\",\"position\":1,\"name\":\"Domovsk\u00e1 str\u00e1nka\",\"item\":\"https:\\\/\\\/www.beautypristroje.sk\\\/\"},{\"@type\":\"ListItem\",\"position\":2,\"name\":\"Sal\u00f3ny na k\u013e\u00fa\u010d\"}]},{\"@type\":\"WebSite\",\"@id\":\"https:\\\/\\\/www.beautypristroje.sk\\\/#website\",\"url\":\"https:\\\/\\\/www.beautypristroje.sk\\\/\",\"name\":\"Beauty pr\u00edstroje\",\"description\":\"Profesion\u00e1lne kozmetick\u00e9 pr\u00edstroje pre sal\u00f3ny a kliniky\",\"potentialAction\":[{\"@type\":\"SearchAction\",\"target\":{\"@type\":\"EntryPoint\",\"urlTemplate\":\"https:\\\/\\\/www.beautypristroje.sk\\\/?s={search_term_string}\"},\"query-input\":{\"@type\":\"PropertyValueSpecification\",\"valueRequired\":true,\"valueName\":\"search_term_string\"}}],\"inLanguage\":\"en-GB\"}]}<\/script>\n<!-- \/ Yoast SEO plugin. -->","yoast_head_json":{"title":"Beauty pr\u00edstroje - Sal\u00f3ny na k\u013e\u00fa\u010d","description":"Kompletn\u00e9 rie\u0161enia pre sal\u00f3n na k\u013e\u00fa\u010d \u2013 vybavenie, pr\u00edstroje, \u0161kolenia a podpora. Realiz\u00e1cie na mieru pre kozmetick\u00e9 sal\u00f3ny a kliniky.","robots":{"index":"index","follow":"follow","max-snippet":"max-snippet:-1","max-image-preview":"max-image-preview:large","max-video-preview":"max-video-preview:-1"},"canonical":"https:\/\/www.beautypristroje.sk\/en\/salony-na-kluc\/","og_locale":"en_GB","og_type":"article","og_title":"Beauty pr\u00edstroje - Sal\u00f3ny na k\u013e\u00fa\u010d","og_description":"Kompletn\u00e9 rie\u0161enia pre sal\u00f3n na k\u013e\u00fa\u010d \u2013 vybavenie, pr\u00edstroje, \u0161kolenia a podpora. Realiz\u00e1cie na mieru pre kozmetick\u00e9 sal\u00f3ny a kliniky.","og_url":"https:\/\/www.beautypristroje.sk\/en\/salony-na-kluc\/","og_site_name":"Beauty pr\u00edstroje","article_modified_time":"2025-11-06T14:44:36+00:00","og_image":[{"width":1067,"height":1600,"url":"https:\/\/www.beautypristroje.sk\/wp-content\/uploads\/2025\/10\/Obrazok-WhatsApp-2025-10-28-o-13.17.23_bb50aa1c.jpg","type":"image\/jpeg"}],"twitter_card":"summary_large_image","twitter_misc":{"Estimated reading time":"2 minutes"},"schema":{"@context":"https:\/\/schema.org","@graph":[{"@type":"WebPage","@id":"https:\/\/www.beautypristroje.sk\/salony-na-kluc\/","url":"https:\/\/www.beautypristroje.sk\/salony-na-kluc\/","name":"Beauty pr\u00edstroje - Sal\u00f3ny na k\u013e\u00fa\u010d","isPartOf":{"@id":"https:\/\/www.beautypristroje.sk\/#website"},"primaryImageOfPage":{"@id":"https:\/\/www.beautypristroje.sk\/salony-na-kluc\/#primaryimage"},"image":{"@id":"https:\/\/www.beautypristroje.sk\/salony-na-kluc\/#primaryimage"},"thumbnailUrl":"https:\/\/www.beautypristroje.sk\/wp-content\/uploads\/2025\/10\/Obrazok-WhatsApp-2025-10-28-o-13.17.23_bb50aa1c-683x1024.jpg","datePublished":"2025-04-02T10:50:26+00:00","dateModified":"2025-11-06T14:44:36+00:00","description":"Kompletn\u00e9 rie\u0161enia pre sal\u00f3n na k\u013e\u00fa\u010d \u2013 vybavenie, pr\u00edstroje, \u0161kolenia a podpora. Realiz\u00e1cie na mieru pre kozmetick\u00e9 sal\u00f3ny a kliniky.","breadcrumb":{"@id":"https:\/\/www.beautypristroje.sk\/salony-na-kluc\/#breadcrumb"},"inLanguage":"en-GB","potentialAction":[{"@type":"ReadAction","target":["https:\/\/www.beautypristroje.sk\/salony-na-kluc\/"]}]},{"@type":"ImageObject","inLanguage":"en-GB","@id":"https:\/\/www.beautypristroje.sk\/salony-na-kluc\/#primaryimage","url":"https:\/\/www.beautypristroje.sk\/wp-content\/uploads\/2025\/10\/Obrazok-WhatsApp-2025-10-28-o-13.17.23_bb50aa1c-683x1024.jpg","contentUrl":"https:\/\/www.beautypristroje.sk\/wp-content\/uploads\/2025\/10\/Obrazok-WhatsApp-2025-10-28-o-13.17.23_bb50aa1c-683x1024.jpg"},{"@type":"BreadcrumbList","@id":"https:\/\/www.beautypristroje.sk\/salony-na-kluc\/#breadcrumb","itemListElement":[{"@type":"ListItem","position":1,"name":"Domovsk\u00e1 str\u00e1nka","item":"https:\/\/www.beautypristroje.sk\/"},{"@type":"ListItem","position":2,"name":"Sal\u00f3ny na k\u013e\u00fa\u010d"}]},{"@type":"WebSite","@id":"https:\/\/www.beautypristroje.sk\/#website","url":"https:\/\/www.beautypristroje.sk\/","name":"Beauty pr\u00edstroje","description":"Profesion\u00e1lne kozmetick\u00e9 pr\u00edstroje pre sal\u00f3ny a kliniky","potentialAction":[{"@type":"SearchAction","target":{"@type":"EntryPoint","urlTemplate":"https:\/\/www.beautypristroje.sk\/?s={search_term_string}"},"query-input":{"@type":"PropertyValueSpecification","valueRequired":true,"valueName":"search_term_string"}}],"inLanguage":"en-GB"}]}},"_links":{"self":[{"href":"https:\/\/www.beautypristroje.sk\/en\/wp-json\/wp\/v2\/pages\/498","targetHints":{"allow":["GET"]}}],"collection":[{"href":"https:\/\/www.beautypristroje.sk\/en\/wp-json\/wp\/v2\/pages"}],"about":[{"href":"https:\/\/www.beautypristroje.sk\/en\/wp-json\/wp\/v2\/types\/page"}],"author":[{"embeddable":true,"href":"https:\/\/www.beautypristroje.sk\/en\/wp-json\/wp\/v2\/users\/2"}],"replies":[{"embeddable":true,"href":"https:\/\/www.beautypristroje.sk\/en\/wp-json\/wp\/v2\/comments?post=498"}],"version-history":[{"count":0,"href":"https:\/\/www.beautypristroje.sk\/en\/wp-json\/wp\/v2\/pages\/498\/revisions"}],"wp:attachment":[{"href":"https:\/\/www.beautypristroje.sk\/en\/wp-json\/wp\/v2\/media?parent=498"}],"curies":[{"name":"wp","href":"https:\/\/api.w.org\/{rel}","templated":true}]}}