{"id":1301,"date":"2025-10-16T11:22:38","date_gmt":"2025-10-16T09:22:38","guid":{"rendered":"https:\/\/www.beautypristroje.sk\/?page_id=1301"},"modified":"2025-11-17T23:10:21","modified_gmt":"2025-11-17T22:10:21","slug":"salon-ultra-luxus","status":"publish","type":"page","link":"https:\/\/www.beautypristroje.sk\/en\/salony-na-kluc\/salon-ultra-luxus\/","title":{"rendered":"Sal\u00f3n Ultra Luxus"},"content":{"rendered":"<div data-elementor-type=\"wp-page\" data-elementor-id=\"1301\" class=\"elementor elementor-1301\" wpc-filter-elementor-widget=\"1\" data-elementor-post-type=\"page\">\n\t\t\t\t\t\t<section class=\"elementor-section elementor-top-section elementor-element elementor-element-41794e1 elementor-section-content-middle elementor-section-boxed elementor-section-height-default elementor-section-height-default\" data-id=\"41794e1\" data-element_type=\"section\" data-e-type=\"section\" data-settings=\"{&quot;background_background&quot;:&quot;classic&quot;}\">\n\t\t\t\t\t\t\t<div class=\"elementor-background-overlay\"><\/div>\n\t\t\t\t\t\t\t<div class=\"elementor-container elementor-column-gap-default\">\n\t\t\t\t\t<div class=\"elementor-column elementor-col-100 elementor-top-column elementor-element elementor-element-6e877cc\" data-id=\"6e877cc\" data-element_type=\"column\" data-e-type=\"column\">\n\t\t\t<div class=\"elementor-widget-wrap elementor-element-populated\">\n\t\t\t\t\t\t<div class=\"elementor-element elementor-element-34df5fc elementor-widget elementor-widget-heading\" data-id=\"34df5fc\" data-element_type=\"widget\" data-e-type=\"widget\" data-widget_type=\"heading.default\">\n\t\t\t\t\t<h1 class=\"elementor-heading-title elementor-size-default\">sal\u00f3n ultra luxus<\/h1>\t\t\t\t<\/div>\n\t\t\t\t\t<\/div>\n\t\t<\/div>\n\t\t\t\t\t<\/div>\n\t\t<\/section>\n\t\t<div class=\"elementor-element elementor-element-5993f1c e-flex e-con-boxed e-con e-parent\" data-id=\"5993f1c\" data-element_type=\"container\" data-e-type=\"container\">\n\t\t\t\t\t<div class=\"e-con-inner\">\n\t\t\t\t<div class=\"elementor-element elementor-element-cc83beb elementor-widget__width-initial elementor-widget elementor-widget-image\" data-id=\"cc83beb\" data-element_type=\"widget\" data-e-type=\"widget\" data-widget_type=\"image.default\">\n\t\t\t\t\t\t\t\t\t\t\t\t\t\t\t<img fetchpriority=\"high\" decoding=\"async\" width=\"683\" height=\"1024\" src=\"https:\/\/www.beautypristroje.sk\/wp-content\/uploads\/2025\/10\/Obrazok-WhatsApp-2025-10-28-o-13.17.21_f35eee7c-683x1024.jpg\" class=\"attachment-large size-large wp-image-2087\" alt=\"\" srcset=\"https:\/\/www.beautypristroje.sk\/wp-content\/uploads\/2025\/10\/Obrazok-WhatsApp-2025-10-28-o-13.17.21_f35eee7c-683x1024.jpg 683w, https:\/\/www.beautypristroje.sk\/wp-content\/uploads\/2025\/10\/Obrazok-WhatsApp-2025-10-28-o-13.17.21_f35eee7c-200x300.jpg 200w, https:\/\/www.beautypristroje.sk\/wp-content\/uploads\/2025\/10\/Obrazok-WhatsApp-2025-10-28-o-13.17.21_f35eee7c-768x1152.jpg 768w, https:\/\/www.beautypristroje.sk\/wp-content\/uploads\/2025\/10\/Obrazok-WhatsApp-2025-10-28-o-13.17.21_f35eee7c-1024x1536.jpg 1024w, https:\/\/www.beautypristroje.sk\/wp-content\/uploads\/2025\/10\/Obrazok-WhatsApp-2025-10-28-o-13.17.21_f35eee7c-8x12.jpg 8w, https:\/\/www.beautypristroje.sk\/wp-content\/uploads\/2025\/10\/Obrazok-WhatsApp-2025-10-28-o-13.17.21_f35eee7c-600x900.jpg 600w, https:\/\/www.beautypristroje.sk\/wp-content\/uploads\/2025\/10\/Obrazok-WhatsApp-2025-10-28-o-13.17.21_f35eee7c.jpg 1067w\" sizes=\"(max-width: 683px) 100vw, 683px\" \/>\t\t\t\t\t\t\t\t\t\t\t\t\t\t\t<\/div>\n\t\t\t\t<div class=\"elementor-element elementor-element-1b09751 elementor-widget elementor-widget-text-editor\" data-id=\"1b09751\" data-element_type=\"widget\" data-e-type=\"widget\" data-widget_type=\"text-editor.default\">\n\t\t\t\t\t\t\t\t\t<div class=\"wpb_text_column\"><div class=\"wpb_wrapper\"><div class=\"wpb_text_column\"><div class=\"wpb_wrapper\"><div class=\"wpb_text_column\"><div class=\"wpb_wrapper\"><div class=\"wpb_text_column\"><div class=\"wpb_wrapper\"><div class=\"wpb_text_column\"><div class=\"wpb_wrapper\"><div class=\"wpb_text_column\"><div class=\"wpb_wrapper\"><div class=\"wpb_text_column\"><div class=\"wpb_wrapper\"><div class=\"wpb_text_column\"><div class=\"wpb_wrapper\"><h3>Sal\u00f3n na k\u013e\u00fa\u010d \u2013 Ultra Luxus<\/h3><\/div><\/div><div class=\"w-separator size_small\">\u00a0<\/div><div class=\"wpb_text_column us_custom_e2667a25\"><div class=\"wpb_wrapper\"><p>Pre koho? Pre t\u00fdch, ktor\u00ed chc\u00fa vytvori\u0165 pr\u00e9miov\u00fd sal\u00f3n na najvy\u0161\u0161ej \u00farovni \u2013 \u010di u\u017e zameran\u00fd na telo, tv\u00e1r, alebo komplexn\u00fa kr\u00e1su.<\/p><p>Tento bal\u00edk pon\u00faka \u0161pi\u010dkov\u00e9 technol\u00f3gie, na\u0161e know-how a podporu vo v\u0161etk\u00fdch f\u00e1zach realiz\u00e1cie.<\/p><\/div><\/div><div class=\"w-separator size_small\">\u00a0<\/div><div class=\"wpb_text_column us_custom_e2667a25\"><div class=\"wpb_wrapper\"><p><strong>\u010co z\u00edskate:<\/strong><\/p><ul><li>N\u00e1vrh konceptu sal\u00f3nu:<\/li><li>Body sal\u00f3n (formovanie postavy, redukcia tuku, spev\u0148ovanie)<\/li><li>Beauty sal\u00f3n na tv\u00e1r (omladenie, lifting, h\u013abkov\u00e9 o\u0161etrenia)<\/li><li>Komplexn\u00fd sal\u00f3n kr\u00e1sy (kombin\u00e1cia oboch svetov)<\/li><li>Individu\u00e1lny n\u00e1vrh dispozi\u010dn\u00e9ho rie\u0161enia priestoru<\/li><li>Architektonick\u00fd n\u00e1vrh interi\u00e9ru (bez v\u00fdberu materi\u00e1lov a n\u00e1bytku)<\/li><li>Kompletn\u00fd brand manu\u00e1l \u2013 n\u00e1zov, logo, farebn\u00e1 identita, \u0161t\u00fdl komunik\u00e1cie<\/li><li>Odborn\u00fd mentoring a \u0161kolenia t\u00edmu<\/li><li>Konzult\u00e1cie a podpora v oblastiach:<\/li><li>hygiena, legislat\u00edva a prev\u00e1dzkov\u00fd poriadok<\/li><li>v\u00fdber slu\u017eieb a efekt\u00edvna cenotvorba<\/li><li>odpor\u00fa\u010dania dod\u00e1vate\u013eov, pokladn\u00ed, vybavenia<\/li><li>Mo\u017enos\u0165 akredita\u010dn\u00e9ho kurzu pre kozmeti\u010dky<\/li><li>Vedenie po\u010das celej realiz\u00e1cie sal\u00f3nu od prv\u00e9ho kroku a\u017e po otvorenie, chyby pri spusten\u00ed prev\u00e1dzky<\/li><\/ul><p>\u00a0<\/p><p><strong>Zahrnut\u00e9 technol\u00f3gie (pod z\u00e1\u0161titou Luxury Esthetic):<\/strong><\/p><ul><li>Pr\u00edstroje na formovanie postavy<\/li><li>Technol\u00f3gie pre omladenie pleti<\/li><li>Syst\u00e9my pre lifting tv\u00e1re a tela<\/li><li>Zariadenia na epil\u00e1ciu, \u010distenie, diagnostiku<\/li><li>Neinvaz\u00edvne anti-aging rie\u0161enia<\/li><li>Energetick\u00e1 harmoniz\u00e1cia tela (v r\u00e1mci meridi\u00e1nov\u00fdch terapi\u00ed)<\/li><li>V\u0161etky technol\u00f3gie s overenou \u00fa\u010dinnos\u0165ou, \u0161kolen\u00edm a servisom<\/li><\/ul><\/div><\/div><\/div><\/div><\/div><\/div><\/div><\/div><\/div><\/div><\/div><\/div><\/div><\/div><\/div><\/div>\t\t\t\t\t\t\t\t<\/div>\n\t\t\t\t\t<\/div>\n\t\t\t\t<\/div>\n\t\t\t\t<\/div>","protected":false},"excerpt":{"rendered":"<p>sal\u00f3n ultra luxus Sal\u00f3n na k\u013e\u00fa\u010d \u2013 Ultra Luxus \u00a0 Pre koho? Pre t\u00fdch, ktor\u00ed chc\u00fa vytvori\u0165 pr\u00e9miov\u00fd sal\u00f3n na najvy\u0161\u0161ej \u00farovni \u2013 \u010di u\u017e zameran\u00fd na telo, tv\u00e1r, alebo komplexn\u00fa kr\u00e1su. Tento bal\u00edk pon\u00faka \u0161pi\u010dkov\u00e9 technol\u00f3gie, na\u0161e know-how a podporu vo v\u0161etk\u00fdch f\u00e1zach realiz\u00e1cie. \u00a0 \u010co z\u00edskate: N\u00e1vrh konceptu sal\u00f3nu: Body sal\u00f3n (formovanie postavy, [&hellip;]<\/p>\n","protected":false},"author":2,"featured_media":0,"parent":498,"menu_order":0,"comment_status":"closed","ping_status":"closed","template":"","meta":{"_acf_changed":false,"footnotes":""},"class_list":["post-1301","page","type-page","status-publish","hentry"],"acf":[],"yoast_head":"<!-- This site is optimized with the Yoast SEO plugin v27.5 - https:\/\/yoast.com\/product\/yoast-seo-wordpress\/ -->\n<title>Sal\u00f3n Ultra Luxus - Beauty pr\u00edstroje<\/title>\n<meta name=\"description\" content=\"Pr\u00e9miov\u00fd bal\u00edk pre vytvorenie luxusn\u00e9ho kozmetick\u00e9ho sal\u00f3nu na najvy\u0161\u0161ej \u00farovni. Zah\u0155\u0148a individu\u00e1lny koncept, architektonick\u00fd n\u00e1vrh, kompletn\u00fd brand manu\u00e1l, \u0161pi\u010dkov\u00e9 technol\u00f3gie pre telo aj tv\u00e1r, odborn\u00e9 \u0161kolenia, mentoring a podporu vo v\u0161etk\u00fdch f\u00e1zach otvorenia a prev\u00e1dzky sal\u00f3nu.\" \/>\n<meta name=\"robots\" content=\"index, follow, max-snippet:-1, max-image-preview:large, max-video-preview:-1\" \/>\n<link rel=\"canonical\" href=\"https:\/\/www.beautypristroje.sk\/en\/salony-na-kluc\/salon-ultra-luxus\/\" \/>\n<meta property=\"og:locale\" content=\"en_GB\" \/>\n<meta property=\"og:type\" content=\"article\" \/>\n<meta property=\"og:title\" content=\"Sal\u00f3n Ultra Luxus - Beauty pr\u00edstroje\" \/>\n<meta property=\"og:description\" content=\"Pr\u00e9miov\u00fd bal\u00edk pre vytvorenie luxusn\u00e9ho kozmetick\u00e9ho sal\u00f3nu na najvy\u0161\u0161ej \u00farovni. Zah\u0155\u0148a individu\u00e1lny koncept, architektonick\u00fd n\u00e1vrh, kompletn\u00fd brand manu\u00e1l, \u0161pi\u010dkov\u00e9 technol\u00f3gie pre telo aj tv\u00e1r, odborn\u00e9 \u0161kolenia, mentoring a podporu vo v\u0161etk\u00fdch f\u00e1zach otvorenia a prev\u00e1dzky sal\u00f3nu.\" \/>\n<meta property=\"og:url\" content=\"https:\/\/www.beautypristroje.sk\/en\/salony-na-kluc\/salon-ultra-luxus\/\" \/>\n<meta property=\"og:site_name\" content=\"Beauty pr\u00edstroje\" \/>\n<meta property=\"article:modified_time\" content=\"2025-11-17T22:10:21+00:00\" \/>\n<meta property=\"og:image\" content=\"https:\/\/www.beautypristroje.sk\/wp-content\/uploads\/2025\/10\/Obrazok-WhatsApp-2025-10-28-o-13.17.21_f35eee7c-683x1024.jpg\" \/>\n<meta name=\"twitter:card\" content=\"summary_large_image\" \/>\n<meta name=\"twitter:label1\" content=\"Estimated reading time\" \/>\n\t<meta name=\"twitter:data1\" content=\"2 minutes\" \/>\n<script type=\"application\/ld+json\" class=\"yoast-schema-graph\">{\"@context\":\"https:\\\/\\\/schema.org\",\"@graph\":[{\"@type\":\"WebPage\",\"@id\":\"https:\\\/\\\/www.beautypristroje.sk\\\/salony-na-kluc\\\/salon-ultra-luxus\\\/\",\"url\":\"https:\\\/\\\/www.beautypristroje.sk\\\/salony-na-kluc\\\/salon-ultra-luxus\\\/\",\"name\":\"Sal\u00f3n Ultra Luxus - Beauty pr\u00edstroje\",\"isPartOf\":{\"@id\":\"https:\\\/\\\/www.beautypristroje.sk\\\/#website\"},\"primaryImageOfPage\":{\"@id\":\"https:\\\/\\\/www.beautypristroje.sk\\\/salony-na-kluc\\\/salon-ultra-luxus\\\/#primaryimage\"},\"image\":{\"@id\":\"https:\\\/\\\/www.beautypristroje.sk\\\/salony-na-kluc\\\/salon-ultra-luxus\\\/#primaryimage\"},\"thumbnailUrl\":\"https:\\\/\\\/www.beautypristroje.sk\\\/wp-content\\\/uploads\\\/2025\\\/10\\\/Obrazok-WhatsApp-2025-10-28-o-13.17.21_f35eee7c-683x1024.jpg\",\"datePublished\":\"2025-10-16T09:22:38+00:00\",\"dateModified\":\"2025-11-17T22:10:21+00:00\",\"description\":\"Pr\u00e9miov\u00fd bal\u00edk pre vytvorenie luxusn\u00e9ho kozmetick\u00e9ho sal\u00f3nu na najvy\u0161\u0161ej \u00farovni. Zah\u0155\u0148a individu\u00e1lny koncept, architektonick\u00fd n\u00e1vrh, kompletn\u00fd brand manu\u00e1l, \u0161pi\u010dkov\u00e9 technol\u00f3gie pre telo aj tv\u00e1r, odborn\u00e9 \u0161kolenia, mentoring a podporu vo v\u0161etk\u00fdch f\u00e1zach otvorenia a prev\u00e1dzky sal\u00f3nu.\",\"breadcrumb\":{\"@id\":\"https:\\\/\\\/www.beautypristroje.sk\\\/salony-na-kluc\\\/salon-ultra-luxus\\\/#breadcrumb\"},\"inLanguage\":\"en-GB\",\"potentialAction\":[{\"@type\":\"ReadAction\",\"target\":[\"https:\\\/\\\/www.beautypristroje.sk\\\/salony-na-kluc\\\/salon-ultra-luxus\\\/\"]}]},{\"@type\":\"ImageObject\",\"inLanguage\":\"en-GB\",\"@id\":\"https:\\\/\\\/www.beautypristroje.sk\\\/salony-na-kluc\\\/salon-ultra-luxus\\\/#primaryimage\",\"url\":\"https:\\\/\\\/www.beautypristroje.sk\\\/wp-content\\\/uploads\\\/2025\\\/10\\\/Obrazok-WhatsApp-2025-10-28-o-13.17.21_f35eee7c-683x1024.jpg\",\"contentUrl\":\"https:\\\/\\\/www.beautypristroje.sk\\\/wp-content\\\/uploads\\\/2025\\\/10\\\/Obrazok-WhatsApp-2025-10-28-o-13.17.21_f35eee7c-683x1024.jpg\"},{\"@type\":\"BreadcrumbList\",\"@id\":\"https:\\\/\\\/www.beautypristroje.sk\\\/salony-na-kluc\\\/salon-ultra-luxus\\\/#breadcrumb\",\"itemListElement\":[{\"@type\":\"ListItem\",\"position\":1,\"name\":\"Domovsk\u00e1 str\u00e1nka\",\"item\":\"https:\\\/\\\/www.beautypristroje.sk\\\/\"},{\"@type\":\"ListItem\",\"position\":2,\"name\":\"Sal\u00f3ny na k\u013e\u00fa\u010d\",\"item\":\"https:\\\/\\\/www.beautypristroje.sk\\\/salony-na-kluc\\\/\"},{\"@type\":\"ListItem\",\"position\":3,\"name\":\"Sal\u00f3n Ultra Luxus\"}]},{\"@type\":\"WebSite\",\"@id\":\"https:\\\/\\\/www.beautypristroje.sk\\\/#website\",\"url\":\"https:\\\/\\\/www.beautypristroje.sk\\\/\",\"name\":\"Beauty pr\u00edstroje\",\"description\":\"Profesion\u00e1lne kozmetick\u00e9 pr\u00edstroje pre sal\u00f3ny a kliniky\",\"potentialAction\":[{\"@type\":\"SearchAction\",\"target\":{\"@type\":\"EntryPoint\",\"urlTemplate\":\"https:\\\/\\\/www.beautypristroje.sk\\\/?s={search_term_string}\"},\"query-input\":{\"@type\":\"PropertyValueSpecification\",\"valueRequired\":true,\"valueName\":\"search_term_string\"}}],\"inLanguage\":\"en-GB\"}]}<\/script>\n<!-- \/ Yoast SEO plugin. -->","yoast_head_json":{"title":"Sal\u00f3n Ultra Luxus - Beauty pr\u00edstroje","description":"Pr\u00e9miov\u00fd bal\u00edk pre vytvorenie luxusn\u00e9ho kozmetick\u00e9ho sal\u00f3nu na najvy\u0161\u0161ej \u00farovni. Zah\u0155\u0148a individu\u00e1lny koncept, architektonick\u00fd n\u00e1vrh, kompletn\u00fd brand manu\u00e1l, \u0161pi\u010dkov\u00e9 technol\u00f3gie pre telo aj tv\u00e1r, odborn\u00e9 \u0161kolenia, mentoring a podporu vo v\u0161etk\u00fdch f\u00e1zach otvorenia a prev\u00e1dzky sal\u00f3nu.","robots":{"index":"index","follow":"follow","max-snippet":"max-snippet:-1","max-image-preview":"max-image-preview:large","max-video-preview":"max-video-preview:-1"},"canonical":"https:\/\/www.beautypristroje.sk\/en\/salony-na-kluc\/salon-ultra-luxus\/","og_locale":"en_GB","og_type":"article","og_title":"Sal\u00f3n Ultra Luxus - Beauty pr\u00edstroje","og_description":"Pr\u00e9miov\u00fd bal\u00edk pre vytvorenie luxusn\u00e9ho kozmetick\u00e9ho sal\u00f3nu na najvy\u0161\u0161ej \u00farovni. Zah\u0155\u0148a individu\u00e1lny koncept, architektonick\u00fd n\u00e1vrh, kompletn\u00fd brand manu\u00e1l, \u0161pi\u010dkov\u00e9 technol\u00f3gie pre telo aj tv\u00e1r, odborn\u00e9 \u0161kolenia, mentoring a podporu vo v\u0161etk\u00fdch f\u00e1zach otvorenia a prev\u00e1dzky sal\u00f3nu.","og_url":"https:\/\/www.beautypristroje.sk\/en\/salony-na-kluc\/salon-ultra-luxus\/","og_site_name":"Beauty pr\u00edstroje","article_modified_time":"2025-11-17T22:10:21+00:00","og_image":[{"url":"https:\/\/www.beautypristroje.sk\/wp-content\/uploads\/2025\/10\/Obrazok-WhatsApp-2025-10-28-o-13.17.21_f35eee7c-683x1024.jpg","type":"","width":"","height":""}],"twitter_card":"summary_large_image","twitter_misc":{"Estimated reading time":"2 minutes"},"schema":{"@context":"https:\/\/schema.org","@graph":[{"@type":"WebPage","@id":"https:\/\/www.beautypristroje.sk\/salony-na-kluc\/salon-ultra-luxus\/","url":"https:\/\/www.beautypristroje.sk\/salony-na-kluc\/salon-ultra-luxus\/","name":"Sal\u00f3n Ultra Luxus - Beauty pr\u00edstroje","isPartOf":{"@id":"https:\/\/www.beautypristroje.sk\/#website"},"primaryImageOfPage":{"@id":"https:\/\/www.beautypristroje.sk\/salony-na-kluc\/salon-ultra-luxus\/#primaryimage"},"image":{"@id":"https:\/\/www.beautypristroje.sk\/salony-na-kluc\/salon-ultra-luxus\/#primaryimage"},"thumbnailUrl":"https:\/\/www.beautypristroje.sk\/wp-content\/uploads\/2025\/10\/Obrazok-WhatsApp-2025-10-28-o-13.17.21_f35eee7c-683x1024.jpg","datePublished":"2025-10-16T09:22:38+00:00","dateModified":"2025-11-17T22:10:21+00:00","description":"Pr\u00e9miov\u00fd bal\u00edk pre vytvorenie luxusn\u00e9ho kozmetick\u00e9ho sal\u00f3nu na najvy\u0161\u0161ej \u00farovni. Zah\u0155\u0148a individu\u00e1lny koncept, architektonick\u00fd n\u00e1vrh, kompletn\u00fd brand manu\u00e1l, \u0161pi\u010dkov\u00e9 technol\u00f3gie pre telo aj tv\u00e1r, odborn\u00e9 \u0161kolenia, mentoring a podporu vo v\u0161etk\u00fdch f\u00e1zach otvorenia a prev\u00e1dzky sal\u00f3nu.","breadcrumb":{"@id":"https:\/\/www.beautypristroje.sk\/salony-na-kluc\/salon-ultra-luxus\/#breadcrumb"},"inLanguage":"en-GB","potentialAction":[{"@type":"ReadAction","target":["https:\/\/www.beautypristroje.sk\/salony-na-kluc\/salon-ultra-luxus\/"]}]},{"@type":"ImageObject","inLanguage":"en-GB","@id":"https:\/\/www.beautypristroje.sk\/salony-na-kluc\/salon-ultra-luxus\/#primaryimage","url":"https:\/\/www.beautypristroje.sk\/wp-content\/uploads\/2025\/10\/Obrazok-WhatsApp-2025-10-28-o-13.17.21_f35eee7c-683x1024.jpg","contentUrl":"https:\/\/www.beautypristroje.sk\/wp-content\/uploads\/2025\/10\/Obrazok-WhatsApp-2025-10-28-o-13.17.21_f35eee7c-683x1024.jpg"},{"@type":"BreadcrumbList","@id":"https:\/\/www.beautypristroje.sk\/salony-na-kluc\/salon-ultra-luxus\/#breadcrumb","itemListElement":[{"@type":"ListItem","position":1,"name":"Domovsk\u00e1 str\u00e1nka","item":"https:\/\/www.beautypristroje.sk\/"},{"@type":"ListItem","position":2,"name":"Sal\u00f3ny na k\u013e\u00fa\u010d","item":"https:\/\/www.beautypristroje.sk\/salony-na-kluc\/"},{"@type":"ListItem","position":3,"name":"Sal\u00f3n Ultra Luxus"}]},{"@type":"WebSite","@id":"https:\/\/www.beautypristroje.sk\/#website","url":"https:\/\/www.beautypristroje.sk\/","name":"Beauty pr\u00edstroje","description":"Profesion\u00e1lne kozmetick\u00e9 pr\u00edstroje pre sal\u00f3ny a kliniky","potentialAction":[{"@type":"SearchAction","target":{"@type":"EntryPoint","urlTemplate":"https:\/\/www.beautypristroje.sk\/?s={search_term_string}"},"query-input":{"@type":"PropertyValueSpecification","valueRequired":true,"valueName":"search_term_string"}}],"inLanguage":"en-GB"}]}},"_links":{"self":[{"href":"https:\/\/www.beautypristroje.sk\/en\/wp-json\/wp\/v2\/pages\/1301","targetHints":{"allow":["GET"]}}],"collection":[{"href":"https:\/\/www.beautypristroje.sk\/en\/wp-json\/wp\/v2\/pages"}],"about":[{"href":"https:\/\/www.beautypristroje.sk\/en\/wp-json\/wp\/v2\/types\/page"}],"author":[{"embeddable":true,"href":"https:\/\/www.beautypristroje.sk\/en\/wp-json\/wp\/v2\/users\/2"}],"replies":[{"embeddable":true,"href":"https:\/\/www.beautypristroje.sk\/en\/wp-json\/wp\/v2\/comments?post=1301"}],"version-history":[{"count":1,"href":"https:\/\/www.beautypristroje.sk\/en\/wp-json\/wp\/v2\/pages\/1301\/revisions"}],"predecessor-version":[{"id":2579,"href":"https:\/\/www.beautypristroje.sk\/en\/wp-json\/wp\/v2\/pages\/1301\/revisions\/2579"}],"up":[{"embeddable":true,"href":"https:\/\/www.beautypristroje.sk\/en\/wp-json\/wp\/v2\/pages\/498"}],"wp:attachment":[{"href":"https:\/\/www.beautypristroje.sk\/en\/wp-json\/wp\/v2\/media?parent=1301"}],"curies":[{"name":"wp","href":"https:\/\/api.w.org\/{rel}","templated":true}]}}