{"id":1299,"date":"2025-10-16T11:22:07","date_gmt":"2025-10-16T09:22:07","guid":{"rendered":"https:\/\/www.beautypristroje.sk\/?page_id=1299"},"modified":"2025-11-17T23:09:38","modified_gmt":"2025-11-17T22:09:38","slug":"salon-luxus","status":"publish","type":"page","link":"https:\/\/www.beautypristroje.sk\/en\/salony-na-kluc\/salon-luxus\/","title":{"rendered":"Sal\u00f3n Luxus"},"content":{"rendered":"<div data-elementor-type=\"wp-page\" data-elementor-id=\"1299\" class=\"elementor elementor-1299\" wpc-filter-elementor-widget=\"1\" data-elementor-post-type=\"page\">\n\t\t\t\t\t\t<section class=\"elementor-section elementor-top-section elementor-element elementor-element-2ee0887 elementor-section-content-middle elementor-section-boxed elementor-section-height-default elementor-section-height-default\" data-id=\"2ee0887\" data-element_type=\"section\" data-e-type=\"section\" data-settings=\"{&quot;background_background&quot;:&quot;classic&quot;}\">\n\t\t\t\t\t\t\t<div class=\"elementor-background-overlay\"><\/div>\n\t\t\t\t\t\t\t<div class=\"elementor-container elementor-column-gap-default\">\n\t\t\t\t\t<div class=\"elementor-column elementor-col-100 elementor-top-column elementor-element elementor-element-4b318b5\" data-id=\"4b318b5\" data-element_type=\"column\" data-e-type=\"column\">\n\t\t\t<div class=\"elementor-widget-wrap elementor-element-populated\">\n\t\t\t\t\t\t<div class=\"elementor-element elementor-element-94c2659 elementor-widget elementor-widget-heading\" data-id=\"94c2659\" data-element_type=\"widget\" data-e-type=\"widget\" data-widget_type=\"heading.default\">\n\t\t\t\t\t<h1 class=\"elementor-heading-title elementor-size-default\">sal\u00f3n luxus<\/h1>\t\t\t\t<\/div>\n\t\t\t\t\t<\/div>\n\t\t<\/div>\n\t\t\t\t\t<\/div>\n\t\t<\/section>\n\t\t<div class=\"elementor-element elementor-element-d3d6599 e-flex e-con-boxed e-con e-parent\" data-id=\"d3d6599\" data-element_type=\"container\" data-e-type=\"container\">\n\t\t\t\t\t<div class=\"e-con-inner\">\n\t\t\t\t<div class=\"elementor-element elementor-element-d2be92b elementor-widget__width-initial elementor-widget elementor-widget-image\" data-id=\"d2be92b\" data-element_type=\"widget\" data-e-type=\"widget\" data-widget_type=\"image.default\">\n\t\t\t\t\t\t\t\t\t\t\t\t\t\t\t<img fetchpriority=\"high\" decoding=\"async\" width=\"683\" height=\"1024\" src=\"https:\/\/www.beautypristroje.sk\/wp-content\/uploads\/2025\/10\/Obrazok-WhatsApp-2025-10-28-o-13.17.22_2ad7fe8b-683x1024.jpg\" class=\"attachment-large size-large wp-image-2085\" alt=\"\" srcset=\"https:\/\/www.beautypristroje.sk\/wp-content\/uploads\/2025\/10\/Obrazok-WhatsApp-2025-10-28-o-13.17.22_2ad7fe8b-683x1024.jpg 683w, https:\/\/www.beautypristroje.sk\/wp-content\/uploads\/2025\/10\/Obrazok-WhatsApp-2025-10-28-o-13.17.22_2ad7fe8b-200x300.jpg 200w, https:\/\/www.beautypristroje.sk\/wp-content\/uploads\/2025\/10\/Obrazok-WhatsApp-2025-10-28-o-13.17.22_2ad7fe8b-768x1152.jpg 768w, https:\/\/www.beautypristroje.sk\/wp-content\/uploads\/2025\/10\/Obrazok-WhatsApp-2025-10-28-o-13.17.22_2ad7fe8b-1024x1536.jpg 1024w, https:\/\/www.beautypristroje.sk\/wp-content\/uploads\/2025\/10\/Obrazok-WhatsApp-2025-10-28-o-13.17.22_2ad7fe8b-8x12.jpg 8w, https:\/\/www.beautypristroje.sk\/wp-content\/uploads\/2025\/10\/Obrazok-WhatsApp-2025-10-28-o-13.17.22_2ad7fe8b-600x900.jpg 600w, https:\/\/www.beautypristroje.sk\/wp-content\/uploads\/2025\/10\/Obrazok-WhatsApp-2025-10-28-o-13.17.22_2ad7fe8b.jpg 1067w\" sizes=\"(max-width: 683px) 100vw, 683px\" \/>\t\t\t\t\t\t\t\t\t\t\t\t\t\t\t<\/div>\n\t\t\t\t<div class=\"elementor-element elementor-element-f97bb7f elementor-widget elementor-widget-text-editor\" data-id=\"f97bb7f\" data-element_type=\"widget\" data-e-type=\"widget\" data-widget_type=\"text-editor.default\">\n\t\t\t\t\t\t\t\t\t<div class=\"wpb_text_column\"><div class=\"wpb_wrapper\"><div class=\"wpb_text_column\"><div class=\"wpb_wrapper\"><div class=\"wpb_text_column\"><div class=\"wpb_wrapper\"><div class=\"wpb_text_column\"><div class=\"wpb_wrapper\"><div class=\"wpb_text_column\"><div class=\"wpb_wrapper\"><div class=\"wpb_text_column\"><div class=\"wpb_wrapper\"><h3>Sal\u00f3n na k\u013e\u00fa\u010d \u2013 Luxus<\/h3><\/div><\/div><div class=\"w-separator size_small\">\u00a0<\/div><div class=\"wpb_text_column us_custom_e2667a25\"><div class=\"wpb_wrapper\"><p>Pre podnikate\u013eov, ktor\u00ed chc\u00fa profesion\u00e1lny sal\u00f3n s v\u00fdbornou n\u00e1vratnos\u0165ou.<br \/>Chce\u0161 sal\u00f3n, ktor\u00fd vyzer\u00e1 dobre, funguje efekt\u00edvne a je vybaven\u00fd modern\u00fdmi technol\u00f3giami,<br \/>ktor\u00e9 \u013eudia vyh\u013ead\u00e1vaj\u00fa? Tento bal\u00edk ti poskytne stabiln\u00fd z\u00e1klad pre \u00faspe\u0161n\u00fd biznis s na\u0161\u00edm osobn\u00fdm veden\u00edm.<\/p><\/div><\/div><div class=\"w-separator size_small\">\u00a0<\/div><div class=\"wpb_text_column us_custom_e2667a25\"><div class=\"wpb_wrapper\"><p><strong>\u010co v\u0161etko z\u00edskate:<\/strong><\/p><ul><li>N\u00e1vrh jasn\u00e9ho konceptu sal\u00f3nu (telo \/ ple\u0165 \/ kombin\u00e1cia)<\/li><li>Dispozi\u010dn\u00e9 odpor\u00fa\u010dania na efekt\u00edvne rozvrhnutie priestoru<\/li><li>Vytvorenie kompletn\u00e9ho brand manu\u00e1lu (n\u00e1zov, logo, farby, \u0161t\u00fdl komunik\u00e1cie)<\/li><li>Odpor\u00fa\u010dania pre v\u00fdber n\u00e1bytku, pokladne a vybavenia<\/li><li>Konzult\u00e1cie a poradenstvo:<\/li><li>hygiena a prev\u00e1dzkov\u00fd poriadok<\/li><li>cenotvorba a slu\u017eby pod\u013ea aktu\u00e1lneho trhu<\/li><li>v\u00fdber vhodn\u00fdch dod\u00e1vate\u013eov<\/li><li>Mentoring pri otvoren\u00ed sal\u00f3nu + \u0161kolenie person\u00e1lu<\/li><li>Mo\u017enos\u0165 pripojenia akredita\u010dn\u00e9ho kurzu<\/li><li>Technol\u00f3gie zahrnut\u00e9 v bal\u00edku (Luxury Esthetic):<\/li><li>V\u00fdber modern\u00fdch pr\u00edstrojov pre o\u0161etrenia tv\u00e1re a tela<\/li><li>Technol\u00f3gie so zameran\u00edm na:<\/li><li>formovanie postavy<\/li><li>spev\u0148ovanie a lifting<\/li><li>epil\u00e1ciu<\/li><li>z\u00e1kladn\u00fa anti-aging starostlivos\u0165<\/li><li>\u0160kolenie, dokument\u00e1cia a odborn\u00e1 podporaZ\u00edskaj sal\u00f3n, ktor\u00fd m\u00e1 hodnotu.<\/li><\/ul><p>\u00a0<\/p><p>Z\u00edskaj sal\u00f3n, ktor\u00fd m\u00e1 syst\u00e9m.My ti uk\u00e1\u017eeme, \u010do re\u00e1lne funguje \u2013 bez zbyto\u010dn\u00fdch invest\u00edci\u00ed a pokusov naslepo.<\/p><\/div><\/div><\/div><\/div><\/div><\/div><\/div><\/div><\/div><\/div><\/div><\/div>\t\t\t\t\t\t\t\t<\/div>\n\t\t\t\t\t<\/div>\n\t\t\t\t<\/div>\n\t\t\t\t<\/div>","protected":false},"excerpt":{"rendered":"<p>sal\u00f3n luxus Sal\u00f3n na k\u013e\u00fa\u010d \u2013 Luxus \u00a0 Pre podnikate\u013eov, ktor\u00ed chc\u00fa profesion\u00e1lny sal\u00f3n s v\u00fdbornou n\u00e1vratnos\u0165ou.Chce\u0161 sal\u00f3n, ktor\u00fd vyzer\u00e1 dobre, funguje efekt\u00edvne a je vybaven\u00fd modern\u00fdmi technol\u00f3giami,ktor\u00e9 \u013eudia vyh\u013ead\u00e1vaj\u00fa? Tento bal\u00edk ti poskytne stabiln\u00fd z\u00e1klad pre \u00faspe\u0161n\u00fd biznis s na\u0161\u00edm osobn\u00fdm veden\u00edm. \u00a0 \u010co v\u0161etko z\u00edskate: N\u00e1vrh jasn\u00e9ho konceptu sal\u00f3nu (telo \/ ple\u0165 \/ [&hellip;]<\/p>\n","protected":false},"author":2,"featured_media":0,"parent":498,"menu_order":0,"comment_status":"closed","ping_status":"closed","template":"","meta":{"_acf_changed":false,"footnotes":""},"class_list":["post-1299","page","type-page","status-publish","hentry"],"acf":[],"yoast_head":"<!-- This site is optimized with the Yoast SEO plugin v27.5 - https:\/\/yoast.com\/product\/yoast-seo-wordpress\/ -->\n<title>Sal\u00f3n Luxus - Beauty pr\u00edstroje<\/title>\n<meta name=\"description\" content=\"Komplexn\u00fd bal\u00edk pre vytvorenie modern\u00e9ho a ziskov\u00e9ho kozmetick\u00e9ho sal\u00f3nu. Zah\u0155\u0148a koncept, branding, dispozi\u010dn\u00fd pl\u00e1n, profesion\u00e1lne pr\u00edstroje, \u0161kolenia, mentoring a kompletn\u00fa odborn\u00fa podporu pre \u00faspe\u0161n\u00e9 otvorenie prev\u00e1dzky.\" \/>\n<meta name=\"robots\" content=\"index, follow, max-snippet:-1, max-image-preview:large, max-video-preview:-1\" \/>\n<link rel=\"canonical\" href=\"https:\/\/www.beautypristroje.sk\/en\/salony-na-kluc\/salon-luxus\/\" \/>\n<meta property=\"og:locale\" content=\"en_GB\" \/>\n<meta property=\"og:type\" content=\"article\" \/>\n<meta property=\"og:title\" content=\"Sal\u00f3n Luxus - Beauty pr\u00edstroje\" \/>\n<meta property=\"og:description\" content=\"Komplexn\u00fd bal\u00edk pre vytvorenie modern\u00e9ho a ziskov\u00e9ho kozmetick\u00e9ho sal\u00f3nu. Zah\u0155\u0148a koncept, branding, dispozi\u010dn\u00fd pl\u00e1n, profesion\u00e1lne pr\u00edstroje, \u0161kolenia, mentoring a kompletn\u00fa odborn\u00fa podporu pre \u00faspe\u0161n\u00e9 otvorenie prev\u00e1dzky.\" \/>\n<meta property=\"og:url\" content=\"https:\/\/www.beautypristroje.sk\/en\/salony-na-kluc\/salon-luxus\/\" \/>\n<meta property=\"og:site_name\" content=\"Beauty pr\u00edstroje\" \/>\n<meta property=\"article:modified_time\" content=\"2025-11-17T22:09:38+00:00\" \/>\n<meta property=\"og:image\" content=\"https:\/\/www.beautypristroje.sk\/wp-content\/uploads\/2025\/10\/Obrazok-WhatsApp-2025-10-28-o-13.17.22_2ad7fe8b-683x1024.jpg\" \/>\n<meta name=\"twitter:card\" content=\"summary_large_image\" \/>\n<meta name=\"twitter:label1\" content=\"Estimated reading time\" \/>\n\t<meta name=\"twitter:data1\" content=\"2 minutes\" \/>\n<script type=\"application\/ld+json\" class=\"yoast-schema-graph\">{\"@context\":\"https:\\\/\\\/schema.org\",\"@graph\":[{\"@type\":\"WebPage\",\"@id\":\"https:\\\/\\\/www.beautypristroje.sk\\\/salony-na-kluc\\\/salon-luxus\\\/\",\"url\":\"https:\\\/\\\/www.beautypristroje.sk\\\/salony-na-kluc\\\/salon-luxus\\\/\",\"name\":\"Sal\u00f3n Luxus - Beauty pr\u00edstroje\",\"isPartOf\":{\"@id\":\"https:\\\/\\\/www.beautypristroje.sk\\\/#website\"},\"primaryImageOfPage\":{\"@id\":\"https:\\\/\\\/www.beautypristroje.sk\\\/salony-na-kluc\\\/salon-luxus\\\/#primaryimage\"},\"image\":{\"@id\":\"https:\\\/\\\/www.beautypristroje.sk\\\/salony-na-kluc\\\/salon-luxus\\\/#primaryimage\"},\"thumbnailUrl\":\"https:\\\/\\\/www.beautypristroje.sk\\\/wp-content\\\/uploads\\\/2025\\\/10\\\/Obrazok-WhatsApp-2025-10-28-o-13.17.22_2ad7fe8b-683x1024.jpg\",\"datePublished\":\"2025-10-16T09:22:07+00:00\",\"dateModified\":\"2025-11-17T22:09:38+00:00\",\"description\":\"Komplexn\u00fd bal\u00edk pre vytvorenie modern\u00e9ho a ziskov\u00e9ho kozmetick\u00e9ho sal\u00f3nu. Zah\u0155\u0148a koncept, branding, dispozi\u010dn\u00fd pl\u00e1n, profesion\u00e1lne pr\u00edstroje, \u0161kolenia, mentoring a kompletn\u00fa odborn\u00fa podporu pre \u00faspe\u0161n\u00e9 otvorenie prev\u00e1dzky.\",\"breadcrumb\":{\"@id\":\"https:\\\/\\\/www.beautypristroje.sk\\\/salony-na-kluc\\\/salon-luxus\\\/#breadcrumb\"},\"inLanguage\":\"en-GB\",\"potentialAction\":[{\"@type\":\"ReadAction\",\"target\":[\"https:\\\/\\\/www.beautypristroje.sk\\\/salony-na-kluc\\\/salon-luxus\\\/\"]}]},{\"@type\":\"ImageObject\",\"inLanguage\":\"en-GB\",\"@id\":\"https:\\\/\\\/www.beautypristroje.sk\\\/salony-na-kluc\\\/salon-luxus\\\/#primaryimage\",\"url\":\"https:\\\/\\\/www.beautypristroje.sk\\\/wp-content\\\/uploads\\\/2025\\\/10\\\/Obrazok-WhatsApp-2025-10-28-o-13.17.22_2ad7fe8b-683x1024.jpg\",\"contentUrl\":\"https:\\\/\\\/www.beautypristroje.sk\\\/wp-content\\\/uploads\\\/2025\\\/10\\\/Obrazok-WhatsApp-2025-10-28-o-13.17.22_2ad7fe8b-683x1024.jpg\"},{\"@type\":\"BreadcrumbList\",\"@id\":\"https:\\\/\\\/www.beautypristroje.sk\\\/salony-na-kluc\\\/salon-luxus\\\/#breadcrumb\",\"itemListElement\":[{\"@type\":\"ListItem\",\"position\":1,\"name\":\"Domovsk\u00e1 str\u00e1nka\",\"item\":\"https:\\\/\\\/www.beautypristroje.sk\\\/\"},{\"@type\":\"ListItem\",\"position\":2,\"name\":\"Sal\u00f3ny na k\u013e\u00fa\u010d\",\"item\":\"https:\\\/\\\/www.beautypristroje.sk\\\/salony-na-kluc\\\/\"},{\"@type\":\"ListItem\",\"position\":3,\"name\":\"Sal\u00f3n Luxus\"}]},{\"@type\":\"WebSite\",\"@id\":\"https:\\\/\\\/www.beautypristroje.sk\\\/#website\",\"url\":\"https:\\\/\\\/www.beautypristroje.sk\\\/\",\"name\":\"Beauty pr\u00edstroje\",\"description\":\"Profesion\u00e1lne kozmetick\u00e9 pr\u00edstroje pre sal\u00f3ny a kliniky\",\"potentialAction\":[{\"@type\":\"SearchAction\",\"target\":{\"@type\":\"EntryPoint\",\"urlTemplate\":\"https:\\\/\\\/www.beautypristroje.sk\\\/?s={search_term_string}\"},\"query-input\":{\"@type\":\"PropertyValueSpecification\",\"valueRequired\":true,\"valueName\":\"search_term_string\"}}],\"inLanguage\":\"en-GB\"}]}<\/script>\n<!-- \/ Yoast SEO plugin. -->","yoast_head_json":{"title":"Sal\u00f3n Luxus - Beauty pr\u00edstroje","description":"Komplexn\u00fd bal\u00edk pre vytvorenie modern\u00e9ho a ziskov\u00e9ho kozmetick\u00e9ho sal\u00f3nu. Zah\u0155\u0148a koncept, branding, dispozi\u010dn\u00fd pl\u00e1n, profesion\u00e1lne pr\u00edstroje, \u0161kolenia, mentoring a kompletn\u00fa odborn\u00fa podporu pre \u00faspe\u0161n\u00e9 otvorenie prev\u00e1dzky.","robots":{"index":"index","follow":"follow","max-snippet":"max-snippet:-1","max-image-preview":"max-image-preview:large","max-video-preview":"max-video-preview:-1"},"canonical":"https:\/\/www.beautypristroje.sk\/en\/salony-na-kluc\/salon-luxus\/","og_locale":"en_GB","og_type":"article","og_title":"Sal\u00f3n Luxus - Beauty pr\u00edstroje","og_description":"Komplexn\u00fd bal\u00edk pre vytvorenie modern\u00e9ho a ziskov\u00e9ho kozmetick\u00e9ho sal\u00f3nu. Zah\u0155\u0148a koncept, branding, dispozi\u010dn\u00fd pl\u00e1n, profesion\u00e1lne pr\u00edstroje, \u0161kolenia, mentoring a kompletn\u00fa odborn\u00fa podporu pre \u00faspe\u0161n\u00e9 otvorenie prev\u00e1dzky.","og_url":"https:\/\/www.beautypristroje.sk\/en\/salony-na-kluc\/salon-luxus\/","og_site_name":"Beauty pr\u00edstroje","article_modified_time":"2025-11-17T22:09:38+00:00","og_image":[{"url":"https:\/\/www.beautypristroje.sk\/wp-content\/uploads\/2025\/10\/Obrazok-WhatsApp-2025-10-28-o-13.17.22_2ad7fe8b-683x1024.jpg","type":"","width":"","height":""}],"twitter_card":"summary_large_image","twitter_misc":{"Estimated reading time":"2 minutes"},"schema":{"@context":"https:\/\/schema.org","@graph":[{"@type":"WebPage","@id":"https:\/\/www.beautypristroje.sk\/salony-na-kluc\/salon-luxus\/","url":"https:\/\/www.beautypristroje.sk\/salony-na-kluc\/salon-luxus\/","name":"Sal\u00f3n Luxus - Beauty pr\u00edstroje","isPartOf":{"@id":"https:\/\/www.beautypristroje.sk\/#website"},"primaryImageOfPage":{"@id":"https:\/\/www.beautypristroje.sk\/salony-na-kluc\/salon-luxus\/#primaryimage"},"image":{"@id":"https:\/\/www.beautypristroje.sk\/salony-na-kluc\/salon-luxus\/#primaryimage"},"thumbnailUrl":"https:\/\/www.beautypristroje.sk\/wp-content\/uploads\/2025\/10\/Obrazok-WhatsApp-2025-10-28-o-13.17.22_2ad7fe8b-683x1024.jpg","datePublished":"2025-10-16T09:22:07+00:00","dateModified":"2025-11-17T22:09:38+00:00","description":"Komplexn\u00fd bal\u00edk pre vytvorenie modern\u00e9ho a ziskov\u00e9ho kozmetick\u00e9ho sal\u00f3nu. Zah\u0155\u0148a koncept, branding, dispozi\u010dn\u00fd pl\u00e1n, profesion\u00e1lne pr\u00edstroje, \u0161kolenia, mentoring a kompletn\u00fa odborn\u00fa podporu pre \u00faspe\u0161n\u00e9 otvorenie prev\u00e1dzky.","breadcrumb":{"@id":"https:\/\/www.beautypristroje.sk\/salony-na-kluc\/salon-luxus\/#breadcrumb"},"inLanguage":"en-GB","potentialAction":[{"@type":"ReadAction","target":["https:\/\/www.beautypristroje.sk\/salony-na-kluc\/salon-luxus\/"]}]},{"@type":"ImageObject","inLanguage":"en-GB","@id":"https:\/\/www.beautypristroje.sk\/salony-na-kluc\/salon-luxus\/#primaryimage","url":"https:\/\/www.beautypristroje.sk\/wp-content\/uploads\/2025\/10\/Obrazok-WhatsApp-2025-10-28-o-13.17.22_2ad7fe8b-683x1024.jpg","contentUrl":"https:\/\/www.beautypristroje.sk\/wp-content\/uploads\/2025\/10\/Obrazok-WhatsApp-2025-10-28-o-13.17.22_2ad7fe8b-683x1024.jpg"},{"@type":"BreadcrumbList","@id":"https:\/\/www.beautypristroje.sk\/salony-na-kluc\/salon-luxus\/#breadcrumb","itemListElement":[{"@type":"ListItem","position":1,"name":"Domovsk\u00e1 str\u00e1nka","item":"https:\/\/www.beautypristroje.sk\/"},{"@type":"ListItem","position":2,"name":"Sal\u00f3ny na k\u013e\u00fa\u010d","item":"https:\/\/www.beautypristroje.sk\/salony-na-kluc\/"},{"@type":"ListItem","position":3,"name":"Sal\u00f3n Luxus"}]},{"@type":"WebSite","@id":"https:\/\/www.beautypristroje.sk\/#website","url":"https:\/\/www.beautypristroje.sk\/","name":"Beauty pr\u00edstroje","description":"Profesion\u00e1lne kozmetick\u00e9 pr\u00edstroje pre sal\u00f3ny a kliniky","potentialAction":[{"@type":"SearchAction","target":{"@type":"EntryPoint","urlTemplate":"https:\/\/www.beautypristroje.sk\/?s={search_term_string}"},"query-input":{"@type":"PropertyValueSpecification","valueRequired":true,"valueName":"search_term_string"}}],"inLanguage":"en-GB"}]}},"_links":{"self":[{"href":"https:\/\/www.beautypristroje.sk\/en\/wp-json\/wp\/v2\/pages\/1299","targetHints":{"allow":["GET"]}}],"collection":[{"href":"https:\/\/www.beautypristroje.sk\/en\/wp-json\/wp\/v2\/pages"}],"about":[{"href":"https:\/\/www.beautypristroje.sk\/en\/wp-json\/wp\/v2\/types\/page"}],"author":[{"embeddable":true,"href":"https:\/\/www.beautypristroje.sk\/en\/wp-json\/wp\/v2\/users\/2"}],"replies":[{"embeddable":true,"href":"https:\/\/www.beautypristroje.sk\/en\/wp-json\/wp\/v2\/comments?post=1299"}],"version-history":[{"count":1,"href":"https:\/\/www.beautypristroje.sk\/en\/wp-json\/wp\/v2\/pages\/1299\/revisions"}],"predecessor-version":[{"id":2578,"href":"https:\/\/www.beautypristroje.sk\/en\/wp-json\/wp\/v2\/pages\/1299\/revisions\/2578"}],"up":[{"embeddable":true,"href":"https:\/\/www.beautypristroje.sk\/en\/wp-json\/wp\/v2\/pages\/498"}],"wp:attachment":[{"href":"https:\/\/www.beautypristroje.sk\/en\/wp-json\/wp\/v2\/media?parent=1299"}],"curies":[{"name":"wp","href":"https:\/\/api.w.org\/{rel}","templated":true}]}}