{"id":1297,"date":"2025-10-16T11:21:38","date_gmt":"2025-10-16T09:21:38","guid":{"rendered":"https:\/\/www.beautypristroje.sk\/?page_id=1297"},"modified":"2025-11-17T23:09:09","modified_gmt":"2025-11-17T22:09:09","slug":"salon-styl","status":"publish","type":"page","link":"https:\/\/www.beautypristroje.sk\/en\/salony-na-kluc\/salon-styl\/","title":{"rendered":"Sal\u00f3n \u0160t\u00fdl"},"content":{"rendered":"<div data-elementor-type=\"wp-page\" data-elementor-id=\"1297\" class=\"elementor elementor-1297\" wpc-filter-elementor-widget=\"1\" data-elementor-post-type=\"page\">\n\t\t\t\t\t\t<section class=\"elementor-section elementor-top-section elementor-element elementor-element-5d24376 elementor-section-content-middle elementor-section-boxed elementor-section-height-default elementor-section-height-default\" data-id=\"5d24376\" data-element_type=\"section\" data-e-type=\"section\" data-settings=\"{&quot;background_background&quot;:&quot;classic&quot;}\">\n\t\t\t\t\t\t\t<div class=\"elementor-background-overlay\"><\/div>\n\t\t\t\t\t\t\t<div class=\"elementor-container elementor-column-gap-default\">\n\t\t\t\t\t<div class=\"elementor-column elementor-col-100 elementor-top-column elementor-element elementor-element-cb385ca\" data-id=\"cb385ca\" data-element_type=\"column\" data-e-type=\"column\">\n\t\t\t<div class=\"elementor-widget-wrap elementor-element-populated\">\n\t\t\t\t\t\t<div class=\"elementor-element elementor-element-9b042ed elementor-widget elementor-widget-heading\" data-id=\"9b042ed\" data-element_type=\"widget\" data-e-type=\"widget\" data-widget_type=\"heading.default\">\n\t\t\t\t\t<h1 class=\"elementor-heading-title elementor-size-default\">sal\u00f3n \u0161t\u00fdl<\/h1>\t\t\t\t<\/div>\n\t\t\t\t\t<\/div>\n\t\t<\/div>\n\t\t\t\t\t<\/div>\n\t\t<\/section>\n\t\t<div class=\"elementor-element elementor-element-698cb3b e-flex e-con-boxed e-con e-parent\" data-id=\"698cb3b\" data-element_type=\"container\" data-e-type=\"container\">\n\t\t\t\t\t<div class=\"e-con-inner\">\n\t\t\t\t<div class=\"elementor-element elementor-element-6053fce elementor-widget__width-initial elementor-widget elementor-widget-image\" data-id=\"6053fce\" data-element_type=\"widget\" data-e-type=\"widget\" data-widget_type=\"image.default\">\n\t\t\t\t\t\t\t\t\t\t\t\t\t\t\t<img fetchpriority=\"high\" decoding=\"async\" width=\"683\" height=\"1024\" src=\"https:\/\/www.beautypristroje.sk\/wp-content\/uploads\/2025\/10\/Obrazok-WhatsApp-2025-10-28-o-13.17.21_151e333a-683x1024.jpg\" class=\"attachment-large size-large wp-image-2086\" alt=\"\" srcset=\"https:\/\/www.beautypristroje.sk\/wp-content\/uploads\/2025\/10\/Obrazok-WhatsApp-2025-10-28-o-13.17.21_151e333a-683x1024.jpg 683w, https:\/\/www.beautypristroje.sk\/wp-content\/uploads\/2025\/10\/Obrazok-WhatsApp-2025-10-28-o-13.17.21_151e333a-200x300.jpg 200w, https:\/\/www.beautypristroje.sk\/wp-content\/uploads\/2025\/10\/Obrazok-WhatsApp-2025-10-28-o-13.17.21_151e333a-768x1152.jpg 768w, https:\/\/www.beautypristroje.sk\/wp-content\/uploads\/2025\/10\/Obrazok-WhatsApp-2025-10-28-o-13.17.21_151e333a-1024x1536.jpg 1024w, https:\/\/www.beautypristroje.sk\/wp-content\/uploads\/2025\/10\/Obrazok-WhatsApp-2025-10-28-o-13.17.21_151e333a-8x12.jpg 8w, https:\/\/www.beautypristroje.sk\/wp-content\/uploads\/2025\/10\/Obrazok-WhatsApp-2025-10-28-o-13.17.21_151e333a-600x900.jpg 600w, https:\/\/www.beautypristroje.sk\/wp-content\/uploads\/2025\/10\/Obrazok-WhatsApp-2025-10-28-o-13.17.21_151e333a.jpg 1067w\" sizes=\"(max-width: 683px) 100vw, 683px\" \/>\t\t\t\t\t\t\t\t\t\t\t\t\t\t\t<\/div>\n\t\t\t\t<div class=\"elementor-element elementor-element-41708e9 elementor-widget elementor-widget-text-editor\" data-id=\"41708e9\" data-element_type=\"widget\" data-e-type=\"widget\" data-widget_type=\"text-editor.default\">\n\t\t\t\t\t\t\t\t\t<div class=\"wpb_text_column\"><p>\u00a0<\/p><div class=\"wpb_wrapper\"><div class=\"wpb_text_column\"><div class=\"wpb_wrapper\"><div class=\"wpb_text_column\"><div class=\"wpb_wrapper\"><div class=\"wpb_text_column\"><div class=\"wpb_wrapper\"><h3>Sal\u00f3n na k\u013e\u00fa\u010d \u2013 \u0160t\u00fdl<\/h3><\/div><\/div><div class=\"w-separator size_small\">\u00a0<\/div><div class=\"wpb_text_column us_custom_e2667a25\"><div class=\"wpb_wrapper\"><p>Pre koho? Pre t\u00fdch, ktor\u00ed chc\u00fa kvalitnej\u0161ie vybavenie, viac slu\u017eieb a jasn\u00fd smer.<\/p><\/div><\/div><div class=\"w-separator size_small\">\u00a0<\/div><div class=\"wpb_text_column us_custom_e2667a25\"><div class=\"wpb_wrapper\"><p><strong>\u010co z\u00edskate:<\/strong><\/p><ul><li>V\u0161etko zo \u0161tart bal\u00edka PLUS:<\/li><li>V\u00fdber v\u00fdkonnej\u0161\u00edch pr\u00edstrojov (napr. lymfodren\u00e1\u017e, EMS, r\u00e1diofrekvencia)<\/li><li>Zariadenie dvoch miestnost\u00ed (o\u0161etrovacia + pr\u00edpadne oddychov\u00e1 z\u00f3na)<\/li><li>Viac doplnkov a funk\u010dn\u00e9ho vybavenia<\/li><li>Roz\u0161\u00edren\u00e9 \u0161kolenie na pr\u00edstroje a protokoly<\/li><li>Detailnej\u0161ie know-how z 18-ro\u010dnej praxe:\u00a0<ul><li>ako si spr\u00e1vne naceni\u0165 slu\u017eby<\/li><li>ktor\u00e9 proced\u00fary s\u00fa aktu\u00e1lne naj\u017eiadanej\u0161ie<\/li><li>ako minimalizova\u0165 chyby pri spusten\u00ed prev\u00e1dzky<\/li><\/ul><\/li><\/ul><\/div><\/div><\/div><\/div><\/div><\/div><\/div><\/div>\t\t\t\t\t\t\t\t<\/div>\n\t\t\t\t\t<\/div>\n\t\t\t\t<\/div>\n\t\t\t\t<\/div>","protected":false},"excerpt":{"rendered":"<p>sal\u00f3n \u0161t\u00fdl \u00a0 Sal\u00f3n na k\u013e\u00fa\u010d \u2013 \u0160t\u00fdl \u00a0 Pre koho? Pre t\u00fdch, ktor\u00ed chc\u00fa kvalitnej\u0161ie vybavenie, viac slu\u017eieb a jasn\u00fd smer. \u00a0 \u010co z\u00edskate: V\u0161etko zo \u0161tart bal\u00edka PLUS: V\u00fdber v\u00fdkonnej\u0161\u00edch pr\u00edstrojov (napr. lymfodren\u00e1\u017e, EMS, r\u00e1diofrekvencia) Zariadenie dvoch miestnost\u00ed (o\u0161etrovacia + pr\u00edpadne oddychov\u00e1 z\u00f3na) Viac doplnkov a funk\u010dn\u00e9ho vybavenia Roz\u0161\u00edren\u00e9 \u0161kolenie na pr\u00edstroje a [&hellip;]<\/p>\n","protected":false},"author":2,"featured_media":0,"parent":498,"menu_order":0,"comment_status":"closed","ping_status":"closed","template":"","meta":{"_acf_changed":false,"footnotes":""},"class_list":["post-1297","page","type-page","status-publish","hentry"],"acf":[],"yoast_head":"<!-- This site is optimized with the Yoast SEO plugin v27.5 - https:\/\/yoast.com\/product\/yoast-seo-wordpress\/ -->\n<title>Sal\u00f3n \u0160t\u00fdl - Beauty pr\u00edstroje<\/title>\n<meta name=\"description\" content=\"Bal\u00edk pre kozmetick\u00e9 sal\u00f3ny, ktor\u00e9 chc\u00fa kvalitnej\u0161ie pr\u00edstroje, viac slu\u017eieb a profesion\u00e1lne vybavenie. Obsahuje 2 miestnosti, v\u00fdkonnej\u0161ie technol\u00f3gie, roz\u0161\u00edren\u00e9 \u0161kolenia a expert\u00edzne know-how.\" \/>\n<meta name=\"robots\" content=\"index, follow, max-snippet:-1, max-image-preview:large, max-video-preview:-1\" \/>\n<link rel=\"canonical\" href=\"https:\/\/www.beautypristroje.sk\/en\/salony-na-kluc\/salon-styl\/\" \/>\n<meta property=\"og:locale\" content=\"en_GB\" \/>\n<meta property=\"og:type\" content=\"article\" \/>\n<meta property=\"og:title\" content=\"Sal\u00f3n \u0160t\u00fdl - Beauty pr\u00edstroje\" \/>\n<meta property=\"og:description\" content=\"Bal\u00edk pre kozmetick\u00e9 sal\u00f3ny, ktor\u00e9 chc\u00fa kvalitnej\u0161ie pr\u00edstroje, viac slu\u017eieb a profesion\u00e1lne vybavenie. Obsahuje 2 miestnosti, v\u00fdkonnej\u0161ie technol\u00f3gie, roz\u0161\u00edren\u00e9 \u0161kolenia a expert\u00edzne know-how.\" \/>\n<meta property=\"og:url\" content=\"https:\/\/www.beautypristroje.sk\/en\/salony-na-kluc\/salon-styl\/\" \/>\n<meta property=\"og:site_name\" content=\"Beauty pr\u00edstroje\" \/>\n<meta property=\"article:modified_time\" content=\"2025-11-17T22:09:09+00:00\" \/>\n<meta property=\"og:image\" content=\"https:\/\/www.beautypristroje.sk\/wp-content\/uploads\/2025\/10\/Obrazok-WhatsApp-2025-10-28-o-13.17.21_151e333a-683x1024.jpg\" \/>\n<meta name=\"twitter:card\" content=\"summary_large_image\" \/>\n<meta name=\"twitter:label1\" content=\"Estimated reading time\" \/>\n\t<meta name=\"twitter:data1\" content=\"1 minute\" \/>\n<script type=\"application\/ld+json\" class=\"yoast-schema-graph\">{\"@context\":\"https:\\\/\\\/schema.org\",\"@graph\":[{\"@type\":\"WebPage\",\"@id\":\"https:\\\/\\\/www.beautypristroje.sk\\\/salony-na-kluc\\\/salon-styl\\\/\",\"url\":\"https:\\\/\\\/www.beautypristroje.sk\\\/salony-na-kluc\\\/salon-styl\\\/\",\"name\":\"Sal\u00f3n \u0160t\u00fdl - Beauty pr\u00edstroje\",\"isPartOf\":{\"@id\":\"https:\\\/\\\/www.beautypristroje.sk\\\/#website\"},\"primaryImageOfPage\":{\"@id\":\"https:\\\/\\\/www.beautypristroje.sk\\\/salony-na-kluc\\\/salon-styl\\\/#primaryimage\"},\"image\":{\"@id\":\"https:\\\/\\\/www.beautypristroje.sk\\\/salony-na-kluc\\\/salon-styl\\\/#primaryimage\"},\"thumbnailUrl\":\"https:\\\/\\\/www.beautypristroje.sk\\\/wp-content\\\/uploads\\\/2025\\\/10\\\/Obrazok-WhatsApp-2025-10-28-o-13.17.21_151e333a-683x1024.jpg\",\"datePublished\":\"2025-10-16T09:21:38+00:00\",\"dateModified\":\"2025-11-17T22:09:09+00:00\",\"description\":\"Bal\u00edk pre kozmetick\u00e9 sal\u00f3ny, ktor\u00e9 chc\u00fa kvalitnej\u0161ie pr\u00edstroje, viac slu\u017eieb a profesion\u00e1lne vybavenie. Obsahuje 2 miestnosti, v\u00fdkonnej\u0161ie technol\u00f3gie, roz\u0161\u00edren\u00e9 \u0161kolenia a expert\u00edzne know-how.\",\"breadcrumb\":{\"@id\":\"https:\\\/\\\/www.beautypristroje.sk\\\/salony-na-kluc\\\/salon-styl\\\/#breadcrumb\"},\"inLanguage\":\"en-GB\",\"potentialAction\":[{\"@type\":\"ReadAction\",\"target\":[\"https:\\\/\\\/www.beautypristroje.sk\\\/salony-na-kluc\\\/salon-styl\\\/\"]}]},{\"@type\":\"ImageObject\",\"inLanguage\":\"en-GB\",\"@id\":\"https:\\\/\\\/www.beautypristroje.sk\\\/salony-na-kluc\\\/salon-styl\\\/#primaryimage\",\"url\":\"https:\\\/\\\/www.beautypristroje.sk\\\/wp-content\\\/uploads\\\/2025\\\/10\\\/Obrazok-WhatsApp-2025-10-28-o-13.17.21_151e333a-683x1024.jpg\",\"contentUrl\":\"https:\\\/\\\/www.beautypristroje.sk\\\/wp-content\\\/uploads\\\/2025\\\/10\\\/Obrazok-WhatsApp-2025-10-28-o-13.17.21_151e333a-683x1024.jpg\"},{\"@type\":\"BreadcrumbList\",\"@id\":\"https:\\\/\\\/www.beautypristroje.sk\\\/salony-na-kluc\\\/salon-styl\\\/#breadcrumb\",\"itemListElement\":[{\"@type\":\"ListItem\",\"position\":1,\"name\":\"Domovsk\u00e1 str\u00e1nka\",\"item\":\"https:\\\/\\\/www.beautypristroje.sk\\\/\"},{\"@type\":\"ListItem\",\"position\":2,\"name\":\"Sal\u00f3ny na k\u013e\u00fa\u010d\",\"item\":\"https:\\\/\\\/www.beautypristroje.sk\\\/salony-na-kluc\\\/\"},{\"@type\":\"ListItem\",\"position\":3,\"name\":\"Sal\u00f3n \u0160t\u00fdl\"}]},{\"@type\":\"WebSite\",\"@id\":\"https:\\\/\\\/www.beautypristroje.sk\\\/#website\",\"url\":\"https:\\\/\\\/www.beautypristroje.sk\\\/\",\"name\":\"Beauty pr\u00edstroje\",\"description\":\"Profesion\u00e1lne kozmetick\u00e9 pr\u00edstroje pre sal\u00f3ny a kliniky\",\"potentialAction\":[{\"@type\":\"SearchAction\",\"target\":{\"@type\":\"EntryPoint\",\"urlTemplate\":\"https:\\\/\\\/www.beautypristroje.sk\\\/?s={search_term_string}\"},\"query-input\":{\"@type\":\"PropertyValueSpecification\",\"valueRequired\":true,\"valueName\":\"search_term_string\"}}],\"inLanguage\":\"en-GB\"}]}<\/script>\n<!-- \/ Yoast SEO plugin. -->","yoast_head_json":{"title":"Sal\u00f3n \u0160t\u00fdl - Beauty pr\u00edstroje","description":"Bal\u00edk pre kozmetick\u00e9 sal\u00f3ny, ktor\u00e9 chc\u00fa kvalitnej\u0161ie pr\u00edstroje, viac slu\u017eieb a profesion\u00e1lne vybavenie. Obsahuje 2 miestnosti, v\u00fdkonnej\u0161ie technol\u00f3gie, roz\u0161\u00edren\u00e9 \u0161kolenia a expert\u00edzne know-how.","robots":{"index":"index","follow":"follow","max-snippet":"max-snippet:-1","max-image-preview":"max-image-preview:large","max-video-preview":"max-video-preview:-1"},"canonical":"https:\/\/www.beautypristroje.sk\/en\/salony-na-kluc\/salon-styl\/","og_locale":"en_GB","og_type":"article","og_title":"Sal\u00f3n \u0160t\u00fdl - Beauty pr\u00edstroje","og_description":"Bal\u00edk pre kozmetick\u00e9 sal\u00f3ny, ktor\u00e9 chc\u00fa kvalitnej\u0161ie pr\u00edstroje, viac slu\u017eieb a profesion\u00e1lne vybavenie. Obsahuje 2 miestnosti, v\u00fdkonnej\u0161ie technol\u00f3gie, roz\u0161\u00edren\u00e9 \u0161kolenia a expert\u00edzne know-how.","og_url":"https:\/\/www.beautypristroje.sk\/en\/salony-na-kluc\/salon-styl\/","og_site_name":"Beauty pr\u00edstroje","article_modified_time":"2025-11-17T22:09:09+00:00","og_image":[{"url":"https:\/\/www.beautypristroje.sk\/wp-content\/uploads\/2025\/10\/Obrazok-WhatsApp-2025-10-28-o-13.17.21_151e333a-683x1024.jpg","type":"","width":"","height":""}],"twitter_card":"summary_large_image","twitter_misc":{"Estimated reading time":"1 minute"},"schema":{"@context":"https:\/\/schema.org","@graph":[{"@type":"WebPage","@id":"https:\/\/www.beautypristroje.sk\/salony-na-kluc\/salon-styl\/","url":"https:\/\/www.beautypristroje.sk\/salony-na-kluc\/salon-styl\/","name":"Sal\u00f3n \u0160t\u00fdl - Beauty pr\u00edstroje","isPartOf":{"@id":"https:\/\/www.beautypristroje.sk\/#website"},"primaryImageOfPage":{"@id":"https:\/\/www.beautypristroje.sk\/salony-na-kluc\/salon-styl\/#primaryimage"},"image":{"@id":"https:\/\/www.beautypristroje.sk\/salony-na-kluc\/salon-styl\/#primaryimage"},"thumbnailUrl":"https:\/\/www.beautypristroje.sk\/wp-content\/uploads\/2025\/10\/Obrazok-WhatsApp-2025-10-28-o-13.17.21_151e333a-683x1024.jpg","datePublished":"2025-10-16T09:21:38+00:00","dateModified":"2025-11-17T22:09:09+00:00","description":"Bal\u00edk pre kozmetick\u00e9 sal\u00f3ny, ktor\u00e9 chc\u00fa kvalitnej\u0161ie pr\u00edstroje, viac slu\u017eieb a profesion\u00e1lne vybavenie. Obsahuje 2 miestnosti, v\u00fdkonnej\u0161ie technol\u00f3gie, roz\u0161\u00edren\u00e9 \u0161kolenia a expert\u00edzne know-how.","breadcrumb":{"@id":"https:\/\/www.beautypristroje.sk\/salony-na-kluc\/salon-styl\/#breadcrumb"},"inLanguage":"en-GB","potentialAction":[{"@type":"ReadAction","target":["https:\/\/www.beautypristroje.sk\/salony-na-kluc\/salon-styl\/"]}]},{"@type":"ImageObject","inLanguage":"en-GB","@id":"https:\/\/www.beautypristroje.sk\/salony-na-kluc\/salon-styl\/#primaryimage","url":"https:\/\/www.beautypristroje.sk\/wp-content\/uploads\/2025\/10\/Obrazok-WhatsApp-2025-10-28-o-13.17.21_151e333a-683x1024.jpg","contentUrl":"https:\/\/www.beautypristroje.sk\/wp-content\/uploads\/2025\/10\/Obrazok-WhatsApp-2025-10-28-o-13.17.21_151e333a-683x1024.jpg"},{"@type":"BreadcrumbList","@id":"https:\/\/www.beautypristroje.sk\/salony-na-kluc\/salon-styl\/#breadcrumb","itemListElement":[{"@type":"ListItem","position":1,"name":"Domovsk\u00e1 str\u00e1nka","item":"https:\/\/www.beautypristroje.sk\/"},{"@type":"ListItem","position":2,"name":"Sal\u00f3ny na k\u013e\u00fa\u010d","item":"https:\/\/www.beautypristroje.sk\/salony-na-kluc\/"},{"@type":"ListItem","position":3,"name":"Sal\u00f3n \u0160t\u00fdl"}]},{"@type":"WebSite","@id":"https:\/\/www.beautypristroje.sk\/#website","url":"https:\/\/www.beautypristroje.sk\/","name":"Beauty pr\u00edstroje","description":"Profesion\u00e1lne kozmetick\u00e9 pr\u00edstroje pre sal\u00f3ny a kliniky","potentialAction":[{"@type":"SearchAction","target":{"@type":"EntryPoint","urlTemplate":"https:\/\/www.beautypristroje.sk\/?s={search_term_string}"},"query-input":{"@type":"PropertyValueSpecification","valueRequired":true,"valueName":"search_term_string"}}],"inLanguage":"en-GB"}]}},"_links":{"self":[{"href":"https:\/\/www.beautypristroje.sk\/en\/wp-json\/wp\/v2\/pages\/1297","targetHints":{"allow":["GET"]}}],"collection":[{"href":"https:\/\/www.beautypristroje.sk\/en\/wp-json\/wp\/v2\/pages"}],"about":[{"href":"https:\/\/www.beautypristroje.sk\/en\/wp-json\/wp\/v2\/types\/page"}],"author":[{"embeddable":true,"href":"https:\/\/www.beautypristroje.sk\/en\/wp-json\/wp\/v2\/users\/2"}],"replies":[{"embeddable":true,"href":"https:\/\/www.beautypristroje.sk\/en\/wp-json\/wp\/v2\/comments?post=1297"}],"version-history":[{"count":1,"href":"https:\/\/www.beautypristroje.sk\/en\/wp-json\/wp\/v2\/pages\/1297\/revisions"}],"predecessor-version":[{"id":2577,"href":"https:\/\/www.beautypristroje.sk\/en\/wp-json\/wp\/v2\/pages\/1297\/revisions\/2577"}],"up":[{"embeddable":true,"href":"https:\/\/www.beautypristroje.sk\/en\/wp-json\/wp\/v2\/pages\/498"}],"wp:attachment":[{"href":"https:\/\/www.beautypristroje.sk\/en\/wp-json\/wp\/v2\/media?parent=1297"}],"curies":[{"name":"wp","href":"https:\/\/api.w.org\/{rel}","templated":true}]}}