{"id":1293,"date":"2025-10-16T11:20:09","date_gmt":"2025-10-16T09:20:09","guid":{"rendered":"https:\/\/www.beautypristroje.sk\/?page_id=1293"},"modified":"2025-11-17T23:06:41","modified_gmt":"2025-11-17T22:06:41","slug":"specialne-kurzy","status":"publish","type":"page","link":"https:\/\/www.beautypristroje.sk\/en\/akademia\/specialne-kurzy\/","title":{"rendered":"\u0160peci\u00e1lne kurzy"},"content":{"rendered":"<div data-elementor-type=\"wp-page\" data-elementor-id=\"1293\" class=\"elementor elementor-1293\" wpc-filter-elementor-widget=\"1\" data-elementor-post-type=\"page\">\n\t\t\t\t\t\t<section class=\"elementor-section elementor-top-section elementor-element elementor-element-de9bee8 elementor-section-content-middle elementor-section-boxed elementor-section-height-default elementor-section-height-default\" data-id=\"de9bee8\" data-element_type=\"section\" data-e-type=\"section\" data-settings=\"{&quot;background_background&quot;:&quot;classic&quot;}\">\n\t\t\t\t\t\t\t<div class=\"elementor-background-overlay\"><\/div>\n\t\t\t\t\t\t\t<div class=\"elementor-container elementor-column-gap-default\">\n\t\t\t\t\t<div class=\"elementor-column elementor-col-100 elementor-top-column elementor-element elementor-element-f52aa38\" data-id=\"f52aa38\" data-element_type=\"column\" data-e-type=\"column\">\n\t\t\t<div class=\"elementor-widget-wrap elementor-element-populated\">\n\t\t\t\t\t\t<div class=\"elementor-element elementor-element-75c311c elementor-widget elementor-widget-heading\" data-id=\"75c311c\" data-element_type=\"widget\" data-e-type=\"widget\" data-widget_type=\"heading.default\">\n\t\t\t\t\t<h1 class=\"elementor-heading-title elementor-size-default\">\u0161peci\u00e1lny kurzy<\/h1>\t\t\t\t<\/div>\n\t\t\t\t\t<\/div>\n\t\t<\/div>\n\t\t\t\t\t<\/div>\n\t\t<\/section>\n\t\t<div class=\"elementor-element elementor-element-eedb876 e-flex e-con-boxed e-con e-parent\" data-id=\"eedb876\" data-element_type=\"container\" data-e-type=\"container\">\n\t\t\t\t\t<div class=\"e-con-inner\">\n\t\t\t\t<div class=\"elementor-element elementor-element-2e3b03e elementor-widget elementor-widget-text-editor\" data-id=\"2e3b03e\" data-element_type=\"widget\" data-e-type=\"widget\" data-widget_type=\"text-editor.default\">\n\t\t\t\t\t\t\t\t\t<h3>\u0160peci\u00e1lne \u0161kolenia \u2013 Majstrovstvo v technol\u00f3gi\u00e1ch pre va\u0161u prax<\/h3><div>Okrem \u0161irokej ponuky profesion\u00e1lnych zariaden\u00ed organizujeme aj \u0161peci\u00e1lne \u0161kolenia, ktor\u00e9 v\u00e1m pom\u00f4\u017eu ovl\u00e1dnu\u0165 najmodernej\u0161ie technol\u00f3gie a roz\u0161\u00edri\u0165 va\u0161e odborn\u00e9 portf\u00f3lio.<\/div><div>\u00a0<\/div><div>Jedn\u00fdm z na\u0161ich najpopul\u00e1rnej\u0161\u00edch \u0161kolen\u00ed je Plasma fibroblast (tepl\u00e1\/studen\u00e1 plazma) \u2013 \u0161pi\u010dkov\u00e1 technol\u00f3gia, ktor\u00e1 pon\u00faka \u00fa\u010dinn\u00e9 a bezpe\u010dn\u00e9 rie\u0161enia pre omladenie poko\u017eky, spevnenie kont\u00far a korekciu drobn\u00fdch nedostatkov.<\/div><h5>\u00a0<\/h5><h5>\u010co z\u00edskate?<\/h5><ul><li><strong>Teoretick\u00e9 znalosti:<\/strong>\u00a0Pochopenie princ\u00edpov fungovania teplej a studenej plazmy, ich \u00fa\u010dinkov na poko\u017eku a najlep\u0161\u00edch postupov.<\/li><li><strong>Praktick\u00e9 zru\u010dnosti:<\/strong>\u00a0Pod veden\u00edm certifikovan\u00e9ho odborn\u00edka budete pracova\u0165 priamo s technol\u00f3giou, aby ste mohli nadobudnut\u00e9 vedomosti okam\u017eite aplikova\u0165 vo svojej praxi.<\/li><li><strong>Certifik\u00e1t:<\/strong>\u00a0Po \u00faspe\u0161nom absolvovan\u00ed \u0161kolenia obdr\u017e\u00edte certifik\u00e1t, ktor\u00fd potvrd\u00ed va\u0161e schopnosti a zv\u00fd\u0161i d\u00f4veryhodnos\u0165 va\u0161ich slu\u017eieb.<\/li><\/ul><p>\u00a0<\/p><p>Investujte do svojich odborn\u00fdch znalost\u00ed a pon\u00faknite svojim klientom jedine\u010dn\u00e9 proced\u00fary, ktor\u00e9 zv\u00fd\u0161ia ich spokojnos\u0165 a z\u00e1rove\u0148 v\u00e1\u0161 zisk.<\/p><p>Te\u0161\u00edme sa na va\u0161u \u00fa\u010das\u0165 a spolupr\u00e1cu pri rozvoji va\u0161ich profesion\u00e1lnych schopnost\u00ed!<\/p>\t\t\t\t\t\t\t\t<\/div>\n\t\t\t\t\t<\/div>\n\t\t\t\t<\/div>\n\t\t\t\t<\/div>","protected":false},"excerpt":{"rendered":"<p>\u0161peci\u00e1lny kurzy \u0160peci\u00e1lne \u0161kolenia \u2013 Majstrovstvo v technol\u00f3gi\u00e1ch pre va\u0161u prax Okrem \u0161irokej ponuky profesion\u00e1lnych zariaden\u00ed organizujeme aj \u0161peci\u00e1lne \u0161kolenia, ktor\u00e9 v\u00e1m pom\u00f4\u017eu ovl\u00e1dnu\u0165 najmodernej\u0161ie technol\u00f3gie a roz\u0161\u00edri\u0165 va\u0161e odborn\u00e9 portf\u00f3lio.\u00a0Jedn\u00fdm z na\u0161ich najpopul\u00e1rnej\u0161\u00edch \u0161kolen\u00ed je Plasma fibroblast (tepl\u00e1\/studen\u00e1 plazma) \u2013 \u0161pi\u010dkov\u00e1 technol\u00f3gia, ktor\u00e1 pon\u00faka \u00fa\u010dinn\u00e9 a bezpe\u010dn\u00e9 rie\u0161enia pre omladenie poko\u017eky, spevnenie kont\u00far a [&hellip;]<\/p>\n","protected":false},"author":2,"featured_media":0,"parent":56,"menu_order":0,"comment_status":"closed","ping_status":"closed","template":"","meta":{"_acf_changed":false,"footnotes":""},"class_list":["post-1293","page","type-page","status-publish","hentry"],"acf":[],"yoast_head":"<!-- This site is optimized with the Yoast SEO plugin v27.5 - https:\/\/yoast.com\/product\/yoast-seo-wordpress\/ -->\n<title>\u0160peci\u00e1lne kurzy - Beauty pr\u00edstroje<\/title>\n<meta name=\"description\" content=\"Objavte \u0161peci\u00e1lne kurzy zameran\u00e9 na pokro\u010dil\u00e9 kozmetick\u00e9 technol\u00f3gie a profesion\u00e1lne postupy. Exkluz\u00edvne \u0161kolenia pre sk\u00fasen\u00fdch odborn\u00edkov.\" \/>\n<meta name=\"robots\" content=\"index, follow, max-snippet:-1, max-image-preview:large, max-video-preview:-1\" \/>\n<link rel=\"canonical\" href=\"https:\/\/www.beautypristroje.sk\/en\/akademia\/specialne-kurzy\/\" \/>\n<meta property=\"og:locale\" content=\"en_GB\" \/>\n<meta property=\"og:type\" content=\"article\" \/>\n<meta property=\"og:title\" content=\"\u0160peci\u00e1lne kurzy - Beauty pr\u00edstroje\" \/>\n<meta property=\"og:description\" content=\"Objavte \u0161peci\u00e1lne kurzy zameran\u00e9 na pokro\u010dil\u00e9 kozmetick\u00e9 technol\u00f3gie a profesion\u00e1lne postupy. Exkluz\u00edvne \u0161kolenia pre sk\u00fasen\u00fdch odborn\u00edkov.\" \/>\n<meta property=\"og:url\" content=\"https:\/\/www.beautypristroje.sk\/en\/akademia\/specialne-kurzy\/\" \/>\n<meta property=\"og:site_name\" content=\"Beauty pr\u00edstroje\" \/>\n<meta property=\"article:modified_time\" content=\"2025-11-17T22:06:41+00:00\" \/>\n<meta name=\"twitter:card\" content=\"summary_large_image\" \/>\n<meta name=\"twitter:label1\" content=\"Estimated reading time\" \/>\n\t<meta name=\"twitter:data1\" content=\"1 minute\" \/>\n<script type=\"application\/ld+json\" class=\"yoast-schema-graph\">{\"@context\":\"https:\\\/\\\/schema.org\",\"@graph\":[{\"@type\":\"WebPage\",\"@id\":\"https:\\\/\\\/www.beautypristroje.sk\\\/akademia\\\/specialne-kurzy\\\/\",\"url\":\"https:\\\/\\\/www.beautypristroje.sk\\\/akademia\\\/specialne-kurzy\\\/\",\"name\":\"\u0160peci\u00e1lne kurzy - Beauty pr\u00edstroje\",\"isPartOf\":{\"@id\":\"https:\\\/\\\/www.beautypristroje.sk\\\/#website\"},\"datePublished\":\"2025-10-16T09:20:09+00:00\",\"dateModified\":\"2025-11-17T22:06:41+00:00\",\"description\":\"Objavte \u0161peci\u00e1lne kurzy zameran\u00e9 na pokro\u010dil\u00e9 kozmetick\u00e9 technol\u00f3gie a profesion\u00e1lne postupy. Exkluz\u00edvne \u0161kolenia pre sk\u00fasen\u00fdch odborn\u00edkov.\",\"breadcrumb\":{\"@id\":\"https:\\\/\\\/www.beautypristroje.sk\\\/akademia\\\/specialne-kurzy\\\/#breadcrumb\"},\"inLanguage\":\"en-GB\",\"potentialAction\":[{\"@type\":\"ReadAction\",\"target\":[\"https:\\\/\\\/www.beautypristroje.sk\\\/akademia\\\/specialne-kurzy\\\/\"]}]},{\"@type\":\"BreadcrumbList\",\"@id\":\"https:\\\/\\\/www.beautypristroje.sk\\\/akademia\\\/specialne-kurzy\\\/#breadcrumb\",\"itemListElement\":[{\"@type\":\"ListItem\",\"position\":1,\"name\":\"Domovsk\u00e1 str\u00e1nka\",\"item\":\"https:\\\/\\\/www.beautypristroje.sk\\\/\"},{\"@type\":\"ListItem\",\"position\":2,\"name\":\"Akad\u00e9mia\",\"item\":\"https:\\\/\\\/www.beautypristroje.sk\\\/akademia\\\/\"},{\"@type\":\"ListItem\",\"position\":3,\"name\":\"\u0160peci\u00e1lne kurzy\"}]},{\"@type\":\"WebSite\",\"@id\":\"https:\\\/\\\/www.beautypristroje.sk\\\/#website\",\"url\":\"https:\\\/\\\/www.beautypristroje.sk\\\/\",\"name\":\"Beauty pr\u00edstroje\",\"description\":\"Profesion\u00e1lne kozmetick\u00e9 pr\u00edstroje pre sal\u00f3ny a kliniky\",\"potentialAction\":[{\"@type\":\"SearchAction\",\"target\":{\"@type\":\"EntryPoint\",\"urlTemplate\":\"https:\\\/\\\/www.beautypristroje.sk\\\/?s={search_term_string}\"},\"query-input\":{\"@type\":\"PropertyValueSpecification\",\"valueRequired\":true,\"valueName\":\"search_term_string\"}}],\"inLanguage\":\"en-GB\"}]}<\/script>\n<!-- \/ Yoast SEO plugin. -->","yoast_head_json":{"title":"\u0160peci\u00e1lne kurzy - Beauty pr\u00edstroje","description":"Objavte \u0161peci\u00e1lne kurzy zameran\u00e9 na pokro\u010dil\u00e9 kozmetick\u00e9 technol\u00f3gie a profesion\u00e1lne postupy. Exkluz\u00edvne \u0161kolenia pre sk\u00fasen\u00fdch odborn\u00edkov.","robots":{"index":"index","follow":"follow","max-snippet":"max-snippet:-1","max-image-preview":"max-image-preview:large","max-video-preview":"max-video-preview:-1"},"canonical":"https:\/\/www.beautypristroje.sk\/en\/akademia\/specialne-kurzy\/","og_locale":"en_GB","og_type":"article","og_title":"\u0160peci\u00e1lne kurzy - Beauty pr\u00edstroje","og_description":"Objavte \u0161peci\u00e1lne kurzy zameran\u00e9 na pokro\u010dil\u00e9 kozmetick\u00e9 technol\u00f3gie a profesion\u00e1lne postupy. Exkluz\u00edvne \u0161kolenia pre sk\u00fasen\u00fdch odborn\u00edkov.","og_url":"https:\/\/www.beautypristroje.sk\/en\/akademia\/specialne-kurzy\/","og_site_name":"Beauty pr\u00edstroje","article_modified_time":"2025-11-17T22:06:41+00:00","twitter_card":"summary_large_image","twitter_misc":{"Estimated reading time":"1 minute"},"schema":{"@context":"https:\/\/schema.org","@graph":[{"@type":"WebPage","@id":"https:\/\/www.beautypristroje.sk\/akademia\/specialne-kurzy\/","url":"https:\/\/www.beautypristroje.sk\/akademia\/specialne-kurzy\/","name":"\u0160peci\u00e1lne kurzy - Beauty pr\u00edstroje","isPartOf":{"@id":"https:\/\/www.beautypristroje.sk\/#website"},"datePublished":"2025-10-16T09:20:09+00:00","dateModified":"2025-11-17T22:06:41+00:00","description":"Objavte \u0161peci\u00e1lne kurzy zameran\u00e9 na pokro\u010dil\u00e9 kozmetick\u00e9 technol\u00f3gie a profesion\u00e1lne postupy. Exkluz\u00edvne \u0161kolenia pre sk\u00fasen\u00fdch odborn\u00edkov.","breadcrumb":{"@id":"https:\/\/www.beautypristroje.sk\/akademia\/specialne-kurzy\/#breadcrumb"},"inLanguage":"en-GB","potentialAction":[{"@type":"ReadAction","target":["https:\/\/www.beautypristroje.sk\/akademia\/specialne-kurzy\/"]}]},{"@type":"BreadcrumbList","@id":"https:\/\/www.beautypristroje.sk\/akademia\/specialne-kurzy\/#breadcrumb","itemListElement":[{"@type":"ListItem","position":1,"name":"Domovsk\u00e1 str\u00e1nka","item":"https:\/\/www.beautypristroje.sk\/"},{"@type":"ListItem","position":2,"name":"Akad\u00e9mia","item":"https:\/\/www.beautypristroje.sk\/akademia\/"},{"@type":"ListItem","position":3,"name":"\u0160peci\u00e1lne kurzy"}]},{"@type":"WebSite","@id":"https:\/\/www.beautypristroje.sk\/#website","url":"https:\/\/www.beautypristroje.sk\/","name":"Beauty pr\u00edstroje","description":"Profesion\u00e1lne kozmetick\u00e9 pr\u00edstroje pre sal\u00f3ny a kliniky","potentialAction":[{"@type":"SearchAction","target":{"@type":"EntryPoint","urlTemplate":"https:\/\/www.beautypristroje.sk\/?s={search_term_string}"},"query-input":{"@type":"PropertyValueSpecification","valueRequired":true,"valueName":"search_term_string"}}],"inLanguage":"en-GB"}]}},"_links":{"self":[{"href":"https:\/\/www.beautypristroje.sk\/en\/wp-json\/wp\/v2\/pages\/1293","targetHints":{"allow":["GET"]}}],"collection":[{"href":"https:\/\/www.beautypristroje.sk\/en\/wp-json\/wp\/v2\/pages"}],"about":[{"href":"https:\/\/www.beautypristroje.sk\/en\/wp-json\/wp\/v2\/types\/page"}],"author":[{"embeddable":true,"href":"https:\/\/www.beautypristroje.sk\/en\/wp-json\/wp\/v2\/users\/2"}],"replies":[{"embeddable":true,"href":"https:\/\/www.beautypristroje.sk\/en\/wp-json\/wp\/v2\/comments?post=1293"}],"version-history":[{"count":1,"href":"https:\/\/www.beautypristroje.sk\/en\/wp-json\/wp\/v2\/pages\/1293\/revisions"}],"predecessor-version":[{"id":2575,"href":"https:\/\/www.beautypristroje.sk\/en\/wp-json\/wp\/v2\/pages\/1293\/revisions\/2575"}],"up":[{"embeddable":true,"href":"https:\/\/www.beautypristroje.sk\/en\/wp-json\/wp\/v2\/pages\/56"}],"wp:attachment":[{"href":"https:\/\/www.beautypristroje.sk\/en\/wp-json\/wp\/v2\/media?parent=1293"}],"curies":[{"name":"wp","href":"https:\/\/api.w.org\/{rel}","templated":true}]}}