{"id":1288,"date":"2025-10-16T11:14:19","date_gmt":"2025-10-16T09:14:19","guid":{"rendered":"https:\/\/www.beautypristroje.sk\/?page_id=1288"},"modified":"2025-11-17T23:05:39","modified_gmt":"2025-11-17T22:05:39","slug":"akreditovane-kurzy","status":"publish","type":"page","link":"https:\/\/www.beautypristroje.sk\/en\/akademia\/akreditovane-kurzy\/","title":{"rendered":"Akreditovan\u00e9 kurzy"},"content":{"rendered":"<div data-elementor-type=\"wp-page\" data-elementor-id=\"1288\" class=\"elementor elementor-1288\" wpc-filter-elementor-widget=\"1\" data-elementor-post-type=\"page\">\n\t\t\t\t\t\t<section class=\"elementor-section elementor-top-section elementor-element elementor-element-3a14374 elementor-section-content-middle elementor-section-boxed elementor-section-height-default elementor-section-height-default\" data-id=\"3a14374\" data-element_type=\"section\" data-e-type=\"section\" data-settings=\"{&quot;background_background&quot;:&quot;classic&quot;}\">\n\t\t\t\t\t\t\t<div class=\"elementor-background-overlay\"><\/div>\n\t\t\t\t\t\t\t<div class=\"elementor-container elementor-column-gap-default\">\n\t\t\t\t\t<div class=\"elementor-column elementor-col-100 elementor-top-column elementor-element elementor-element-d148b33\" data-id=\"d148b33\" data-element_type=\"column\" data-e-type=\"column\">\n\t\t\t<div class=\"elementor-widget-wrap elementor-element-populated\">\n\t\t\t\t\t\t<div class=\"elementor-element elementor-element-f59592a elementor-widget elementor-widget-heading\" data-id=\"f59592a\" data-element_type=\"widget\" data-e-type=\"widget\" data-widget_type=\"heading.default\">\n\t\t\t\t\t<h1 class=\"elementor-heading-title elementor-size-default\">akreditovan\u00e9 kurzy<\/h1>\t\t\t\t<\/div>\n\t\t\t\t\t<\/div>\n\t\t<\/div>\n\t\t\t\t\t<\/div>\n\t\t<\/section>\n\t\t<div class=\"elementor-element elementor-element-0188bfc e-flex e-con-boxed e-con e-parent\" data-id=\"0188bfc\" data-element_type=\"container\" data-e-type=\"container\">\n\t\t\t\t\t<div class=\"e-con-inner\">\n\t\t\t\t<div class=\"elementor-element elementor-element-8666771 elementor-widget elementor-widget-text-editor\" data-id=\"8666771\" data-element_type=\"widget\" data-e-type=\"widget\" data-widget_type=\"text-editor.default\">\n\t\t\t\t\t\t\t\t\t<h3>Investujte do kvality a odbornosti<\/h3><p>Na\u0161e \u0161koliace programy s\u00fa zalo\u017een\u00e9 na 18-ro\u010dn\u00fdch sk\u00fasenostiach v oblasti kozmetiky a estetick\u00fdch technol\u00f3gi\u00ed. \u0160kolite\u013e, ktor\u00fd v\u00e1s bude sprev\u00e1dza\u0165, patr\u00ed k \u0161pi\u010dke v odbore:<br \/><br \/><\/p><ul><li><strong>Akredit\u00e1cia M\u0160 SR\u00a0(Ministerstva \u0161kolstva SR)<\/strong>\u00a0\u2013 Garantujeme profesion\u00e1lny pr\u00edstup a kvalifik\u00e1ciu.<\/li><li><strong>Absolvent kozmetickej \u0161koly<\/strong>\u00a0\u2013 S hlbok\u00fdmi vedomos\u0165ami o anat\u00f3mii ko\u017ee a jej potreb\u00e1ch.<\/li><li><strong>Medzin\u00e1rodn\u00e9 atest\u00e1cie a certifik\u00e1ty<\/strong>\u00a0\u2013 Na\u0161a \u0161kolite\u013eka absolvovala \u0161kolenia a odborn\u00e9 programy uzn\u00e1van\u00e9 na celosvetovej \u00farovni.<\/li><li><strong>Viac ako 100 certifik\u00e1tov a diplomov<\/strong>\u00a0\u2013 D\u00f4kaz neust\u00e1leho vzdel\u00e1vania a sledovania najnov\u0161\u00edch trendov a technol\u00f3gi\u00ed.<\/li><li><strong>Osobn\u00e1 prax s ka\u017ed\u00fdm pr\u00edstrojom<\/strong>\u00a0\u2013 Ka\u017ed\u00e9 zariadenie v na\u0161ej ponuke je d\u00f4kladne otestovan\u00e9 a za\u0161kolen\u00e9 priamo na\u0161\u00edm t\u00edmom.<\/li><\/ul><p>\u00a0<\/p><p>Vyberte si vzdel\u00e1vanie, ktor\u00e9 v\u00e1s nielen nau\u010d\u00ed ovl\u00e1da\u0165 technol\u00f3gie, ale aj zv\u00fd\u0161i profesionalitu a d\u00f4veryhodnos\u0165 va\u0161ich slu\u017eieb.<\/p><p>Na\u0161a odborn\u00e1 pr\u00edprava v\u00e1m pom\u00f4\u017ee vyu\u017e\u00edva\u0165 najnov\u0161ie inov\u00e1cie efekt\u00edvne a bezpe\u010dne.<\/p><p>S nami z\u00edskate viac ne\u017e len te\u00f3riu \u2013 z\u00edskate sk\u00fasenosti, istotu a kvalitu, ktor\u00e9 v\u00e1s odl\u00ed\u0161ia od konkurencie.<\/p>\t\t\t\t\t\t\t\t<\/div>\n\t\t\t\t\t<\/div>\n\t\t\t\t<\/div>\n\t\t\t\t<\/div>","protected":false},"excerpt":{"rendered":"<p>akreditovan\u00e9 kurzy Investujte do kvality a odbornosti Na\u0161e \u0161koliace programy s\u00fa zalo\u017een\u00e9 na 18-ro\u010dn\u00fdch sk\u00fasenostiach v oblasti kozmetiky a estetick\u00fdch technol\u00f3gi\u00ed. \u0160kolite\u013e, ktor\u00fd v\u00e1s bude sprev\u00e1dza\u0165, patr\u00ed k \u0161pi\u010dke v odbore: Akredit\u00e1cia M\u0160 SR\u00a0(Ministerstva \u0161kolstva SR)\u00a0\u2013 Garantujeme profesion\u00e1lny pr\u00edstup a kvalifik\u00e1ciu. Absolvent kozmetickej \u0161koly\u00a0\u2013 S hlbok\u00fdmi vedomos\u0165ami o anat\u00f3mii ko\u017ee a jej potreb\u00e1ch. Medzin\u00e1rodn\u00e9 atest\u00e1cie [&hellip;]<\/p>\n","protected":false},"author":2,"featured_media":0,"parent":56,"menu_order":0,"comment_status":"closed","ping_status":"closed","template":"","meta":{"_acf_changed":false,"footnotes":""},"class_list":["post-1288","page","type-page","status-publish","hentry"],"acf":[],"yoast_head":"<!-- This site is optimized with the Yoast SEO plugin v27.6 - https:\/\/yoast.com\/product\/yoast-seo-wordpress\/ -->\n<title>Akreditovan\u00e9 kurzy - Beauty pr\u00edstroje<\/title>\n<meta name=\"description\" content=\"Z\u00edskajte odborn\u00e9 vzdelanie cez akreditovan\u00e9 kurzy v oblasti kozmetiky a estetick\u00fdch slu\u017eieb. Certifikovan\u00e9 \u0161kolenia pre profesion\u00e1lov aj za\u010diato\u010dn\u00edkov.\" \/>\n<meta name=\"robots\" content=\"index, follow, max-snippet:-1, max-image-preview:large, max-video-preview:-1\" \/>\n<link rel=\"canonical\" href=\"https:\/\/www.beautypristroje.sk\/en\/akademia\/akreditovane-kurzy\/\" \/>\n<meta property=\"og:locale\" content=\"en_GB\" \/>\n<meta property=\"og:type\" content=\"article\" \/>\n<meta property=\"og:title\" content=\"Akreditovan\u00e9 kurzy - Beauty pr\u00edstroje\" \/>\n<meta property=\"og:description\" content=\"Z\u00edskajte odborn\u00e9 vzdelanie cez akreditovan\u00e9 kurzy v oblasti kozmetiky a estetick\u00fdch slu\u017eieb. Certifikovan\u00e9 \u0161kolenia pre profesion\u00e1lov aj za\u010diato\u010dn\u00edkov.\" \/>\n<meta property=\"og:url\" content=\"https:\/\/www.beautypristroje.sk\/en\/akademia\/akreditovane-kurzy\/\" \/>\n<meta property=\"og:site_name\" content=\"Beauty pr\u00edstroje\" \/>\n<meta property=\"article:modified_time\" content=\"2025-11-17T22:05:39+00:00\" \/>\n<meta name=\"twitter:card\" content=\"summary_large_image\" \/>\n<meta name=\"twitter:label1\" content=\"Estimated reading time\" \/>\n\t<meta name=\"twitter:data1\" content=\"1 minute\" \/>\n<script type=\"application\/ld+json\" class=\"yoast-schema-graph\">{\"@context\":\"https:\\\/\\\/schema.org\",\"@graph\":[{\"@type\":\"WebPage\",\"@id\":\"https:\\\/\\\/www.beautypristroje.sk\\\/akademia\\\/akreditovane-kurzy\\\/\",\"url\":\"https:\\\/\\\/www.beautypristroje.sk\\\/akademia\\\/akreditovane-kurzy\\\/\",\"name\":\"Akreditovan\u00e9 kurzy - Beauty pr\u00edstroje\",\"isPartOf\":{\"@id\":\"https:\\\/\\\/www.beautypristroje.sk\\\/#website\"},\"datePublished\":\"2025-10-16T09:14:19+00:00\",\"dateModified\":\"2025-11-17T22:05:39+00:00\",\"description\":\"Z\u00edskajte odborn\u00e9 vzdelanie cez akreditovan\u00e9 kurzy v oblasti kozmetiky a estetick\u00fdch slu\u017eieb. Certifikovan\u00e9 \u0161kolenia pre profesion\u00e1lov aj za\u010diato\u010dn\u00edkov.\",\"breadcrumb\":{\"@id\":\"https:\\\/\\\/www.beautypristroje.sk\\\/akademia\\\/akreditovane-kurzy\\\/#breadcrumb\"},\"inLanguage\":\"en-GB\",\"potentialAction\":[{\"@type\":\"ReadAction\",\"target\":[\"https:\\\/\\\/www.beautypristroje.sk\\\/akademia\\\/akreditovane-kurzy\\\/\"]}]},{\"@type\":\"BreadcrumbList\",\"@id\":\"https:\\\/\\\/www.beautypristroje.sk\\\/akademia\\\/akreditovane-kurzy\\\/#breadcrumb\",\"itemListElement\":[{\"@type\":\"ListItem\",\"position\":1,\"name\":\"Domovsk\u00e1 str\u00e1nka\",\"item\":\"https:\\\/\\\/www.beautypristroje.sk\\\/\"},{\"@type\":\"ListItem\",\"position\":2,\"name\":\"Akad\u00e9mia\",\"item\":\"https:\\\/\\\/www.beautypristroje.sk\\\/akademia\\\/\"},{\"@type\":\"ListItem\",\"position\":3,\"name\":\"Akreditovan\u00e9 kurzy\"}]},{\"@type\":\"WebSite\",\"@id\":\"https:\\\/\\\/www.beautypristroje.sk\\\/#website\",\"url\":\"https:\\\/\\\/www.beautypristroje.sk\\\/\",\"name\":\"Beauty pr\u00edstroje\",\"description\":\"Profesion\u00e1lne kozmetick\u00e9 pr\u00edstroje pre sal\u00f3ny a kliniky\",\"potentialAction\":[{\"@type\":\"SearchAction\",\"target\":{\"@type\":\"EntryPoint\",\"urlTemplate\":\"https:\\\/\\\/www.beautypristroje.sk\\\/?s={search_term_string}\"},\"query-input\":{\"@type\":\"PropertyValueSpecification\",\"valueRequired\":true,\"valueName\":\"search_term_string\"}}],\"inLanguage\":\"en-GB\"}]}<\/script>\n<!-- \/ Yoast SEO plugin. -->","yoast_head_json":{"title":"Akreditovan\u00e9 kurzy - Beauty pr\u00edstroje","description":"Z\u00edskajte odborn\u00e9 vzdelanie cez akreditovan\u00e9 kurzy v oblasti kozmetiky a estetick\u00fdch slu\u017eieb. Certifikovan\u00e9 \u0161kolenia pre profesion\u00e1lov aj za\u010diato\u010dn\u00edkov.","robots":{"index":"index","follow":"follow","max-snippet":"max-snippet:-1","max-image-preview":"max-image-preview:large","max-video-preview":"max-video-preview:-1"},"canonical":"https:\/\/www.beautypristroje.sk\/en\/akademia\/akreditovane-kurzy\/","og_locale":"en_GB","og_type":"article","og_title":"Akreditovan\u00e9 kurzy - Beauty pr\u00edstroje","og_description":"Z\u00edskajte odborn\u00e9 vzdelanie cez akreditovan\u00e9 kurzy v oblasti kozmetiky a estetick\u00fdch slu\u017eieb. Certifikovan\u00e9 \u0161kolenia pre profesion\u00e1lov aj za\u010diato\u010dn\u00edkov.","og_url":"https:\/\/www.beautypristroje.sk\/en\/akademia\/akreditovane-kurzy\/","og_site_name":"Beauty pr\u00edstroje","article_modified_time":"2025-11-17T22:05:39+00:00","twitter_card":"summary_large_image","twitter_misc":{"Estimated reading time":"1 minute"},"schema":{"@context":"https:\/\/schema.org","@graph":[{"@type":"WebPage","@id":"https:\/\/www.beautypristroje.sk\/akademia\/akreditovane-kurzy\/","url":"https:\/\/www.beautypristroje.sk\/akademia\/akreditovane-kurzy\/","name":"Akreditovan\u00e9 kurzy - Beauty pr\u00edstroje","isPartOf":{"@id":"https:\/\/www.beautypristroje.sk\/#website"},"datePublished":"2025-10-16T09:14:19+00:00","dateModified":"2025-11-17T22:05:39+00:00","description":"Z\u00edskajte odborn\u00e9 vzdelanie cez akreditovan\u00e9 kurzy v oblasti kozmetiky a estetick\u00fdch slu\u017eieb. Certifikovan\u00e9 \u0161kolenia pre profesion\u00e1lov aj za\u010diato\u010dn\u00edkov.","breadcrumb":{"@id":"https:\/\/www.beautypristroje.sk\/akademia\/akreditovane-kurzy\/#breadcrumb"},"inLanguage":"en-GB","potentialAction":[{"@type":"ReadAction","target":["https:\/\/www.beautypristroje.sk\/akademia\/akreditovane-kurzy\/"]}]},{"@type":"BreadcrumbList","@id":"https:\/\/www.beautypristroje.sk\/akademia\/akreditovane-kurzy\/#breadcrumb","itemListElement":[{"@type":"ListItem","position":1,"name":"Domovsk\u00e1 str\u00e1nka","item":"https:\/\/www.beautypristroje.sk\/"},{"@type":"ListItem","position":2,"name":"Akad\u00e9mia","item":"https:\/\/www.beautypristroje.sk\/akademia\/"},{"@type":"ListItem","position":3,"name":"Akreditovan\u00e9 kurzy"}]},{"@type":"WebSite","@id":"https:\/\/www.beautypristroje.sk\/#website","url":"https:\/\/www.beautypristroje.sk\/","name":"Beauty pr\u00edstroje","description":"Profesion\u00e1lne kozmetick\u00e9 pr\u00edstroje pre sal\u00f3ny a kliniky","potentialAction":[{"@type":"SearchAction","target":{"@type":"EntryPoint","urlTemplate":"https:\/\/www.beautypristroje.sk\/?s={search_term_string}"},"query-input":{"@type":"PropertyValueSpecification","valueRequired":true,"valueName":"search_term_string"}}],"inLanguage":"en-GB"}]}},"_links":{"self":[{"href":"https:\/\/www.beautypristroje.sk\/en\/wp-json\/wp\/v2\/pages\/1288","targetHints":{"allow":["GET"]}}],"collection":[{"href":"https:\/\/www.beautypristroje.sk\/en\/wp-json\/wp\/v2\/pages"}],"about":[{"href":"https:\/\/www.beautypristroje.sk\/en\/wp-json\/wp\/v2\/types\/page"}],"author":[{"embeddable":true,"href":"https:\/\/www.beautypristroje.sk\/en\/wp-json\/wp\/v2\/users\/2"}],"replies":[{"embeddable":true,"href":"https:\/\/www.beautypristroje.sk\/en\/wp-json\/wp\/v2\/comments?post=1288"}],"version-history":[{"count":1,"href":"https:\/\/www.beautypristroje.sk\/en\/wp-json\/wp\/v2\/pages\/1288\/revisions"}],"predecessor-version":[{"id":2573,"href":"https:\/\/www.beautypristroje.sk\/en\/wp-json\/wp\/v2\/pages\/1288\/revisions\/2573"}],"up":[{"embeddable":true,"href":"https:\/\/www.beautypristroje.sk\/en\/wp-json\/wp\/v2\/pages\/56"}],"wp:attachment":[{"href":"https:\/\/www.beautypristroje.sk\/en\/wp-json\/wp\/v2\/media?parent=1288"}],"curies":[{"name":"wp","href":"https:\/\/api.w.org\/{rel}","templated":true}]}}