{"id":125,"date":"2024-12-13T08:58:44","date_gmt":"2024-12-13T07:58:44","guid":{"rendered":"https:\/\/www.beautypristroje.sk\/?page_id=125"},"modified":"2025-01-06T14:42:00","modified_gmt":"2025-01-06T13:42:00","slug":"doprava-a-platba","status":"publish","type":"page","link":"https:\/\/www.beautypristroje.sk\/en\/doprava-a-platba\/","title":{"rendered":"Doprava a platba"},"content":{"rendered":"<h4><strong>PLATOBN\u00c9 PODMIENKY<\/strong><\/h4>\n<ul>\n<li>\n<h5>Platba prevodom<\/h5>\n<\/li>\n<\/ul>\n<p>Pri platbe prevodom na bankov\u00fd \u00fa\u010det uveden\u00fd vo fakt\u00fare je kupuj\u00faci povinn\u00fd zaplati\u0165 za tovar na z\u00e1klade vystavenej fakt\u00fary so splatnos\u0165ou 7 dn\u00ed. Tovar bude odoslan\u00fd po uhraden\u00ed celej fakturovanej sumy.<\/p>\n<p>&nbsp;<\/p>\n<h4><strong>DODACIE PODMIENKY<\/strong><\/h4>\n<ol>\n<li>\n<h5>Mo\u017enosti dodania<\/h5>\n<\/li>\n<\/ol>\n<ul>\n<li>Osobn\u00fd odber na pobo\u010dke.<\/li>\n<li>Dodanie prostredn\u00edctvom z\u00e1sielkovej slu\u017eby Packeta pre objedn\u00e1vky do 3000 \u20ac s DPH.<\/li>\n<li>Osobn\u00e9 doru\u010denie pri objedn\u00e1vkach nad 3000 \u20ac s DPH.<\/li>\n<\/ul>\n<ol start=\"2\">\n<li>\n<h5>Dodacia lehota<\/h5>\n<\/li>\n<\/ol>\n<ul>\n<li>Tovar bude doru\u010den\u00fd do 14\u201320 pracovn\u00fdch dn\u00ed od uhradenia celej sumy objedn\u00e1vky.<\/li>\n<li>V pr\u00edpade sviatkov, dovoleniek alebo ne\u010dakan\u00fdch udalost\u00ed sa dodacia lehota m\u00f4\u017ee pred\u013a\u017ei\u0165 na maxim\u00e1lne 30 dn\u00ed.<\/li>\n<li>Ak tovar nie je mo\u017en\u00e9 doru\u010di\u0165 v stanovenej lehote, pred\u00e1vaj\u00faci je povinn\u00fd informova\u0165 kupuj\u00faceho o zmene term\u00ednu dodania.<\/li>\n<\/ul>\n<ol start=\"3\">\n<li>\n<h5>Dodanie na Slovensko<\/h5>\n<\/li>\n<\/ol>\n<ul>\n<li>Pred\u00e1vaj\u00faci je povinn\u00fd doru\u010di\u0165 tovar kupuj\u00facemu do 7 dn\u00ed od prijatia tovaru na Slovensko, pokia\u013e sa nedohodli inak alebo ak pri objedn\u00e1vke nebola uveden\u00e1 dlh\u0161ia lehota.<\/li>\n<\/ul>\n<ol start=\"4\">\n<li>\n<h5>Spracovanie osobn\u00fdch \u00fadajov pre dodanie<\/h5>\n<\/li>\n<\/ol>\n<p>V\u00fdberom sp\u00f4sobu dopravy d\u00e1va kupuj\u00faci s\u00fahlas pred\u00e1vaj\u00facemu na poskytnutie nutn\u00fdch osobn\u00fdch \u00fadajov (meno, adresa, e-mail, telef\u00f3nne \u010d\u00edslo) dopravcovi za \u00fa\u010delom bezprobl\u00e9mov\u00e9ho doru\u010denia tovaru.<\/p>","protected":false},"excerpt":{"rendered":"<p>PLATOBN\u00c9 PODMIENKY Platba prevodom Pri platbe prevodom na bankov\u00fd \u00fa\u010det uveden\u00fd vo fakt\u00fare je kupuj\u00faci povinn\u00fd zaplati\u0165 za tovar na z\u00e1klade vystavenej fakt\u00fary so splatnos\u0165ou 7 dn\u00ed. Tovar bude odoslan\u00fd po uhraden\u00ed celej fakturovanej sumy. &nbsp; DODACIE PODMIENKY Mo\u017enosti dodania Osobn\u00fd odber na pobo\u010dke. Dodanie prostredn\u00edctvom z\u00e1sielkovej slu\u017eby Packeta pre objedn\u00e1vky do 3000 \u20ac s [&hellip;]<\/p>\n","protected":false},"author":2,"featured_media":0,"parent":0,"menu_order":0,"comment_status":"closed","ping_status":"closed","template":"","meta":{"_acf_changed":false,"footnotes":""},"class_list":["post-125","page","type-page","status-publish","hentry"],"acf":[],"yoast_head":"<!-- This site is optimized with the Yoast SEO plugin v27.5 - https:\/\/yoast.com\/product\/yoast-seo-wordpress\/ -->\n<title>Doprava a platba - Beauty pr\u00edstroje<\/title>\n<meta name=\"robots\" content=\"index, follow, max-snippet:-1, max-image-preview:large, max-video-preview:-1\" \/>\n<link rel=\"canonical\" href=\"https:\/\/www.beautypristroje.sk\/en\/doprava-a-platba\/\" \/>\n<meta property=\"og:locale\" content=\"en_GB\" \/>\n<meta property=\"og:type\" content=\"article\" \/>\n<meta property=\"og:title\" content=\"Doprava a platba - Beauty pr\u00edstroje\" \/>\n<meta property=\"og:description\" content=\"PLATOBN\u00c9 PODMIENKY Platba prevodom Pri platbe prevodom na bankov\u00fd \u00fa\u010det uveden\u00fd vo fakt\u00fare je kupuj\u00faci povinn\u00fd zaplati\u0165 za tovar na z\u00e1klade vystavenej fakt\u00fary so splatnos\u0165ou 7 dn\u00ed. Tovar bude odoslan\u00fd po uhraden\u00ed celej fakturovanej sumy. &nbsp; DODACIE PODMIENKY Mo\u017enosti dodania Osobn\u00fd odber na pobo\u010dke. Dodanie prostredn\u00edctvom z\u00e1sielkovej slu\u017eby Packeta pre objedn\u00e1vky do 3000 \u20ac s [&hellip;]\" \/>\n<meta property=\"og:url\" content=\"https:\/\/www.beautypristroje.sk\/en\/doprava-a-platba\/\" \/>\n<meta property=\"og:site_name\" content=\"Beauty pr\u00edstroje\" \/>\n<meta property=\"article:modified_time\" content=\"2025-01-06T13:42:00+00:00\" \/>\n<meta name=\"twitter:card\" content=\"summary_large_image\" \/>\n<meta name=\"twitter:label1\" content=\"Estimated reading time\" \/>\n\t<meta name=\"twitter:data1\" content=\"1 minute\" \/>\n<script type=\"application\/ld+json\" class=\"yoast-schema-graph\">{\"@context\":\"https:\\\/\\\/schema.org\",\"@graph\":[{\"@type\":\"WebPage\",\"@id\":\"https:\\\/\\\/www.beautypristroje.sk\\\/doprava-a-platba\\\/\",\"url\":\"https:\\\/\\\/www.beautypristroje.sk\\\/doprava-a-platba\\\/\",\"name\":\"Doprava a platba - Beauty pr\u00edstroje\",\"isPartOf\":{\"@id\":\"https:\\\/\\\/www.beautypristroje.sk\\\/#website\"},\"datePublished\":\"2024-12-13T07:58:44+00:00\",\"dateModified\":\"2025-01-06T13:42:00+00:00\",\"breadcrumb\":{\"@id\":\"https:\\\/\\\/www.beautypristroje.sk\\\/doprava-a-platba\\\/#breadcrumb\"},\"inLanguage\":\"en-GB\",\"potentialAction\":[{\"@type\":\"ReadAction\",\"target\":[\"https:\\\/\\\/www.beautypristroje.sk\\\/doprava-a-platba\\\/\"]}]},{\"@type\":\"BreadcrumbList\",\"@id\":\"https:\\\/\\\/www.beautypristroje.sk\\\/doprava-a-platba\\\/#breadcrumb\",\"itemListElement\":[{\"@type\":\"ListItem\",\"position\":1,\"name\":\"Domovsk\u00e1 str\u00e1nka\",\"item\":\"https:\\\/\\\/www.beautypristroje.sk\\\/\"},{\"@type\":\"ListItem\",\"position\":2,\"name\":\"Doprava a platba\"}]},{\"@type\":\"WebSite\",\"@id\":\"https:\\\/\\\/www.beautypristroje.sk\\\/#website\",\"url\":\"https:\\\/\\\/www.beautypristroje.sk\\\/\",\"name\":\"Beauty pr\u00edstroje\",\"description\":\"Profesion\u00e1lne kozmetick\u00e9 pr\u00edstroje pre sal\u00f3ny a kliniky\",\"potentialAction\":[{\"@type\":\"SearchAction\",\"target\":{\"@type\":\"EntryPoint\",\"urlTemplate\":\"https:\\\/\\\/www.beautypristroje.sk\\\/?s={search_term_string}\"},\"query-input\":{\"@type\":\"PropertyValueSpecification\",\"valueRequired\":true,\"valueName\":\"search_term_string\"}}],\"inLanguage\":\"en-GB\"}]}<\/script>\n<!-- \/ Yoast SEO plugin. -->","yoast_head_json":{"title":"Doprava a platba - Beauty pr\u00edstroje","robots":{"index":"index","follow":"follow","max-snippet":"max-snippet:-1","max-image-preview":"max-image-preview:large","max-video-preview":"max-video-preview:-1"},"canonical":"https:\/\/www.beautypristroje.sk\/en\/doprava-a-platba\/","og_locale":"en_GB","og_type":"article","og_title":"Doprava a platba - Beauty pr\u00edstroje","og_description":"PLATOBN\u00c9 PODMIENKY Platba prevodom Pri platbe prevodom na bankov\u00fd \u00fa\u010det uveden\u00fd vo fakt\u00fare je kupuj\u00faci povinn\u00fd zaplati\u0165 za tovar na z\u00e1klade vystavenej fakt\u00fary so splatnos\u0165ou 7 dn\u00ed. Tovar bude odoslan\u00fd po uhraden\u00ed celej fakturovanej sumy. &nbsp; DODACIE PODMIENKY Mo\u017enosti dodania Osobn\u00fd odber na pobo\u010dke. Dodanie prostredn\u00edctvom z\u00e1sielkovej slu\u017eby Packeta pre objedn\u00e1vky do 3000 \u20ac s [&hellip;]","og_url":"https:\/\/www.beautypristroje.sk\/en\/doprava-a-platba\/","og_site_name":"Beauty pr\u00edstroje","article_modified_time":"2025-01-06T13:42:00+00:00","twitter_card":"summary_large_image","twitter_misc":{"Estimated reading time":"1 minute"},"schema":{"@context":"https:\/\/schema.org","@graph":[{"@type":"WebPage","@id":"https:\/\/www.beautypristroje.sk\/doprava-a-platba\/","url":"https:\/\/www.beautypristroje.sk\/doprava-a-platba\/","name":"Doprava a platba - Beauty pr\u00edstroje","isPartOf":{"@id":"https:\/\/www.beautypristroje.sk\/#website"},"datePublished":"2024-12-13T07:58:44+00:00","dateModified":"2025-01-06T13:42:00+00:00","breadcrumb":{"@id":"https:\/\/www.beautypristroje.sk\/doprava-a-platba\/#breadcrumb"},"inLanguage":"en-GB","potentialAction":[{"@type":"ReadAction","target":["https:\/\/www.beautypristroje.sk\/doprava-a-platba\/"]}]},{"@type":"BreadcrumbList","@id":"https:\/\/www.beautypristroje.sk\/doprava-a-platba\/#breadcrumb","itemListElement":[{"@type":"ListItem","position":1,"name":"Domovsk\u00e1 str\u00e1nka","item":"https:\/\/www.beautypristroje.sk\/"},{"@type":"ListItem","position":2,"name":"Doprava a platba"}]},{"@type":"WebSite","@id":"https:\/\/www.beautypristroje.sk\/#website","url":"https:\/\/www.beautypristroje.sk\/","name":"Beauty pr\u00edstroje","description":"Profesion\u00e1lne kozmetick\u00e9 pr\u00edstroje pre sal\u00f3ny a kliniky","potentialAction":[{"@type":"SearchAction","target":{"@type":"EntryPoint","urlTemplate":"https:\/\/www.beautypristroje.sk\/?s={search_term_string}"},"query-input":{"@type":"PropertyValueSpecification","valueRequired":true,"valueName":"search_term_string"}}],"inLanguage":"en-GB"}]}},"_links":{"self":[{"href":"https:\/\/www.beautypristroje.sk\/en\/wp-json\/wp\/v2\/pages\/125","targetHints":{"allow":["GET"]}}],"collection":[{"href":"https:\/\/www.beautypristroje.sk\/en\/wp-json\/wp\/v2\/pages"}],"about":[{"href":"https:\/\/www.beautypristroje.sk\/en\/wp-json\/wp\/v2\/types\/page"}],"author":[{"embeddable":true,"href":"https:\/\/www.beautypristroje.sk\/en\/wp-json\/wp\/v2\/users\/2"}],"replies":[{"embeddable":true,"href":"https:\/\/www.beautypristroje.sk\/en\/wp-json\/wp\/v2\/comments?post=125"}],"version-history":[{"count":0,"href":"https:\/\/www.beautypristroje.sk\/en\/wp-json\/wp\/v2\/pages\/125\/revisions"}],"wp:attachment":[{"href":"https:\/\/www.beautypristroje.sk\/en\/wp-json\/wp\/v2\/media?parent=125"}],"curies":[{"name":"wp","href":"https:\/\/api.w.org\/{rel}","templated":true}]}}