{"id":12,"date":"2024-12-06T15:12:31","date_gmt":"2024-12-06T14:12:31","guid":{"rendered":"https:\/\/www.beautypristroje.sk\/?page_id=12"},"modified":"2025-10-24T08:54:50","modified_gmt":"2025-10-24T06:54:50","slug":"moj-ucet","status":"publish","type":"page","link":"https:\/\/www.beautypristroje.sk\/en\/moj-ucet\/","title":{"rendered":"M\u00f4j \u00fa\u010det"},"content":{"rendered":"<div data-elementor-type=\"wp-page\" data-elementor-id=\"12\" class=\"elementor elementor-12\" wpc-filter-elementor-widget=\"1\" data-elementor-post-type=\"page\">\n\t\t\t\t\t\t<section class=\"elementor-section elementor-top-section elementor-element elementor-element-c9e2140 elementor-section-content-middle elementor-section-boxed elementor-section-height-default elementor-section-height-default\" data-id=\"c9e2140\" data-element_type=\"section\" data-e-type=\"section\" data-settings=\"{&quot;background_background&quot;:&quot;classic&quot;}\">\n\t\t\t\t\t\t\t<div class=\"elementor-background-overlay\"><\/div>\n\t\t\t\t\t\t\t<div class=\"elementor-container elementor-column-gap-default\">\n\t\t\t\t\t<div class=\"elementor-column elementor-col-100 elementor-top-column elementor-element elementor-element-79519d6\" data-id=\"79519d6\" data-element_type=\"column\" data-e-type=\"column\">\n\t\t\t<div class=\"elementor-widget-wrap elementor-element-populated\">\n\t\t\t\t\t\t<div class=\"elementor-element elementor-element-79442d7 elementor-widget elementor-widget-heading\" data-id=\"79442d7\" data-element_type=\"widget\" data-e-type=\"widget\" data-widget_type=\"heading.default\">\n\t\t\t\t\t<h1 class=\"elementor-heading-title elementor-size-default\">M\u00f4j \u00fa\u010det<\/h1>\t\t\t\t<\/div>\n\t\t\t\t\t<\/div>\n\t\t<\/div>\n\t\t\t\t\t<\/div>\n\t\t<\/section>\n\t\t<div class=\"elementor-element elementor-element-63b1a8e6 e-flex e-con-boxed e-con e-parent\" data-id=\"63b1a8e6\" data-element_type=\"container\" data-e-type=\"container\">\n\t\t\t\t\t<div class=\"e-con-inner\">\n\t\t\t\t<div class=\"elementor-element elementor-element-9ae14ee e-my-account-tabs-vertical elementor-widget elementor-widget-woocommerce-my-account\" data-id=\"9ae14ee\" data-element_type=\"widget\" data-e-type=\"widget\" data-widget_type=\"woocommerce-my-account.default\">\n\t\t\t\t\t<div class=\"e-my-account-tab e-my-account-tab__\">\t\t\t<div class=\"woocommerce\"><\/div>\t\t<\/div>\n\t\t\t\t\t\t<\/div>\n\t\t\t\t\t<\/div>\n\t\t\t\t<\/div>\n\t\t\t\t<\/div>","protected":false},"excerpt":{"rendered":"<p>M\u00f4j \u00fa\u010det N\u00e1stenka Objedn\u00e1vky Stiahnutia Adresy \u00dadaje o \u00fa\u010dte Odhl\u00e1si\u0165 sa Dobr\u00fd de\u0148 beautypristroje (nie ste beautypristroje? Odhl\u00e1si\u0165) Na n\u00e1stenke svojho \u00fa\u010dtu si m\u00f4\u017eete prezrie\u0165 svoje ned\u00e1vne objedn\u00e1vky, upravi\u0165 faktura\u010dn\u00e9 a doru\u010dovacie adresy a zmeni\u0165 svoje heslo a osobn\u00e9 inform\u00e1cie.<\/p>","protected":false},"author":2,"featured_media":0,"parent":0,"menu_order":0,"comment_status":"closed","ping_status":"closed","template":"","meta":{"_acf_changed":false,"footnotes":""},"class_list":["post-12","page","type-page","status-publish","hentry"],"acf":[],"yoast_head":"<!-- This site is optimized with the Yoast SEO plugin v27.5 - https:\/\/yoast.com\/product\/yoast-seo-wordpress\/ -->\n<title>M\u00f4j \u00fa\u010det - Beauty pr\u00edstroje<\/title>\n<meta name=\"robots\" content=\"index, follow, max-snippet:-1, max-image-preview:large, max-video-preview:-1\" \/>\n<link rel=\"canonical\" href=\"https:\/\/www.beautypristroje.sk\/en\/moj-ucet\/\" \/>\n<meta property=\"og:locale\" content=\"en_GB\" \/>\n<meta property=\"og:type\" content=\"article\" \/>\n<meta property=\"og:title\" content=\"M\u00f4j \u00fa\u010det - Beauty pr\u00edstroje\" \/>\n<meta property=\"og:description\" content=\"M\u00f4j \u00fa\u010det N\u00e1stenka Objedn\u00e1vky Stiahnutia Adresy \u00dadaje o \u00fa\u010dte Odhl\u00e1si\u0165 sa Dobr\u00fd de\u0148 beautypristroje (nie ste beautypristroje? Odhl\u00e1si\u0165) Na n\u00e1stenke svojho \u00fa\u010dtu si m\u00f4\u017eete prezrie\u0165 svoje ned\u00e1vne objedn\u00e1vky, upravi\u0165 faktura\u010dn\u00e9 a doru\u010dovacie adresy a zmeni\u0165 svoje heslo a osobn\u00e9 inform\u00e1cie.\" \/>\n<meta property=\"og:url\" content=\"https:\/\/www.beautypristroje.sk\/en\/moj-ucet\/\" \/>\n<meta property=\"og:site_name\" content=\"Beauty pr\u00edstroje\" \/>\n<meta property=\"article:modified_time\" content=\"2025-10-24T06:54:50+00:00\" \/>\n<meta name=\"twitter:card\" content=\"summary_large_image\" \/>\n<meta name=\"twitter:label1\" content=\"Estimated reading time\" \/>\n\t<meta name=\"twitter:data1\" content=\"2 minutes\" \/>\n<script type=\"application\/ld+json\" class=\"yoast-schema-graph\">{\"@context\":\"https:\\\/\\\/schema.org\",\"@graph\":[{\"@type\":\"WebPage\",\"@id\":\"https:\\\/\\\/www.beautypristroje.sk\\\/moj-ucet\\\/\",\"url\":\"https:\\\/\\\/www.beautypristroje.sk\\\/moj-ucet\\\/\",\"name\":\"M\u00f4j \u00fa\u010det - Beauty pr\u00edstroje\",\"isPartOf\":{\"@id\":\"https:\\\/\\\/www.beautypristroje.sk\\\/#website\"},\"datePublished\":\"2024-12-06T14:12:31+00:00\",\"dateModified\":\"2025-10-24T06:54:50+00:00\",\"breadcrumb\":{\"@id\":\"https:\\\/\\\/www.beautypristroje.sk\\\/moj-ucet\\\/#breadcrumb\"},\"inLanguage\":\"en-GB\",\"potentialAction\":[{\"@type\":\"ReadAction\",\"target\":[\"https:\\\/\\\/www.beautypristroje.sk\\\/moj-ucet\\\/\"]}]},{\"@type\":\"BreadcrumbList\",\"@id\":\"https:\\\/\\\/www.beautypristroje.sk\\\/moj-ucet\\\/#breadcrumb\",\"itemListElement\":[{\"@type\":\"ListItem\",\"position\":1,\"name\":\"Domovsk\u00e1 str\u00e1nka\",\"item\":\"https:\\\/\\\/www.beautypristroje.sk\\\/\"},{\"@type\":\"ListItem\",\"position\":2,\"name\":\"M\u00f4j \u00fa\u010det\"}]},{\"@type\":\"WebSite\",\"@id\":\"https:\\\/\\\/www.beautypristroje.sk\\\/#website\",\"url\":\"https:\\\/\\\/www.beautypristroje.sk\\\/\",\"name\":\"Beauty pr\u00edstroje\",\"description\":\"Profesion\u00e1lne kozmetick\u00e9 pr\u00edstroje pre sal\u00f3ny a kliniky\",\"potentialAction\":[{\"@type\":\"SearchAction\",\"target\":{\"@type\":\"EntryPoint\",\"urlTemplate\":\"https:\\\/\\\/www.beautypristroje.sk\\\/?s={search_term_string}\"},\"query-input\":{\"@type\":\"PropertyValueSpecification\",\"valueRequired\":true,\"valueName\":\"search_term_string\"}}],\"inLanguage\":\"en-GB\"}]}<\/script>\n<!-- \/ Yoast SEO plugin. -->","yoast_head_json":{"title":"M\u00f4j \u00fa\u010det - Beauty pr\u00edstroje","robots":{"index":"index","follow":"follow","max-snippet":"max-snippet:-1","max-image-preview":"max-image-preview:large","max-video-preview":"max-video-preview:-1"},"canonical":"https:\/\/www.beautypristroje.sk\/en\/moj-ucet\/","og_locale":"en_GB","og_type":"article","og_title":"M\u00f4j \u00fa\u010det - Beauty pr\u00edstroje","og_description":"M\u00f4j \u00fa\u010det N\u00e1stenka Objedn\u00e1vky Stiahnutia Adresy \u00dadaje o \u00fa\u010dte Odhl\u00e1si\u0165 sa Dobr\u00fd de\u0148 beautypristroje (nie ste beautypristroje? Odhl\u00e1si\u0165) Na n\u00e1stenke svojho \u00fa\u010dtu si m\u00f4\u017eete prezrie\u0165 svoje ned\u00e1vne objedn\u00e1vky, upravi\u0165 faktura\u010dn\u00e9 a doru\u010dovacie adresy a zmeni\u0165 svoje heslo a osobn\u00e9 inform\u00e1cie.","og_url":"https:\/\/www.beautypristroje.sk\/en\/moj-ucet\/","og_site_name":"Beauty pr\u00edstroje","article_modified_time":"2025-10-24T06:54:50+00:00","twitter_card":"summary_large_image","twitter_misc":{"Estimated reading time":"2 minutes"},"schema":{"@context":"https:\/\/schema.org","@graph":[{"@type":"WebPage","@id":"https:\/\/www.beautypristroje.sk\/moj-ucet\/","url":"https:\/\/www.beautypristroje.sk\/moj-ucet\/","name":"M\u00f4j \u00fa\u010det - Beauty pr\u00edstroje","isPartOf":{"@id":"https:\/\/www.beautypristroje.sk\/#website"},"datePublished":"2024-12-06T14:12:31+00:00","dateModified":"2025-10-24T06:54:50+00:00","breadcrumb":{"@id":"https:\/\/www.beautypristroje.sk\/moj-ucet\/#breadcrumb"},"inLanguage":"en-GB","potentialAction":[{"@type":"ReadAction","target":["https:\/\/www.beautypristroje.sk\/moj-ucet\/"]}]},{"@type":"BreadcrumbList","@id":"https:\/\/www.beautypristroje.sk\/moj-ucet\/#breadcrumb","itemListElement":[{"@type":"ListItem","position":1,"name":"Domovsk\u00e1 str\u00e1nka","item":"https:\/\/www.beautypristroje.sk\/"},{"@type":"ListItem","position":2,"name":"M\u00f4j \u00fa\u010det"}]},{"@type":"WebSite","@id":"https:\/\/www.beautypristroje.sk\/#website","url":"https:\/\/www.beautypristroje.sk\/","name":"Beauty pr\u00edstroje","description":"Profesion\u00e1lne kozmetick\u00e9 pr\u00edstroje pre sal\u00f3ny a kliniky","potentialAction":[{"@type":"SearchAction","target":{"@type":"EntryPoint","urlTemplate":"https:\/\/www.beautypristroje.sk\/?s={search_term_string}"},"query-input":{"@type":"PropertyValueSpecification","valueRequired":true,"valueName":"search_term_string"}}],"inLanguage":"en-GB"}]}},"_links":{"self":[{"href":"https:\/\/www.beautypristroje.sk\/en\/wp-json\/wp\/v2\/pages\/12","targetHints":{"allow":["GET"]}}],"collection":[{"href":"https:\/\/www.beautypristroje.sk\/en\/wp-json\/wp\/v2\/pages"}],"about":[{"href":"https:\/\/www.beautypristroje.sk\/en\/wp-json\/wp\/v2\/types\/page"}],"author":[{"embeddable":true,"href":"https:\/\/www.beautypristroje.sk\/en\/wp-json\/wp\/v2\/users\/2"}],"replies":[{"embeddable":true,"href":"https:\/\/www.beautypristroje.sk\/en\/wp-json\/wp\/v2\/comments?post=12"}],"version-history":[{"count":0,"href":"https:\/\/www.beautypristroje.sk\/en\/wp-json\/wp\/v2\/pages\/12\/revisions"}],"wp:attachment":[{"href":"https:\/\/www.beautypristroje.sk\/en\/wp-json\/wp\/v2\/media?parent=12"}],"curies":[{"name":"wp","href":"https:\/\/api.w.org\/{rel}","templated":true}]}}